{"id":1876,"date":"2016-06-30T15:54:32","date_gmt":"2016-06-30T15:54:32","guid":{"rendered":"http:\/\/alexbutor.hu\/vendeglatoibutor\/?page_id=1876"},"modified":"2019-04-09T12:38:36","modified_gmt":"2019-04-09T11:38:36","slug":"minositesek","status":"publish","type":"page","link":"https:\/\/alexbutor.hu\/informatika\/minositesek\/","title":{"rendered":"Min\u0151s\u00edt\u00e9sek"},"content":{"rendered":"<div class=\"row \">\n<div class=\"span12 \"><p>C\u00e9g\u00fcnk min\u0151s\u00e9gpolitik\u00e1ja a vev\u0151i ig\u00e9nyek \u00e1ltal meghat\u00e1rozott ig\u00e9nyszint marad\u00e9ktalan teljes\u00edt\u00e9s\u00e9t helyezi el\u0151t\u00e9rbe, melynek al\u00e1rendeli a teljes tervez\u00e9si, gy\u00e1rt\u00e1si \u00e9s ellen\u0151rz\u00e9si folyamatot, ide \u00e9rtve a kereskedelmi kiszolg\u00e1l\u00e1s adminisztr\u00e1ci\u00f3j\u00e1t is. Az ALEX F\u00e9mb\u00fator Kft. az MSZ EN ISO 9001:2015 szabv\u00e1ny szerinti min\u0151s\u00e9gir\u00e1ny\u00edt\u00e1si rendszernek megfelel\u0151en m\u0171k\u00f6dik, amelyet a e.com-CERT Kft. audit\u00e1lt \u00e9s tan\u00fas\u00edtott.<\/p>\n<div class=\"spacer\"><\/div><!-- .spacer (end) --><\/div>\n<div class=\"span2 \"><img loading=\"lazy\" decoding=\"async\" src=\"https:\/\/alexbutor.hu\/informatika\/wp-content\/uploads\/2018\/02\/Magyar_gyarto_emblema_COLOR-300x300.png\" alt=\"Magyar_gyarto_emblema_COLOR\" width=\"300\" height=\"300\" class=\"aligncenter size-medium wp-image-1852\" \/><div class=\"spacer\"><\/div><!-- .spacer (end) --><\/div><div class=\"span2 \"><img loading=\"lazy\" decoding=\"async\" src=\"https:\/\/alexbutor.hu\/informatika\/wp-content\/uploads\/2018\/02\/Alex_ecom_cert_logo_FINAL_100K-300x286.png\" alt=\"Alex_ecom_cert_logo_FINAL_100K\" width=\"300\" height=\"286\" class=\"aligncenter size-medium wp-image-1886\" \/><div class=\"spacer\"><\/div><!-- .spacer (end) --><\/div>\n<\/div><!-- .row (end) -->\n","protected":false},"excerpt":{"rendered":"","protected":false},"author":1,"featured_media":0,"parent":0,"menu_order":0,"comment_status":"closed","ping_status":"closed","template":"page-fullwidth.php","meta":{"footnotes":""},"class_list":["post-1876","page","type-page","status-publish","hentry"],"yoast_head":"<!-- This site is optimized with the Yoast SEO plugin v23.5 - https:\/\/yoast.com\/wordpress\/plugins\/seo\/ -->\n<title>Min\u0151s\u00edt\u00e9sek - Informatika<\/title>\n<meta name=\"description\" content=\"Az Alex F\u00e9mb\u00fator Kft. t\u00f6bb int 25 \u00e9ve k\u00e9pviseli a hazai b\u00fatorgy\u00e1rt\u00e1st, egyedi komplett int\u00e9zm\u00e9nyi b\u00fatoroz\u00e1si k\u00e9pess\u00e9ggel. ISO szabv\u00e1ny min\u0151s\u00edtett gy\u00e1rt\u00e1s.\" \/>\n<meta name=\"robots\" content=\"index, follow, max-snippet:-1, max-image-preview:large, max-video-preview:-1\" \/>\n<link rel=\"canonical\" href=\"https:\/\/alexbutor.hu\/informatika\/minositesek\/\" \/>\n<meta property=\"og:locale\" content=\"hu_HU\" \/>\n<meta property=\"og:type\" content=\"article\" \/>\n<meta property=\"og:title\" content=\"Min\u0151s\u00edt\u00e9sek - Informatika\" \/>\n<meta property=\"og:description\" content=\"Az Alex F\u00e9mb\u00fator Kft. t\u00f6bb int 25 \u00e9ve k\u00e9pviseli a hazai b\u00fatorgy\u00e1rt\u00e1st, egyedi komplett int\u00e9zm\u00e9nyi b\u00fatoroz\u00e1si k\u00e9pess\u00e9ggel. ISO szabv\u00e1ny min\u0151s\u00edtett gy\u00e1rt\u00e1s.\" \/>\n<meta property=\"og:url\" content=\"https:\/\/alexbutor.hu\/informatika\/minositesek\/\" \/>\n<meta property=\"og:site_name\" content=\"Informatika\" \/>\n<meta property=\"article:modified_time\" content=\"2019-04-09T11:38:36+00:00\" \/>\n<meta property=\"og:image\" content=\"https:\/\/alexbutor.hu\/informatika\/wp-content\/uploads\/2018\/02\/Magyar_gyarto_emblema_COLOR-300x300.png\" \/>\n<meta name=\"twitter:card\" content=\"summary_large_image\" \/>\n<meta name=\"twitter:label1\" content=\"Becs\u00fclt olvas\u00e1si id\u0151\" \/>\n\t<meta name=\"twitter:data1\" content=\"1 perc\" \/>\n<script type=\"application\/ld+json\" class=\"yoast-schema-graph\">{\"@context\":\"https:\/\/schema.org\",\"@graph\":[{\"@type\":\"WebPage\",\"@id\":\"https:\/\/alexbutor.hu\/informatika\/minositesek\/\",\"url\":\"https:\/\/alexbutor.hu\/informatika\/minositesek\/\",\"name\":\"Min\u0151s\u00edt\u00e9sek - Informatika\",\"isPartOf\":{\"@id\":\"https:\/\/alexbutor.hu\/informatika\/#website\"},\"primaryImageOfPage\":{\"@id\":\"https:\/\/alexbutor.hu\/informatika\/minositesek\/#primaryimage\"},\"image\":{\"@id\":\"https:\/\/alexbutor.hu\/informatika\/minositesek\/#primaryimage\"},\"thumbnailUrl\":\"https:\/\/alexbutor.hu\/informatika\/wp-content\/uploads\/2018\/02\/Magyar_gyarto_emblema_COLOR-300x300.png\",\"datePublished\":\"2016-06-30T15:54:32+00:00\",\"dateModified\":\"2019-04-09T11:38:36+00:00\",\"description\":\"Az Alex F\u00e9mb\u00fator Kft. t\u00f6bb int 25 \u00e9ve k\u00e9pviseli a hazai b\u00fatorgy\u00e1rt\u00e1st, egyedi komplett int\u00e9zm\u00e9nyi b\u00fatoroz\u00e1si k\u00e9pess\u00e9ggel. ISO szabv\u00e1ny min\u0151s\u00edtett gy\u00e1rt\u00e1s.\",\"breadcrumb\":{\"@id\":\"https:\/\/alexbutor.hu\/informatika\/minositesek\/#breadcrumb\"},\"inLanguage\":\"hu\",\"potentialAction\":[{\"@type\":\"ReadAction\",\"target\":[\"https:\/\/alexbutor.hu\/informatika\/minositesek\/\"]}]},{\"@type\":\"ImageObject\",\"inLanguage\":\"hu\",\"@id\":\"https:\/\/alexbutor.hu\/informatika\/minositesek\/#primaryimage\",\"url\":\"https:\/\/alexbutor.hu\/informatika\/wp-content\/uploads\/2018\/02\/Magyar_gyarto_emblema_COLOR-300x300.png\",\"contentUrl\":\"https:\/\/alexbutor.hu\/informatika\/wp-content\/uploads\/2018\/02\/Magyar_gyarto_emblema_COLOR-300x300.png\"},{\"@type\":\"BreadcrumbList\",\"@id\":\"https:\/\/alexbutor.hu\/informatika\/minositesek\/#breadcrumb\",\"itemListElement\":[{\"@type\":\"ListItem\",\"position\":1,\"name\":\"Home\",\"item\":\"https:\/\/alexbutor.hu\/informatika\/\"},{\"@type\":\"ListItem\",\"position\":2,\"name\":\"Min\u0151s\u00edt\u00e9sek\"}]},{\"@type\":\"WebSite\",\"@id\":\"https:\/\/alexbutor.hu\/informatika\/#website\",\"url\":\"https:\/\/alexbutor.hu\/informatika\/\",\"name\":\"Informatika\",\"description\":\"Minden t\u00e9rben megold\u00e1s\",\"potentialAction\":[{\"@type\":\"SearchAction\",\"target\":{\"@type\":\"EntryPoint\",\"urlTemplate\":\"https:\/\/alexbutor.hu\/informatika\/?s={search_term_string}\"},\"query-input\":{\"@type\":\"PropertyValueSpecification\",\"valueRequired\":true,\"valueName\":\"search_term_string\"}}],\"inLanguage\":\"hu\"}]}<\/script>\n<!-- \/ Yoast SEO plugin. -->","yoast_head_json":{"title":"Min\u0151s\u00edt\u00e9sek - Informatika","description":"Az Alex F\u00e9mb\u00fator Kft. t\u00f6bb int 25 \u00e9ve k\u00e9pviseli a hazai b\u00fatorgy\u00e1rt\u00e1st, egyedi komplett int\u00e9zm\u00e9nyi b\u00fatoroz\u00e1si k\u00e9pess\u00e9ggel. ISO szabv\u00e1ny min\u0151s\u00edtett gy\u00e1rt\u00e1s.","robots":{"index":"index","follow":"follow","max-snippet":"max-snippet:-1","max-image-preview":"max-image-preview:large","max-video-preview":"max-video-preview:-1"},"canonical":"https:\/\/alexbutor.hu\/informatika\/minositesek\/","og_locale":"hu_HU","og_type":"article","og_title":"Min\u0151s\u00edt\u00e9sek - Informatika","og_description":"Az Alex F\u00e9mb\u00fator Kft. t\u00f6bb int 25 \u00e9ve k\u00e9pviseli a hazai b\u00fatorgy\u00e1rt\u00e1st, egyedi komplett int\u00e9zm\u00e9nyi b\u00fatoroz\u00e1si k\u00e9pess\u00e9ggel. ISO szabv\u00e1ny min\u0151s\u00edtett gy\u00e1rt\u00e1s.","og_url":"https:\/\/alexbutor.hu\/informatika\/minositesek\/","og_site_name":"Informatika","article_modified_time":"2019-04-09T11:38:36+00:00","og_image":[{"url":"https:\/\/alexbutor.hu\/informatika\/wp-content\/uploads\/2018\/02\/Magyar_gyarto_emblema_COLOR-300x300.png"}],"twitter_card":"summary_large_image","twitter_misc":{"Becs\u00fclt olvas\u00e1si id\u0151":"1 perc"},"schema":{"@context":"https:\/\/schema.org","@graph":[{"@type":"WebPage","@id":"https:\/\/alexbutor.hu\/informatika\/minositesek\/","url":"https:\/\/alexbutor.hu\/informatika\/minositesek\/","name":"Min\u0151s\u00edt\u00e9sek - Informatika","isPartOf":{"@id":"https:\/\/alexbutor.hu\/informatika\/#website"},"primaryImageOfPage":{"@id":"https:\/\/alexbutor.hu\/informatika\/minositesek\/#primaryimage"},"image":{"@id":"https:\/\/alexbutor.hu\/informatika\/minositesek\/#primaryimage"},"thumbnailUrl":"https:\/\/alexbutor.hu\/informatika\/wp-content\/uploads\/2018\/02\/Magyar_gyarto_emblema_COLOR-300x300.png","datePublished":"2016-06-30T15:54:32+00:00","dateModified":"2019-04-09T11:38:36+00:00","description":"Az Alex F\u00e9mb\u00fator Kft. t\u00f6bb int 25 \u00e9ve k\u00e9pviseli a hazai b\u00fatorgy\u00e1rt\u00e1st, egyedi komplett int\u00e9zm\u00e9nyi b\u00fatoroz\u00e1si k\u00e9pess\u00e9ggel. ISO szabv\u00e1ny min\u0151s\u00edtett gy\u00e1rt\u00e1s.","breadcrumb":{"@id":"https:\/\/alexbutor.hu\/informatika\/minositesek\/#breadcrumb"},"inLanguage":"hu","potentialAction":[{"@type":"ReadAction","target":["https:\/\/alexbutor.hu\/informatika\/minositesek\/"]}]},{"@type":"ImageObject","inLanguage":"hu","@id":"https:\/\/alexbutor.hu\/informatika\/minositesek\/#primaryimage","url":"https:\/\/alexbutor.hu\/informatika\/wp-content\/uploads\/2018\/02\/Magyar_gyarto_emblema_COLOR-300x300.png","contentUrl":"https:\/\/alexbutor.hu\/informatika\/wp-content\/uploads\/2018\/02\/Magyar_gyarto_emblema_COLOR-300x300.png"},{"@type":"BreadcrumbList","@id":"https:\/\/alexbutor.hu\/informatika\/minositesek\/#breadcrumb","itemListElement":[{"@type":"ListItem","position":1,"name":"Home","item":"https:\/\/alexbutor.hu\/informatika\/"},{"@type":"ListItem","position":2,"name":"Min\u0151s\u00edt\u00e9sek"}]},{"@type":"WebSite","@id":"https:\/\/alexbutor.hu\/informatika\/#website","url":"https:\/\/alexbutor.hu\/informatika\/","name":"Informatika","description":"Minden t\u00e9rben megold\u00e1s","potentialAction":[{"@type":"SearchAction","target":{"@type":"EntryPoint","urlTemplate":"https:\/\/alexbutor.hu\/informatika\/?s={search_term_string}"},"query-input":{"@type":"PropertyValueSpecification","valueRequired":true,"valueName":"search_term_string"}}],"inLanguage":"hu"}]}},"_links":{"self":[{"href":"https:\/\/alexbutor.hu\/informatika\/wp-json\/wp\/v2\/pages\/1876"}],"collection":[{"href":"https:\/\/alexbutor.hu\/informatika\/wp-json\/wp\/v2\/pages"}],"about":[{"href":"https:\/\/alexbutor.hu\/informatika\/wp-json\/wp\/v2\/types\/page"}],"author":[{"embeddable":true,"href":"https:\/\/alexbutor.hu\/informatika\/wp-json\/wp\/v2\/users\/1"}],"replies":[{"embeddable":true,"href":"https:\/\/alexbutor.hu\/informatika\/wp-json\/wp\/v2\/comments?post=1876"}],"version-history":[{"count":0,"href":"https:\/\/alexbutor.hu\/informatika\/wp-json\/wp\/v2\/pages\/1876\/revisions"}],"wp:attachment":[{"href":"https:\/\/alexbutor.hu\/informatika\/wp-json\/wp\/v2\/media?parent=1876"}],"curies":[{"name":"wp","href":"https:\/\/api.w.org\/{rel}","templated":true}]}}