{"id":21,"date":"2016-06-08T07:58:50","date_gmt":"2016-06-08T07:58:50","guid":{"rendered":"http:\/\/alexbutor.hu\/vendeglatoibutor\/?page_id=19"},"modified":"2025-11-25T15:30:25","modified_gmt":"2025-11-25T14:30:25","slug":"kapcsolat","status":"publish","type":"page","link":"https:\/\/alexbutor.hu\/informatika\/kapcsolat\/","title":{"rendered":"Kapcsolat"},"content":{"rendered":"<div class=\"row \">\n<div class=\"span4 \"><h3>El\u00e9rhet\u0151s\u00e9geink<\/h3>\n<h4><strong>ALEX B\u00daTOR KFT.<br \/>\n2072 Zs\u00e1mb\u00e9k, Magyar u. 21-23.<\/strong><\/h4>\n<p><strong>Ad\u00f3sz\u00e1m:<\/strong> 11893389-2-13<br \/>\n<strong>C\u00e9gjegyz\u00e9ksz\u00e1m:<\/strong> 13-09-083009<\/p>\n<div class=\"address-title-column\"><strong>E-mail:<\/strong><br \/>\n<strong>Telefon:<\/strong><\/p>\n<p><strong>Fax:<\/strong><\/div>\n<div class=\"address-data-column\"><a class=\"alex-contact-mail\" href=\"mailto:info@alexbutor.hu\">info@alexbutor.hu<\/a><br \/>\n+36 23\/341-356<br \/>\n+36 20\/341-33-33<br \/>\n+36 23\/565-088<\/div>\n<p><a href=\"http:\/\/www.alexbutor.hu\" target=\"_blank\" rel=\"noopener noreferrer\"><img loading=\"lazy\" decoding=\"async\" class=\"size-thumbnail wp-image-1852\" src=\"https:\/\/alexbutor.hu\/vendeglatoibutor\/wp-content\/uploads\/2016\/06\/Magyar_gyarto_emblema_COLOR-150x150.png\" alt=\"Magyar_gyarto_emblema_COLOR\" width=\"150\" height=\"150\" \/><\/a><br \/><\/div>\n<div class=\"span8 \"><h3>Kapcsolati \u0171rlap<\/h3>\n\n<div class=\"wpcf7 no-js\" id=\"wpcf7-f16685-o1\" lang=\"hu-HU\" dir=\"ltr\">\n<div class=\"screen-reader-response\"><p role=\"status\" aria-live=\"polite\" aria-atomic=\"true\"><\/p> <ul><\/ul><\/div>\n<form action=\"\/informatika\/wp-json\/wp\/v2\/pages\/21#wpcf7-f16685-o1\" method=\"post\" class=\"wpcf7-form init\" aria-label=\"Kapcsolatfelv\u00e9teli \u0171rlap\" novalidate=\"novalidate\" data-status=\"init\">\n<div style=\"display: none;\">\n<input type=\"hidden\" name=\"_wpcf7\" value=\"16685\" \/>\n<input type=\"hidden\" name=\"_wpcf7_version\" value=\"5.9.8\" \/>\n<input type=\"hidden\" name=\"_wpcf7_locale\" value=\"hu_HU\" \/>\n<input type=\"hidden\" name=\"_wpcf7_unit_tag\" value=\"wpcf7-f16685-o1\" \/>\n<input type=\"hidden\" name=\"_wpcf7_container_post\" value=\"0\" \/>\n<input type=\"hidden\" name=\"_wpcf7_posted_data_hash\" value=\"\" \/>\n<\/div>\n<div class=\"row-fluid\">\n<p class=\"span6 field\"><span class=\"wpcf7-form-control-wrap\" data-name=\"your-name\"><input size=\"40\" maxlength=\"400\" class=\"wpcf7-form-control wpcf7-text wpcf7-validates-as-required\" aria-required=\"true\" aria-invalid=\"false\" placeholder=\"N\u00e9v \/ C\u00e9gn\u00e9v:\" value=\"\" type=\"text\" name=\"your-name\" \/><\/span> <\/p>\n<p class=\"span6 field\"><span class=\"wpcf7-form-control-wrap\" data-name=\"your-email\"><input size=\"40\" maxlength=\"400\" class=\"wpcf7-form-control wpcf7-email wpcf7-validates-as-required wpcf7-text wpcf7-validates-as-email\" aria-required=\"true\" aria-invalid=\"false\" placeholder=\"E-mail:\" value=\"\" type=\"email\" name=\"your-email\" \/><\/span> <\/p>\n<p class=\"span6 field\" style=\"margin-left: 0;\"><span class=\"wpcf7-form-control-wrap\" data-name=\"text-217\"><input size=\"40\" maxlength=\"400\" class=\"wpcf7-form-control wpcf7-text\" aria-invalid=\"false\" placeholder=\"Telefon:\" value=\"\" type=\"text\" name=\"text-217\" \/><\/span> <\/p>\n<p class=\"span6 field\"><span class=\"wpcf7-form-control-wrap\" data-name=\"text-697\"><input size=\"40\" maxlength=\"400\" class=\"wpcf7-form-control wpcf7-text\" aria-invalid=\"false\" placeholder=\"Ad\u00f3sz\u00e1m\/Ad\u00f3azonos\u00edt\u00f3 jel:\" value=\"\" type=\"text\" name=\"text-697\" \/><\/span> <\/p>\n<\/div>\n<p class=\"field\"><span class=\"wpcf7-form-control-wrap\" data-name=\"your-message\"><textarea cols=\"40\" rows=\"10\" maxlength=\"2000\" class=\"wpcf7-form-control wpcf7-textarea\" aria-invalid=\"false\" placeholder=\"Sz\u00f6veg:\" name=\"your-message\"><\/textarea><\/span> <\/p>\n<div class=\"kapcsolatgdpr-h\">\n<div class=\"kapcsolatgdpr-1\"><span class=\"wpcf7-form-control-wrap\" data-name=\"acceptance-997\"><span class=\"wpcf7-form-control wpcf7-acceptance\"><span class=\"wpcf7-list-item\"><input type=\"checkbox\" name=\"acceptance-997\" value=\"1\" aria-invalid=\"false\" \/><\/span><\/span><\/span><label for=\"acceptance-997-1\"><span class=\"addthetick\"><\/span><p class=\"gdpr-textafterb\">Elolvastam \u00e9s magamra n\u00e9zve k\u00f6telez\u0151nek ismerem el az <a href=\"https:\/\/alexbutor.hu\/assets\/alex_fembutor_aszf2015.pdf\" target=\"_blank\">\u00c1SZF-et<\/a>. Megismertem az <a href=\"https:\/\/alexbutor.hu\/assets\/alex_fembutor_kft.-adatkezelesi_tajekoztato.pdf\" target=\"_blank\">Adatv\u00e9delmi \u00e9s Cookie szab\u00e1lyzatot<\/a>, t\u00e1j\u00e9koztat\u00e1st kaptam a szem\u00e9lyes adataim kezel\u00e9s\u00e9r\u0151l \u00e9s az adatkezel\u00e9shez kapcsol\u00f3d\u00f3 jogaim gyakorl\u00e1s\u00e1r\u00f3l.<\/p><\/div>\n<div class=\"kapcsolatgdpr-2\"><span class=\"wpcf7-form-control-wrap\" data-name=\"acceptance-555\"><span class=\"wpcf7-form-control wpcf7-acceptance optional\"><span class=\"wpcf7-list-item\"><input type=\"checkbox\" name=\"acceptance-555\" value=\"1\" aria-invalid=\"false\" \/><\/span><\/span><\/span><label for=\"acceptance-555-1\"><span class=\"addthetick\"><\/span><p class=\"gdpr-textafterb\">Hozz\u00e1j\u00e1rulok, hogy az Alex F\u00e9mb\u00fator Kft. felhaszn\u00e1lja az \u00e1ltalan megadott adatokat annak \u00e9rdek\u00e9ben, hogy e-mail, h\u00edrlev\u00e9l, online marketing valamint postai \u00faton terjesztett tartalmakkal kereshessen meg engem.<\/p><\/div>\n<\/div>\n<p class=\"submit-wrap\"><input type=\"reset\" value=\"T\u00f6rl\u00e9s\" class=\"btn btn-primary\" \/><input class=\"wpcf7-form-control wpcf7-submit has-spinner btn btn-primary\" type=\"submit\" value=\"K\u00fcld\u00e9s\" \/><\/p><p style=\"display: none !important;\" class=\"akismet-fields-container\" data-prefix=\"_wpcf7_ak_\"><label>&#916;<textarea name=\"_wpcf7_ak_hp_textarea\" cols=\"45\" rows=\"8\" maxlength=\"100\"><\/textarea><\/label><input type=\"hidden\" id=\"ak_js_1\" name=\"_wpcf7_ak_js\" value=\"142\"\/><script>document.getElementById( \"ak_js_1\" ).setAttribute( \"value\", ( new Date() ).getTime() );<\/script><\/p><input type='hidden' class='wpcf7-pum' value='{\"closepopup\":false,\"closedelay\":0,\"openpopup\":false,\"openpopup_id\":0}' \/><div class=\"wpcf7-response-output\" aria-hidden=\"true\"><\/div>\n<\/form>\n<\/div>\n<\/div>\n<div class=\"spacer\"><\/div><!-- .spacer (end) -->\n<\/div><!-- .row (end) -->\n<div class=\"spacer\"><\/div><!-- .spacer (end) -->\n<div class=\"row \">\n<div class=\"span12 \"><div class=\"fo-kepviselo\">\n<h3>\u00dczlet\u00e1g vezet\u0151<\/h3>\n<p><img loading=\"lazy\" decoding=\"async\" class=\"size-full wp-image-1680\" src=\"https:\/\/alexbutor.hu\/informatika\/wp-content\/uploads\/2018\/02\/MAN_silhouette.jpg\" alt=\"Bors Attila\" width=\"140\" height=\"200\" \/><\/p>\n<h4>Bors Attila<\/h4>\n<p><strong>Telefon:<\/strong> +36 20\/263-1103<br \/>\n<strong>E-mail:<\/strong> <a class=\"alex-contact-mail\" href=\"mailto:bors.attila@alexbutor.hu\">bors.attila@alexbutor.hu<\/a><\/p>\n<p>infokommunik\u00e1ci\u00f3s \u00e9s interakt\u00edv eszk\u00f6z\u00f6k,<br \/>\nvizu\u00e1ltechnika, hangtechnika<\/p>\n<\/div>\n<div class=\"t-kepviselok\">\n<h3>Ter\u00fcleti k\u00e9pvisel\u0151k<\/h3>\n<div class=\"kepviselo\"><img loading=\"lazy\" decoding=\"async\" class=\"size-full wp-image-1679\" src=\"https:\/\/alexbutor.hu\/vendeglatoibutor\/wp-content\/uploads\/2016\/06\/gyenes_szabolcs_arckep_final_140x200px.jpg\" alt=\"gyenes_szabolcs_arckep_final_140x200px\" width=\"140\" height=\"200\" \/><\/p>\n<h4>Gyenes Szabolcs<\/h4>\n<p>+36 20\/573-1722<br \/>\n<a class=\"alex-contact-mail\" href=\"mailto:gyenes.szabolcs@alexbutor.hu\">gyenes.szabolcs@alexbutor.hu<\/a><\/p>\n<p>B\u00e1cs-Kiskun megye, B\u00e9k\u00e9s megye, Borsod-Aba\u00faj-Zempl\u00e9n megye, Csongr\u00e1d megye, Hajd\u00fa-Bihar megye, Heves megye, J\u00e1sz-Nagykun-Szolnok megye, N\u00f3gr\u00e1d megye, Szabolcs-Szatm\u00e1r-Bereg megye<\/p>\n<\/div>\n<div class=\"kepviselo\"><img loading=\"lazy\" decoding=\"async\" class=\"size-full wp-image-1682\" src=\"https:\/\/alexbutor.hu\/vendeglatoibutor\/wp-content\/uploads\/2016\/06\/szegedi_laszlo_arckep_final_140x200px.jpg\" alt=\"Szegedi L\u00e1szl\u00f3\" width=\"140\" height=\"200\" \/><\/p>\n<h4>Szegedi L\u00e1szl\u00f3<\/h4>\n<p>+36 20\/314-2087<br \/>\n<a class=\"alex-contact-mail\" href=\"mailto:szegedi.laszlo@alexbutor.hu\">szegedi.laszlo@alexbutor.hu<\/a><\/p>\n<p>Pest megye,<br \/>\nBudapest<\/p>\n<\/div>\n<div class=\"kepviselo\">\n<p><img loading=\"lazy\" decoding=\"async\" class=\"size-full wp-image-1682\" src=\"https:\/\/alexbutor.hu\/utcabutor\/wp-content\/uploads\/2017\/12\/MAN_silhouette.jpg\" alt=\"\" width=\"140\" height=\"200\" \/><\/p>\n<h4><\/h4>\n<p>+36 20\/239-8356<br \/>\n<a class=\"alex-contact-mail\" href=\"mailto:nyugatmo@alexbutor.hu\">nyugatmo@alexbutor.hu<\/a><\/p>\n<p>Baranya megye, Fej\u00e9r megye, Gy\u0151r-Moson-Sopron megye,<br \/>\nKom\u00e1rom-Esztergom megye, Somogy megye,<br \/>\nTolna megye, Vas megye<\/p>\n<\/div>\n<\/div><\/div>\n<div class=\"spacer\"><\/div><!-- .spacer (end) -->\n<\/div><!-- .row (end) -->\n<div class=\"row \">\n<div class=\"span12 \">\n<section class=\"lazy-load-box effect-zoomin\" data-delay=\"200\" data-speed=\"1200\" style=\"transition: all 1200ms ease; opacity: 1;\">\n<ul class=\"recent-posts-cust banner_list unstyled\" style=\"margin-bottom: -8px;\"><iframe loading=\"lazy\" style=\"border: 0;\" src=\"https:\/\/www.google.com\/maps\/embed?pb=!1m14!1m8!1m3!1d10772.355492667077!2d18.719831!3d47.546599!3m2!1i1024!2i768!4f13.1!3m3!1m2!1s0x0%3A0x1202daf2a839c470!2zQWxleCBGw6ltYsO6dG9yIEtmdC4!5e0!3m2!1shu!2shu!4v1467121613881\" width=\"1920\" height=\"600\" frameborder=\"0\" allowfullscreen=\"allowfullscreen\"><\/iframe><\/ul>\n<\/section>\n<\/div>\n<\/div>\n","protected":false},"excerpt":{"rendered":"","protected":false},"author":1,"featured_media":0,"parent":0,"menu_order":0,"comment_status":"closed","ping_status":"closed","template":"page-fullwidth.php","meta":{"footnotes":""},"class_list":["post-21","page","type-page","status-publish","hentry"],"yoast_head":"<!-- This site is optimized with the Yoast SEO plugin v23.5 - https:\/\/yoast.com\/wordpress\/plugins\/seo\/ -->\n<title>Kapcsolat - Informatika<\/title>\n<meta name=\"description\" content=\"HORECA aj\u00e1nlatk\u00e9r\u00e9ssel \u00e9s k\u00e9rd\u00e9seivel keressen minket bizalommal. T\u00f6bb mint 25 \u00e9ves b\u00fatorgy\u00e1rt\u00f3 tapasztalattal seg\u00edt\u00fcnk elk\u00e9pzel\u00e9sei megval\u00f3s\u00edt\u00e1s\u00e1ban.\" \/>\n<meta name=\"robots\" content=\"index, follow, max-snippet:-1, max-image-preview:large, max-video-preview:-1\" \/>\n<link rel=\"canonical\" href=\"https:\/\/alexbutor.hu\/informatika\/kapcsolat\/\" \/>\n<meta property=\"og:locale\" content=\"hu_HU\" \/>\n<meta property=\"og:type\" content=\"article\" \/>\n<meta property=\"og:title\" content=\"Kapcsolat - Informatika\" \/>\n<meta property=\"og:description\" content=\"HORECA aj\u00e1nlatk\u00e9r\u00e9ssel \u00e9s k\u00e9rd\u00e9seivel keressen minket bizalommal. T\u00f6bb mint 25 \u00e9ves b\u00fatorgy\u00e1rt\u00f3 tapasztalattal seg\u00edt\u00fcnk elk\u00e9pzel\u00e9sei megval\u00f3s\u00edt\u00e1s\u00e1ban.\" \/>\n<meta property=\"og:url\" content=\"https:\/\/alexbutor.hu\/informatika\/kapcsolat\/\" \/>\n<meta property=\"og:site_name\" content=\"Informatika\" \/>\n<meta property=\"article:modified_time\" content=\"2025-11-25T14:30:25+00:00\" \/>\n<meta property=\"og:image\" content=\"https:\/\/alexbutor.hu\/vendeglatoibutor\/wp-content\/uploads\/2016\/06\/Magyar_gyarto_emblema_COLOR-150x150.png\" \/>\n<meta name=\"twitter:card\" content=\"summary_large_image\" \/>\n<meta name=\"twitter:label1\" content=\"Becs\u00fclt olvas\u00e1si id\u0151\" \/>\n\t<meta name=\"twitter:data1\" content=\"2 perc\" \/>\n<script type=\"application\/ld+json\" class=\"yoast-schema-graph\">{\"@context\":\"https:\/\/schema.org\",\"@graph\":[{\"@type\":\"WebPage\",\"@id\":\"https:\/\/alexbutor.hu\/informatika\/kapcsolat\/\",\"url\":\"https:\/\/alexbutor.hu\/informatika\/kapcsolat\/\",\"name\":\"Kapcsolat - Informatika\",\"isPartOf\":{\"@id\":\"https:\/\/alexbutor.hu\/informatika\/#website\"},\"primaryImageOfPage\":{\"@id\":\"https:\/\/alexbutor.hu\/informatika\/kapcsolat\/#primaryimage\"},\"image\":{\"@id\":\"https:\/\/alexbutor.hu\/informatika\/kapcsolat\/#primaryimage\"},\"thumbnailUrl\":\"https:\/\/alexbutor.hu\/vendeglatoibutor\/wp-content\/uploads\/2016\/06\/Magyar_gyarto_emblema_COLOR-150x150.png\",\"datePublished\":\"2016-06-08T07:58:50+00:00\",\"dateModified\":\"2025-11-25T14:30:25+00:00\",\"description\":\"HORECA aj\u00e1nlatk\u00e9r\u00e9ssel \u00e9s k\u00e9rd\u00e9seivel keressen minket bizalommal. T\u00f6bb mint 25 \u00e9ves b\u00fatorgy\u00e1rt\u00f3 tapasztalattal seg\u00edt\u00fcnk elk\u00e9pzel\u00e9sei megval\u00f3s\u00edt\u00e1s\u00e1ban.\",\"breadcrumb\":{\"@id\":\"https:\/\/alexbutor.hu\/informatika\/kapcsolat\/#breadcrumb\"},\"inLanguage\":\"hu\",\"potentialAction\":[{\"@type\":\"ReadAction\",\"target\":[\"https:\/\/alexbutor.hu\/informatika\/kapcsolat\/\"]}]},{\"@type\":\"ImageObject\",\"inLanguage\":\"hu\",\"@id\":\"https:\/\/alexbutor.hu\/informatika\/kapcsolat\/#primaryimage\",\"url\":\"https:\/\/alexbutor.hu\/vendeglatoibutor\/wp-content\/uploads\/2016\/06\/Magyar_gyarto_emblema_COLOR-150x150.png\",\"contentUrl\":\"https:\/\/alexbutor.hu\/vendeglatoibutor\/wp-content\/uploads\/2016\/06\/Magyar_gyarto_emblema_COLOR-150x150.png\"},{\"@type\":\"BreadcrumbList\",\"@id\":\"https:\/\/alexbutor.hu\/informatika\/kapcsolat\/#breadcrumb\",\"itemListElement\":[{\"@type\":\"ListItem\",\"position\":1,\"name\":\"Home\",\"item\":\"https:\/\/alexbutor.hu\/informatika\/\"},{\"@type\":\"ListItem\",\"position\":2,\"name\":\"Kapcsolat\"}]},{\"@type\":\"WebSite\",\"@id\":\"https:\/\/alexbutor.hu\/informatika\/#website\",\"url\":\"https:\/\/alexbutor.hu\/informatika\/\",\"name\":\"Informatika\",\"description\":\"Minden t\u00e9rben megold\u00e1s\",\"potentialAction\":[{\"@type\":\"SearchAction\",\"target\":{\"@type\":\"EntryPoint\",\"urlTemplate\":\"https:\/\/alexbutor.hu\/informatika\/?s={search_term_string}\"},\"query-input\":{\"@type\":\"PropertyValueSpecification\",\"valueRequired\":true,\"valueName\":\"search_term_string\"}}],\"inLanguage\":\"hu\"}]}<\/script>\n<!-- \/ Yoast SEO plugin. -->","yoast_head_json":{"title":"Kapcsolat - Informatika","description":"HORECA aj\u00e1nlatk\u00e9r\u00e9ssel \u00e9s k\u00e9rd\u00e9seivel keressen minket bizalommal. T\u00f6bb mint 25 \u00e9ves b\u00fatorgy\u00e1rt\u00f3 tapasztalattal seg\u00edt\u00fcnk elk\u00e9pzel\u00e9sei megval\u00f3s\u00edt\u00e1s\u00e1ban.","robots":{"index":"index","follow":"follow","max-snippet":"max-snippet:-1","max-image-preview":"max-image-preview:large","max-video-preview":"max-video-preview:-1"},"canonical":"https:\/\/alexbutor.hu\/informatika\/kapcsolat\/","og_locale":"hu_HU","og_type":"article","og_title":"Kapcsolat - Informatika","og_description":"HORECA aj\u00e1nlatk\u00e9r\u00e9ssel \u00e9s k\u00e9rd\u00e9seivel keressen minket bizalommal. T\u00f6bb mint 25 \u00e9ves b\u00fatorgy\u00e1rt\u00f3 tapasztalattal seg\u00edt\u00fcnk elk\u00e9pzel\u00e9sei megval\u00f3s\u00edt\u00e1s\u00e1ban.","og_url":"https:\/\/alexbutor.hu\/informatika\/kapcsolat\/","og_site_name":"Informatika","article_modified_time":"2025-11-25T14:30:25+00:00","og_image":[{"url":"https:\/\/alexbutor.hu\/vendeglatoibutor\/wp-content\/uploads\/2016\/06\/Magyar_gyarto_emblema_COLOR-150x150.png"}],"twitter_card":"summary_large_image","twitter_misc":{"Becs\u00fclt olvas\u00e1si id\u0151":"2 perc"},"schema":{"@context":"https:\/\/schema.org","@graph":[{"@type":"WebPage","@id":"https:\/\/alexbutor.hu\/informatika\/kapcsolat\/","url":"https:\/\/alexbutor.hu\/informatika\/kapcsolat\/","name":"Kapcsolat - Informatika","isPartOf":{"@id":"https:\/\/alexbutor.hu\/informatika\/#website"},"primaryImageOfPage":{"@id":"https:\/\/alexbutor.hu\/informatika\/kapcsolat\/#primaryimage"},"image":{"@id":"https:\/\/alexbutor.hu\/informatika\/kapcsolat\/#primaryimage"},"thumbnailUrl":"https:\/\/alexbutor.hu\/vendeglatoibutor\/wp-content\/uploads\/2016\/06\/Magyar_gyarto_emblema_COLOR-150x150.png","datePublished":"2016-06-08T07:58:50+00:00","dateModified":"2025-11-25T14:30:25+00:00","description":"HORECA aj\u00e1nlatk\u00e9r\u00e9ssel \u00e9s k\u00e9rd\u00e9seivel keressen minket bizalommal. T\u00f6bb mint 25 \u00e9ves b\u00fatorgy\u00e1rt\u00f3 tapasztalattal seg\u00edt\u00fcnk elk\u00e9pzel\u00e9sei megval\u00f3s\u00edt\u00e1s\u00e1ban.","breadcrumb":{"@id":"https:\/\/alexbutor.hu\/informatika\/kapcsolat\/#breadcrumb"},"inLanguage":"hu","potentialAction":[{"@type":"ReadAction","target":["https:\/\/alexbutor.hu\/informatika\/kapcsolat\/"]}]},{"@type":"ImageObject","inLanguage":"hu","@id":"https:\/\/alexbutor.hu\/informatika\/kapcsolat\/#primaryimage","url":"https:\/\/alexbutor.hu\/vendeglatoibutor\/wp-content\/uploads\/2016\/06\/Magyar_gyarto_emblema_COLOR-150x150.png","contentUrl":"https:\/\/alexbutor.hu\/vendeglatoibutor\/wp-content\/uploads\/2016\/06\/Magyar_gyarto_emblema_COLOR-150x150.png"},{"@type":"BreadcrumbList","@id":"https:\/\/alexbutor.hu\/informatika\/kapcsolat\/#breadcrumb","itemListElement":[{"@type":"ListItem","position":1,"name":"Home","item":"https:\/\/alexbutor.hu\/informatika\/"},{"@type":"ListItem","position":2,"name":"Kapcsolat"}]},{"@type":"WebSite","@id":"https:\/\/alexbutor.hu\/informatika\/#website","url":"https:\/\/alexbutor.hu\/informatika\/","name":"Informatika","description":"Minden t\u00e9rben megold\u00e1s","potentialAction":[{"@type":"SearchAction","target":{"@type":"EntryPoint","urlTemplate":"https:\/\/alexbutor.hu\/informatika\/?s={search_term_string}"},"query-input":{"@type":"PropertyValueSpecification","valueRequired":true,"valueName":"search_term_string"}}],"inLanguage":"hu"}]}},"_links":{"self":[{"href":"https:\/\/alexbutor.hu\/informatika\/wp-json\/wp\/v2\/pages\/21"}],"collection":[{"href":"https:\/\/alexbutor.hu\/informatika\/wp-json\/wp\/v2\/pages"}],"about":[{"href":"https:\/\/alexbutor.hu\/informatika\/wp-json\/wp\/v2\/types\/page"}],"author":[{"embeddable":true,"href":"https:\/\/alexbutor.hu\/informatika\/wp-json\/wp\/v2\/users\/1"}],"replies":[{"embeddable":true,"href":"https:\/\/alexbutor.hu\/informatika\/wp-json\/wp\/v2\/comments?post=21"}],"version-history":[{"count":5,"href":"https:\/\/alexbutor.hu\/informatika\/wp-json\/wp\/v2\/pages\/21\/revisions"}],"predecessor-version":[{"id":68277,"href":"https:\/\/alexbutor.hu\/informatika\/wp-json\/wp\/v2\/pages\/21\/revisions\/68277"}],"wp:attachment":[{"href":"https:\/\/alexbutor.hu\/informatika\/wp-json\/wp\/v2\/media?parent=21"}],"curies":[{"name":"wp","href":"https:\/\/api.w.org\/{rel}","templated":true}]}}