{"id":58993,"date":"2018-02-24T08:16:55","date_gmt":"2018-02-24T08:16:55","guid":{"rendered":"http:\/\/alexbutor.hu\/informatika\/?page_id=58993"},"modified":"2023-03-10T13:40:23","modified_gmt":"2023-03-10T12:40:23","slug":"fooldal","status":"publish","type":"page","link":"https:\/\/alexbutor.hu\/informatika\/","title":{"rendered":"F\u0151oldal"},"content":{"rendered":"<div class=\"row \"><div class=\"extra-wrap block_1\"><div class=\"span12 \"><section class=\"lazy-load-box trigger effect-fade \" data-delay=\"200\" data-speed=\"1200\" style=\"-webkit-transition: all 1200ms ease; -moz-transition: all 1200ms ease; -ms-transition: all 1200ms ease; -o-transition: all 1200ms ease; transition: all 1200ms ease;\">\n<h2>Aktu\u00e1lis h\u00edreink<\/h2>\n<\/section><\/div>\n\r\n<div class=\"span6 newhometexts-a\">\r\n\t<section class=\"lazy-load-box trigger effect-slidefromleft\" data-delay=\"200\" data-speed=\"900\" style=\"-webkit-transition: all 900ms ease; -moz-transition: all 900ms ease; -ms-transition: all 900ms ease; -o-transition: all 900ms ease; transition: all 900ms ease;\">\r\n\t\t<h3>MIN\u0150S\u00c9GI INFORMATIKAI SZOLG\u00c1LTAT\u00c1SOK<\/h3>\r\n\t\t<p>Teljesk\u00f6r\u0171 szolg\u00e1ltat\u00e1ssal az el\u0151zetes szaktan\u00e1csad\u00e1st\u00f3l a be\u00fczemel\u00e9sig, folyamatos h\u00e1tt\u00e9r t\u00e1mogat\u00e1ssal. A Digit\u00e1lis Oktat\u00e1si Strat\u00e9gi\u00e1ban (DOS) fontos, hogy ne a hagyom\u00e1nyos oktat\u00e1s digit\u00e1lis eszk\u00f6z\u00f6kkel t\u00e1mogatott v\u00e1ltozata legyen, hanem egy olyan koncepci\u00f3...<\/p>\r\n\t\t<a href=\"https:\/\/alexbutor.hu\/informatika\/interaktiv-kijelzok-raktarrol\/\" class=\"btn btn-primary btn-normal btn-inline \">Tov\u00e1bb<\/a>\t\t\r\n\t<\/section>\r\n<\/div>\r\n<div class=\"span6 newhometexts-b\">\r\n\t<section class=\"lazy-load-box trigger effect-slidefromright\" data-delay=\"200\" data-speed=\"900\" style=\"-webkit-transition: all 900ms ease; -moz-transition: all 900ms ease; -ms-transition: all 900ms ease; -o-transition: all 900ms ease; transition: all 900ms ease;\">\r\n\t\t<h3>ISM\u00c9T MAGYAR BRANDS D\u00cdJAT NYERT AZ ALEX F\u00c9MB\u00daTOR KFT.<\/h3>\r\n\t\t<p>Az Alex F\u00e9mb\u00fator Kft. Magyar Brands elismer\u00e9sben r\u00e9szes\u00fclt \u201eKiv\u00e1l\u00f3 \u00dczleti M\u00e1rka\u201d kateg\u00f3ri\u00e1ban. A 15 f\u0151s szakmai zs\u0171ri 6 k\u00fcl\u00f6nb\u00f6z\u0151 szempontb\u00f3l vizsg\u00e1lta meg a v\u00e1llalkoz\u00e1sunkat, amelyek eredm\u00e9nyek\u00e9nt az idei \u00e9vben is d\u00edjazottak lett\u00fcnk!<\/p>\r\n\t\t<a href=\"https:\/\/magyarbrands.hu\/magyarbrands-program\/magyarbrands-dijazott-markak\/\" class=\"btn btn-primary btn-normal btn-inline \">Tov\u00e1bb<\/a>\t\t\r\n\t<\/section>\r\n<\/div>\n<\/div><\/div><!-- .row (end) --><script type=\"text\/javascript\">\r\n          jQuery(function() {\r\n              jQuery(\"#fixedparallax_69d8cff1b46e2\").cherryFixedParallax({\r\n                offset: true,\r\n                bgfixed: true,\r\n                invert: true\r\n              });\r\n          });\r\n    <\/script><section id=\"fixedparallax_69d8cff1b46e2\" class=\"fixed_parallax_section cherry_fixed_parallax1\" data-source-url=\"https:\/\/alexbutor.hu\/informatika\/wp-content\/uploads\/2020\/02\/parallax_pic1-1.jpg\" data-source-width=\"1920\" data-source-height=\"1518\"><div class=\"container parallax_content\"><div class=\"row \"><div class=\"span12 \"><section class=\"lazy-load-box trigger effect-slideup \" data-delay=\"200\" data-speed=\"900\" style=\"-webkit-transition: all 900ms ease; -moz-transition: all 900ms ease; -ms-transition: all 900ms ease; -o-transition: all 900ms ease; transition: all 900ms ease;\">\n<h2>Aj\u00e1nlataink<\/h2>\n<\/section><\/div><section class=\"lazy-load-box trigger effect-zoomout \" data-delay=\"200\" data-speed=\"900\" style=\"-webkit-transition: all 900ms ease; -moz-transition: all 900ms ease; -ms-transition: all 900ms ease; -o-transition: all 900ms ease; transition: all 900ms ease;\">\n\r\n<div class=\"span4 top-termek-a\">\r\n\t<ul class=\"alex-fooldal-top-termek\">\r\n\t\t<li class=\"portfolio_item isotope-item\">\r\n\t\t\t<div class=\"portfolio_item_holder\">\r\n\t\t\t\t<figure class=\"thumbnail thumbnail__portfolio\">\r\n\t\t\t\t\t<a href=\"https:\/\/alexbutor.hu\/informatika\/helgi-kijelzok\/\" class=\"image-wrap\" title=\"Helgi kijelz\u0151k\" >\r\n\t\t\t\t\t\t<img decoding=\"async\" src=\"https:\/\/alexbutor.hu\/informatika\/wp-content\/uploads\/2020\/06\/AjanlatokINFO370x370px.jpg\" alt=\"Helgi kijelz\u0151k\">\r\n\t\t\t\t\t<\/a>\r\n\t\t\t\t<\/figure>\r\n\t\t\t\t<div class=\"caption caption__portfolio\">\r\n\t\t\t\t\t<h3><a href=\"https:\/\/alexbutor.hu\/informatika\/helgi-kijelzok\/\" >Helgi kijelz\u0151k<\/a><\/h3>\r\n\t\t\t\t<\/div>\r\n\t\t\t<\/div>\r\n\t\t<\/li>\r\n\t<\/ul>\r\n\t<div class=\"spacer\"><\/div>\r\n<\/div>\r\n<div class=\"span4 top-termek-b\">\r\n\t<ul class=\"alex-fooldal-top-termek\">\r\n\t\t<li class=\"portfolio_item isotope-item\">\r\n\t\t\t<div class=\"portfolio_item_holder\">\r\n\t\t\t\t<figure class=\"thumbnail thumbnail__portfolio\">\r\n\t\t\t\t\t<a href=\"https:\/\/alexbutor.hu\/informatika\/kategoriak\/mimio-interaktiv-termekek\/\" class=\"image-wrap\" title=\"Boxlight Mimio term\u00e9kek\" >\r\n\t\t\t\t\t\t<img decoding=\"async\" src=\"https:\/\/alexbutor.hu\/informatika\/wp-content\/uploads\/2020\/06\/AjanlatokINFO370x370px4.jpg\" alt=\"Boxlight Mimio term\u00e9kek\">\r\n\t\t\t\t\t<\/a>\r\n\t\t\t\t<\/figure>\r\n\t\t\t\t<div class=\"caption caption__portfolio\">\r\n\t\t\t\t\t<h3><a href=\"https:\/\/alexbutor.hu\/informatika\/kategoriak\/mimio-interaktiv-termekek\/\" >Boxlight Mimio term\u00e9kek<\/a><\/h3>\r\n\t\t\t\t<\/div>\r\n\t\t\t<\/div>\r\n\t\t<\/li>\r\n\t<\/ul>\r\n\t<div class=\"spacer\"><\/div>\r\n<\/div>\r\n<div class=\"span4 top-termek-c\">\r\n\t<ul class=\"alex-fooldal-top-termek\">\r\n\t\t<li class=\"portfolio_item isotope-item\">\r\n\t\t\t<div class=\"portfolio_item_holder\">\r\n\t\t\t\t<figure class=\"thumbnail thumbnail__portfolio\">\r\n\t\t\t\t\t<a href=\"https:\/\/alexbutor.hu\/informatika\/mimio-kijelzok\/\" class=\"image-wrap\" title=\"Mimio kijelz\u0151k\" >\r\n\t\t\t\t\t\t<img decoding=\"async\" src=\"https:\/\/alexbutor.hu\/informatika\/wp-content\/uploads\/2020\/06\/AjanlatokINFO370x370px3.jpg\" alt=\"Mimio kijelz\u0151k\">\r\n\t\t\t\t\t<\/a>\r\n\t\t\t\t<\/figure>\r\n\t\t\t\t<div class=\"caption caption__portfolio\">\r\n\t\t\t\t\t<h3><a href=\"https:\/\/alexbutor.hu\/informatika\/mimio-kijelzok\/\" >Mimio kijelz\u0151k<\/a><\/h3>\r\n\t\t\t\t<\/div>\r\n\t\t\t<\/div>\r\n\t\t<\/li>\r\n\t<\/ul>\r\n\t<div class=\"spacer\"><\/div>\r\n<\/div>\r\n<div class=\"span4 top-termek-d\">\r\n\t<ul class=\"alex-fooldal-top-termek\">\r\n\t\t<li class=\"portfolio_item isotope-item\">\r\n\t\t\t<div class=\"portfolio_item_holder\">\r\n\t\t\t\t<figure class=\"thumbnail thumbnail__portfolio\">\r\n\t\t\t\t\t<a href=\"https:\/\/alexbutor.hu\/informatika\/kategoriak\/nyelvi-laborok\/smartclass\/\" class=\"image-wrap\" title=\"Nyelvi laborok\" >\r\n\t\t\t\t\t\t<img decoding=\"async\" src=\"https:\/\/alexbutor.hu\/informatika\/wp-content\/uploads\/2020\/06\/AjanlatokINFO370x370px2.jpg\" alt=\"Nyelvi laborok\">\r\n\t\t\t\t\t<\/a>\r\n\t\t\t\t<\/figure>\r\n\t\t\t\t<div class=\"caption caption__portfolio\">\r\n\t\t\t\t\t<h3><a href=\"https:\/\/alexbutor.hu\/informatika\/kategoriak\/nyelvi-laborok\/smartclass\/\" >Nyelvi laborok<\/a><\/h3>\r\n\t\t\t\t<\/div>\r\n\t\t\t<\/div>\r\n\t\t<\/li>\r\n\t<\/ul>\r\n\t<div class=\"spacer\"><\/div>\r\n<\/div>\r\n<div class=\"span4 top-termek-e\">\r\n\t<ul class=\"alex-fooldal-top-termek\">\r\n\t\t<li class=\"portfolio_item isotope-item\">\r\n\t\t\t<div class=\"portfolio_item_holder\">\r\n\t\t\t\t<figure class=\"thumbnail thumbnail__portfolio\">\r\n\t\t\t\t\t<a href=\"https:\/\/alexbutor.hu\/informatika\/kategoriak\/laptop-tablet-tolto-szekrenyek\/\" class=\"image-wrap\" title=\"Laptop\/Tablet t\u00f6lt\u0151 szekr\u00e9nyek\" >\r\n\t\t\t\t\t\t<img decoding=\"async\" src=\"https:\/\/alexbutor.hu\/informatika\/wp-content\/uploads\/2020\/06\/AjanlatokINFO370x370px5.jpg\" alt=\"Laptop\/Tablet t\u00f6lt\u0151 szekr\u00e9nyek\">\r\n\t\t\t\t\t<\/a>\r\n\t\t\t\t<\/figure>\r\n\t\t\t\t<div class=\"caption caption__portfolio\">\r\n\t\t\t\t\t<h3><a href=\"https:\/\/alexbutor.hu\/informatika\/kategoriak\/laptop-tablet-tolto-szekrenyek\/\" >Laptop\/Tablet t\u00f6lt\u0151 szekr\u00e9nyek<\/a><\/h3>\r\n\t\t\t\t<\/div>\r\n\t\t\t<\/div>\r\n\t\t<\/li>\r\n\t<\/ul>\r\n\t<div class=\"spacer\"><\/div>\r\n<\/div>\r\n<div class=\"span4 top-termek-f\">\r\n\t<ul class=\"alex-fooldal-top-termek\">\r\n\t\t<li class=\"portfolio_item isotope-item\">\r\n\t\t\t<div class=\"portfolio_item_holder\">\r\n\t\t\t\t<figure class=\"thumbnail thumbnail__portfolio\">\r\n\t\t\t\t\t<a href=\"https:\/\/alexbutor.hu\/informatika\/kategoriak\/interaktiv-eszkoz-allvanyok\/\" class=\"image-wrap\" title=\"\u00c1llv\u00e1nyok\/Konzolok\" >\r\n\t\t\t\t\t\t<img decoding=\"async\" src=\"https:\/\/alexbutor.hu\/informatika\/wp-content\/uploads\/2020\/06\/AjanlatokINFO370x370px6.jpg\" alt=\"\u00c1llv\u00e1nyok\/Konzolok\">\r\n\t\t\t\t\t<\/a>\r\n\t\t\t\t<\/figure>\r\n\t\t\t\t<div class=\"caption caption__portfolio\">\r\n\t\t\t\t\t<h3><a href=\"https:\/\/alexbutor.hu\/informatika\/kategoriak\/interaktiv-eszkoz-allvanyok\/\" >\u00c1llv\u00e1nyok\/Konzolok<\/a><\/h3>\r\n\t\t\t\t<\/div>\r\n\t\t\t<\/div>\r\n\t\t<\/li>\r\n\t<\/ul>\r\n\t<div class=\"spacer\"><\/div>\r\n<\/div>\n<div class=\"span12 \"><div class=\"spacer\"><\/div><!-- .spacer (end) --><\/div><\/section><div class=\"spacer\"><\/div><!-- .spacer (end) --><div class=\"span12 \"><div class=\"spacer\"><\/div><!-- .spacer (end) -->\n<section class=\"lazy-load-box trigger effect-slideup \" data-delay=\"200\" data-speed=\"900\" style=\"-webkit-transition: all 900ms ease; -moz-transition: all 900ms ease; -ms-transition: all 900ms ease; -o-transition: all 900ms ease; transition: all 900ms ease;\"><div class=\"spacer\"><\/div><!-- .spacer (end) -->\n<h2>Tov\u00e1bbi \u00fczlet\u00e1gaink<\/h2>\n<\/section><\/div><div class=\"span12 \"><section class=\"lazy-load-box trigger effect-zoomout \" data-delay=\"200\" data-speed=\"900\" style=\"-webkit-transition: all 900ms ease; -moz-transition: all 900ms ease; -ms-transition: all 900ms ease; -o-transition: all 900ms ease; transition: all 900ms ease;\">\n<section class=\"lazy-load-box effect-zoomout\">\n<ul class=\"posts-grid row-fluid unstyled block_2 ul-item-0\">\n\r\n\t<li class=\"span4 list-item\">\r\n\t\t<figure class=\"featured-thumbnail thumbnail\">\r\n\t\t\t<img decoding=\"async\" src=\"https:\/\/alexbutor.hu\/informatika\/wp-content\/uploads\/2018\/02\/03_tovabbi_uzletag-szallodabutor_v3.jpg\"\">\r\n\t\t<\/figure>\r\n\t\t<div class=\"clear\"><\/div>\r\n\t\t<a href=\"https:\/\/alexbutor.hu\/vendeglatoibutor\/\" target=\"_blank\">\r\n\t\t\t<div class=\"desc\">\r\n\t\t\t\t<h6><strong>VEND\u00c9GL\u00c1T\u00d3I B\u00daTOROK<\/strong><span>Min\u0151s\u00e9gi sz\u00e9kek, asztalok \u00e9s kieg\u00e9sz\u00edt\u0151k a vend\u00e9gl\u00e1t\u00f3i terek berendez\u00e9s\u00e9hez.<\/span><\/h6>\r\n\t\t\t\t<span class=\"btn btn-primary\">Tov\u00e1bb<\/span>\r\n\t\t\t<\/div>\r\n\t\t<\/a>\r\n\t<\/li>\r\n\t\n\r\n\t<li class=\"span4 list-item\">\r\n\t\t<figure class=\"featured-thumbnail thumbnail\">\r\n\t\t\t<img decoding=\"async\" src=\"https:\/\/alexbutor.hu\/informatika\/wp-content\/uploads\/2018\/02\/05_irodabutor_v2-1.jpg\"\">\r\n\t\t<\/figure>\r\n\t\t<div class=\"clear\"><\/div>\r\n\t\t<a href=\"https:\/\/alexbutor.hu\/irodabutor\/\" target=\"_blank\">\r\n\t\t\t<div class=\"desc\">\r\n\t\t\t\t<h6><strong>IRODAB\u00daTOR<\/strong><span>Magas sz\u00ednvonal\u00fa b\u00fatorainkkal val\u00f3s\u00edtsa meg \u00e1lmai irod\u00e1j\u00e1t!<\/span><\/h6>\r\n\t\t\t\t<span class=\"btn btn-primary\">Tov\u00e1bb<\/span>\r\n\t\t\t<\/div>\r\n\t\t<\/a>\r\n\t<\/li>\r\n\t\n\r\n\t<li class=\"span4 list-item\">\r\n\t\t<figure class=\"featured-thumbnail thumbnail\">\r\n\t\t\t<img decoding=\"async\" src=\"https:\/\/alexbutor.hu\/informatika\/wp-content\/uploads\/2018\/02\/01_Iskola.jpg\"\">\r\n\t\t<\/figure>\r\n\t\t<div class=\"clear\"><\/div>\r\n\t\t<a href=\"https:\/\/alexbutor.hu\/iskolabutor\/\" target=\"_blank\">\r\n\t\t\t<div class=\"desc\">\r\n\t\t\t\t<h6><strong>ISKOLAB\u00daTOR<\/strong><span>Egy\u00e9ni \u00e9s csoportos munk\u00e1hoz alak\u00edthat\u00f3 tantermi b\u00fatorok, menz\u00e1k \u00e9s koll\u00e9giumok berendez\u00e9sei folyamatos fejleszt\u00e9sekkel, p\u00e1ly\u00e1zatok kezel\u00e9se.<\/span><\/h6>\r\n\t\t\t\t<span class=\"btn btn-primary\">Tov\u00e1bb<\/span>\r\n\t\t\t<\/div>\r\n\t\t<\/a>\r\n\t<\/li>\r\n\t<\/ul>\n<ul class=\"posts-grid row-fluid unstyled block_2 ul-item-1\"><\/ul>\n<\/section>\n<\/section><\/div><\/div><!-- .row (end) --><\/div><\/section>\n","protected":false},"excerpt":{"rendered":"","protected":false},"author":1,"featured_media":58984,"parent":0,"menu_order":0,"comment_status":"closed","ping_status":"closed","template":"page-home.php","meta":{"footnotes":""},"class_list":["post-58993","page","type-page","status-publish","has-post-thumbnail","hentry"],"yoast_head":"<!-- This site is optimized with the Yoast SEO plugin v23.5 - https:\/\/yoast.com\/wordpress\/plugins\/seo\/ -->\n<title>F\u0151oldal - Informatika<\/title>\n<meta name=\"description\" content=\"N\u00e1lunk szem\u00e9lyesen kipr\u00f3b\u00e1lhat t\u00f6bb sz\u00e1z kiv\u00e1l\u00f3 b\u00fatort, \u00f6tletet mer\u00edtve az \u00e9lm\u00e9nyb\u0151l. Zs\u00e1mb\u00e9ki telephely\u00fcnk bejelentkez\u00e9s alapj\u00e1n v\u00e1rjuk az \u00e9rdekl\u0151d\u0151ket.\" \/>\n<meta name=\"robots\" content=\"index, follow, max-snippet:-1, max-image-preview:large, max-video-preview:-1\" \/>\n<link rel=\"canonical\" href=\"https:\/\/alexbutor.hu\/informatika\/\" \/>\n<meta property=\"og:locale\" content=\"hu_HU\" \/>\n<meta property=\"og:type\" content=\"article\" \/>\n<meta property=\"og:title\" content=\"F\u0151oldal - Informatika\" \/>\n<meta property=\"og:description\" content=\"N\u00e1lunk szem\u00e9lyesen kipr\u00f3b\u00e1lhat t\u00f6bb sz\u00e1z kiv\u00e1l\u00f3 b\u00fatort, \u00f6tletet mer\u00edtve az \u00e9lm\u00e9nyb\u0151l. Zs\u00e1mb\u00e9ki telephely\u00fcnk bejelentkez\u00e9s alapj\u00e1n v\u00e1rjuk az \u00e9rdekl\u0151d\u0151ket.\" \/>\n<meta property=\"og:url\" content=\"https:\/\/alexbutor.hu\/informatika\/\" \/>\n<meta property=\"og:site_name\" content=\"Informatika\" \/>\n<meta property=\"article:modified_time\" content=\"2023-03-10T12:40:23+00:00\" \/>\n<meta property=\"og:image\" content=\"https:\/\/alexbutor.hu\/informatika\/wp-content\/uploads\/2016\/10\/PICT104110.jpg\" \/>\n\t<meta property=\"og:image:width\" content=\"1024\" \/>\n\t<meta property=\"og:image:height\" content=\"682\" \/>\n\t<meta property=\"og:image:type\" content=\"image\/jpeg\" \/>\n<meta name=\"twitter:card\" content=\"summary_large_image\" \/>\n<meta name=\"twitter:label1\" content=\"Becs\u00fclt olvas\u00e1si id\u0151\" \/>\n\t<meta name=\"twitter:data1\" content=\"1 perc\" \/>\n<script type=\"application\/ld+json\" class=\"yoast-schema-graph\">{\"@context\":\"https:\/\/schema.org\",\"@graph\":[{\"@type\":\"WebPage\",\"@id\":\"https:\/\/alexbutor.hu\/informatika\/\",\"url\":\"https:\/\/alexbutor.hu\/informatika\/\",\"name\":\"F\u0151oldal - Informatika\",\"isPartOf\":{\"@id\":\"https:\/\/alexbutor.hu\/informatika\/#website\"},\"primaryImageOfPage\":{\"@id\":\"https:\/\/alexbutor.hu\/informatika\/#primaryimage\"},\"image\":{\"@id\":\"https:\/\/alexbutor.hu\/informatika\/#primaryimage\"},\"thumbnailUrl\":\"https:\/\/alexbutor.hu\/informatika\/wp-content\/uploads\/2016\/10\/PICT104110.jpg\",\"datePublished\":\"2018-02-24T08:16:55+00:00\",\"dateModified\":\"2023-03-10T12:40:23+00:00\",\"description\":\"N\u00e1lunk szem\u00e9lyesen kipr\u00f3b\u00e1lhat t\u00f6bb sz\u00e1z kiv\u00e1l\u00f3 b\u00fatort, \u00f6tletet mer\u00edtve az \u00e9lm\u00e9nyb\u0151l. Zs\u00e1mb\u00e9ki telephely\u00fcnk bejelentkez\u00e9s alapj\u00e1n v\u00e1rjuk az \u00e9rdekl\u0151d\u0151ket.\",\"breadcrumb\":{\"@id\":\"https:\/\/alexbutor.hu\/informatika\/#breadcrumb\"},\"inLanguage\":\"hu\",\"potentialAction\":[{\"@type\":\"ReadAction\",\"target\":[\"https:\/\/alexbutor.hu\/informatika\/\"]}]},{\"@type\":\"ImageObject\",\"inLanguage\":\"hu\",\"@id\":\"https:\/\/alexbutor.hu\/informatika\/#primaryimage\",\"url\":\"https:\/\/alexbutor.hu\/informatika\/wp-content\/uploads\/2016\/10\/PICT104110.jpg\",\"contentUrl\":\"https:\/\/alexbutor.hu\/informatika\/wp-content\/uploads\/2016\/10\/PICT104110.jpg\",\"width\":1024,\"height\":682},{\"@type\":\"BreadcrumbList\",\"@id\":\"https:\/\/alexbutor.hu\/informatika\/#breadcrumb\",\"itemListElement\":[{\"@type\":\"ListItem\",\"position\":1,\"name\":\"Home\",\"item\":\"https:\/\/alexbutor.hu\/informatika\/\"},{\"@type\":\"ListItem\",\"position\":2,\"name\":\"F\u0151oldal\"}]},{\"@type\":\"WebSite\",\"@id\":\"https:\/\/alexbutor.hu\/informatika\/#website\",\"url\":\"https:\/\/alexbutor.hu\/informatika\/\",\"name\":\"Informatika\",\"description\":\"Minden t\u00e9rben megold\u00e1s\",\"potentialAction\":[{\"@type\":\"SearchAction\",\"target\":{\"@type\":\"EntryPoint\",\"urlTemplate\":\"https:\/\/alexbutor.hu\/informatika\/?s={search_term_string}\"},\"query-input\":{\"@type\":\"PropertyValueSpecification\",\"valueRequired\":true,\"valueName\":\"search_term_string\"}}],\"inLanguage\":\"hu\"}]}<\/script>\n<!-- \/ Yoast SEO plugin. -->","yoast_head_json":{"title":"F\u0151oldal - Informatika","description":"N\u00e1lunk szem\u00e9lyesen kipr\u00f3b\u00e1lhat t\u00f6bb sz\u00e1z kiv\u00e1l\u00f3 b\u00fatort, \u00f6tletet mer\u00edtve az \u00e9lm\u00e9nyb\u0151l. Zs\u00e1mb\u00e9ki telephely\u00fcnk bejelentkez\u00e9s alapj\u00e1n v\u00e1rjuk az \u00e9rdekl\u0151d\u0151ket.","robots":{"index":"index","follow":"follow","max-snippet":"max-snippet:-1","max-image-preview":"max-image-preview:large","max-video-preview":"max-video-preview:-1"},"canonical":"https:\/\/alexbutor.hu\/informatika\/","og_locale":"hu_HU","og_type":"article","og_title":"F\u0151oldal - Informatika","og_description":"N\u00e1lunk szem\u00e9lyesen kipr\u00f3b\u00e1lhat t\u00f6bb sz\u00e1z kiv\u00e1l\u00f3 b\u00fatort, \u00f6tletet mer\u00edtve az \u00e9lm\u00e9nyb\u0151l. Zs\u00e1mb\u00e9ki telephely\u00fcnk bejelentkez\u00e9s alapj\u00e1n v\u00e1rjuk az \u00e9rdekl\u0151d\u0151ket.","og_url":"https:\/\/alexbutor.hu\/informatika\/","og_site_name":"Informatika","article_modified_time":"2023-03-10T12:40:23+00:00","og_image":[{"width":1024,"height":682,"url":"https:\/\/alexbutor.hu\/informatika\/wp-content\/uploads\/2016\/10\/PICT104110.jpg","type":"image\/jpeg"}],"twitter_card":"summary_large_image","twitter_misc":{"Becs\u00fclt olvas\u00e1si id\u0151":"1 perc"},"schema":{"@context":"https:\/\/schema.org","@graph":[{"@type":"WebPage","@id":"https:\/\/alexbutor.hu\/informatika\/","url":"https:\/\/alexbutor.hu\/informatika\/","name":"F\u0151oldal - Informatika","isPartOf":{"@id":"https:\/\/alexbutor.hu\/informatika\/#website"},"primaryImageOfPage":{"@id":"https:\/\/alexbutor.hu\/informatika\/#primaryimage"},"image":{"@id":"https:\/\/alexbutor.hu\/informatika\/#primaryimage"},"thumbnailUrl":"https:\/\/alexbutor.hu\/informatika\/wp-content\/uploads\/2016\/10\/PICT104110.jpg","datePublished":"2018-02-24T08:16:55+00:00","dateModified":"2023-03-10T12:40:23+00:00","description":"N\u00e1lunk szem\u00e9lyesen kipr\u00f3b\u00e1lhat t\u00f6bb sz\u00e1z kiv\u00e1l\u00f3 b\u00fatort, \u00f6tletet mer\u00edtve az \u00e9lm\u00e9nyb\u0151l. Zs\u00e1mb\u00e9ki telephely\u00fcnk bejelentkez\u00e9s alapj\u00e1n v\u00e1rjuk az \u00e9rdekl\u0151d\u0151ket.","breadcrumb":{"@id":"https:\/\/alexbutor.hu\/informatika\/#breadcrumb"},"inLanguage":"hu","potentialAction":[{"@type":"ReadAction","target":["https:\/\/alexbutor.hu\/informatika\/"]}]},{"@type":"ImageObject","inLanguage":"hu","@id":"https:\/\/alexbutor.hu\/informatika\/#primaryimage","url":"https:\/\/alexbutor.hu\/informatika\/wp-content\/uploads\/2016\/10\/PICT104110.jpg","contentUrl":"https:\/\/alexbutor.hu\/informatika\/wp-content\/uploads\/2016\/10\/PICT104110.jpg","width":1024,"height":682},{"@type":"BreadcrumbList","@id":"https:\/\/alexbutor.hu\/informatika\/#breadcrumb","itemListElement":[{"@type":"ListItem","position":1,"name":"Home","item":"https:\/\/alexbutor.hu\/informatika\/"},{"@type":"ListItem","position":2,"name":"F\u0151oldal"}]},{"@type":"WebSite","@id":"https:\/\/alexbutor.hu\/informatika\/#website","url":"https:\/\/alexbutor.hu\/informatika\/","name":"Informatika","description":"Minden t\u00e9rben megold\u00e1s","potentialAction":[{"@type":"SearchAction","target":{"@type":"EntryPoint","urlTemplate":"https:\/\/alexbutor.hu\/informatika\/?s={search_term_string}"},"query-input":{"@type":"PropertyValueSpecification","valueRequired":true,"valueName":"search_term_string"}}],"inLanguage":"hu"}]}},"_links":{"self":[{"href":"https:\/\/alexbutor.hu\/informatika\/wp-json\/wp\/v2\/pages\/58993"}],"collection":[{"href":"https:\/\/alexbutor.hu\/informatika\/wp-json\/wp\/v2\/pages"}],"about":[{"href":"https:\/\/alexbutor.hu\/informatika\/wp-json\/wp\/v2\/types\/page"}],"author":[{"embeddable":true,"href":"https:\/\/alexbutor.hu\/informatika\/wp-json\/wp\/v2\/users\/1"}],"replies":[{"embeddable":true,"href":"https:\/\/alexbutor.hu\/informatika\/wp-json\/wp\/v2\/comments?post=58993"}],"version-history":[{"count":3,"href":"https:\/\/alexbutor.hu\/informatika\/wp-json\/wp\/v2\/pages\/58993\/revisions"}],"predecessor-version":[{"id":62010,"href":"https:\/\/alexbutor.hu\/informatika\/wp-json\/wp\/v2\/pages\/58993\/revisions\/62010"}],"wp:featuredmedia":[{"embeddable":true,"href":"https:\/\/alexbutor.hu\/informatika\/wp-json\/wp\/v2\/media\/58984"}],"wp:attachment":[{"href":"https:\/\/alexbutor.hu\/informatika\/wp-json\/wp\/v2\/media?parent=58993"}],"curies":[{"name":"wp","href":"https:\/\/api.w.org\/{rel}","templated":true}]}}