{"id":59093,"date":"2018-02-24T09:15:36","date_gmt":"2018-02-24T09:15:36","guid":{"rendered":"http:\/\/alexbutor.hu\/informatika\/?page_id=59093"},"modified":"2021-06-16T17:57:23","modified_gmt":"2021-06-16T16:57:23","slug":"oktatasi-projektorok","status":"publish","type":"page","link":"https:\/\/alexbutor.hu\/informatika\/kategoriak\/oktatasi-projektorok\/","title":{"rendered":"Oktat\u00e1si projektorok"},"content":{"rendered":"<div class=\"butorlaposkat\">\n<li class=\"portfolio_item isotope-item\">\n<div class=\"portfolio_item_holder\">\n<figure class=\"thumbnail thumbnail__portfolio\"><a href=\"https:\/\/alexbutor.hu\/informatika\/kategoriak\/oktatasi-projektorok\/kozel-vetito-fali-projektorok\/\" class=\"image-wrap\"><img decoding=\"async\" src=\"https:\/\/alexbutor.hu\/informatika\/wp-content\/uploads\/2021\/06\/kozelvetito_projektorok.jpg\" alt=\"K\u00f6zel vet\u00edt\u0151 fali projektorok\"><\/a><\/figure>\n<div class=\"caption caption__portfolio\">\n<h3><a href=\"https:\/\/alexbutor.hu\/informatika\/kategoriak\/oktatasi-projektorok\/kozel-vetito-fali-projektorok\/\">K\u00f6zel vet\u00edt\u0151 fali projektorok (2)<\/a><\/h3>\n<\/div>\n<\/div>\n<\/li>\n<li class=\"portfolio_item isotope-item\">\n<div class=\"portfolio_item_holder\">\n<figure class=\"thumbnail thumbnail__portfolio\"><a href=\"https:\/\/alexbutor.hu\/informatika\/kategoriak\/oktatasi-projektorok\/ultra-kozel-vetito-projektorok\/\" class=\"image-wrap\"><img decoding=\"async\" src=\"https:\/\/alexbutor.hu\/informatika\/wp-content\/uploads\/2021\/06\/ultra_kozelvetito_projektorok.jpg\" alt=\"Ultra k\u00f6zel vet\u00edt\u0151 projektorok\"><\/a><\/figure>\n<div class=\"caption caption__portfolio\">\n<h3><a href=\"https:\/\/alexbutor.hu\/informatika\/kategoriak\/oktatasi-projektorok\/ultra-kozel-vetito-projektorok\/\">Ultra k\u00f6zel vet\u00edt\u0151 projektorok (1)<\/a><\/h3>\n<\/div>\n<\/div>\n<\/li>\n<li class=\"portfolio_item isotope-item\">\n<div class=\"portfolio_item_holder\">\n<figure class=\"thumbnail thumbnail__portfolio\"><a href=\"https:\/\/alexbutor.hu\/informatika\/kategoriak\/oktatasi-projektorok\/projektor-tarto-konzolok\/\" class=\"image-wrap\"><img decoding=\"async\" src=\"https:\/\/alexbutor.hu\/informatika\/wp-content\/uploads\/2021\/06\/projektor_konzolok.jpg\" alt=\"Projektor tart\u00f3 konzolok\"><\/a><\/figure>\n<div class=\"caption caption__portfolio\">\n<h3><a href=\"https:\/\/alexbutor.hu\/informatika\/kategoriak\/oktatasi-projektorok\/projektor-tarto-konzolok\/\">Projektor tart\u00f3 konzolok (1)<\/a><\/h3>\n<\/div>\n<\/div>\n<\/li>\n<\/div>\n","protected":false},"excerpt":{"rendered":"<p>K\u00f6zel vet\u00edt\u0151 fali projektorok Ultra k\u00f6zel vet\u00edt\u0151 projektorok Projektor tart\u00f3 konzolok<\/p>\n","protected":false},"author":1,"featured_media":59279,"parent":16,"menu_order":0,"comment_status":"closed","ping_status":"closed","template":"page-uj-alexsub2.php","meta":{"footnotes":""},"class_list":["post-59093","page","type-page","status-publish","has-post-thumbnail","hentry"],"yoast_head":"<!-- This site is optimized with the Yoast SEO plugin v23.5 - https:\/\/yoast.com\/wordpress\/plugins\/seo\/ -->\n<title>Oktat\u00e1si projektorok - Informatika<\/title>\n<meta name=\"robots\" content=\"index, follow, max-snippet:-1, max-image-preview:large, max-video-preview:-1\" \/>\n<link rel=\"canonical\" href=\"https:\/\/alexbutor.hu\/informatika\/kategoriak\/oktatasi-projektorok\/\" \/>\n<meta property=\"og:locale\" content=\"hu_HU\" \/>\n<meta property=\"og:type\" content=\"article\" \/>\n<meta property=\"og:title\" content=\"Oktat\u00e1si projektorok - Informatika\" \/>\n<meta property=\"og:description\" content=\"K\u00f6zel vet\u00edt\u0151 fali projektorok Ultra k\u00f6zel vet\u00edt\u0151 projektorok Projektor tart\u00f3 konzolok\" \/>\n<meta property=\"og:url\" content=\"https:\/\/alexbutor.hu\/informatika\/kategoriak\/oktatasi-projektorok\/\" \/>\n<meta property=\"og:site_name\" content=\"Informatika\" \/>\n<meta property=\"article:modified_time\" content=\"2021-06-16T16:57:23+00:00\" \/>\n<meta property=\"og:image\" content=\"https:\/\/alexbutor.hu\/informatika\/wp-content\/uploads\/2018\/03\/Informatika_10-Oktatasi_projektorok.jpg\" \/>\n\t<meta property=\"og:image:width\" content=\"800\" \/>\n\t<meta property=\"og:image:height\" content=\"560\" \/>\n\t<meta property=\"og:image:type\" content=\"image\/jpeg\" \/>\n<meta name=\"twitter:card\" content=\"summary_large_image\" \/>\n<script type=\"application\/ld+json\" class=\"yoast-schema-graph\">{\"@context\":\"https:\/\/schema.org\",\"@graph\":[{\"@type\":\"WebPage\",\"@id\":\"https:\/\/alexbutor.hu\/informatika\/kategoriak\/oktatasi-projektorok\/\",\"url\":\"https:\/\/alexbutor.hu\/informatika\/kategoriak\/oktatasi-projektorok\/\",\"name\":\"Oktat\u00e1si projektorok - Informatika\",\"isPartOf\":{\"@id\":\"https:\/\/alexbutor.hu\/informatika\/#website\"},\"primaryImageOfPage\":{\"@id\":\"https:\/\/alexbutor.hu\/informatika\/kategoriak\/oktatasi-projektorok\/#primaryimage\"},\"image\":{\"@id\":\"https:\/\/alexbutor.hu\/informatika\/kategoriak\/oktatasi-projektorok\/#primaryimage\"},\"thumbnailUrl\":\"https:\/\/alexbutor.hu\/informatika\/wp-content\/uploads\/2018\/03\/Informatika_10-Oktatasi_projektorok.jpg\",\"datePublished\":\"2018-02-24T09:15:36+00:00\",\"dateModified\":\"2021-06-16T16:57:23+00:00\",\"breadcrumb\":{\"@id\":\"https:\/\/alexbutor.hu\/informatika\/kategoriak\/oktatasi-projektorok\/#breadcrumb\"},\"inLanguage\":\"hu\",\"potentialAction\":[{\"@type\":\"ReadAction\",\"target\":[\"https:\/\/alexbutor.hu\/informatika\/kategoriak\/oktatasi-projektorok\/\"]}]},{\"@type\":\"ImageObject\",\"inLanguage\":\"hu\",\"@id\":\"https:\/\/alexbutor.hu\/informatika\/kategoriak\/oktatasi-projektorok\/#primaryimage\",\"url\":\"https:\/\/alexbutor.hu\/informatika\/wp-content\/uploads\/2018\/03\/Informatika_10-Oktatasi_projektorok.jpg\",\"contentUrl\":\"https:\/\/alexbutor.hu\/informatika\/wp-content\/uploads\/2018\/03\/Informatika_10-Oktatasi_projektorok.jpg\",\"width\":800,\"height\":560},{\"@type\":\"BreadcrumbList\",\"@id\":\"https:\/\/alexbutor.hu\/informatika\/kategoriak\/oktatasi-projektorok\/#breadcrumb\",\"itemListElement\":[{\"@type\":\"ListItem\",\"position\":1,\"name\":\"Home\",\"item\":\"https:\/\/alexbutor.hu\/informatika\/\"},{\"@type\":\"ListItem\",\"position\":2,\"name\":\"Term\u00e9kek\",\"item\":\"https:\/\/alexbutor.hu\/informatika\/kategoriak\/\"},{\"@type\":\"ListItem\",\"position\":3,\"name\":\"Oktat\u00e1si projektorok\"}]},{\"@type\":\"WebSite\",\"@id\":\"https:\/\/alexbutor.hu\/informatika\/#website\",\"url\":\"https:\/\/alexbutor.hu\/informatika\/\",\"name\":\"Informatika\",\"description\":\"Minden t\u00e9rben megold\u00e1s\",\"potentialAction\":[{\"@type\":\"SearchAction\",\"target\":{\"@type\":\"EntryPoint\",\"urlTemplate\":\"https:\/\/alexbutor.hu\/informatika\/?s={search_term_string}\"},\"query-input\":{\"@type\":\"PropertyValueSpecification\",\"valueRequired\":true,\"valueName\":\"search_term_string\"}}],\"inLanguage\":\"hu\"}]}<\/script>\n<!-- \/ Yoast SEO plugin. -->","yoast_head_json":{"title":"Oktat\u00e1si projektorok - Informatika","robots":{"index":"index","follow":"follow","max-snippet":"max-snippet:-1","max-image-preview":"max-image-preview:large","max-video-preview":"max-video-preview:-1"},"canonical":"https:\/\/alexbutor.hu\/informatika\/kategoriak\/oktatasi-projektorok\/","og_locale":"hu_HU","og_type":"article","og_title":"Oktat\u00e1si projektorok - Informatika","og_description":"K\u00f6zel vet\u00edt\u0151 fali projektorok Ultra k\u00f6zel vet\u00edt\u0151 projektorok Projektor tart\u00f3 konzolok","og_url":"https:\/\/alexbutor.hu\/informatika\/kategoriak\/oktatasi-projektorok\/","og_site_name":"Informatika","article_modified_time":"2021-06-16T16:57:23+00:00","og_image":[{"width":800,"height":560,"url":"https:\/\/alexbutor.hu\/informatika\/wp-content\/uploads\/2018\/03\/Informatika_10-Oktatasi_projektorok.jpg","type":"image\/jpeg"}],"twitter_card":"summary_large_image","schema":{"@context":"https:\/\/schema.org","@graph":[{"@type":"WebPage","@id":"https:\/\/alexbutor.hu\/informatika\/kategoriak\/oktatasi-projektorok\/","url":"https:\/\/alexbutor.hu\/informatika\/kategoriak\/oktatasi-projektorok\/","name":"Oktat\u00e1si projektorok - Informatika","isPartOf":{"@id":"https:\/\/alexbutor.hu\/informatika\/#website"},"primaryImageOfPage":{"@id":"https:\/\/alexbutor.hu\/informatika\/kategoriak\/oktatasi-projektorok\/#primaryimage"},"image":{"@id":"https:\/\/alexbutor.hu\/informatika\/kategoriak\/oktatasi-projektorok\/#primaryimage"},"thumbnailUrl":"https:\/\/alexbutor.hu\/informatika\/wp-content\/uploads\/2018\/03\/Informatika_10-Oktatasi_projektorok.jpg","datePublished":"2018-02-24T09:15:36+00:00","dateModified":"2021-06-16T16:57:23+00:00","breadcrumb":{"@id":"https:\/\/alexbutor.hu\/informatika\/kategoriak\/oktatasi-projektorok\/#breadcrumb"},"inLanguage":"hu","potentialAction":[{"@type":"ReadAction","target":["https:\/\/alexbutor.hu\/informatika\/kategoriak\/oktatasi-projektorok\/"]}]},{"@type":"ImageObject","inLanguage":"hu","@id":"https:\/\/alexbutor.hu\/informatika\/kategoriak\/oktatasi-projektorok\/#primaryimage","url":"https:\/\/alexbutor.hu\/informatika\/wp-content\/uploads\/2018\/03\/Informatika_10-Oktatasi_projektorok.jpg","contentUrl":"https:\/\/alexbutor.hu\/informatika\/wp-content\/uploads\/2018\/03\/Informatika_10-Oktatasi_projektorok.jpg","width":800,"height":560},{"@type":"BreadcrumbList","@id":"https:\/\/alexbutor.hu\/informatika\/kategoriak\/oktatasi-projektorok\/#breadcrumb","itemListElement":[{"@type":"ListItem","position":1,"name":"Home","item":"https:\/\/alexbutor.hu\/informatika\/"},{"@type":"ListItem","position":2,"name":"Term\u00e9kek","item":"https:\/\/alexbutor.hu\/informatika\/kategoriak\/"},{"@type":"ListItem","position":3,"name":"Oktat\u00e1si projektorok"}]},{"@type":"WebSite","@id":"https:\/\/alexbutor.hu\/informatika\/#website","url":"https:\/\/alexbutor.hu\/informatika\/","name":"Informatika","description":"Minden t\u00e9rben megold\u00e1s","potentialAction":[{"@type":"SearchAction","target":{"@type":"EntryPoint","urlTemplate":"https:\/\/alexbutor.hu\/informatika\/?s={search_term_string}"},"query-input":{"@type":"PropertyValueSpecification","valueRequired":true,"valueName":"search_term_string"}}],"inLanguage":"hu"}]}},"_links":{"self":[{"href":"https:\/\/alexbutor.hu\/informatika\/wp-json\/wp\/v2\/pages\/59093"}],"collection":[{"href":"https:\/\/alexbutor.hu\/informatika\/wp-json\/wp\/v2\/pages"}],"about":[{"href":"https:\/\/alexbutor.hu\/informatika\/wp-json\/wp\/v2\/types\/page"}],"author":[{"embeddable":true,"href":"https:\/\/alexbutor.hu\/informatika\/wp-json\/wp\/v2\/users\/1"}],"replies":[{"embeddable":true,"href":"https:\/\/alexbutor.hu\/informatika\/wp-json\/wp\/v2\/comments?post=59093"}],"version-history":[{"count":3,"href":"https:\/\/alexbutor.hu\/informatika\/wp-json\/wp\/v2\/pages\/59093\/revisions"}],"predecessor-version":[{"id":61513,"href":"https:\/\/alexbutor.hu\/informatika\/wp-json\/wp\/v2\/pages\/59093\/revisions\/61513"}],"up":[{"embeddable":true,"href":"https:\/\/alexbutor.hu\/informatika\/wp-json\/wp\/v2\/pages\/16"}],"wp:featuredmedia":[{"embeddable":true,"href":"https:\/\/alexbutor.hu\/informatika\/wp-json\/wp\/v2\/media\/59279"}],"wp:attachment":[{"href":"https:\/\/alexbutor.hu\/informatika\/wp-json\/wp\/v2\/media?parent=59093"}],"curies":[{"name":"wp","href":"https:\/\/api.w.org\/{rel}","templated":true}]}}