{"id":59132,"date":"2018-02-24T09:25:08","date_gmt":"2018-02-24T09:25:08","guid":{"rendered":"http:\/\/alexbutor.hu\/informatika\/?page_id=59132"},"modified":"2021-06-16T18:08:21","modified_gmt":"2021-06-16T17:08:21","slug":"fali-iskolai-tablak","status":"publish","type":"page","link":"https:\/\/alexbutor.hu\/informatika\/kategoriak\/fali-iskolai-tablak\/","title":{"rendered":"Fali iskolai t\u00e1bl\u00e1k"},"content":{"rendered":"<div class=\"butorlaposkat\">\n<li class=\"portfolio_item isotope-item\">\n<div class=\"portfolio_item_holder\">\n<figure class=\"thumbnail thumbnail__portfolio\"><a href=\"https:\/\/alexbutor.hu\/iskolabutor\/kategoriak\/iskolatablak\/classic-falitabla\/\" target=\"_blank\" class=\"image-wrap\" rel=\"noopener\"><img decoding=\"async\" src=\"https:\/\/alexbutor.hu\/informatika\/wp-content\/uploads\/2021\/06\/classic_tabla.jpg\" alt=\"Classic fali t\u00e1bl\u00e1k\"><\/a><\/figure>\n<div class=\"caption caption__portfolio\">\n<h3><a href=\"https:\/\/alexbutor.hu\/iskolabutor\/kategoriak\/iskolatablak\/classic-falitabla\/\" target=\"_blank\" rel=\"noopener\">Classic fali t\u00e1bl\u00e1k<\/a><\/h3>\n<\/div>\n<\/div>\n<\/li>\n<li class=\"portfolio_item isotope-item\">\n<div class=\"portfolio_item_holder\">\n<figure class=\"thumbnail thumbnail__portfolio\"><a href=\"https:\/\/alexbutor.hu\/iskolabutor\/kategoriak\/iskolatablak\/vario-falitabla\/\" target=\"_blank\" class=\"image-wrap\" rel=\"noopener\"><img decoding=\"async\" src=\"https:\/\/alexbutor.hu\/informatika\/wp-content\/uploads\/2021\/06\/vario_tabla.jpg\" alt=\"Vario fali t\u00e1bl\u00e1k\"><\/a><\/figure>\n<div class=\"caption caption__portfolio\">\n<h3><a href=\"https:\/\/alexbutor.hu\/iskolabutor\/kategoriak\/iskolatablak\/vario-falitabla\/\" target=\"_blank\" rel=\"noopener\">Vario fali t\u00e1bl\u00e1k<\/a><\/h3>\n<\/div>\n<\/div>\n<\/li>\n<li class=\"portfolio_item isotope-item\">\n<div class=\"portfolio_item_holder\">\n<figure class=\"thumbnail thumbnail__portfolio\"><a href=\"https:\/\/alexbutor.hu\/iskolabutor\/kategoriak\/iskolatablak\/classic-falitabla\/\" target=\"_blank\" class=\"image-wrap\" rel=\"noopener\"><img decoding=\"async\" src=\"https:\/\/alexbutor.hu\/informatika\/wp-content\/uploads\/2021\/06\/classic_oldalszarnyas_tabla.jpg\" alt=\"Classic oldalsz\u00e1rnyas t\u00e1bl\u00e1k\"><\/a><\/figure>\n<div class=\"caption caption__portfolio\">\n<h3><a href=\"https:\/\/alexbutor.hu\/iskolabutor\/kategoriak\/iskolatablak\/classic-falitabla\/\" target=\"_blank\" rel=\"noopener\">Classic oldalsz\u00e1rnyas t\u00e1bl\u00e1k<\/a><\/h3>\n<\/div>\n<\/div>\n<\/li>\n<li class=\"portfolio_item isotope-item\">\n<div class=\"portfolio_item_holder\">\n<figure class=\"thumbnail thumbnail__portfolio\"><a href=\"https:\/\/alexbutor.hu\/iskolabutor\/kategoriak\/iskolatablak\/vario-falitabla\/\" target=\"_blank\" class=\"image-wrap\" rel=\"noopener\"><img decoding=\"async\" src=\"https:\/\/alexbutor.hu\/informatika\/wp-content\/uploads\/2021\/06\/vario_oldalszarnyas_tabla.jpg\" alt=\"Vario oldalsz\u00e1rnyas t\u00e1bl\u00e1k\"><\/a><\/figure>\n<div class=\"caption caption__portfolio\">\n<h3><a href=\"https:\/\/alexbutor.hu\/iskolabutor\/kategoriak\/iskolatablak\/vario-falitabla\/\" target=\"_blank\" rel=\"noopener\">Vario oldalsz\u00e1rnyas t\u00e1bl\u00e1k<\/a><\/h3>\n<\/div>\n<\/div>\n<\/li>\n<\/div>\n","protected":false},"excerpt":{"rendered":"<p>Classic fali t\u00e1bl\u00e1k Vario fali t\u00e1bl\u00e1k Classic oldalsz\u00e1rnyas t\u00e1bl\u00e1k Vario oldalsz\u00e1rnyas t\u00e1bl\u00e1k<\/p>\n","protected":false},"author":1,"featured_media":59295,"parent":16,"menu_order":0,"comment_status":"closed","ping_status":"closed","template":"page-uj-alexsub2.php","meta":{"footnotes":""},"class_list":["post-59132","page","type-page","status-publish","has-post-thumbnail","hentry"],"yoast_head":"<!-- This site is optimized with the Yoast SEO plugin v23.5 - https:\/\/yoast.com\/wordpress\/plugins\/seo\/ -->\n<title>Fali iskolai t\u00e1bl\u00e1k - Informatika<\/title>\n<meta name=\"robots\" content=\"index, follow, max-snippet:-1, max-image-preview:large, max-video-preview:-1\" \/>\n<link rel=\"canonical\" href=\"https:\/\/alexbutor.hu\/informatika\/kategoriak\/fali-iskolai-tablak\/\" \/>\n<meta property=\"og:locale\" content=\"hu_HU\" \/>\n<meta property=\"og:type\" content=\"article\" \/>\n<meta property=\"og:title\" content=\"Fali iskolai t\u00e1bl\u00e1k - Informatika\" \/>\n<meta property=\"og:description\" content=\"Classic fali t\u00e1bl\u00e1k Vario fali t\u00e1bl\u00e1k Classic oldalsz\u00e1rnyas t\u00e1bl\u00e1k Vario oldalsz\u00e1rnyas t\u00e1bl\u00e1k\" \/>\n<meta property=\"og:url\" content=\"https:\/\/alexbutor.hu\/informatika\/kategoriak\/fali-iskolai-tablak\/\" \/>\n<meta property=\"og:site_name\" content=\"Informatika\" \/>\n<meta property=\"article:modified_time\" content=\"2021-06-16T17:08:21+00:00\" \/>\n<meta property=\"og:image\" content=\"https:\/\/alexbutor.hu\/informatika\/wp-content\/uploads\/2018\/03\/Informatika_26-Fali_iskolai_tablak.jpg\" \/>\n\t<meta property=\"og:image:width\" content=\"800\" \/>\n\t<meta property=\"og:image:height\" content=\"560\" \/>\n\t<meta property=\"og:image:type\" content=\"image\/jpeg\" \/>\n<meta name=\"twitter:card\" content=\"summary_large_image\" \/>\n<script type=\"application\/ld+json\" class=\"yoast-schema-graph\">{\"@context\":\"https:\/\/schema.org\",\"@graph\":[{\"@type\":\"WebPage\",\"@id\":\"https:\/\/alexbutor.hu\/informatika\/kategoriak\/fali-iskolai-tablak\/\",\"url\":\"https:\/\/alexbutor.hu\/informatika\/kategoriak\/fali-iskolai-tablak\/\",\"name\":\"Fali iskolai t\u00e1bl\u00e1k - Informatika\",\"isPartOf\":{\"@id\":\"https:\/\/alexbutor.hu\/informatika\/#website\"},\"primaryImageOfPage\":{\"@id\":\"https:\/\/alexbutor.hu\/informatika\/kategoriak\/fali-iskolai-tablak\/#primaryimage\"},\"image\":{\"@id\":\"https:\/\/alexbutor.hu\/informatika\/kategoriak\/fali-iskolai-tablak\/#primaryimage\"},\"thumbnailUrl\":\"https:\/\/alexbutor.hu\/informatika\/wp-content\/uploads\/2018\/03\/Informatika_26-Fali_iskolai_tablak.jpg\",\"datePublished\":\"2018-02-24T09:25:08+00:00\",\"dateModified\":\"2021-06-16T17:08:21+00:00\",\"breadcrumb\":{\"@id\":\"https:\/\/alexbutor.hu\/informatika\/kategoriak\/fali-iskolai-tablak\/#breadcrumb\"},\"inLanguage\":\"hu\",\"potentialAction\":[{\"@type\":\"ReadAction\",\"target\":[\"https:\/\/alexbutor.hu\/informatika\/kategoriak\/fali-iskolai-tablak\/\"]}]},{\"@type\":\"ImageObject\",\"inLanguage\":\"hu\",\"@id\":\"https:\/\/alexbutor.hu\/informatika\/kategoriak\/fali-iskolai-tablak\/#primaryimage\",\"url\":\"https:\/\/alexbutor.hu\/informatika\/wp-content\/uploads\/2018\/03\/Informatika_26-Fali_iskolai_tablak.jpg\",\"contentUrl\":\"https:\/\/alexbutor.hu\/informatika\/wp-content\/uploads\/2018\/03\/Informatika_26-Fali_iskolai_tablak.jpg\",\"width\":800,\"height\":560},{\"@type\":\"BreadcrumbList\",\"@id\":\"https:\/\/alexbutor.hu\/informatika\/kategoriak\/fali-iskolai-tablak\/#breadcrumb\",\"itemListElement\":[{\"@type\":\"ListItem\",\"position\":1,\"name\":\"Home\",\"item\":\"https:\/\/alexbutor.hu\/informatika\/\"},{\"@type\":\"ListItem\",\"position\":2,\"name\":\"Term\u00e9kek\",\"item\":\"https:\/\/alexbutor.hu\/informatika\/kategoriak\/\"},{\"@type\":\"ListItem\",\"position\":3,\"name\":\"Fali iskolai t\u00e1bl\u00e1k\"}]},{\"@type\":\"WebSite\",\"@id\":\"https:\/\/alexbutor.hu\/informatika\/#website\",\"url\":\"https:\/\/alexbutor.hu\/informatika\/\",\"name\":\"Informatika\",\"description\":\"Minden t\u00e9rben megold\u00e1s\",\"potentialAction\":[{\"@type\":\"SearchAction\",\"target\":{\"@type\":\"EntryPoint\",\"urlTemplate\":\"https:\/\/alexbutor.hu\/informatika\/?s={search_term_string}\"},\"query-input\":{\"@type\":\"PropertyValueSpecification\",\"valueRequired\":true,\"valueName\":\"search_term_string\"}}],\"inLanguage\":\"hu\"}]}<\/script>\n<!-- \/ Yoast SEO plugin. -->","yoast_head_json":{"title":"Fali iskolai t\u00e1bl\u00e1k - Informatika","robots":{"index":"index","follow":"follow","max-snippet":"max-snippet:-1","max-image-preview":"max-image-preview:large","max-video-preview":"max-video-preview:-1"},"canonical":"https:\/\/alexbutor.hu\/informatika\/kategoriak\/fali-iskolai-tablak\/","og_locale":"hu_HU","og_type":"article","og_title":"Fali iskolai t\u00e1bl\u00e1k - Informatika","og_description":"Classic fali t\u00e1bl\u00e1k Vario fali t\u00e1bl\u00e1k Classic oldalsz\u00e1rnyas t\u00e1bl\u00e1k Vario oldalsz\u00e1rnyas t\u00e1bl\u00e1k","og_url":"https:\/\/alexbutor.hu\/informatika\/kategoriak\/fali-iskolai-tablak\/","og_site_name":"Informatika","article_modified_time":"2021-06-16T17:08:21+00:00","og_image":[{"width":800,"height":560,"url":"https:\/\/alexbutor.hu\/informatika\/wp-content\/uploads\/2018\/03\/Informatika_26-Fali_iskolai_tablak.jpg","type":"image\/jpeg"}],"twitter_card":"summary_large_image","schema":{"@context":"https:\/\/schema.org","@graph":[{"@type":"WebPage","@id":"https:\/\/alexbutor.hu\/informatika\/kategoriak\/fali-iskolai-tablak\/","url":"https:\/\/alexbutor.hu\/informatika\/kategoriak\/fali-iskolai-tablak\/","name":"Fali iskolai t\u00e1bl\u00e1k - Informatika","isPartOf":{"@id":"https:\/\/alexbutor.hu\/informatika\/#website"},"primaryImageOfPage":{"@id":"https:\/\/alexbutor.hu\/informatika\/kategoriak\/fali-iskolai-tablak\/#primaryimage"},"image":{"@id":"https:\/\/alexbutor.hu\/informatika\/kategoriak\/fali-iskolai-tablak\/#primaryimage"},"thumbnailUrl":"https:\/\/alexbutor.hu\/informatika\/wp-content\/uploads\/2018\/03\/Informatika_26-Fali_iskolai_tablak.jpg","datePublished":"2018-02-24T09:25:08+00:00","dateModified":"2021-06-16T17:08:21+00:00","breadcrumb":{"@id":"https:\/\/alexbutor.hu\/informatika\/kategoriak\/fali-iskolai-tablak\/#breadcrumb"},"inLanguage":"hu","potentialAction":[{"@type":"ReadAction","target":["https:\/\/alexbutor.hu\/informatika\/kategoriak\/fali-iskolai-tablak\/"]}]},{"@type":"ImageObject","inLanguage":"hu","@id":"https:\/\/alexbutor.hu\/informatika\/kategoriak\/fali-iskolai-tablak\/#primaryimage","url":"https:\/\/alexbutor.hu\/informatika\/wp-content\/uploads\/2018\/03\/Informatika_26-Fali_iskolai_tablak.jpg","contentUrl":"https:\/\/alexbutor.hu\/informatika\/wp-content\/uploads\/2018\/03\/Informatika_26-Fali_iskolai_tablak.jpg","width":800,"height":560},{"@type":"BreadcrumbList","@id":"https:\/\/alexbutor.hu\/informatika\/kategoriak\/fali-iskolai-tablak\/#breadcrumb","itemListElement":[{"@type":"ListItem","position":1,"name":"Home","item":"https:\/\/alexbutor.hu\/informatika\/"},{"@type":"ListItem","position":2,"name":"Term\u00e9kek","item":"https:\/\/alexbutor.hu\/informatika\/kategoriak\/"},{"@type":"ListItem","position":3,"name":"Fali iskolai t\u00e1bl\u00e1k"}]},{"@type":"WebSite","@id":"https:\/\/alexbutor.hu\/informatika\/#website","url":"https:\/\/alexbutor.hu\/informatika\/","name":"Informatika","description":"Minden t\u00e9rben megold\u00e1s","potentialAction":[{"@type":"SearchAction","target":{"@type":"EntryPoint","urlTemplate":"https:\/\/alexbutor.hu\/informatika\/?s={search_term_string}"},"query-input":{"@type":"PropertyValueSpecification","valueRequired":true,"valueName":"search_term_string"}}],"inLanguage":"hu"}]}},"_links":{"self":[{"href":"https:\/\/alexbutor.hu\/informatika\/wp-json\/wp\/v2\/pages\/59132"}],"collection":[{"href":"https:\/\/alexbutor.hu\/informatika\/wp-json\/wp\/v2\/pages"}],"about":[{"href":"https:\/\/alexbutor.hu\/informatika\/wp-json\/wp\/v2\/types\/page"}],"author":[{"embeddable":true,"href":"https:\/\/alexbutor.hu\/informatika\/wp-json\/wp\/v2\/users\/1"}],"replies":[{"embeddable":true,"href":"https:\/\/alexbutor.hu\/informatika\/wp-json\/wp\/v2\/comments?post=59132"}],"version-history":[{"count":3,"href":"https:\/\/alexbutor.hu\/informatika\/wp-json\/wp\/v2\/pages\/59132\/revisions"}],"predecessor-version":[{"id":61517,"href":"https:\/\/alexbutor.hu\/informatika\/wp-json\/wp\/v2\/pages\/59132\/revisions\/61517"}],"up":[{"embeddable":true,"href":"https:\/\/alexbutor.hu\/informatika\/wp-json\/wp\/v2\/pages\/16"}],"wp:featuredmedia":[{"embeddable":true,"href":"https:\/\/alexbutor.hu\/informatika\/wp-json\/wp\/v2\/media\/59295"}],"wp:attachment":[{"href":"https:\/\/alexbutor.hu\/informatika\/wp-json\/wp\/v2\/media?parent=59132"}],"curies":[{"name":"wp","href":"https:\/\/api.w.org\/{rel}","templated":true}]}}