{"id":11,"date":"2016-06-08T07:57:17","date_gmt":"2016-06-08T07:57:17","guid":{"rendered":"http:\/\/szallodabutor.hu\/?page_id=7"},"modified":"2022-12-16T08:51:01","modified_gmt":"2022-12-16T07:51:01","slug":"fooldal","status":"publish","type":"page","link":"https:\/\/alexbutor.hu\/irodabutor\/","title":{"rendered":"F\u0151oldal"},"content":{"rendered":"<div id=\"wppb-builder-container\" class=\"wppb-builder-container\"><\/div>","protected":false},"excerpt":{"rendered":"","protected":false},"author":3,"featured_media":0,"parent":0,"menu_order":0,"comment_status":"closed","ping_status":"closed","template":"page-home.php","meta":{"footnotes":""},"class_list":["post-11","page","type-page","status-publish","hentry"],"yoast_head":"<!-- This site is optimized with the Yoast SEO plugin v23.5 - https:\/\/yoast.com\/wordpress\/plugins\/seo\/ -->\n<title>F\u0151oldal - Irodab\u00fator<\/title>\n<meta name=\"description\" content=\"N\u00e1lunk szem\u00e9lyesen kipr\u00f3b\u00e1lhat t\u00f6bb sz\u00e1z kiv\u00e1l\u00f3 b\u00fatort, \u00f6tletet mer\u00edtve az \u00e9lm\u00e9nyb\u0151l. Zs\u00e1mb\u00e9ki telephely\u00fcnk bejelentkez\u00e9s alapj\u00e1n v\u00e1rjuk az \u00e9rdekl\u0151d\u0151ket.\" \/>\n<meta name=\"robots\" content=\"index, follow, max-snippet:-1, max-image-preview:large, max-video-preview:-1\" \/>\n<link rel=\"canonical\" href=\"https:\/\/alexbutor.hu\/irodabutor\/\" \/>\n<meta property=\"og:locale\" content=\"hu_HU\" \/>\n<meta property=\"og:type\" content=\"article\" \/>\n<meta property=\"og:title\" content=\"F\u0151oldal - Irodab\u00fator\" \/>\n<meta property=\"og:description\" content=\"N\u00e1lunk szem\u00e9lyesen kipr\u00f3b\u00e1lhat t\u00f6bb sz\u00e1z kiv\u00e1l\u00f3 b\u00fatort, \u00f6tletet mer\u00edtve az \u00e9lm\u00e9nyb\u0151l. Zs\u00e1mb\u00e9ki telephely\u00fcnk bejelentkez\u00e9s alapj\u00e1n v\u00e1rjuk az \u00e9rdekl\u0151d\u0151ket.\" \/>\n<meta property=\"og:url\" content=\"https:\/\/alexbutor.hu\/irodabutor\/\" \/>\n<meta property=\"og:site_name\" content=\"Irodab\u00fator\" \/>\n<meta property=\"article:modified_time\" content=\"2022-12-16T07:51:01+00:00\" \/>\n<meta name=\"twitter:card\" content=\"summary_large_image\" \/>\n<script type=\"application\/ld+json\" class=\"yoast-schema-graph\">{\"@context\":\"https:\/\/schema.org\",\"@graph\":[{\"@type\":\"WebPage\",\"@id\":\"https:\/\/alexbutor.hu\/irodabutor\/\",\"url\":\"https:\/\/alexbutor.hu\/irodabutor\/\",\"name\":\"F\u0151oldal - Irodab\u00fator\",\"isPartOf\":{\"@id\":\"https:\/\/alexbutor.hu\/irodabutor\/#website\"},\"datePublished\":\"2016-06-08T07:57:17+00:00\",\"dateModified\":\"2022-12-16T07:51:01+00:00\",\"description\":\"N\u00e1lunk szem\u00e9lyesen kipr\u00f3b\u00e1lhat t\u00f6bb sz\u00e1z kiv\u00e1l\u00f3 b\u00fatort, \u00f6tletet mer\u00edtve az \u00e9lm\u00e9nyb\u0151l. Zs\u00e1mb\u00e9ki telephely\u00fcnk bejelentkez\u00e9s alapj\u00e1n v\u00e1rjuk az \u00e9rdekl\u0151d\u0151ket.\",\"breadcrumb\":{\"@id\":\"https:\/\/alexbutor.hu\/irodabutor\/#breadcrumb\"},\"inLanguage\":\"hu\",\"potentialAction\":[{\"@type\":\"ReadAction\",\"target\":[\"https:\/\/alexbutor.hu\/irodabutor\/\"]}]},{\"@type\":\"BreadcrumbList\",\"@id\":\"https:\/\/alexbutor.hu\/irodabutor\/#breadcrumb\",\"itemListElement\":[{\"@type\":\"ListItem\",\"position\":1,\"name\":\"Home\",\"item\":\"https:\/\/alexbutor.hu\/irodabutor\/\"},{\"@type\":\"ListItem\",\"position\":2,\"name\":\"F\u0151oldal\"}]},{\"@type\":\"WebSite\",\"@id\":\"https:\/\/alexbutor.hu\/irodabutor\/#website\",\"url\":\"https:\/\/alexbutor.hu\/irodabutor\/\",\"name\":\"Irodab\u00fator\",\"description\":\"Minden t\u00e9rben megold\u00e1s\",\"potentialAction\":[{\"@type\":\"SearchAction\",\"target\":{\"@type\":\"EntryPoint\",\"urlTemplate\":\"https:\/\/alexbutor.hu\/irodabutor\/?s={search_term_string}\"},\"query-input\":{\"@type\":\"PropertyValueSpecification\",\"valueRequired\":true,\"valueName\":\"search_term_string\"}}],\"inLanguage\":\"hu\"}]}<\/script>\n<!-- \/ Yoast SEO plugin. -->","yoast_head_json":{"title":"F\u0151oldal - Irodab\u00fator","description":"N\u00e1lunk szem\u00e9lyesen kipr\u00f3b\u00e1lhat t\u00f6bb sz\u00e1z kiv\u00e1l\u00f3 b\u00fatort, \u00f6tletet mer\u00edtve az \u00e9lm\u00e9nyb\u0151l. Zs\u00e1mb\u00e9ki telephely\u00fcnk bejelentkez\u00e9s alapj\u00e1n v\u00e1rjuk az \u00e9rdekl\u0151d\u0151ket.","robots":{"index":"index","follow":"follow","max-snippet":"max-snippet:-1","max-image-preview":"max-image-preview:large","max-video-preview":"max-video-preview:-1"},"canonical":"https:\/\/alexbutor.hu\/irodabutor\/","og_locale":"hu_HU","og_type":"article","og_title":"F\u0151oldal - Irodab\u00fator","og_description":"N\u00e1lunk szem\u00e9lyesen kipr\u00f3b\u00e1lhat t\u00f6bb sz\u00e1z kiv\u00e1l\u00f3 b\u00fatort, \u00f6tletet mer\u00edtve az \u00e9lm\u00e9nyb\u0151l. Zs\u00e1mb\u00e9ki telephely\u00fcnk bejelentkez\u00e9s alapj\u00e1n v\u00e1rjuk az \u00e9rdekl\u0151d\u0151ket.","og_url":"https:\/\/alexbutor.hu\/irodabutor\/","og_site_name":"Irodab\u00fator","article_modified_time":"2022-12-16T07:51:01+00:00","twitter_card":"summary_large_image","schema":{"@context":"https:\/\/schema.org","@graph":[{"@type":"WebPage","@id":"https:\/\/alexbutor.hu\/irodabutor\/","url":"https:\/\/alexbutor.hu\/irodabutor\/","name":"F\u0151oldal - Irodab\u00fator","isPartOf":{"@id":"https:\/\/alexbutor.hu\/irodabutor\/#website"},"datePublished":"2016-06-08T07:57:17+00:00","dateModified":"2022-12-16T07:51:01+00:00","description":"N\u00e1lunk szem\u00e9lyesen kipr\u00f3b\u00e1lhat t\u00f6bb sz\u00e1z kiv\u00e1l\u00f3 b\u00fatort, \u00f6tletet mer\u00edtve az \u00e9lm\u00e9nyb\u0151l. Zs\u00e1mb\u00e9ki telephely\u00fcnk bejelentkez\u00e9s alapj\u00e1n v\u00e1rjuk az \u00e9rdekl\u0151d\u0151ket.","breadcrumb":{"@id":"https:\/\/alexbutor.hu\/irodabutor\/#breadcrumb"},"inLanguage":"hu","potentialAction":[{"@type":"ReadAction","target":["https:\/\/alexbutor.hu\/irodabutor\/"]}]},{"@type":"BreadcrumbList","@id":"https:\/\/alexbutor.hu\/irodabutor\/#breadcrumb","itemListElement":[{"@type":"ListItem","position":1,"name":"Home","item":"https:\/\/alexbutor.hu\/irodabutor\/"},{"@type":"ListItem","position":2,"name":"F\u0151oldal"}]},{"@type":"WebSite","@id":"https:\/\/alexbutor.hu\/irodabutor\/#website","url":"https:\/\/alexbutor.hu\/irodabutor\/","name":"Irodab\u00fator","description":"Minden t\u00e9rben megold\u00e1s","potentialAction":[{"@type":"SearchAction","target":{"@type":"EntryPoint","urlTemplate":"https:\/\/alexbutor.hu\/irodabutor\/?s={search_term_string}"},"query-input":{"@type":"PropertyValueSpecification","valueRequired":true,"valueName":"search_term_string"}}],"inLanguage":"hu"}]}},"_links":{"self":[{"href":"https:\/\/alexbutor.hu\/irodabutor\/wp-json\/wp\/v2\/pages\/11"}],"collection":[{"href":"https:\/\/alexbutor.hu\/irodabutor\/wp-json\/wp\/v2\/pages"}],"about":[{"href":"https:\/\/alexbutor.hu\/irodabutor\/wp-json\/wp\/v2\/types\/page"}],"author":[{"embeddable":true,"href":"https:\/\/alexbutor.hu\/irodabutor\/wp-json\/wp\/v2\/users\/3"}],"replies":[{"embeddable":true,"href":"https:\/\/alexbutor.hu\/irodabutor\/wp-json\/wp\/v2\/comments?post=11"}],"version-history":[{"count":3,"href":"https:\/\/alexbutor.hu\/irodabutor\/wp-json\/wp\/v2\/pages\/11\/revisions"}],"predecessor-version":[{"id":78400,"href":"https:\/\/alexbutor.hu\/irodabutor\/wp-json\/wp\/v2\/pages\/11\/revisions\/78400"}],"wp:attachment":[{"href":"https:\/\/alexbutor.hu\/irodabutor\/wp-json\/wp\/v2\/media?parent=11"}],"curies":[{"name":"wp","href":"https:\/\/api.w.org\/{rel}","templated":true}]}}