{"id":14,"date":"2016-06-08T07:58:17","date_gmt":"2016-06-08T07:58:17","guid":{"rendered":"http:\/\/szallodabutor.hu\/?page_id=13"},"modified":"2025-12-01T16:37:30","modified_gmt":"2025-12-01T15:37:30","slug":"katalogusok","status":"publish","type":"page","link":"https:\/\/alexbutor.hu\/irodabutor\/katalogusok\/","title":{"rendered":"Katal\u00f3gusok"},"content":{"rendered":"<div class=\"row \"><div class=\"span12 \"><strong>A katal\u00f3gusaink gyors megtekint\u00e9s\u00e9hez k\u00e9rj\u00fck kattintson a k\u00e9pekre.<\/strong><\/div><\/div><!-- .row (end) -->\n<div class=\"row \">\n<div class=\"span6 \">\r\n\t<a href=\"https:\/\/alexbutor.hu\/irodabutor\/katalogusok\/irodabutor-katalogus-2025\/\" class=\"katalogus-desktop\">\r\n\t\t<img decoding=\"async\" src=\"https:\/\/alexbutor.hu\/irodabutor\/wp-content\/uploads\/2025\/05\/Irodamockup.png\" alt=\"Irodab\u00fator Katal\u00f3gus 2025\" class=\"alignnone size-large\" \/>\r\n\t<\/a>\r\n\t<a href=\"https:\/\/alexbutor.hu\/irodabutor\/wp-content\/uploads\/2025\/05\/2025-04-25__Alex-butor-v3-comp.pdf\" class=\"katalogus-mobile\" target=\"_blank\">\r\n\t\t<img decoding=\"async\" src=\"https:\/\/alexbutor.hu\/irodabutor\/wp-content\/uploads\/2025\/05\/Irodamockup.png\" alt=\"Irodab\u00fator Katal\u00f3gus 2025\" class=\"alignnone size-large\" \/>\r\n\t<\/a>\r\n\t<h3>Irodab\u00fator Katal\u00f3gus 2025<\/h3><a href=\"https:\/\/alexbutor.hu\/irodabutor\/wp-content\/uploads\/2025\/05\/2025-04-25__Alex-butor-v3-comp.pdf\" target=\"_blank\"><p>PDF let\u00f6lt\u00e9s<\/p><\/a>\r\n\t<\/div>\n<div class=\"span6 \">\r\n\t<a href=\"https:\/\/alexbutor.hu\/irodabutor\/katalogusok\/szemelyre-szabhato-iroda\/\" class=\"katalogus-desktop\">\r\n\t\t<img decoding=\"async\" src=\"https:\/\/alexbutor.hu\/irodabutor\/wp-content\/uploads\/2025\/12\/IrodaMailing_Mockup_1.webp\" alt=\"Szem\u00e9lyre szabhat\u00f3 iroda\" class=\"alignnone size-large\" \/>\r\n\t<\/a>\r\n\t<a href=\"https:\/\/alexbutor.hu\/irodabutor\/wp-content\/uploads\/2025\/12\/IRODAmailing_2025.10.02.JAVITOTT.pdf\" class=\"katalogus-mobile\" target=\"_blank\">\r\n\t\t<img decoding=\"async\" src=\"https:\/\/alexbutor.hu\/irodabutor\/wp-content\/uploads\/2025\/12\/IrodaMailing_Mockup_1.webp\" alt=\"Szem\u00e9lyre szabhat\u00f3 iroda\" class=\"alignnone size-large\" \/>\r\n\t<\/a>\r\n\t<h3>Szem\u00e9lyre szabhat\u00f3 iroda<\/h3><a href=\"https:\/\/alexbutor.hu\/irodabutor\/wp-content\/uploads\/2025\/12\/IRODAmailing_2025.10.02.JAVITOTT.pdf\" target=\"_blank\"><p>PDF let\u00f6lt\u00e9s<\/p><\/a>\r\n\t<\/div>\n<\/div><!-- .row (end) -->\n<div class=\"row \">\n<div class=\"span6 \"><a href=\"https:\/\/alexbutor.hu\/irodabutor\/katalogusok\/butorozzon-keszletrol-2023-11\/\"><img loading=\"lazy\" decoding=\"async\" src=\"https:\/\/alexbutor.hu\/irodabutor\/wp-content\/uploads\/2023\/11\/latvany_iroda_mailing-1024x700.png\" alt=\"\" width=\"604\" height=\"413\" class=\"aligncenter size-large wp-image-93171\" srcset=\"https:\/\/alexbutor.hu\/irodabutor\/wp-content\/uploads\/2023\/11\/latvany_iroda_mailing-1024x700.png 1024w, https:\/\/alexbutor.hu\/irodabutor\/wp-content\/uploads\/2023\/11\/latvany_iroda_mailing-300x205.png 300w, https:\/\/alexbutor.hu\/irodabutor\/wp-content\/uploads\/2023\/11\/latvany_iroda_mailing-768x525.png 768w, https:\/\/alexbutor.hu\/irodabutor\/wp-content\/uploads\/2023\/11\/latvany_iroda_mailing-1536x1051.png 1536w, https:\/\/alexbutor.hu\/irodabutor\/wp-content\/uploads\/2023\/11\/latvany_iroda_mailing-2048x1401.png 2048w, https:\/\/alexbutor.hu\/irodabutor\/wp-content\/uploads\/2023\/11\/latvany_iroda_mailing-366x250.png 366w, https:\/\/alexbutor.hu\/irodabutor\/wp-content\/uploads\/2023\/11\/latvany_iroda_mailing-731x500.png 731w\" sizes=\"(max-width: 604px) 100vw, 604px\" \/><\/a><\/p>\n<h3>K\u00e9szletes term\u00e9keink<\/h3>\n<p><a href=\"https:\/\/alexbutor.hu\/irodabutor\/wp-content\/uploads\/2023\/11\/november_iroda_oltozo_mailing_a5.pdf\" target=\"_blank\" rel=\"noopener\"><\/p>\n<p>PDF let\u00f6lt\u00e9s<\/p>\n<p><\/a><br \/><\/div>\n<div class=\"span6 \"><a href=\"https:\/\/alexbutor.hu\/irodabutor\/katalogusok\/pontis\/\"><img loading=\"lazy\" decoding=\"async\" class=\"aligncenter size-full\" src=\"https:\/\/alexbutor.hu\/irodabutor\/wp-content\/uploads\/2023\/08\/latvany_pontis_mailing.png\" alt=\"Pontis\" width=\"600\" height=\"377\" \/><\/a><\/p>\n<h3>Pontis<\/h3>\n<p><a href=\"https:\/\/alexbutor.hu\/irodabutor\/wp-content\/uploads\/2023\/08\/pontis_mailing.pdf\" target=\"_blank\" rel=\"noopener\"><\/p>\n<p>PDF let\u00f6lt\u00e9s<\/p>\n<p><\/a><br \/><\/div>\n<\/div><!-- .row (end) -->\n<div class=\"spacer\"><\/div><!-- .spacer (end) -->\n","protected":false},"excerpt":{"rendered":"","protected":false},"author":3,"featured_media":0,"parent":0,"menu_order":0,"comment_status":"closed","ping_status":"closed","template":"page-fullwidth.php","meta":{"footnotes":""},"class_list":["post-14","page","type-page","status-publish","hentry"],"yoast_head":"<!-- This site is optimized with the Yoast SEO plugin v23.5 - https:\/\/yoast.com\/wordpress\/plugins\/seo\/ -->\n<title>Katal\u00f3gusok - Irodab\u00fator<\/title>\n<meta name=\"robots\" content=\"index, follow, max-snippet:-1, max-image-preview:large, max-video-preview:-1\" \/>\n<link rel=\"canonical\" href=\"https:\/\/alexbutor.hu\/irodabutor\/katalogusok\/\" \/>\n<meta property=\"og:locale\" content=\"hu_HU\" \/>\n<meta property=\"og:type\" content=\"article\" \/>\n<meta property=\"og:title\" content=\"Katal\u00f3gusok - Irodab\u00fator\" \/>\n<meta property=\"og:url\" content=\"https:\/\/alexbutor.hu\/irodabutor\/katalogusok\/\" \/>\n<meta property=\"og:site_name\" content=\"Irodab\u00fator\" \/>\n<meta property=\"article:modified_time\" content=\"2025-12-01T15:37:30+00:00\" \/>\n<meta property=\"og:image\" content=\"https:\/\/alexbutor.hu\/irodabutor\/wp-content\/uploads\/2023\/11\/latvany_iroda_mailing-1024x700.png\" \/>\n<meta name=\"twitter:card\" content=\"summary_large_image\" \/>\n<meta name=\"twitter:label1\" content=\"Becs\u00fclt olvas\u00e1si id\u0151\" \/>\n\t<meta name=\"twitter:data1\" content=\"1 perc\" \/>\n<script type=\"application\/ld+json\" class=\"yoast-schema-graph\">{\"@context\":\"https:\/\/schema.org\",\"@graph\":[{\"@type\":\"WebPage\",\"@id\":\"https:\/\/alexbutor.hu\/irodabutor\/katalogusok\/\",\"url\":\"https:\/\/alexbutor.hu\/irodabutor\/katalogusok\/\",\"name\":\"Katal\u00f3gusok - Irodab\u00fator\",\"isPartOf\":{\"@id\":\"https:\/\/alexbutor.hu\/irodabutor\/#website\"},\"primaryImageOfPage\":{\"@id\":\"https:\/\/alexbutor.hu\/irodabutor\/katalogusok\/#primaryimage\"},\"image\":{\"@id\":\"https:\/\/alexbutor.hu\/irodabutor\/katalogusok\/#primaryimage\"},\"thumbnailUrl\":\"https:\/\/alexbutor.hu\/irodabutor\/wp-content\/uploads\/2023\/11\/latvany_iroda_mailing-1024x700.png\",\"datePublished\":\"2016-06-08T07:58:17+00:00\",\"dateModified\":\"2025-12-01T15:37:30+00:00\",\"breadcrumb\":{\"@id\":\"https:\/\/alexbutor.hu\/irodabutor\/katalogusok\/#breadcrumb\"},\"inLanguage\":\"hu\",\"potentialAction\":[{\"@type\":\"ReadAction\",\"target\":[\"https:\/\/alexbutor.hu\/irodabutor\/katalogusok\/\"]}]},{\"@type\":\"ImageObject\",\"inLanguage\":\"hu\",\"@id\":\"https:\/\/alexbutor.hu\/irodabutor\/katalogusok\/#primaryimage\",\"url\":\"https:\/\/alexbutor.hu\/irodabutor\/wp-content\/uploads\/2023\/11\/latvany_iroda_mailing.png\",\"contentUrl\":\"https:\/\/alexbutor.hu\/irodabutor\/wp-content\/uploads\/2023\/11\/latvany_iroda_mailing.png\",\"width\":2857,\"height\":1954},{\"@type\":\"BreadcrumbList\",\"@id\":\"https:\/\/alexbutor.hu\/irodabutor\/katalogusok\/#breadcrumb\",\"itemListElement\":[{\"@type\":\"ListItem\",\"position\":1,\"name\":\"Home\",\"item\":\"https:\/\/alexbutor.hu\/irodabutor\/\"},{\"@type\":\"ListItem\",\"position\":2,\"name\":\"Katal\u00f3gusok\"}]},{\"@type\":\"WebSite\",\"@id\":\"https:\/\/alexbutor.hu\/irodabutor\/#website\",\"url\":\"https:\/\/alexbutor.hu\/irodabutor\/\",\"name\":\"Irodab\u00fator\",\"description\":\"Minden t\u00e9rben megold\u00e1s\",\"potentialAction\":[{\"@type\":\"SearchAction\",\"target\":{\"@type\":\"EntryPoint\",\"urlTemplate\":\"https:\/\/alexbutor.hu\/irodabutor\/?s={search_term_string}\"},\"query-input\":{\"@type\":\"PropertyValueSpecification\",\"valueRequired\":true,\"valueName\":\"search_term_string\"}}],\"inLanguage\":\"hu\"}]}<\/script>\n<!-- \/ Yoast SEO plugin. -->","yoast_head_json":{"title":"Katal\u00f3gusok - Irodab\u00fator","robots":{"index":"index","follow":"follow","max-snippet":"max-snippet:-1","max-image-preview":"max-image-preview:large","max-video-preview":"max-video-preview:-1"},"canonical":"https:\/\/alexbutor.hu\/irodabutor\/katalogusok\/","og_locale":"hu_HU","og_type":"article","og_title":"Katal\u00f3gusok - Irodab\u00fator","og_url":"https:\/\/alexbutor.hu\/irodabutor\/katalogusok\/","og_site_name":"Irodab\u00fator","article_modified_time":"2025-12-01T15:37:30+00:00","og_image":[{"url":"https:\/\/alexbutor.hu\/irodabutor\/wp-content\/uploads\/2023\/11\/latvany_iroda_mailing-1024x700.png"}],"twitter_card":"summary_large_image","twitter_misc":{"Becs\u00fclt olvas\u00e1si id\u0151":"1 perc"},"schema":{"@context":"https:\/\/schema.org","@graph":[{"@type":"WebPage","@id":"https:\/\/alexbutor.hu\/irodabutor\/katalogusok\/","url":"https:\/\/alexbutor.hu\/irodabutor\/katalogusok\/","name":"Katal\u00f3gusok - Irodab\u00fator","isPartOf":{"@id":"https:\/\/alexbutor.hu\/irodabutor\/#website"},"primaryImageOfPage":{"@id":"https:\/\/alexbutor.hu\/irodabutor\/katalogusok\/#primaryimage"},"image":{"@id":"https:\/\/alexbutor.hu\/irodabutor\/katalogusok\/#primaryimage"},"thumbnailUrl":"https:\/\/alexbutor.hu\/irodabutor\/wp-content\/uploads\/2023\/11\/latvany_iroda_mailing-1024x700.png","datePublished":"2016-06-08T07:58:17+00:00","dateModified":"2025-12-01T15:37:30+00:00","breadcrumb":{"@id":"https:\/\/alexbutor.hu\/irodabutor\/katalogusok\/#breadcrumb"},"inLanguage":"hu","potentialAction":[{"@type":"ReadAction","target":["https:\/\/alexbutor.hu\/irodabutor\/katalogusok\/"]}]},{"@type":"ImageObject","inLanguage":"hu","@id":"https:\/\/alexbutor.hu\/irodabutor\/katalogusok\/#primaryimage","url":"https:\/\/alexbutor.hu\/irodabutor\/wp-content\/uploads\/2023\/11\/latvany_iroda_mailing.png","contentUrl":"https:\/\/alexbutor.hu\/irodabutor\/wp-content\/uploads\/2023\/11\/latvany_iroda_mailing.png","width":2857,"height":1954},{"@type":"BreadcrumbList","@id":"https:\/\/alexbutor.hu\/irodabutor\/katalogusok\/#breadcrumb","itemListElement":[{"@type":"ListItem","position":1,"name":"Home","item":"https:\/\/alexbutor.hu\/irodabutor\/"},{"@type":"ListItem","position":2,"name":"Katal\u00f3gusok"}]},{"@type":"WebSite","@id":"https:\/\/alexbutor.hu\/irodabutor\/#website","url":"https:\/\/alexbutor.hu\/irodabutor\/","name":"Irodab\u00fator","description":"Minden t\u00e9rben megold\u00e1s","potentialAction":[{"@type":"SearchAction","target":{"@type":"EntryPoint","urlTemplate":"https:\/\/alexbutor.hu\/irodabutor\/?s={search_term_string}"},"query-input":{"@type":"PropertyValueSpecification","valueRequired":true,"valueName":"search_term_string"}}],"inLanguage":"hu"}]}},"_links":{"self":[{"href":"https:\/\/alexbutor.hu\/irodabutor\/wp-json\/wp\/v2\/pages\/14"}],"collection":[{"href":"https:\/\/alexbutor.hu\/irodabutor\/wp-json\/wp\/v2\/pages"}],"about":[{"href":"https:\/\/alexbutor.hu\/irodabutor\/wp-json\/wp\/v2\/types\/page"}],"author":[{"embeddable":true,"href":"https:\/\/alexbutor.hu\/irodabutor\/wp-json\/wp\/v2\/users\/3"}],"replies":[{"embeddable":true,"href":"https:\/\/alexbutor.hu\/irodabutor\/wp-json\/wp\/v2\/comments?post=14"}],"version-history":[{"count":8,"href":"https:\/\/alexbutor.hu\/irodabutor\/wp-json\/wp\/v2\/pages\/14\/revisions"}],"predecessor-version":[{"id":114323,"href":"https:\/\/alexbutor.hu\/irodabutor\/wp-json\/wp\/v2\/pages\/14\/revisions\/114323"}],"wp:attachment":[{"href":"https:\/\/alexbutor.hu\/irodabutor\/wp-json\/wp\/v2\/media?parent=14"}],"curies":[{"name":"wp","href":"https:\/\/api.w.org\/{rel}","templated":true}]}}