{"id":41513,"date":"2017-04-19T08:46:51","date_gmt":"2017-04-19T08:46:51","guid":{"rendered":"http:\/\/alexbutor.hu\/irodabutor\/?page_id=41513"},"modified":"2022-08-01T08:10:55","modified_gmt":"2022-08-01T07:10:55","slug":"standard-e-femvazas-butorcsalad","status":"publish","type":"page","link":"https:\/\/alexbutor.hu\/irodabutor\/kategoriak\/termekcsaladok\/standard-e-femvazas-butorcsalad\/","title":{"rendered":"Standard E-f\u00e9mv\u00e1zas b\u00fatorcsal\u00e1d"},"content":{"rendered":"<p><img loading=\"lazy\" decoding=\"async\" src=\"https:\/\/alexbutor.hu\/irodabutor\/wp-content\/uploads\/2022\/08\/EFEMLAB_kategoria_slides_1080x300px_2.png\" alt=\"\" width=\"1080\" height=\"300\" class=\"aligncenter size-full wp-image-68820\" style=\"width: 100%;\" srcset=\"https:\/\/alexbutor.hu\/irodabutor\/wp-content\/uploads\/2022\/08\/EFEMLAB_kategoria_slides_1080x300px_2.png 1080w, https:\/\/alexbutor.hu\/irodabutor\/wp-content\/uploads\/2022\/08\/EFEMLAB_kategoria_slides_1080x300px_2-300x83.png 300w, https:\/\/alexbutor.hu\/irodabutor\/wp-content\/uploads\/2022\/08\/EFEMLAB_kategoria_slides_1080x300px_2-1024x284.png 1024w, https:\/\/alexbutor.hu\/irodabutor\/wp-content\/uploads\/2022\/08\/EFEMLAB_kategoria_slides_1080x300px_2-768x213.png 768w, https:\/\/alexbutor.hu\/irodabutor\/wp-content\/uploads\/2022\/08\/EFEMLAB_kategoria_slides_1080x300px_2-900x250.png 900w\" sizes=\"(max-width: 1080px) 100vw, 1080px\" \/><\/p>\n","protected":false},"excerpt":{"rendered":"","protected":false},"author":3,"featured_media":0,"parent":41505,"menu_order":0,"comment_status":"closed","ping_status":"closed","template":"page-Portfolio4Cols-filterable.php","meta":{"footnotes":""},"class_list":["post-41513","page","type-page","status-publish","hentry"],"yoast_head":"<!-- This site is optimized with the Yoast SEO plugin v23.5 - https:\/\/yoast.com\/wordpress\/plugins\/seo\/ -->\n<title>Standard E-f\u00e9mv\u00e1zas b\u00fatorcsal\u00e1d - Irodab\u00fator<\/title>\n<meta name=\"robots\" content=\"index, follow, max-snippet:-1, max-image-preview:large, max-video-preview:-1\" \/>\n<link rel=\"canonical\" href=\"https:\/\/alexbutor.hu\/irodabutor\/kategoriak\/termekcsaladok\/standard-e-femvazas-butorcsalad\/\" \/>\n<meta property=\"og:locale\" content=\"hu_HU\" \/>\n<meta property=\"og:type\" content=\"article\" \/>\n<meta property=\"og:title\" content=\"Standard E-f\u00e9mv\u00e1zas b\u00fatorcsal\u00e1d - Irodab\u00fator\" \/>\n<meta property=\"og:url\" content=\"https:\/\/alexbutor.hu\/irodabutor\/kategoriak\/termekcsaladok\/standard-e-femvazas-butorcsalad\/\" \/>\n<meta property=\"og:site_name\" content=\"Irodab\u00fator\" \/>\n<meta property=\"article:modified_time\" content=\"2022-08-01T07:10:55+00:00\" \/>\n<meta property=\"og:image\" content=\"https:\/\/alexbutor.hu\/irodabutor\/wp-content\/uploads\/2022\/08\/EFEMLAB_kategoria_slides_1080x300px_2.png\" \/>\n<meta name=\"twitter:card\" content=\"summary_large_image\" \/>\n<script type=\"application\/ld+json\" class=\"yoast-schema-graph\">{\"@context\":\"https:\/\/schema.org\",\"@graph\":[{\"@type\":\"WebPage\",\"@id\":\"https:\/\/alexbutor.hu\/irodabutor\/kategoriak\/termekcsaladok\/standard-e-femvazas-butorcsalad\/\",\"url\":\"https:\/\/alexbutor.hu\/irodabutor\/kategoriak\/termekcsaladok\/standard-e-femvazas-butorcsalad\/\",\"name\":\"Standard E-f\u00e9mv\u00e1zas b\u00fatorcsal\u00e1d - Irodab\u00fator\",\"isPartOf\":{\"@id\":\"https:\/\/alexbutor.hu\/irodabutor\/#website\"},\"primaryImageOfPage\":{\"@id\":\"https:\/\/alexbutor.hu\/irodabutor\/kategoriak\/termekcsaladok\/standard-e-femvazas-butorcsalad\/#primaryimage\"},\"image\":{\"@id\":\"https:\/\/alexbutor.hu\/irodabutor\/kategoriak\/termekcsaladok\/standard-e-femvazas-butorcsalad\/#primaryimage\"},\"thumbnailUrl\":\"https:\/\/alexbutor.hu\/irodabutor\/wp-content\/uploads\/2022\/08\/EFEMLAB_kategoria_slides_1080x300px_2.png\",\"datePublished\":\"2017-04-19T08:46:51+00:00\",\"dateModified\":\"2022-08-01T07:10:55+00:00\",\"breadcrumb\":{\"@id\":\"https:\/\/alexbutor.hu\/irodabutor\/kategoriak\/termekcsaladok\/standard-e-femvazas-butorcsalad\/#breadcrumb\"},\"inLanguage\":\"hu\",\"potentialAction\":[{\"@type\":\"ReadAction\",\"target\":[\"https:\/\/alexbutor.hu\/irodabutor\/kategoriak\/termekcsaladok\/standard-e-femvazas-butorcsalad\/\"]}]},{\"@type\":\"ImageObject\",\"inLanguage\":\"hu\",\"@id\":\"https:\/\/alexbutor.hu\/irodabutor\/kategoriak\/termekcsaladok\/standard-e-femvazas-butorcsalad\/#primaryimage\",\"url\":\"https:\/\/alexbutor.hu\/irodabutor\/wp-content\/uploads\/2022\/08\/EFEMLAB_kategoria_slides_1080x300px_2.png\",\"contentUrl\":\"https:\/\/alexbutor.hu\/irodabutor\/wp-content\/uploads\/2022\/08\/EFEMLAB_kategoria_slides_1080x300px_2.png\",\"width\":1080,\"height\":300},{\"@type\":\"BreadcrumbList\",\"@id\":\"https:\/\/alexbutor.hu\/irodabutor\/kategoriak\/termekcsaladok\/standard-e-femvazas-butorcsalad\/#breadcrumb\",\"itemListElement\":[{\"@type\":\"ListItem\",\"position\":1,\"name\":\"Home\",\"item\":\"https:\/\/alexbutor.hu\/irodabutor\/\"},{\"@type\":\"ListItem\",\"position\":2,\"name\":\"Term\u00e9kek\",\"item\":\"https:\/\/alexbutor.hu\/irodabutor\/kategoriak\/\"},{\"@type\":\"ListItem\",\"position\":3,\"name\":\"B\u00fatorcsal\u00e1dok\",\"item\":\"https:\/\/alexbutor.hu\/irodabutor\/kategoriak\/termekcsaladok\/\"},{\"@type\":\"ListItem\",\"position\":4,\"name\":\"Standard E-f\u00e9mv\u00e1zas b\u00fatorcsal\u00e1d\"}]},{\"@type\":\"WebSite\",\"@id\":\"https:\/\/alexbutor.hu\/irodabutor\/#website\",\"url\":\"https:\/\/alexbutor.hu\/irodabutor\/\",\"name\":\"Irodab\u00fator\",\"description\":\"Minden t\u00e9rben megold\u00e1s\",\"potentialAction\":[{\"@type\":\"SearchAction\",\"target\":{\"@type\":\"EntryPoint\",\"urlTemplate\":\"https:\/\/alexbutor.hu\/irodabutor\/?s={search_term_string}\"},\"query-input\":{\"@type\":\"PropertyValueSpecification\",\"valueRequired\":true,\"valueName\":\"search_term_string\"}}],\"inLanguage\":\"hu\"}]}<\/script>\n<!-- \/ Yoast SEO plugin. -->","yoast_head_json":{"title":"Standard E-f\u00e9mv\u00e1zas b\u00fatorcsal\u00e1d - Irodab\u00fator","robots":{"index":"index","follow":"follow","max-snippet":"max-snippet:-1","max-image-preview":"max-image-preview:large","max-video-preview":"max-video-preview:-1"},"canonical":"https:\/\/alexbutor.hu\/irodabutor\/kategoriak\/termekcsaladok\/standard-e-femvazas-butorcsalad\/","og_locale":"hu_HU","og_type":"article","og_title":"Standard E-f\u00e9mv\u00e1zas b\u00fatorcsal\u00e1d - Irodab\u00fator","og_url":"https:\/\/alexbutor.hu\/irodabutor\/kategoriak\/termekcsaladok\/standard-e-femvazas-butorcsalad\/","og_site_name":"Irodab\u00fator","article_modified_time":"2022-08-01T07:10:55+00:00","og_image":[{"url":"https:\/\/alexbutor.hu\/irodabutor\/wp-content\/uploads\/2022\/08\/EFEMLAB_kategoria_slides_1080x300px_2.png"}],"twitter_card":"summary_large_image","schema":{"@context":"https:\/\/schema.org","@graph":[{"@type":"WebPage","@id":"https:\/\/alexbutor.hu\/irodabutor\/kategoriak\/termekcsaladok\/standard-e-femvazas-butorcsalad\/","url":"https:\/\/alexbutor.hu\/irodabutor\/kategoriak\/termekcsaladok\/standard-e-femvazas-butorcsalad\/","name":"Standard E-f\u00e9mv\u00e1zas b\u00fatorcsal\u00e1d - Irodab\u00fator","isPartOf":{"@id":"https:\/\/alexbutor.hu\/irodabutor\/#website"},"primaryImageOfPage":{"@id":"https:\/\/alexbutor.hu\/irodabutor\/kategoriak\/termekcsaladok\/standard-e-femvazas-butorcsalad\/#primaryimage"},"image":{"@id":"https:\/\/alexbutor.hu\/irodabutor\/kategoriak\/termekcsaladok\/standard-e-femvazas-butorcsalad\/#primaryimage"},"thumbnailUrl":"https:\/\/alexbutor.hu\/irodabutor\/wp-content\/uploads\/2022\/08\/EFEMLAB_kategoria_slides_1080x300px_2.png","datePublished":"2017-04-19T08:46:51+00:00","dateModified":"2022-08-01T07:10:55+00:00","breadcrumb":{"@id":"https:\/\/alexbutor.hu\/irodabutor\/kategoriak\/termekcsaladok\/standard-e-femvazas-butorcsalad\/#breadcrumb"},"inLanguage":"hu","potentialAction":[{"@type":"ReadAction","target":["https:\/\/alexbutor.hu\/irodabutor\/kategoriak\/termekcsaladok\/standard-e-femvazas-butorcsalad\/"]}]},{"@type":"ImageObject","inLanguage":"hu","@id":"https:\/\/alexbutor.hu\/irodabutor\/kategoriak\/termekcsaladok\/standard-e-femvazas-butorcsalad\/#primaryimage","url":"https:\/\/alexbutor.hu\/irodabutor\/wp-content\/uploads\/2022\/08\/EFEMLAB_kategoria_slides_1080x300px_2.png","contentUrl":"https:\/\/alexbutor.hu\/irodabutor\/wp-content\/uploads\/2022\/08\/EFEMLAB_kategoria_slides_1080x300px_2.png","width":1080,"height":300},{"@type":"BreadcrumbList","@id":"https:\/\/alexbutor.hu\/irodabutor\/kategoriak\/termekcsaladok\/standard-e-femvazas-butorcsalad\/#breadcrumb","itemListElement":[{"@type":"ListItem","position":1,"name":"Home","item":"https:\/\/alexbutor.hu\/irodabutor\/"},{"@type":"ListItem","position":2,"name":"Term\u00e9kek","item":"https:\/\/alexbutor.hu\/irodabutor\/kategoriak\/"},{"@type":"ListItem","position":3,"name":"B\u00fatorcsal\u00e1dok","item":"https:\/\/alexbutor.hu\/irodabutor\/kategoriak\/termekcsaladok\/"},{"@type":"ListItem","position":4,"name":"Standard E-f\u00e9mv\u00e1zas b\u00fatorcsal\u00e1d"}]},{"@type":"WebSite","@id":"https:\/\/alexbutor.hu\/irodabutor\/#website","url":"https:\/\/alexbutor.hu\/irodabutor\/","name":"Irodab\u00fator","description":"Minden t\u00e9rben megold\u00e1s","potentialAction":[{"@type":"SearchAction","target":{"@type":"EntryPoint","urlTemplate":"https:\/\/alexbutor.hu\/irodabutor\/?s={search_term_string}"},"query-input":{"@type":"PropertyValueSpecification","valueRequired":true,"valueName":"search_term_string"}}],"inLanguage":"hu"}]}},"_links":{"self":[{"href":"https:\/\/alexbutor.hu\/irodabutor\/wp-json\/wp\/v2\/pages\/41513"}],"collection":[{"href":"https:\/\/alexbutor.hu\/irodabutor\/wp-json\/wp\/v2\/pages"}],"about":[{"href":"https:\/\/alexbutor.hu\/irodabutor\/wp-json\/wp\/v2\/types\/page"}],"author":[{"embeddable":true,"href":"https:\/\/alexbutor.hu\/irodabutor\/wp-json\/wp\/v2\/users\/3"}],"replies":[{"embeddable":true,"href":"https:\/\/alexbutor.hu\/irodabutor\/wp-json\/wp\/v2\/comments?post=41513"}],"version-history":[{"count":1,"href":"https:\/\/alexbutor.hu\/irodabutor\/wp-json\/wp\/v2\/pages\/41513\/revisions"}],"predecessor-version":[{"id":68821,"href":"https:\/\/alexbutor.hu\/irodabutor\/wp-json\/wp\/v2\/pages\/41513\/revisions\/68821"}],"up":[{"embeddable":true,"href":"https:\/\/alexbutor.hu\/irodabutor\/wp-json\/wp\/v2\/pages\/41505"}],"wp:attachment":[{"href":"https:\/\/alexbutor.hu\/irodabutor\/wp-json\/wp\/v2\/media?parent=41513"}],"curies":[{"name":"wp","href":"https:\/\/api.w.org\/{rel}","templated":true}]}}