{"id":41554,"date":"2017-04-19T08:58:41","date_gmt":"2017-04-19T08:58:41","guid":{"rendered":"http:\/\/alexbutor.hu\/irodabutor\/?page_id=41554"},"modified":"2023-09-29T18:54:35","modified_gmt":"2023-09-29T17:54:35","slug":"iroasztalok","status":"publish","type":"page","link":"https:\/\/alexbutor.hu\/irodabutor\/kategoriak\/irodai-asztalok\/iroasztalok\/","title":{"rendered":"\u00cdr\u00f3asztalok"},"content":{"rendered":"<p><img loading=\"lazy\" decoding=\"async\" src=\"https:\/\/alexbutor.hu\/irodabutor\/wp-content\/uploads\/2022\/08\/IROASZTALOK_kategoria_slides_1080x300px_8.png\" alt=\"\" width=\"1080\" height=\"300\" class=\"aligncenter size-full wp-image-68824\" style=\"width: 100%;\" srcset=\"https:\/\/alexbutor.hu\/irodabutor\/wp-content\/uploads\/2022\/08\/IROASZTALOK_kategoria_slides_1080x300px_8.png 1080w, https:\/\/alexbutor.hu\/irodabutor\/wp-content\/uploads\/2022\/08\/IROASZTALOK_kategoria_slides_1080x300px_8-300x83.png 300w, https:\/\/alexbutor.hu\/irodabutor\/wp-content\/uploads\/2022\/08\/IROASZTALOK_kategoria_slides_1080x300px_8-1024x284.png 1024w, https:\/\/alexbutor.hu\/irodabutor\/wp-content\/uploads\/2022\/08\/IROASZTALOK_kategoria_slides_1080x300px_8-768x213.png 768w, https:\/\/alexbutor.hu\/irodabutor\/wp-content\/uploads\/2022\/08\/IROASZTALOK_kategoria_slides_1080x300px_8-900x250.png 900w\" sizes=\"(max-width: 1080px) 100vw, 1080px\" \/><\/p>\n<div class=\"butorlaposkat\">\n\r\n\t<li class=\"portfolio_item isotope-item\"><div class=\"portfolio_item_holder\"><figure class=\"thumbnail thumbnail__portfolio\"><a href=\"https:\/\/alexbutor.hu\/irodabutor\/kategoriak\/irodai-asztalok\/iroasztalok\/pontis\/\" class=\"image-wrap\"><img decoding=\"async\" src=\"https:\/\/alexbutor.hu\/irodabutor\/wp-content\/uploads\/2023\/09\/website_kategoria_pontis-asztal.webp\" alt=\"Pontis\"><\/a><\/figure><div class=\"caption caption__portfolio\"><h3><a href=\"https:\/\/alexbutor.hu\/irodabutor\/kategoriak\/irodai-asztalok\/iroasztalok\/pontis\/\">Pontis (21)<\/a><\/h3><\/div><\/div><\/li>\n\r\n\t<li class=\"portfolio_item isotope-item\"><div class=\"portfolio_item_holder\"><figure class=\"thumbnail thumbnail__portfolio\"><a href=\"https:\/\/alexbutor.hu\/irodabutor\/kategoriak\/irodai-asztalok\/iroasztalok\/laplabas\/\" class=\"image-wrap\"><img decoding=\"async\" src=\"https:\/\/alexbutor.hu\/irodabutor\/wp-content\/uploads\/2023\/09\/website_kategoria_as-lap-asztal.webp\" alt=\"Lapl\u00e1bas\"><\/a><\/figure><div class=\"caption caption__portfolio\"><h3><a href=\"https:\/\/alexbutor.hu\/irodabutor\/kategoriak\/irodai-asztalok\/iroasztalok\/laplabas\/\">Lapl\u00e1bas (30)<\/a><\/h3><\/div><\/div><\/li>\n\r\n\t<li class=\"portfolio_item isotope-item\"><div class=\"portfolio_item_holder\"><figure class=\"thumbnail thumbnail__portfolio\"><a href=\"https:\/\/alexbutor.hu\/irodabutor\/kategoriak\/irodai-asztalok\/iroasztalok\/e-femlabas\/\" class=\"image-wrap\"><img decoding=\"async\" src=\"https:\/\/alexbutor.hu\/irodabutor\/wp-content\/uploads\/2023\/09\/website_kategoria_as-e-asztal.webp\" alt=\"E-f\u00e9ml\u00e1bas\"><\/a><\/figure><div class=\"caption caption__portfolio\"><h3><a href=\"https:\/\/alexbutor.hu\/irodabutor\/kategoriak\/irodai-asztalok\/iroasztalok\/e-femlabas\/\">E-f\u00e9ml\u00e1bas (16)<\/a><\/h3><\/div><\/div><\/li>\n\r\n\t<li class=\"portfolio_item isotope-item\"><div class=\"portfolio_item_holder\"><figure class=\"thumbnail thumbnail__portfolio\"><a href=\"https:\/\/alexbutor.hu\/irodabutor\/kategoriak\/irodai-asztalok\/iroasztalok\/t-femlabas\/\" class=\"image-wrap\"><img decoding=\"async\" src=\"https:\/\/alexbutor.hu\/irodabutor\/wp-content\/uploads\/2023\/09\/website_kategoria_as-t-asztal.webp\" alt=\"T-f\u00e9ml\u00e1bas\"><\/a><\/figure><div class=\"caption caption__portfolio\"><h3><a href=\"https:\/\/alexbutor.hu\/irodabutor\/kategoriak\/irodai-asztalok\/iroasztalok\/t-femlabas\/\">T-f\u00e9ml\u00e1bas (16)<\/a><\/h3><\/div><\/div><\/li>\n\r\n\t<li class=\"portfolio_item isotope-item\"><div class=\"portfolio_item_holder\"><figure class=\"thumbnail thumbnail__portfolio\"><a href=\"https:\/\/alexbutor.hu\/irodabutor\/kategoriak\/irodai-asztalok\/iroasztalok\/flynn\/\" class=\"image-wrap\"><img decoding=\"async\" src=\"https:\/\/alexbutor.hu\/irodabutor\/wp-content\/uploads\/2023\/09\/website_kategoria_flynn-asztal.webp\" alt=\"Flynn\"><\/a><\/figure><div class=\"caption caption__portfolio\"><h3><a href=\"https:\/\/alexbutor.hu\/irodabutor\/kategoriak\/irodai-asztalok\/iroasztalok\/flynn\/\">Flynn (29)<\/a><\/h3><\/div><\/div><\/li>\n\r\n\t<li class=\"portfolio_item isotope-item\"><div class=\"portfolio_item_holder\"><figure class=\"thumbnail thumbnail__portfolio\"><a href=\"https:\/\/alexbutor.hu\/irodabutor\/kategoriak\/irodai-asztalok\/iroasztalok\/elex-elektromos\/\" class=\"image-wrap\"><img decoding=\"async\" src=\"https:\/\/alexbutor.hu\/irodabutor\/wp-content\/uploads\/2023\/09\/website_kategoria_elex-asztal.webp\" alt=\"Elex elektromos\"><\/a><\/figure><div class=\"caption caption__portfolio\"><h3><a href=\"https:\/\/alexbutor.hu\/irodabutor\/kategoriak\/irodai-asztalok\/iroasztalok\/elex-elektromos\/\">Elex elektromos (24)<\/a><\/h3><\/div><\/div><\/li>\n\r\n\t<li class=\"portfolio_item isotope-item\"><div class=\"portfolio_item_holder\"><figure class=\"thumbnail thumbnail__portfolio\"><a href=\"https:\/\/alexbutor.hu\/irodabutor\/kategoriak\/irodai-asztalok\/iroasztalok\/multifunkcios-asztalok\/\" class=\"image-wrap\"><img decoding=\"async\" src=\"https:\/\/alexbutor.hu\/irodabutor\/wp-content\/uploads\/2023\/09\/website_kategoria_multifuncios-asztal.webp\" alt=\"Multifunkci\u00f3s asztalok\"><\/a><\/figure><div class=\"caption caption__portfolio\"><h3><a href=\"https:\/\/alexbutor.hu\/irodabutor\/kategoriak\/irodai-asztalok\/iroasztalok\/multifunkcios-asztalok\/\">Multifunkci\u00f3s asztalok (34)<\/a><\/h3><\/div><\/div><\/li>\n<\/div>\n","protected":false},"excerpt":{"rendered":"","protected":false},"author":3,"featured_media":0,"parent":41544,"menu_order":0,"comment_status":"closed","ping_status":"closed","template":"page-uj-alexsub.php","meta":{"footnotes":""},"class_list":["post-41554","page","type-page","status-publish","hentry"],"yoast_head":"<!-- This site is optimized with the Yoast SEO plugin v23.5 - https:\/\/yoast.com\/wordpress\/plugins\/seo\/ -->\n<title>\u00cdr\u00f3asztalok - Irodab\u00fator<\/title>\n<meta name=\"robots\" content=\"index, follow, max-snippet:-1, max-image-preview:large, max-video-preview:-1\" \/>\n<link rel=\"canonical\" href=\"https:\/\/alexbutor.hu\/irodabutor\/kategoriak\/irodai-asztalok\/iroasztalok\/\" \/>\n<meta property=\"og:locale\" content=\"hu_HU\" \/>\n<meta property=\"og:type\" content=\"article\" \/>\n<meta property=\"og:title\" content=\"\u00cdr\u00f3asztalok - Irodab\u00fator\" \/>\n<meta property=\"og:url\" content=\"https:\/\/alexbutor.hu\/irodabutor\/kategoriak\/irodai-asztalok\/iroasztalok\/\" \/>\n<meta property=\"og:site_name\" content=\"Irodab\u00fator\" \/>\n<meta property=\"article:modified_time\" content=\"2023-09-29T17:54:35+00:00\" \/>\n<meta property=\"og:image\" content=\"https:\/\/alexbutor.hu\/irodabutor\/wp-content\/uploads\/2022\/08\/IROASZTALOK_kategoria_slides_1080x300px_8.png\" \/>\n<meta name=\"twitter:card\" content=\"summary_large_image\" \/>\n<meta name=\"twitter:label1\" content=\"Becs\u00fclt olvas\u00e1si id\u0151\" \/>\n\t<meta name=\"twitter:data1\" content=\"1 perc\" \/>\n<script type=\"application\/ld+json\" class=\"yoast-schema-graph\">{\"@context\":\"https:\/\/schema.org\",\"@graph\":[{\"@type\":\"WebPage\",\"@id\":\"https:\/\/alexbutor.hu\/irodabutor\/kategoriak\/irodai-asztalok\/iroasztalok\/\",\"url\":\"https:\/\/alexbutor.hu\/irodabutor\/kategoriak\/irodai-asztalok\/iroasztalok\/\",\"name\":\"\u00cdr\u00f3asztalok - Irodab\u00fator\",\"isPartOf\":{\"@id\":\"https:\/\/alexbutor.hu\/irodabutor\/#website\"},\"primaryImageOfPage\":{\"@id\":\"https:\/\/alexbutor.hu\/irodabutor\/kategoriak\/irodai-asztalok\/iroasztalok\/#primaryimage\"},\"image\":{\"@id\":\"https:\/\/alexbutor.hu\/irodabutor\/kategoriak\/irodai-asztalok\/iroasztalok\/#primaryimage\"},\"thumbnailUrl\":\"https:\/\/alexbutor.hu\/irodabutor\/wp-content\/uploads\/2022\/08\/IROASZTALOK_kategoria_slides_1080x300px_8.png\",\"datePublished\":\"2017-04-19T08:58:41+00:00\",\"dateModified\":\"2023-09-29T17:54:35+00:00\",\"breadcrumb\":{\"@id\":\"https:\/\/alexbutor.hu\/irodabutor\/kategoriak\/irodai-asztalok\/iroasztalok\/#breadcrumb\"},\"inLanguage\":\"hu\",\"potentialAction\":[{\"@type\":\"ReadAction\",\"target\":[\"https:\/\/alexbutor.hu\/irodabutor\/kategoriak\/irodai-asztalok\/iroasztalok\/\"]}]},{\"@type\":\"ImageObject\",\"inLanguage\":\"hu\",\"@id\":\"https:\/\/alexbutor.hu\/irodabutor\/kategoriak\/irodai-asztalok\/iroasztalok\/#primaryimage\",\"url\":\"https:\/\/alexbutor.hu\/irodabutor\/wp-content\/uploads\/2022\/08\/IROASZTALOK_kategoria_slides_1080x300px_8.png\",\"contentUrl\":\"https:\/\/alexbutor.hu\/irodabutor\/wp-content\/uploads\/2022\/08\/IROASZTALOK_kategoria_slides_1080x300px_8.png\",\"width\":1080,\"height\":300},{\"@type\":\"BreadcrumbList\",\"@id\":\"https:\/\/alexbutor.hu\/irodabutor\/kategoriak\/irodai-asztalok\/iroasztalok\/#breadcrumb\",\"itemListElement\":[{\"@type\":\"ListItem\",\"position\":1,\"name\":\"Home\",\"item\":\"https:\/\/alexbutor.hu\/irodabutor\/\"},{\"@type\":\"ListItem\",\"position\":2,\"name\":\"Term\u00e9kek\",\"item\":\"https:\/\/alexbutor.hu\/irodabutor\/kategoriak\/\"},{\"@type\":\"ListItem\",\"position\":3,\"name\":\"Irodai asztalok\",\"item\":\"https:\/\/alexbutor.hu\/irodabutor\/kategoriak\/irodai-asztalok\/\"},{\"@type\":\"ListItem\",\"position\":4,\"name\":\"\u00cdr\u00f3asztalok\"}]},{\"@type\":\"WebSite\",\"@id\":\"https:\/\/alexbutor.hu\/irodabutor\/#website\",\"url\":\"https:\/\/alexbutor.hu\/irodabutor\/\",\"name\":\"Irodab\u00fator\",\"description\":\"Minden t\u00e9rben megold\u00e1s\",\"potentialAction\":[{\"@type\":\"SearchAction\",\"target\":{\"@type\":\"EntryPoint\",\"urlTemplate\":\"https:\/\/alexbutor.hu\/irodabutor\/?s={search_term_string}\"},\"query-input\":{\"@type\":\"PropertyValueSpecification\",\"valueRequired\":true,\"valueName\":\"search_term_string\"}}],\"inLanguage\":\"hu\"}]}<\/script>\n<!-- \/ Yoast SEO plugin. -->","yoast_head_json":{"title":"\u00cdr\u00f3asztalok - Irodab\u00fator","robots":{"index":"index","follow":"follow","max-snippet":"max-snippet:-1","max-image-preview":"max-image-preview:large","max-video-preview":"max-video-preview:-1"},"canonical":"https:\/\/alexbutor.hu\/irodabutor\/kategoriak\/irodai-asztalok\/iroasztalok\/","og_locale":"hu_HU","og_type":"article","og_title":"\u00cdr\u00f3asztalok - Irodab\u00fator","og_url":"https:\/\/alexbutor.hu\/irodabutor\/kategoriak\/irodai-asztalok\/iroasztalok\/","og_site_name":"Irodab\u00fator","article_modified_time":"2023-09-29T17:54:35+00:00","og_image":[{"url":"https:\/\/alexbutor.hu\/irodabutor\/wp-content\/uploads\/2022\/08\/IROASZTALOK_kategoria_slides_1080x300px_8.png"}],"twitter_card":"summary_large_image","twitter_misc":{"Becs\u00fclt olvas\u00e1si id\u0151":"1 perc"},"schema":{"@context":"https:\/\/schema.org","@graph":[{"@type":"WebPage","@id":"https:\/\/alexbutor.hu\/irodabutor\/kategoriak\/irodai-asztalok\/iroasztalok\/","url":"https:\/\/alexbutor.hu\/irodabutor\/kategoriak\/irodai-asztalok\/iroasztalok\/","name":"\u00cdr\u00f3asztalok - Irodab\u00fator","isPartOf":{"@id":"https:\/\/alexbutor.hu\/irodabutor\/#website"},"primaryImageOfPage":{"@id":"https:\/\/alexbutor.hu\/irodabutor\/kategoriak\/irodai-asztalok\/iroasztalok\/#primaryimage"},"image":{"@id":"https:\/\/alexbutor.hu\/irodabutor\/kategoriak\/irodai-asztalok\/iroasztalok\/#primaryimage"},"thumbnailUrl":"https:\/\/alexbutor.hu\/irodabutor\/wp-content\/uploads\/2022\/08\/IROASZTALOK_kategoria_slides_1080x300px_8.png","datePublished":"2017-04-19T08:58:41+00:00","dateModified":"2023-09-29T17:54:35+00:00","breadcrumb":{"@id":"https:\/\/alexbutor.hu\/irodabutor\/kategoriak\/irodai-asztalok\/iroasztalok\/#breadcrumb"},"inLanguage":"hu","potentialAction":[{"@type":"ReadAction","target":["https:\/\/alexbutor.hu\/irodabutor\/kategoriak\/irodai-asztalok\/iroasztalok\/"]}]},{"@type":"ImageObject","inLanguage":"hu","@id":"https:\/\/alexbutor.hu\/irodabutor\/kategoriak\/irodai-asztalok\/iroasztalok\/#primaryimage","url":"https:\/\/alexbutor.hu\/irodabutor\/wp-content\/uploads\/2022\/08\/IROASZTALOK_kategoria_slides_1080x300px_8.png","contentUrl":"https:\/\/alexbutor.hu\/irodabutor\/wp-content\/uploads\/2022\/08\/IROASZTALOK_kategoria_slides_1080x300px_8.png","width":1080,"height":300},{"@type":"BreadcrumbList","@id":"https:\/\/alexbutor.hu\/irodabutor\/kategoriak\/irodai-asztalok\/iroasztalok\/#breadcrumb","itemListElement":[{"@type":"ListItem","position":1,"name":"Home","item":"https:\/\/alexbutor.hu\/irodabutor\/"},{"@type":"ListItem","position":2,"name":"Term\u00e9kek","item":"https:\/\/alexbutor.hu\/irodabutor\/kategoriak\/"},{"@type":"ListItem","position":3,"name":"Irodai asztalok","item":"https:\/\/alexbutor.hu\/irodabutor\/kategoriak\/irodai-asztalok\/"},{"@type":"ListItem","position":4,"name":"\u00cdr\u00f3asztalok"}]},{"@type":"WebSite","@id":"https:\/\/alexbutor.hu\/irodabutor\/#website","url":"https:\/\/alexbutor.hu\/irodabutor\/","name":"Irodab\u00fator","description":"Minden t\u00e9rben megold\u00e1s","potentialAction":[{"@type":"SearchAction","target":{"@type":"EntryPoint","urlTemplate":"https:\/\/alexbutor.hu\/irodabutor\/?s={search_term_string}"},"query-input":{"@type":"PropertyValueSpecification","valueRequired":true,"valueName":"search_term_string"}}],"inLanguage":"hu"}]}},"_links":{"self":[{"href":"https:\/\/alexbutor.hu\/irodabutor\/wp-json\/wp\/v2\/pages\/41554"}],"collection":[{"href":"https:\/\/alexbutor.hu\/irodabutor\/wp-json\/wp\/v2\/pages"}],"about":[{"href":"https:\/\/alexbutor.hu\/irodabutor\/wp-json\/wp\/v2\/types\/page"}],"author":[{"embeddable":true,"href":"https:\/\/alexbutor.hu\/irodabutor\/wp-json\/wp\/v2\/users\/3"}],"replies":[{"embeddable":true,"href":"https:\/\/alexbutor.hu\/irodabutor\/wp-json\/wp\/v2\/comments?post=41554"}],"version-history":[{"count":3,"href":"https:\/\/alexbutor.hu\/irodabutor\/wp-json\/wp\/v2\/pages\/41554\/revisions"}],"predecessor-version":[{"id":89688,"href":"https:\/\/alexbutor.hu\/irodabutor\/wp-json\/wp\/v2\/pages\/41554\/revisions\/89688"}],"up":[{"embeddable":true,"href":"https:\/\/alexbutor.hu\/irodabutor\/wp-json\/wp\/v2\/pages\/41544"}],"wp:attachment":[{"href":"https:\/\/alexbutor.hu\/irodabutor\/wp-json\/wp\/v2\/media?parent=41554"}],"curies":[{"name":"wp","href":"https:\/\/api.w.org\/{rel}","templated":true}]}}