{"id":41560,"date":"2017-04-19T09:02:27","date_gmt":"2017-04-19T09:02:27","guid":{"rendered":"http:\/\/alexbutor.hu\/irodabutor\/?page_id=41560"},"modified":"2023-01-18T13:56:48","modified_gmt":"2023-01-18T12:56:48","slug":"targyalo-asztal-osszeallitasok","status":"publish","type":"page","link":"https:\/\/alexbutor.hu\/irodabutor\/kategoriak\/targyalo-asztalok\/targyalo-asztal-osszeallitasok\/","title":{"rendered":"T\u00e1rgyal\u00f3asztal \u00f6ssze\u00e1ll\u00edt\u00e1sok"},"content":{"rendered":"<p><img loading=\"lazy\" decoding=\"async\" src=\"https:\/\/alexbutor.hu\/irodabutor\/wp-content\/uploads\/2022\/08\/Targyaloasztalok_osszeallitasok_kategoria_slides_1080x300px_10.png\" alt=\"\" width=\"1080\" height=\"300\" class=\"aligncenter size-full wp-image-68833\" style=\"width: 100%;\" srcset=\"https:\/\/alexbutor.hu\/irodabutor\/wp-content\/uploads\/2022\/08\/Targyaloasztalok_osszeallitasok_kategoria_slides_1080x300px_10.png 1080w, https:\/\/alexbutor.hu\/irodabutor\/wp-content\/uploads\/2022\/08\/Targyaloasztalok_osszeallitasok_kategoria_slides_1080x300px_10-300x83.png 300w, https:\/\/alexbutor.hu\/irodabutor\/wp-content\/uploads\/2022\/08\/Targyaloasztalok_osszeallitasok_kategoria_slides_1080x300px_10-1024x284.png 1024w, https:\/\/alexbutor.hu\/irodabutor\/wp-content\/uploads\/2022\/08\/Targyaloasztalok_osszeallitasok_kategoria_slides_1080x300px_10-768x213.png 768w, https:\/\/alexbutor.hu\/irodabutor\/wp-content\/uploads\/2022\/08\/Targyaloasztalok_osszeallitasok_kategoria_slides_1080x300px_10-900x250.png 900w\" sizes=\"(max-width: 1080px) 100vw, 1080px\" \/><\/p>\n","protected":false},"excerpt":{"rendered":"","protected":false},"author":3,"featured_media":0,"parent":41546,"menu_order":0,"comment_status":"closed","ping_status":"closed","template":"page-Portfolio4Cols-filterable.php","meta":{"footnotes":""},"class_list":["post-41560","page","type-page","status-publish","hentry"],"yoast_head":"<!-- This site is optimized with the Yoast SEO plugin v23.5 - https:\/\/yoast.com\/wordpress\/plugins\/seo\/ -->\n<title>T\u00e1rgyal\u00f3asztal \u00f6ssze\u00e1ll\u00edt\u00e1sok - Irodab\u00fator<\/title>\n<meta name=\"robots\" content=\"index, follow, max-snippet:-1, max-image-preview:large, max-video-preview:-1\" \/>\n<link rel=\"canonical\" href=\"https:\/\/alexbutor.hu\/irodabutor\/kategoriak\/targyalo-asztalok\/targyalo-asztal-osszeallitasok\/\" \/>\n<meta property=\"og:locale\" content=\"hu_HU\" \/>\n<meta property=\"og:type\" content=\"article\" \/>\n<meta property=\"og:title\" content=\"T\u00e1rgyal\u00f3asztal \u00f6ssze\u00e1ll\u00edt\u00e1sok - Irodab\u00fator\" \/>\n<meta property=\"og:url\" content=\"https:\/\/alexbutor.hu\/irodabutor\/kategoriak\/targyalo-asztalok\/targyalo-asztal-osszeallitasok\/\" \/>\n<meta property=\"og:site_name\" content=\"Irodab\u00fator\" \/>\n<meta property=\"article:modified_time\" content=\"2023-01-18T12:56:48+00:00\" \/>\n<meta property=\"og:image\" content=\"https:\/\/alexbutor.hu\/irodabutor\/wp-content\/uploads\/2022\/08\/Targyaloasztalok_osszeallitasok_kategoria_slides_1080x300px_10.png\" \/>\n<meta name=\"twitter:card\" content=\"summary_large_image\" \/>\n<script type=\"application\/ld+json\" class=\"yoast-schema-graph\">{\"@context\":\"https:\/\/schema.org\",\"@graph\":[{\"@type\":\"WebPage\",\"@id\":\"https:\/\/alexbutor.hu\/irodabutor\/kategoriak\/targyalo-asztalok\/targyalo-asztal-osszeallitasok\/\",\"url\":\"https:\/\/alexbutor.hu\/irodabutor\/kategoriak\/targyalo-asztalok\/targyalo-asztal-osszeallitasok\/\",\"name\":\"T\u00e1rgyal\u00f3asztal \u00f6ssze\u00e1ll\u00edt\u00e1sok - Irodab\u00fator\",\"isPartOf\":{\"@id\":\"https:\/\/alexbutor.hu\/irodabutor\/#website\"},\"primaryImageOfPage\":{\"@id\":\"https:\/\/alexbutor.hu\/irodabutor\/kategoriak\/targyalo-asztalok\/targyalo-asztal-osszeallitasok\/#primaryimage\"},\"image\":{\"@id\":\"https:\/\/alexbutor.hu\/irodabutor\/kategoriak\/targyalo-asztalok\/targyalo-asztal-osszeallitasok\/#primaryimage\"},\"thumbnailUrl\":\"https:\/\/alexbutor.hu\/irodabutor\/wp-content\/uploads\/2022\/08\/Targyaloasztalok_osszeallitasok_kategoria_slides_1080x300px_10.png\",\"datePublished\":\"2017-04-19T09:02:27+00:00\",\"dateModified\":\"2023-01-18T12:56:48+00:00\",\"breadcrumb\":{\"@id\":\"https:\/\/alexbutor.hu\/irodabutor\/kategoriak\/targyalo-asztalok\/targyalo-asztal-osszeallitasok\/#breadcrumb\"},\"inLanguage\":\"hu\",\"potentialAction\":[{\"@type\":\"ReadAction\",\"target\":[\"https:\/\/alexbutor.hu\/irodabutor\/kategoriak\/targyalo-asztalok\/targyalo-asztal-osszeallitasok\/\"]}]},{\"@type\":\"ImageObject\",\"inLanguage\":\"hu\",\"@id\":\"https:\/\/alexbutor.hu\/irodabutor\/kategoriak\/targyalo-asztalok\/targyalo-asztal-osszeallitasok\/#primaryimage\",\"url\":\"https:\/\/alexbutor.hu\/irodabutor\/wp-content\/uploads\/2022\/08\/Targyaloasztalok_osszeallitasok_kategoria_slides_1080x300px_10.png\",\"contentUrl\":\"https:\/\/alexbutor.hu\/irodabutor\/wp-content\/uploads\/2022\/08\/Targyaloasztalok_osszeallitasok_kategoria_slides_1080x300px_10.png\",\"width\":1080,\"height\":300},{\"@type\":\"BreadcrumbList\",\"@id\":\"https:\/\/alexbutor.hu\/irodabutor\/kategoriak\/targyalo-asztalok\/targyalo-asztal-osszeallitasok\/#breadcrumb\",\"itemListElement\":[{\"@type\":\"ListItem\",\"position\":1,\"name\":\"Home\",\"item\":\"https:\/\/alexbutor.hu\/irodabutor\/\"},{\"@type\":\"ListItem\",\"position\":2,\"name\":\"Term\u00e9kek\",\"item\":\"https:\/\/alexbutor.hu\/irodabutor\/kategoriak\/\"},{\"@type\":\"ListItem\",\"position\":3,\"name\":\"T\u00e1rgyal\u00f3asztalok\",\"item\":\"https:\/\/alexbutor.hu\/irodabutor\/kategoriak\/targyalo-asztalok\/\"},{\"@type\":\"ListItem\",\"position\":4,\"name\":\"T\u00e1rgyal\u00f3asztal \u00f6ssze\u00e1ll\u00edt\u00e1sok\"}]},{\"@type\":\"WebSite\",\"@id\":\"https:\/\/alexbutor.hu\/irodabutor\/#website\",\"url\":\"https:\/\/alexbutor.hu\/irodabutor\/\",\"name\":\"Irodab\u00fator\",\"description\":\"Minden t\u00e9rben megold\u00e1s\",\"potentialAction\":[{\"@type\":\"SearchAction\",\"target\":{\"@type\":\"EntryPoint\",\"urlTemplate\":\"https:\/\/alexbutor.hu\/irodabutor\/?s={search_term_string}\"},\"query-input\":{\"@type\":\"PropertyValueSpecification\",\"valueRequired\":true,\"valueName\":\"search_term_string\"}}],\"inLanguage\":\"hu\"}]}<\/script>\n<!-- \/ Yoast SEO plugin. -->","yoast_head_json":{"title":"T\u00e1rgyal\u00f3asztal \u00f6ssze\u00e1ll\u00edt\u00e1sok - Irodab\u00fator","robots":{"index":"index","follow":"follow","max-snippet":"max-snippet:-1","max-image-preview":"max-image-preview:large","max-video-preview":"max-video-preview:-1"},"canonical":"https:\/\/alexbutor.hu\/irodabutor\/kategoriak\/targyalo-asztalok\/targyalo-asztal-osszeallitasok\/","og_locale":"hu_HU","og_type":"article","og_title":"T\u00e1rgyal\u00f3asztal \u00f6ssze\u00e1ll\u00edt\u00e1sok - Irodab\u00fator","og_url":"https:\/\/alexbutor.hu\/irodabutor\/kategoriak\/targyalo-asztalok\/targyalo-asztal-osszeallitasok\/","og_site_name":"Irodab\u00fator","article_modified_time":"2023-01-18T12:56:48+00:00","og_image":[{"url":"https:\/\/alexbutor.hu\/irodabutor\/wp-content\/uploads\/2022\/08\/Targyaloasztalok_osszeallitasok_kategoria_slides_1080x300px_10.png"}],"twitter_card":"summary_large_image","schema":{"@context":"https:\/\/schema.org","@graph":[{"@type":"WebPage","@id":"https:\/\/alexbutor.hu\/irodabutor\/kategoriak\/targyalo-asztalok\/targyalo-asztal-osszeallitasok\/","url":"https:\/\/alexbutor.hu\/irodabutor\/kategoriak\/targyalo-asztalok\/targyalo-asztal-osszeallitasok\/","name":"T\u00e1rgyal\u00f3asztal \u00f6ssze\u00e1ll\u00edt\u00e1sok - Irodab\u00fator","isPartOf":{"@id":"https:\/\/alexbutor.hu\/irodabutor\/#website"},"primaryImageOfPage":{"@id":"https:\/\/alexbutor.hu\/irodabutor\/kategoriak\/targyalo-asztalok\/targyalo-asztal-osszeallitasok\/#primaryimage"},"image":{"@id":"https:\/\/alexbutor.hu\/irodabutor\/kategoriak\/targyalo-asztalok\/targyalo-asztal-osszeallitasok\/#primaryimage"},"thumbnailUrl":"https:\/\/alexbutor.hu\/irodabutor\/wp-content\/uploads\/2022\/08\/Targyaloasztalok_osszeallitasok_kategoria_slides_1080x300px_10.png","datePublished":"2017-04-19T09:02:27+00:00","dateModified":"2023-01-18T12:56:48+00:00","breadcrumb":{"@id":"https:\/\/alexbutor.hu\/irodabutor\/kategoriak\/targyalo-asztalok\/targyalo-asztal-osszeallitasok\/#breadcrumb"},"inLanguage":"hu","potentialAction":[{"@type":"ReadAction","target":["https:\/\/alexbutor.hu\/irodabutor\/kategoriak\/targyalo-asztalok\/targyalo-asztal-osszeallitasok\/"]}]},{"@type":"ImageObject","inLanguage":"hu","@id":"https:\/\/alexbutor.hu\/irodabutor\/kategoriak\/targyalo-asztalok\/targyalo-asztal-osszeallitasok\/#primaryimage","url":"https:\/\/alexbutor.hu\/irodabutor\/wp-content\/uploads\/2022\/08\/Targyaloasztalok_osszeallitasok_kategoria_slides_1080x300px_10.png","contentUrl":"https:\/\/alexbutor.hu\/irodabutor\/wp-content\/uploads\/2022\/08\/Targyaloasztalok_osszeallitasok_kategoria_slides_1080x300px_10.png","width":1080,"height":300},{"@type":"BreadcrumbList","@id":"https:\/\/alexbutor.hu\/irodabutor\/kategoriak\/targyalo-asztalok\/targyalo-asztal-osszeallitasok\/#breadcrumb","itemListElement":[{"@type":"ListItem","position":1,"name":"Home","item":"https:\/\/alexbutor.hu\/irodabutor\/"},{"@type":"ListItem","position":2,"name":"Term\u00e9kek","item":"https:\/\/alexbutor.hu\/irodabutor\/kategoriak\/"},{"@type":"ListItem","position":3,"name":"T\u00e1rgyal\u00f3asztalok","item":"https:\/\/alexbutor.hu\/irodabutor\/kategoriak\/targyalo-asztalok\/"},{"@type":"ListItem","position":4,"name":"T\u00e1rgyal\u00f3asztal \u00f6ssze\u00e1ll\u00edt\u00e1sok"}]},{"@type":"WebSite","@id":"https:\/\/alexbutor.hu\/irodabutor\/#website","url":"https:\/\/alexbutor.hu\/irodabutor\/","name":"Irodab\u00fator","description":"Minden t\u00e9rben megold\u00e1s","potentialAction":[{"@type":"SearchAction","target":{"@type":"EntryPoint","urlTemplate":"https:\/\/alexbutor.hu\/irodabutor\/?s={search_term_string}"},"query-input":{"@type":"PropertyValueSpecification","valueRequired":true,"valueName":"search_term_string"}}],"inLanguage":"hu"}]}},"_links":{"self":[{"href":"https:\/\/alexbutor.hu\/irodabutor\/wp-json\/wp\/v2\/pages\/41560"}],"collection":[{"href":"https:\/\/alexbutor.hu\/irodabutor\/wp-json\/wp\/v2\/pages"}],"about":[{"href":"https:\/\/alexbutor.hu\/irodabutor\/wp-json\/wp\/v2\/types\/page"}],"author":[{"embeddable":true,"href":"https:\/\/alexbutor.hu\/irodabutor\/wp-json\/wp\/v2\/users\/3"}],"replies":[{"embeddable":true,"href":"https:\/\/alexbutor.hu\/irodabutor\/wp-json\/wp\/v2\/comments?post=41560"}],"version-history":[{"count":2,"href":"https:\/\/alexbutor.hu\/irodabutor\/wp-json\/wp\/v2\/pages\/41560\/revisions"}],"predecessor-version":[{"id":79219,"href":"https:\/\/alexbutor.hu\/irodabutor\/wp-json\/wp\/v2\/pages\/41560\/revisions\/79219"}],"up":[{"embeddable":true,"href":"https:\/\/alexbutor.hu\/irodabutor\/wp-json\/wp\/v2\/pages\/41546"}],"wp:attachment":[{"href":"https:\/\/alexbutor.hu\/irodabutor\/wp-json\/wp\/v2\/media?parent=41560"}],"curies":[{"name":"wp","href":"https:\/\/api.w.org\/{rel}","templated":true}]}}