{"id":41564,"date":"2017-04-19T09:03:50","date_gmt":"2017-04-19T09:03:50","guid":{"rendered":"http:\/\/alexbutor.hu\/irodabutor\/?page_id=41564"},"modified":"2023-09-29T19:09:13","modified_gmt":"2023-09-29T18:09:13","slug":"szekrenyek","status":"publish","type":"page","link":"https:\/\/alexbutor.hu\/irodabutor\/kategoriak\/tarolo-butorok\/szekrenyek\/","title":{"rendered":"Szekr\u00e9nyek"},"content":{"rendered":"<p><img loading=\"lazy\" decoding=\"async\" src=\"https:\/\/alexbutor.hu\/irodabutor\/wp-content\/uploads\/2022\/08\/SZEKRENYEK_kategoria_slides_1080x300px_12.png\" alt=\"\" width=\"1080\" height=\"300\" class=\"aligncenter size-full wp-image-68837\" style=\"width: 100%;\" srcset=\"https:\/\/alexbutor.hu\/irodabutor\/wp-content\/uploads\/2022\/08\/SZEKRENYEK_kategoria_slides_1080x300px_12.png 1080w, https:\/\/alexbutor.hu\/irodabutor\/wp-content\/uploads\/2022\/08\/SZEKRENYEK_kategoria_slides_1080x300px_12-300x83.png 300w, https:\/\/alexbutor.hu\/irodabutor\/wp-content\/uploads\/2022\/08\/SZEKRENYEK_kategoria_slides_1080x300px_12-1024x284.png 1024w, https:\/\/alexbutor.hu\/irodabutor\/wp-content\/uploads\/2022\/08\/SZEKRENYEK_kategoria_slides_1080x300px_12-768x213.png 768w, https:\/\/alexbutor.hu\/irodabutor\/wp-content\/uploads\/2022\/08\/SZEKRENYEK_kategoria_slides_1080x300px_12-900x250.png 900w\" sizes=\"(max-width: 1080px) 100vw, 1080px\" \/><\/p>\n<div class=\"butorlaposkat\">\n\r\n\t<li class=\"portfolio_item isotope-item\"><div class=\"portfolio_item_holder\"><figure class=\"thumbnail thumbnail__portfolio\"><a href=\"https:\/\/alexbutor.hu\/irodabutor\/kategoriak\/tarolo-butorok\/szekrenyek\/pontis-szekrenyek\/\" class=\"image-wrap\"><img decoding=\"async\" src=\"https:\/\/alexbutor.hu\/irodabutor\/wp-content\/uploads\/2023\/09\/website_kategoria_pontis-szekreny.webp\" alt=\"Pontis szekr\u00e9nyek\"><\/a><\/figure><div class=\"caption caption__portfolio\"><h3><a href=\"https:\/\/alexbutor.hu\/irodabutor\/kategoriak\/tarolo-butorok\/szekrenyek\/pontis-szekrenyek\/\">Pontis szekr\u00e9nyek (11)<\/a><\/h3><\/div><\/div><\/li>\n\r\n\t<li class=\"portfolio_item isotope-item\"><div class=\"portfolio_item_holder\"><figure class=\"thumbnail thumbnail__portfolio\"><a href=\"https:\/\/alexbutor.hu\/irodabutor\/kategoriak\/tarolo-butorok\/szekrenyek\/2-rendezo-magas\/\" class=\"image-wrap\"><img decoding=\"async\" src=\"https:\/\/alexbutor.hu\/irodabutor\/wp-content\/uploads\/2023\/09\/website_kategoria_as2-szekreny.webp\" alt=\"2 rendez\u0151 magas\"><\/a><\/figure><div class=\"caption caption__portfolio\"><h3><a href=\"https:\/\/alexbutor.hu\/irodabutor\/kategoriak\/tarolo-butorok\/szekrenyek\/2-rendezo-magas\/\">2 rendez\u0151 magas (12)<\/a><\/h3><\/div><\/div><\/li>\n\r\n\t<li class=\"portfolio_item isotope-item\"><div class=\"portfolio_item_holder\"><figure class=\"thumbnail thumbnail__portfolio\"><a href=\"https:\/\/alexbutor.hu\/irodabutor\/kategoriak\/tarolo-butorok\/szekrenyek\/3-rendezo-magas\/\" class=\"image-wrap\"><img decoding=\"async\" src=\"https:\/\/alexbutor.hu\/irodabutor\/wp-content\/uploads\/2023\/09\/website_kategoria_as3-szekreny.webp\" alt=\"3 rendez\u0151 magas\"><\/a><\/figure><div class=\"caption caption__portfolio\"><h3><a href=\"https:\/\/alexbutor.hu\/irodabutor\/kategoriak\/tarolo-butorok\/szekrenyek\/3-rendezo-magas\/\">3 rendez\u0151 magas (17)<\/a><\/h3><\/div><\/div><\/li>\n\r\n\t<li class=\"portfolio_item isotope-item\"><div class=\"portfolio_item_holder\"><figure class=\"thumbnail thumbnail__portfolio\"><a href=\"https:\/\/alexbutor.hu\/irodabutor\/kategoriak\/tarolo-butorok\/szekrenyek\/4-rendezo-magas\/\" class=\"image-wrap\"><img decoding=\"async\" src=\"https:\/\/alexbutor.hu\/irodabutor\/wp-content\/uploads\/2023\/09\/website_kategoria_as4-szekreny.webp\" alt=\"4 rendez\u0151 magas\"><\/a><\/figure><div class=\"caption caption__portfolio\"><h3><a href=\"https:\/\/alexbutor.hu\/irodabutor\/kategoriak\/tarolo-butorok\/szekrenyek\/4-rendezo-magas\/\">4 rendez\u0151 magas (20)<\/a><\/h3><\/div><\/div><\/li>\n\r\n\t<li class=\"portfolio_item isotope-item\"><div class=\"portfolio_item_holder\"><figure class=\"thumbnail thumbnail__portfolio\"><a href=\"https:\/\/alexbutor.hu\/irodabutor\/kategoriak\/tarolo-butorok\/szekrenyek\/5-rendezo-magas\/\" class=\"image-wrap\"><img decoding=\"async\" src=\"https:\/\/alexbutor.hu\/irodabutor\/wp-content\/uploads\/2023\/09\/website_kategoria_as5-szekreny.webp\" alt=\"5 rendez\u0151 magas\"><\/a><\/figure><div class=\"caption caption__portfolio\"><h3><a href=\"https:\/\/alexbutor.hu\/irodabutor\/kategoriak\/tarolo-butorok\/szekrenyek\/5-rendezo-magas\/\">5 rendez\u0151 magas (23)<\/a><\/h3><\/div><\/div><\/li>\n\r\n\t<li class=\"portfolio_item isotope-item\"><div class=\"portfolio_item_holder\"><figure class=\"thumbnail thumbnail__portfolio\"><a href=\"https:\/\/alexbutor.hu\/irodabutor\/kategoriak\/tarolo-butorok\/szekrenyek\/6-rendezo-magas\/\" class=\"image-wrap\"><img decoding=\"async\" src=\"https:\/\/alexbutor.hu\/irodabutor\/wp-content\/uploads\/2023\/09\/website_kategoria_as6-szekreny.webp\" alt=\"6 rendez\u0151 magas\"><\/a><\/figure><div class=\"caption caption__portfolio\"><h3><a href=\"https:\/\/alexbutor.hu\/irodabutor\/kategoriak\/tarolo-butorok\/szekrenyek\/6-rendezo-magas\/\">6 rendez\u0151 magas (33)<\/a><\/h3><\/div><\/div><\/li>\n<\/div>\n","protected":false},"excerpt":{"rendered":"","protected":false},"author":3,"featured_media":0,"parent":41548,"menu_order":0,"comment_status":"closed","ping_status":"closed","template":"page-uj-alexsub.php","meta":{"footnotes":""},"class_list":["post-41564","page","type-page","status-publish","hentry"],"yoast_head":"<!-- This site is optimized with the Yoast SEO plugin v23.5 - https:\/\/yoast.com\/wordpress\/plugins\/seo\/ -->\n<title>Szekr\u00e9nyek - Irodab\u00fator<\/title>\n<meta name=\"robots\" content=\"index, follow, max-snippet:-1, max-image-preview:large, max-video-preview:-1\" \/>\n<link rel=\"canonical\" href=\"https:\/\/alexbutor.hu\/irodabutor\/kategoriak\/tarolo-butorok\/szekrenyek\/\" \/>\n<meta property=\"og:locale\" content=\"hu_HU\" \/>\n<meta property=\"og:type\" content=\"article\" \/>\n<meta property=\"og:title\" content=\"Szekr\u00e9nyek - Irodab\u00fator\" \/>\n<meta property=\"og:url\" content=\"https:\/\/alexbutor.hu\/irodabutor\/kategoriak\/tarolo-butorok\/szekrenyek\/\" \/>\n<meta property=\"og:site_name\" content=\"Irodab\u00fator\" \/>\n<meta property=\"article:modified_time\" content=\"2023-09-29T18:09:13+00:00\" \/>\n<meta property=\"og:image\" content=\"https:\/\/alexbutor.hu\/irodabutor\/wp-content\/uploads\/2022\/08\/SZEKRENYEK_kategoria_slides_1080x300px_12.png\" \/>\n<meta name=\"twitter:card\" content=\"summary_large_image\" \/>\n<meta name=\"twitter:label1\" content=\"Becs\u00fclt olvas\u00e1si id\u0151\" \/>\n\t<meta name=\"twitter:data1\" content=\"1 perc\" \/>\n<script type=\"application\/ld+json\" class=\"yoast-schema-graph\">{\"@context\":\"https:\/\/schema.org\",\"@graph\":[{\"@type\":\"WebPage\",\"@id\":\"https:\/\/alexbutor.hu\/irodabutor\/kategoriak\/tarolo-butorok\/szekrenyek\/\",\"url\":\"https:\/\/alexbutor.hu\/irodabutor\/kategoriak\/tarolo-butorok\/szekrenyek\/\",\"name\":\"Szekr\u00e9nyek - Irodab\u00fator\",\"isPartOf\":{\"@id\":\"https:\/\/alexbutor.hu\/irodabutor\/#website\"},\"primaryImageOfPage\":{\"@id\":\"https:\/\/alexbutor.hu\/irodabutor\/kategoriak\/tarolo-butorok\/szekrenyek\/#primaryimage\"},\"image\":{\"@id\":\"https:\/\/alexbutor.hu\/irodabutor\/kategoriak\/tarolo-butorok\/szekrenyek\/#primaryimage\"},\"thumbnailUrl\":\"https:\/\/alexbutor.hu\/irodabutor\/wp-content\/uploads\/2022\/08\/SZEKRENYEK_kategoria_slides_1080x300px_12.png\",\"datePublished\":\"2017-04-19T09:03:50+00:00\",\"dateModified\":\"2023-09-29T18:09:13+00:00\",\"breadcrumb\":{\"@id\":\"https:\/\/alexbutor.hu\/irodabutor\/kategoriak\/tarolo-butorok\/szekrenyek\/#breadcrumb\"},\"inLanguage\":\"hu\",\"potentialAction\":[{\"@type\":\"ReadAction\",\"target\":[\"https:\/\/alexbutor.hu\/irodabutor\/kategoriak\/tarolo-butorok\/szekrenyek\/\"]}]},{\"@type\":\"ImageObject\",\"inLanguage\":\"hu\",\"@id\":\"https:\/\/alexbutor.hu\/irodabutor\/kategoriak\/tarolo-butorok\/szekrenyek\/#primaryimage\",\"url\":\"https:\/\/alexbutor.hu\/irodabutor\/wp-content\/uploads\/2022\/08\/SZEKRENYEK_kategoria_slides_1080x300px_12.png\",\"contentUrl\":\"https:\/\/alexbutor.hu\/irodabutor\/wp-content\/uploads\/2022\/08\/SZEKRENYEK_kategoria_slides_1080x300px_12.png\",\"width\":1080,\"height\":300},{\"@type\":\"BreadcrumbList\",\"@id\":\"https:\/\/alexbutor.hu\/irodabutor\/kategoriak\/tarolo-butorok\/szekrenyek\/#breadcrumb\",\"itemListElement\":[{\"@type\":\"ListItem\",\"position\":1,\"name\":\"Home\",\"item\":\"https:\/\/alexbutor.hu\/irodabutor\/\"},{\"@type\":\"ListItem\",\"position\":2,\"name\":\"Term\u00e9kek\",\"item\":\"https:\/\/alexbutor.hu\/irodabutor\/kategoriak\/\"},{\"@type\":\"ListItem\",\"position\":3,\"name\":\"T\u00e1rol\u00f3 b\u00fatorok\",\"item\":\"https:\/\/alexbutor.hu\/irodabutor\/kategoriak\/tarolo-butorok\/\"},{\"@type\":\"ListItem\",\"position\":4,\"name\":\"Szekr\u00e9nyek\"}]},{\"@type\":\"WebSite\",\"@id\":\"https:\/\/alexbutor.hu\/irodabutor\/#website\",\"url\":\"https:\/\/alexbutor.hu\/irodabutor\/\",\"name\":\"Irodab\u00fator\",\"description\":\"Minden t\u00e9rben megold\u00e1s\",\"potentialAction\":[{\"@type\":\"SearchAction\",\"target\":{\"@type\":\"EntryPoint\",\"urlTemplate\":\"https:\/\/alexbutor.hu\/irodabutor\/?s={search_term_string}\"},\"query-input\":{\"@type\":\"PropertyValueSpecification\",\"valueRequired\":true,\"valueName\":\"search_term_string\"}}],\"inLanguage\":\"hu\"}]}<\/script>\n<!-- \/ Yoast SEO plugin. -->","yoast_head_json":{"title":"Szekr\u00e9nyek - Irodab\u00fator","robots":{"index":"index","follow":"follow","max-snippet":"max-snippet:-1","max-image-preview":"max-image-preview:large","max-video-preview":"max-video-preview:-1"},"canonical":"https:\/\/alexbutor.hu\/irodabutor\/kategoriak\/tarolo-butorok\/szekrenyek\/","og_locale":"hu_HU","og_type":"article","og_title":"Szekr\u00e9nyek - Irodab\u00fator","og_url":"https:\/\/alexbutor.hu\/irodabutor\/kategoriak\/tarolo-butorok\/szekrenyek\/","og_site_name":"Irodab\u00fator","article_modified_time":"2023-09-29T18:09:13+00:00","og_image":[{"url":"https:\/\/alexbutor.hu\/irodabutor\/wp-content\/uploads\/2022\/08\/SZEKRENYEK_kategoria_slides_1080x300px_12.png"}],"twitter_card":"summary_large_image","twitter_misc":{"Becs\u00fclt olvas\u00e1si id\u0151":"1 perc"},"schema":{"@context":"https:\/\/schema.org","@graph":[{"@type":"WebPage","@id":"https:\/\/alexbutor.hu\/irodabutor\/kategoriak\/tarolo-butorok\/szekrenyek\/","url":"https:\/\/alexbutor.hu\/irodabutor\/kategoriak\/tarolo-butorok\/szekrenyek\/","name":"Szekr\u00e9nyek - Irodab\u00fator","isPartOf":{"@id":"https:\/\/alexbutor.hu\/irodabutor\/#website"},"primaryImageOfPage":{"@id":"https:\/\/alexbutor.hu\/irodabutor\/kategoriak\/tarolo-butorok\/szekrenyek\/#primaryimage"},"image":{"@id":"https:\/\/alexbutor.hu\/irodabutor\/kategoriak\/tarolo-butorok\/szekrenyek\/#primaryimage"},"thumbnailUrl":"https:\/\/alexbutor.hu\/irodabutor\/wp-content\/uploads\/2022\/08\/SZEKRENYEK_kategoria_slides_1080x300px_12.png","datePublished":"2017-04-19T09:03:50+00:00","dateModified":"2023-09-29T18:09:13+00:00","breadcrumb":{"@id":"https:\/\/alexbutor.hu\/irodabutor\/kategoriak\/tarolo-butorok\/szekrenyek\/#breadcrumb"},"inLanguage":"hu","potentialAction":[{"@type":"ReadAction","target":["https:\/\/alexbutor.hu\/irodabutor\/kategoriak\/tarolo-butorok\/szekrenyek\/"]}]},{"@type":"ImageObject","inLanguage":"hu","@id":"https:\/\/alexbutor.hu\/irodabutor\/kategoriak\/tarolo-butorok\/szekrenyek\/#primaryimage","url":"https:\/\/alexbutor.hu\/irodabutor\/wp-content\/uploads\/2022\/08\/SZEKRENYEK_kategoria_slides_1080x300px_12.png","contentUrl":"https:\/\/alexbutor.hu\/irodabutor\/wp-content\/uploads\/2022\/08\/SZEKRENYEK_kategoria_slides_1080x300px_12.png","width":1080,"height":300},{"@type":"BreadcrumbList","@id":"https:\/\/alexbutor.hu\/irodabutor\/kategoriak\/tarolo-butorok\/szekrenyek\/#breadcrumb","itemListElement":[{"@type":"ListItem","position":1,"name":"Home","item":"https:\/\/alexbutor.hu\/irodabutor\/"},{"@type":"ListItem","position":2,"name":"Term\u00e9kek","item":"https:\/\/alexbutor.hu\/irodabutor\/kategoriak\/"},{"@type":"ListItem","position":3,"name":"T\u00e1rol\u00f3 b\u00fatorok","item":"https:\/\/alexbutor.hu\/irodabutor\/kategoriak\/tarolo-butorok\/"},{"@type":"ListItem","position":4,"name":"Szekr\u00e9nyek"}]},{"@type":"WebSite","@id":"https:\/\/alexbutor.hu\/irodabutor\/#website","url":"https:\/\/alexbutor.hu\/irodabutor\/","name":"Irodab\u00fator","description":"Minden t\u00e9rben megold\u00e1s","potentialAction":[{"@type":"SearchAction","target":{"@type":"EntryPoint","urlTemplate":"https:\/\/alexbutor.hu\/irodabutor\/?s={search_term_string}"},"query-input":{"@type":"PropertyValueSpecification","valueRequired":true,"valueName":"search_term_string"}}],"inLanguage":"hu"}]}},"_links":{"self":[{"href":"https:\/\/alexbutor.hu\/irodabutor\/wp-json\/wp\/v2\/pages\/41564"}],"collection":[{"href":"https:\/\/alexbutor.hu\/irodabutor\/wp-json\/wp\/v2\/pages"}],"about":[{"href":"https:\/\/alexbutor.hu\/irodabutor\/wp-json\/wp\/v2\/types\/page"}],"author":[{"embeddable":true,"href":"https:\/\/alexbutor.hu\/irodabutor\/wp-json\/wp\/v2\/users\/3"}],"replies":[{"embeddable":true,"href":"https:\/\/alexbutor.hu\/irodabutor\/wp-json\/wp\/v2\/comments?post=41564"}],"version-history":[{"count":3,"href":"https:\/\/alexbutor.hu\/irodabutor\/wp-json\/wp\/v2\/pages\/41564\/revisions"}],"predecessor-version":[{"id":89705,"href":"https:\/\/alexbutor.hu\/irodabutor\/wp-json\/wp\/v2\/pages\/41564\/revisions\/89705"}],"up":[{"embeddable":true,"href":"https:\/\/alexbutor.hu\/irodabutor\/wp-json\/wp\/v2\/pages\/41548"}],"wp:attachment":[{"href":"https:\/\/alexbutor.hu\/irodabutor\/wp-json\/wp\/v2\/media?parent=41564"}],"curies":[{"name":"wp","href":"https:\/\/api.w.org\/{rel}","templated":true}]}}