{"id":41568,"date":"2017-04-19T09:04:58","date_gmt":"2017-04-19T09:04:58","guid":{"rendered":"http:\/\/alexbutor.hu\/irodabutor\/?page_id=41568"},"modified":"2024-10-28T12:34:53","modified_gmt":"2024-10-28T11:34:53","slug":"forgoszekek","status":"publish","type":"page","link":"https:\/\/alexbutor.hu\/irodabutor\/kategoriak\/ulobutorok\/forgoszekek\/","title":{"rendered":"Forg\u00f3sz\u00e9kek"},"content":{"rendered":"<div class=\"butorlaposkat\">\n<li class=\"portfolio_item isotope-item\">\n<div class=\"portfolio_item_holder\">\n<figure class=\"thumbnail thumbnail__portfolio\"><a href=\"https:\/\/alexbutor.hu\/irodabutor\/kategoriak\/ulobutorok\/forgoszekek\/vezetoi-forgoszekek\/\" class=\"image-wrap\"><img decoding=\"async\" src=\"https:\/\/alexbutor.hu\/irodabutor\/wp-content\/uploads\/2023\/09\/Vezetoi-forgoszekek-1.webp\" alt=\"Vezet\u0151i forg\u00f3sz\u00e9kek\"><span class=\"zoom-icon\"><\/span><\/a><\/figure>\n<div class=\"caption caption__portfolio\">\n<h3><a href=\"https:\/\/alexbutor.hu\/irodabutor\/kategoriak\/ulobutorok\/forgoszekek\/vezetoi-forgoszekek\/\">Vezet\u0151i forg\u00f3sz\u00e9kek (33)<\/a><\/h3>\n<\/div>\n<\/div>\n<\/li>\n<li class=\"portfolio_item isotope-item\">\n<div class=\"portfolio_item_holder\">\n<figure class=\"thumbnail thumbnail__portfolio\"><a href=\"https:\/\/alexbutor.hu\/irodabutor\/kategoriak\/ulobutorok\/forgoszekek\/operativ-forgoszekek\/\" class=\"image-wrap\"><img decoding=\"async\" src=\"https:\/\/alexbutor.hu\/irodabutor\/wp-content\/uploads\/2023\/09\/Operativ-forgoszekek.webp\" alt=\"Operat\u00edv forg\u00f3sz\u00e9kek\"><span class=\"zoom-icon\"><\/span><\/a><\/figure>\n<div class=\"caption caption__portfolio\">\n<h3><a href=\"https:\/\/alexbutor.hu\/irodabutor\/kategoriak\/ulobutorok\/forgoszekek\/operativ-forgoszekek\/\">Operat\u00edv forg\u00f3sz\u00e9kek (37)<\/a><\/h3>\n<\/div>\n<\/div>\n<\/li>\n<li class=\"portfolio_item isotope-item\">\n<div class=\"portfolio_item_holder\">\n<figure class=\"thumbnail thumbnail__portfolio\"><a href=\"https:\/\/alexbutor.hu\/irodabutor\/kategoriak\/ulobutorok\/forgoszekek\/specialis-szekek\/\" class=\"image-wrap\"><img decoding=\"async\" src=\"https:\/\/alexbutor.hu\/irodabutor\/wp-content\/uploads\/2024\/10\/specialis-forgoszekek.png\" alt=\"Speci\u00e1lis sz\u00e9kek\"><span class=\"zoom-icon\"><\/span><\/a><\/figure>\n<div class=\"caption caption__portfolio\">\n<h3><a href=\"https:\/\/alexbutor.hu\/irodabutor\/kategoriak\/ulobutorok\/forgoszekek\/specialis-szekek\/\">Speci\u00e1lis sz\u00e9kek (6)<\/a><\/h3>\n<\/div>\n<\/div>\n<\/li>\n<\/div>\n","protected":false},"excerpt":{"rendered":"<p>Vezet\u0151i forg\u00f3sz\u00e9kek Operat\u00edv forg\u00f3sz\u00e9kek Speci\u00e1lis sz\u00e9kek<\/p>\n","protected":false},"author":3,"featured_media":0,"parent":41550,"menu_order":0,"comment_status":"closed","ping_status":"closed","template":"page-uj-alexsub.php","meta":{"footnotes":""},"class_list":["post-41568","page","type-page","status-publish","hentry"],"yoast_head":"<!-- This site is optimized with the Yoast SEO plugin v23.5 - https:\/\/yoast.com\/wordpress\/plugins\/seo\/ -->\n<title>Forg\u00f3sz\u00e9kek - Irodab\u00fator<\/title>\n<meta name=\"robots\" content=\"index, follow, max-snippet:-1, max-image-preview:large, max-video-preview:-1\" \/>\n<link rel=\"canonical\" href=\"https:\/\/alexbutor.hu\/irodabutor\/kategoriak\/ulobutorok\/forgoszekek\/\" \/>\n<meta property=\"og:locale\" content=\"hu_HU\" \/>\n<meta property=\"og:type\" content=\"article\" \/>\n<meta property=\"og:title\" content=\"Forg\u00f3sz\u00e9kek - Irodab\u00fator\" \/>\n<meta property=\"og:description\" content=\"Vezet\u0151i forg\u00f3sz\u00e9kek Operat\u00edv forg\u00f3sz\u00e9kek Speci\u00e1lis sz\u00e9kek\" \/>\n<meta property=\"og:url\" content=\"https:\/\/alexbutor.hu\/irodabutor\/kategoriak\/ulobutorok\/forgoszekek\/\" \/>\n<meta property=\"og:site_name\" content=\"Irodab\u00fator\" \/>\n<meta property=\"article:modified_time\" content=\"2024-10-28T11:34:53+00:00\" \/>\n<meta property=\"og:image\" content=\"https:\/\/alexbutor.hu\/irodabutor\/wp-content\/uploads\/2023\/09\/Vezetoi-forgoszekek-1.webp\" \/>\n<meta name=\"twitter:card\" content=\"summary_large_image\" \/>\n<meta name=\"twitter:label1\" content=\"Becs\u00fclt olvas\u00e1si id\u0151\" \/>\n\t<meta name=\"twitter:data1\" content=\"1 perc\" \/>\n<script type=\"application\/ld+json\" class=\"yoast-schema-graph\">{\"@context\":\"https:\/\/schema.org\",\"@graph\":[{\"@type\":\"WebPage\",\"@id\":\"https:\/\/alexbutor.hu\/irodabutor\/kategoriak\/ulobutorok\/forgoszekek\/\",\"url\":\"https:\/\/alexbutor.hu\/irodabutor\/kategoriak\/ulobutorok\/forgoszekek\/\",\"name\":\"Forg\u00f3sz\u00e9kek - Irodab\u00fator\",\"isPartOf\":{\"@id\":\"https:\/\/alexbutor.hu\/irodabutor\/#website\"},\"primaryImageOfPage\":{\"@id\":\"https:\/\/alexbutor.hu\/irodabutor\/kategoriak\/ulobutorok\/forgoszekek\/#primaryimage\"},\"image\":{\"@id\":\"https:\/\/alexbutor.hu\/irodabutor\/kategoriak\/ulobutorok\/forgoszekek\/#primaryimage\"},\"thumbnailUrl\":\"https:\/\/alexbutor.hu\/irodabutor\/wp-content\/uploads\/2023\/09\/Vezetoi-forgoszekek-1.webp\",\"datePublished\":\"2017-04-19T09:04:58+00:00\",\"dateModified\":\"2024-10-28T11:34:53+00:00\",\"breadcrumb\":{\"@id\":\"https:\/\/alexbutor.hu\/irodabutor\/kategoriak\/ulobutorok\/forgoszekek\/#breadcrumb\"},\"inLanguage\":\"hu\",\"potentialAction\":[{\"@type\":\"ReadAction\",\"target\":[\"https:\/\/alexbutor.hu\/irodabutor\/kategoriak\/ulobutorok\/forgoszekek\/\"]}]},{\"@type\":\"ImageObject\",\"inLanguage\":\"hu\",\"@id\":\"https:\/\/alexbutor.hu\/irodabutor\/kategoriak\/ulobutorok\/forgoszekek\/#primaryimage\",\"url\":\"https:\/\/alexbutor.hu\/irodabutor\/wp-content\/uploads\/2023\/09\/Vezetoi-forgoszekek-1.webp\",\"contentUrl\":\"https:\/\/alexbutor.hu\/irodabutor\/wp-content\/uploads\/2023\/09\/Vezetoi-forgoszekek-1.webp\",\"width\":800,\"height\":560},{\"@type\":\"BreadcrumbList\",\"@id\":\"https:\/\/alexbutor.hu\/irodabutor\/kategoriak\/ulobutorok\/forgoszekek\/#breadcrumb\",\"itemListElement\":[{\"@type\":\"ListItem\",\"position\":1,\"name\":\"Home\",\"item\":\"https:\/\/alexbutor.hu\/irodabutor\/\"},{\"@type\":\"ListItem\",\"position\":2,\"name\":\"Term\u00e9kek\",\"item\":\"https:\/\/alexbutor.hu\/irodabutor\/kategoriak\/\"},{\"@type\":\"ListItem\",\"position\":3,\"name\":\"\u00dcl\u0151b\u00fatorok\",\"item\":\"https:\/\/alexbutor.hu\/irodabutor\/kategoriak\/ulobutorok\/\"},{\"@type\":\"ListItem\",\"position\":4,\"name\":\"Forg\u00f3sz\u00e9kek\"}]},{\"@type\":\"WebSite\",\"@id\":\"https:\/\/alexbutor.hu\/irodabutor\/#website\",\"url\":\"https:\/\/alexbutor.hu\/irodabutor\/\",\"name\":\"Irodab\u00fator\",\"description\":\"Minden t\u00e9rben megold\u00e1s\",\"potentialAction\":[{\"@type\":\"SearchAction\",\"target\":{\"@type\":\"EntryPoint\",\"urlTemplate\":\"https:\/\/alexbutor.hu\/irodabutor\/?s={search_term_string}\"},\"query-input\":{\"@type\":\"PropertyValueSpecification\",\"valueRequired\":true,\"valueName\":\"search_term_string\"}}],\"inLanguage\":\"hu\"}]}<\/script>\n<!-- \/ Yoast SEO plugin. -->","yoast_head_json":{"title":"Forg\u00f3sz\u00e9kek - Irodab\u00fator","robots":{"index":"index","follow":"follow","max-snippet":"max-snippet:-1","max-image-preview":"max-image-preview:large","max-video-preview":"max-video-preview:-1"},"canonical":"https:\/\/alexbutor.hu\/irodabutor\/kategoriak\/ulobutorok\/forgoszekek\/","og_locale":"hu_HU","og_type":"article","og_title":"Forg\u00f3sz\u00e9kek - Irodab\u00fator","og_description":"Vezet\u0151i forg\u00f3sz\u00e9kek Operat\u00edv forg\u00f3sz\u00e9kek Speci\u00e1lis sz\u00e9kek","og_url":"https:\/\/alexbutor.hu\/irodabutor\/kategoriak\/ulobutorok\/forgoszekek\/","og_site_name":"Irodab\u00fator","article_modified_time":"2024-10-28T11:34:53+00:00","og_image":[{"url":"https:\/\/alexbutor.hu\/irodabutor\/wp-content\/uploads\/2023\/09\/Vezetoi-forgoszekek-1.webp"}],"twitter_card":"summary_large_image","twitter_misc":{"Becs\u00fclt olvas\u00e1si id\u0151":"1 perc"},"schema":{"@context":"https:\/\/schema.org","@graph":[{"@type":"WebPage","@id":"https:\/\/alexbutor.hu\/irodabutor\/kategoriak\/ulobutorok\/forgoszekek\/","url":"https:\/\/alexbutor.hu\/irodabutor\/kategoriak\/ulobutorok\/forgoszekek\/","name":"Forg\u00f3sz\u00e9kek - Irodab\u00fator","isPartOf":{"@id":"https:\/\/alexbutor.hu\/irodabutor\/#website"},"primaryImageOfPage":{"@id":"https:\/\/alexbutor.hu\/irodabutor\/kategoriak\/ulobutorok\/forgoszekek\/#primaryimage"},"image":{"@id":"https:\/\/alexbutor.hu\/irodabutor\/kategoriak\/ulobutorok\/forgoszekek\/#primaryimage"},"thumbnailUrl":"https:\/\/alexbutor.hu\/irodabutor\/wp-content\/uploads\/2023\/09\/Vezetoi-forgoszekek-1.webp","datePublished":"2017-04-19T09:04:58+00:00","dateModified":"2024-10-28T11:34:53+00:00","breadcrumb":{"@id":"https:\/\/alexbutor.hu\/irodabutor\/kategoriak\/ulobutorok\/forgoszekek\/#breadcrumb"},"inLanguage":"hu","potentialAction":[{"@type":"ReadAction","target":["https:\/\/alexbutor.hu\/irodabutor\/kategoriak\/ulobutorok\/forgoszekek\/"]}]},{"@type":"ImageObject","inLanguage":"hu","@id":"https:\/\/alexbutor.hu\/irodabutor\/kategoriak\/ulobutorok\/forgoszekek\/#primaryimage","url":"https:\/\/alexbutor.hu\/irodabutor\/wp-content\/uploads\/2023\/09\/Vezetoi-forgoszekek-1.webp","contentUrl":"https:\/\/alexbutor.hu\/irodabutor\/wp-content\/uploads\/2023\/09\/Vezetoi-forgoszekek-1.webp","width":800,"height":560},{"@type":"BreadcrumbList","@id":"https:\/\/alexbutor.hu\/irodabutor\/kategoriak\/ulobutorok\/forgoszekek\/#breadcrumb","itemListElement":[{"@type":"ListItem","position":1,"name":"Home","item":"https:\/\/alexbutor.hu\/irodabutor\/"},{"@type":"ListItem","position":2,"name":"Term\u00e9kek","item":"https:\/\/alexbutor.hu\/irodabutor\/kategoriak\/"},{"@type":"ListItem","position":3,"name":"\u00dcl\u0151b\u00fatorok","item":"https:\/\/alexbutor.hu\/irodabutor\/kategoriak\/ulobutorok\/"},{"@type":"ListItem","position":4,"name":"Forg\u00f3sz\u00e9kek"}]},{"@type":"WebSite","@id":"https:\/\/alexbutor.hu\/irodabutor\/#website","url":"https:\/\/alexbutor.hu\/irodabutor\/","name":"Irodab\u00fator","description":"Minden t\u00e9rben megold\u00e1s","potentialAction":[{"@type":"SearchAction","target":{"@type":"EntryPoint","urlTemplate":"https:\/\/alexbutor.hu\/irodabutor\/?s={search_term_string}"},"query-input":{"@type":"PropertyValueSpecification","valueRequired":true,"valueName":"search_term_string"}}],"inLanguage":"hu"}]}},"_links":{"self":[{"href":"https:\/\/alexbutor.hu\/irodabutor\/wp-json\/wp\/v2\/pages\/41568"}],"collection":[{"href":"https:\/\/alexbutor.hu\/irodabutor\/wp-json\/wp\/v2\/pages"}],"about":[{"href":"https:\/\/alexbutor.hu\/irodabutor\/wp-json\/wp\/v2\/types\/page"}],"author":[{"embeddable":true,"href":"https:\/\/alexbutor.hu\/irodabutor\/wp-json\/wp\/v2\/users\/3"}],"replies":[{"embeddable":true,"href":"https:\/\/alexbutor.hu\/irodabutor\/wp-json\/wp\/v2\/comments?post=41568"}],"version-history":[{"count":5,"href":"https:\/\/alexbutor.hu\/irodabutor\/wp-json\/wp\/v2\/pages\/41568\/revisions"}],"predecessor-version":[{"id":100511,"href":"https:\/\/alexbutor.hu\/irodabutor\/wp-json\/wp\/v2\/pages\/41568\/revisions\/100511"}],"up":[{"embeddable":true,"href":"https:\/\/alexbutor.hu\/irodabutor\/wp-json\/wp\/v2\/pages\/41550"}],"wp:attachment":[{"href":"https:\/\/alexbutor.hu\/irodabutor\/wp-json\/wp\/v2\/media?parent=41568"}],"curies":[{"name":"wp","href":"https:\/\/api.w.org\/{rel}","templated":true}]}}