{"id":49228,"date":"2018-09-27T11:56:55","date_gmt":"2018-09-27T11:56:55","guid":{"rendered":"http:\/\/alexbutor.hu\/irodabutor\/?page_id=49228"},"modified":"2018-09-27T11:57:07","modified_gmt":"2018-09-27T11:57:07","slug":"projekt-egyeztetes","status":"publish","type":"page","link":"https:\/\/alexbutor.hu\/irodabutor\/projekt-egyeztetes\/","title":{"rendered":"Projekt Egyeztet\u00e9s"},"content":{"rendered":"<h3>Az Alex F\u00e9mb\u00fator Kft. egyes term\u00e9kcsal\u00e1djai \u00e9s az azokhoz tartoz\u00f3 modellek projektek kapcs\u00e1n rendelhet\u0151k.<\/h3>\n<p>A projektegyeztet\u00e9shez  \u00e9s kapcsolatfelv\u00e9telhez k\u00e9rj\u00fck t\u00e1j\u00e9koztasson minket a projekt tervezett b\u00fatorig\u00e9ny\u00e9r\u0151l \u2013 felsorolva az Alex k\u00edn\u00e1lat\u00e1b\u00f3l v\u00e1lasztott term\u00e9keket \u00e9s azok mennyis\u00e9gi ig\u00e9ny\u00e9t - a projekt id\u0151terv\u00e9r\u0151l \u00e9s minden egy\u00e9b fontos adatr\u00f3l, ami fontos lehet.<\/p>\n\n<div class=\"wpcf7 no-js\" id=\"wpcf7-f49227-o1\" lang=\"hu-HU\" dir=\"ltr\">\n<div class=\"screen-reader-response\"><p role=\"status\" aria-live=\"polite\" aria-atomic=\"true\"><\/p> <ul><\/ul><\/div>\n<form action=\"\/irodabutor\/wp-json\/wp\/v2\/pages\/49228#wpcf7-f49227-o1\" method=\"post\" class=\"wpcf7-form init\" aria-label=\"Kapcsolatfelv\u00e9teli \u0171rlap\" novalidate=\"novalidate\" data-status=\"init\">\n<div style=\"display: none;\">\n<input type=\"hidden\" name=\"_wpcf7\" value=\"49227\" \/>\n<input type=\"hidden\" name=\"_wpcf7_version\" value=\"5.9.8\" \/>\n<input type=\"hidden\" name=\"_wpcf7_locale\" value=\"hu_HU\" \/>\n<input type=\"hidden\" name=\"_wpcf7_unit_tag\" value=\"wpcf7-f49227-o1\" \/>\n<input type=\"hidden\" name=\"_wpcf7_container_post\" value=\"0\" \/>\n<input type=\"hidden\" name=\"_wpcf7_posted_data_hash\" value=\"\" \/>\n<\/div>\n<div class=\"row-fluid\">\n<p class=\"span6 field\"><span class=\"wpcf7-form-control-wrap\" data-name=\"your-name\"><input size=\"40\" maxlength=\"400\" class=\"wpcf7-form-control wpcf7-text wpcf7-validates-as-required\" aria-required=\"true\" aria-invalid=\"false\" placeholder=\"N\u00e9v \/ C\u00e9gn\u00e9v:\" value=\"\" type=\"text\" name=\"your-name\" \/><\/span> <\/p>\n<p class=\"span6 field\"><span class=\"wpcf7-form-control-wrap\" data-name=\"your-email\"><input size=\"40\" maxlength=\"400\" class=\"wpcf7-form-control wpcf7-email wpcf7-validates-as-required wpcf7-text wpcf7-validates-as-email\" aria-required=\"true\" aria-invalid=\"false\" placeholder=\"E-mail:\" value=\"\" type=\"email\" name=\"your-email\" \/><\/span> <\/p>\n<p class=\"span6 field\" style=\"margin-left: 0;\"><span class=\"wpcf7-form-control-wrap\" data-name=\"text-217\"><input size=\"40\" maxlength=\"400\" class=\"wpcf7-form-control wpcf7-text\" aria-invalid=\"false\" placeholder=\"Telefon:\" value=\"\" type=\"text\" name=\"text-217\" \/><\/span> <\/p>\n<p class=\"span6 field\"><span class=\"wpcf7-form-control-wrap\" data-name=\"text-697\"><input size=\"40\" maxlength=\"400\" class=\"wpcf7-form-control wpcf7-text\" aria-invalid=\"false\" placeholder=\"Ad\u00f3sz\u00e1m\/Ad\u00f3azonos\u00edt\u00f3 jel:\" value=\"\" type=\"text\" name=\"text-697\" \/><\/span> <\/p>\n<\/div>\n<p class=\"field\"><span class=\"wpcf7-form-control-wrap\" data-name=\"your-message\"><textarea cols=\"40\" rows=\"10\" maxlength=\"2000\" class=\"wpcf7-form-control wpcf7-textarea\" aria-invalid=\"false\" placeholder=\"Sz\u00f6veg:\" name=\"your-message\"><\/textarea><\/span> <\/p>\n<div class=\"kapcsolatgdpr-h\">\n<div class=\"kapcsolatgdpr-1\"><span class=\"wpcf7-form-control-wrap\" data-name=\"acceptance-997\"><span class=\"wpcf7-form-control wpcf7-acceptance\"><span class=\"wpcf7-list-item\"><input type=\"checkbox\" name=\"acceptance-997\" value=\"1\" aria-invalid=\"false\" \/><\/span><\/span><\/span><label for=\"acceptance-997-1\"><span class=\"addthetick\"><\/span><p class=\"gdpr-textafterb\">Elolvastam \u00e9s magamra n\u00e9zve k\u00f6telez\u0151nek ismerem el az <a href=\"https:\/\/alexbutor.hu\/assets\/alex_fembutor_aszf2015.pdf\" target=\"_blank\">\u00c1SZF-et<\/a>. Megismertem az <a href=\"https:\/\/alexbutor.hu\/assets\/alex_fembutor_kft.-adatkezelesi_tajekoztato.pdf\" target=\"_blank\">Adatv\u00e9delmi \u00e9s Cookie szab\u00e1lyzatot<\/a>, t\u00e1j\u00e9koztat\u00e1st kaptam a szem\u00e9lyes adataim kezel\u00e9s\u00e9r\u0151l \u00e9s az adatkezel\u00e9shez kapcsol\u00f3d\u00f3 jogaim gyakorl\u00e1s\u00e1r\u00f3l.<\/p><\/div>\n<div class=\"kapcsolatgdpr-2\"><span class=\"wpcf7-form-control-wrap\" data-name=\"acceptance-555\"><span class=\"wpcf7-form-control wpcf7-acceptance optional\"><span class=\"wpcf7-list-item\"><input type=\"checkbox\" name=\"acceptance-555\" value=\"1\" aria-invalid=\"false\" \/><\/span><\/span><\/span><label for=\"acceptance-555-1\"><span class=\"addthetick\"><\/span><p class=\"gdpr-textafterb\">Hozz\u00e1j\u00e1rulok, hogy az Alex F\u00e9mb\u00fator Kft. felhaszn\u00e1lja az \u00e1ltalan megadott adatokat annak \u00e9rdek\u00e9ben, hogy e-mail, h\u00edrlev\u00e9l, online marketing valamint postai \u00faton terjesztett tartalmakkal kereshessen meg engem.<\/p><\/div>\n<\/div>\n<p class=\"submit-wrap\"><input type=\"reset\" value=\"T\u00f6rl\u00e9s\" class=\"btn btn-primary\" \/><input class=\"wpcf7-form-control wpcf7-submit has-spinner btn btn-primary\" type=\"submit\" value=\"K\u00fcld\u00e9s\" \/><\/p><p style=\"display: none !important;\" class=\"akismet-fields-container\" data-prefix=\"_wpcf7_ak_\"><label>&#916;<textarea name=\"_wpcf7_ak_hp_textarea\" cols=\"45\" rows=\"8\" maxlength=\"100\"><\/textarea><\/label><input type=\"hidden\" id=\"ak_js_1\" name=\"_wpcf7_ak_js\" value=\"146\"\/><script>document.getElementById( \"ak_js_1\" ).setAttribute( \"value\", ( new Date() ).getTime() );<\/script><\/p><div class=\"wpcf7-response-output\" aria-hidden=\"true\"><\/div>\n<\/form>\n<\/div>\n\n","protected":false},"excerpt":{"rendered":"<p>Az Alex F\u00e9mb\u00fator Kft. egyes term\u00e9kcsal\u00e1djai \u00e9s az azokhoz tartoz\u00f3 modellek projektek kapcs\u00e1n rendelhet\u0151k. A projektegyeztet\u00e9shez \u00e9s kapcsolatfelv\u00e9telhez k\u00e9rj\u00fck t\u00e1j\u00e9koztasson minket a projekt tervezett b\u00fatorig\u00e9ny\u00e9r\u0151l \u2013 felsorolva az Alex k\u00edn\u00e1lat\u00e1b\u00f3l v\u00e1lasztott term\u00e9keket \u00e9s azok mennyis\u00e9gi ig\u00e9ny\u00e9t - a projekt id\u0151terv\u00e9r\u0151l \u00e9s minden egy\u00e9b fontos adatr\u00f3l, ami fontos lehet.<\/p>\n","protected":false},"author":3,"featured_media":0,"parent":0,"menu_order":0,"comment_status":"closed","ping_status":"closed","template":"page-fullwidth.php","meta":{"footnotes":""},"class_list":["post-49228","page","type-page","status-publish","hentry"],"yoast_head":"<!-- This site is optimized with the Yoast SEO plugin v23.5 - https:\/\/yoast.com\/wordpress\/plugins\/seo\/ -->\n<title>Projekt Egyeztet\u00e9s - Irodab\u00fator<\/title>\n<meta name=\"robots\" content=\"index, follow, max-snippet:-1, max-image-preview:large, max-video-preview:-1\" \/>\n<link rel=\"canonical\" href=\"https:\/\/alexbutor.hu\/irodabutor\/projekt-egyeztetes\/\" \/>\n<meta property=\"og:locale\" content=\"hu_HU\" \/>\n<meta property=\"og:type\" content=\"article\" \/>\n<meta property=\"og:title\" content=\"Projekt Egyeztet\u00e9s - Irodab\u00fator\" \/>\n<meta property=\"og:description\" content=\"Az Alex F\u00e9mb\u00fator Kft. egyes term\u00e9kcsal\u00e1djai \u00e9s az azokhoz tartoz\u00f3 modellek projektek kapcs\u00e1n rendelhet\u0151k. A projektegyeztet\u00e9shez \u00e9s kapcsolatfelv\u00e9telhez k\u00e9rj\u00fck t\u00e1j\u00e9koztasson minket a projekt tervezett b\u00fatorig\u00e9ny\u00e9r\u0151l \u2013 felsorolva az Alex k\u00edn\u00e1lat\u00e1b\u00f3l v\u00e1lasztott term\u00e9keket \u00e9s azok mennyis\u00e9gi ig\u00e9ny\u00e9t - a projekt id\u0151terv\u00e9r\u0151l \u00e9s minden egy\u00e9b fontos adatr\u00f3l, ami fontos lehet.\" \/>\n<meta property=\"og:url\" content=\"https:\/\/alexbutor.hu\/irodabutor\/projekt-egyeztetes\/\" \/>\n<meta property=\"og:site_name\" content=\"Irodab\u00fator\" \/>\n<meta property=\"article:modified_time\" content=\"2018-09-27T11:57:07+00:00\" \/>\n<meta name=\"twitter:card\" content=\"summary_large_image\" \/>\n<script type=\"application\/ld+json\" class=\"yoast-schema-graph\">{\"@context\":\"https:\/\/schema.org\",\"@graph\":[{\"@type\":\"WebPage\",\"@id\":\"https:\/\/alexbutor.hu\/irodabutor\/projekt-egyeztetes\/\",\"url\":\"https:\/\/alexbutor.hu\/irodabutor\/projekt-egyeztetes\/\",\"name\":\"Projekt Egyeztet\u00e9s - Irodab\u00fator\",\"isPartOf\":{\"@id\":\"https:\/\/alexbutor.hu\/irodabutor\/#website\"},\"datePublished\":\"2018-09-27T11:56:55+00:00\",\"dateModified\":\"2018-09-27T11:57:07+00:00\",\"breadcrumb\":{\"@id\":\"https:\/\/alexbutor.hu\/irodabutor\/projekt-egyeztetes\/#breadcrumb\"},\"inLanguage\":\"hu\",\"potentialAction\":[{\"@type\":\"ReadAction\",\"target\":[\"https:\/\/alexbutor.hu\/irodabutor\/projekt-egyeztetes\/\"]}]},{\"@type\":\"BreadcrumbList\",\"@id\":\"https:\/\/alexbutor.hu\/irodabutor\/projekt-egyeztetes\/#breadcrumb\",\"itemListElement\":[{\"@type\":\"ListItem\",\"position\":1,\"name\":\"Home\",\"item\":\"https:\/\/alexbutor.hu\/irodabutor\/\"},{\"@type\":\"ListItem\",\"position\":2,\"name\":\"Projekt Egyeztet\u00e9s\"}]},{\"@type\":\"WebSite\",\"@id\":\"https:\/\/alexbutor.hu\/irodabutor\/#website\",\"url\":\"https:\/\/alexbutor.hu\/irodabutor\/\",\"name\":\"Irodab\u00fator\",\"description\":\"Minden t\u00e9rben megold\u00e1s\",\"potentialAction\":[{\"@type\":\"SearchAction\",\"target\":{\"@type\":\"EntryPoint\",\"urlTemplate\":\"https:\/\/alexbutor.hu\/irodabutor\/?s={search_term_string}\"},\"query-input\":{\"@type\":\"PropertyValueSpecification\",\"valueRequired\":true,\"valueName\":\"search_term_string\"}}],\"inLanguage\":\"hu\"}]}<\/script>\n<!-- \/ Yoast SEO plugin. -->","yoast_head_json":{"title":"Projekt Egyeztet\u00e9s - Irodab\u00fator","robots":{"index":"index","follow":"follow","max-snippet":"max-snippet:-1","max-image-preview":"max-image-preview:large","max-video-preview":"max-video-preview:-1"},"canonical":"https:\/\/alexbutor.hu\/irodabutor\/projekt-egyeztetes\/","og_locale":"hu_HU","og_type":"article","og_title":"Projekt Egyeztet\u00e9s - Irodab\u00fator","og_description":"Az Alex F\u00e9mb\u00fator Kft. egyes term\u00e9kcsal\u00e1djai \u00e9s az azokhoz tartoz\u00f3 modellek projektek kapcs\u00e1n rendelhet\u0151k. A projektegyeztet\u00e9shez \u00e9s kapcsolatfelv\u00e9telhez k\u00e9rj\u00fck t\u00e1j\u00e9koztasson minket a projekt tervezett b\u00fatorig\u00e9ny\u00e9r\u0151l \u2013 felsorolva az Alex k\u00edn\u00e1lat\u00e1b\u00f3l v\u00e1lasztott term\u00e9keket \u00e9s azok mennyis\u00e9gi ig\u00e9ny\u00e9t - a projekt id\u0151terv\u00e9r\u0151l \u00e9s minden egy\u00e9b fontos adatr\u00f3l, ami fontos lehet.","og_url":"https:\/\/alexbutor.hu\/irodabutor\/projekt-egyeztetes\/","og_site_name":"Irodab\u00fator","article_modified_time":"2018-09-27T11:57:07+00:00","twitter_card":"summary_large_image","schema":{"@context":"https:\/\/schema.org","@graph":[{"@type":"WebPage","@id":"https:\/\/alexbutor.hu\/irodabutor\/projekt-egyeztetes\/","url":"https:\/\/alexbutor.hu\/irodabutor\/projekt-egyeztetes\/","name":"Projekt Egyeztet\u00e9s - Irodab\u00fator","isPartOf":{"@id":"https:\/\/alexbutor.hu\/irodabutor\/#website"},"datePublished":"2018-09-27T11:56:55+00:00","dateModified":"2018-09-27T11:57:07+00:00","breadcrumb":{"@id":"https:\/\/alexbutor.hu\/irodabutor\/projekt-egyeztetes\/#breadcrumb"},"inLanguage":"hu","potentialAction":[{"@type":"ReadAction","target":["https:\/\/alexbutor.hu\/irodabutor\/projekt-egyeztetes\/"]}]},{"@type":"BreadcrumbList","@id":"https:\/\/alexbutor.hu\/irodabutor\/projekt-egyeztetes\/#breadcrumb","itemListElement":[{"@type":"ListItem","position":1,"name":"Home","item":"https:\/\/alexbutor.hu\/irodabutor\/"},{"@type":"ListItem","position":2,"name":"Projekt Egyeztet\u00e9s"}]},{"@type":"WebSite","@id":"https:\/\/alexbutor.hu\/irodabutor\/#website","url":"https:\/\/alexbutor.hu\/irodabutor\/","name":"Irodab\u00fator","description":"Minden t\u00e9rben megold\u00e1s","potentialAction":[{"@type":"SearchAction","target":{"@type":"EntryPoint","urlTemplate":"https:\/\/alexbutor.hu\/irodabutor\/?s={search_term_string}"},"query-input":{"@type":"PropertyValueSpecification","valueRequired":true,"valueName":"search_term_string"}}],"inLanguage":"hu"}]}},"_links":{"self":[{"href":"https:\/\/alexbutor.hu\/irodabutor\/wp-json\/wp\/v2\/pages\/49228"}],"collection":[{"href":"https:\/\/alexbutor.hu\/irodabutor\/wp-json\/wp\/v2\/pages"}],"about":[{"href":"https:\/\/alexbutor.hu\/irodabutor\/wp-json\/wp\/v2\/types\/page"}],"author":[{"embeddable":true,"href":"https:\/\/alexbutor.hu\/irodabutor\/wp-json\/wp\/v2\/users\/3"}],"replies":[{"embeddable":true,"href":"https:\/\/alexbutor.hu\/irodabutor\/wp-json\/wp\/v2\/comments?post=49228"}],"version-history":[{"count":0,"href":"https:\/\/alexbutor.hu\/irodabutor\/wp-json\/wp\/v2\/pages\/49228\/revisions"}],"wp:attachment":[{"href":"https:\/\/alexbutor.hu\/irodabutor\/wp-json\/wp\/v2\/media?parent=49228"}],"curies":[{"name":"wp","href":"https:\/\/api.w.org\/{rel}","templated":true}]}}