{"id":52553,"date":"2021-05-20T09:01:04","date_gmt":"2021-05-20T08:01:04","guid":{"rendered":"http:\/\/alexbutor.hu\/irodabutor\/?page_id=52553"},"modified":"2022-08-01T08:13:41","modified_gmt":"2022-08-01T07:13:41","slug":"elektromos-asztal","status":"publish","type":"page","link":"https:\/\/alexbutor.hu\/irodabutor\/kategoriak\/irodai-asztalok\/elektromos-asztal\/","title":{"rendered":"Elektromos asztal"},"content":{"rendered":"<p><img loading=\"lazy\" decoding=\"async\" src=\"https:\/\/alexbutor.hu\/irodabutor\/wp-content\/uploads\/2022\/08\/ELEX_kategoria_slides_1080x300px_4.png\" alt=\"\" width=\"1080\" height=\"300\" class=\"aligncenter size-full wp-image-68831\" style=\"width: 100%;\" srcset=\"https:\/\/alexbutor.hu\/irodabutor\/wp-content\/uploads\/2022\/08\/ELEX_kategoria_slides_1080x300px_4.png 1080w, https:\/\/alexbutor.hu\/irodabutor\/wp-content\/uploads\/2022\/08\/ELEX_kategoria_slides_1080x300px_4-300x83.png 300w, https:\/\/alexbutor.hu\/irodabutor\/wp-content\/uploads\/2022\/08\/ELEX_kategoria_slides_1080x300px_4-1024x284.png 1024w, https:\/\/alexbutor.hu\/irodabutor\/wp-content\/uploads\/2022\/08\/ELEX_kategoria_slides_1080x300px_4-768x213.png 768w, https:\/\/alexbutor.hu\/irodabutor\/wp-content\/uploads\/2022\/08\/ELEX_kategoria_slides_1080x300px_4-900x250.png 900w\" sizes=\"(max-width: 1080px) 100vw, 1080px\" \/><\/p>\n","protected":false},"excerpt":{"rendered":"","protected":false},"author":3,"featured_media":52554,"parent":41544,"menu_order":0,"comment_status":"closed","ping_status":"closed","template":"page-Portfolio4Cols-filterable.php","meta":{"footnotes":""},"class_list":["post-52553","page","type-page","status-publish","has-post-thumbnail","hentry"],"yoast_head":"<!-- This site is optimized with the Yoast SEO plugin v23.5 - https:\/\/yoast.com\/wordpress\/plugins\/seo\/ -->\n<title>Elektromos asztal - Irodab\u00fator<\/title>\n<meta name=\"robots\" content=\"index, follow, max-snippet:-1, max-image-preview:large, max-video-preview:-1\" \/>\n<link rel=\"canonical\" href=\"https:\/\/alexbutor.hu\/irodabutor\/kategoriak\/irodai-asztalok\/elektromos-asztal\/\" \/>\n<meta property=\"og:locale\" content=\"hu_HU\" \/>\n<meta property=\"og:type\" content=\"article\" \/>\n<meta property=\"og:title\" content=\"Elektromos asztal - Irodab\u00fator\" \/>\n<meta property=\"og:url\" content=\"https:\/\/alexbutor.hu\/irodabutor\/kategoriak\/irodai-asztalok\/elektromos-asztal\/\" \/>\n<meta property=\"og:site_name\" content=\"Irodab\u00fator\" \/>\n<meta property=\"article:modified_time\" content=\"2022-08-01T07:13:41+00:00\" \/>\n<meta property=\"og:image\" content=\"https:\/\/alexbutor.hu\/irodabutor\/wp-content\/uploads\/2021\/05\/image001.jpg\" \/>\n\t<meta property=\"og:image:width\" content=\"800\" \/>\n\t<meta property=\"og:image:height\" content=\"560\" \/>\n\t<meta property=\"og:image:type\" content=\"image\/jpeg\" \/>\n<meta name=\"twitter:card\" content=\"summary_large_image\" \/>\n<script type=\"application\/ld+json\" class=\"yoast-schema-graph\">{\"@context\":\"https:\/\/schema.org\",\"@graph\":[{\"@type\":\"WebPage\",\"@id\":\"https:\/\/alexbutor.hu\/irodabutor\/kategoriak\/irodai-asztalok\/elektromos-asztal\/\",\"url\":\"https:\/\/alexbutor.hu\/irodabutor\/kategoriak\/irodai-asztalok\/elektromos-asztal\/\",\"name\":\"Elektromos asztal - Irodab\u00fator\",\"isPartOf\":{\"@id\":\"https:\/\/alexbutor.hu\/irodabutor\/#website\"},\"primaryImageOfPage\":{\"@id\":\"https:\/\/alexbutor.hu\/irodabutor\/kategoriak\/irodai-asztalok\/elektromos-asztal\/#primaryimage\"},\"image\":{\"@id\":\"https:\/\/alexbutor.hu\/irodabutor\/kategoriak\/irodai-asztalok\/elektromos-asztal\/#primaryimage\"},\"thumbnailUrl\":\"https:\/\/alexbutor.hu\/irodabutor\/wp-content\/uploads\/2021\/05\/image001.jpg\",\"datePublished\":\"2021-05-20T08:01:04+00:00\",\"dateModified\":\"2022-08-01T07:13:41+00:00\",\"breadcrumb\":{\"@id\":\"https:\/\/alexbutor.hu\/irodabutor\/kategoriak\/irodai-asztalok\/elektromos-asztal\/#breadcrumb\"},\"inLanguage\":\"hu\",\"potentialAction\":[{\"@type\":\"ReadAction\",\"target\":[\"https:\/\/alexbutor.hu\/irodabutor\/kategoriak\/irodai-asztalok\/elektromos-asztal\/\"]}]},{\"@type\":\"ImageObject\",\"inLanguage\":\"hu\",\"@id\":\"https:\/\/alexbutor.hu\/irodabutor\/kategoriak\/irodai-asztalok\/elektromos-asztal\/#primaryimage\",\"url\":\"https:\/\/alexbutor.hu\/irodabutor\/wp-content\/uploads\/2021\/05\/image001.jpg\",\"contentUrl\":\"https:\/\/alexbutor.hu\/irodabutor\/wp-content\/uploads\/2021\/05\/image001.jpg\",\"width\":800,\"height\":560},{\"@type\":\"BreadcrumbList\",\"@id\":\"https:\/\/alexbutor.hu\/irodabutor\/kategoriak\/irodai-asztalok\/elektromos-asztal\/#breadcrumb\",\"itemListElement\":[{\"@type\":\"ListItem\",\"position\":1,\"name\":\"Home\",\"item\":\"https:\/\/alexbutor.hu\/irodabutor\/\"},{\"@type\":\"ListItem\",\"position\":2,\"name\":\"Term\u00e9kek\",\"item\":\"https:\/\/alexbutor.hu\/irodabutor\/kategoriak\/\"},{\"@type\":\"ListItem\",\"position\":3,\"name\":\"Irodai asztalok\",\"item\":\"https:\/\/alexbutor.hu\/irodabutor\/kategoriak\/irodai-asztalok\/\"},{\"@type\":\"ListItem\",\"position\":4,\"name\":\"Elektromos asztal\"}]},{\"@type\":\"WebSite\",\"@id\":\"https:\/\/alexbutor.hu\/irodabutor\/#website\",\"url\":\"https:\/\/alexbutor.hu\/irodabutor\/\",\"name\":\"Irodab\u00fator\",\"description\":\"Minden t\u00e9rben megold\u00e1s\",\"potentialAction\":[{\"@type\":\"SearchAction\",\"target\":{\"@type\":\"EntryPoint\",\"urlTemplate\":\"https:\/\/alexbutor.hu\/irodabutor\/?s={search_term_string}\"},\"query-input\":{\"@type\":\"PropertyValueSpecification\",\"valueRequired\":true,\"valueName\":\"search_term_string\"}}],\"inLanguage\":\"hu\"}]}<\/script>\n<!-- \/ Yoast SEO plugin. -->","yoast_head_json":{"title":"Elektromos asztal - Irodab\u00fator","robots":{"index":"index","follow":"follow","max-snippet":"max-snippet:-1","max-image-preview":"max-image-preview:large","max-video-preview":"max-video-preview:-1"},"canonical":"https:\/\/alexbutor.hu\/irodabutor\/kategoriak\/irodai-asztalok\/elektromos-asztal\/","og_locale":"hu_HU","og_type":"article","og_title":"Elektromos asztal - Irodab\u00fator","og_url":"https:\/\/alexbutor.hu\/irodabutor\/kategoriak\/irodai-asztalok\/elektromos-asztal\/","og_site_name":"Irodab\u00fator","article_modified_time":"2022-08-01T07:13:41+00:00","og_image":[{"width":800,"height":560,"url":"https:\/\/alexbutor.hu\/irodabutor\/wp-content\/uploads\/2021\/05\/image001.jpg","type":"image\/jpeg"}],"twitter_card":"summary_large_image","schema":{"@context":"https:\/\/schema.org","@graph":[{"@type":"WebPage","@id":"https:\/\/alexbutor.hu\/irodabutor\/kategoriak\/irodai-asztalok\/elektromos-asztal\/","url":"https:\/\/alexbutor.hu\/irodabutor\/kategoriak\/irodai-asztalok\/elektromos-asztal\/","name":"Elektromos asztal - Irodab\u00fator","isPartOf":{"@id":"https:\/\/alexbutor.hu\/irodabutor\/#website"},"primaryImageOfPage":{"@id":"https:\/\/alexbutor.hu\/irodabutor\/kategoriak\/irodai-asztalok\/elektromos-asztal\/#primaryimage"},"image":{"@id":"https:\/\/alexbutor.hu\/irodabutor\/kategoriak\/irodai-asztalok\/elektromos-asztal\/#primaryimage"},"thumbnailUrl":"https:\/\/alexbutor.hu\/irodabutor\/wp-content\/uploads\/2021\/05\/image001.jpg","datePublished":"2021-05-20T08:01:04+00:00","dateModified":"2022-08-01T07:13:41+00:00","breadcrumb":{"@id":"https:\/\/alexbutor.hu\/irodabutor\/kategoriak\/irodai-asztalok\/elektromos-asztal\/#breadcrumb"},"inLanguage":"hu","potentialAction":[{"@type":"ReadAction","target":["https:\/\/alexbutor.hu\/irodabutor\/kategoriak\/irodai-asztalok\/elektromos-asztal\/"]}]},{"@type":"ImageObject","inLanguage":"hu","@id":"https:\/\/alexbutor.hu\/irodabutor\/kategoriak\/irodai-asztalok\/elektromos-asztal\/#primaryimage","url":"https:\/\/alexbutor.hu\/irodabutor\/wp-content\/uploads\/2021\/05\/image001.jpg","contentUrl":"https:\/\/alexbutor.hu\/irodabutor\/wp-content\/uploads\/2021\/05\/image001.jpg","width":800,"height":560},{"@type":"BreadcrumbList","@id":"https:\/\/alexbutor.hu\/irodabutor\/kategoriak\/irodai-asztalok\/elektromos-asztal\/#breadcrumb","itemListElement":[{"@type":"ListItem","position":1,"name":"Home","item":"https:\/\/alexbutor.hu\/irodabutor\/"},{"@type":"ListItem","position":2,"name":"Term\u00e9kek","item":"https:\/\/alexbutor.hu\/irodabutor\/kategoriak\/"},{"@type":"ListItem","position":3,"name":"Irodai asztalok","item":"https:\/\/alexbutor.hu\/irodabutor\/kategoriak\/irodai-asztalok\/"},{"@type":"ListItem","position":4,"name":"Elektromos asztal"}]},{"@type":"WebSite","@id":"https:\/\/alexbutor.hu\/irodabutor\/#website","url":"https:\/\/alexbutor.hu\/irodabutor\/","name":"Irodab\u00fator","description":"Minden t\u00e9rben megold\u00e1s","potentialAction":[{"@type":"SearchAction","target":{"@type":"EntryPoint","urlTemplate":"https:\/\/alexbutor.hu\/irodabutor\/?s={search_term_string}"},"query-input":{"@type":"PropertyValueSpecification","valueRequired":true,"valueName":"search_term_string"}}],"inLanguage":"hu"}]}},"_links":{"self":[{"href":"https:\/\/alexbutor.hu\/irodabutor\/wp-json\/wp\/v2\/pages\/52553"}],"collection":[{"href":"https:\/\/alexbutor.hu\/irodabutor\/wp-json\/wp\/v2\/pages"}],"about":[{"href":"https:\/\/alexbutor.hu\/irodabutor\/wp-json\/wp\/v2\/types\/page"}],"author":[{"embeddable":true,"href":"https:\/\/alexbutor.hu\/irodabutor\/wp-json\/wp\/v2\/users\/3"}],"replies":[{"embeddable":true,"href":"https:\/\/alexbutor.hu\/irodabutor\/wp-json\/wp\/v2\/comments?post=52553"}],"version-history":[{"count":2,"href":"https:\/\/alexbutor.hu\/irodabutor\/wp-json\/wp\/v2\/pages\/52553\/revisions"}],"predecessor-version":[{"id":68832,"href":"https:\/\/alexbutor.hu\/irodabutor\/wp-json\/wp\/v2\/pages\/52553\/revisions\/68832"}],"up":[{"embeddable":true,"href":"https:\/\/alexbutor.hu\/irodabutor\/wp-json\/wp\/v2\/pages\/41544"}],"wp:featuredmedia":[{"embeddable":true,"href":"https:\/\/alexbutor.hu\/irodabutor\/wp-json\/wp\/v2\/media\/52554"}],"wp:attachment":[{"href":"https:\/\/alexbutor.hu\/irodabutor\/wp-json\/wp\/v2\/media?parent=52553"}],"curies":[{"name":"wp","href":"https:\/\/api.w.org\/{rel}","templated":true}]}}