{"id":59686,"date":"2022-02-18T16:32:11","date_gmt":"2022-02-18T15:32:11","guid":{"rendered":"http:\/\/alexbutor.hu\/irodabutor\/?page_id=59686"},"modified":"2025-09-19T15:11:13","modified_gmt":"2025-09-19T14:11:13","slug":"lounge-butorok","status":"publish","type":"page","link":"https:\/\/alexbutor.hu\/irodabutor\/kategoriak\/kozossegi-terek-butorai\/lounge-butorok\/","title":{"rendered":"Lounge b\u00fatorok"},"content":{"rendered":"<div class=\"butorlaposkat\">\n<li class=\"portfolio_item isotope-item\">\n<div class=\"portfolio_item_holder\">\n<figure class=\"thumbnail thumbnail__portfolio\"><a href=\"https:\/\/alexbutor.hu\/irodabutor\/kategoriak\/kozossegi-terek-butorai\/lounge-butorok\/bean\/\" class=\"image-wrap\"><img decoding=\"async\" src=\"https:\/\/alexbutor.hu\/irodabutor\/wp-content\/uploads\/2023\/09\/Beam_kat.webp\" alt=\"Bean\"><span class=\"zoom-icon\"><\/span><\/a><\/figure>\n<div class=\"caption caption__portfolio\">\n<h3><a href=\"https:\/\/alexbutor.hu\/irodabutor\/kategoriak\/kozossegi-terek-butorai\/lounge-butorok\/bean\/\">Bean (23)<\/a><\/h3>\n<\/div>\n<\/div>\n<\/li>\n\r\n\t<li class=\"portfolio_item isotope-item\"><div class=\"portfolio_item_holder\"><figure class=\"thumbnail thumbnail__portfolio\"><a href=\"https:\/\/alexbutor.hu\/irodabutor\/kategoriak\/kozossegi-terek-butorai\/lounge-butorok\/atlanta\/\" class=\"image-wrap\"><img decoding=\"async\" src=\"https:\/\/alexbutor.hu\/irodabutor\/wp-content\/uploads\/2025\/09\/atlanta_katkep.jpg\" alt=\"Atlanta\"><\/a><\/figure><div class=\"caption caption__portfolio\"><h3><a href=\"https:\/\/alexbutor.hu\/irodabutor\/kategoriak\/kozossegi-terek-butorai\/lounge-butorok\/atlanta\/\">Atlanta (6)<\/a><\/h3><\/div><\/div><\/li>\n<div class=\"butorlaposkat\">\n<li class=\"portfolio_item isotope-item\">\n<div class=\"portfolio_item_holder\">\n<figure class=\"thumbnail thumbnail__portfolio\"><a href=\"https:\/\/alexbutor.hu\/irodabutor\/kategoriak\/kozossegi-terek-butorai\/lounge-butorok\/roolf-relax\/\" class=\"image-wrap\"><img decoding=\"async\" src=\"https:\/\/alexbutor.hu\/irodabutor\/wp-content\/uploads\/2023\/09\/roolf_kategoria_csempe.webp\" alt=\"Roolf Relax\"><span class=\"zoom-icon\"><\/span><\/a><\/figure>\n<div class=\"caption caption__portfolio\">\n<h3><a href=\"https:\/\/alexbutor.hu\/irodabutor\/kategoriak\/kozossegi-terek-butorai\/lounge-butorok\/roolf-relax\/\">Roolf Relax (12)<\/a><\/h3>\n<\/div>\n<\/div>\n<\/li>\n<li class=\"portfolio_item isotope-item\">\n<div class=\"portfolio_item_holder\">\n<figure class=\"thumbnail thumbnail__portfolio\"><a href=\"https:\/\/alexbutor.hu\/irodabutor\/kategoriak\/kozossegi-terek-butorai\/lounge-butorok\/bangkok\/\" class=\"image-wrap\"><img decoding=\"async\" src=\"https:\/\/alexbutor.hu\/irodabutor\/wp-content\/uploads\/2023\/09\/bangkok_kat.webp\" alt=\"Bangkok\"><span class=\"zoom-icon\"><\/span><\/a><\/figure>\n<div class=\"caption caption__portfolio\">\n<h3><a href=\"https:\/\/alexbutor.hu\/irodabutor\/kategoriak\/kozossegi-terek-butorai\/lounge-butorok\/bangkok\/\">Bangkok (14)<\/a><\/h3>\n<\/div>\n<\/div>\n<\/li>\n<li class=\"portfolio_item isotope-item\">\n<div class=\"portfolio_item_holder\">\n<figure class=\"thumbnail thumbnail__portfolio\"><a href=\"https:\/\/alexbutor.hu\/irodabutor\/kategoriak\/kozossegi-terek-butorai\/lounge-butorok\/vital\/\" class=\"image-wrap\"><img decoding=\"async\" src=\"https:\/\/alexbutor.hu\/irodabutor\/wp-content\/uploads\/2023\/09\/Vital_kat.webp\" alt=\"Vital\"><span class=\"zoom-icon\"><\/span><\/a><\/figure>\n<div class=\"caption caption__portfolio\">\n<h3><a href=\"https:\/\/alexbutor.hu\/irodabutor\/kategoriak\/kozossegi-terek-butorai\/lounge-butorok\/vital\/\">Vital (20)<\/a><\/h3>\n<\/div>\n<\/div>\n<\/li>\n<li class=\"portfolio_item isotope-item\">\n<div class=\"portfolio_item_holder\">\n<figure class=\"thumbnail thumbnail__portfolio\"><a href=\"https:\/\/alexbutor.hu\/irodabutor\/kategoriak\/kozossegi-terek-butorai\/lounge-butorok\/corner\/\" class=\"image-wrap\"><img decoding=\"async\" src=\"https:\/\/alexbutor.hu\/irodabutor\/wp-content\/uploads\/2023\/09\/Cornerkanape_kat.webp\" alt=\"Corner\"><span class=\"zoom-icon\"><\/span><\/a><\/figure>\n<div class=\"caption caption__portfolio\">\n<h3><a href=\"https:\/\/alexbutor.hu\/irodabutor\/kategoriak\/kozossegi-terek-butorai\/lounge-butorok\/corner\/\">Corner (14)<\/a><\/h3>\n<\/div>\n<\/div>\n<\/li>\n<li class=\"portfolio_item isotope-item\">\n<div class=\"portfolio_item_holder\">\n<figure class=\"thumbnail thumbnail__portfolio\"><a href=\"https:\/\/alexbutor.hu\/irodabutor\/kategoriak\/kozossegi-terek-butorai\/lounge-butorok\/klass\/\" class=\"image-wrap\"><img decoding=\"async\" src=\"https:\/\/alexbutor.hu\/irodabutor\/wp-content\/uploads\/2023\/09\/Klass_kat.webp\" alt=\"Klass\"><span class=\"zoom-icon\"><\/span><\/a><\/figure>\n<div class=\"caption caption__portfolio\">\n<h3><a href=\"https:\/\/alexbutor.hu\/irodabutor\/kategoriak\/kozossegi-terek-butorai\/lounge-butorok\/klass\/\">Klass (19)<\/a><\/h3>\n<\/div>\n<\/div>\n<\/li>\n<li class=\"portfolio_item isotope-item\">\n<div class=\"portfolio_item_holder\">\n<figure class=\"thumbnail thumbnail__portfolio\"><a href=\"https:\/\/alexbutor.hu\/irodabutor\/kategoriak\/kozossegi-terek-butorai\/lounge-butorok\/domino\/\" class=\"image-wrap\"><img decoding=\"async\" src=\"https:\/\/alexbutor.hu\/irodabutor\/wp-content\/uploads\/2023\/09\/Domino_kat.webp\" alt=\"Domino\"><span class=\"zoom-icon\"><\/span><\/a><\/figure>\n<div class=\"caption caption__portfolio\">\n<h3><a href=\"https:\/\/alexbutor.hu\/irodabutor\/kategoriak\/kozossegi-terek-butorai\/lounge-butorok\/domino\/\">Domino (18)<\/a><\/h3>\n<\/div>\n<\/div>\n<\/li>\n<li class=\"portfolio_item isotope-item\">\n<div class=\"portfolio_item_holder\">\n<figure class=\"thumbnail thumbnail__portfolio\"><a href=\"https:\/\/alexbutor.hu\/irodabutor\/kategoriak\/kozossegi-terek-butorai\/lounge-butorok\/ps-elemek\/\" class=\"image-wrap\"><img decoding=\"async\" src=\"https:\/\/alexbutor.hu\/irodabutor\/wp-content\/uploads\/2023\/09\/Pihenoelemek_kat.webp\" alt=\"PS elemek\"><span class=\"zoom-icon\"><\/span><\/a><\/figure>\n<div class=\"caption caption__portfolio\">\n<h3><a href=\"https:\/\/alexbutor.hu\/irodabutor\/kategoriak\/kozossegi-terek-butorai\/lounge-butorok\/ps-elemek\/\">PS elemek (24)<\/a><\/h3>\n<\/div>\n<\/div>\n<\/li>\n<li class=\"portfolio_item isotope-item\">\n<div class=\"portfolio_item_holder\">\n<figure class=\"thumbnail thumbnail__portfolio\"><a href=\"https:\/\/alexbutor.hu\/irodabutor\/kategoriak\/kozossegi-terek-butorai\/lounge-butorok\/moon\/\" class=\"image-wrap\"><img decoding=\"async\" src=\"https:\/\/alexbutor.hu\/irodabutor\/wp-content\/uploads\/2023\/09\/Moon_kat.webp\" alt=\"Moon\"><span class=\"zoom-icon\"><\/span><\/a><\/figure>\n<div class=\"caption caption__portfolio\">\n<h3><a href=\"https:\/\/alexbutor.hu\/irodabutor\/kategoriak\/kozossegi-terek-butorai\/lounge-butorok\/moon\/\">Moon (12)<\/a><\/h3>\n<\/div>\n<\/div>\n<\/li>\n<li class=\"portfolio_item isotope-item\">\n<div class=\"portfolio_item_holder\">\n<figure class=\"thumbnail thumbnail__portfolio\"><a href=\"https:\/\/alexbutor.hu\/irodabutor\/kategoriak\/kozossegi-terek-butorai\/lounge-butorok\/bubble\/\" class=\"image-wrap\"><img decoding=\"async\" src=\"https:\/\/alexbutor.hu\/irodabutor\/wp-content\/uploads\/2023\/09\/Bubbles02.webp\" alt=\"Bubble\"><span class=\"zoom-icon\"><\/span><\/a><\/figure>\n<div class=\"caption caption__portfolio\">\n<h3><a href=\"https:\/\/alexbutor.hu\/irodabutor\/kategoriak\/kozossegi-terek-butorai\/lounge-butorok\/bubble\/\">Bubble (4)<\/a><\/h3>\n<\/div>\n<\/div>\n<\/li>\n\r\n\t<li class=\"portfolio_item isotope-item\"><div class=\"portfolio_item_holder\"><figure class=\"thumbnail thumbnail__portfolio\"><a href=\"https:\/\/alexbutor.hu\/irodabutor\/kategoriak\/kozossegi-terek-butorai\/lounge-butorok\/babzsakok\/\" class=\"image-wrap\"><img decoding=\"async\" src=\"https:\/\/alexbutor.hu\/irodabutor\/wp-content\/uploads\/2023\/09\/website_kategoria_babzsak.webp\" alt=\"Babzs\u00e1kok\"><\/a><\/figure><div class=\"caption caption__portfolio\"><h3><a href=\"https:\/\/alexbutor.hu\/irodabutor\/kategoriak\/kozossegi-terek-butorai\/lounge-butorok\/babzsakok\/\">Babzs\u00e1kok (9)<\/a><\/h3><\/div><\/div><\/li><\/div>\n","protected":false},"excerpt":{"rendered":"<p>Bean Roolf Relax Bangkok Vital Corner Klass Domino PS elemek Moon Bubble<\/p>\n","protected":false},"author":3,"featured_media":59664,"parent":58592,"menu_order":0,"comment_status":"closed","ping_status":"closed","template":"page-uj-alexsub.php","meta":{"footnotes":""},"class_list":["post-59686","page","type-page","status-publish","has-post-thumbnail","hentry"],"yoast_head":"<!-- This site is optimized with the Yoast SEO plugin v23.5 - https:\/\/yoast.com\/wordpress\/plugins\/seo\/ -->\n<title>Lounge b\u00fatorok - Irodab\u00fator<\/title>\n<meta name=\"robots\" content=\"index, follow, max-snippet:-1, max-image-preview:large, max-video-preview:-1\" \/>\n<link rel=\"canonical\" href=\"https:\/\/alexbutor.hu\/irodabutor\/kategoriak\/kozossegi-terek-butorai\/lounge-butorok\/\" \/>\n<meta property=\"og:locale\" content=\"hu_HU\" \/>\n<meta property=\"og:type\" content=\"article\" \/>\n<meta property=\"og:title\" content=\"Lounge b\u00fatorok - Irodab\u00fator\" \/>\n<meta property=\"og:description\" content=\"Bean Roolf Relax Bangkok Vital Corner Klass Domino PS elemek Moon Bubble\" \/>\n<meta property=\"og:url\" content=\"https:\/\/alexbutor.hu\/irodabutor\/kategoriak\/kozossegi-terek-butorai\/lounge-butorok\/\" \/>\n<meta property=\"og:site_name\" content=\"Irodab\u00fator\" \/>\n<meta property=\"article:modified_time\" content=\"2025-09-19T14:11:13+00:00\" \/>\n<meta property=\"og:image\" content=\"https:\/\/alexbutor.hu\/irodabutor\/wp-content\/uploads\/2022\/02\/Lounge_kat.jpg\" \/>\n\t<meta property=\"og:image:width\" content=\"1600\" \/>\n\t<meta property=\"og:image:height\" content=\"1200\" \/>\n\t<meta property=\"og:image:type\" content=\"image\/jpeg\" \/>\n<meta name=\"twitter:card\" content=\"summary_large_image\" \/>\n<meta name=\"twitter:label1\" content=\"Becs\u00fclt olvas\u00e1si id\u0151\" \/>\n\t<meta name=\"twitter:data1\" content=\"3 perc\" \/>\n<script type=\"application\/ld+json\" class=\"yoast-schema-graph\">{\"@context\":\"https:\/\/schema.org\",\"@graph\":[{\"@type\":\"WebPage\",\"@id\":\"https:\/\/alexbutor.hu\/irodabutor\/kategoriak\/kozossegi-terek-butorai\/lounge-butorok\/\",\"url\":\"https:\/\/alexbutor.hu\/irodabutor\/kategoriak\/kozossegi-terek-butorai\/lounge-butorok\/\",\"name\":\"Lounge b\u00fatorok - Irodab\u00fator\",\"isPartOf\":{\"@id\":\"https:\/\/alexbutor.hu\/irodabutor\/#website\"},\"primaryImageOfPage\":{\"@id\":\"https:\/\/alexbutor.hu\/irodabutor\/kategoriak\/kozossegi-terek-butorai\/lounge-butorok\/#primaryimage\"},\"image\":{\"@id\":\"https:\/\/alexbutor.hu\/irodabutor\/kategoriak\/kozossegi-terek-butorai\/lounge-butorok\/#primaryimage\"},\"thumbnailUrl\":\"https:\/\/alexbutor.hu\/irodabutor\/wp-content\/uploads\/2022\/02\/Lounge_kat.jpg\",\"datePublished\":\"2022-02-18T15:32:11+00:00\",\"dateModified\":\"2025-09-19T14:11:13+00:00\",\"breadcrumb\":{\"@id\":\"https:\/\/alexbutor.hu\/irodabutor\/kategoriak\/kozossegi-terek-butorai\/lounge-butorok\/#breadcrumb\"},\"inLanguage\":\"hu\",\"potentialAction\":[{\"@type\":\"ReadAction\",\"target\":[\"https:\/\/alexbutor.hu\/irodabutor\/kategoriak\/kozossegi-terek-butorai\/lounge-butorok\/\"]}]},{\"@type\":\"ImageObject\",\"inLanguage\":\"hu\",\"@id\":\"https:\/\/alexbutor.hu\/irodabutor\/kategoriak\/kozossegi-terek-butorai\/lounge-butorok\/#primaryimage\",\"url\":\"https:\/\/alexbutor.hu\/irodabutor\/wp-content\/uploads\/2022\/02\/Lounge_kat.jpg\",\"contentUrl\":\"https:\/\/alexbutor.hu\/irodabutor\/wp-content\/uploads\/2022\/02\/Lounge_kat.jpg\",\"width\":1600,\"height\":1200},{\"@type\":\"BreadcrumbList\",\"@id\":\"https:\/\/alexbutor.hu\/irodabutor\/kategoriak\/kozossegi-terek-butorai\/lounge-butorok\/#breadcrumb\",\"itemListElement\":[{\"@type\":\"ListItem\",\"position\":1,\"name\":\"Home\",\"item\":\"https:\/\/alexbutor.hu\/irodabutor\/\"},{\"@type\":\"ListItem\",\"position\":2,\"name\":\"Term\u00e9kek\",\"item\":\"https:\/\/alexbutor.hu\/irodabutor\/kategoriak\/\"},{\"@type\":\"ListItem\",\"position\":3,\"name\":\"K\u00f6z\u00f6ss\u00e9gi terek b\u00fatorai\",\"item\":\"https:\/\/alexbutor.hu\/irodabutor\/kategoriak\/kozossegi-terek-butorai\/\"},{\"@type\":\"ListItem\",\"position\":4,\"name\":\"Lounge b\u00fatorok\"}]},{\"@type\":\"WebSite\",\"@id\":\"https:\/\/alexbutor.hu\/irodabutor\/#website\",\"url\":\"https:\/\/alexbutor.hu\/irodabutor\/\",\"name\":\"Irodab\u00fator\",\"description\":\"Minden t\u00e9rben megold\u00e1s\",\"potentialAction\":[{\"@type\":\"SearchAction\",\"target\":{\"@type\":\"EntryPoint\",\"urlTemplate\":\"https:\/\/alexbutor.hu\/irodabutor\/?s={search_term_string}\"},\"query-input\":{\"@type\":\"PropertyValueSpecification\",\"valueRequired\":true,\"valueName\":\"search_term_string\"}}],\"inLanguage\":\"hu\"}]}<\/script>\n<!-- \/ Yoast SEO plugin. -->","yoast_head_json":{"title":"Lounge b\u00fatorok - Irodab\u00fator","robots":{"index":"index","follow":"follow","max-snippet":"max-snippet:-1","max-image-preview":"max-image-preview:large","max-video-preview":"max-video-preview:-1"},"canonical":"https:\/\/alexbutor.hu\/irodabutor\/kategoriak\/kozossegi-terek-butorai\/lounge-butorok\/","og_locale":"hu_HU","og_type":"article","og_title":"Lounge b\u00fatorok - Irodab\u00fator","og_description":"Bean Roolf Relax Bangkok Vital Corner Klass Domino PS elemek Moon Bubble","og_url":"https:\/\/alexbutor.hu\/irodabutor\/kategoriak\/kozossegi-terek-butorai\/lounge-butorok\/","og_site_name":"Irodab\u00fator","article_modified_time":"2025-09-19T14:11:13+00:00","og_image":[{"width":1600,"height":1200,"url":"https:\/\/alexbutor.hu\/irodabutor\/wp-content\/uploads\/2022\/02\/Lounge_kat.jpg","type":"image\/jpeg"}],"twitter_card":"summary_large_image","twitter_misc":{"Becs\u00fclt olvas\u00e1si id\u0151":"3 perc"},"schema":{"@context":"https:\/\/schema.org","@graph":[{"@type":"WebPage","@id":"https:\/\/alexbutor.hu\/irodabutor\/kategoriak\/kozossegi-terek-butorai\/lounge-butorok\/","url":"https:\/\/alexbutor.hu\/irodabutor\/kategoriak\/kozossegi-terek-butorai\/lounge-butorok\/","name":"Lounge b\u00fatorok - Irodab\u00fator","isPartOf":{"@id":"https:\/\/alexbutor.hu\/irodabutor\/#website"},"primaryImageOfPage":{"@id":"https:\/\/alexbutor.hu\/irodabutor\/kategoriak\/kozossegi-terek-butorai\/lounge-butorok\/#primaryimage"},"image":{"@id":"https:\/\/alexbutor.hu\/irodabutor\/kategoriak\/kozossegi-terek-butorai\/lounge-butorok\/#primaryimage"},"thumbnailUrl":"https:\/\/alexbutor.hu\/irodabutor\/wp-content\/uploads\/2022\/02\/Lounge_kat.jpg","datePublished":"2022-02-18T15:32:11+00:00","dateModified":"2025-09-19T14:11:13+00:00","breadcrumb":{"@id":"https:\/\/alexbutor.hu\/irodabutor\/kategoriak\/kozossegi-terek-butorai\/lounge-butorok\/#breadcrumb"},"inLanguage":"hu","potentialAction":[{"@type":"ReadAction","target":["https:\/\/alexbutor.hu\/irodabutor\/kategoriak\/kozossegi-terek-butorai\/lounge-butorok\/"]}]},{"@type":"ImageObject","inLanguage":"hu","@id":"https:\/\/alexbutor.hu\/irodabutor\/kategoriak\/kozossegi-terek-butorai\/lounge-butorok\/#primaryimage","url":"https:\/\/alexbutor.hu\/irodabutor\/wp-content\/uploads\/2022\/02\/Lounge_kat.jpg","contentUrl":"https:\/\/alexbutor.hu\/irodabutor\/wp-content\/uploads\/2022\/02\/Lounge_kat.jpg","width":1600,"height":1200},{"@type":"BreadcrumbList","@id":"https:\/\/alexbutor.hu\/irodabutor\/kategoriak\/kozossegi-terek-butorai\/lounge-butorok\/#breadcrumb","itemListElement":[{"@type":"ListItem","position":1,"name":"Home","item":"https:\/\/alexbutor.hu\/irodabutor\/"},{"@type":"ListItem","position":2,"name":"Term\u00e9kek","item":"https:\/\/alexbutor.hu\/irodabutor\/kategoriak\/"},{"@type":"ListItem","position":3,"name":"K\u00f6z\u00f6ss\u00e9gi terek b\u00fatorai","item":"https:\/\/alexbutor.hu\/irodabutor\/kategoriak\/kozossegi-terek-butorai\/"},{"@type":"ListItem","position":4,"name":"Lounge b\u00fatorok"}]},{"@type":"WebSite","@id":"https:\/\/alexbutor.hu\/irodabutor\/#website","url":"https:\/\/alexbutor.hu\/irodabutor\/","name":"Irodab\u00fator","description":"Minden t\u00e9rben megold\u00e1s","potentialAction":[{"@type":"SearchAction","target":{"@type":"EntryPoint","urlTemplate":"https:\/\/alexbutor.hu\/irodabutor\/?s={search_term_string}"},"query-input":{"@type":"PropertyValueSpecification","valueRequired":true,"valueName":"search_term_string"}}],"inLanguage":"hu"}]}},"_links":{"self":[{"href":"https:\/\/alexbutor.hu\/irodabutor\/wp-json\/wp\/v2\/pages\/59686"}],"collection":[{"href":"https:\/\/alexbutor.hu\/irodabutor\/wp-json\/wp\/v2\/pages"}],"about":[{"href":"https:\/\/alexbutor.hu\/irodabutor\/wp-json\/wp\/v2\/types\/page"}],"author":[{"embeddable":true,"href":"https:\/\/alexbutor.hu\/irodabutor\/wp-json\/wp\/v2\/users\/3"}],"replies":[{"embeddable":true,"href":"https:\/\/alexbutor.hu\/irodabutor\/wp-json\/wp\/v2\/comments?post=59686"}],"version-history":[{"count":4,"href":"https:\/\/alexbutor.hu\/irodabutor\/wp-json\/wp\/v2\/pages\/59686\/revisions"}],"predecessor-version":[{"id":113358,"href":"https:\/\/alexbutor.hu\/irodabutor\/wp-json\/wp\/v2\/pages\/59686\/revisions\/113358"}],"up":[{"embeddable":true,"href":"https:\/\/alexbutor.hu\/irodabutor\/wp-json\/wp\/v2\/pages\/58592"}],"wp:featuredmedia":[{"embeddable":true,"href":"https:\/\/alexbutor.hu\/irodabutor\/wp-json\/wp\/v2\/media\/59664"}],"wp:attachment":[{"href":"https:\/\/alexbutor.hu\/irodabutor\/wp-json\/wp\/v2\/media?parent=59686"}],"curies":[{"name":"wp","href":"https:\/\/api.w.org\/{rel}","templated":true}]}}