{"id":67734,"date":"2022-07-08T13:19:57","date_gmt":"2022-07-08T12:19:57","guid":{"rendered":"http:\/\/alexbutor.hu\/irodabutor\/?page_id=67734"},"modified":"2022-11-14T10:12:43","modified_gmt":"2022-11-14T09:12:43","slug":"agilis-iroda","status":"publish","type":"page","link":"https:\/\/alexbutor.hu\/irodabutor\/agilis-iroda\/","title":{"rendered":"AGILIS IRODA"},"content":{"rendered":"<p>Elj\u00f6tt a v\u00e1ltoz\u00e1s ideje! A hagyom\u00e1nyos irodai terek m\u00e1r nem ny\u00fajtanak megfelel\u0151 k\u00f6rnyezetet a home office-b\u00f3l visszat\u00e9r\u0151k sz\u00e1m\u00e1ra. A megszokott, form\u00e1lis berendezked\u00e9s helyett otthonos, flexibilis \u00e9s funkcion\u00e1lis terek kialak\u00edt\u00e1sa v\u00e1lt sz\u00fcks\u00e9gess\u00e9.<br \/>\n<img loading=\"lazy\" decoding=\"async\" class=\"aligncenter size-full wp-image-67735\" src=\"https:\/\/alexbutor.hu\/irodabutor\/wp-content\/uploads\/2022\/07\/15.jpg\" alt=\"\" width=\"1920\" height=\"1080\" srcset=\"https:\/\/alexbutor.hu\/irodabutor\/wp-content\/uploads\/2022\/07\/15.jpg 1920w, https:\/\/alexbutor.hu\/irodabutor\/wp-content\/uploads\/2022\/07\/15-300x169.jpg 300w, https:\/\/alexbutor.hu\/irodabutor\/wp-content\/uploads\/2022\/07\/15-1024x576.jpg 1024w, https:\/\/alexbutor.hu\/irodabutor\/wp-content\/uploads\/2022\/07\/15-768x432.jpg 768w, https:\/\/alexbutor.hu\/irodabutor\/wp-content\/uploads\/2022\/07\/15-1536x864.jpg 1536w, https:\/\/alexbutor.hu\/irodabutor\/wp-content\/uploads\/2022\/07\/15-444x250.jpg 444w, https:\/\/alexbutor.hu\/irodabutor\/wp-content\/uploads\/2022\/07\/15-889x500.jpg 889w\" sizes=\"(max-width: 1920px) 100vw, 1920px\" \/><\/p>\n<p>Az otthoni munkav\u00e9gz\u00e9sb\u0151l visszat\u00e9r\u0151k \u00e9s a folyamatosan irodai k\u00f6rnyezetben dolgoz\u00f3k sz\u00e1m\u00e1ra is v\u00e1ltoz\u00e1sra van sz\u00fcks\u00e9g\u00fck. A tud\u00e1son alapul\u00f3 gazdas\u00e1g megk\u00f6veteli a tev\u00e9kenys\u00e9g alap\u00fa munkav\u00e9gz\u00e9st. Ennek t\u00e1mogat\u00e1s\u00e1hoz az irodai k\u00f6rnyezet megv\u00e1ltoztat\u00e1sa sz\u00fcks\u00e9ges. Olyan flexibilis \u00e9s funkcion\u00e1lis tereket kell kialak\u00edtani, amik otthonosak is, megfelel\u0151 szabads\u00e1got ny\u00fajtanak, de a rend tov\u00e1bbra is fenntarthat\u00f3. Biztos\u00edtani kell a koncentr\u00e1lt \u00f6n\u00e1ll\u00f3 munkav\u00e9gz\u00e9st, a szem\u00e9lyes t\u00e1rgyak elhelyez\u00e9snek lehet\u0151s\u00e9g\u00e9t, ugyanakkor a csoportos munka \u00e9s a megbesz\u00e9l\u00e9sek tov\u00e1bbra is fontos szerepet t\u00f6ltenek be.<\/p>\n<p>A k\u00fcl\u00f6nb\u00f6z\u0151 feladatokra k\u00fcl\u00f6nb\u00f6z\u0151 megold\u00e1sokat k\u00edn\u00e1l\u00f3 tev\u00e9kenys\u00e9galap\u00fa munkav\u00e9gz\u00e9s nagyon hat\u00e9kony, mivel n\u00f6veli az emberek kreativit\u00e1s\u00e1t \u00e9s teljes\u00edtm\u00e9ny\u00e9t a munkav\u00e9gz\u00e9s sor\u00e1n. \u00cdr\u00f3asztalok helyett a dolgoz\u00f3k munkak\u00f6rnyezetek sz\u00e9les k\u00f6r\u00e9b\u0151l v\u00e1laszthatnak ig\u00e9nyeik szerint. Ennek k\u00f6vetkezt\u00e9ben n\u0151 a hat\u00e9konys\u00e1guk \u00e9s javul\u00e1s tapasztalhat\u00f3 mind a ment\u00e1lis, mind a fizikai eg\u00e9szs\u00e9g ter\u00e9n is.<\/p>\n<p>Gyorsabban sz\u00fcletnek az \u00faj \u00f6tletek, ha egy projektmunk\u00e1n\u00e1l mind egy asztaln\u00e1l \u00fclhet\u00fcnk fix helyek n\u00e9lk\u00fcl. K\u00f6nnyebben tudunk kapcsolatot teremteni, ha szabadon mozoghatunk az irod\u00e1ban \u00e9s ott telepedhet\u00fcnk le, ahol szeretn\u00e9nk. Nem kell a koll\u00e9g\u00e1kkal a konyh\u00e1ba visszavonulni, ha szeretn\u00e9nk egy sz\u00f3t v\u00e1ltani egym\u00e1ssal, n\u00e9gyszemk\u00f6zti megbesz\u00e9l\u00e9sekhez is lehet teret biztos\u00edtani.<br \/>\nAz agilis vagy tev\u00e9kenys\u00e9galap\u00fa munkav\u00e9gz\u00e9shez sz\u00fcks\u00e9ges rugalmas irodai terek a v\u00e1laszt\u00e1s szabads\u00e1g\u00e1t adj\u00e1k. Ehhez multifunkcion\u00e1lis berendez\u00e9sre van sz\u00fcks\u00e9g, ahol a munkahelyek rugalmasak, \u00e9s a b\u00fatorok t\u00f6bbf\u00e9le szerepet is bet\u00f6lthetnek. A munka\u00e1llom\u00e1s, a kikapcsol\u00f3d\u00e1s \u00e9s a csoportos munkav\u00e9gz\u00e9s helysz\u00ednei egym\u00e1sba folynak.<\/p>\n<p><strong>\u00d6n\u00e1ll\u00f3 munkav\u00e9gz\u00e9s, ergonomikus kialak\u00edt\u00e1s<\/strong><br \/>\n<img loading=\"lazy\" decoding=\"async\" class=\"aligncenter size-full wp-image-67736\" src=\"https:\/\/alexbutor.hu\/irodabutor\/wp-content\/uploads\/2022\/07\/01.jpg\" alt=\"\" width=\"2200\" height=\"1367\" srcset=\"https:\/\/alexbutor.hu\/irodabutor\/wp-content\/uploads\/2022\/07\/01.jpg 2200w, https:\/\/alexbutor.hu\/irodabutor\/wp-content\/uploads\/2022\/07\/01-300x186.jpg 300w, https:\/\/alexbutor.hu\/irodabutor\/wp-content\/uploads\/2022\/07\/01-1024x636.jpg 1024w, https:\/\/alexbutor.hu\/irodabutor\/wp-content\/uploads\/2022\/07\/01-768x477.jpg 768w, https:\/\/alexbutor.hu\/irodabutor\/wp-content\/uploads\/2022\/07\/01-1536x954.jpg 1536w, https:\/\/alexbutor.hu\/irodabutor\/wp-content\/uploads\/2022\/07\/01-2048x1273.jpg 2048w, https:\/\/alexbutor.hu\/irodabutor\/wp-content\/uploads\/2022\/07\/01-402x250.jpg 402w, https:\/\/alexbutor.hu\/irodabutor\/wp-content\/uploads\/2022\/07\/01-805x500.jpg 805w\" sizes=\"(max-width: 2200px) 100vw, 2200px\" \/><br \/>\n<a href=\"https:\/\/alexbutor.hu\/irodabutor\/kategoriak\/irodai-asztalok\/elektromos-asztal\/\" title=\"Tov\u00e1bb\" class=\"btn btn-primary btn-normal btn-inline \" target=\"_self\">Tov\u00e1bb<\/a><!-- .btn -->\n<p><strong>K\u00f6z\u00f6ss\u00e9gi terek<\/strong><br \/>\n<img loading=\"lazy\" decoding=\"async\" class=\"aligncenter size-full wp-image-67738\" src=\"https:\/\/alexbutor.hu\/irodabutor\/wp-content\/uploads\/2022\/07\/22.jpg\" alt=\"\" width=\"1384\" height=\"860\" srcset=\"https:\/\/alexbutor.hu\/irodabutor\/wp-content\/uploads\/2022\/07\/22.jpg 1384w, https:\/\/alexbutor.hu\/irodabutor\/wp-content\/uploads\/2022\/07\/22-300x186.jpg 300w, https:\/\/alexbutor.hu\/irodabutor\/wp-content\/uploads\/2022\/07\/22-1024x636.jpg 1024w, https:\/\/alexbutor.hu\/irodabutor\/wp-content\/uploads\/2022\/07\/22-768x477.jpg 768w, https:\/\/alexbutor.hu\/irodabutor\/wp-content\/uploads\/2022\/07\/22-402x250.jpg 402w, https:\/\/alexbutor.hu\/irodabutor\/wp-content\/uploads\/2022\/07\/22-805x500.jpg 805w\" sizes=\"(max-width: 1384px) 100vw, 1384px\" \/><br \/>\n<a href=\"https:\/\/alexbutor.hu\/irodabutor\/kategoriak\/kozossegi-terek-butorai\/\" title=\"Tov\u00e1bb\" class=\"btn btn-primary btn-normal btn-inline \" target=\"_self\">Tov\u00e1bb<\/a><!-- .btn -->\n<p><strong>Kollabor\u00e1ci\u00f3s t\u00e9r<\/strong><br \/>\n<img loading=\"lazy\" decoding=\"async\" class=\"aligncenter size-full wp-image-67737\" src=\"https:\/\/alexbutor.hu\/irodabutor\/wp-content\/uploads\/2022\/07\/05.png\" alt=\"\" width=\"1800\" height=\"552\" srcset=\"https:\/\/alexbutor.hu\/irodabutor\/wp-content\/uploads\/2022\/07\/05.png 1800w, https:\/\/alexbutor.hu\/irodabutor\/wp-content\/uploads\/2022\/07\/05-300x92.png 300w, https:\/\/alexbutor.hu\/irodabutor\/wp-content\/uploads\/2022\/07\/05-1024x314.png 1024w, https:\/\/alexbutor.hu\/irodabutor\/wp-content\/uploads\/2022\/07\/05-768x236.png 768w, https:\/\/alexbutor.hu\/irodabutor\/wp-content\/uploads\/2022\/07\/05-1536x471.png 1536w, https:\/\/alexbutor.hu\/irodabutor\/wp-content\/uploads\/2022\/07\/05-815x250.png 815w, https:\/\/alexbutor.hu\/irodabutor\/wp-content\/uploads\/2022\/07\/05-1630x500.png 1630w\" sizes=\"(max-width: 1800px) 100vw, 1800px\" \/><br \/>\n<a href=\"https:\/\/alexbutor.hu\/irodabutor\/kategoriak\/kozossegi-terek-butorai\/asztalok\/duran\/\" title=\"Tov\u00e1bb\" class=\"btn btn-primary btn-normal btn-inline \" target=\"_self\">Tov\u00e1bb<\/a><!-- .btn -->\n","protected":false},"excerpt":{"rendered":"<p>Elj\u00f6tt a v\u00e1ltoz\u00e1s ideje! A hagyom\u00e1nyos irodai terek m\u00e1r nem ny\u00fajtanak megfelel\u0151 k\u00f6rnyezetet a home office-b\u00f3l visszat\u00e9r\u0151k sz\u00e1m\u00e1ra. A megszokott, form\u00e1lis berendezked\u00e9s helyett otthonos, flexibilis \u00e9s funkcion\u00e1lis terek kialak\u00edt\u00e1sa v\u00e1lt sz\u00fcks\u00e9gess\u00e9. Az otthoni munkav\u00e9gz\u00e9sb\u0151l visszat\u00e9r\u0151k \u00e9s a folyamatosan irodai k\u00f6rnyezetben dolgoz\u00f3k sz\u00e1m\u00e1ra is v\u00e1ltoz\u00e1sra van sz\u00fcks\u00e9g\u00fck. A tud\u00e1son alapul\u00f3 gazdas\u00e1g megk\u00f6veteli a tev\u00e9kenys\u00e9g alap\u00fa munkav\u00e9gz\u00e9st. Ennek t\u00e1mogat\u00e1s\u00e1hoz az irodai k\u00f6rnyezet&nbsp;<a href=\"https:\/\/alexbutor.hu\/irodabutor\/agilis-iroda\/\" class=\"read-more\">...<\/a><\/p>\n","protected":false},"author":3,"featured_media":0,"parent":0,"menu_order":0,"comment_status":"closed","ping_status":"closed","template":"page-fullwidth.php","meta":{"footnotes":""},"class_list":["post-67734","page","type-page","status-publish","hentry"],"yoast_head":"<!-- This site is optimized with the Yoast SEO plugin v23.5 - https:\/\/yoast.com\/wordpress\/plugins\/seo\/ -->\n<title>AGILIS IRODA - Irodab\u00fator<\/title>\n<meta name=\"description\" content=\"A hagyom\u00e1nyos irodai terek m\u00e1r nem ny\u00fajtanak megfelel\u0151 k\u00f6rnyezetet a home office-b\u00f3l visszat\u00e9r\u0151k sz\u00e1m\u00e1ra: otthonos, flexibilis \u00e9s funkcion\u00e1lis terek kialak\u00edt\u00e1sa v\u00e1lt sz\u00fcks\u00e9gess\u00e9.\" \/>\n<meta name=\"robots\" content=\"index, follow, max-snippet:-1, max-image-preview:large, max-video-preview:-1\" \/>\n<link rel=\"canonical\" href=\"https:\/\/alexbutor.hu\/irodabutor\/agilis-iroda\/\" \/>\n<meta property=\"og:locale\" content=\"hu_HU\" \/>\n<meta property=\"og:type\" content=\"article\" \/>\n<meta property=\"og:title\" content=\"AGILIS IRODA - Irodab\u00fator\" \/>\n<meta property=\"og:description\" content=\"A hagyom\u00e1nyos irodai terek m\u00e1r nem ny\u00fajtanak megfelel\u0151 k\u00f6rnyezetet a home office-b\u00f3l visszat\u00e9r\u0151k sz\u00e1m\u00e1ra: otthonos, flexibilis \u00e9s funkcion\u00e1lis terek kialak\u00edt\u00e1sa v\u00e1lt sz\u00fcks\u00e9gess\u00e9.\" \/>\n<meta property=\"og:url\" content=\"https:\/\/alexbutor.hu\/irodabutor\/agilis-iroda\/\" \/>\n<meta property=\"og:site_name\" content=\"Irodab\u00fator\" \/>\n<meta property=\"article:modified_time\" content=\"2022-11-14T09:12:43+00:00\" \/>\n<meta property=\"og:image\" content=\"https:\/\/alexbutor.hu\/irodabutor\/wp-content\/uploads\/2022\/07\/15.jpg\" \/>\n<meta name=\"twitter:card\" content=\"summary_large_image\" \/>\n<meta name=\"twitter:label1\" content=\"Becs\u00fclt olvas\u00e1si id\u0151\" \/>\n\t<meta name=\"twitter:data1\" content=\"2 perc\" \/>\n<script type=\"application\/ld+json\" class=\"yoast-schema-graph\">{\"@context\":\"https:\/\/schema.org\",\"@graph\":[{\"@type\":\"WebPage\",\"@id\":\"https:\/\/alexbutor.hu\/irodabutor\/agilis-iroda\/\",\"url\":\"https:\/\/alexbutor.hu\/irodabutor\/agilis-iroda\/\",\"name\":\"AGILIS IRODA - Irodab\u00fator\",\"isPartOf\":{\"@id\":\"https:\/\/alexbutor.hu\/irodabutor\/#website\"},\"primaryImageOfPage\":{\"@id\":\"https:\/\/alexbutor.hu\/irodabutor\/agilis-iroda\/#primaryimage\"},\"image\":{\"@id\":\"https:\/\/alexbutor.hu\/irodabutor\/agilis-iroda\/#primaryimage\"},\"thumbnailUrl\":\"https:\/\/alexbutor.hu\/irodabutor\/wp-content\/uploads\/2022\/07\/15.jpg\",\"datePublished\":\"2022-07-08T12:19:57+00:00\",\"dateModified\":\"2022-11-14T09:12:43+00:00\",\"description\":\"A hagyom\u00e1nyos irodai terek m\u00e1r nem ny\u00fajtanak megfelel\u0151 k\u00f6rnyezetet a home office-b\u00f3l visszat\u00e9r\u0151k sz\u00e1m\u00e1ra: otthonos, flexibilis \u00e9s funkcion\u00e1lis terek kialak\u00edt\u00e1sa v\u00e1lt sz\u00fcks\u00e9gess\u00e9.\",\"breadcrumb\":{\"@id\":\"https:\/\/alexbutor.hu\/irodabutor\/agilis-iroda\/#breadcrumb\"},\"inLanguage\":\"hu\",\"potentialAction\":[{\"@type\":\"ReadAction\",\"target\":[\"https:\/\/alexbutor.hu\/irodabutor\/agilis-iroda\/\"]}]},{\"@type\":\"ImageObject\",\"inLanguage\":\"hu\",\"@id\":\"https:\/\/alexbutor.hu\/irodabutor\/agilis-iroda\/#primaryimage\",\"url\":\"https:\/\/alexbutor.hu\/irodabutor\/wp-content\/uploads\/2022\/07\/15.jpg\",\"contentUrl\":\"https:\/\/alexbutor.hu\/irodabutor\/wp-content\/uploads\/2022\/07\/15.jpg\",\"width\":1920,\"height\":1080},{\"@type\":\"BreadcrumbList\",\"@id\":\"https:\/\/alexbutor.hu\/irodabutor\/agilis-iroda\/#breadcrumb\",\"itemListElement\":[{\"@type\":\"ListItem\",\"position\":1,\"name\":\"Home\",\"item\":\"https:\/\/alexbutor.hu\/irodabutor\/\"},{\"@type\":\"ListItem\",\"position\":2,\"name\":\"AGILIS IRODA\"}]},{\"@type\":\"WebSite\",\"@id\":\"https:\/\/alexbutor.hu\/irodabutor\/#website\",\"url\":\"https:\/\/alexbutor.hu\/irodabutor\/\",\"name\":\"Irodab\u00fator\",\"description\":\"Minden t\u00e9rben megold\u00e1s\",\"potentialAction\":[{\"@type\":\"SearchAction\",\"target\":{\"@type\":\"EntryPoint\",\"urlTemplate\":\"https:\/\/alexbutor.hu\/irodabutor\/?s={search_term_string}\"},\"query-input\":{\"@type\":\"PropertyValueSpecification\",\"valueRequired\":true,\"valueName\":\"search_term_string\"}}],\"inLanguage\":\"hu\"}]}<\/script>\n<!-- \/ Yoast SEO plugin. -->","yoast_head_json":{"title":"AGILIS IRODA - Irodab\u00fator","description":"A hagyom\u00e1nyos irodai terek m\u00e1r nem ny\u00fajtanak megfelel\u0151 k\u00f6rnyezetet a home office-b\u00f3l visszat\u00e9r\u0151k sz\u00e1m\u00e1ra: otthonos, flexibilis \u00e9s funkcion\u00e1lis terek kialak\u00edt\u00e1sa v\u00e1lt sz\u00fcks\u00e9gess\u00e9.","robots":{"index":"index","follow":"follow","max-snippet":"max-snippet:-1","max-image-preview":"max-image-preview:large","max-video-preview":"max-video-preview:-1"},"canonical":"https:\/\/alexbutor.hu\/irodabutor\/agilis-iroda\/","og_locale":"hu_HU","og_type":"article","og_title":"AGILIS IRODA - Irodab\u00fator","og_description":"A hagyom\u00e1nyos irodai terek m\u00e1r nem ny\u00fajtanak megfelel\u0151 k\u00f6rnyezetet a home office-b\u00f3l visszat\u00e9r\u0151k sz\u00e1m\u00e1ra: otthonos, flexibilis \u00e9s funkcion\u00e1lis terek kialak\u00edt\u00e1sa v\u00e1lt sz\u00fcks\u00e9gess\u00e9.","og_url":"https:\/\/alexbutor.hu\/irodabutor\/agilis-iroda\/","og_site_name":"Irodab\u00fator","article_modified_time":"2022-11-14T09:12:43+00:00","og_image":[{"url":"https:\/\/alexbutor.hu\/irodabutor\/wp-content\/uploads\/2022\/07\/15.jpg"}],"twitter_card":"summary_large_image","twitter_misc":{"Becs\u00fclt olvas\u00e1si id\u0151":"2 perc"},"schema":{"@context":"https:\/\/schema.org","@graph":[{"@type":"WebPage","@id":"https:\/\/alexbutor.hu\/irodabutor\/agilis-iroda\/","url":"https:\/\/alexbutor.hu\/irodabutor\/agilis-iroda\/","name":"AGILIS IRODA - Irodab\u00fator","isPartOf":{"@id":"https:\/\/alexbutor.hu\/irodabutor\/#website"},"primaryImageOfPage":{"@id":"https:\/\/alexbutor.hu\/irodabutor\/agilis-iroda\/#primaryimage"},"image":{"@id":"https:\/\/alexbutor.hu\/irodabutor\/agilis-iroda\/#primaryimage"},"thumbnailUrl":"https:\/\/alexbutor.hu\/irodabutor\/wp-content\/uploads\/2022\/07\/15.jpg","datePublished":"2022-07-08T12:19:57+00:00","dateModified":"2022-11-14T09:12:43+00:00","description":"A hagyom\u00e1nyos irodai terek m\u00e1r nem ny\u00fajtanak megfelel\u0151 k\u00f6rnyezetet a home office-b\u00f3l visszat\u00e9r\u0151k sz\u00e1m\u00e1ra: otthonos, flexibilis \u00e9s funkcion\u00e1lis terek kialak\u00edt\u00e1sa v\u00e1lt sz\u00fcks\u00e9gess\u00e9.","breadcrumb":{"@id":"https:\/\/alexbutor.hu\/irodabutor\/agilis-iroda\/#breadcrumb"},"inLanguage":"hu","potentialAction":[{"@type":"ReadAction","target":["https:\/\/alexbutor.hu\/irodabutor\/agilis-iroda\/"]}]},{"@type":"ImageObject","inLanguage":"hu","@id":"https:\/\/alexbutor.hu\/irodabutor\/agilis-iroda\/#primaryimage","url":"https:\/\/alexbutor.hu\/irodabutor\/wp-content\/uploads\/2022\/07\/15.jpg","contentUrl":"https:\/\/alexbutor.hu\/irodabutor\/wp-content\/uploads\/2022\/07\/15.jpg","width":1920,"height":1080},{"@type":"BreadcrumbList","@id":"https:\/\/alexbutor.hu\/irodabutor\/agilis-iroda\/#breadcrumb","itemListElement":[{"@type":"ListItem","position":1,"name":"Home","item":"https:\/\/alexbutor.hu\/irodabutor\/"},{"@type":"ListItem","position":2,"name":"AGILIS IRODA"}]},{"@type":"WebSite","@id":"https:\/\/alexbutor.hu\/irodabutor\/#website","url":"https:\/\/alexbutor.hu\/irodabutor\/","name":"Irodab\u00fator","description":"Minden t\u00e9rben megold\u00e1s","potentialAction":[{"@type":"SearchAction","target":{"@type":"EntryPoint","urlTemplate":"https:\/\/alexbutor.hu\/irodabutor\/?s={search_term_string}"},"query-input":{"@type":"PropertyValueSpecification","valueRequired":true,"valueName":"search_term_string"}}],"inLanguage":"hu"}]}},"_links":{"self":[{"href":"https:\/\/alexbutor.hu\/irodabutor\/wp-json\/wp\/v2\/pages\/67734"}],"collection":[{"href":"https:\/\/alexbutor.hu\/irodabutor\/wp-json\/wp\/v2\/pages"}],"about":[{"href":"https:\/\/alexbutor.hu\/irodabutor\/wp-json\/wp\/v2\/types\/page"}],"author":[{"embeddable":true,"href":"https:\/\/alexbutor.hu\/irodabutor\/wp-json\/wp\/v2\/users\/3"}],"replies":[{"embeddable":true,"href":"https:\/\/alexbutor.hu\/irodabutor\/wp-json\/wp\/v2\/comments?post=67734"}],"version-history":[{"count":3,"href":"https:\/\/alexbutor.hu\/irodabutor\/wp-json\/wp\/v2\/pages\/67734\/revisions"}],"predecessor-version":[{"id":73913,"href":"https:\/\/alexbutor.hu\/irodabutor\/wp-json\/wp\/v2\/pages\/67734\/revisions\/73913"}],"wp:attachment":[{"href":"https:\/\/alexbutor.hu\/irodabutor\/wp-json\/wp\/v2\/media?parent=67734"}],"curies":[{"name":"wp","href":"https:\/\/api.w.org\/{rel}","templated":true}]}}