{"id":67747,"date":"2022-07-12T13:37:39","date_gmt":"2022-07-12T12:37:39","guid":{"rendered":"http:\/\/alexbutor.hu\/irodabutor\/?page_id=67747"},"modified":"2022-07-12T13:41:18","modified_gmt":"2022-07-12T12:41:18","slug":"fenntarthatosag","status":"publish","type":"page","link":"https:\/\/alexbutor.hu\/irodabutor\/fenntarthatosag\/","title":{"rendered":"FENNTARTHAT\u00d3S\u00c1G"},"content":{"rendered":"<p>Az Alex B\u00fator elk\u00f6telezett h\u00edve a fenntarthat\u00f3s\u00e1gnak. Tudjuk, hogy csak akkor van j\u00f6v\u0151je mind a c\u00e9gnek, mind az itt dolgoz\u00f3 koll\u00e9g\u00e1knak \u00e9s csal\u00e1djuknak, ha mindent megtesz\u00fcnk annak \u00e9rdek\u00e9ben, hogy cs\u00f6kkents\u00fck a k\u00f6rnyezetre gyakorolt hat\u00e1sunkat.<\/p>\n<p><img loading=\"lazy\" decoding=\"async\" src=\"https:\/\/alexbutor.hu\/irodabutor\/wp-content\/uploads\/2022\/07\/fa.jpg\" alt=\"\" width=\"2200\" height=\"1174\" class=\"aligncenter size-full wp-image-67748\" srcset=\"https:\/\/alexbutor.hu\/irodabutor\/wp-content\/uploads\/2022\/07\/fa.jpg 2200w, https:\/\/alexbutor.hu\/irodabutor\/wp-content\/uploads\/2022\/07\/fa-300x160.jpg 300w, https:\/\/alexbutor.hu\/irodabutor\/wp-content\/uploads\/2022\/07\/fa-1024x546.jpg 1024w, https:\/\/alexbutor.hu\/irodabutor\/wp-content\/uploads\/2022\/07\/fa-768x410.jpg 768w, https:\/\/alexbutor.hu\/irodabutor\/wp-content\/uploads\/2022\/07\/fa-1536x820.jpg 1536w, https:\/\/alexbutor.hu\/irodabutor\/wp-content\/uploads\/2022\/07\/fa-2048x1093.jpg 2048w, https:\/\/alexbutor.hu\/irodabutor\/wp-content\/uploads\/2022\/07\/fa-468x250.jpg 468w, https:\/\/alexbutor.hu\/irodabutor\/wp-content\/uploads\/2022\/07\/fa-937x500.jpg 937w\" sizes=\"(max-width: 2200px) 100vw, 2200px\" \/><\/p>\n<p>A fenntarthat\u00f3s\u00e1g egy nagyon \u00f6sszetett, ugyanakkor rendk\u00edv\u00fcl egyszer\u0171 k\u00e9rd\u00e9s. Egy term\u00e9k, eset\u00fcnkben egy b\u00fator gy\u00e1rt\u00e1sa a tervez\u0151 asztalon kezd\u0151dik. Az anyagok kiv\u00e1laszt\u00e1sa, azok felhaszn\u00e1l\u00e1sa, gy\u00e1rt\u00e1sba t\u00f6rt\u00e9n\u0151 beker\u00fcl\u00e9se, a hullad\u00e9k minimaliz\u00e1l\u00e1sa \u00e9s kezel\u00e9se, az \u00fczemek energiafelhaszn\u00e1l\u00e1s\u00e1nak cs\u00f6kkent\u00e9se mind-mind befoly\u00e1solja a tervez\u00e9si \u00e9s gy\u00e1rt\u00e1si folyamatokat. <\/p>\n<p>A felhaszn\u00e1l\u00f3 szempontj\u00e1b\u00f3l az eszt\u00e9tikum mellett a tart\u00f3ss\u00e1g a f\u0151 szempont, amit min\u0151s\u00e9gi alapanyagokkal tudunk el\u00e9rni. A kiv\u00e1l\u00f3 min\u0151s\u00e9g a fenntarthat\u00f3s\u00e1g egyik alappill\u00e9re, hiszen a hossz\u00fa ideig t\u00f6rt\u00e9n\u0151 haszn\u00e1lat cs\u00f6kkenti a k\u00f6rnyezetre gyakorolt hat\u00e1st. <\/p>\n<p><iframe loading=\"lazy\" width=\"1120\" height=\"630\" src=\"https:\/\/www.youtube.com\/embed\/t8rGB9DX_5A\" title=\"YouTube video player\" frameborder=\"0\" allow=\"accelerometer; autoplay; clipboard-write; encrypted-media; gyroscope; picture-in-picture\" allowfullscreen><\/iframe><\/p>\n<p>Az Alex B\u00fator csatlakozott a SEAQUAL INITIATIVE egyed\u00fcl\u00e1ll\u00f3 egy\u00fcttm\u0171k\u00f6d\u0151 k\u00f6z\u00f6ss\u00e9g\u00e9hez, amely az \u00f3ce\u00e1n tiszt\u00edt\u00e1si programjaival szerte a vil\u00e1gon egy\u00fcttm\u0171k\u00f6dve alak\u00edtja \u00e1t az \u00e1ltaluk visszanyert tengeri hullad\u00e9kot \u00fajrahasznos\u00edtott tengeri m\u0171anyagg\u00e1. Egy \u00faj, teljesen nyomon k\u00f6vethet\u0151 nyersanyag, amely k\u00e9pes felh\u00edvni a figyelmet a tengeri szennyez\u00e9s k\u00e9rd\u00e9s\u00e9re. A SEAQUAL\u00ae fonalak minimum 10%-a \u00fajrahasznos\u00edtott tengeri m\u0171anyagb\u00f3l, a t\u00f6bbi \u00fajrahasznos\u00edtott poli\u00e9szter sz\u00e1razf\u00f6ldi m\u0171anyagb\u00f3l k\u00e9sz\u00fcl (PET palack). <\/p>\n<p>A faforg\u00e1cs lapok m\u00e9retre v\u00e1g\u00e1sa optimaliz\u00e1l\u00f3 szoftverrel m\u0171k\u00f6d\u0151 t\u00e1blafeloszt\u00f3 g\u00e9pen t\u00f6rt\u00e9nik, \u00edgy a lehet\u0151 legkevesebb hullad\u00e9k keletkezik a gy\u00e1rt\u00e1s sor\u00e1n. A felesleges anyagot a gy\u00e1rt\u00f3nak visszaadjuk, aki azt 100%-ban \u00faj anyag gy\u00e1rt\u00e1s\u00e1ra hasznos\u00edtja. <\/p>\n<p>A f\u00e9m alapanyagaink felhaszn\u00e1l\u00e1sa szint\u00e9n optimaliz\u00e1lt m\u00f3don t\u00f6rt\u00e9nik, t\u00f6reksz\u00fcnk arra, hogy a lehet\u0151 legkevesebb gy\u00e1rt\u00e1si hullad\u00e9k k\u00e9pz\u0151dj\u00f6n. A m\u00e1r tov\u00e1bb nem haszn\u00e1lhat\u00f3 anyagot a gondosan kiv\u00e1lasztott partner elsz\u00e1ll\u00edtja \u00e9s \u00fajrahasznos\u00edtja, hiszen a faforg\u00e1cslappal egyetemben a f\u00e9m is korl\u00e1tlanul recikl\u00e1lhat\u00f3. <\/p>\n<p>A f\u00e9m v\u00e1zak fel\u00fcletkezel\u00e9s\u00e9t elektrosztatikus porsz\u00f3r\u00e1ssal v\u00e9gezz\u00fck z\u00e1rt rendszerben, \u00edgy az nem jut ki a leveg\u0151be, tov\u00e1bb\u00e1 a sz\u00f3r\u00e1s sor\u00e1n az anyag mell\u00e9 ker\u00fcl\u0151 port visszanyerj\u00fck, \u00e9s \u00fajb\u00f3l felhaszn\u00e1ljuk. <\/p>\n<p>A be\u00e9rkez\u0151 pap\u00edr \u00e9s m\u0171anyag csomagol\u00f3 anyagokat vagy \u00fajra haszn\u00e1ljuk szint\u00e9n csomagol\u00e1sra, vagy saj\u00e1t, erre a c\u00e9lra alkalmas eszk\u00f6zeinkkel pr\u00e9selj\u00fck, k\u00f6tegelj\u00fck, hogy a szakc\u00e9gek \u00fajra hasznos\u00edthass\u00e1k. A csomagol\u00f3 anyag felhaszn\u00e1l\u00e1s mennyis\u00e9g\u00e9nek optimaliz\u00e1l\u00e1sa csomagol\u00f3 g\u00e9pek seg\u00edts\u00e9g\u00e9vel t\u00f6rt\u00e9nik, \u00edgy a sztreccsf\u00f3lia felhaszn\u00e1l\u00e1sa kb. 20%-kal cs\u00f6kkenthet\u0151. <\/p>\n<p>\u00daj \u00fczemegys\u00e9g\u00fcnkben m\u00e1r a tervez\u00e9skor fontos szempont volt, hogy meg\u00fajul\u00f3 energiaforr\u00e1sokat is haszn\u00e1ljunk, \u00edgy be\u00e9p\u00edt\u00e9sre ker\u00fclt egy nagy teljes\u00edtm\u00e9ny\u0171 h\u0151szivatty\u00fa, aminek c\u00e9lja a h\u0151energi\u00e1val val\u00f3 gazd\u00e1lkod\u00e1s. Seg\u00edts\u00e9g\u00e9vel a h\u0171t\u00e9si energi\u00e1t f\u0171t\u00e9sre fel lehet haszn\u00e1lni, illetve k\u00f6rnyezeti h\u0151t lehet hasznos\u00edtani. A napelem parkunkkal pedig az elektromos fogyaszt\u00e1s egy r\u00e9sz\u00e9t kompenz\u00e1ljuk.<\/p>\n<p><img loading=\"lazy\" decoding=\"async\" src=\"https:\/\/alexbutor.hu\/irodabutor\/wp-content\/uploads\/2022\/07\/napelem.jpg\" alt=\"\" width=\"2200\" height=\"1174\" class=\"aligncenter size-full wp-image-67749\" srcset=\"https:\/\/alexbutor.hu\/irodabutor\/wp-content\/uploads\/2022\/07\/napelem.jpg 2200w, https:\/\/alexbutor.hu\/irodabutor\/wp-content\/uploads\/2022\/07\/napelem-300x160.jpg 300w, https:\/\/alexbutor.hu\/irodabutor\/wp-content\/uploads\/2022\/07\/napelem-1024x546.jpg 1024w, https:\/\/alexbutor.hu\/irodabutor\/wp-content\/uploads\/2022\/07\/napelem-768x410.jpg 768w, https:\/\/alexbutor.hu\/irodabutor\/wp-content\/uploads\/2022\/07\/napelem-1536x820.jpg 1536w, https:\/\/alexbutor.hu\/irodabutor\/wp-content\/uploads\/2022\/07\/napelem-2048x1093.jpg 2048w, https:\/\/alexbutor.hu\/irodabutor\/wp-content\/uploads\/2022\/07\/napelem-468x250.jpg 468w, https:\/\/alexbutor.hu\/irodabutor\/wp-content\/uploads\/2022\/07\/napelem-937x500.jpg 937w\" sizes=\"(max-width: 2200px) 100vw, 2200px\" \/><\/p>\n","protected":false},"excerpt":{"rendered":"<p>Az Alex B\u00fator elk\u00f6telezett h\u00edve a fenntarthat\u00f3s\u00e1gnak. Tudjuk, hogy csak akkor van j\u00f6v\u0151je mind a c\u00e9gnek, mind az itt dolgoz\u00f3 koll\u00e9g\u00e1knak \u00e9s csal\u00e1djuknak, ha mindent megtesz\u00fcnk annak \u00e9rdek\u00e9ben, hogy cs\u00f6kkents\u00fck a k\u00f6rnyezetre gyakorolt hat\u00e1sunkat. A fenntarthat\u00f3s\u00e1g egy nagyon \u00f6sszetett, ugyanakkor rendk\u00edv\u00fcl egyszer\u0171 k\u00e9rd\u00e9s. Egy term\u00e9k, eset\u00fcnkben egy b\u00fator gy\u00e1rt\u00e1sa a tervez\u0151 asztalon kezd\u0151dik. Az anyagok kiv\u00e1laszt\u00e1sa, azok felhaszn\u00e1l\u00e1sa, gy\u00e1rt\u00e1sba t\u00f6rt\u00e9n\u0151&nbsp;<a href=\"https:\/\/alexbutor.hu\/irodabutor\/fenntarthatosag\/\" class=\"read-more\">...<\/a><\/p>\n","protected":false},"author":3,"featured_media":0,"parent":0,"menu_order":0,"comment_status":"closed","ping_status":"closed","template":"page-fullwidth.php","meta":{"footnotes":""},"class_list":["post-67747","page","type-page","status-publish","hentry"],"yoast_head":"<!-- This site is optimized with the Yoast SEO plugin v23.5 - https:\/\/yoast.com\/wordpress\/plugins\/seo\/ -->\n<title>FENNTARTHAT\u00d3S\u00c1G - Irodab\u00fator<\/title>\n<meta name=\"robots\" content=\"index, follow, max-snippet:-1, max-image-preview:large, max-video-preview:-1\" \/>\n<link rel=\"canonical\" href=\"https:\/\/alexbutor.hu\/irodabutor\/fenntarthatosag\/\" \/>\n<meta property=\"og:locale\" content=\"hu_HU\" \/>\n<meta property=\"og:type\" content=\"article\" \/>\n<meta property=\"og:title\" content=\"FENNTARTHAT\u00d3S\u00c1G - Irodab\u00fator\" \/>\n<meta property=\"og:description\" content=\"Az Alex B\u00fator elk\u00f6telezett h\u00edve a fenntarthat\u00f3s\u00e1gnak. Tudjuk, hogy csak akkor van j\u00f6v\u0151je mind a c\u00e9gnek, mind az itt dolgoz\u00f3 koll\u00e9g\u00e1knak \u00e9s csal\u00e1djuknak, ha mindent megtesz\u00fcnk annak \u00e9rdek\u00e9ben, hogy cs\u00f6kkents\u00fck a k\u00f6rnyezetre gyakorolt hat\u00e1sunkat. A fenntarthat\u00f3s\u00e1g egy nagyon \u00f6sszetett, ugyanakkor rendk\u00edv\u00fcl egyszer\u0171 k\u00e9rd\u00e9s. Egy term\u00e9k, eset\u00fcnkben egy b\u00fator gy\u00e1rt\u00e1sa a tervez\u0151 asztalon kezd\u0151dik. Az anyagok kiv\u00e1laszt\u00e1sa, azok felhaszn\u00e1l\u00e1sa, gy\u00e1rt\u00e1sba t\u00f6rt\u00e9n\u0151&nbsp;...\" \/>\n<meta property=\"og:url\" content=\"https:\/\/alexbutor.hu\/irodabutor\/fenntarthatosag\/\" \/>\n<meta property=\"og:site_name\" content=\"Irodab\u00fator\" \/>\n<meta property=\"article:modified_time\" content=\"2022-07-12T12:41:18+00:00\" \/>\n<meta property=\"og:image\" content=\"https:\/\/alexbutor.hu\/irodabutor\/wp-content\/uploads\/2022\/07\/fa.jpg\" \/>\n<meta name=\"twitter:card\" content=\"summary_large_image\" \/>\n<meta name=\"twitter:label1\" content=\"Becs\u00fclt olvas\u00e1si id\u0151\" \/>\n\t<meta name=\"twitter:data1\" content=\"3 perc\" \/>\n<script type=\"application\/ld+json\" class=\"yoast-schema-graph\">{\"@context\":\"https:\/\/schema.org\",\"@graph\":[{\"@type\":\"WebPage\",\"@id\":\"https:\/\/alexbutor.hu\/irodabutor\/fenntarthatosag\/\",\"url\":\"https:\/\/alexbutor.hu\/irodabutor\/fenntarthatosag\/\",\"name\":\"FENNTARTHAT\u00d3S\u00c1G - Irodab\u00fator\",\"isPartOf\":{\"@id\":\"https:\/\/alexbutor.hu\/irodabutor\/#website\"},\"primaryImageOfPage\":{\"@id\":\"https:\/\/alexbutor.hu\/irodabutor\/fenntarthatosag\/#primaryimage\"},\"image\":{\"@id\":\"https:\/\/alexbutor.hu\/irodabutor\/fenntarthatosag\/#primaryimage\"},\"thumbnailUrl\":\"https:\/\/alexbutor.hu\/irodabutor\/wp-content\/uploads\/2022\/07\/fa.jpg\",\"datePublished\":\"2022-07-12T12:37:39+00:00\",\"dateModified\":\"2022-07-12T12:41:18+00:00\",\"breadcrumb\":{\"@id\":\"https:\/\/alexbutor.hu\/irodabutor\/fenntarthatosag\/#breadcrumb\"},\"inLanguage\":\"hu\",\"potentialAction\":[{\"@type\":\"ReadAction\",\"target\":[\"https:\/\/alexbutor.hu\/irodabutor\/fenntarthatosag\/\"]}]},{\"@type\":\"ImageObject\",\"inLanguage\":\"hu\",\"@id\":\"https:\/\/alexbutor.hu\/irodabutor\/fenntarthatosag\/#primaryimage\",\"url\":\"https:\/\/alexbutor.hu\/irodabutor\/wp-content\/uploads\/2022\/07\/fa.jpg\",\"contentUrl\":\"https:\/\/alexbutor.hu\/irodabutor\/wp-content\/uploads\/2022\/07\/fa.jpg\",\"width\":2200,\"height\":1174},{\"@type\":\"BreadcrumbList\",\"@id\":\"https:\/\/alexbutor.hu\/irodabutor\/fenntarthatosag\/#breadcrumb\",\"itemListElement\":[{\"@type\":\"ListItem\",\"position\":1,\"name\":\"Home\",\"item\":\"https:\/\/alexbutor.hu\/irodabutor\/\"},{\"@type\":\"ListItem\",\"position\":2,\"name\":\"FENNTARTHAT\u00d3S\u00c1G\"}]},{\"@type\":\"WebSite\",\"@id\":\"https:\/\/alexbutor.hu\/irodabutor\/#website\",\"url\":\"https:\/\/alexbutor.hu\/irodabutor\/\",\"name\":\"Irodab\u00fator\",\"description\":\"Minden t\u00e9rben megold\u00e1s\",\"potentialAction\":[{\"@type\":\"SearchAction\",\"target\":{\"@type\":\"EntryPoint\",\"urlTemplate\":\"https:\/\/alexbutor.hu\/irodabutor\/?s={search_term_string}\"},\"query-input\":{\"@type\":\"PropertyValueSpecification\",\"valueRequired\":true,\"valueName\":\"search_term_string\"}}],\"inLanguage\":\"hu\"}]}<\/script>\n<!-- \/ Yoast SEO plugin. -->","yoast_head_json":{"title":"FENNTARTHAT\u00d3S\u00c1G - Irodab\u00fator","robots":{"index":"index","follow":"follow","max-snippet":"max-snippet:-1","max-image-preview":"max-image-preview:large","max-video-preview":"max-video-preview:-1"},"canonical":"https:\/\/alexbutor.hu\/irodabutor\/fenntarthatosag\/","og_locale":"hu_HU","og_type":"article","og_title":"FENNTARTHAT\u00d3S\u00c1G - Irodab\u00fator","og_description":"Az Alex B\u00fator elk\u00f6telezett h\u00edve a fenntarthat\u00f3s\u00e1gnak. Tudjuk, hogy csak akkor van j\u00f6v\u0151je mind a c\u00e9gnek, mind az itt dolgoz\u00f3 koll\u00e9g\u00e1knak \u00e9s csal\u00e1djuknak, ha mindent megtesz\u00fcnk annak \u00e9rdek\u00e9ben, hogy cs\u00f6kkents\u00fck a k\u00f6rnyezetre gyakorolt hat\u00e1sunkat. A fenntarthat\u00f3s\u00e1g egy nagyon \u00f6sszetett, ugyanakkor rendk\u00edv\u00fcl egyszer\u0171 k\u00e9rd\u00e9s. Egy term\u00e9k, eset\u00fcnkben egy b\u00fator gy\u00e1rt\u00e1sa a tervez\u0151 asztalon kezd\u0151dik. Az anyagok kiv\u00e1laszt\u00e1sa, azok felhaszn\u00e1l\u00e1sa, gy\u00e1rt\u00e1sba t\u00f6rt\u00e9n\u0151&nbsp;...","og_url":"https:\/\/alexbutor.hu\/irodabutor\/fenntarthatosag\/","og_site_name":"Irodab\u00fator","article_modified_time":"2022-07-12T12:41:18+00:00","og_image":[{"url":"https:\/\/alexbutor.hu\/irodabutor\/wp-content\/uploads\/2022\/07\/fa.jpg"}],"twitter_card":"summary_large_image","twitter_misc":{"Becs\u00fclt olvas\u00e1si id\u0151":"3 perc"},"schema":{"@context":"https:\/\/schema.org","@graph":[{"@type":"WebPage","@id":"https:\/\/alexbutor.hu\/irodabutor\/fenntarthatosag\/","url":"https:\/\/alexbutor.hu\/irodabutor\/fenntarthatosag\/","name":"FENNTARTHAT\u00d3S\u00c1G - Irodab\u00fator","isPartOf":{"@id":"https:\/\/alexbutor.hu\/irodabutor\/#website"},"primaryImageOfPage":{"@id":"https:\/\/alexbutor.hu\/irodabutor\/fenntarthatosag\/#primaryimage"},"image":{"@id":"https:\/\/alexbutor.hu\/irodabutor\/fenntarthatosag\/#primaryimage"},"thumbnailUrl":"https:\/\/alexbutor.hu\/irodabutor\/wp-content\/uploads\/2022\/07\/fa.jpg","datePublished":"2022-07-12T12:37:39+00:00","dateModified":"2022-07-12T12:41:18+00:00","breadcrumb":{"@id":"https:\/\/alexbutor.hu\/irodabutor\/fenntarthatosag\/#breadcrumb"},"inLanguage":"hu","potentialAction":[{"@type":"ReadAction","target":["https:\/\/alexbutor.hu\/irodabutor\/fenntarthatosag\/"]}]},{"@type":"ImageObject","inLanguage":"hu","@id":"https:\/\/alexbutor.hu\/irodabutor\/fenntarthatosag\/#primaryimage","url":"https:\/\/alexbutor.hu\/irodabutor\/wp-content\/uploads\/2022\/07\/fa.jpg","contentUrl":"https:\/\/alexbutor.hu\/irodabutor\/wp-content\/uploads\/2022\/07\/fa.jpg","width":2200,"height":1174},{"@type":"BreadcrumbList","@id":"https:\/\/alexbutor.hu\/irodabutor\/fenntarthatosag\/#breadcrumb","itemListElement":[{"@type":"ListItem","position":1,"name":"Home","item":"https:\/\/alexbutor.hu\/irodabutor\/"},{"@type":"ListItem","position":2,"name":"FENNTARTHAT\u00d3S\u00c1G"}]},{"@type":"WebSite","@id":"https:\/\/alexbutor.hu\/irodabutor\/#website","url":"https:\/\/alexbutor.hu\/irodabutor\/","name":"Irodab\u00fator","description":"Minden t\u00e9rben megold\u00e1s","potentialAction":[{"@type":"SearchAction","target":{"@type":"EntryPoint","urlTemplate":"https:\/\/alexbutor.hu\/irodabutor\/?s={search_term_string}"},"query-input":{"@type":"PropertyValueSpecification","valueRequired":true,"valueName":"search_term_string"}}],"inLanguage":"hu"}]}},"_links":{"self":[{"href":"https:\/\/alexbutor.hu\/irodabutor\/wp-json\/wp\/v2\/pages\/67747"}],"collection":[{"href":"https:\/\/alexbutor.hu\/irodabutor\/wp-json\/wp\/v2\/pages"}],"about":[{"href":"https:\/\/alexbutor.hu\/irodabutor\/wp-json\/wp\/v2\/types\/page"}],"author":[{"embeddable":true,"href":"https:\/\/alexbutor.hu\/irodabutor\/wp-json\/wp\/v2\/users\/3"}],"replies":[{"embeddable":true,"href":"https:\/\/alexbutor.hu\/irodabutor\/wp-json\/wp\/v2\/comments?post=67747"}],"version-history":[{"count":2,"href":"https:\/\/alexbutor.hu\/irodabutor\/wp-json\/wp\/v2\/pages\/67747\/revisions"}],"predecessor-version":[{"id":67753,"href":"https:\/\/alexbutor.hu\/irodabutor\/wp-json\/wp\/v2\/pages\/67747\/revisions\/67753"}],"wp:attachment":[{"href":"https:\/\/alexbutor.hu\/irodabutor\/wp-json\/wp\/v2\/media?parent=67747"}],"curies":[{"name":"wp","href":"https:\/\/api.w.org\/{rel}","templated":true}]}}