{"id":72991,"date":"2022-11-02T11:01:13","date_gmt":"2022-11-02T10:01:13","guid":{"rendered":"http:\/\/alexbutor.hu\/irodabutor\/?page_id=72991"},"modified":"2022-11-02T11:01:13","modified_gmt":"2022-11-02T10:01:13","slug":"cube-locker","status":"publish","type":"page","link":"https:\/\/alexbutor.hu\/irodabutor\/kategoriak\/tarolo-butorok\/cube-locker\/","title":{"rendered":"Cube locker"},"content":{"rendered":"","protected":false},"excerpt":{"rendered":"","protected":false},"author":3,"featured_media":0,"parent":41548,"menu_order":0,"comment_status":"closed","ping_status":"closed","template":"page-Portfolio4Cols-filterable.php","meta":{"footnotes":""},"class_list":["post-72991","page","type-page","status-publish","hentry"],"yoast_head":"<!-- This site is optimized with the Yoast SEO plugin v23.5 - https:\/\/yoast.com\/wordpress\/plugins\/seo\/ -->\n<title>Cube locker - Irodab\u00fator<\/title>\n<meta name=\"robots\" content=\"index, follow, max-snippet:-1, max-image-preview:large, max-video-preview:-1\" \/>\n<link rel=\"canonical\" href=\"https:\/\/alexbutor.hu\/irodabutor\/kategoriak\/tarolo-butorok\/cube-locker\/\" \/>\n<meta property=\"og:locale\" content=\"hu_HU\" \/>\n<meta property=\"og:type\" content=\"article\" \/>\n<meta property=\"og:title\" content=\"Cube locker - Irodab\u00fator\" \/>\n<meta property=\"og:url\" content=\"https:\/\/alexbutor.hu\/irodabutor\/kategoriak\/tarolo-butorok\/cube-locker\/\" \/>\n<meta property=\"og:site_name\" content=\"Irodab\u00fator\" \/>\n<meta name=\"twitter:card\" content=\"summary_large_image\" \/>\n<script type=\"application\/ld+json\" class=\"yoast-schema-graph\">{\"@context\":\"https:\/\/schema.org\",\"@graph\":[{\"@type\":\"WebPage\",\"@id\":\"https:\/\/alexbutor.hu\/irodabutor\/kategoriak\/tarolo-butorok\/cube-locker\/\",\"url\":\"https:\/\/alexbutor.hu\/irodabutor\/kategoriak\/tarolo-butorok\/cube-locker\/\",\"name\":\"Cube locker - Irodab\u00fator\",\"isPartOf\":{\"@id\":\"https:\/\/alexbutor.hu\/irodabutor\/#website\"},\"datePublished\":\"2022-11-02T10:01:13+00:00\",\"dateModified\":\"2022-11-02T10:01:13+00:00\",\"breadcrumb\":{\"@id\":\"https:\/\/alexbutor.hu\/irodabutor\/kategoriak\/tarolo-butorok\/cube-locker\/#breadcrumb\"},\"inLanguage\":\"hu\",\"potentialAction\":[{\"@type\":\"ReadAction\",\"target\":[\"https:\/\/alexbutor.hu\/irodabutor\/kategoriak\/tarolo-butorok\/cube-locker\/\"]}]},{\"@type\":\"BreadcrumbList\",\"@id\":\"https:\/\/alexbutor.hu\/irodabutor\/kategoriak\/tarolo-butorok\/cube-locker\/#breadcrumb\",\"itemListElement\":[{\"@type\":\"ListItem\",\"position\":1,\"name\":\"Home\",\"item\":\"https:\/\/alexbutor.hu\/irodabutor\/\"},{\"@type\":\"ListItem\",\"position\":2,\"name\":\"Term\u00e9kek\",\"item\":\"https:\/\/alexbutor.hu\/irodabutor\/kategoriak\/\"},{\"@type\":\"ListItem\",\"position\":3,\"name\":\"T\u00e1rol\u00f3 b\u00fatorok\",\"item\":\"https:\/\/alexbutor.hu\/irodabutor\/kategoriak\/tarolo-butorok\/\"},{\"@type\":\"ListItem\",\"position\":4,\"name\":\"Cube locker\"}]},{\"@type\":\"WebSite\",\"@id\":\"https:\/\/alexbutor.hu\/irodabutor\/#website\",\"url\":\"https:\/\/alexbutor.hu\/irodabutor\/\",\"name\":\"Irodab\u00fator\",\"description\":\"Minden t\u00e9rben megold\u00e1s\",\"potentialAction\":[{\"@type\":\"SearchAction\",\"target\":{\"@type\":\"EntryPoint\",\"urlTemplate\":\"https:\/\/alexbutor.hu\/irodabutor\/?s={search_term_string}\"},\"query-input\":{\"@type\":\"PropertyValueSpecification\",\"valueRequired\":true,\"valueName\":\"search_term_string\"}}],\"inLanguage\":\"hu\"}]}<\/script>\n<!-- \/ Yoast SEO plugin. -->","yoast_head_json":{"title":"Cube locker - Irodab\u00fator","robots":{"index":"index","follow":"follow","max-snippet":"max-snippet:-1","max-image-preview":"max-image-preview:large","max-video-preview":"max-video-preview:-1"},"canonical":"https:\/\/alexbutor.hu\/irodabutor\/kategoriak\/tarolo-butorok\/cube-locker\/","og_locale":"hu_HU","og_type":"article","og_title":"Cube locker - Irodab\u00fator","og_url":"https:\/\/alexbutor.hu\/irodabutor\/kategoriak\/tarolo-butorok\/cube-locker\/","og_site_name":"Irodab\u00fator","twitter_card":"summary_large_image","schema":{"@context":"https:\/\/schema.org","@graph":[{"@type":"WebPage","@id":"https:\/\/alexbutor.hu\/irodabutor\/kategoriak\/tarolo-butorok\/cube-locker\/","url":"https:\/\/alexbutor.hu\/irodabutor\/kategoriak\/tarolo-butorok\/cube-locker\/","name":"Cube locker - Irodab\u00fator","isPartOf":{"@id":"https:\/\/alexbutor.hu\/irodabutor\/#website"},"datePublished":"2022-11-02T10:01:13+00:00","dateModified":"2022-11-02T10:01:13+00:00","breadcrumb":{"@id":"https:\/\/alexbutor.hu\/irodabutor\/kategoriak\/tarolo-butorok\/cube-locker\/#breadcrumb"},"inLanguage":"hu","potentialAction":[{"@type":"ReadAction","target":["https:\/\/alexbutor.hu\/irodabutor\/kategoriak\/tarolo-butorok\/cube-locker\/"]}]},{"@type":"BreadcrumbList","@id":"https:\/\/alexbutor.hu\/irodabutor\/kategoriak\/tarolo-butorok\/cube-locker\/#breadcrumb","itemListElement":[{"@type":"ListItem","position":1,"name":"Home","item":"https:\/\/alexbutor.hu\/irodabutor\/"},{"@type":"ListItem","position":2,"name":"Term\u00e9kek","item":"https:\/\/alexbutor.hu\/irodabutor\/kategoriak\/"},{"@type":"ListItem","position":3,"name":"T\u00e1rol\u00f3 b\u00fatorok","item":"https:\/\/alexbutor.hu\/irodabutor\/kategoriak\/tarolo-butorok\/"},{"@type":"ListItem","position":4,"name":"Cube locker"}]},{"@type":"WebSite","@id":"https:\/\/alexbutor.hu\/irodabutor\/#website","url":"https:\/\/alexbutor.hu\/irodabutor\/","name":"Irodab\u00fator","description":"Minden t\u00e9rben megold\u00e1s","potentialAction":[{"@type":"SearchAction","target":{"@type":"EntryPoint","urlTemplate":"https:\/\/alexbutor.hu\/irodabutor\/?s={search_term_string}"},"query-input":{"@type":"PropertyValueSpecification","valueRequired":true,"valueName":"search_term_string"}}],"inLanguage":"hu"}]}},"_links":{"self":[{"href":"https:\/\/alexbutor.hu\/irodabutor\/wp-json\/wp\/v2\/pages\/72991"}],"collection":[{"href":"https:\/\/alexbutor.hu\/irodabutor\/wp-json\/wp\/v2\/pages"}],"about":[{"href":"https:\/\/alexbutor.hu\/irodabutor\/wp-json\/wp\/v2\/types\/page"}],"author":[{"embeddable":true,"href":"https:\/\/alexbutor.hu\/irodabutor\/wp-json\/wp\/v2\/users\/3"}],"replies":[{"embeddable":true,"href":"https:\/\/alexbutor.hu\/irodabutor\/wp-json\/wp\/v2\/comments?post=72991"}],"version-history":[{"count":2,"href":"https:\/\/alexbutor.hu\/irodabutor\/wp-json\/wp\/v2\/pages\/72991\/revisions"}],"predecessor-version":[{"id":80797,"href":"https:\/\/alexbutor.hu\/irodabutor\/wp-json\/wp\/v2\/pages\/72991\/revisions\/80797"}],"up":[{"embeddable":true,"href":"https:\/\/alexbutor.hu\/irodabutor\/wp-json\/wp\/v2\/pages\/41548"}],"wp:attachment":[{"href":"https:\/\/alexbutor.hu\/irodabutor\/wp-json\/wp\/v2\/media?parent=72991"}],"curies":[{"name":"wp","href":"https:\/\/api.w.org\/{rel}","templated":true}]}}