{"id":101506,"date":"2020-06-04T13:56:19","date_gmt":"2020-06-04T12:56:19","guid":{"rendered":"http:\/\/alexbutor.hu\/iskolabutor\/?page_id=101506"},"modified":"2021-07-20T14:01:20","modified_gmt":"2021-07-20T13:01:20","slug":"tobbfunkcios-ter","status":"publish","type":"page","link":"https:\/\/alexbutor.hu\/iskolabutor\/kategoriak\/tobbfunkcios-ter\/","title":{"rendered":"T\u00f6bbfunkci\u00f3s t\u00e9r"},"content":{"rendered":"\r\n\t<li class=\"portfolio_item isotope-item\"><div class=\"portfolio_item_holder\"><figure class=\"thumbnail thumbnail__portfolio\"><a href=\"https:\/\/alexbutor.hu\/iskolabutor\/kategoriak\/tobbfunkcios-ter\/duran-asztalok\/\" class=\"image-wrap\"><img decoding=\"async\" src=\"https:\/\/alexbutor.hu\/iskolabutor\/wp-content\/uploads\/2021\/07\/duran_kat_kep.jpg\" alt=\"Duran asztalok\"><\/a><\/figure><div class=\"caption caption__portfolio\"><h3><a href=\"https:\/\/alexbutor.hu\/iskolabutor\/kategoriak\/tobbfunkcios-ter\/duran-asztalok\/\">Duran asztalok<\/a><\/h3><\/div><\/div><\/li>\n\r\n\t<li class=\"portfolio_item isotope-item\"><div class=\"portfolio_item_holder\"><figure class=\"thumbnail thumbnail__portfolio\"><a href=\"https:\/\/alexbutor.hu\/iskolabutor\/kategoriak\/tobbfunkcios-ter\/domino-padok\/\" class=\"image-wrap\"><img decoding=\"async\" src=\"https:\/\/alexbutor.hu\/iskolabutor\/wp-content\/uploads\/2021\/07\/domino_kat_kep.jpg\" alt=\"Domin\u00f3 padok\"><\/a><\/figure><div class=\"caption caption__portfolio\"><h3><a href=\"https:\/\/alexbutor.hu\/iskolabutor\/kategoriak\/tobbfunkcios-ter\/domino-padok\/\">Domin\u00f3 padok<\/a><\/h3><\/div><\/div><\/li>\n\r\n\t<li class=\"portfolio_item isotope-item\"><div class=\"portfolio_item_holder\"><figure class=\"thumbnail thumbnail__portfolio\"><a href=\"https:\/\/alexbutor.hu\/iskolabutor\/kategoriak\/tobbfunkcios-ter\/multifunkcios-szekek\/\" class=\"image-wrap\"><img decoding=\"async\" src=\"https:\/\/alexbutor.hu\/iskolabutor\/wp-content\/uploads\/2021\/07\/multifuncios_szekek_katkep.jpg\" alt=\"Multifunkci\u00f3s sz\u00e9kek\"><\/a><\/figure><div class=\"caption caption__portfolio\"><h3><a href=\"https:\/\/alexbutor.hu\/iskolabutor\/kategoriak\/tobbfunkcios-ter\/multifunkcios-szekek\/\">Multifunkci\u00f3s sz\u00e9kek<\/a><\/h3><\/div><\/div><\/li>\n\r\n\t<li class=\"portfolio_item isotope-item\"><div class=\"portfolio_item_holder\"><figure class=\"thumbnail thumbnail__portfolio\"><a href=\"https:\/\/alexbutor.hu\/iskolabutor\/kategoriak\/tobbfunkcios-ter\/multifunkcios-asztalok\/\" class=\"image-wrap\"><img decoding=\"async\" src=\"https:\/\/alexbutor.hu\/iskolabutor\/wp-content\/uploads\/2021\/07\/multifuncios_asztalok_katkep.jpg\" alt=\"Multifunkci\u00f3s asztalok\"><\/a><\/figure><div class=\"caption caption__portfolio\"><h3><a href=\"https:\/\/alexbutor.hu\/iskolabutor\/kategoriak\/tobbfunkcios-ter\/multifunkcios-asztalok\/\">Multifunkci\u00f3s asztalok<\/a><\/h3><\/div><\/div><\/li>\n","protected":false},"excerpt":{"rendered":"","protected":false},"author":3,"featured_media":101507,"parent":9,"menu_order":0,"comment_status":"closed","ping_status":"closed","template":"page-Portfolio4Cols-alexsub.php","meta":{"footnotes":""},"class_list":["post-101506","page","type-page","status-publish","has-post-thumbnail","hentry"],"yoast_head":"<!-- This site is optimized with the Yoast SEO plugin v23.5 - https:\/\/yoast.com\/wordpress\/plugins\/seo\/ -->\n<title>T\u00f6bbfunkci\u00f3s t\u00e9r - Iskolab\u00fator<\/title>\n<meta name=\"robots\" content=\"index, follow, max-snippet:-1, max-image-preview:large, max-video-preview:-1\" \/>\n<link rel=\"canonical\" href=\"https:\/\/alexbutor.hu\/iskolabutor\/kategoriak\/tobbfunkcios-ter\/\" \/>\n<meta property=\"og:locale\" content=\"hu_HU\" \/>\n<meta property=\"og:type\" content=\"article\" \/>\n<meta property=\"og:title\" content=\"T\u00f6bbfunkci\u00f3s t\u00e9r - Iskolab\u00fator\" \/>\n<meta property=\"og:url\" content=\"https:\/\/alexbutor.hu\/iskolabutor\/kategoriak\/tobbfunkcios-ter\/\" \/>\n<meta property=\"og:site_name\" content=\"Iskolab\u00fator\" \/>\n<meta property=\"article:modified_time\" content=\"2021-07-20T13:01:20+00:00\" \/>\n<meta property=\"og:image\" content=\"https:\/\/alexbutor.hu\/iskolabutor\/wp-content\/uploads\/2020\/06\/Kategoria_kep_TobbfunkciosTer.jpg\" \/>\n\t<meta property=\"og:image:width\" content=\"800\" \/>\n\t<meta property=\"og:image:height\" content=\"560\" \/>\n\t<meta property=\"og:image:type\" content=\"image\/jpeg\" \/>\n<meta name=\"twitter:card\" content=\"summary_large_image\" \/>\n<script type=\"application\/ld+json\" class=\"yoast-schema-graph\">{\"@context\":\"https:\/\/schema.org\",\"@graph\":[{\"@type\":\"WebPage\",\"@id\":\"https:\/\/alexbutor.hu\/iskolabutor\/kategoriak\/tobbfunkcios-ter\/\",\"url\":\"https:\/\/alexbutor.hu\/iskolabutor\/kategoriak\/tobbfunkcios-ter\/\",\"name\":\"T\u00f6bbfunkci\u00f3s t\u00e9r - Iskolab\u00fator\",\"isPartOf\":{\"@id\":\"https:\/\/alexbutor.hu\/iskolabutor\/#website\"},\"primaryImageOfPage\":{\"@id\":\"https:\/\/alexbutor.hu\/iskolabutor\/kategoriak\/tobbfunkcios-ter\/#primaryimage\"},\"image\":{\"@id\":\"https:\/\/alexbutor.hu\/iskolabutor\/kategoriak\/tobbfunkcios-ter\/#primaryimage\"},\"thumbnailUrl\":\"https:\/\/alexbutor.hu\/iskolabutor\/wp-content\/uploads\/2020\/06\/Kategoria_kep_TobbfunkciosTer.jpg\",\"datePublished\":\"2020-06-04T12:56:19+00:00\",\"dateModified\":\"2021-07-20T13:01:20+00:00\",\"breadcrumb\":{\"@id\":\"https:\/\/alexbutor.hu\/iskolabutor\/kategoriak\/tobbfunkcios-ter\/#breadcrumb\"},\"inLanguage\":\"hu\",\"potentialAction\":[{\"@type\":\"ReadAction\",\"target\":[\"https:\/\/alexbutor.hu\/iskolabutor\/kategoriak\/tobbfunkcios-ter\/\"]}]},{\"@type\":\"ImageObject\",\"inLanguage\":\"hu\",\"@id\":\"https:\/\/alexbutor.hu\/iskolabutor\/kategoriak\/tobbfunkcios-ter\/#primaryimage\",\"url\":\"https:\/\/alexbutor.hu\/iskolabutor\/wp-content\/uploads\/2020\/06\/Kategoria_kep_TobbfunkciosTer.jpg\",\"contentUrl\":\"https:\/\/alexbutor.hu\/iskolabutor\/wp-content\/uploads\/2020\/06\/Kategoria_kep_TobbfunkciosTer.jpg\",\"width\":800,\"height\":560},{\"@type\":\"BreadcrumbList\",\"@id\":\"https:\/\/alexbutor.hu\/iskolabutor\/kategoriak\/tobbfunkcios-ter\/#breadcrumb\",\"itemListElement\":[{\"@type\":\"ListItem\",\"position\":1,\"name\":\"Home\",\"item\":\"https:\/\/alexbutor.hu\/iskolabutor\/\"},{\"@type\":\"ListItem\",\"position\":2,\"name\":\"Term\u00e9kek\",\"item\":\"https:\/\/alexbutor.hu\/iskolabutor\/kategoriak\/\"},{\"@type\":\"ListItem\",\"position\":3,\"name\":\"T\u00f6bbfunkci\u00f3s t\u00e9r\"}]},{\"@type\":\"WebSite\",\"@id\":\"https:\/\/alexbutor.hu\/iskolabutor\/#website\",\"url\":\"https:\/\/alexbutor.hu\/iskolabutor\/\",\"name\":\"Iskolab\u00fator\",\"description\":\"Minden t\u00e9rben megold\u00e1s\",\"potentialAction\":[{\"@type\":\"SearchAction\",\"target\":{\"@type\":\"EntryPoint\",\"urlTemplate\":\"https:\/\/alexbutor.hu\/iskolabutor\/?s={search_term_string}\"},\"query-input\":{\"@type\":\"PropertyValueSpecification\",\"valueRequired\":true,\"valueName\":\"search_term_string\"}}],\"inLanguage\":\"hu\"}]}<\/script>\n<!-- \/ Yoast SEO plugin. -->","yoast_head_json":{"title":"T\u00f6bbfunkci\u00f3s t\u00e9r - Iskolab\u00fator","robots":{"index":"index","follow":"follow","max-snippet":"max-snippet:-1","max-image-preview":"max-image-preview:large","max-video-preview":"max-video-preview:-1"},"canonical":"https:\/\/alexbutor.hu\/iskolabutor\/kategoriak\/tobbfunkcios-ter\/","og_locale":"hu_HU","og_type":"article","og_title":"T\u00f6bbfunkci\u00f3s t\u00e9r - Iskolab\u00fator","og_url":"https:\/\/alexbutor.hu\/iskolabutor\/kategoriak\/tobbfunkcios-ter\/","og_site_name":"Iskolab\u00fator","article_modified_time":"2021-07-20T13:01:20+00:00","og_image":[{"width":800,"height":560,"url":"https:\/\/alexbutor.hu\/iskolabutor\/wp-content\/uploads\/2020\/06\/Kategoria_kep_TobbfunkciosTer.jpg","type":"image\/jpeg"}],"twitter_card":"summary_large_image","schema":{"@context":"https:\/\/schema.org","@graph":[{"@type":"WebPage","@id":"https:\/\/alexbutor.hu\/iskolabutor\/kategoriak\/tobbfunkcios-ter\/","url":"https:\/\/alexbutor.hu\/iskolabutor\/kategoriak\/tobbfunkcios-ter\/","name":"T\u00f6bbfunkci\u00f3s t\u00e9r - Iskolab\u00fator","isPartOf":{"@id":"https:\/\/alexbutor.hu\/iskolabutor\/#website"},"primaryImageOfPage":{"@id":"https:\/\/alexbutor.hu\/iskolabutor\/kategoriak\/tobbfunkcios-ter\/#primaryimage"},"image":{"@id":"https:\/\/alexbutor.hu\/iskolabutor\/kategoriak\/tobbfunkcios-ter\/#primaryimage"},"thumbnailUrl":"https:\/\/alexbutor.hu\/iskolabutor\/wp-content\/uploads\/2020\/06\/Kategoria_kep_TobbfunkciosTer.jpg","datePublished":"2020-06-04T12:56:19+00:00","dateModified":"2021-07-20T13:01:20+00:00","breadcrumb":{"@id":"https:\/\/alexbutor.hu\/iskolabutor\/kategoriak\/tobbfunkcios-ter\/#breadcrumb"},"inLanguage":"hu","potentialAction":[{"@type":"ReadAction","target":["https:\/\/alexbutor.hu\/iskolabutor\/kategoriak\/tobbfunkcios-ter\/"]}]},{"@type":"ImageObject","inLanguage":"hu","@id":"https:\/\/alexbutor.hu\/iskolabutor\/kategoriak\/tobbfunkcios-ter\/#primaryimage","url":"https:\/\/alexbutor.hu\/iskolabutor\/wp-content\/uploads\/2020\/06\/Kategoria_kep_TobbfunkciosTer.jpg","contentUrl":"https:\/\/alexbutor.hu\/iskolabutor\/wp-content\/uploads\/2020\/06\/Kategoria_kep_TobbfunkciosTer.jpg","width":800,"height":560},{"@type":"BreadcrumbList","@id":"https:\/\/alexbutor.hu\/iskolabutor\/kategoriak\/tobbfunkcios-ter\/#breadcrumb","itemListElement":[{"@type":"ListItem","position":1,"name":"Home","item":"https:\/\/alexbutor.hu\/iskolabutor\/"},{"@type":"ListItem","position":2,"name":"Term\u00e9kek","item":"https:\/\/alexbutor.hu\/iskolabutor\/kategoriak\/"},{"@type":"ListItem","position":3,"name":"T\u00f6bbfunkci\u00f3s t\u00e9r"}]},{"@type":"WebSite","@id":"https:\/\/alexbutor.hu\/iskolabutor\/#website","url":"https:\/\/alexbutor.hu\/iskolabutor\/","name":"Iskolab\u00fator","description":"Minden t\u00e9rben megold\u00e1s","potentialAction":[{"@type":"SearchAction","target":{"@type":"EntryPoint","urlTemplate":"https:\/\/alexbutor.hu\/iskolabutor\/?s={search_term_string}"},"query-input":{"@type":"PropertyValueSpecification","valueRequired":true,"valueName":"search_term_string"}}],"inLanguage":"hu"}]}},"_links":{"self":[{"href":"https:\/\/alexbutor.hu\/iskolabutor\/wp-json\/wp\/v2\/pages\/101506"}],"collection":[{"href":"https:\/\/alexbutor.hu\/iskolabutor\/wp-json\/wp\/v2\/pages"}],"about":[{"href":"https:\/\/alexbutor.hu\/iskolabutor\/wp-json\/wp\/v2\/types\/page"}],"author":[{"embeddable":true,"href":"https:\/\/alexbutor.hu\/iskolabutor\/wp-json\/wp\/v2\/users\/3"}],"replies":[{"embeddable":true,"href":"https:\/\/alexbutor.hu\/iskolabutor\/wp-json\/wp\/v2\/comments?post=101506"}],"version-history":[{"count":3,"href":"https:\/\/alexbutor.hu\/iskolabutor\/wp-json\/wp\/v2\/pages\/101506\/revisions"}],"predecessor-version":[{"id":114116,"href":"https:\/\/alexbutor.hu\/iskolabutor\/wp-json\/wp\/v2\/pages\/101506\/revisions\/114116"}],"up":[{"embeddable":true,"href":"https:\/\/alexbutor.hu\/iskolabutor\/wp-json\/wp\/v2\/pages\/9"}],"wp:featuredmedia":[{"embeddable":true,"href":"https:\/\/alexbutor.hu\/iskolabutor\/wp-json\/wp\/v2\/media\/101507"}],"wp:attachment":[{"href":"https:\/\/alexbutor.hu\/iskolabutor\/wp-json\/wp\/v2\/media?parent=101506"}],"curies":[{"name":"wp","href":"https:\/\/api.w.org\/{rel}","templated":true}]}}