{"id":110624,"date":"2021-02-25T13:21:29","date_gmt":"2021-02-25T12:21:29","guid":{"rendered":"http:\/\/alexbutor.hu\/iskolabutor\/?page_id=110624"},"modified":"2022-04-29T08:25:15","modified_gmt":"2022-04-29T07:25:15","slug":"inspiraciok","status":"publish","type":"page","link":"https:\/\/alexbutor.hu\/iskolabutor\/inspiraciok\/","title":{"rendered":"Inspir\u00e1ci\u00f3k"},"content":{"rendered":"<h3>FLEX sz\u00e9kek<\/h3>\n<div style=\"padding:57% 0 0 0;position:relative;\">\n<iframe style=\"position:absolute;top:0;left:0;width:100%;height:100%;\" src=\"https:\/\/www.youtube.com\/embed\/EbCuqHylTw8\" title=\"YouTube video player\" frameborder=\"0\" allow=\"accelerometer; autoplay; clipboard-write; encrypted-media; gyroscope; picture-in-picture\" allowfullscreen><\/iframe>\n<\/div>\n<h3>PROGRAM 3.4.5<\/h3>\n<div style=\"padding:57% 0 0 0;position:relative;\">\n<iframe style=\"position:absolute;top:0;left:0;width:100%;height:100%;\" src=\"https:\/\/www.youtube.com\/embed\/a5NcirvN1h8\" title=\"YouTube video player\" frameborder=\"0\" allow=\"accelerometer; autoplay; clipboard-write; encrypted-media; gyroscope; picture-in-picture\" allowfullscreen><\/iframe>\n<\/div>\n<h3>Okos tanterem koncepci\u00f3<\/h3>\n<div style=\"padding:57% 0 0 0;position:relative;\">\n<iframe style=\"position:absolute;top:0;left:0;width:100%;height:100%;\" src=\"https:\/\/www.youtube.com\/embed\/WSNhXxnOsj4\" title=\"YouTube video player\" frameborder=\"0\" allow=\"accelerometer; autoplay; clipboard-write; encrypted-media; gyroscope; picture-in-picture\" allowfullscreen><\/iframe>\n<\/div>\n<h3>FLEX b\u00fatorcsal\u00e1d<\/h3>\n<div style=\"padding:57% 0 0 0;position:relative;\">\n<iframe style=\"position:absolute;top:0;left:0;width:100%;height:100%;\" src=\"https:\/\/www.youtube.com\/embed\/O-zn_y2OwSY\" title=\"YouTube video player\" frameborder=\"0\" allow=\"accelerometer; autoplay; clipboard-write; encrypted-media; gyroscope; picture-in-picture\" allowfullscreen><\/iframe>\n<\/div>\n<h3>FLEX Justy b\u00fatorcsal\u00e1d<\/h3>\n<div style=\"padding:57% 0 0 0;position:relative;\">\n<iframe style=\"position:absolute;top:0;left:0;width:100%;height:100%;\" src=\"https:\/\/www.youtube.com\/embed\/oiU0UrGLGjo\" title=\"YouTube video player\" frameborder=\"0\" allow=\"accelerometer; autoplay; clipboard-write; encrypted-media; gyroscope; picture-in-picture\" allowfullscreen><\/iframe>\n<\/div>\n<h3>KALEIDO b\u00fatorcsal\u00e1d<\/h3>\n<div style=\"padding:57% 0 0 0;position:relative;\">\n<iframe style=\"position:absolute;top:0;left:0;width:100%;height:100%;\" src=\"https:\/\/www.youtube.com\/embed\/EhIgSQ-oAdE\" title=\"YouTube video player\" frameborder=\"0\" allow=\"accelerometer; autoplay; clipboard-write; encrypted-media; gyroscope; picture-in-picture\" allowfullscreen><\/iframe>\n<\/div>\n","protected":false},"excerpt":{"rendered":"<p>FLEX sz\u00e9kek PROGRAM 3.4.5 Okos tanterem koncepci\u00f3 FLEX b\u00fatorcsal\u00e1d FLEX Justy b\u00fatorcsal\u00e1d KALEIDO b\u00fatorcsal\u00e1d<\/p>\n","protected":false},"author":3,"featured_media":0,"parent":0,"menu_order":0,"comment_status":"closed","ping_status":"closed","template":"page-fullwidth.php","meta":{"footnotes":""},"class_list":["post-110624","page","type-page","status-publish","hentry"],"yoast_head":"<!-- This site is optimized with the Yoast SEO plugin v23.5 - https:\/\/yoast.com\/wordpress\/plugins\/seo\/ -->\n<title>Inspir\u00e1ci\u00f3k - Iskolab\u00fator<\/title>\n<meta name=\"robots\" content=\"index, follow, max-snippet:-1, max-image-preview:large, max-video-preview:-1\" \/>\n<link rel=\"canonical\" href=\"https:\/\/alexbutor.hu\/iskolabutor\/inspiraciok\/\" \/>\n<meta property=\"og:locale\" content=\"hu_HU\" \/>\n<meta property=\"og:type\" content=\"article\" \/>\n<meta property=\"og:title\" content=\"Inspir\u00e1ci\u00f3k - Iskolab\u00fator\" \/>\n<meta property=\"og:description\" content=\"FLEX sz\u00e9kek PROGRAM 3.4.5 Okos tanterem koncepci\u00f3 FLEX b\u00fatorcsal\u00e1d FLEX Justy b\u00fatorcsal\u00e1d KALEIDO b\u00fatorcsal\u00e1d\" \/>\n<meta property=\"og:url\" content=\"https:\/\/alexbutor.hu\/iskolabutor\/inspiraciok\/\" \/>\n<meta property=\"og:site_name\" content=\"Iskolab\u00fator\" \/>\n<meta property=\"article:modified_time\" content=\"2022-04-29T07:25:15+00:00\" \/>\n<meta name=\"twitter:card\" content=\"summary_large_image\" \/>\n<script type=\"application\/ld+json\" class=\"yoast-schema-graph\">{\"@context\":\"https:\/\/schema.org\",\"@graph\":[{\"@type\":\"WebPage\",\"@id\":\"https:\/\/alexbutor.hu\/iskolabutor\/inspiraciok\/\",\"url\":\"https:\/\/alexbutor.hu\/iskolabutor\/inspiraciok\/\",\"name\":\"Inspir\u00e1ci\u00f3k - Iskolab\u00fator\",\"isPartOf\":{\"@id\":\"https:\/\/alexbutor.hu\/iskolabutor\/#website\"},\"datePublished\":\"2021-02-25T12:21:29+00:00\",\"dateModified\":\"2022-04-29T07:25:15+00:00\",\"breadcrumb\":{\"@id\":\"https:\/\/alexbutor.hu\/iskolabutor\/inspiraciok\/#breadcrumb\"},\"inLanguage\":\"hu\",\"potentialAction\":[{\"@type\":\"ReadAction\",\"target\":[\"https:\/\/alexbutor.hu\/iskolabutor\/inspiraciok\/\"]}]},{\"@type\":\"BreadcrumbList\",\"@id\":\"https:\/\/alexbutor.hu\/iskolabutor\/inspiraciok\/#breadcrumb\",\"itemListElement\":[{\"@type\":\"ListItem\",\"position\":1,\"name\":\"Home\",\"item\":\"https:\/\/alexbutor.hu\/iskolabutor\/\"},{\"@type\":\"ListItem\",\"position\":2,\"name\":\"Inspir\u00e1ci\u00f3k\"}]},{\"@type\":\"WebSite\",\"@id\":\"https:\/\/alexbutor.hu\/iskolabutor\/#website\",\"url\":\"https:\/\/alexbutor.hu\/iskolabutor\/\",\"name\":\"Iskolab\u00fator\",\"description\":\"Minden t\u00e9rben megold\u00e1s\",\"potentialAction\":[{\"@type\":\"SearchAction\",\"target\":{\"@type\":\"EntryPoint\",\"urlTemplate\":\"https:\/\/alexbutor.hu\/iskolabutor\/?s={search_term_string}\"},\"query-input\":{\"@type\":\"PropertyValueSpecification\",\"valueRequired\":true,\"valueName\":\"search_term_string\"}}],\"inLanguage\":\"hu\"}]}<\/script>\n<!-- \/ Yoast SEO plugin. -->","yoast_head_json":{"title":"Inspir\u00e1ci\u00f3k - Iskolab\u00fator","robots":{"index":"index","follow":"follow","max-snippet":"max-snippet:-1","max-image-preview":"max-image-preview:large","max-video-preview":"max-video-preview:-1"},"canonical":"https:\/\/alexbutor.hu\/iskolabutor\/inspiraciok\/","og_locale":"hu_HU","og_type":"article","og_title":"Inspir\u00e1ci\u00f3k - Iskolab\u00fator","og_description":"FLEX sz\u00e9kek PROGRAM 3.4.5 Okos tanterem koncepci\u00f3 FLEX b\u00fatorcsal\u00e1d FLEX Justy b\u00fatorcsal\u00e1d KALEIDO b\u00fatorcsal\u00e1d","og_url":"https:\/\/alexbutor.hu\/iskolabutor\/inspiraciok\/","og_site_name":"Iskolab\u00fator","article_modified_time":"2022-04-29T07:25:15+00:00","twitter_card":"summary_large_image","schema":{"@context":"https:\/\/schema.org","@graph":[{"@type":"WebPage","@id":"https:\/\/alexbutor.hu\/iskolabutor\/inspiraciok\/","url":"https:\/\/alexbutor.hu\/iskolabutor\/inspiraciok\/","name":"Inspir\u00e1ci\u00f3k - Iskolab\u00fator","isPartOf":{"@id":"https:\/\/alexbutor.hu\/iskolabutor\/#website"},"datePublished":"2021-02-25T12:21:29+00:00","dateModified":"2022-04-29T07:25:15+00:00","breadcrumb":{"@id":"https:\/\/alexbutor.hu\/iskolabutor\/inspiraciok\/#breadcrumb"},"inLanguage":"hu","potentialAction":[{"@type":"ReadAction","target":["https:\/\/alexbutor.hu\/iskolabutor\/inspiraciok\/"]}]},{"@type":"BreadcrumbList","@id":"https:\/\/alexbutor.hu\/iskolabutor\/inspiraciok\/#breadcrumb","itemListElement":[{"@type":"ListItem","position":1,"name":"Home","item":"https:\/\/alexbutor.hu\/iskolabutor\/"},{"@type":"ListItem","position":2,"name":"Inspir\u00e1ci\u00f3k"}]},{"@type":"WebSite","@id":"https:\/\/alexbutor.hu\/iskolabutor\/#website","url":"https:\/\/alexbutor.hu\/iskolabutor\/","name":"Iskolab\u00fator","description":"Minden t\u00e9rben megold\u00e1s","potentialAction":[{"@type":"SearchAction","target":{"@type":"EntryPoint","urlTemplate":"https:\/\/alexbutor.hu\/iskolabutor\/?s={search_term_string}"},"query-input":{"@type":"PropertyValueSpecification","valueRequired":true,"valueName":"search_term_string"}}],"inLanguage":"hu"}]}},"_links":{"self":[{"href":"https:\/\/alexbutor.hu\/iskolabutor\/wp-json\/wp\/v2\/pages\/110624"}],"collection":[{"href":"https:\/\/alexbutor.hu\/iskolabutor\/wp-json\/wp\/v2\/pages"}],"about":[{"href":"https:\/\/alexbutor.hu\/iskolabutor\/wp-json\/wp\/v2\/types\/page"}],"author":[{"embeddable":true,"href":"https:\/\/alexbutor.hu\/iskolabutor\/wp-json\/wp\/v2\/users\/3"}],"replies":[{"embeddable":true,"href":"https:\/\/alexbutor.hu\/iskolabutor\/wp-json\/wp\/v2\/comments?post=110624"}],"version-history":[{"count":3,"href":"https:\/\/alexbutor.hu\/iskolabutor\/wp-json\/wp\/v2\/pages\/110624\/revisions"}],"predecessor-version":[{"id":120447,"href":"https:\/\/alexbutor.hu\/iskolabutor\/wp-json\/wp\/v2\/pages\/110624\/revisions\/120447"}],"wp:attachment":[{"href":"https:\/\/alexbutor.hu\/iskolabutor\/wp-json\/wp\/v2\/media?parent=110624"}],"curies":[{"name":"wp","href":"https:\/\/api.w.org\/{rel}","templated":true}]}}