{"id":13,"date":"2016-06-08T07:58:17","date_gmt":"2016-06-08T07:58:17","guid":{"rendered":"http:\/\/szallodabutor.hu\/?page_id=13"},"modified":"2025-05-29T06:48:15","modified_gmt":"2025-05-29T05:48:15","slug":"katalogusok","status":"publish","type":"page","link":"https:\/\/alexbutor.hu\/iskolabutor\/katalogusok\/","title":{"rendered":"Katal\u00f3gusok"},"content":{"rendered":"<div class=\"row \"><div class=\"span12 \"><strong>A katal\u00f3gusaink gyors megtekint\u00e9s\u00e9hez k\u00e9rj\u00fck kattintson a k\u00e9pekre.<\/strong><\/div><\/div><!-- .row (end) -->\n<div class=\"row \">\n<div class=\"span6 \"><a href=\"https:\/\/alexbutor.hu\/iskolabutor\/katalogusok\/iskolabutor-katalogus-2025\/\"><img decoding=\"async\" src=\"https:\/\/alexbutor.hu\/iskolabutor\/wp-content\/uploads\/2025\/05\/Iskola2025UJ_mockupA4.png\" alt=\"\" class=\"alignnone size-large wp-image-92829\" \/><\/a><\/p>\n<h3>ISKOLAB\u00daTOR KATAL\u00d3GUS 2025<\/h3>\n<p><a href=\"https:\/\/alexbutor.hu\/iskolabutor\/wp-content\/uploads\/2025\/05\/ISKOLAkatalogus_2025_1_boritoval.pdf\" target=\"_blank\" rel=\"noopener noreferrer\"><\/p>\n<p>PDF let\u00f6lt\u00e9s<\/p>\n<p><\/a><br \/><\/div>\n<div class=\"span6 \"><a href=\"https:\/\/alexbutor.hu\/iskolabutor\/katalogusok\/okostanterem\/\"><img loading=\"lazy\" decoding=\"async\" src=\"https:\/\/alexbutor.hu\/iskolabutor\/wp-content\/uploads\/2023\/02\/2_latvany_okos_mailing.png\" alt=\"\" width=\"604\" height=\"379\" class=\"alignnone size-large wp-image-92829\" \/><\/a><\/p>\n<h3>Okostanterem<\/h3>\n<p><a href=\"https:\/\/alexbutor.hu\/iskolabutor\/wp-content\/uploads\/2023\/02\/2022_ISKOLA_KAT_Plus-1.pdf\" target=\"_blank\" rel=\"noopener noreferrer\"><\/p>\n<p>PDF let\u00f6lt\u00e9s<\/p>\n<p><\/a><br \/><\/div>\n<\/div><!-- .row (end) -->\n<div class=\"row \">\n<div class=\"span6 \"><a href=\"https:\/\/alexbutor.hu\/iskolabutor\/katalogusok\/kef-oktatasi-butorok\/\"><img decoding=\"async\" src=\"https:\/\/alexbutor.hu\/iskolabutor\/wp-content\/uploads\/2023\/08\/latvany_kef_mailing-1.png\" alt=\"\" class=\"alignnone size-large wp-image-92829\" \/><\/a><\/p>\n<h3>KEF Oktat\u00e1si b\u00fatorok<\/h3>\n<p><a href=\"https:\/\/alexbutor.hu\/iskolabutor\/wp-content\/uploads\/2023\/08\/kef_mailing_webre.pdf\" target=\"_blank\" rel=\"noopener noreferrer\"><\/p>\n<p>PDF let\u00f6lt\u00e9s<\/p>\n<p><\/a><br \/><\/div>\n<div class=\"span6 \"><a href=\"https:\/\/alexbutor.hu\/iskolabutor\/katalogusok\/a-legjobb-valasztas\/\"><img loading=\"lazy\" decoding=\"async\" src=\"https:\/\/alexbutor.hu\/iskolabutor\/wp-content\/uploads\/2022\/05\/Mailing_iskola_mockup2022_aprilis.png\" alt=\"\" width=\"604\" height=\"379\" class=\"alignnone size-large\" \/><\/a><\/p>\n<h3>A legjobb v\u00e1laszt\u00e1s<\/h3>\n<p><a href=\"https:\/\/alexbutor.hu\/iskolabutor\/wp-content\/uploads\/2022\/05\/Mailing_iskola_2022_webes.pdf\" target=\"_blank\" rel=\"noopener noreferrer\"><\/p>\n<p>PDF let\u00f6lt\u00e9s<\/p>\n<p><\/a><br \/><\/div>\n<\/div><!-- .row (end) -->\n<div class=\"row \">\n<div class=\"span6 \"><a href=\"https:\/\/alexbutor.hu\/iskolabutor\/katalogusok\/iskolabutor-szinvalasztek\/\"><img decoding=\"async\" src=\"https:\/\/alexbutor.hu\/iskolabutor\/wp-content\/uploads\/2023\/11\/latvany_szinek_small.png\" alt=\"\" class=\"alignnone size-large wp-image-92859\" \/><\/a><\/p>\n<h3>Korcsoporti t\u00e1bl\u00e1zat \u00e9s sz\u00ednek<\/h3>\n<p><a href=\"https:\/\/alexbutor.hu\/iskolabutor\/wp-content\/uploads\/2025\/05\/SzinekKorcsoport.pdf\" target=\"_blank\" rel=\"noopener noreferrer\"><\/p>\n<p>PDF let\u00f6lt\u00e9s<\/p>\n<p><\/a><br \/><\/div>\n<div class=\"span6 \"><a href=\"https:\/\/alexbutor.hu\/iskolabutor\/katalogusok\/potalkatreszek\/\"><img loading=\"lazy\" decoding=\"async\" src=\"https:\/\/alexbutor.hu\/iskolabutor\/wp-content\/uploads\/2020\/04\/PalasttipPotalkatr_mockup_2020WEB.png\" alt=\"\" width=\"604\" height=\"379\" class=\"alignnone size-large wp-image-92828\" \/><\/a><\/p>\n<h3>P\u00f3tl\u00e1sok<\/h3>\n<p><a href=\"https:\/\/alexbutor.hu\/iskolabutor\/wp-content\/uploads\/2023\/05\/potlasok_2.pdf\" target=\"_blank\" rel=\"noopener noreferrer\"><\/p>\n<p>PDF let\u00f6lt\u00e9s<\/p>\n<p><\/a><br \/><\/div>\n<\/div><!-- .row (end) -->\n<div class=\"row \">\n<div class=\"span6 \"><a href=\"https:\/\/alexbutor.hu\/iskolabutor\/katalogusok\/referencia-katalogus\/\"><img loading=\"lazy\" decoding=\"async\" src=\"https:\/\/alexbutor.hu\/iskolabutor\/wp-content\/uploads\/2020\/06\/DidaktaReferenciakiadvanyMAGYAR_mockup2020-1024x643.png\" alt=\"\" width=\"604\" height=\"379\" class=\"aligncenter size-large wp-image-101515\" srcset=\"https:\/\/alexbutor.hu\/iskolabutor\/wp-content\/uploads\/2020\/06\/DidaktaReferenciakiadvanyMAGYAR_mockup2020-1024x643.png 1024w, https:\/\/alexbutor.hu\/iskolabutor\/wp-content\/uploads\/2020\/06\/DidaktaReferenciakiadvanyMAGYAR_mockup2020-300x188.png 300w, https:\/\/alexbutor.hu\/iskolabutor\/wp-content\/uploads\/2020\/06\/DidaktaReferenciakiadvanyMAGYAR_mockup2020-768x482.png 768w, https:\/\/alexbutor.hu\/iskolabutor\/wp-content\/uploads\/2020\/06\/DidaktaReferenciakiadvanyMAGYAR_mockup2020-1536x964.png 1536w, https:\/\/alexbutor.hu\/iskolabutor\/wp-content\/uploads\/2020\/06\/DidaktaReferenciakiadvanyMAGYAR_mockup2020-2048x1286.png 2048w, https:\/\/alexbutor.hu\/iskolabutor\/wp-content\/uploads\/2020\/06\/DidaktaReferenciakiadvanyMAGYAR_mockup2020-398x250.png 398w, https:\/\/alexbutor.hu\/iskolabutor\/wp-content\/uploads\/2020\/06\/DidaktaReferenciakiadvanyMAGYAR_mockup2020-796x500.png 796w\" sizes=\"(max-width: 604px) 100vw, 604px\" \/><\/a><\/p>\n<h3>Referencia katal\u00f3gus<\/h3>\n<p><a href=\"https:\/\/alexbutor.hu\/iskolabutor\/wp-content\/uploads\/2020\/06\/DIDAKTA_referenciaKiadvany_Magyar.pdf\" target=\"_blank\" rel=\"noopener noreferrer\"><\/p>\n<p>PDF let\u00f6lt\u00e9s<\/p>\n<p><\/a><\/div>\n<div class=\"span6 \"><a href=\"https:\/\/alexbutor.hu\/iskolabutor\/katalogusok\/soliwood\/\"><img decoding=\"async\" src=\"https:\/\/alexbutor.hu\/iskolabutor\/wp-content\/uploads\/2017\/06\/Soliwood_brossura.png\" alt=\"Soliwood\" style=\"max-height: 370px; width: inherit;\" class=\"alignnone size-large\" \/><\/a><\/p>\n<h3>Soliwood<\/h3>\n<p><a href=\"https:\/\/alexbutor.hu\/iskolabutor\/wp-content\/uploads\/2017\/06\/ALEX_Soliwood_LA4_LoRes.pdf\" target=\"_blank\" rel=\"noopener noreferrer\"><\/p>\n<p>PDF let\u00f6lt\u00e9s<\/p>\n<p><\/a><br \/><\/div>\n<\/div><!-- .row (end) -->\n<div class=\"row \">\n<\/div><!-- .row (end) -->\n<div class=\"spacer\"><\/div><!-- .spacer (end) -->\n","protected":false},"excerpt":{"rendered":"","protected":false},"author":3,"featured_media":0,"parent":0,"menu_order":0,"comment_status":"closed","ping_status":"closed","template":"page-fullwidth.php","meta":{"footnotes":""},"class_list":["post-13","page","type-page","status-publish","hentry"],"yoast_head":"<!-- This site is optimized with the Yoast SEO plugin v23.5 - https:\/\/yoast.com\/wordpress\/plugins\/seo\/ -->\n<title>Katal\u00f3gusok - Iskolab\u00fator<\/title>\n<meta name=\"robots\" content=\"index, follow, max-snippet:-1, max-image-preview:large, max-video-preview:-1\" \/>\n<link rel=\"canonical\" href=\"https:\/\/alexbutor.hu\/iskolabutor\/katalogusok\/\" \/>\n<meta property=\"og:locale\" content=\"hu_HU\" \/>\n<meta property=\"og:type\" content=\"article\" \/>\n<meta property=\"og:title\" content=\"Katal\u00f3gusok - Iskolab\u00fator\" \/>\n<meta property=\"og:url\" content=\"https:\/\/alexbutor.hu\/iskolabutor\/katalogusok\/\" \/>\n<meta property=\"og:site_name\" content=\"Iskolab\u00fator\" \/>\n<meta property=\"article:modified_time\" content=\"2025-05-29T05:48:15+00:00\" \/>\n<meta property=\"og:image\" content=\"https:\/\/alexbutor.hu\/iskolabutor\/wp-content\/uploads\/2025\/05\/Iskola2025UJ_mockupA4.png\" \/>\n<meta name=\"twitter:card\" content=\"summary_large_image\" \/>\n<meta name=\"twitter:label1\" content=\"Becs\u00fclt olvas\u00e1si id\u0151\" \/>\n\t<meta name=\"twitter:data1\" content=\"3 perc\" \/>\n<script type=\"application\/ld+json\" class=\"yoast-schema-graph\">{\"@context\":\"https:\/\/schema.org\",\"@graph\":[{\"@type\":\"WebPage\",\"@id\":\"https:\/\/alexbutor.hu\/iskolabutor\/katalogusok\/\",\"url\":\"https:\/\/alexbutor.hu\/iskolabutor\/katalogusok\/\",\"name\":\"Katal\u00f3gusok - Iskolab\u00fator\",\"isPartOf\":{\"@id\":\"https:\/\/alexbutor.hu\/iskolabutor\/#website\"},\"primaryImageOfPage\":{\"@id\":\"https:\/\/alexbutor.hu\/iskolabutor\/katalogusok\/#primaryimage\"},\"image\":{\"@id\":\"https:\/\/alexbutor.hu\/iskolabutor\/katalogusok\/#primaryimage\"},\"thumbnailUrl\":\"https:\/\/alexbutor.hu\/iskolabutor\/wp-content\/uploads\/2025\/05\/Iskola2025UJ_mockupA4.png\",\"datePublished\":\"2016-06-08T07:58:17+00:00\",\"dateModified\":\"2025-05-29T05:48:15+00:00\",\"breadcrumb\":{\"@id\":\"https:\/\/alexbutor.hu\/iskolabutor\/katalogusok\/#breadcrumb\"},\"inLanguage\":\"hu\",\"potentialAction\":[{\"@type\":\"ReadAction\",\"target\":[\"https:\/\/alexbutor.hu\/iskolabutor\/katalogusok\/\"]}]},{\"@type\":\"ImageObject\",\"inLanguage\":\"hu\",\"@id\":\"https:\/\/alexbutor.hu\/iskolabutor\/katalogusok\/#primaryimage\",\"url\":\"https:\/\/alexbutor.hu\/iskolabutor\/wp-content\/uploads\/2019\/05\/Iskola_katalogus_2019_mockup_print-small.png\",\"contentUrl\":\"https:\/\/alexbutor.hu\/iskolabutor\/wp-content\/uploads\/2019\/05\/Iskola_katalogus_2019_mockup_print-small.png\",\"width\":1920,\"height\":1206},{\"@type\":\"BreadcrumbList\",\"@id\":\"https:\/\/alexbutor.hu\/iskolabutor\/katalogusok\/#breadcrumb\",\"itemListElement\":[{\"@type\":\"ListItem\",\"position\":1,\"name\":\"Home\",\"item\":\"https:\/\/alexbutor.hu\/iskolabutor\/\"},{\"@type\":\"ListItem\",\"position\":2,\"name\":\"Katal\u00f3gusok\"}]},{\"@type\":\"WebSite\",\"@id\":\"https:\/\/alexbutor.hu\/iskolabutor\/#website\",\"url\":\"https:\/\/alexbutor.hu\/iskolabutor\/\",\"name\":\"Iskolab\u00fator\",\"description\":\"Minden t\u00e9rben megold\u00e1s\",\"potentialAction\":[{\"@type\":\"SearchAction\",\"target\":{\"@type\":\"EntryPoint\",\"urlTemplate\":\"https:\/\/alexbutor.hu\/iskolabutor\/?s={search_term_string}\"},\"query-input\":{\"@type\":\"PropertyValueSpecification\",\"valueRequired\":true,\"valueName\":\"search_term_string\"}}],\"inLanguage\":\"hu\"}]}<\/script>\n<!-- \/ Yoast SEO plugin. -->","yoast_head_json":{"title":"Katal\u00f3gusok - Iskolab\u00fator","robots":{"index":"index","follow":"follow","max-snippet":"max-snippet:-1","max-image-preview":"max-image-preview:large","max-video-preview":"max-video-preview:-1"},"canonical":"https:\/\/alexbutor.hu\/iskolabutor\/katalogusok\/","og_locale":"hu_HU","og_type":"article","og_title":"Katal\u00f3gusok - Iskolab\u00fator","og_url":"https:\/\/alexbutor.hu\/iskolabutor\/katalogusok\/","og_site_name":"Iskolab\u00fator","article_modified_time":"2025-05-29T05:48:15+00:00","og_image":[{"url":"https:\/\/alexbutor.hu\/iskolabutor\/wp-content\/uploads\/2025\/05\/Iskola2025UJ_mockupA4.png"}],"twitter_card":"summary_large_image","twitter_misc":{"Becs\u00fclt olvas\u00e1si id\u0151":"3 perc"},"schema":{"@context":"https:\/\/schema.org","@graph":[{"@type":"WebPage","@id":"https:\/\/alexbutor.hu\/iskolabutor\/katalogusok\/","url":"https:\/\/alexbutor.hu\/iskolabutor\/katalogusok\/","name":"Katal\u00f3gusok - Iskolab\u00fator","isPartOf":{"@id":"https:\/\/alexbutor.hu\/iskolabutor\/#website"},"primaryImageOfPage":{"@id":"https:\/\/alexbutor.hu\/iskolabutor\/katalogusok\/#primaryimage"},"image":{"@id":"https:\/\/alexbutor.hu\/iskolabutor\/katalogusok\/#primaryimage"},"thumbnailUrl":"https:\/\/alexbutor.hu\/iskolabutor\/wp-content\/uploads\/2025\/05\/Iskola2025UJ_mockupA4.png","datePublished":"2016-06-08T07:58:17+00:00","dateModified":"2025-05-29T05:48:15+00:00","breadcrumb":{"@id":"https:\/\/alexbutor.hu\/iskolabutor\/katalogusok\/#breadcrumb"},"inLanguage":"hu","potentialAction":[{"@type":"ReadAction","target":["https:\/\/alexbutor.hu\/iskolabutor\/katalogusok\/"]}]},{"@type":"ImageObject","inLanguage":"hu","@id":"https:\/\/alexbutor.hu\/iskolabutor\/katalogusok\/#primaryimage","url":"https:\/\/alexbutor.hu\/iskolabutor\/wp-content\/uploads\/2019\/05\/Iskola_katalogus_2019_mockup_print-small.png","contentUrl":"https:\/\/alexbutor.hu\/iskolabutor\/wp-content\/uploads\/2019\/05\/Iskola_katalogus_2019_mockup_print-small.png","width":1920,"height":1206},{"@type":"BreadcrumbList","@id":"https:\/\/alexbutor.hu\/iskolabutor\/katalogusok\/#breadcrumb","itemListElement":[{"@type":"ListItem","position":1,"name":"Home","item":"https:\/\/alexbutor.hu\/iskolabutor\/"},{"@type":"ListItem","position":2,"name":"Katal\u00f3gusok"}]},{"@type":"WebSite","@id":"https:\/\/alexbutor.hu\/iskolabutor\/#website","url":"https:\/\/alexbutor.hu\/iskolabutor\/","name":"Iskolab\u00fator","description":"Minden t\u00e9rben megold\u00e1s","potentialAction":[{"@type":"SearchAction","target":{"@type":"EntryPoint","urlTemplate":"https:\/\/alexbutor.hu\/iskolabutor\/?s={search_term_string}"},"query-input":{"@type":"PropertyValueSpecification","valueRequired":true,"valueName":"search_term_string"}}],"inLanguage":"hu"}]}},"_links":{"self":[{"href":"https:\/\/alexbutor.hu\/iskolabutor\/wp-json\/wp\/v2\/pages\/13"}],"collection":[{"href":"https:\/\/alexbutor.hu\/iskolabutor\/wp-json\/wp\/v2\/pages"}],"about":[{"href":"https:\/\/alexbutor.hu\/iskolabutor\/wp-json\/wp\/v2\/types\/page"}],"author":[{"embeddable":true,"href":"https:\/\/alexbutor.hu\/iskolabutor\/wp-json\/wp\/v2\/users\/3"}],"replies":[{"embeddable":true,"href":"https:\/\/alexbutor.hu\/iskolabutor\/wp-json\/wp\/v2\/comments?post=13"}],"version-history":[{"count":9,"href":"https:\/\/alexbutor.hu\/iskolabutor\/wp-json\/wp\/v2\/pages\/13\/revisions"}],"predecessor-version":[{"id":140912,"href":"https:\/\/alexbutor.hu\/iskolabutor\/wp-json\/wp\/v2\/pages\/13\/revisions\/140912"}],"wp:attachment":[{"href":"https:\/\/alexbutor.hu\/iskolabutor\/wp-json\/wp\/v2\/media?parent=13"}],"curies":[{"name":"wp","href":"https:\/\/api.w.org\/{rel}","templated":true}]}}