{"id":48413,"date":"2017-05-24T09:41:07","date_gmt":"2017-05-24T09:41:07","guid":{"rendered":"http:\/\/alexbutor.hu\/iskolabutor\/?page_id=48413"},"modified":"2024-07-10T15:04:59","modified_gmt":"2024-07-10T14:04:59","slug":"egesznapos-oktatas-butorai","status":"publish","type":"page","link":"https:\/\/alexbutor.hu\/iskolabutor\/kategoriak\/fix-magassagu-iskolai-asztalok-es-szekek\/egesznapos-oktatas-butorai\/","title":{"rendered":"CSOPORTOS OKTAT\u00c1S"},"content":{"rendered":"\r\n\t<li class=\"portfolio_item isotope-item\"><div class=\"portfolio_item_holder\"><figure class=\"thumbnail thumbnail__portfolio\"><a href=\"https:\/\/alexbutor.hu\/iskolabutor\/kategoriak\/fix-magassagu-iskolai-asztalok-es-szekek\/egesznapos-oktatas-butorai\/flex-alu-butorcsalad\/\" class=\"image-wrap\"><img decoding=\"async\" src=\"https:\/\/alexbutor.hu\/iskolabutor\/wp-content\/uploads\/2024\/07\/Iskola-KAT394.jpg\" alt=\"FLEX ALU B\u00fatorcsal\u00e1d\"><\/a><\/figure><div class=\"caption caption__portfolio\"><h3><a href=\"https:\/\/alexbutor.hu\/iskolabutor\/kategoriak\/fix-magassagu-iskolai-asztalok-es-szekek\/egesznapos-oktatas-butorai\/flex-alu-butorcsalad\/\">FLEX ALU B\u00fatorcsal\u00e1d (2)<\/a><\/h3><\/div><\/div><\/li>\n\r\n\t<li class=\"portfolio_item isotope-item\"><div class=\"portfolio_item_holder\"><figure class=\"thumbnail thumbnail__portfolio\"><a href=\"https:\/\/alexbutor.hu\/iskolabutor\/kategoriak\/fix-magassagu-iskolai-asztalok-es-szekek\/egesznapos-oktatas-butorai\/airflex-butorcsalad\/\" class=\"image-wrap\"><img decoding=\"async\" src=\"https:\/\/alexbutor.hu\/iskolabutor\/wp-content\/uploads\/2024\/07\/iskola-KAT395.jpg\" alt=\"Airflex B\u00fatorcsal\u00e1d\"><\/a><\/figure><div class=\"caption caption__portfolio\"><h3><a href=\"https:\/\/alexbutor.hu\/iskolabutor\/kategoriak\/fix-magassagu-iskolai-asztalok-es-szekek\/egesznapos-oktatas-butorai\/airflex-butorcsalad\/\">Airflex B\u00fatorcsal\u00e1d (2)<\/a><\/h3><\/div><\/div><\/li>\n\r\n\t<li class=\"portfolio_item isotope-item\"><div class=\"portfolio_item_holder\"><figure class=\"thumbnail thumbnail__portfolio\"><a href=\"https:\/\/alexbutor.hu\/iskolabutor\/kategoriak\/fix-magassagu-iskolai-asztalok-es-szekek\/egesznapos-oktatas-butorai\/frizbi-asztalok\/\" class=\"image-wrap\"><img decoding=\"async\" src=\"https:\/\/alexbutor.hu\/iskolabutor\/wp-content\/uploads\/2023\/02\/frizbikatkep.jpg\" alt=\"FRIZBI ASZTALOK\"><\/a><\/figure><div class=\"caption caption__portfolio\"><h3><a href=\"https:\/\/alexbutor.hu\/iskolabutor\/kategoriak\/fix-magassagu-iskolai-asztalok-es-szekek\/egesznapos-oktatas-butorai\/frizbi-asztalok\/\">FRIZBI ASZTALOK<\/a><\/h3><\/div><\/div><\/li>\n\r\n\t<li class=\"portfolio_item isotope-item\"><div class=\"portfolio_item_holder\"><figure class=\"thumbnail thumbnail__portfolio\"><a href=\"https:\/\/alexbutor.hu\/iskolabutor\/kategoriak\/fix-magassagu-iskolai-asztalok-es-szekek\/egesznapos-oktatas-butorai\/okostanterem\/\" class=\"image-wrap\"><img decoding=\"async\" src=\"https:\/\/alexbutor.hu\/iskolabutor\/wp-content\/uploads\/2023\/02\/okotanterem_katkep.jpg\" alt=\"OKOSTANTEREM\"><\/a><\/figure><div class=\"caption caption__portfolio\"><h3><a href=\"https:\/\/alexbutor.hu\/iskolabutor\/kategoriak\/fix-magassagu-iskolai-asztalok-es-szekek\/egesznapos-oktatas-butorai\/okostanterem\/\">OKOSTANTEREM<\/a><\/h3><\/div><\/div><\/li>\n\r\n\t<li class=\"portfolio_item isotope-item\"><div class=\"portfolio_item_holder\"><figure class=\"thumbnail thumbnail__portfolio\"><a href=\"https:\/\/alexbutor.hu\/iskolabutor\/kategoriak\/fix-magassagu-iskolai-asztalok-es-szekek\/egesznapos-oktatas-butorai\/puzzle-hullam-asztalok\/\" class=\"image-wrap\"><img decoding=\"async\" src=\"https:\/\/alexbutor.hu\/iskolabutor\/wp-content\/uploads\/2018\/06\/HULLAM_800x560_kategoria_kep.jpg\" alt=\"Puzzle hull\u00e1m asztalok\"><\/a><\/figure><div class=\"caption caption__portfolio\"><h3><a href=\"https:\/\/alexbutor.hu\/iskolabutor\/kategoriak\/fix-magassagu-iskolai-asztalok-es-szekek\/egesznapos-oktatas-butorai\/puzzle-hullam-asztalok\/\">Puzzle hull\u00e1m asztalok<\/a><\/h3><\/div><\/div><\/li>\n\r\n\t<li class=\"portfolio_item isotope-item\"><div class=\"portfolio_item_holder\"><figure class=\"thumbnail thumbnail__portfolio\"><a href=\"https:\/\/alexbutor.hu\/iskolabutor\/kategoriak\/fix-magassagu-iskolai-asztalok-es-szekek\/egesznapos-oktatas-butorai\/pitagorasz-asztalok\/\" class=\"image-wrap\"><img decoding=\"async\" src=\"https:\/\/alexbutor.hu\/iskolabutor\/wp-content\/uploads\/2018\/06\/PITAGORASZ_800x560_kategoria_kep.jpg\" alt=\"Pitagorasz asztalok\"><\/a><\/figure><div class=\"caption caption__portfolio\"><h3><a href=\"https:\/\/alexbutor.hu\/iskolabutor\/kategoriak\/fix-magassagu-iskolai-asztalok-es-szekek\/egesznapos-oktatas-butorai\/pitagorasz-asztalok\/\">Pitagorasz asztalok<\/a><\/h3><\/div><\/div><\/li>\n\r\n\t<li class=\"portfolio_item isotope-item\"><div class=\"portfolio_item_holder\"><figure class=\"thumbnail thumbnail__portfolio\"><a href=\"https:\/\/alexbutor.hu\/iskolabutor\/kategoriak\/fix-magassagu-iskolai-asztalok-es-szekek\/egesznapos-oktatas-butorai\/trapez-asztalok\/\" class=\"image-wrap\"><img decoding=\"async\" src=\"https:\/\/alexbutor.hu\/iskolabutor\/wp-content\/uploads\/2018\/06\/TRAPEZ_800x560_kategoria_kep.jpg\" alt=\"TRAP\u00c9Z \u00c9S HATSZ\u00d6G ASZTALOK\"><\/a><\/figure><div class=\"caption caption__portfolio\"><h3><a href=\"https:\/\/alexbutor.hu\/iskolabutor\/kategoriak\/fix-magassagu-iskolai-asztalok-es-szekek\/egesznapos-oktatas-butorai\/trapez-asztalok\/\">TRAP\u00c9Z \u00c9S HATSZ\u00d6G ASZTALOK<\/a><\/h3><\/div><\/div><\/li>\n\r\n\t<li class=\"portfolio_item isotope-item\"><div class=\"portfolio_item_holder\"><figure class=\"thumbnail thumbnail__portfolio\"><a href=\"https:\/\/alexbutor.hu\/iskolabutor\/kategoriak\/fix-magassagu-iskolai-asztalok-es-szekek\/egesznapos-oktatas-butorai\/kaleido-butorcsalad\/\" class=\"image-wrap\"><img decoding=\"async\" src=\"https:\/\/alexbutor.hu\/iskolabutor\/wp-content\/uploads\/2021\/03\/Kategoria_kepek_800x5605.jpg\" alt=\"Kaleido b\u00fatorcsal\u00e1d\"><\/a><\/figure><div class=\"caption caption__portfolio\"><h3><a href=\"https:\/\/alexbutor.hu\/iskolabutor\/kategoriak\/fix-magassagu-iskolai-asztalok-es-szekek\/egesznapos-oktatas-butorai\/kaleido-butorcsalad\/\">Kaleido b\u00fatorcsal\u00e1d<\/a><\/h3><\/div><\/div><\/li>\n\r\n\t<li class=\"portfolio_item isotope-item\"><div class=\"portfolio_item_holder\"><figure class=\"thumbnail thumbnail__portfolio\"><a href=\"https:\/\/alexbutor.hu\/iskolabutor\/kategoriak\/fix-magassagu-iskolai-asztalok-es-szekek\/egesznapos-oktatas-butorai\/flex-butorcsalad\/\" class=\"image-wrap\"><img decoding=\"async\" src=\"https:\/\/alexbutor.hu\/iskolabutor\/wp-content\/uploads\/2018\/06\/FLEX_800x560_kategoria_kep.jpg\" alt=\"Flex b\u00fatorcsal\u00e1d\"><\/a><\/figure><div class=\"caption caption__portfolio\"><h3><a href=\"https:\/\/alexbutor.hu\/iskolabutor\/kategoriak\/fix-magassagu-iskolai-asztalok-es-szekek\/egesznapos-oktatas-butorai\/flex-butorcsalad\/\">Flex b\u00fatorcsal\u00e1d<\/a><\/h3><\/div><\/div><\/li>\n\r\n\t<li class=\"portfolio_item isotope-item\"><div class=\"portfolio_item_holder\"><figure class=\"thumbnail thumbnail__portfolio\"><a href=\"https:\/\/alexbutor.hu\/iskolabutor\/kategoriak\/fix-magassagu-iskolai-asztalok-es-szekek\/egesznapos-oktatas-butorai\/soliwood-szekek\/\" class=\"image-wrap\"><img decoding=\"async\" src=\"https:\/\/alexbutor.hu\/iskolabutor\/wp-content\/uploads\/2021\/03\/Kategoria_kepek_800x5606.jpg\" alt=\"Soliwood sz\u00e9kek\"><\/a><\/figure><div class=\"caption caption__portfolio\"><h3><a href=\"https:\/\/alexbutor.hu\/iskolabutor\/kategoriak\/fix-magassagu-iskolai-asztalok-es-szekek\/egesznapos-oktatas-butorai\/soliwood-szekek\/\">Soliwood sz\u00e9kek<\/a><\/h3><\/div><\/div><\/li>\n\r\n\t<li class=\"portfolio_item isotope-item\"><div class=\"portfolio_item_holder\"><figure class=\"thumbnail thumbnail__portfolio\"><a href=\"https:\/\/alexbutor.hu\/iskolabutor\/kategoriak\/fix-magassagu-iskolai-asztalok-es-szekek\/egesznapos-oktatas-butorai\/program-3-4-5-asztal\/\" class=\"image-wrap\"><img decoding=\"async\" src=\"https:\/\/alexbutor.hu\/iskolabutor\/wp-content\/uploads\/2021\/07\/program345_katkep.jpg\" alt=\"PROGRAM-3-4-5 asztal\"><\/a><\/figure><div class=\"caption caption__portfolio\"><h3><a href=\"https:\/\/alexbutor.hu\/iskolabutor\/kategoriak\/fix-magassagu-iskolai-asztalok-es-szekek\/egesznapos-oktatas-butorai\/program-3-4-5-asztal\/\">PROGRAM-3-4-5 asztal<\/a><\/h3><\/div><\/div><\/li>\n\r\n\t<li class=\"portfolio_item isotope-item\"><div class=\"portfolio_item_holder\"><figure class=\"thumbnail thumbnail__portfolio\"><a href=\"https:\/\/alexbutor.hu\/iskolabutor\/kategoriak\/fix-magassagu-iskolai-asztalok-es-szekek\/egesznapos-oktatas-butorai\/potalkatreszek\/\" class=\"image-wrap\"><img decoding=\"async\" src=\"https:\/\/alexbutor.hu\/iskolabutor\/wp-content\/uploads\/2021\/03\/Kategoria_kepek_800x5607.jpg\" alt=\"P\u00f3talkatr\u00e9szek\"><\/a><\/figure><div class=\"caption caption__portfolio\"><h3><a href=\"https:\/\/alexbutor.hu\/iskolabutor\/kategoriak\/fix-magassagu-iskolai-asztalok-es-szekek\/egesznapos-oktatas-butorai\/potalkatreszek\/\">P\u00f3talkatr\u00e9szek<\/a><\/h3><\/div><\/div><\/li>\n","protected":false},"excerpt":{"rendered":"","protected":false},"author":3,"featured_media":48948,"parent":48411,"menu_order":0,"comment_status":"closed","ping_status":"closed","template":"page-Portfolio4Cols-alexsub.php","meta":{"footnotes":""},"class_list":["post-48413","page","type-page","status-publish","has-post-thumbnail","hentry"],"yoast_head":"<!-- This site is optimized with the Yoast SEO plugin v23.5 - https:\/\/yoast.com\/wordpress\/plugins\/seo\/ -->\n<title>CSOPORTOS OKTAT\u00c1S - Iskolab\u00fator<\/title>\n<meta name=\"robots\" content=\"index, follow, max-snippet:-1, max-image-preview:large, max-video-preview:-1\" \/>\n<link rel=\"canonical\" href=\"https:\/\/alexbutor.hu\/iskolabutor\/kategoriak\/fix-magassagu-iskolai-asztalok-es-szekek\/egesznapos-oktatas-butorai\/\" \/>\n<meta property=\"og:locale\" content=\"hu_HU\" \/>\n<meta property=\"og:type\" content=\"article\" \/>\n<meta property=\"og:title\" content=\"CSOPORTOS OKTAT\u00c1S - Iskolab\u00fator\" \/>\n<meta property=\"og:url\" content=\"https:\/\/alexbutor.hu\/iskolabutor\/kategoriak\/fix-magassagu-iskolai-asztalok-es-szekek\/egesznapos-oktatas-butorai\/\" \/>\n<meta property=\"og:site_name\" content=\"Iskolab\u00fator\" \/>\n<meta property=\"article:modified_time\" content=\"2024-07-10T14:04:59+00:00\" \/>\n<meta property=\"og:image\" content=\"https:\/\/alexbutor.hu\/iskolabutor\/wp-content\/uploads\/2017\/05\/Iskolabutor_01_Egesznapos_oktatas_butorai-00.jpg\" \/>\n\t<meta property=\"og:image:width\" content=\"800\" \/>\n\t<meta property=\"og:image:height\" content=\"560\" \/>\n\t<meta property=\"og:image:type\" content=\"image\/jpeg\" \/>\n<meta name=\"twitter:card\" content=\"summary_large_image\" \/>\n<meta name=\"twitter:label1\" content=\"Becs\u00fclt olvas\u00e1si id\u0151\" \/>\n\t<meta name=\"twitter:data1\" content=\"2 perc\" \/>\n<script type=\"application\/ld+json\" class=\"yoast-schema-graph\">{\"@context\":\"https:\/\/schema.org\",\"@graph\":[{\"@type\":\"WebPage\",\"@id\":\"https:\/\/alexbutor.hu\/iskolabutor\/kategoriak\/fix-magassagu-iskolai-asztalok-es-szekek\/egesznapos-oktatas-butorai\/\",\"url\":\"https:\/\/alexbutor.hu\/iskolabutor\/kategoriak\/fix-magassagu-iskolai-asztalok-es-szekek\/egesznapos-oktatas-butorai\/\",\"name\":\"CSOPORTOS OKTAT\u00c1S - Iskolab\u00fator\",\"isPartOf\":{\"@id\":\"https:\/\/alexbutor.hu\/iskolabutor\/#website\"},\"primaryImageOfPage\":{\"@id\":\"https:\/\/alexbutor.hu\/iskolabutor\/kategoriak\/fix-magassagu-iskolai-asztalok-es-szekek\/egesznapos-oktatas-butorai\/#primaryimage\"},\"image\":{\"@id\":\"https:\/\/alexbutor.hu\/iskolabutor\/kategoriak\/fix-magassagu-iskolai-asztalok-es-szekek\/egesznapos-oktatas-butorai\/#primaryimage\"},\"thumbnailUrl\":\"https:\/\/alexbutor.hu\/iskolabutor\/wp-content\/uploads\/2017\/05\/Iskolabutor_01_Egesznapos_oktatas_butorai-00.jpg\",\"datePublished\":\"2017-05-24T09:41:07+00:00\",\"dateModified\":\"2024-07-10T14:04:59+00:00\",\"breadcrumb\":{\"@id\":\"https:\/\/alexbutor.hu\/iskolabutor\/kategoriak\/fix-magassagu-iskolai-asztalok-es-szekek\/egesznapos-oktatas-butorai\/#breadcrumb\"},\"inLanguage\":\"hu\",\"potentialAction\":[{\"@type\":\"ReadAction\",\"target\":[\"https:\/\/alexbutor.hu\/iskolabutor\/kategoriak\/fix-magassagu-iskolai-asztalok-es-szekek\/egesznapos-oktatas-butorai\/\"]}]},{\"@type\":\"ImageObject\",\"inLanguage\":\"hu\",\"@id\":\"https:\/\/alexbutor.hu\/iskolabutor\/kategoriak\/fix-magassagu-iskolai-asztalok-es-szekek\/egesznapos-oktatas-butorai\/#primaryimage\",\"url\":\"https:\/\/alexbutor.hu\/iskolabutor\/wp-content\/uploads\/2017\/05\/Iskolabutor_01_Egesznapos_oktatas_butorai-00.jpg\",\"contentUrl\":\"https:\/\/alexbutor.hu\/iskolabutor\/wp-content\/uploads\/2017\/05\/Iskolabutor_01_Egesznapos_oktatas_butorai-00.jpg\",\"width\":800,\"height\":560},{\"@type\":\"BreadcrumbList\",\"@id\":\"https:\/\/alexbutor.hu\/iskolabutor\/kategoriak\/fix-magassagu-iskolai-asztalok-es-szekek\/egesznapos-oktatas-butorai\/#breadcrumb\",\"itemListElement\":[{\"@type\":\"ListItem\",\"position\":1,\"name\":\"Home\",\"item\":\"https:\/\/alexbutor.hu\/iskolabutor\/\"},{\"@type\":\"ListItem\",\"position\":2,\"name\":\"Term\u00e9kek\",\"item\":\"https:\/\/alexbutor.hu\/iskolabutor\/kategoriak\/\"},{\"@type\":\"ListItem\",\"position\":3,\"name\":\"Fix magass\u00e1g\u00fa iskolai asztalok \u00e9s sz\u00e9kek\",\"item\":\"https:\/\/alexbutor.hu\/iskolabutor\/kategoriak\/fix-magassagu-iskolai-asztalok-es-szekek\/\"},{\"@type\":\"ListItem\",\"position\":4,\"name\":\"CSOPORTOS OKTAT\u00c1S\"}]},{\"@type\":\"WebSite\",\"@id\":\"https:\/\/alexbutor.hu\/iskolabutor\/#website\",\"url\":\"https:\/\/alexbutor.hu\/iskolabutor\/\",\"name\":\"Iskolab\u00fator\",\"description\":\"Minden t\u00e9rben megold\u00e1s\",\"potentialAction\":[{\"@type\":\"SearchAction\",\"target\":{\"@type\":\"EntryPoint\",\"urlTemplate\":\"https:\/\/alexbutor.hu\/iskolabutor\/?s={search_term_string}\"},\"query-input\":{\"@type\":\"PropertyValueSpecification\",\"valueRequired\":true,\"valueName\":\"search_term_string\"}}],\"inLanguage\":\"hu\"}]}<\/script>\n<!-- \/ Yoast SEO plugin. -->","yoast_head_json":{"title":"CSOPORTOS OKTAT\u00c1S - Iskolab\u00fator","robots":{"index":"index","follow":"follow","max-snippet":"max-snippet:-1","max-image-preview":"max-image-preview:large","max-video-preview":"max-video-preview:-1"},"canonical":"https:\/\/alexbutor.hu\/iskolabutor\/kategoriak\/fix-magassagu-iskolai-asztalok-es-szekek\/egesznapos-oktatas-butorai\/","og_locale":"hu_HU","og_type":"article","og_title":"CSOPORTOS OKTAT\u00c1S - Iskolab\u00fator","og_url":"https:\/\/alexbutor.hu\/iskolabutor\/kategoriak\/fix-magassagu-iskolai-asztalok-es-szekek\/egesznapos-oktatas-butorai\/","og_site_name":"Iskolab\u00fator","article_modified_time":"2024-07-10T14:04:59+00:00","og_image":[{"width":800,"height":560,"url":"https:\/\/alexbutor.hu\/iskolabutor\/wp-content\/uploads\/2017\/05\/Iskolabutor_01_Egesznapos_oktatas_butorai-00.jpg","type":"image\/jpeg"}],"twitter_card":"summary_large_image","twitter_misc":{"Becs\u00fclt olvas\u00e1si id\u0151":"2 perc"},"schema":{"@context":"https:\/\/schema.org","@graph":[{"@type":"WebPage","@id":"https:\/\/alexbutor.hu\/iskolabutor\/kategoriak\/fix-magassagu-iskolai-asztalok-es-szekek\/egesznapos-oktatas-butorai\/","url":"https:\/\/alexbutor.hu\/iskolabutor\/kategoriak\/fix-magassagu-iskolai-asztalok-es-szekek\/egesznapos-oktatas-butorai\/","name":"CSOPORTOS OKTAT\u00c1S - Iskolab\u00fator","isPartOf":{"@id":"https:\/\/alexbutor.hu\/iskolabutor\/#website"},"primaryImageOfPage":{"@id":"https:\/\/alexbutor.hu\/iskolabutor\/kategoriak\/fix-magassagu-iskolai-asztalok-es-szekek\/egesznapos-oktatas-butorai\/#primaryimage"},"image":{"@id":"https:\/\/alexbutor.hu\/iskolabutor\/kategoriak\/fix-magassagu-iskolai-asztalok-es-szekek\/egesznapos-oktatas-butorai\/#primaryimage"},"thumbnailUrl":"https:\/\/alexbutor.hu\/iskolabutor\/wp-content\/uploads\/2017\/05\/Iskolabutor_01_Egesznapos_oktatas_butorai-00.jpg","datePublished":"2017-05-24T09:41:07+00:00","dateModified":"2024-07-10T14:04:59+00:00","breadcrumb":{"@id":"https:\/\/alexbutor.hu\/iskolabutor\/kategoriak\/fix-magassagu-iskolai-asztalok-es-szekek\/egesznapos-oktatas-butorai\/#breadcrumb"},"inLanguage":"hu","potentialAction":[{"@type":"ReadAction","target":["https:\/\/alexbutor.hu\/iskolabutor\/kategoriak\/fix-magassagu-iskolai-asztalok-es-szekek\/egesznapos-oktatas-butorai\/"]}]},{"@type":"ImageObject","inLanguage":"hu","@id":"https:\/\/alexbutor.hu\/iskolabutor\/kategoriak\/fix-magassagu-iskolai-asztalok-es-szekek\/egesznapos-oktatas-butorai\/#primaryimage","url":"https:\/\/alexbutor.hu\/iskolabutor\/wp-content\/uploads\/2017\/05\/Iskolabutor_01_Egesznapos_oktatas_butorai-00.jpg","contentUrl":"https:\/\/alexbutor.hu\/iskolabutor\/wp-content\/uploads\/2017\/05\/Iskolabutor_01_Egesznapos_oktatas_butorai-00.jpg","width":800,"height":560},{"@type":"BreadcrumbList","@id":"https:\/\/alexbutor.hu\/iskolabutor\/kategoriak\/fix-magassagu-iskolai-asztalok-es-szekek\/egesznapos-oktatas-butorai\/#breadcrumb","itemListElement":[{"@type":"ListItem","position":1,"name":"Home","item":"https:\/\/alexbutor.hu\/iskolabutor\/"},{"@type":"ListItem","position":2,"name":"Term\u00e9kek","item":"https:\/\/alexbutor.hu\/iskolabutor\/kategoriak\/"},{"@type":"ListItem","position":3,"name":"Fix magass\u00e1g\u00fa iskolai asztalok \u00e9s sz\u00e9kek","item":"https:\/\/alexbutor.hu\/iskolabutor\/kategoriak\/fix-magassagu-iskolai-asztalok-es-szekek\/"},{"@type":"ListItem","position":4,"name":"CSOPORTOS OKTAT\u00c1S"}]},{"@type":"WebSite","@id":"https:\/\/alexbutor.hu\/iskolabutor\/#website","url":"https:\/\/alexbutor.hu\/iskolabutor\/","name":"Iskolab\u00fator","description":"Minden t\u00e9rben megold\u00e1s","potentialAction":[{"@type":"SearchAction","target":{"@type":"EntryPoint","urlTemplate":"https:\/\/alexbutor.hu\/iskolabutor\/?s={search_term_string}"},"query-input":{"@type":"PropertyValueSpecification","valueRequired":true,"valueName":"search_term_string"}}],"inLanguage":"hu"}]}},"_links":{"self":[{"href":"https:\/\/alexbutor.hu\/iskolabutor\/wp-json\/wp\/v2\/pages\/48413"}],"collection":[{"href":"https:\/\/alexbutor.hu\/iskolabutor\/wp-json\/wp\/v2\/pages"}],"about":[{"href":"https:\/\/alexbutor.hu\/iskolabutor\/wp-json\/wp\/v2\/types\/page"}],"author":[{"embeddable":true,"href":"https:\/\/alexbutor.hu\/iskolabutor\/wp-json\/wp\/v2\/users\/3"}],"replies":[{"embeddable":true,"href":"https:\/\/alexbutor.hu\/iskolabutor\/wp-json\/wp\/v2\/comments?post=48413"}],"version-history":[{"count":3,"href":"https:\/\/alexbutor.hu\/iskolabutor\/wp-json\/wp\/v2\/pages\/48413\/revisions"}],"predecessor-version":[{"id":135995,"href":"https:\/\/alexbutor.hu\/iskolabutor\/wp-json\/wp\/v2\/pages\/48413\/revisions\/135995"}],"up":[{"embeddable":true,"href":"https:\/\/alexbutor.hu\/iskolabutor\/wp-json\/wp\/v2\/pages\/48411"}],"wp:featuredmedia":[{"embeddable":true,"href":"https:\/\/alexbutor.hu\/iskolabutor\/wp-json\/wp\/v2\/media\/48948"}],"wp:attachment":[{"href":"https:\/\/alexbutor.hu\/iskolabutor\/wp-json\/wp\/v2\/media?parent=48413"}],"curies":[{"name":"wp","href":"https:\/\/api.w.org\/{rel}","templated":true}]}}