{"id":48433,"date":"2017-05-24T09:44:38","date_gmt":"2017-05-24T09:44:38","guid":{"rendered":"http:\/\/alexbutor.hu\/iskolabutor\/?page_id=48433"},"modified":"2024-07-10T15:09:10","modified_gmt":"2024-07-10T14:09:10","slug":"frontalis-oktatas-butorai","status":"publish","type":"page","link":"https:\/\/alexbutor.hu\/iskolabutor\/kategoriak\/fix-magassagu-iskolai-asztalok-es-szekek\/frontalis-oktatas-butorai\/","title":{"rendered":"Front\u00e1lis oktat\u00e1s b\u00fatorai"},"content":{"rendered":"\r\n\t<li class=\"portfolio_item isotope-item\"><div class=\"portfolio_item_holder\"><figure class=\"thumbnail thumbnail__portfolio\"><a href=\"https:\/\/alexbutor.hu\/iskolabutor\/kategoriak\/fix-magassagu-iskolai-asztalok-es-szekek\/frontalis-oktatas-butorai\/kex-fix-butorcsalad\/\" class=\"image-wrap\"><img decoding=\"async\" src=\"https:\/\/alexbutor.hu\/iskolabutor\/wp-content\/uploads\/2020\/07\/KexFix_800x560.jpg\" alt=\"KEX FIX b\u00fatorcsal\u00e1d\"><\/a><\/figure><div class=\"caption caption__portfolio\"><h3><a href=\"https:\/\/alexbutor.hu\/iskolabutor\/kategoriak\/fix-magassagu-iskolai-asztalok-es-szekek\/frontalis-oktatas-butorai\/kex-fix-butorcsalad\/\">KEX FIX b\u00fatorcsal\u00e1d<\/a><\/h3><\/div><\/div><\/li>\n\r\n\t<li class=\"portfolio_item isotope-item\"><div class=\"portfolio_item_holder\"><figure class=\"thumbnail thumbnail__portfolio\"><a href=\"https:\/\/alexbutor.hu\/iskolabutor\/kategoriak\/fix-magassagu-iskolai-asztalok-es-szekek\/frontalis-oktatas-butorai\/derby-butorcsalad\/\" class=\"image-wrap\"><img decoding=\"async\" src=\"https:\/\/alexbutor.hu\/iskolabutor\/wp-content\/uploads\/2017\/05\/Iskolabutor_02_Frontalis_oktatas_butorai-01_Derby_butorcsalad.jpg\" alt=\"DERBY b\u00fatorcsal\u00e1d\"><\/a><\/figure><div class=\"caption caption__portfolio\"><h3><a href=\"https:\/\/alexbutor.hu\/iskolabutor\/kategoriak\/fix-magassagu-iskolai-asztalok-es-szekek\/frontalis-oktatas-butorai\/derby-butorcsalad\/\">DERBY b\u00fatorcsal\u00e1d<\/a><\/h3><\/div><\/div><\/li>\n\r\n\t<li class=\"portfolio_item isotope-item\"><div class=\"portfolio_item_holder\"><figure class=\"thumbnail thumbnail__portfolio\"><a href=\"https:\/\/alexbutor.hu\/iskolabutor\/kategoriak\/fix-magassagu-iskolai-asztalok-es-szekek\/frontalis-oktatas-butorai\/nora-butorcsalad\/\" class=\"image-wrap\"><img decoding=\"async\" src=\"https:\/\/alexbutor.hu\/iskolabutor\/wp-content\/uploads\/2020\/07\/Nora_800x560.jpg\" alt=\"N\u00d3RA b\u00fatorcsal\u00e1d\"><\/a><\/figure><div class=\"caption caption__portfolio\"><h3><a href=\"https:\/\/alexbutor.hu\/iskolabutor\/kategoriak\/fix-magassagu-iskolai-asztalok-es-szekek\/frontalis-oktatas-butorai\/nora-butorcsalad\/\">N\u00d3RA b\u00fatorcsal\u00e1d<\/a><\/h3><\/div><\/div><\/li>\n\r\n\t<li class=\"portfolio_item isotope-item\"><div class=\"portfolio_item_holder\"><figure class=\"thumbnail thumbnail__portfolio\"><a href=\"https:\/\/alexbutor.hu\/iskolabutor\/kategoriak\/fix-magassagu-iskolai-asztalok-es-szekek\/frontalis-oktatas-butorai\/botond-butorcsalad\/\" class=\"image-wrap\"><img decoding=\"async\" src=\"https:\/\/alexbutor.hu\/iskolabutor\/wp-content\/uploads\/2017\/05\/Iskolabutor_02_Frontalis_oktatas_butorai-03_Botond_butorcsalad.jpg\" alt=\"BOTOND b\u00fatorcsal\u00e1d\"><\/a><\/figure><div class=\"caption caption__portfolio\"><h3><a href=\"https:\/\/alexbutor.hu\/iskolabutor\/kategoriak\/fix-magassagu-iskolai-asztalok-es-szekek\/frontalis-oktatas-butorai\/botond-butorcsalad\/\">BOTOND b\u00fatorcsal\u00e1d<\/a><\/h3><\/div><\/div><\/li>\n\r\n\t<li class=\"portfolio_item isotope-item\"><div class=\"portfolio_item_holder\"><figure class=\"thumbnail thumbnail__portfolio\"><a href=\"https:\/\/alexbutor.hu\/iskolabutor\/kategoriak\/fix-magassagu-iskolai-asztalok-es-szekek\/frontalis-oktatas-butorai\/geo-special-butorcsalad\/\" class=\"image-wrap\"><img decoding=\"async\" src=\"https:\/\/alexbutor.hu\/iskolabutor\/wp-content\/uploads\/2020\/07\/GeoSpecial_800x560.jpg\" alt=\"GEO Special b\u00fatorcsal\u00e1d\"><\/a><\/figure><div class=\"caption caption__portfolio\"><h3><a href=\"https:\/\/alexbutor.hu\/iskolabutor\/kategoriak\/fix-magassagu-iskolai-asztalok-es-szekek\/frontalis-oktatas-butorai\/geo-special-butorcsalad\/\">GEO Special b\u00fatorcsal\u00e1d<\/a><\/h3><\/div><\/div><\/li>\n\r\n\t<li class=\"portfolio_item isotope-item\"><div class=\"portfolio_item_holder\"><figure class=\"thumbnail thumbnail__portfolio\"><a href=\"https:\/\/alexbutor.hu\/iskolabutor\/kategoriak\/fix-magassagu-iskolai-asztalok-es-szekek\/frontalis-oktatas-butorai\/geo-linea-butorcsalad\/\" class=\"image-wrap\"><img decoding=\"async\" src=\"https:\/\/alexbutor.hu\/iskolabutor\/wp-content\/uploads\/2018\/06\/GEO_LINEA_800x560_kategoria_kep.jpg\" alt=\"GEO Linea b\u00fatorcsal\u00e1d\"><\/a><\/figure><div class=\"caption caption__portfolio\"><h3><a href=\"https:\/\/alexbutor.hu\/iskolabutor\/kategoriak\/fix-magassagu-iskolai-asztalok-es-szekek\/frontalis-oktatas-butorai\/geo-linea-butorcsalad\/\">GEO Linea b\u00fatorcsal\u00e1d<\/a><\/h3><\/div><\/div><\/li>\n\r\n\t<li class=\"portfolio_item isotope-item\"><div class=\"portfolio_item_holder\"><figure class=\"thumbnail thumbnail__portfolio\"><a href=\"https:\/\/alexbutor.hu\/iskolabutor\/kategoriak\/fix-magassagu-iskolai-asztalok-es-szekek\/frontalis-oktatas-butorai\/negyzetcsovazas-asztalok\/\" class=\"image-wrap\"><img decoding=\"async\" src=\"https:\/\/alexbutor.hu\/iskolabutor\/wp-content\/uploads\/2017\/05\/Iskolabutor_02_Frontalis_oktatas_butorai-06_Negyzetcsovazas_asztalok.jpg\" alt=\"N\u00e9gyzetcs\u0151v\u00e1zas asztalok \u00e9s tantermi sz\u00e9kek\"><\/a><\/figure><div class=\"caption caption__portfolio\"><h3><a href=\"https:\/\/alexbutor.hu\/iskolabutor\/kategoriak\/fix-magassagu-iskolai-asztalok-es-szekek\/frontalis-oktatas-butorai\/negyzetcsovazas-asztalok\/\">N\u00e9gyzetcs\u0151v\u00e1zas asztalok \u00e9s tantermi sz\u00e9kek<\/a><\/h3><\/div><\/div><\/li>\n\r\n\t<li class=\"portfolio_item isotope-item\"><div class=\"portfolio_item_holder\"><figure class=\"thumbnail thumbnail__portfolio\"><a href=\"https:\/\/alexbutor.hu\/iskolabutor\/kategoriak\/fix-magassagu-iskolai-asztalok-es-szekek\/frontalis-oktatas-butorai\/tantermi-szekek\/\" class=\"image-wrap\"><img decoding=\"async\" src=\"https:\/\/alexbutor.hu\/iskolabutor\/wp-content\/uploads\/2017\/05\/Iskolabutor_02_Frontalis_oktatas_butorai-07_Tantermi_szekek.jpg\" alt=\"Tantermi sz\u00e9kek\"><\/a><\/figure><div class=\"caption caption__portfolio\"><h3><a href=\"https:\/\/alexbutor.hu\/iskolabutor\/kategoriak\/fix-magassagu-iskolai-asztalok-es-szekek\/frontalis-oktatas-butorai\/tantermi-szekek\/\">Tantermi sz\u00e9kek<\/a><\/h3><\/div><\/div><\/li>\n<!--\n[katkep cim=\"C-LINE asztalok\" kep=\"https:\/\/alexbutor.hu\/iskolabutor\/wp-content\/uploads\/2017\/05\/Iskolabutor_02_Frontalis_oktatas_butorai-08_C-Linea_asztalok-1.jpg\" link=\"https:\/\/alexbutor.hu\/iskolabutor\/kategoriak\/fix-magassagu-iskolai-asztalok-es-szekek\/frontalis-oktatas-butorai\/c-line-asztalok\/\"]\n\n[katkep cim=\"Hagyom\u00e1nyos padok\" kep=\"https:\/\/alexbutor.hu\/iskolabutor\/wp-content\/uploads\/2017\/05\/Iskolabutor_02_Frontalis_oktatas_butorai-09_Hagyomanyos_padok.jpg\" link=\"https:\/\/alexbutor.hu\/iskolabutor\/kategoriak\/fix-magassagu-iskolai-asztalok-es-szekek\/frontalis-oktatas-butorai\/hagyomanyos-padok\/\"]\n--><br \/>\n\r\n\t<li class=\"portfolio_item isotope-item\"><div class=\"portfolio_item_holder\"><figure class=\"thumbnail thumbnail__portfolio\"><a href=\"https:\/\/alexbutor.hu\/iskolabutor\/kategoriak\/fix-magassagu-iskolai-asztalok-es-szekek\/frontalis-oktatas-butorai\/atlasz-butorcsalad\/\" class=\"image-wrap\"><img decoding=\"async\" src=\"https:\/\/alexbutor.hu\/iskolabutor\/wp-content\/uploads\/2017\/05\/Iskolabutor_02_Frontalis_oktatas_butorai-10_Atlasz_butorcsalad-1.jpg\" alt=\"ATLASZ b\u00fatorcsal\u00e1d\"><\/a><\/figure><div class=\"caption caption__portfolio\"><h3><a href=\"https:\/\/alexbutor.hu\/iskolabutor\/kategoriak\/fix-magassagu-iskolai-asztalok-es-szekek\/frontalis-oktatas-butorai\/atlasz-butorcsalad\/\">ATLASZ b\u00fatorcsal\u00e1d<\/a><\/h3><\/div><\/div><\/li>\n\r\n\t<li class=\"portfolio_item isotope-item\"><div class=\"portfolio_item_holder\"><figure class=\"thumbnail thumbnail__portfolio\"><a href=\"https:\/\/alexbutor.hu\/iskolabutor\/kategoriak\/fix-magassagu-iskolai-asztalok-es-szekek\/frontalis-oktatas-butorai\/szamitogep-es-specialis-asztalok\/\" class=\"image-wrap\"><img decoding=\"async\" src=\"https:\/\/alexbutor.hu\/iskolabutor\/wp-content\/uploads\/2021\/03\/Kategoria_kepek_800x56012.jpg\" alt=\"Sz\u00e1m\u00edt\u00f3g\u00e9pasztalok\"><\/a><\/figure><div class=\"caption caption__portfolio\"><h3><a href=\"https:\/\/alexbutor.hu\/iskolabutor\/kategoriak\/fix-magassagu-iskolai-asztalok-es-szekek\/frontalis-oktatas-butorai\/szamitogep-es-specialis-asztalok\/\">Sz\u00e1m\u00edt\u00f3g\u00e9pasztalok<\/a><\/h3><\/div><\/div><\/li>\n\r\n\t<li class=\"portfolio_item isotope-item\"><div class=\"portfolio_item_holder\"><figure class=\"thumbnail thumbnail__portfolio\"><a href=\"https:\/\/alexbutor.hu\/iskolabutor\/kategoriak\/fix-magassagu-iskolai-asztalok-es-szekek\/frontalis-oktatas-butorai\/soliwood-szekek\/\" class=\"image-wrap\"><img decoding=\"async\" src=\"https:\/\/alexbutor.hu\/iskolabutor\/wp-content\/uploads\/2021\/03\/Kategoria_kepek_800x5606.jpg\" alt=\"Soliwood sz\u00e9kek\"><\/a><\/figure><div class=\"caption caption__portfolio\"><h3><a href=\"https:\/\/alexbutor.hu\/iskolabutor\/kategoriak\/fix-magassagu-iskolai-asztalok-es-szekek\/frontalis-oktatas-butorai\/soliwood-szekek\/\">Soliwood sz\u00e9kek<\/a><\/h3><\/div><\/div><\/li>\n\r\n\t<li class=\"portfolio_item isotope-item\"><div class=\"portfolio_item_holder\"><figure class=\"thumbnail thumbnail__portfolio\"><a href=\"https:\/\/alexbutor.hu\/iskolabutor\/kategoriak\/fix-magassagu-iskolai-asztalok-es-szekek\/frontalis-oktatas-butorai\/potalkatreszek\/\" class=\"image-wrap\"><img decoding=\"async\" src=\"https:\/\/alexbutor.hu\/iskolabutor\/wp-content\/uploads\/2021\/03\/Kategoria_kepek_800x5607.jpg\" alt=\"P\u00f3talkatr\u00e9szek\"><\/a><\/figure><div class=\"caption caption__portfolio\"><h3><a href=\"https:\/\/alexbutor.hu\/iskolabutor\/kategoriak\/fix-magassagu-iskolai-asztalok-es-szekek\/frontalis-oktatas-butorai\/potalkatreszek\/\">P\u00f3talkatr\u00e9szek<\/a><\/h3><\/div><\/div><\/li>\n","protected":false},"excerpt":{"rendered":"","protected":false},"author":3,"featured_media":48958,"parent":48411,"menu_order":0,"comment_status":"closed","ping_status":"closed","template":"page-Portfolio4Cols-alexsub.php","meta":{"footnotes":""},"class_list":["post-48433","page","type-page","status-publish","has-post-thumbnail","hentry"],"yoast_head":"<!-- This site is optimized with the Yoast SEO plugin v23.5 - https:\/\/yoast.com\/wordpress\/plugins\/seo\/ -->\n<title>Front\u00e1lis oktat\u00e1s b\u00fatorai - Iskolab\u00fator<\/title>\n<meta name=\"robots\" content=\"index, follow, max-snippet:-1, max-image-preview:large, max-video-preview:-1\" \/>\n<link rel=\"canonical\" href=\"https:\/\/alexbutor.hu\/iskolabutor\/kategoriak\/fix-magassagu-iskolai-asztalok-es-szekek\/frontalis-oktatas-butorai\/\" \/>\n<meta property=\"og:locale\" content=\"hu_HU\" \/>\n<meta property=\"og:type\" content=\"article\" \/>\n<meta property=\"og:title\" content=\"Front\u00e1lis oktat\u00e1s b\u00fatorai - Iskolab\u00fator\" \/>\n<meta property=\"og:url\" content=\"https:\/\/alexbutor.hu\/iskolabutor\/kategoriak\/fix-magassagu-iskolai-asztalok-es-szekek\/frontalis-oktatas-butorai\/\" \/>\n<meta property=\"og:site_name\" content=\"Iskolab\u00fator\" \/>\n<meta property=\"article:modified_time\" content=\"2024-07-10T14:09:10+00:00\" \/>\n<meta property=\"og:image\" content=\"https:\/\/alexbutor.hu\/iskolabutor\/wp-content\/uploads\/2017\/05\/Iskolabutor_02_Frontalis_oktatas_butorai-00.jpg\" \/>\n\t<meta property=\"og:image:width\" content=\"800\" \/>\n\t<meta property=\"og:image:height\" content=\"560\" \/>\n\t<meta property=\"og:image:type\" content=\"image\/jpeg\" \/>\n<meta name=\"twitter:card\" content=\"summary_large_image\" \/>\n<meta name=\"twitter:label1\" content=\"Becs\u00fclt olvas\u00e1si id\u0151\" \/>\n\t<meta name=\"twitter:data1\" content=\"2 perc\" \/>\n<script type=\"application\/ld+json\" class=\"yoast-schema-graph\">{\"@context\":\"https:\/\/schema.org\",\"@graph\":[{\"@type\":\"WebPage\",\"@id\":\"https:\/\/alexbutor.hu\/iskolabutor\/kategoriak\/fix-magassagu-iskolai-asztalok-es-szekek\/frontalis-oktatas-butorai\/\",\"url\":\"https:\/\/alexbutor.hu\/iskolabutor\/kategoriak\/fix-magassagu-iskolai-asztalok-es-szekek\/frontalis-oktatas-butorai\/\",\"name\":\"Front\u00e1lis oktat\u00e1s b\u00fatorai - Iskolab\u00fator\",\"isPartOf\":{\"@id\":\"https:\/\/alexbutor.hu\/iskolabutor\/#website\"},\"primaryImageOfPage\":{\"@id\":\"https:\/\/alexbutor.hu\/iskolabutor\/kategoriak\/fix-magassagu-iskolai-asztalok-es-szekek\/frontalis-oktatas-butorai\/#primaryimage\"},\"image\":{\"@id\":\"https:\/\/alexbutor.hu\/iskolabutor\/kategoriak\/fix-magassagu-iskolai-asztalok-es-szekek\/frontalis-oktatas-butorai\/#primaryimage\"},\"thumbnailUrl\":\"https:\/\/alexbutor.hu\/iskolabutor\/wp-content\/uploads\/2017\/05\/Iskolabutor_02_Frontalis_oktatas_butorai-00.jpg\",\"datePublished\":\"2017-05-24T09:44:38+00:00\",\"dateModified\":\"2024-07-10T14:09:10+00:00\",\"breadcrumb\":{\"@id\":\"https:\/\/alexbutor.hu\/iskolabutor\/kategoriak\/fix-magassagu-iskolai-asztalok-es-szekek\/frontalis-oktatas-butorai\/#breadcrumb\"},\"inLanguage\":\"hu\",\"potentialAction\":[{\"@type\":\"ReadAction\",\"target\":[\"https:\/\/alexbutor.hu\/iskolabutor\/kategoriak\/fix-magassagu-iskolai-asztalok-es-szekek\/frontalis-oktatas-butorai\/\"]}]},{\"@type\":\"ImageObject\",\"inLanguage\":\"hu\",\"@id\":\"https:\/\/alexbutor.hu\/iskolabutor\/kategoriak\/fix-magassagu-iskolai-asztalok-es-szekek\/frontalis-oktatas-butorai\/#primaryimage\",\"url\":\"https:\/\/alexbutor.hu\/iskolabutor\/wp-content\/uploads\/2017\/05\/Iskolabutor_02_Frontalis_oktatas_butorai-00.jpg\",\"contentUrl\":\"https:\/\/alexbutor.hu\/iskolabutor\/wp-content\/uploads\/2017\/05\/Iskolabutor_02_Frontalis_oktatas_butorai-00.jpg\",\"width\":800,\"height\":560},{\"@type\":\"BreadcrumbList\",\"@id\":\"https:\/\/alexbutor.hu\/iskolabutor\/kategoriak\/fix-magassagu-iskolai-asztalok-es-szekek\/frontalis-oktatas-butorai\/#breadcrumb\",\"itemListElement\":[{\"@type\":\"ListItem\",\"position\":1,\"name\":\"Home\",\"item\":\"https:\/\/alexbutor.hu\/iskolabutor\/\"},{\"@type\":\"ListItem\",\"position\":2,\"name\":\"Term\u00e9kek\",\"item\":\"https:\/\/alexbutor.hu\/iskolabutor\/kategoriak\/\"},{\"@type\":\"ListItem\",\"position\":3,\"name\":\"Fix magass\u00e1g\u00fa iskolai asztalok \u00e9s sz\u00e9kek\",\"item\":\"https:\/\/alexbutor.hu\/iskolabutor\/kategoriak\/fix-magassagu-iskolai-asztalok-es-szekek\/\"},{\"@type\":\"ListItem\",\"position\":4,\"name\":\"Front\u00e1lis oktat\u00e1s b\u00fatorai\"}]},{\"@type\":\"WebSite\",\"@id\":\"https:\/\/alexbutor.hu\/iskolabutor\/#website\",\"url\":\"https:\/\/alexbutor.hu\/iskolabutor\/\",\"name\":\"Iskolab\u00fator\",\"description\":\"Minden t\u00e9rben megold\u00e1s\",\"potentialAction\":[{\"@type\":\"SearchAction\",\"target\":{\"@type\":\"EntryPoint\",\"urlTemplate\":\"https:\/\/alexbutor.hu\/iskolabutor\/?s={search_term_string}\"},\"query-input\":{\"@type\":\"PropertyValueSpecification\",\"valueRequired\":true,\"valueName\":\"search_term_string\"}}],\"inLanguage\":\"hu\"}]}<\/script>\n<!-- \/ Yoast SEO plugin. -->","yoast_head_json":{"title":"Front\u00e1lis oktat\u00e1s b\u00fatorai - Iskolab\u00fator","robots":{"index":"index","follow":"follow","max-snippet":"max-snippet:-1","max-image-preview":"max-image-preview:large","max-video-preview":"max-video-preview:-1"},"canonical":"https:\/\/alexbutor.hu\/iskolabutor\/kategoriak\/fix-magassagu-iskolai-asztalok-es-szekek\/frontalis-oktatas-butorai\/","og_locale":"hu_HU","og_type":"article","og_title":"Front\u00e1lis oktat\u00e1s b\u00fatorai - Iskolab\u00fator","og_url":"https:\/\/alexbutor.hu\/iskolabutor\/kategoriak\/fix-magassagu-iskolai-asztalok-es-szekek\/frontalis-oktatas-butorai\/","og_site_name":"Iskolab\u00fator","article_modified_time":"2024-07-10T14:09:10+00:00","og_image":[{"width":800,"height":560,"url":"https:\/\/alexbutor.hu\/iskolabutor\/wp-content\/uploads\/2017\/05\/Iskolabutor_02_Frontalis_oktatas_butorai-00.jpg","type":"image\/jpeg"}],"twitter_card":"summary_large_image","twitter_misc":{"Becs\u00fclt olvas\u00e1si id\u0151":"2 perc"},"schema":{"@context":"https:\/\/schema.org","@graph":[{"@type":"WebPage","@id":"https:\/\/alexbutor.hu\/iskolabutor\/kategoriak\/fix-magassagu-iskolai-asztalok-es-szekek\/frontalis-oktatas-butorai\/","url":"https:\/\/alexbutor.hu\/iskolabutor\/kategoriak\/fix-magassagu-iskolai-asztalok-es-szekek\/frontalis-oktatas-butorai\/","name":"Front\u00e1lis oktat\u00e1s b\u00fatorai - Iskolab\u00fator","isPartOf":{"@id":"https:\/\/alexbutor.hu\/iskolabutor\/#website"},"primaryImageOfPage":{"@id":"https:\/\/alexbutor.hu\/iskolabutor\/kategoriak\/fix-magassagu-iskolai-asztalok-es-szekek\/frontalis-oktatas-butorai\/#primaryimage"},"image":{"@id":"https:\/\/alexbutor.hu\/iskolabutor\/kategoriak\/fix-magassagu-iskolai-asztalok-es-szekek\/frontalis-oktatas-butorai\/#primaryimage"},"thumbnailUrl":"https:\/\/alexbutor.hu\/iskolabutor\/wp-content\/uploads\/2017\/05\/Iskolabutor_02_Frontalis_oktatas_butorai-00.jpg","datePublished":"2017-05-24T09:44:38+00:00","dateModified":"2024-07-10T14:09:10+00:00","breadcrumb":{"@id":"https:\/\/alexbutor.hu\/iskolabutor\/kategoriak\/fix-magassagu-iskolai-asztalok-es-szekek\/frontalis-oktatas-butorai\/#breadcrumb"},"inLanguage":"hu","potentialAction":[{"@type":"ReadAction","target":["https:\/\/alexbutor.hu\/iskolabutor\/kategoriak\/fix-magassagu-iskolai-asztalok-es-szekek\/frontalis-oktatas-butorai\/"]}]},{"@type":"ImageObject","inLanguage":"hu","@id":"https:\/\/alexbutor.hu\/iskolabutor\/kategoriak\/fix-magassagu-iskolai-asztalok-es-szekek\/frontalis-oktatas-butorai\/#primaryimage","url":"https:\/\/alexbutor.hu\/iskolabutor\/wp-content\/uploads\/2017\/05\/Iskolabutor_02_Frontalis_oktatas_butorai-00.jpg","contentUrl":"https:\/\/alexbutor.hu\/iskolabutor\/wp-content\/uploads\/2017\/05\/Iskolabutor_02_Frontalis_oktatas_butorai-00.jpg","width":800,"height":560},{"@type":"BreadcrumbList","@id":"https:\/\/alexbutor.hu\/iskolabutor\/kategoriak\/fix-magassagu-iskolai-asztalok-es-szekek\/frontalis-oktatas-butorai\/#breadcrumb","itemListElement":[{"@type":"ListItem","position":1,"name":"Home","item":"https:\/\/alexbutor.hu\/iskolabutor\/"},{"@type":"ListItem","position":2,"name":"Term\u00e9kek","item":"https:\/\/alexbutor.hu\/iskolabutor\/kategoriak\/"},{"@type":"ListItem","position":3,"name":"Fix magass\u00e1g\u00fa iskolai asztalok \u00e9s sz\u00e9kek","item":"https:\/\/alexbutor.hu\/iskolabutor\/kategoriak\/fix-magassagu-iskolai-asztalok-es-szekek\/"},{"@type":"ListItem","position":4,"name":"Front\u00e1lis oktat\u00e1s b\u00fatorai"}]},{"@type":"WebSite","@id":"https:\/\/alexbutor.hu\/iskolabutor\/#website","url":"https:\/\/alexbutor.hu\/iskolabutor\/","name":"Iskolab\u00fator","description":"Minden t\u00e9rben megold\u00e1s","potentialAction":[{"@type":"SearchAction","target":{"@type":"EntryPoint","urlTemplate":"https:\/\/alexbutor.hu\/iskolabutor\/?s={search_term_string}"},"query-input":{"@type":"PropertyValueSpecification","valueRequired":true,"valueName":"search_term_string"}}],"inLanguage":"hu"}]}},"_links":{"self":[{"href":"https:\/\/alexbutor.hu\/iskolabutor\/wp-json\/wp\/v2\/pages\/48433"}],"collection":[{"href":"https:\/\/alexbutor.hu\/iskolabutor\/wp-json\/wp\/v2\/pages"}],"about":[{"href":"https:\/\/alexbutor.hu\/iskolabutor\/wp-json\/wp\/v2\/types\/page"}],"author":[{"embeddable":true,"href":"https:\/\/alexbutor.hu\/iskolabutor\/wp-json\/wp\/v2\/users\/3"}],"replies":[{"embeddable":true,"href":"https:\/\/alexbutor.hu\/iskolabutor\/wp-json\/wp\/v2\/comments?post=48433"}],"version-history":[{"count":4,"href":"https:\/\/alexbutor.hu\/iskolabutor\/wp-json\/wp\/v2\/pages\/48433\/revisions"}],"predecessor-version":[{"id":136002,"href":"https:\/\/alexbutor.hu\/iskolabutor\/wp-json\/wp\/v2\/pages\/48433\/revisions\/136002"}],"up":[{"embeddable":true,"href":"https:\/\/alexbutor.hu\/iskolabutor\/wp-json\/wp\/v2\/pages\/48411"}],"wp:featuredmedia":[{"embeddable":true,"href":"https:\/\/alexbutor.hu\/iskolabutor\/wp-json\/wp\/v2\/media\/48958"}],"wp:attachment":[{"href":"https:\/\/alexbutor.hu\/iskolabutor\/wp-json\/wp\/v2\/media?parent=48433"}],"curies":[{"name":"wp","href":"https:\/\/api.w.org\/{rel}","templated":true}]}}