{"id":48461,"date":"2017-05-24T09:49:20","date_gmt":"2017-05-24T09:49:20","guid":{"rendered":"http:\/\/alexbutor.hu\/iskolabutor\/?page_id=48461"},"modified":"2021-03-08T11:32:15","modified_gmt":"2021-03-08T10:32:15","slug":"szamitogep-es-specialis-asztalok","status":"publish","type":"page","link":"https:\/\/alexbutor.hu\/iskolabutor\/kategoriak\/fix-magassagu-iskolai-asztalok-es-szekek\/frontalis-oktatas-butorai\/szamitogep-es-specialis-asztalok\/","title":{"rendered":"Sz\u00e1m\u00edt\u00f3g\u00e9pasztalok"},"content":{"rendered":"","protected":false},"excerpt":{"rendered":"","protected":false},"author":3,"featured_media":48972,"parent":48433,"menu_order":0,"comment_status":"closed","ping_status":"closed","template":"page-Portfolio4Cols-filterable.php","meta":{"footnotes":""},"class_list":["post-48461","page","type-page","status-publish","has-post-thumbnail","hentry"],"yoast_head":"<!-- This site is optimized with the Yoast SEO plugin v23.5 - https:\/\/yoast.com\/wordpress\/plugins\/seo\/ -->\n<title>Sz\u00e1m\u00edt\u00f3g\u00e9pasztalok - Iskolab\u00fator<\/title>\n<meta name=\"robots\" content=\"index, follow, max-snippet:-1, max-image-preview:large, max-video-preview:-1\" \/>\n<link rel=\"canonical\" href=\"https:\/\/alexbutor.hu\/iskolabutor\/kategoriak\/fix-magassagu-iskolai-asztalok-es-szekek\/frontalis-oktatas-butorai\/szamitogep-es-specialis-asztalok\/\" \/>\n<meta property=\"og:locale\" content=\"hu_HU\" \/>\n<meta property=\"og:type\" content=\"article\" \/>\n<meta property=\"og:title\" content=\"Sz\u00e1m\u00edt\u00f3g\u00e9pasztalok - Iskolab\u00fator\" \/>\n<meta property=\"og:url\" content=\"https:\/\/alexbutor.hu\/iskolabutor\/kategoriak\/fix-magassagu-iskolai-asztalok-es-szekek\/frontalis-oktatas-butorai\/szamitogep-es-specialis-asztalok\/\" \/>\n<meta property=\"og:site_name\" content=\"Iskolab\u00fator\" \/>\n<meta property=\"article:modified_time\" content=\"2021-03-08T10:32:15+00:00\" \/>\n<meta property=\"og:image\" content=\"https:\/\/alexbutor.hu\/iskolabutor\/wp-content\/uploads\/2017\/05\/Iskolabutor_02_Frontalis_oktatas_butorai-14_Akadalymentes_butorok.jpg\" \/>\n\t<meta property=\"og:image:width\" content=\"800\" \/>\n\t<meta property=\"og:image:height\" content=\"560\" \/>\n\t<meta property=\"og:image:type\" content=\"image\/jpeg\" \/>\n<meta name=\"twitter:card\" content=\"summary_large_image\" \/>\n<script type=\"application\/ld+json\" class=\"yoast-schema-graph\">{\"@context\":\"https:\/\/schema.org\",\"@graph\":[{\"@type\":\"WebPage\",\"@id\":\"https:\/\/alexbutor.hu\/iskolabutor\/kategoriak\/fix-magassagu-iskolai-asztalok-es-szekek\/frontalis-oktatas-butorai\/szamitogep-es-specialis-asztalok\/\",\"url\":\"https:\/\/alexbutor.hu\/iskolabutor\/kategoriak\/fix-magassagu-iskolai-asztalok-es-szekek\/frontalis-oktatas-butorai\/szamitogep-es-specialis-asztalok\/\",\"name\":\"Sz\u00e1m\u00edt\u00f3g\u00e9pasztalok - Iskolab\u00fator\",\"isPartOf\":{\"@id\":\"https:\/\/alexbutor.hu\/iskolabutor\/#website\"},\"primaryImageOfPage\":{\"@id\":\"https:\/\/alexbutor.hu\/iskolabutor\/kategoriak\/fix-magassagu-iskolai-asztalok-es-szekek\/frontalis-oktatas-butorai\/szamitogep-es-specialis-asztalok\/#primaryimage\"},\"image\":{\"@id\":\"https:\/\/alexbutor.hu\/iskolabutor\/kategoriak\/fix-magassagu-iskolai-asztalok-es-szekek\/frontalis-oktatas-butorai\/szamitogep-es-specialis-asztalok\/#primaryimage\"},\"thumbnailUrl\":\"https:\/\/alexbutor.hu\/iskolabutor\/wp-content\/uploads\/2017\/05\/Iskolabutor_02_Frontalis_oktatas_butorai-14_Akadalymentes_butorok.jpg\",\"datePublished\":\"2017-05-24T09:49:20+00:00\",\"dateModified\":\"2021-03-08T10:32:15+00:00\",\"breadcrumb\":{\"@id\":\"https:\/\/alexbutor.hu\/iskolabutor\/kategoriak\/fix-magassagu-iskolai-asztalok-es-szekek\/frontalis-oktatas-butorai\/szamitogep-es-specialis-asztalok\/#breadcrumb\"},\"inLanguage\":\"hu\",\"potentialAction\":[{\"@type\":\"ReadAction\",\"target\":[\"https:\/\/alexbutor.hu\/iskolabutor\/kategoriak\/fix-magassagu-iskolai-asztalok-es-szekek\/frontalis-oktatas-butorai\/szamitogep-es-specialis-asztalok\/\"]}]},{\"@type\":\"ImageObject\",\"inLanguage\":\"hu\",\"@id\":\"https:\/\/alexbutor.hu\/iskolabutor\/kategoriak\/fix-magassagu-iskolai-asztalok-es-szekek\/frontalis-oktatas-butorai\/szamitogep-es-specialis-asztalok\/#primaryimage\",\"url\":\"https:\/\/alexbutor.hu\/iskolabutor\/wp-content\/uploads\/2017\/05\/Iskolabutor_02_Frontalis_oktatas_butorai-14_Akadalymentes_butorok.jpg\",\"contentUrl\":\"https:\/\/alexbutor.hu\/iskolabutor\/wp-content\/uploads\/2017\/05\/Iskolabutor_02_Frontalis_oktatas_butorai-14_Akadalymentes_butorok.jpg\",\"width\":800,\"height\":560},{\"@type\":\"BreadcrumbList\",\"@id\":\"https:\/\/alexbutor.hu\/iskolabutor\/kategoriak\/fix-magassagu-iskolai-asztalok-es-szekek\/frontalis-oktatas-butorai\/szamitogep-es-specialis-asztalok\/#breadcrumb\",\"itemListElement\":[{\"@type\":\"ListItem\",\"position\":1,\"name\":\"Home\",\"item\":\"https:\/\/alexbutor.hu\/iskolabutor\/\"},{\"@type\":\"ListItem\",\"position\":2,\"name\":\"Term\u00e9kek\",\"item\":\"https:\/\/alexbutor.hu\/iskolabutor\/kategoriak\/\"},{\"@type\":\"ListItem\",\"position\":3,\"name\":\"Fix magass\u00e1g\u00fa iskolai asztalok \u00e9s sz\u00e9kek\",\"item\":\"https:\/\/alexbutor.hu\/iskolabutor\/kategoriak\/fix-magassagu-iskolai-asztalok-es-szekek\/\"},{\"@type\":\"ListItem\",\"position\":4,\"name\":\"Front\u00e1lis oktat\u00e1s b\u00fatorai\",\"item\":\"https:\/\/alexbutor.hu\/iskolabutor\/kategoriak\/fix-magassagu-iskolai-asztalok-es-szekek\/frontalis-oktatas-butorai\/\"},{\"@type\":\"ListItem\",\"position\":5,\"name\":\"Sz\u00e1m\u00edt\u00f3g\u00e9pasztalok\"}]},{\"@type\":\"WebSite\",\"@id\":\"https:\/\/alexbutor.hu\/iskolabutor\/#website\",\"url\":\"https:\/\/alexbutor.hu\/iskolabutor\/\",\"name\":\"Iskolab\u00fator\",\"description\":\"Minden t\u00e9rben megold\u00e1s\",\"potentialAction\":[{\"@type\":\"SearchAction\",\"target\":{\"@type\":\"EntryPoint\",\"urlTemplate\":\"https:\/\/alexbutor.hu\/iskolabutor\/?s={search_term_string}\"},\"query-input\":{\"@type\":\"PropertyValueSpecification\",\"valueRequired\":true,\"valueName\":\"search_term_string\"}}],\"inLanguage\":\"hu\"}]}<\/script>\n<!-- \/ Yoast SEO plugin. -->","yoast_head_json":{"title":"Sz\u00e1m\u00edt\u00f3g\u00e9pasztalok - Iskolab\u00fator","robots":{"index":"index","follow":"follow","max-snippet":"max-snippet:-1","max-image-preview":"max-image-preview:large","max-video-preview":"max-video-preview:-1"},"canonical":"https:\/\/alexbutor.hu\/iskolabutor\/kategoriak\/fix-magassagu-iskolai-asztalok-es-szekek\/frontalis-oktatas-butorai\/szamitogep-es-specialis-asztalok\/","og_locale":"hu_HU","og_type":"article","og_title":"Sz\u00e1m\u00edt\u00f3g\u00e9pasztalok - Iskolab\u00fator","og_url":"https:\/\/alexbutor.hu\/iskolabutor\/kategoriak\/fix-magassagu-iskolai-asztalok-es-szekek\/frontalis-oktatas-butorai\/szamitogep-es-specialis-asztalok\/","og_site_name":"Iskolab\u00fator","article_modified_time":"2021-03-08T10:32:15+00:00","og_image":[{"width":800,"height":560,"url":"https:\/\/alexbutor.hu\/iskolabutor\/wp-content\/uploads\/2017\/05\/Iskolabutor_02_Frontalis_oktatas_butorai-14_Akadalymentes_butorok.jpg","type":"image\/jpeg"}],"twitter_card":"summary_large_image","schema":{"@context":"https:\/\/schema.org","@graph":[{"@type":"WebPage","@id":"https:\/\/alexbutor.hu\/iskolabutor\/kategoriak\/fix-magassagu-iskolai-asztalok-es-szekek\/frontalis-oktatas-butorai\/szamitogep-es-specialis-asztalok\/","url":"https:\/\/alexbutor.hu\/iskolabutor\/kategoriak\/fix-magassagu-iskolai-asztalok-es-szekek\/frontalis-oktatas-butorai\/szamitogep-es-specialis-asztalok\/","name":"Sz\u00e1m\u00edt\u00f3g\u00e9pasztalok - Iskolab\u00fator","isPartOf":{"@id":"https:\/\/alexbutor.hu\/iskolabutor\/#website"},"primaryImageOfPage":{"@id":"https:\/\/alexbutor.hu\/iskolabutor\/kategoriak\/fix-magassagu-iskolai-asztalok-es-szekek\/frontalis-oktatas-butorai\/szamitogep-es-specialis-asztalok\/#primaryimage"},"image":{"@id":"https:\/\/alexbutor.hu\/iskolabutor\/kategoriak\/fix-magassagu-iskolai-asztalok-es-szekek\/frontalis-oktatas-butorai\/szamitogep-es-specialis-asztalok\/#primaryimage"},"thumbnailUrl":"https:\/\/alexbutor.hu\/iskolabutor\/wp-content\/uploads\/2017\/05\/Iskolabutor_02_Frontalis_oktatas_butorai-14_Akadalymentes_butorok.jpg","datePublished":"2017-05-24T09:49:20+00:00","dateModified":"2021-03-08T10:32:15+00:00","breadcrumb":{"@id":"https:\/\/alexbutor.hu\/iskolabutor\/kategoriak\/fix-magassagu-iskolai-asztalok-es-szekek\/frontalis-oktatas-butorai\/szamitogep-es-specialis-asztalok\/#breadcrumb"},"inLanguage":"hu","potentialAction":[{"@type":"ReadAction","target":["https:\/\/alexbutor.hu\/iskolabutor\/kategoriak\/fix-magassagu-iskolai-asztalok-es-szekek\/frontalis-oktatas-butorai\/szamitogep-es-specialis-asztalok\/"]}]},{"@type":"ImageObject","inLanguage":"hu","@id":"https:\/\/alexbutor.hu\/iskolabutor\/kategoriak\/fix-magassagu-iskolai-asztalok-es-szekek\/frontalis-oktatas-butorai\/szamitogep-es-specialis-asztalok\/#primaryimage","url":"https:\/\/alexbutor.hu\/iskolabutor\/wp-content\/uploads\/2017\/05\/Iskolabutor_02_Frontalis_oktatas_butorai-14_Akadalymentes_butorok.jpg","contentUrl":"https:\/\/alexbutor.hu\/iskolabutor\/wp-content\/uploads\/2017\/05\/Iskolabutor_02_Frontalis_oktatas_butorai-14_Akadalymentes_butorok.jpg","width":800,"height":560},{"@type":"BreadcrumbList","@id":"https:\/\/alexbutor.hu\/iskolabutor\/kategoriak\/fix-magassagu-iskolai-asztalok-es-szekek\/frontalis-oktatas-butorai\/szamitogep-es-specialis-asztalok\/#breadcrumb","itemListElement":[{"@type":"ListItem","position":1,"name":"Home","item":"https:\/\/alexbutor.hu\/iskolabutor\/"},{"@type":"ListItem","position":2,"name":"Term\u00e9kek","item":"https:\/\/alexbutor.hu\/iskolabutor\/kategoriak\/"},{"@type":"ListItem","position":3,"name":"Fix magass\u00e1g\u00fa iskolai asztalok \u00e9s sz\u00e9kek","item":"https:\/\/alexbutor.hu\/iskolabutor\/kategoriak\/fix-magassagu-iskolai-asztalok-es-szekek\/"},{"@type":"ListItem","position":4,"name":"Front\u00e1lis oktat\u00e1s b\u00fatorai","item":"https:\/\/alexbutor.hu\/iskolabutor\/kategoriak\/fix-magassagu-iskolai-asztalok-es-szekek\/frontalis-oktatas-butorai\/"},{"@type":"ListItem","position":5,"name":"Sz\u00e1m\u00edt\u00f3g\u00e9pasztalok"}]},{"@type":"WebSite","@id":"https:\/\/alexbutor.hu\/iskolabutor\/#website","url":"https:\/\/alexbutor.hu\/iskolabutor\/","name":"Iskolab\u00fator","description":"Minden t\u00e9rben megold\u00e1s","potentialAction":[{"@type":"SearchAction","target":{"@type":"EntryPoint","urlTemplate":"https:\/\/alexbutor.hu\/iskolabutor\/?s={search_term_string}"},"query-input":{"@type":"PropertyValueSpecification","valueRequired":true,"valueName":"search_term_string"}}],"inLanguage":"hu"}]}},"_links":{"self":[{"href":"https:\/\/alexbutor.hu\/iskolabutor\/wp-json\/wp\/v2\/pages\/48461"}],"collection":[{"href":"https:\/\/alexbutor.hu\/iskolabutor\/wp-json\/wp\/v2\/pages"}],"about":[{"href":"https:\/\/alexbutor.hu\/iskolabutor\/wp-json\/wp\/v2\/types\/page"}],"author":[{"embeddable":true,"href":"https:\/\/alexbutor.hu\/iskolabutor\/wp-json\/wp\/v2\/users\/3"}],"replies":[{"embeddable":true,"href":"https:\/\/alexbutor.hu\/iskolabutor\/wp-json\/wp\/v2\/comments?post=48461"}],"version-history":[{"count":3,"href":"https:\/\/alexbutor.hu\/iskolabutor\/wp-json\/wp\/v2\/pages\/48461\/revisions"}],"predecessor-version":[{"id":110707,"href":"https:\/\/alexbutor.hu\/iskolabutor\/wp-json\/wp\/v2\/pages\/48461\/revisions\/110707"}],"up":[{"embeddable":true,"href":"https:\/\/alexbutor.hu\/iskolabutor\/wp-json\/wp\/v2\/pages\/48433"}],"wp:featuredmedia":[{"embeddable":true,"href":"https:\/\/alexbutor.hu\/iskolabutor\/wp-json\/wp\/v2\/media\/48972"}],"wp:attachment":[{"href":"https:\/\/alexbutor.hu\/iskolabutor\/wp-json\/wp\/v2\/media?parent=48461"}],"curies":[{"name":"wp","href":"https:\/\/api.w.org\/{rel}","templated":true}]}}