{"id":48467,"date":"2017-05-24T09:50:19","date_gmt":"2017-05-24T09:50:19","guid":{"rendered":"http:\/\/alexbutor.hu\/iskolabutor\/?page_id=48467"},"modified":"2021-03-08T11:33:31","modified_gmt":"2021-03-08T10:33:31","slug":"tanari-asztalok-es-szekek","status":"publish","type":"page","link":"https:\/\/alexbutor.hu\/iskolabutor\/kategoriak\/fix-magassagu-iskolai-asztalok-es-szekek\/tanari-asztalok-es-szekek\/","title":{"rendered":"Tan\u00e1ri asztalok \u00e9s sz\u00e9kek"},"content":{"rendered":"\r\n\t<li class=\"portfolio_item isotope-item\"><div class=\"portfolio_item_holder\"><figure class=\"thumbnail thumbnail__portfolio\"><a href=\"https:\/\/alexbutor.hu\/iskolabutor\/kategoriak\/fix-magassagu-iskolai-asztalok-es-szekek\/tanari-asztalok-es-szekek\/tanari-neveloi-asztalok\/\" class=\"image-wrap\"><img decoding=\"async\" src=\"https:\/\/alexbutor.hu\/iskolabutor\/wp-content\/uploads\/2021\/03\/Kategoria_kepek_800x5608.jpg\" alt=\"Tan\u00e1ri, nevel\u0151i asztalok\"><\/a><\/figure><div class=\"caption caption__portfolio\"><h3><a href=\"https:\/\/alexbutor.hu\/iskolabutor\/kategoriak\/fix-magassagu-iskolai-asztalok-es-szekek\/tanari-asztalok-es-szekek\/tanari-neveloi-asztalok\/\">Tan\u00e1ri, nevel\u0151i asztalok<\/a><\/h3><\/div><\/div><\/li>\n\r\n\t<li class=\"portfolio_item isotope-item\"><div class=\"portfolio_item_holder\"><figure class=\"thumbnail thumbnail__portfolio\"><a href=\"https:\/\/alexbutor.hu\/iskolabutor\/kategoriak\/fix-magassagu-iskolai-asztalok-es-szekek\/tanari-asztalok-es-szekek\/tanari-neveloi-szekek\/\" class=\"image-wrap\"><img decoding=\"async\" src=\"https:\/\/alexbutor.hu\/iskolabutor\/wp-content\/uploads\/2017\/05\/Iskolabutor_02_Frontalis_oktatas_butorai-Tanari_szekek.jpg\" alt=\"Tan\u00e1ri, nevel\u0151i sz\u00e9kek\"><\/a><\/figure><div class=\"caption caption__portfolio\"><h3><a href=\"https:\/\/alexbutor.hu\/iskolabutor\/kategoriak\/fix-magassagu-iskolai-asztalok-es-szekek\/tanari-asztalok-es-szekek\/tanari-neveloi-szekek\/\">Tan\u00e1ri, nevel\u0151i sz\u00e9kek<\/a><\/h3><\/div><\/div><\/li>\n","protected":false},"excerpt":{"rendered":"","protected":false},"author":3,"featured_media":87740,"parent":48411,"menu_order":0,"comment_status":"closed","ping_status":"closed","template":"page-Portfolio2Cols-alexsub.php","meta":{"footnotes":""},"class_list":["post-48467","page","type-page","status-publish","has-post-thumbnail","hentry"],"yoast_head":"<!-- This site is optimized with the Yoast SEO plugin v23.5 - https:\/\/yoast.com\/wordpress\/plugins\/seo\/ -->\n<title>Tan\u00e1ri asztalok \u00e9s sz\u00e9kek - Iskolab\u00fator<\/title>\n<meta name=\"robots\" content=\"index, follow, max-snippet:-1, max-image-preview:large, max-video-preview:-1\" \/>\n<link rel=\"canonical\" href=\"https:\/\/alexbutor.hu\/iskolabutor\/kategoriak\/fix-magassagu-iskolai-asztalok-es-szekek\/tanari-asztalok-es-szekek\/\" \/>\n<meta property=\"og:locale\" content=\"hu_HU\" \/>\n<meta property=\"og:type\" content=\"article\" \/>\n<meta property=\"og:title\" content=\"Tan\u00e1ri asztalok \u00e9s sz\u00e9kek - Iskolab\u00fator\" \/>\n<meta property=\"og:url\" content=\"https:\/\/alexbutor.hu\/iskolabutor\/kategoriak\/fix-magassagu-iskolai-asztalok-es-szekek\/tanari-asztalok-es-szekek\/\" \/>\n<meta property=\"og:site_name\" content=\"Iskolab\u00fator\" \/>\n<meta property=\"article:modified_time\" content=\"2021-03-08T10:33:31+00:00\" \/>\n<meta property=\"og:image\" content=\"https:\/\/alexbutor.hu\/iskolabutor\/wp-content\/uploads\/2018\/06\/TANARI_800x560_kategoria_kep.jpg\" \/>\n\t<meta property=\"og:image:width\" content=\"800\" \/>\n\t<meta property=\"og:image:height\" content=\"560\" \/>\n\t<meta property=\"og:image:type\" content=\"image\/jpeg\" \/>\n<meta name=\"twitter:card\" content=\"summary_large_image\" \/>\n<script type=\"application\/ld+json\" class=\"yoast-schema-graph\">{\"@context\":\"https:\/\/schema.org\",\"@graph\":[{\"@type\":\"WebPage\",\"@id\":\"https:\/\/alexbutor.hu\/iskolabutor\/kategoriak\/fix-magassagu-iskolai-asztalok-es-szekek\/tanari-asztalok-es-szekek\/\",\"url\":\"https:\/\/alexbutor.hu\/iskolabutor\/kategoriak\/fix-magassagu-iskolai-asztalok-es-szekek\/tanari-asztalok-es-szekek\/\",\"name\":\"Tan\u00e1ri asztalok \u00e9s sz\u00e9kek - Iskolab\u00fator\",\"isPartOf\":{\"@id\":\"https:\/\/alexbutor.hu\/iskolabutor\/#website\"},\"primaryImageOfPage\":{\"@id\":\"https:\/\/alexbutor.hu\/iskolabutor\/kategoriak\/fix-magassagu-iskolai-asztalok-es-szekek\/tanari-asztalok-es-szekek\/#primaryimage\"},\"image\":{\"@id\":\"https:\/\/alexbutor.hu\/iskolabutor\/kategoriak\/fix-magassagu-iskolai-asztalok-es-szekek\/tanari-asztalok-es-szekek\/#primaryimage\"},\"thumbnailUrl\":\"https:\/\/alexbutor.hu\/iskolabutor\/wp-content\/uploads\/2018\/06\/TANARI_800x560_kategoria_kep.jpg\",\"datePublished\":\"2017-05-24T09:50:19+00:00\",\"dateModified\":\"2021-03-08T10:33:31+00:00\",\"breadcrumb\":{\"@id\":\"https:\/\/alexbutor.hu\/iskolabutor\/kategoriak\/fix-magassagu-iskolai-asztalok-es-szekek\/tanari-asztalok-es-szekek\/#breadcrumb\"},\"inLanguage\":\"hu\",\"potentialAction\":[{\"@type\":\"ReadAction\",\"target\":[\"https:\/\/alexbutor.hu\/iskolabutor\/kategoriak\/fix-magassagu-iskolai-asztalok-es-szekek\/tanari-asztalok-es-szekek\/\"]}]},{\"@type\":\"ImageObject\",\"inLanguage\":\"hu\",\"@id\":\"https:\/\/alexbutor.hu\/iskolabutor\/kategoriak\/fix-magassagu-iskolai-asztalok-es-szekek\/tanari-asztalok-es-szekek\/#primaryimage\",\"url\":\"https:\/\/alexbutor.hu\/iskolabutor\/wp-content\/uploads\/2018\/06\/TANARI_800x560_kategoria_kep.jpg\",\"contentUrl\":\"https:\/\/alexbutor.hu\/iskolabutor\/wp-content\/uploads\/2018\/06\/TANARI_800x560_kategoria_kep.jpg\",\"width\":800,\"height\":560},{\"@type\":\"BreadcrumbList\",\"@id\":\"https:\/\/alexbutor.hu\/iskolabutor\/kategoriak\/fix-magassagu-iskolai-asztalok-es-szekek\/tanari-asztalok-es-szekek\/#breadcrumb\",\"itemListElement\":[{\"@type\":\"ListItem\",\"position\":1,\"name\":\"Home\",\"item\":\"https:\/\/alexbutor.hu\/iskolabutor\/\"},{\"@type\":\"ListItem\",\"position\":2,\"name\":\"Term\u00e9kek\",\"item\":\"https:\/\/alexbutor.hu\/iskolabutor\/kategoriak\/\"},{\"@type\":\"ListItem\",\"position\":3,\"name\":\"Fix magass\u00e1g\u00fa iskolai asztalok \u00e9s sz\u00e9kek\",\"item\":\"https:\/\/alexbutor.hu\/iskolabutor\/kategoriak\/fix-magassagu-iskolai-asztalok-es-szekek\/\"},{\"@type\":\"ListItem\",\"position\":4,\"name\":\"Tan\u00e1ri asztalok \u00e9s sz\u00e9kek\"}]},{\"@type\":\"WebSite\",\"@id\":\"https:\/\/alexbutor.hu\/iskolabutor\/#website\",\"url\":\"https:\/\/alexbutor.hu\/iskolabutor\/\",\"name\":\"Iskolab\u00fator\",\"description\":\"Minden t\u00e9rben megold\u00e1s\",\"potentialAction\":[{\"@type\":\"SearchAction\",\"target\":{\"@type\":\"EntryPoint\",\"urlTemplate\":\"https:\/\/alexbutor.hu\/iskolabutor\/?s={search_term_string}\"},\"query-input\":{\"@type\":\"PropertyValueSpecification\",\"valueRequired\":true,\"valueName\":\"search_term_string\"}}],\"inLanguage\":\"hu\"}]}<\/script>\n<!-- \/ Yoast SEO plugin. -->","yoast_head_json":{"title":"Tan\u00e1ri asztalok \u00e9s sz\u00e9kek - Iskolab\u00fator","robots":{"index":"index","follow":"follow","max-snippet":"max-snippet:-1","max-image-preview":"max-image-preview:large","max-video-preview":"max-video-preview:-1"},"canonical":"https:\/\/alexbutor.hu\/iskolabutor\/kategoriak\/fix-magassagu-iskolai-asztalok-es-szekek\/tanari-asztalok-es-szekek\/","og_locale":"hu_HU","og_type":"article","og_title":"Tan\u00e1ri asztalok \u00e9s sz\u00e9kek - Iskolab\u00fator","og_url":"https:\/\/alexbutor.hu\/iskolabutor\/kategoriak\/fix-magassagu-iskolai-asztalok-es-szekek\/tanari-asztalok-es-szekek\/","og_site_name":"Iskolab\u00fator","article_modified_time":"2021-03-08T10:33:31+00:00","og_image":[{"width":800,"height":560,"url":"https:\/\/alexbutor.hu\/iskolabutor\/wp-content\/uploads\/2018\/06\/TANARI_800x560_kategoria_kep.jpg","type":"image\/jpeg"}],"twitter_card":"summary_large_image","schema":{"@context":"https:\/\/schema.org","@graph":[{"@type":"WebPage","@id":"https:\/\/alexbutor.hu\/iskolabutor\/kategoriak\/fix-magassagu-iskolai-asztalok-es-szekek\/tanari-asztalok-es-szekek\/","url":"https:\/\/alexbutor.hu\/iskolabutor\/kategoriak\/fix-magassagu-iskolai-asztalok-es-szekek\/tanari-asztalok-es-szekek\/","name":"Tan\u00e1ri asztalok \u00e9s sz\u00e9kek - Iskolab\u00fator","isPartOf":{"@id":"https:\/\/alexbutor.hu\/iskolabutor\/#website"},"primaryImageOfPage":{"@id":"https:\/\/alexbutor.hu\/iskolabutor\/kategoriak\/fix-magassagu-iskolai-asztalok-es-szekek\/tanari-asztalok-es-szekek\/#primaryimage"},"image":{"@id":"https:\/\/alexbutor.hu\/iskolabutor\/kategoriak\/fix-magassagu-iskolai-asztalok-es-szekek\/tanari-asztalok-es-szekek\/#primaryimage"},"thumbnailUrl":"https:\/\/alexbutor.hu\/iskolabutor\/wp-content\/uploads\/2018\/06\/TANARI_800x560_kategoria_kep.jpg","datePublished":"2017-05-24T09:50:19+00:00","dateModified":"2021-03-08T10:33:31+00:00","breadcrumb":{"@id":"https:\/\/alexbutor.hu\/iskolabutor\/kategoriak\/fix-magassagu-iskolai-asztalok-es-szekek\/tanari-asztalok-es-szekek\/#breadcrumb"},"inLanguage":"hu","potentialAction":[{"@type":"ReadAction","target":["https:\/\/alexbutor.hu\/iskolabutor\/kategoriak\/fix-magassagu-iskolai-asztalok-es-szekek\/tanari-asztalok-es-szekek\/"]}]},{"@type":"ImageObject","inLanguage":"hu","@id":"https:\/\/alexbutor.hu\/iskolabutor\/kategoriak\/fix-magassagu-iskolai-asztalok-es-szekek\/tanari-asztalok-es-szekek\/#primaryimage","url":"https:\/\/alexbutor.hu\/iskolabutor\/wp-content\/uploads\/2018\/06\/TANARI_800x560_kategoria_kep.jpg","contentUrl":"https:\/\/alexbutor.hu\/iskolabutor\/wp-content\/uploads\/2018\/06\/TANARI_800x560_kategoria_kep.jpg","width":800,"height":560},{"@type":"BreadcrumbList","@id":"https:\/\/alexbutor.hu\/iskolabutor\/kategoriak\/fix-magassagu-iskolai-asztalok-es-szekek\/tanari-asztalok-es-szekek\/#breadcrumb","itemListElement":[{"@type":"ListItem","position":1,"name":"Home","item":"https:\/\/alexbutor.hu\/iskolabutor\/"},{"@type":"ListItem","position":2,"name":"Term\u00e9kek","item":"https:\/\/alexbutor.hu\/iskolabutor\/kategoriak\/"},{"@type":"ListItem","position":3,"name":"Fix magass\u00e1g\u00fa iskolai asztalok \u00e9s sz\u00e9kek","item":"https:\/\/alexbutor.hu\/iskolabutor\/kategoriak\/fix-magassagu-iskolai-asztalok-es-szekek\/"},{"@type":"ListItem","position":4,"name":"Tan\u00e1ri asztalok \u00e9s sz\u00e9kek"}]},{"@type":"WebSite","@id":"https:\/\/alexbutor.hu\/iskolabutor\/#website","url":"https:\/\/alexbutor.hu\/iskolabutor\/","name":"Iskolab\u00fator","description":"Minden t\u00e9rben megold\u00e1s","potentialAction":[{"@type":"SearchAction","target":{"@type":"EntryPoint","urlTemplate":"https:\/\/alexbutor.hu\/iskolabutor\/?s={search_term_string}"},"query-input":{"@type":"PropertyValueSpecification","valueRequired":true,"valueName":"search_term_string"}}],"inLanguage":"hu"}]}},"_links":{"self":[{"href":"https:\/\/alexbutor.hu\/iskolabutor\/wp-json\/wp\/v2\/pages\/48467"}],"collection":[{"href":"https:\/\/alexbutor.hu\/iskolabutor\/wp-json\/wp\/v2\/pages"}],"about":[{"href":"https:\/\/alexbutor.hu\/iskolabutor\/wp-json\/wp\/v2\/types\/page"}],"author":[{"embeddable":true,"href":"https:\/\/alexbutor.hu\/iskolabutor\/wp-json\/wp\/v2\/users\/3"}],"replies":[{"embeddable":true,"href":"https:\/\/alexbutor.hu\/iskolabutor\/wp-json\/wp\/v2\/comments?post=48467"}],"version-history":[{"count":4,"href":"https:\/\/alexbutor.hu\/iskolabutor\/wp-json\/wp\/v2\/pages\/48467\/revisions"}],"predecessor-version":[{"id":110708,"href":"https:\/\/alexbutor.hu\/iskolabutor\/wp-json\/wp\/v2\/pages\/48467\/revisions\/110708"}],"up":[{"embeddable":true,"href":"https:\/\/alexbutor.hu\/iskolabutor\/wp-json\/wp\/v2\/pages\/48411"}],"wp:featuredmedia":[{"embeddable":true,"href":"https:\/\/alexbutor.hu\/iskolabutor\/wp-json\/wp\/v2\/media\/87740"}],"wp:attachment":[{"href":"https:\/\/alexbutor.hu\/iskolabutor\/wp-json\/wp\/v2\/media?parent=48467"}],"curies":[{"name":"wp","href":"https:\/\/api.w.org\/{rel}","templated":true}]}}