{"id":48473,"date":"2017-05-24T09:51:36","date_gmt":"2017-05-24T09:51:36","guid":{"rendered":"http:\/\/alexbutor.hu\/iskolabutor\/?page_id=48473"},"modified":"2022-04-29T10:25:40","modified_gmt":"2022-04-29T09:25:40","slug":"flex-justy-butorcsalad","status":"publish","type":"page","link":"https:\/\/alexbutor.hu\/iskolabutor\/kategoriak\/allithato-magassagu-iskolai-asztalok-es-szekek\/flex-justy-butorcsalad\/","title":{"rendered":"Flex Justy b\u00fatorcsal\u00e1d"},"content":{"rendered":"<div class=\"yt-row\">\n<div class=\"yt-subrow yt-subrow50\">\n<iframe loading=\"lazy\" width=\"672\" height=\"378\" src=\"https:\/\/www.youtube.com\/embed\/oiU0UrGLGjo\" frameborder=\"0\" allow=\"accelerometer; autoplay; clipboard-write; encrypted-media; gyroscope; picture-in-picture\" allowfullscreen><\/iframe>\n<\/div>\n<div class=\"yt-subrow yt-subrow50\">\n<iframe loading=\"lazy\" width=\"672\" height=\"378\" src=\"https:\/\/www.youtube.com\/embed\/EbCuqHylTw8\" frameborder=\"0\" allow=\"accelerometer; autoplay; clipboard-write; encrypted-media; gyroscope; picture-in-picture\" allowfullscreen><\/iframe>\n<\/div>\n<p style=\"font-size: 18px;line-height: 1.3;margin-top: 20px;\">A tanul\u00e1si tereket \u00fagy kell megtervezni, hogy \u00f6szt\u00f6n\u00f6zz\u00e9k \u00e9s vonz\u00f3v\u00e1 tegy\u00e9k azokat a di\u00e1kok \u00e9s a tan\u00e1rok sz\u00e1m\u00e1ra. A tervez\u00e9s sor\u00e1n fontosnak tartottuk, hogy  kreat\u00edv tervez\u00e9si elemek \u00e9s anyagok felhaszn\u00e1l\u00e1s\u00e1val \u00f6szt\u00f6n\u00f6zz\u00fck a di\u00e1kok \u00e9s a tan\u00e1rok gondolkod\u00e1s\u00e1t.  A Flex Justy b\u00fatorcsal\u00e1d tanul\u00f3i asztalaival \u00e9s sz\u00e9keivel megold\u00e1st biztos\u00edtanak a di\u00e1kok sz\u00e1m\u00e1ra a termen bel\u00fcli k\u00f6nny\u0171 \u00e9s praktikus \u00e1trendez\u00e9si lehet\u0151s\u00e9gek kihaszn\u00e1l\u00e1s\u00e1ra.<\/p>\n<p style=\"font-size: 18px;line-height: 1.3;margin-top: 20px;\">A mai tanul\u00e1si k\u00f6rnyezetnek k\u00e9pesnek kell lennie a tan\u00edt\u00e1si m\u00f3dszerek, a tanul\u00e1si tev\u00e9kenys\u00e9gek \u00e9s hallgat\u00f3i ig\u00e9nyek sz\u00e9les k\u00f6r\u0171 t\u00e1mogat\u00e1s\u00e1ra. Az \u00e1ll\u00edthat\u00f3 magass\u00e1g\u00fa, sorolhat\u00f3 \u00e9s rak\u00e1solhat\u00f3 Flex Justy asztalaink minden ig\u00e9nyt kiel\u00e9g\u00edt\u0151en \u00e1llnak a di\u00e1kok rendelkez\u00e9s\u00e9re.  A tanulm\u00e1nyok egy\u00e9rtelm\u0171 kapcsolatot mutatnak a mozg\u00e1s \u00e9s az eredm\u00e9ny k\u00f6z\u00f6tt.<\/p>\n<\/div>\n","protected":false},"excerpt":{"rendered":"<p>A tanul\u00e1si tereket \u00fagy kell megtervezni, hogy \u00f6szt\u00f6n\u00f6zz\u00e9k \u00e9s vonz\u00f3v\u00e1 tegy\u00e9k azokat a di\u00e1kok \u00e9s a tan\u00e1rok sz\u00e1m\u00e1ra. A tervez\u00e9s sor\u00e1n fontosnak tartottuk, hogy kreat\u00edv tervez\u00e9si elemek \u00e9s anyagok felhaszn\u00e1l\u00e1s\u00e1val \u00f6szt\u00f6n\u00f6zz\u00fck a di\u00e1kok \u00e9s a tan\u00e1rok gondolkod\u00e1s\u00e1t. A Flex Justy b\u00fatorcsal\u00e1d tanul\u00f3i asztalaival \u00e9s sz\u00e9keivel megold\u00e1st biztos\u00edtanak a di\u00e1kok sz\u00e1m\u00e1ra a termen bel\u00fcli k\u00f6nny\u0171 \u00e9s praktikus \u00e1trendez\u00e9si lehet\u0151s\u00e9gek kihaszn\u00e1l\u00e1s\u00e1ra. A&nbsp;<a href=\"https:\/\/alexbutor.hu\/iskolabutor\/kategoriak\/allithato-magassagu-iskolai-asztalok-es-szekek\/flex-justy-butorcsalad\/\" class=\"read-more\">...<\/a><\/p>\n","protected":false},"author":3,"featured_media":48977,"parent":48471,"menu_order":0,"comment_status":"closed","ping_status":"closed","template":"page-Portfolio4Cols-filterable.php","meta":{"footnotes":""},"class_list":["post-48473","page","type-page","status-publish","has-post-thumbnail","hentry"],"yoast_head":"<!-- This site is optimized with the Yoast SEO plugin v23.5 - https:\/\/yoast.com\/wordpress\/plugins\/seo\/ -->\n<title>Flex Justy b\u00fatorcsal\u00e1d - Iskolab\u00fator<\/title>\n<meta name=\"robots\" content=\"index, follow, max-snippet:-1, max-image-preview:large, max-video-preview:-1\" \/>\n<link rel=\"canonical\" href=\"https:\/\/alexbutor.hu\/iskolabutor\/kategoriak\/allithato-magassagu-iskolai-asztalok-es-szekek\/flex-justy-butorcsalad\/\" \/>\n<meta property=\"og:locale\" content=\"hu_HU\" \/>\n<meta property=\"og:type\" content=\"article\" \/>\n<meta property=\"og:title\" content=\"Flex Justy b\u00fatorcsal\u00e1d - Iskolab\u00fator\" \/>\n<meta property=\"og:description\" content=\"A tanul\u00e1si tereket \u00fagy kell megtervezni, hogy \u00f6szt\u00f6n\u00f6zz\u00e9k \u00e9s vonz\u00f3v\u00e1 tegy\u00e9k azokat a di\u00e1kok \u00e9s a tan\u00e1rok sz\u00e1m\u00e1ra. A tervez\u00e9s sor\u00e1n fontosnak tartottuk, hogy kreat\u00edv tervez\u00e9si elemek \u00e9s anyagok felhaszn\u00e1l\u00e1s\u00e1val \u00f6szt\u00f6n\u00f6zz\u00fck a di\u00e1kok \u00e9s a tan\u00e1rok gondolkod\u00e1s\u00e1t. A Flex Justy b\u00fatorcsal\u00e1d tanul\u00f3i asztalaival \u00e9s sz\u00e9keivel megold\u00e1st biztos\u00edtanak a di\u00e1kok sz\u00e1m\u00e1ra a termen bel\u00fcli k\u00f6nny\u0171 \u00e9s praktikus \u00e1trendez\u00e9si lehet\u0151s\u00e9gek kihaszn\u00e1l\u00e1s\u00e1ra. A&nbsp;...\" \/>\n<meta property=\"og:url\" content=\"https:\/\/alexbutor.hu\/iskolabutor\/kategoriak\/allithato-magassagu-iskolai-asztalok-es-szekek\/flex-justy-butorcsalad\/\" \/>\n<meta property=\"og:site_name\" content=\"Iskolab\u00fator\" \/>\n<meta property=\"article:modified_time\" content=\"2022-04-29T09:25:40+00:00\" \/>\n<meta property=\"og:image\" content=\"https:\/\/alexbutor.hu\/iskolabutor\/wp-content\/uploads\/2017\/05\/Iskolabutor_03_01_Ultrafelx_Justy_butorcsalad.jpg\" \/>\n\t<meta property=\"og:image:width\" content=\"800\" \/>\n\t<meta property=\"og:image:height\" content=\"560\" \/>\n\t<meta property=\"og:image:type\" content=\"image\/jpeg\" \/>\n<meta name=\"twitter:card\" content=\"summary_large_image\" \/>\n<meta name=\"twitter:label1\" content=\"Becs\u00fclt olvas\u00e1si id\u0151\" \/>\n\t<meta name=\"twitter:data1\" content=\"1 perc\" \/>\n<script type=\"application\/ld+json\" class=\"yoast-schema-graph\">{\"@context\":\"https:\/\/schema.org\",\"@graph\":[{\"@type\":\"WebPage\",\"@id\":\"https:\/\/alexbutor.hu\/iskolabutor\/kategoriak\/allithato-magassagu-iskolai-asztalok-es-szekek\/flex-justy-butorcsalad\/\",\"url\":\"https:\/\/alexbutor.hu\/iskolabutor\/kategoriak\/allithato-magassagu-iskolai-asztalok-es-szekek\/flex-justy-butorcsalad\/\",\"name\":\"Flex Justy b\u00fatorcsal\u00e1d - Iskolab\u00fator\",\"isPartOf\":{\"@id\":\"https:\/\/alexbutor.hu\/iskolabutor\/#website\"},\"primaryImageOfPage\":{\"@id\":\"https:\/\/alexbutor.hu\/iskolabutor\/kategoriak\/allithato-magassagu-iskolai-asztalok-es-szekek\/flex-justy-butorcsalad\/#primaryimage\"},\"image\":{\"@id\":\"https:\/\/alexbutor.hu\/iskolabutor\/kategoriak\/allithato-magassagu-iskolai-asztalok-es-szekek\/flex-justy-butorcsalad\/#primaryimage\"},\"thumbnailUrl\":\"https:\/\/alexbutor.hu\/iskolabutor\/wp-content\/uploads\/2017\/05\/Iskolabutor_03_01_Ultrafelx_Justy_butorcsalad.jpg\",\"datePublished\":\"2017-05-24T09:51:36+00:00\",\"dateModified\":\"2022-04-29T09:25:40+00:00\",\"breadcrumb\":{\"@id\":\"https:\/\/alexbutor.hu\/iskolabutor\/kategoriak\/allithato-magassagu-iskolai-asztalok-es-szekek\/flex-justy-butorcsalad\/#breadcrumb\"},\"inLanguage\":\"hu\",\"potentialAction\":[{\"@type\":\"ReadAction\",\"target\":[\"https:\/\/alexbutor.hu\/iskolabutor\/kategoriak\/allithato-magassagu-iskolai-asztalok-es-szekek\/flex-justy-butorcsalad\/\"]}]},{\"@type\":\"ImageObject\",\"inLanguage\":\"hu\",\"@id\":\"https:\/\/alexbutor.hu\/iskolabutor\/kategoriak\/allithato-magassagu-iskolai-asztalok-es-szekek\/flex-justy-butorcsalad\/#primaryimage\",\"url\":\"https:\/\/alexbutor.hu\/iskolabutor\/wp-content\/uploads\/2017\/05\/Iskolabutor_03_01_Ultrafelx_Justy_butorcsalad.jpg\",\"contentUrl\":\"https:\/\/alexbutor.hu\/iskolabutor\/wp-content\/uploads\/2017\/05\/Iskolabutor_03_01_Ultrafelx_Justy_butorcsalad.jpg\",\"width\":800,\"height\":560},{\"@type\":\"BreadcrumbList\",\"@id\":\"https:\/\/alexbutor.hu\/iskolabutor\/kategoriak\/allithato-magassagu-iskolai-asztalok-es-szekek\/flex-justy-butorcsalad\/#breadcrumb\",\"itemListElement\":[{\"@type\":\"ListItem\",\"position\":1,\"name\":\"Home\",\"item\":\"https:\/\/alexbutor.hu\/iskolabutor\/\"},{\"@type\":\"ListItem\",\"position\":2,\"name\":\"Term\u00e9kek\",\"item\":\"https:\/\/alexbutor.hu\/iskolabutor\/kategoriak\/\"},{\"@type\":\"ListItem\",\"position\":3,\"name\":\"\u00c1ll\u00edthat\u00f3 magass\u00e1g\u00fa iskolai asztalok \u00e9s sz\u00e9kek\",\"item\":\"https:\/\/alexbutor.hu\/iskolabutor\/kategoriak\/allithato-magassagu-iskolai-asztalok-es-szekek\/\"},{\"@type\":\"ListItem\",\"position\":4,\"name\":\"Flex Justy b\u00fatorcsal\u00e1d\"}]},{\"@type\":\"WebSite\",\"@id\":\"https:\/\/alexbutor.hu\/iskolabutor\/#website\",\"url\":\"https:\/\/alexbutor.hu\/iskolabutor\/\",\"name\":\"Iskolab\u00fator\",\"description\":\"Minden t\u00e9rben megold\u00e1s\",\"potentialAction\":[{\"@type\":\"SearchAction\",\"target\":{\"@type\":\"EntryPoint\",\"urlTemplate\":\"https:\/\/alexbutor.hu\/iskolabutor\/?s={search_term_string}\"},\"query-input\":{\"@type\":\"PropertyValueSpecification\",\"valueRequired\":true,\"valueName\":\"search_term_string\"}}],\"inLanguage\":\"hu\"}]}<\/script>\n<!-- \/ Yoast SEO plugin. -->","yoast_head_json":{"title":"Flex Justy b\u00fatorcsal\u00e1d - Iskolab\u00fator","robots":{"index":"index","follow":"follow","max-snippet":"max-snippet:-1","max-image-preview":"max-image-preview:large","max-video-preview":"max-video-preview:-1"},"canonical":"https:\/\/alexbutor.hu\/iskolabutor\/kategoriak\/allithato-magassagu-iskolai-asztalok-es-szekek\/flex-justy-butorcsalad\/","og_locale":"hu_HU","og_type":"article","og_title":"Flex Justy b\u00fatorcsal\u00e1d - Iskolab\u00fator","og_description":"A tanul\u00e1si tereket \u00fagy kell megtervezni, hogy \u00f6szt\u00f6n\u00f6zz\u00e9k \u00e9s vonz\u00f3v\u00e1 tegy\u00e9k azokat a di\u00e1kok \u00e9s a tan\u00e1rok sz\u00e1m\u00e1ra. A tervez\u00e9s sor\u00e1n fontosnak tartottuk, hogy kreat\u00edv tervez\u00e9si elemek \u00e9s anyagok felhaszn\u00e1l\u00e1s\u00e1val \u00f6szt\u00f6n\u00f6zz\u00fck a di\u00e1kok \u00e9s a tan\u00e1rok gondolkod\u00e1s\u00e1t. A Flex Justy b\u00fatorcsal\u00e1d tanul\u00f3i asztalaival \u00e9s sz\u00e9keivel megold\u00e1st biztos\u00edtanak a di\u00e1kok sz\u00e1m\u00e1ra a termen bel\u00fcli k\u00f6nny\u0171 \u00e9s praktikus \u00e1trendez\u00e9si lehet\u0151s\u00e9gek kihaszn\u00e1l\u00e1s\u00e1ra. A&nbsp;...","og_url":"https:\/\/alexbutor.hu\/iskolabutor\/kategoriak\/allithato-magassagu-iskolai-asztalok-es-szekek\/flex-justy-butorcsalad\/","og_site_name":"Iskolab\u00fator","article_modified_time":"2022-04-29T09:25:40+00:00","og_image":[{"width":800,"height":560,"url":"https:\/\/alexbutor.hu\/iskolabutor\/wp-content\/uploads\/2017\/05\/Iskolabutor_03_01_Ultrafelx_Justy_butorcsalad.jpg","type":"image\/jpeg"}],"twitter_card":"summary_large_image","twitter_misc":{"Becs\u00fclt olvas\u00e1si id\u0151":"1 perc"},"schema":{"@context":"https:\/\/schema.org","@graph":[{"@type":"WebPage","@id":"https:\/\/alexbutor.hu\/iskolabutor\/kategoriak\/allithato-magassagu-iskolai-asztalok-es-szekek\/flex-justy-butorcsalad\/","url":"https:\/\/alexbutor.hu\/iskolabutor\/kategoriak\/allithato-magassagu-iskolai-asztalok-es-szekek\/flex-justy-butorcsalad\/","name":"Flex Justy b\u00fatorcsal\u00e1d - Iskolab\u00fator","isPartOf":{"@id":"https:\/\/alexbutor.hu\/iskolabutor\/#website"},"primaryImageOfPage":{"@id":"https:\/\/alexbutor.hu\/iskolabutor\/kategoriak\/allithato-magassagu-iskolai-asztalok-es-szekek\/flex-justy-butorcsalad\/#primaryimage"},"image":{"@id":"https:\/\/alexbutor.hu\/iskolabutor\/kategoriak\/allithato-magassagu-iskolai-asztalok-es-szekek\/flex-justy-butorcsalad\/#primaryimage"},"thumbnailUrl":"https:\/\/alexbutor.hu\/iskolabutor\/wp-content\/uploads\/2017\/05\/Iskolabutor_03_01_Ultrafelx_Justy_butorcsalad.jpg","datePublished":"2017-05-24T09:51:36+00:00","dateModified":"2022-04-29T09:25:40+00:00","breadcrumb":{"@id":"https:\/\/alexbutor.hu\/iskolabutor\/kategoriak\/allithato-magassagu-iskolai-asztalok-es-szekek\/flex-justy-butorcsalad\/#breadcrumb"},"inLanguage":"hu","potentialAction":[{"@type":"ReadAction","target":["https:\/\/alexbutor.hu\/iskolabutor\/kategoriak\/allithato-magassagu-iskolai-asztalok-es-szekek\/flex-justy-butorcsalad\/"]}]},{"@type":"ImageObject","inLanguage":"hu","@id":"https:\/\/alexbutor.hu\/iskolabutor\/kategoriak\/allithato-magassagu-iskolai-asztalok-es-szekek\/flex-justy-butorcsalad\/#primaryimage","url":"https:\/\/alexbutor.hu\/iskolabutor\/wp-content\/uploads\/2017\/05\/Iskolabutor_03_01_Ultrafelx_Justy_butorcsalad.jpg","contentUrl":"https:\/\/alexbutor.hu\/iskolabutor\/wp-content\/uploads\/2017\/05\/Iskolabutor_03_01_Ultrafelx_Justy_butorcsalad.jpg","width":800,"height":560},{"@type":"BreadcrumbList","@id":"https:\/\/alexbutor.hu\/iskolabutor\/kategoriak\/allithato-magassagu-iskolai-asztalok-es-szekek\/flex-justy-butorcsalad\/#breadcrumb","itemListElement":[{"@type":"ListItem","position":1,"name":"Home","item":"https:\/\/alexbutor.hu\/iskolabutor\/"},{"@type":"ListItem","position":2,"name":"Term\u00e9kek","item":"https:\/\/alexbutor.hu\/iskolabutor\/kategoriak\/"},{"@type":"ListItem","position":3,"name":"\u00c1ll\u00edthat\u00f3 magass\u00e1g\u00fa iskolai asztalok \u00e9s sz\u00e9kek","item":"https:\/\/alexbutor.hu\/iskolabutor\/kategoriak\/allithato-magassagu-iskolai-asztalok-es-szekek\/"},{"@type":"ListItem","position":4,"name":"Flex Justy b\u00fatorcsal\u00e1d"}]},{"@type":"WebSite","@id":"https:\/\/alexbutor.hu\/iskolabutor\/#website","url":"https:\/\/alexbutor.hu\/iskolabutor\/","name":"Iskolab\u00fator","description":"Minden t\u00e9rben megold\u00e1s","potentialAction":[{"@type":"SearchAction","target":{"@type":"EntryPoint","urlTemplate":"https:\/\/alexbutor.hu\/iskolabutor\/?s={search_term_string}"},"query-input":{"@type":"PropertyValueSpecification","valueRequired":true,"valueName":"search_term_string"}}],"inLanguage":"hu"}]}},"_links":{"self":[{"href":"https:\/\/alexbutor.hu\/iskolabutor\/wp-json\/wp\/v2\/pages\/48473"}],"collection":[{"href":"https:\/\/alexbutor.hu\/iskolabutor\/wp-json\/wp\/v2\/pages"}],"about":[{"href":"https:\/\/alexbutor.hu\/iskolabutor\/wp-json\/wp\/v2\/types\/page"}],"author":[{"embeddable":true,"href":"https:\/\/alexbutor.hu\/iskolabutor\/wp-json\/wp\/v2\/users\/3"}],"replies":[{"embeddable":true,"href":"https:\/\/alexbutor.hu\/iskolabutor\/wp-json\/wp\/v2\/comments?post=48473"}],"version-history":[{"count":3,"href":"https:\/\/alexbutor.hu\/iskolabutor\/wp-json\/wp\/v2\/pages\/48473\/revisions"}],"predecessor-version":[{"id":120454,"href":"https:\/\/alexbutor.hu\/iskolabutor\/wp-json\/wp\/v2\/pages\/48473\/revisions\/120454"}],"up":[{"embeddable":true,"href":"https:\/\/alexbutor.hu\/iskolabutor\/wp-json\/wp\/v2\/pages\/48471"}],"wp:featuredmedia":[{"embeddable":true,"href":"https:\/\/alexbutor.hu\/iskolabutor\/wp-json\/wp\/v2\/media\/48977"}],"wp:attachment":[{"href":"https:\/\/alexbutor.hu\/iskolabutor\/wp-json\/wp\/v2\/media?parent=48473"}],"curies":[{"name":"wp","href":"https:\/\/api.w.org\/{rel}","templated":true}]}}