{"id":48491,"date":"2017-05-24T09:54:42","date_gmt":"2017-05-24T09:54:42","guid":{"rendered":"http:\/\/alexbutor.hu\/iskolabutor\/?page_id=48491"},"modified":"2023-01-25T15:41:21","modified_gmt":"2023-01-25T14:41:21","slug":"iskolai-szekrenyek","status":"publish","type":"page","link":"https:\/\/alexbutor.hu\/iskolabutor\/kategoriak\/iskolai-szekrenyek\/","title":{"rendered":"Iskolai szekr\u00e9nyek"},"content":{"rendered":"\r\n\t<li class=\"portfolio_item isotope-item\"><div class=\"portfolio_item_holder\"><figure class=\"thumbnail thumbnail__portfolio\"><a href=\"https:\/\/alexbutor.hu\/iskolabutor\/kategoriak\/iskolai-szekrenyek\/klasszikus-szekrenyek\/\" class=\"image-wrap\"><img decoding=\"async\" src=\"https:\/\/alexbutor.hu\/iskolabutor\/wp-content\/uploads\/2021\/03\/0ba1b83b-e6fc-4e0e-8afd-3d12f7fc5708.gif\" alt=\"Klasszikus szekr\u00e9nyek\"><\/a><\/figure><div class=\"caption caption__portfolio\"><h3><a href=\"https:\/\/alexbutor.hu\/iskolabutor\/kategoriak\/iskolai-szekrenyek\/klasszikus-szekrenyek\/\">Klasszikus szekr\u00e9nyek<\/a><\/h3><\/div><\/div><\/li>\n\r\n\t<li class=\"portfolio_item isotope-item\"><div class=\"portfolio_item_holder\"><figure class=\"thumbnail thumbnail__portfolio\"><a href=\"https:\/\/alexbutor.hu\/iskolabutor\/kategoriak\/iskolai-szekrenyek\/flex-szekrenyek\/\" class=\"image-wrap\"><img decoding=\"async\" src=\"https:\/\/alexbutor.hu\/iskolabutor\/wp-content\/uploads\/2021\/03\/ezgif.com-gif-maker.gif\" alt=\"Flex szekr\u00e9nyek\"><\/a><\/figure><div class=\"caption caption__portfolio\"><h3><a href=\"https:\/\/alexbutor.hu\/iskolabutor\/kategoriak\/iskolai-szekrenyek\/flex-szekrenyek\/\">Flex szekr\u00e9nyek<\/a><\/h3><\/div><\/div><\/li>\n\r\n\t<li class=\"portfolio_item isotope-item\"><div class=\"portfolio_item_holder\"><figure class=\"thumbnail thumbnail__portfolio\"><a href=\"https:\/\/alexbutor.hu\/irodabutor\/kategoriak\/tarolo-butorok\/cube-locker\/\" class=\"image-wrap\" target=\"_blank\"><img decoding=\"async\" src=\"https:\/\/alexbutor.hu\/iskolabutor\/wp-content\/uploads\/2023\/01\/cubekategoria.jpg\" alt=\"Cube Locker\"><\/a><\/figure><div class=\"caption caption__portfolio\"><h3><a href=\"https:\/\/alexbutor.hu\/irodabutor\/kategoriak\/tarolo-butorok\/cube-locker\/\" target=\"_blank\">Cube Locker<\/a><\/h3><\/div><\/div><\/li>\n\r\n\t<li class=\"portfolio_item isotope-item\"><div class=\"portfolio_item_holder\"><figure class=\"thumbnail thumbnail__portfolio\"><a href=\"https:\/\/alexbutor.hu\/iskolabutor\/kategoriak\/iskolai-szekrenyek\/antimikrobialis-tarolok\/\" class=\"image-wrap\"><img decoding=\"async\" src=\"https:\/\/alexbutor.hu\/iskolabutor\/wp-content\/uploads\/2020\/07\/Kategoria_Gratnells_800x560.jpg\" alt=\"Antimikrobi\u00e1lis t\u00e1rol\u00f3k\"><\/a><\/figure><div class=\"caption caption__portfolio\"><h3><a href=\"https:\/\/alexbutor.hu\/iskolabutor\/kategoriak\/iskolai-szekrenyek\/antimikrobialis-tarolok\/\">Antimikrobi\u00e1lis t\u00e1rol\u00f3k<\/a><\/h3><\/div><\/div><\/li>\n\r\n\t<li class=\"portfolio_item isotope-item\"><div class=\"portfolio_item_holder\"><figure class=\"thumbnail thumbnail__portfolio\"><a href=\"https:\/\/alexbutor.hu\/iskolabutor\/kategoriak\/iskolai-szekrenyek\/ertekmegorzok\/\" class=\"image-wrap\" target=\"_blank\"><img decoding=\"async\" src=\"https:\/\/alexbutor.hu\/iskolabutor\/wp-content\/uploads\/2021\/03\/Kategoria_kepek_800x56010.jpg\" alt=\"\u00c9rt\u00e9kmeg\u0151rz\u0151k\"><\/a><\/figure><div class=\"caption caption__portfolio\"><h3><a href=\"https:\/\/alexbutor.hu\/iskolabutor\/kategoriak\/iskolai-szekrenyek\/ertekmegorzok\/\" target=\"_blank\">\u00c9rt\u00e9kmeg\u0151rz\u0151k<\/a><\/h3><\/div><\/div><\/li>\n\r\n\t<li class=\"portfolio_item isotope-item\"><div class=\"portfolio_item_holder\"><figure class=\"thumbnail thumbnail__portfolio\"><a href=\"https:\/\/alexbutor.hu\/iskolabutor\/kategoriak\/szaktantermi-butorok\/termeszettudomanyos-oktatas-butorai\/vegyszerszekrenyek\/\" class=\"image-wrap\"><img decoding=\"async\" src=\"https:\/\/alexbutor.hu\/iskolabutor\/wp-content\/uploads\/2017\/05\/Iskolabutor_06_Termeszettudomanyos_oktatas_butorai-02_labor_es_vegyszerszekrenyek.jpg\" alt=\"Vegyszerszekr\u00e9nyek\"><\/a><\/figure><div class=\"caption caption__portfolio\"><h3><a href=\"https:\/\/alexbutor.hu\/iskolabutor\/kategoriak\/szaktantermi-butorok\/termeszettudomanyos-oktatas-butorai\/vegyszerszekrenyek\/\">Vegyszerszekr\u00e9nyek<\/a><\/h3><\/div><\/div><\/li>\n\r\n\t<li class=\"portfolio_item isotope-item\"><div class=\"portfolio_item_holder\"><figure class=\"thumbnail thumbnail__portfolio\"><a href=\"https:\/\/alexbutor.hu\/iskolabutor\/kategoriak\/szaktantermi-butorok\/termeszettudomanyos-oktatas-butorai\/femszekrenyek-es-ugp-polcok\/\" class=\"image-wrap\"><img decoding=\"async\" src=\"https:\/\/alexbutor.hu\/iskolabutor\/wp-content\/uploads\/2017\/05\/Iskolabutor_06_Termeszettudomanyos_oktatas_butorai-02_labor_es_vegyszerszekrenyek.jpg\" alt=\"F\u00e9mszekr\u00e9nyek \u00e9s UGP polcok\"><\/a><\/figure><div class=\"caption caption__portfolio\"><h3><a href=\"https:\/\/alexbutor.hu\/iskolabutor\/kategoriak\/szaktantermi-butorok\/termeszettudomanyos-oktatas-butorai\/femszekrenyek-es-ugp-polcok\/\">F\u00e9mszekr\u00e9nyek \u00e9s UGP polcok<\/a><\/h3><\/div><\/div><\/li>\n\r\n\t<li class=\"portfolio_item isotope-item\"><div class=\"portfolio_item_holder\"><figure class=\"thumbnail thumbnail__portfolio\"><a href=\"https:\/\/alexbutor.hu\/iskolabutor\/kategoriak\/iskolai-szekrenyek\/uvegvitrinek\/\" class=\"image-wrap\"><img decoding=\"async\" src=\"https:\/\/alexbutor.hu\/iskolabutor\/wp-content\/uploads\/2017\/05\/Iskolabutor_04_04_Uvegvitrinek.jpg\" alt=\"\u00dcvegvitrinek\"><\/a><\/figure><div class=\"caption caption__portfolio\"><h3><a href=\"https:\/\/alexbutor.hu\/iskolabutor\/kategoriak\/iskolai-szekrenyek\/uvegvitrinek\/\">\u00dcvegvitrinek<\/a><\/h3><\/div><\/div><\/li>\n\r\n\t<li class=\"portfolio_item isotope-item\"><div class=\"portfolio_item_holder\"><figure class=\"thumbnail thumbnail__portfolio\"><a href=\"https:\/\/alexbutor.hu\/iskolabutor\/kategoriak\/iskolai-szekrenyek\/szallito-es-mediakocsik\/\" class=\"image-wrap\"><img decoding=\"async\" src=\"https:\/\/alexbutor.hu\/iskolabutor\/wp-content\/uploads\/2017\/05\/Iskolabutor_04_05_Szallito_es_mediakocsik-00.jpg\" alt=\"Sz\u00e1ll\u00edt\u00f3kocsik \u00e9s t\u00e1rol\u00f3dobozok\"><\/a><\/figure><div class=\"caption caption__portfolio\"><h3><a href=\"https:\/\/alexbutor.hu\/iskolabutor\/kategoriak\/iskolai-szekrenyek\/szallito-es-mediakocsik\/\">Sz\u00e1ll\u00edt\u00f3kocsik \u00e9s t\u00e1rol\u00f3dobozok<\/a><\/h3><\/div><\/div><\/li>\n\r\n\t<li class=\"portfolio_item isotope-item\"><div class=\"portfolio_item_holder\"><figure class=\"thumbnail thumbnail__portfolio\"><a href=\"https:\/\/alexbutor.hu\/oltozobutor\/kategoriak\/oltozoszekreny\/\" class=\"image-wrap\"><img decoding=\"async\" src=\"https:\/\/alexbutor.hu\/iskolabutor\/wp-content\/uploads\/2017\/05\/Iskolabutor_15_08_Oltozoszekrenyek.jpg\" alt=\"\u00d6lt\u00f6z\u0151szekr\u00e9nyek\"><\/a><\/figure><div class=\"caption caption__portfolio\"><h3><a href=\"https:\/\/alexbutor.hu\/oltozobutor\/kategoriak\/oltozoszekreny\/\">\u00d6lt\u00f6z\u0151szekr\u00e9nyek<\/a><\/h3><\/div><\/div><\/li>\n\r\n\t<li class=\"portfolio_item isotope-item\"><div class=\"portfolio_item_holder\"><figure class=\"thumbnail thumbnail__portfolio\"><a href=\"https:\/\/alexbutor.hu\/oltozobutor\/kategoriak\/oltozopad\/\" class=\"image-wrap\"><img decoding=\"async\" src=\"https:\/\/alexbutor.hu\/iskolabutor\/wp-content\/uploads\/2017\/05\/Iskolabutor_15_09_Oltozopadok.jpg\" alt=\"\u00d6lt\u00f6z\u0151padok\"><\/a><\/figure><div class=\"caption caption__portfolio\"><h3><a href=\"https:\/\/alexbutor.hu\/oltozobutor\/kategoriak\/oltozopad\/\">\u00d6lt\u00f6z\u0151padok<\/a><\/h3><\/div><\/div><\/li>\n\r\n\t<li class=\"portfolio_item isotope-item\"><div class=\"portfolio_item_holder\"><figure class=\"thumbnail thumbnail__portfolio\"><a href=\"https:\/\/alexbutor.hu\/iskolabutor\/kategoriak\/iskolai-szekrenyek\/polcok-polc-rendszerek\/\" class=\"image-wrap\"><img decoding=\"async\" src=\"https:\/\/alexbutor.hu\/iskolabutor\/wp-content\/uploads\/2018\/02\/Iskolabutor_Polcok-Polcrendszerek.jpg\" alt=\"Polcok, polc rendszerek\"><\/a><\/figure><div class=\"caption caption__portfolio\"><h3><a href=\"https:\/\/alexbutor.hu\/iskolabutor\/kategoriak\/iskolai-szekrenyek\/polcok-polc-rendszerek\/\">Polcok, polc rendszerek<\/a><\/h3><\/div><\/div><\/li>\n","protected":false},"excerpt":{"rendered":"","protected":false},"author":3,"featured_media":0,"parent":9,"menu_order":0,"comment_status":"closed","ping_status":"closed","template":"page-Portfolio2Cols-alexsub.php","meta":{"footnotes":""},"class_list":["post-48491","page","type-page","status-publish","hentry"],"yoast_head":"<!-- This site is optimized with the Yoast SEO plugin v23.5 - https:\/\/yoast.com\/wordpress\/plugins\/seo\/ -->\n<title>Iskolai szekr\u00e9nyek - Iskolab\u00fator<\/title>\n<meta name=\"robots\" content=\"index, follow, max-snippet:-1, max-image-preview:large, max-video-preview:-1\" \/>\n<link rel=\"canonical\" href=\"https:\/\/alexbutor.hu\/iskolabutor\/kategoriak\/iskolai-szekrenyek\/\" \/>\n<meta property=\"og:locale\" content=\"hu_HU\" \/>\n<meta property=\"og:type\" content=\"article\" \/>\n<meta property=\"og:title\" content=\"Iskolai szekr\u00e9nyek - Iskolab\u00fator\" \/>\n<meta property=\"og:url\" content=\"https:\/\/alexbutor.hu\/iskolabutor\/kategoriak\/iskolai-szekrenyek\/\" \/>\n<meta property=\"og:site_name\" content=\"Iskolab\u00fator\" \/>\n<meta property=\"article:modified_time\" content=\"2023-01-25T14:41:21+00:00\" \/>\n<meta name=\"twitter:card\" content=\"summary_large_image\" \/>\n<meta name=\"twitter:label1\" content=\"Becs\u00fclt olvas\u00e1si id\u0151\" \/>\n\t<meta name=\"twitter:data1\" content=\"2 perc\" \/>\n<script type=\"application\/ld+json\" class=\"yoast-schema-graph\">{\"@context\":\"https:\/\/schema.org\",\"@graph\":[{\"@type\":\"WebPage\",\"@id\":\"https:\/\/alexbutor.hu\/iskolabutor\/kategoriak\/iskolai-szekrenyek\/\",\"url\":\"https:\/\/alexbutor.hu\/iskolabutor\/kategoriak\/iskolai-szekrenyek\/\",\"name\":\"Iskolai szekr\u00e9nyek - Iskolab\u00fator\",\"isPartOf\":{\"@id\":\"https:\/\/alexbutor.hu\/iskolabutor\/#website\"},\"datePublished\":\"2017-05-24T09:54:42+00:00\",\"dateModified\":\"2023-01-25T14:41:21+00:00\",\"breadcrumb\":{\"@id\":\"https:\/\/alexbutor.hu\/iskolabutor\/kategoriak\/iskolai-szekrenyek\/#breadcrumb\"},\"inLanguage\":\"hu\",\"potentialAction\":[{\"@type\":\"ReadAction\",\"target\":[\"https:\/\/alexbutor.hu\/iskolabutor\/kategoriak\/iskolai-szekrenyek\/\"]}]},{\"@type\":\"BreadcrumbList\",\"@id\":\"https:\/\/alexbutor.hu\/iskolabutor\/kategoriak\/iskolai-szekrenyek\/#breadcrumb\",\"itemListElement\":[{\"@type\":\"ListItem\",\"position\":1,\"name\":\"Home\",\"item\":\"https:\/\/alexbutor.hu\/iskolabutor\/\"},{\"@type\":\"ListItem\",\"position\":2,\"name\":\"Term\u00e9kek\",\"item\":\"https:\/\/alexbutor.hu\/iskolabutor\/kategoriak\/\"},{\"@type\":\"ListItem\",\"position\":3,\"name\":\"Iskolai szekr\u00e9nyek\"}]},{\"@type\":\"WebSite\",\"@id\":\"https:\/\/alexbutor.hu\/iskolabutor\/#website\",\"url\":\"https:\/\/alexbutor.hu\/iskolabutor\/\",\"name\":\"Iskolab\u00fator\",\"description\":\"Minden t\u00e9rben megold\u00e1s\",\"potentialAction\":[{\"@type\":\"SearchAction\",\"target\":{\"@type\":\"EntryPoint\",\"urlTemplate\":\"https:\/\/alexbutor.hu\/iskolabutor\/?s={search_term_string}\"},\"query-input\":{\"@type\":\"PropertyValueSpecification\",\"valueRequired\":true,\"valueName\":\"search_term_string\"}}],\"inLanguage\":\"hu\"}]}<\/script>\n<!-- \/ Yoast SEO plugin. -->","yoast_head_json":{"title":"Iskolai szekr\u00e9nyek - Iskolab\u00fator","robots":{"index":"index","follow":"follow","max-snippet":"max-snippet:-1","max-image-preview":"max-image-preview:large","max-video-preview":"max-video-preview:-1"},"canonical":"https:\/\/alexbutor.hu\/iskolabutor\/kategoriak\/iskolai-szekrenyek\/","og_locale":"hu_HU","og_type":"article","og_title":"Iskolai szekr\u00e9nyek - Iskolab\u00fator","og_url":"https:\/\/alexbutor.hu\/iskolabutor\/kategoriak\/iskolai-szekrenyek\/","og_site_name":"Iskolab\u00fator","article_modified_time":"2023-01-25T14:41:21+00:00","twitter_card":"summary_large_image","twitter_misc":{"Becs\u00fclt olvas\u00e1si id\u0151":"2 perc"},"schema":{"@context":"https:\/\/schema.org","@graph":[{"@type":"WebPage","@id":"https:\/\/alexbutor.hu\/iskolabutor\/kategoriak\/iskolai-szekrenyek\/","url":"https:\/\/alexbutor.hu\/iskolabutor\/kategoriak\/iskolai-szekrenyek\/","name":"Iskolai szekr\u00e9nyek - Iskolab\u00fator","isPartOf":{"@id":"https:\/\/alexbutor.hu\/iskolabutor\/#website"},"datePublished":"2017-05-24T09:54:42+00:00","dateModified":"2023-01-25T14:41:21+00:00","breadcrumb":{"@id":"https:\/\/alexbutor.hu\/iskolabutor\/kategoriak\/iskolai-szekrenyek\/#breadcrumb"},"inLanguage":"hu","potentialAction":[{"@type":"ReadAction","target":["https:\/\/alexbutor.hu\/iskolabutor\/kategoriak\/iskolai-szekrenyek\/"]}]},{"@type":"BreadcrumbList","@id":"https:\/\/alexbutor.hu\/iskolabutor\/kategoriak\/iskolai-szekrenyek\/#breadcrumb","itemListElement":[{"@type":"ListItem","position":1,"name":"Home","item":"https:\/\/alexbutor.hu\/iskolabutor\/"},{"@type":"ListItem","position":2,"name":"Term\u00e9kek","item":"https:\/\/alexbutor.hu\/iskolabutor\/kategoriak\/"},{"@type":"ListItem","position":3,"name":"Iskolai szekr\u00e9nyek"}]},{"@type":"WebSite","@id":"https:\/\/alexbutor.hu\/iskolabutor\/#website","url":"https:\/\/alexbutor.hu\/iskolabutor\/","name":"Iskolab\u00fator","description":"Minden t\u00e9rben megold\u00e1s","potentialAction":[{"@type":"SearchAction","target":{"@type":"EntryPoint","urlTemplate":"https:\/\/alexbutor.hu\/iskolabutor\/?s={search_term_string}"},"query-input":{"@type":"PropertyValueSpecification","valueRequired":true,"valueName":"search_term_string"}}],"inLanguage":"hu"}]}},"_links":{"self":[{"href":"https:\/\/alexbutor.hu\/iskolabutor\/wp-json\/wp\/v2\/pages\/48491"}],"collection":[{"href":"https:\/\/alexbutor.hu\/iskolabutor\/wp-json\/wp\/v2\/pages"}],"about":[{"href":"https:\/\/alexbutor.hu\/iskolabutor\/wp-json\/wp\/v2\/types\/page"}],"author":[{"embeddable":true,"href":"https:\/\/alexbutor.hu\/iskolabutor\/wp-json\/wp\/v2\/users\/3"}],"replies":[{"embeddable":true,"href":"https:\/\/alexbutor.hu\/iskolabutor\/wp-json\/wp\/v2\/comments?post=48491"}],"version-history":[{"count":4,"href":"https:\/\/alexbutor.hu\/iskolabutor\/wp-json\/wp\/v2\/pages\/48491\/revisions"}],"predecessor-version":[{"id":122769,"href":"https:\/\/alexbutor.hu\/iskolabutor\/wp-json\/wp\/v2\/pages\/48491\/revisions\/122769"}],"up":[{"embeddable":true,"href":"https:\/\/alexbutor.hu\/iskolabutor\/wp-json\/wp\/v2\/pages\/9"}],"wp:attachment":[{"href":"https:\/\/alexbutor.hu\/iskolabutor\/wp-json\/wp\/v2\/media?parent=48491"}],"curies":[{"name":"wp","href":"https:\/\/api.w.org\/{rel}","templated":true}]}}