{"id":48509,"date":"2017-05-24T09:57:43","date_gmt":"2017-05-24T09:57:43","guid":{"rendered":"http:\/\/alexbutor.hu\/iskolabutor\/?page_id=48509"},"modified":"2017-05-27T08:15:53","modified_gmt":"2017-05-27T08:15:53","slug":"iskolatablak","status":"publish","type":"page","link":"https:\/\/alexbutor.hu\/iskolabutor\/kategoriak\/iskolatablak\/","title":{"rendered":"Iskolat\u00e1bl\u00e1k"},"content":{"rendered":"\r\n\t<li class=\"portfolio_item isotope-item\"><div class=\"portfolio_item_holder\"><figure class=\"thumbnail thumbnail__portfolio\"><a href=\"https:\/\/alexbutor.hu\/iskolabutor\/kategoriak\/iskolatablak\/classic-falitabla\/\" class=\"image-wrap\"><img decoding=\"async\" src=\"https:\/\/alexbutor.hu\/iskolabutor\/wp-content\/uploads\/2017\/05\/Iskolabutor_05_01_Classic_falitabla.jpg\" alt=\"Classic falit\u00e1bla\"><\/a><\/figure><div class=\"caption caption__portfolio\"><h3><a href=\"https:\/\/alexbutor.hu\/iskolabutor\/kategoriak\/iskolatablak\/classic-falitabla\/\">Classic falit\u00e1bla<\/a><\/h3><\/div><\/div><\/li>\n\r\n\t<li class=\"portfolio_item isotope-item\"><div class=\"portfolio_item_holder\"><figure class=\"thumbnail thumbnail__portfolio\"><a href=\"https:\/\/alexbutor.hu\/iskolabutor\/kategoriak\/iskolatablak\/vario-falitabla\/\" class=\"image-wrap\"><img decoding=\"async\" src=\"https:\/\/alexbutor.hu\/iskolabutor\/wp-content\/uploads\/2017\/05\/Iskolabutor_05_02_Vario_falitabla.jpg\" alt=\"Vari\u00f3 falit\u00e1bla\"><\/a><\/figure><div class=\"caption caption__portfolio\"><h3><a href=\"https:\/\/alexbutor.hu\/iskolabutor\/kategoriak\/iskolatablak\/vario-falitabla\/\">Vari\u00f3 falit\u00e1bla<\/a><\/h3><\/div><\/div><\/li>\n\r\n\t<li class=\"portfolio_item isotope-item\"><div class=\"portfolio_item_holder\"><figure class=\"thumbnail thumbnail__portfolio\"><a href=\"https:\/\/alexbutor.hu\/iskolabutor\/kategoriak\/iskolatablak\/vario-fuggolegesen-mozgathato-fali-tabla\/\" class=\"image-wrap\"><img decoding=\"async\" src=\"https:\/\/alexbutor.hu\/iskolabutor\/wp-content\/uploads\/2017\/05\/Iskolabutor_05_03_Vario_fuggolegesen_mozgathato_falitabla.jpg\" alt=\"Vari\u00f3 f\u00fcgg\u0151legesen mozgathat\u00f3 fali t\u00e1bla\"><\/a><\/figure><div class=\"caption caption__portfolio\"><h3><a href=\"https:\/\/alexbutor.hu\/iskolabutor\/kategoriak\/iskolatablak\/vario-fuggolegesen-mozgathato-fali-tabla\/\">Vari\u00f3 f\u00fcgg\u0151legesen mozgathat\u00f3 fali t\u00e1bla<\/a><\/h3><\/div><\/div><\/li>\n\r\n\t<li class=\"portfolio_item isotope-item\"><div class=\"portfolio_item_holder\"><figure class=\"thumbnail thumbnail__portfolio\"><a href=\"https:\/\/alexbutor.hu\/iskolabutor\/kategoriak\/iskolatablak\/tablaallvanyok\/\" class=\"image-wrap\"><img decoding=\"async\" src=\"https:\/\/alexbutor.hu\/iskolabutor\/wp-content\/uploads\/2017\/05\/Iskolabutor_05_04_Tablaallvanyok.jpg\" alt=\"T\u00e1bla\u00e1llv\u00e1nyok\"><\/a><\/figure><div class=\"caption caption__portfolio\"><h3><a href=\"https:\/\/alexbutor.hu\/iskolabutor\/kategoriak\/iskolatablak\/tablaallvanyok\/\">T\u00e1bla\u00e1llv\u00e1nyok<\/a><\/h3><\/div><\/div><\/li>\n\r\n\t<li class=\"portfolio_item isotope-item\"><div class=\"portfolio_item_holder\"><figure class=\"thumbnail thumbnail__portfolio\"><a href=\"https:\/\/alexbutor.hu\/iskolabutor\/kategoriak\/iskolatablak\/vario-ellensulyos-oszlopallvanyos-tabla\/\" class=\"image-wrap\"><img decoding=\"async\" src=\"https:\/\/alexbutor.hu\/iskolabutor\/wp-content\/uploads\/2017\/05\/Iskolabutor_05_05_Vario_ellensulyos_oszlopallvanyos_tabla.jpg\" alt=\"Vario ellens\u00falyos oszlop\u00e1llv\u00e1nyos t\u00e1bla\"><\/a><\/figure><div class=\"caption caption__portfolio\"><h3><a href=\"https:\/\/alexbutor.hu\/iskolabutor\/kategoriak\/iskolatablak\/vario-ellensulyos-oszlopallvanyos-tabla\/\">Vario ellens\u00falyos oszlop\u00e1llv\u00e1nyos t\u00e1bla<\/a><\/h3><\/div><\/div><\/li>\n\r\n\t<li class=\"portfolio_item isotope-item\"><div class=\"portfolio_item_holder\"><figure class=\"thumbnail thumbnail__portfolio\"><a href=\"https:\/\/alexbutor.hu\/iskolabutor\/kategoriak\/iskolatablak\/fuggetlen-es-ellenmozgo-oszlopallvanyos-tabla\/\" class=\"image-wrap\"><img decoding=\"async\" src=\"https:\/\/alexbutor.hu\/iskolabutor\/wp-content\/uploads\/2017\/05\/Iskolabutor_05_06_Fuggetlen_es_ellenmozgo_oszlopallvanyos_tabla.jpg\" alt=\"F\u00fcggetlen- \u00e9s ellenmozg\u00f3 oszlop\u00e1llv\u00e1nyos t\u00e1bla\"><\/a><\/figure><div class=\"caption caption__portfolio\"><h3><a href=\"https:\/\/alexbutor.hu\/iskolabutor\/kategoriak\/iskolatablak\/fuggetlen-es-ellenmozgo-oszlopallvanyos-tabla\/\">F\u00fcggetlen- \u00e9s ellenmozg\u00f3 oszlop\u00e1llv\u00e1nyos t\u00e1bla<\/a><\/h3><\/div><\/div><\/li>\n\r\n\t<li class=\"portfolio_item isotope-item\"><div class=\"portfolio_item_holder\"><figure class=\"thumbnail thumbnail__portfolio\"><a href=\"https:\/\/alexbutor.hu\/iskolabutor\/kategoriak\/iskolatablak\/vario-szabadon-mozgathato-oszlopallvanyos-tabla\/\" class=\"image-wrap\"><img decoding=\"async\" src=\"https:\/\/alexbutor.hu\/iskolabutor\/wp-content\/uploads\/2017\/05\/Iskolabutor_05_07_Vario_szabadon_mozgathato_oszlopallvanyos_tabla.jpg\" alt=\"Vario szabadon mozgathat\u00f3 oszlop\u00e1llv\u00e1nyos t\u00e1bla\"><\/a><\/figure><div class=\"caption caption__portfolio\"><h3><a href=\"https:\/\/alexbutor.hu\/iskolabutor\/kategoriak\/iskolatablak\/vario-szabadon-mozgathato-oszlopallvanyos-tabla\/\">Vario szabadon mozgathat\u00f3 oszlop\u00e1llv\u00e1nyos t\u00e1bla<\/a><\/h3><\/div><\/div><\/li>\n\r\n\t<li class=\"portfolio_item isotope-item\"><div class=\"portfolio_item_holder\"><figure class=\"thumbnail thumbnail__portfolio\"><a href=\"https:\/\/alexbutor.hu\/iskolabutor\/kategoriak\/iskolatablak\/vario-elektromos-oszlopallvanyos-tabla\/\" class=\"image-wrap\"><img decoding=\"async\" src=\"https:\/\/alexbutor.hu\/iskolabutor\/wp-content\/uploads\/2017\/05\/Iskolabutor_05_08_Vario_elektromos_oszlopallvanyos_tabla.jpg\" alt=\"Vario elektromos oszlop\u00e1llv\u00e1nyos t\u00e1bla\"><\/a><\/figure><div class=\"caption caption__portfolio\"><h3><a href=\"https:\/\/alexbutor.hu\/iskolabutor\/kategoriak\/iskolatablak\/vario-elektromos-oszlopallvanyos-tabla\/\">Vario elektromos oszlop\u00e1llv\u00e1nyos t\u00e1bla<\/a><\/h3><\/div><\/div><\/li>\n\r\n\t<li class=\"portfolio_item isotope-item\"><div class=\"portfolio_item_holder\"><figure class=\"thumbnail thumbnail__portfolio\"><a href=\"https:\/\/alexbutor.hu\/iskolabutor\/kategoriak\/iskolatablak\/uzenofal\/\" class=\"image-wrap\"><img decoding=\"async\" src=\"https:\/\/alexbutor.hu\/iskolabutor\/wp-content\/uploads\/2017\/05\/Iskolabutor_05_09_Uzenofal.jpg\" alt=\"\u00dczen\u0151fal\"><\/a><\/figure><div class=\"caption caption__portfolio\"><h3><a href=\"https:\/\/alexbutor.hu\/iskolabutor\/kategoriak\/iskolatablak\/uzenofal\/\">\u00dczen\u0151fal<\/a><\/h3><\/div><\/div><\/li>\n\r\n\t<li class=\"portfolio_item isotope-item\"><div class=\"portfolio_item_holder\"><figure class=\"thumbnail thumbnail__portfolio\"><a href=\"https:\/\/alexbutor.hu\/iskolabutor\/kategoriak\/iskolatablak\/tablaeszkozok\/\" class=\"image-wrap\"><img decoding=\"async\" src=\"https:\/\/alexbutor.hu\/iskolabutor\/wp-content\/uploads\/2017\/05\/Iskolabutor_05_10_Tablaeszkozok.jpg\" alt=\"T\u00e1blaeszk\u00f6z\u00f6k\"><\/a><\/figure><div class=\"caption caption__portfolio\"><h3><a href=\"https:\/\/alexbutor.hu\/iskolabutor\/kategoriak\/iskolatablak\/tablaeszkozok\/\">T\u00e1blaeszk\u00f6z\u00f6k<\/a><\/h3><\/div><\/div><\/li>\n\r\n\t<li class=\"portfolio_item isotope-item\"><div class=\"portfolio_item_holder\"><figure class=\"thumbnail thumbnail__portfolio\"><a href=\"https:\/\/alexbutor.hu\/iskolabutor\/kategoriak\/iskolatablak\/modularis-falrendszer\/\" class=\"image-wrap\"><img decoding=\"async\" src=\"https:\/\/alexbutor.hu\/iskolabutor\/wp-content\/uploads\/2017\/05\/Iskolabutor_05_11_Modularis_falrendszer.jpg\" alt=\"Modul\u00e1ris falrendszer\"><\/a><\/figure><div class=\"caption caption__portfolio\"><h3><a href=\"https:\/\/alexbutor.hu\/iskolabutor\/kategoriak\/iskolatablak\/modularis-falrendszer\/\">Modul\u00e1ris falrendszer<\/a><\/h3><\/div><\/div><\/li>\n","protected":false},"excerpt":{"rendered":"","protected":false},"author":3,"featured_media":0,"parent":9,"menu_order":0,"comment_status":"closed","ping_status":"closed","template":"page-Portfolio4Cols-alexsub.php","meta":{"footnotes":""},"class_list":["post-48509","page","type-page","status-publish","hentry"],"yoast_head":"<!-- This site is optimized with the Yoast SEO plugin v23.5 - https:\/\/yoast.com\/wordpress\/plugins\/seo\/ -->\n<title>Iskolat\u00e1bl\u00e1k - Iskolab\u00fator<\/title>\n<meta name=\"robots\" content=\"index, follow, max-snippet:-1, max-image-preview:large, max-video-preview:-1\" \/>\n<link rel=\"canonical\" href=\"https:\/\/alexbutor.hu\/iskolabutor\/kategoriak\/iskolatablak\/\" \/>\n<meta property=\"og:locale\" content=\"hu_HU\" \/>\n<meta property=\"og:type\" content=\"article\" \/>\n<meta property=\"og:title\" content=\"Iskolat\u00e1bl\u00e1k - Iskolab\u00fator\" \/>\n<meta property=\"og:url\" content=\"https:\/\/alexbutor.hu\/iskolabutor\/kategoriak\/iskolatablak\/\" \/>\n<meta property=\"og:site_name\" content=\"Iskolab\u00fator\" \/>\n<meta property=\"article:modified_time\" content=\"2017-05-27T08:15:53+00:00\" \/>\n<meta name=\"twitter:card\" content=\"summary_large_image\" \/>\n<meta name=\"twitter:label1\" content=\"Becs\u00fclt olvas\u00e1si id\u0151\" \/>\n\t<meta name=\"twitter:data1\" content=\"1 perc\" \/>\n<script type=\"application\/ld+json\" class=\"yoast-schema-graph\">{\"@context\":\"https:\/\/schema.org\",\"@graph\":[{\"@type\":\"WebPage\",\"@id\":\"https:\/\/alexbutor.hu\/iskolabutor\/kategoriak\/iskolatablak\/\",\"url\":\"https:\/\/alexbutor.hu\/iskolabutor\/kategoriak\/iskolatablak\/\",\"name\":\"Iskolat\u00e1bl\u00e1k - Iskolab\u00fator\",\"isPartOf\":{\"@id\":\"https:\/\/alexbutor.hu\/iskolabutor\/#website\"},\"datePublished\":\"2017-05-24T09:57:43+00:00\",\"dateModified\":\"2017-05-27T08:15:53+00:00\",\"breadcrumb\":{\"@id\":\"https:\/\/alexbutor.hu\/iskolabutor\/kategoriak\/iskolatablak\/#breadcrumb\"},\"inLanguage\":\"hu\",\"potentialAction\":[{\"@type\":\"ReadAction\",\"target\":[\"https:\/\/alexbutor.hu\/iskolabutor\/kategoriak\/iskolatablak\/\"]}]},{\"@type\":\"BreadcrumbList\",\"@id\":\"https:\/\/alexbutor.hu\/iskolabutor\/kategoriak\/iskolatablak\/#breadcrumb\",\"itemListElement\":[{\"@type\":\"ListItem\",\"position\":1,\"name\":\"Home\",\"item\":\"https:\/\/alexbutor.hu\/iskolabutor\/\"},{\"@type\":\"ListItem\",\"position\":2,\"name\":\"Term\u00e9kek\",\"item\":\"https:\/\/alexbutor.hu\/iskolabutor\/kategoriak\/\"},{\"@type\":\"ListItem\",\"position\":3,\"name\":\"Iskolat\u00e1bl\u00e1k\"}]},{\"@type\":\"WebSite\",\"@id\":\"https:\/\/alexbutor.hu\/iskolabutor\/#website\",\"url\":\"https:\/\/alexbutor.hu\/iskolabutor\/\",\"name\":\"Iskolab\u00fator\",\"description\":\"Minden t\u00e9rben megold\u00e1s\",\"potentialAction\":[{\"@type\":\"SearchAction\",\"target\":{\"@type\":\"EntryPoint\",\"urlTemplate\":\"https:\/\/alexbutor.hu\/iskolabutor\/?s={search_term_string}\"},\"query-input\":{\"@type\":\"PropertyValueSpecification\",\"valueRequired\":true,\"valueName\":\"search_term_string\"}}],\"inLanguage\":\"hu\"}]}<\/script>\n<!-- \/ Yoast SEO plugin. -->","yoast_head_json":{"title":"Iskolat\u00e1bl\u00e1k - Iskolab\u00fator","robots":{"index":"index","follow":"follow","max-snippet":"max-snippet:-1","max-image-preview":"max-image-preview:large","max-video-preview":"max-video-preview:-1"},"canonical":"https:\/\/alexbutor.hu\/iskolabutor\/kategoriak\/iskolatablak\/","og_locale":"hu_HU","og_type":"article","og_title":"Iskolat\u00e1bl\u00e1k - Iskolab\u00fator","og_url":"https:\/\/alexbutor.hu\/iskolabutor\/kategoriak\/iskolatablak\/","og_site_name":"Iskolab\u00fator","article_modified_time":"2017-05-27T08:15:53+00:00","twitter_card":"summary_large_image","twitter_misc":{"Becs\u00fclt olvas\u00e1si id\u0151":"1 perc"},"schema":{"@context":"https:\/\/schema.org","@graph":[{"@type":"WebPage","@id":"https:\/\/alexbutor.hu\/iskolabutor\/kategoriak\/iskolatablak\/","url":"https:\/\/alexbutor.hu\/iskolabutor\/kategoriak\/iskolatablak\/","name":"Iskolat\u00e1bl\u00e1k - Iskolab\u00fator","isPartOf":{"@id":"https:\/\/alexbutor.hu\/iskolabutor\/#website"},"datePublished":"2017-05-24T09:57:43+00:00","dateModified":"2017-05-27T08:15:53+00:00","breadcrumb":{"@id":"https:\/\/alexbutor.hu\/iskolabutor\/kategoriak\/iskolatablak\/#breadcrumb"},"inLanguage":"hu","potentialAction":[{"@type":"ReadAction","target":["https:\/\/alexbutor.hu\/iskolabutor\/kategoriak\/iskolatablak\/"]}]},{"@type":"BreadcrumbList","@id":"https:\/\/alexbutor.hu\/iskolabutor\/kategoriak\/iskolatablak\/#breadcrumb","itemListElement":[{"@type":"ListItem","position":1,"name":"Home","item":"https:\/\/alexbutor.hu\/iskolabutor\/"},{"@type":"ListItem","position":2,"name":"Term\u00e9kek","item":"https:\/\/alexbutor.hu\/iskolabutor\/kategoriak\/"},{"@type":"ListItem","position":3,"name":"Iskolat\u00e1bl\u00e1k"}]},{"@type":"WebSite","@id":"https:\/\/alexbutor.hu\/iskolabutor\/#website","url":"https:\/\/alexbutor.hu\/iskolabutor\/","name":"Iskolab\u00fator","description":"Minden t\u00e9rben megold\u00e1s","potentialAction":[{"@type":"SearchAction","target":{"@type":"EntryPoint","urlTemplate":"https:\/\/alexbutor.hu\/iskolabutor\/?s={search_term_string}"},"query-input":{"@type":"PropertyValueSpecification","valueRequired":true,"valueName":"search_term_string"}}],"inLanguage":"hu"}]}},"_links":{"self":[{"href":"https:\/\/alexbutor.hu\/iskolabutor\/wp-json\/wp\/v2\/pages\/48509"}],"collection":[{"href":"https:\/\/alexbutor.hu\/iskolabutor\/wp-json\/wp\/v2\/pages"}],"about":[{"href":"https:\/\/alexbutor.hu\/iskolabutor\/wp-json\/wp\/v2\/types\/page"}],"author":[{"embeddable":true,"href":"https:\/\/alexbutor.hu\/iskolabutor\/wp-json\/wp\/v2\/users\/3"}],"replies":[{"embeddable":true,"href":"https:\/\/alexbutor.hu\/iskolabutor\/wp-json\/wp\/v2\/comments?post=48509"}],"version-history":[{"count":4,"href":"https:\/\/alexbutor.hu\/iskolabutor\/wp-json\/wp\/v2\/pages\/48509\/revisions"}],"predecessor-version":[{"id":49090,"href":"https:\/\/alexbutor.hu\/iskolabutor\/wp-json\/wp\/v2\/pages\/48509\/revisions\/49090"}],"up":[{"embeddable":true,"href":"https:\/\/alexbutor.hu\/iskolabutor\/wp-json\/wp\/v2\/pages\/9"}],"wp:attachment":[{"href":"https:\/\/alexbutor.hu\/iskolabutor\/wp-json\/wp\/v2\/media?parent=48509"}],"curies":[{"name":"wp","href":"https:\/\/api.w.org\/{rel}","templated":true}]}}