{"id":48517,"date":"2017-05-24T09:58:55","date_gmt":"2017-05-24T09:58:55","guid":{"rendered":"http:\/\/alexbutor.hu\/iskolabutor\/?page_id=48517"},"modified":"2017-06-23T13:07:02","modified_gmt":"2017-06-23T13:07:02","slug":"tablaallvanyok","status":"publish","type":"page","link":"https:\/\/alexbutor.hu\/iskolabutor\/kategoriak\/iskolatablak\/tablaallvanyok\/","title":{"rendered":"T\u00e1bla\u00e1llv\u00e1nyok"},"content":{"rendered":"","protected":false},"excerpt":{"rendered":"","protected":false},"author":3,"featured_media":48997,"parent":48509,"menu_order":0,"comment_status":"closed","ping_status":"closed","template":"page-Portfolio4Cols-filterable.php","meta":{"footnotes":""},"class_list":["post-48517","page","type-page","status-publish","has-post-thumbnail","hentry"],"yoast_head":"<!-- This site is optimized with the Yoast SEO plugin v23.5 - https:\/\/yoast.com\/wordpress\/plugins\/seo\/ -->\n<title>T\u00e1bla\u00e1llv\u00e1nyok - Iskolab\u00fator<\/title>\n<meta name=\"robots\" content=\"index, follow, max-snippet:-1, max-image-preview:large, max-video-preview:-1\" \/>\n<link rel=\"canonical\" href=\"https:\/\/alexbutor.hu\/iskolabutor\/kategoriak\/iskolatablak\/tablaallvanyok\/\" \/>\n<meta property=\"og:locale\" content=\"hu_HU\" \/>\n<meta property=\"og:type\" content=\"article\" \/>\n<meta property=\"og:title\" content=\"T\u00e1bla\u00e1llv\u00e1nyok - Iskolab\u00fator\" \/>\n<meta property=\"og:url\" content=\"https:\/\/alexbutor.hu\/iskolabutor\/kategoriak\/iskolatablak\/tablaallvanyok\/\" \/>\n<meta property=\"og:site_name\" content=\"Iskolab\u00fator\" \/>\n<meta property=\"article:modified_time\" content=\"2017-06-23T13:07:02+00:00\" \/>\n<meta property=\"og:image\" content=\"https:\/\/alexbutor.hu\/iskolabutor\/wp-content\/uploads\/2017\/05\/Iskolabutor_05_04_Tablaallvanyok.jpg\" \/>\n\t<meta property=\"og:image:width\" content=\"800\" \/>\n\t<meta property=\"og:image:height\" content=\"560\" \/>\n\t<meta property=\"og:image:type\" content=\"image\/jpeg\" \/>\n<meta name=\"twitter:card\" content=\"summary_large_image\" \/>\n<script type=\"application\/ld+json\" class=\"yoast-schema-graph\">{\"@context\":\"https:\/\/schema.org\",\"@graph\":[{\"@type\":\"WebPage\",\"@id\":\"https:\/\/alexbutor.hu\/iskolabutor\/kategoriak\/iskolatablak\/tablaallvanyok\/\",\"url\":\"https:\/\/alexbutor.hu\/iskolabutor\/kategoriak\/iskolatablak\/tablaallvanyok\/\",\"name\":\"T\u00e1bla\u00e1llv\u00e1nyok - Iskolab\u00fator\",\"isPartOf\":{\"@id\":\"https:\/\/alexbutor.hu\/iskolabutor\/#website\"},\"primaryImageOfPage\":{\"@id\":\"https:\/\/alexbutor.hu\/iskolabutor\/kategoriak\/iskolatablak\/tablaallvanyok\/#primaryimage\"},\"image\":{\"@id\":\"https:\/\/alexbutor.hu\/iskolabutor\/kategoriak\/iskolatablak\/tablaallvanyok\/#primaryimage\"},\"thumbnailUrl\":\"https:\/\/alexbutor.hu\/iskolabutor\/wp-content\/uploads\/2017\/05\/Iskolabutor_05_04_Tablaallvanyok.jpg\",\"datePublished\":\"2017-05-24T09:58:55+00:00\",\"dateModified\":\"2017-06-23T13:07:02+00:00\",\"breadcrumb\":{\"@id\":\"https:\/\/alexbutor.hu\/iskolabutor\/kategoriak\/iskolatablak\/tablaallvanyok\/#breadcrumb\"},\"inLanguage\":\"hu\",\"potentialAction\":[{\"@type\":\"ReadAction\",\"target\":[\"https:\/\/alexbutor.hu\/iskolabutor\/kategoriak\/iskolatablak\/tablaallvanyok\/\"]}]},{\"@type\":\"ImageObject\",\"inLanguage\":\"hu\",\"@id\":\"https:\/\/alexbutor.hu\/iskolabutor\/kategoriak\/iskolatablak\/tablaallvanyok\/#primaryimage\",\"url\":\"https:\/\/alexbutor.hu\/iskolabutor\/wp-content\/uploads\/2017\/05\/Iskolabutor_05_04_Tablaallvanyok.jpg\",\"contentUrl\":\"https:\/\/alexbutor.hu\/iskolabutor\/wp-content\/uploads\/2017\/05\/Iskolabutor_05_04_Tablaallvanyok.jpg\",\"width\":800,\"height\":560},{\"@type\":\"BreadcrumbList\",\"@id\":\"https:\/\/alexbutor.hu\/iskolabutor\/kategoriak\/iskolatablak\/tablaallvanyok\/#breadcrumb\",\"itemListElement\":[{\"@type\":\"ListItem\",\"position\":1,\"name\":\"Home\",\"item\":\"https:\/\/alexbutor.hu\/iskolabutor\/\"},{\"@type\":\"ListItem\",\"position\":2,\"name\":\"Term\u00e9kek\",\"item\":\"https:\/\/alexbutor.hu\/iskolabutor\/kategoriak\/\"},{\"@type\":\"ListItem\",\"position\":3,\"name\":\"Iskolat\u00e1bl\u00e1k\",\"item\":\"https:\/\/alexbutor.hu\/iskolabutor\/kategoriak\/iskolatablak\/\"},{\"@type\":\"ListItem\",\"position\":4,\"name\":\"T\u00e1bla\u00e1llv\u00e1nyok\"}]},{\"@type\":\"WebSite\",\"@id\":\"https:\/\/alexbutor.hu\/iskolabutor\/#website\",\"url\":\"https:\/\/alexbutor.hu\/iskolabutor\/\",\"name\":\"Iskolab\u00fator\",\"description\":\"Minden t\u00e9rben megold\u00e1s\",\"potentialAction\":[{\"@type\":\"SearchAction\",\"target\":{\"@type\":\"EntryPoint\",\"urlTemplate\":\"https:\/\/alexbutor.hu\/iskolabutor\/?s={search_term_string}\"},\"query-input\":{\"@type\":\"PropertyValueSpecification\",\"valueRequired\":true,\"valueName\":\"search_term_string\"}}],\"inLanguage\":\"hu\"}]}<\/script>\n<!-- \/ Yoast SEO plugin. -->","yoast_head_json":{"title":"T\u00e1bla\u00e1llv\u00e1nyok - Iskolab\u00fator","robots":{"index":"index","follow":"follow","max-snippet":"max-snippet:-1","max-image-preview":"max-image-preview:large","max-video-preview":"max-video-preview:-1"},"canonical":"https:\/\/alexbutor.hu\/iskolabutor\/kategoriak\/iskolatablak\/tablaallvanyok\/","og_locale":"hu_HU","og_type":"article","og_title":"T\u00e1bla\u00e1llv\u00e1nyok - Iskolab\u00fator","og_url":"https:\/\/alexbutor.hu\/iskolabutor\/kategoriak\/iskolatablak\/tablaallvanyok\/","og_site_name":"Iskolab\u00fator","article_modified_time":"2017-06-23T13:07:02+00:00","og_image":[{"width":800,"height":560,"url":"https:\/\/alexbutor.hu\/iskolabutor\/wp-content\/uploads\/2017\/05\/Iskolabutor_05_04_Tablaallvanyok.jpg","type":"image\/jpeg"}],"twitter_card":"summary_large_image","schema":{"@context":"https:\/\/schema.org","@graph":[{"@type":"WebPage","@id":"https:\/\/alexbutor.hu\/iskolabutor\/kategoriak\/iskolatablak\/tablaallvanyok\/","url":"https:\/\/alexbutor.hu\/iskolabutor\/kategoriak\/iskolatablak\/tablaallvanyok\/","name":"T\u00e1bla\u00e1llv\u00e1nyok - Iskolab\u00fator","isPartOf":{"@id":"https:\/\/alexbutor.hu\/iskolabutor\/#website"},"primaryImageOfPage":{"@id":"https:\/\/alexbutor.hu\/iskolabutor\/kategoriak\/iskolatablak\/tablaallvanyok\/#primaryimage"},"image":{"@id":"https:\/\/alexbutor.hu\/iskolabutor\/kategoriak\/iskolatablak\/tablaallvanyok\/#primaryimage"},"thumbnailUrl":"https:\/\/alexbutor.hu\/iskolabutor\/wp-content\/uploads\/2017\/05\/Iskolabutor_05_04_Tablaallvanyok.jpg","datePublished":"2017-05-24T09:58:55+00:00","dateModified":"2017-06-23T13:07:02+00:00","breadcrumb":{"@id":"https:\/\/alexbutor.hu\/iskolabutor\/kategoriak\/iskolatablak\/tablaallvanyok\/#breadcrumb"},"inLanguage":"hu","potentialAction":[{"@type":"ReadAction","target":["https:\/\/alexbutor.hu\/iskolabutor\/kategoriak\/iskolatablak\/tablaallvanyok\/"]}]},{"@type":"ImageObject","inLanguage":"hu","@id":"https:\/\/alexbutor.hu\/iskolabutor\/kategoriak\/iskolatablak\/tablaallvanyok\/#primaryimage","url":"https:\/\/alexbutor.hu\/iskolabutor\/wp-content\/uploads\/2017\/05\/Iskolabutor_05_04_Tablaallvanyok.jpg","contentUrl":"https:\/\/alexbutor.hu\/iskolabutor\/wp-content\/uploads\/2017\/05\/Iskolabutor_05_04_Tablaallvanyok.jpg","width":800,"height":560},{"@type":"BreadcrumbList","@id":"https:\/\/alexbutor.hu\/iskolabutor\/kategoriak\/iskolatablak\/tablaallvanyok\/#breadcrumb","itemListElement":[{"@type":"ListItem","position":1,"name":"Home","item":"https:\/\/alexbutor.hu\/iskolabutor\/"},{"@type":"ListItem","position":2,"name":"Term\u00e9kek","item":"https:\/\/alexbutor.hu\/iskolabutor\/kategoriak\/"},{"@type":"ListItem","position":3,"name":"Iskolat\u00e1bl\u00e1k","item":"https:\/\/alexbutor.hu\/iskolabutor\/kategoriak\/iskolatablak\/"},{"@type":"ListItem","position":4,"name":"T\u00e1bla\u00e1llv\u00e1nyok"}]},{"@type":"WebSite","@id":"https:\/\/alexbutor.hu\/iskolabutor\/#website","url":"https:\/\/alexbutor.hu\/iskolabutor\/","name":"Iskolab\u00fator","description":"Minden t\u00e9rben megold\u00e1s","potentialAction":[{"@type":"SearchAction","target":{"@type":"EntryPoint","urlTemplate":"https:\/\/alexbutor.hu\/iskolabutor\/?s={search_term_string}"},"query-input":{"@type":"PropertyValueSpecification","valueRequired":true,"valueName":"search_term_string"}}],"inLanguage":"hu"}]}},"_links":{"self":[{"href":"https:\/\/alexbutor.hu\/iskolabutor\/wp-json\/wp\/v2\/pages\/48517"}],"collection":[{"href":"https:\/\/alexbutor.hu\/iskolabutor\/wp-json\/wp\/v2\/pages"}],"about":[{"href":"https:\/\/alexbutor.hu\/iskolabutor\/wp-json\/wp\/v2\/types\/page"}],"author":[{"embeddable":true,"href":"https:\/\/alexbutor.hu\/iskolabutor\/wp-json\/wp\/v2\/users\/3"}],"replies":[{"embeddable":true,"href":"https:\/\/alexbutor.hu\/iskolabutor\/wp-json\/wp\/v2\/comments?post=48517"}],"version-history":[{"count":1,"href":"https:\/\/alexbutor.hu\/iskolabutor\/wp-json\/wp\/v2\/pages\/48517\/revisions"}],"predecessor-version":[{"id":48518,"href":"https:\/\/alexbutor.hu\/iskolabutor\/wp-json\/wp\/v2\/pages\/48517\/revisions\/48518"}],"up":[{"embeddable":true,"href":"https:\/\/alexbutor.hu\/iskolabutor\/wp-json\/wp\/v2\/pages\/48509"}],"wp:featuredmedia":[{"embeddable":true,"href":"https:\/\/alexbutor.hu\/iskolabutor\/wp-json\/wp\/v2\/media\/48997"}],"wp:attachment":[{"href":"https:\/\/alexbutor.hu\/iskolabutor\/wp-json\/wp\/v2\/media?parent=48517"}],"curies":[{"name":"wp","href":"https:\/\/api.w.org\/{rel}","templated":true}]}}