{"id":48541,"date":"2017-05-24T10:04:58","date_gmt":"2017-05-24T10:04:58","guid":{"rendered":"http:\/\/alexbutor.hu\/iskolabutor\/?page_id=48541"},"modified":"2017-06-23T13:25:43","modified_gmt":"2017-06-23T13:25:43","slug":"vegyifulkek","status":"publish","type":"page","link":"https:\/\/alexbutor.hu\/iskolabutor\/kategoriak\/szaktantermi-butorok\/termeszettudomanyos-oktatas-butorai\/vegyifulkek\/","title":{"rendered":"Vegyif\u00fclk\u00e9k"},"content":{"rendered":"","protected":false},"excerpt":{"rendered":"","protected":false},"author":3,"featured_media":49008,"parent":48535,"menu_order":0,"comment_status":"closed","ping_status":"closed","template":"page-Portfolio4Cols-filterable.php","meta":{"footnotes":""},"class_list":["post-48541","page","type-page","status-publish","has-post-thumbnail","hentry"],"yoast_head":"<!-- This site is optimized with the Yoast SEO plugin v23.5 - https:\/\/yoast.com\/wordpress\/plugins\/seo\/ -->\n<title>Vegyif\u00fclk\u00e9k - Iskolab\u00fator<\/title>\n<meta name=\"robots\" content=\"index, follow, max-snippet:-1, max-image-preview:large, max-video-preview:-1\" \/>\n<link rel=\"canonical\" href=\"https:\/\/alexbutor.hu\/iskolabutor\/kategoriak\/szaktantermi-butorok\/termeszettudomanyos-oktatas-butorai\/vegyifulkek\/\" \/>\n<meta property=\"og:locale\" content=\"hu_HU\" \/>\n<meta property=\"og:type\" content=\"article\" \/>\n<meta property=\"og:title\" content=\"Vegyif\u00fclk\u00e9k - Iskolab\u00fator\" \/>\n<meta property=\"og:url\" content=\"https:\/\/alexbutor.hu\/iskolabutor\/kategoriak\/szaktantermi-butorok\/termeszettudomanyos-oktatas-butorai\/vegyifulkek\/\" \/>\n<meta property=\"og:site_name\" content=\"Iskolab\u00fator\" \/>\n<meta property=\"article:modified_time\" content=\"2017-06-23T13:25:43+00:00\" \/>\n<meta property=\"og:image\" content=\"https:\/\/alexbutor.hu\/iskolabutor\/wp-content\/uploads\/2017\/05\/Iskolabutor_06_Termeszettudomanyos_oktatas_butorai-03_Vegyifulkek.jpg\" \/>\n\t<meta property=\"og:image:width\" content=\"800\" \/>\n\t<meta property=\"og:image:height\" content=\"560\" \/>\n\t<meta property=\"og:image:type\" content=\"image\/jpeg\" \/>\n<meta name=\"twitter:card\" content=\"summary_large_image\" \/>\n<script type=\"application\/ld+json\" class=\"yoast-schema-graph\">{\"@context\":\"https:\/\/schema.org\",\"@graph\":[{\"@type\":\"WebPage\",\"@id\":\"https:\/\/alexbutor.hu\/iskolabutor\/kategoriak\/szaktantermi-butorok\/termeszettudomanyos-oktatas-butorai\/vegyifulkek\/\",\"url\":\"https:\/\/alexbutor.hu\/iskolabutor\/kategoriak\/szaktantermi-butorok\/termeszettudomanyos-oktatas-butorai\/vegyifulkek\/\",\"name\":\"Vegyif\u00fclk\u00e9k - Iskolab\u00fator\",\"isPartOf\":{\"@id\":\"https:\/\/alexbutor.hu\/iskolabutor\/#website\"},\"primaryImageOfPage\":{\"@id\":\"https:\/\/alexbutor.hu\/iskolabutor\/kategoriak\/szaktantermi-butorok\/termeszettudomanyos-oktatas-butorai\/vegyifulkek\/#primaryimage\"},\"image\":{\"@id\":\"https:\/\/alexbutor.hu\/iskolabutor\/kategoriak\/szaktantermi-butorok\/termeszettudomanyos-oktatas-butorai\/vegyifulkek\/#primaryimage\"},\"thumbnailUrl\":\"https:\/\/alexbutor.hu\/iskolabutor\/wp-content\/uploads\/2017\/05\/Iskolabutor_06_Termeszettudomanyos_oktatas_butorai-03_Vegyifulkek.jpg\",\"datePublished\":\"2017-05-24T10:04:58+00:00\",\"dateModified\":\"2017-06-23T13:25:43+00:00\",\"breadcrumb\":{\"@id\":\"https:\/\/alexbutor.hu\/iskolabutor\/kategoriak\/szaktantermi-butorok\/termeszettudomanyos-oktatas-butorai\/vegyifulkek\/#breadcrumb\"},\"inLanguage\":\"hu\",\"potentialAction\":[{\"@type\":\"ReadAction\",\"target\":[\"https:\/\/alexbutor.hu\/iskolabutor\/kategoriak\/szaktantermi-butorok\/termeszettudomanyos-oktatas-butorai\/vegyifulkek\/\"]}]},{\"@type\":\"ImageObject\",\"inLanguage\":\"hu\",\"@id\":\"https:\/\/alexbutor.hu\/iskolabutor\/kategoriak\/szaktantermi-butorok\/termeszettudomanyos-oktatas-butorai\/vegyifulkek\/#primaryimage\",\"url\":\"https:\/\/alexbutor.hu\/iskolabutor\/wp-content\/uploads\/2017\/05\/Iskolabutor_06_Termeszettudomanyos_oktatas_butorai-03_Vegyifulkek.jpg\",\"contentUrl\":\"https:\/\/alexbutor.hu\/iskolabutor\/wp-content\/uploads\/2017\/05\/Iskolabutor_06_Termeszettudomanyos_oktatas_butorai-03_Vegyifulkek.jpg\",\"width\":800,\"height\":560},{\"@type\":\"BreadcrumbList\",\"@id\":\"https:\/\/alexbutor.hu\/iskolabutor\/kategoriak\/szaktantermi-butorok\/termeszettudomanyos-oktatas-butorai\/vegyifulkek\/#breadcrumb\",\"itemListElement\":[{\"@type\":\"ListItem\",\"position\":1,\"name\":\"Home\",\"item\":\"https:\/\/alexbutor.hu\/iskolabutor\/\"},{\"@type\":\"ListItem\",\"position\":2,\"name\":\"Term\u00e9kek\",\"item\":\"https:\/\/alexbutor.hu\/iskolabutor\/kategoriak\/\"},{\"@type\":\"ListItem\",\"position\":3,\"name\":\"Szaktantermi b\u00fatorok\",\"item\":\"https:\/\/alexbutor.hu\/iskolabutor\/kategoriak\/szaktantermi-butorok\/\"},{\"@type\":\"ListItem\",\"position\":4,\"name\":\"Term\u00e9szettudom\u00e1nyos oktat\u00e1s b\u00fatorai\",\"item\":\"https:\/\/alexbutor.hu\/iskolabutor\/kategoriak\/szaktantermi-butorok\/termeszettudomanyos-oktatas-butorai\/\"},{\"@type\":\"ListItem\",\"position\":5,\"name\":\"Vegyif\u00fclk\u00e9k\"}]},{\"@type\":\"WebSite\",\"@id\":\"https:\/\/alexbutor.hu\/iskolabutor\/#website\",\"url\":\"https:\/\/alexbutor.hu\/iskolabutor\/\",\"name\":\"Iskolab\u00fator\",\"description\":\"Minden t\u00e9rben megold\u00e1s\",\"potentialAction\":[{\"@type\":\"SearchAction\",\"target\":{\"@type\":\"EntryPoint\",\"urlTemplate\":\"https:\/\/alexbutor.hu\/iskolabutor\/?s={search_term_string}\"},\"query-input\":{\"@type\":\"PropertyValueSpecification\",\"valueRequired\":true,\"valueName\":\"search_term_string\"}}],\"inLanguage\":\"hu\"}]}<\/script>\n<!-- \/ Yoast SEO plugin. -->","yoast_head_json":{"title":"Vegyif\u00fclk\u00e9k - Iskolab\u00fator","robots":{"index":"index","follow":"follow","max-snippet":"max-snippet:-1","max-image-preview":"max-image-preview:large","max-video-preview":"max-video-preview:-1"},"canonical":"https:\/\/alexbutor.hu\/iskolabutor\/kategoriak\/szaktantermi-butorok\/termeszettudomanyos-oktatas-butorai\/vegyifulkek\/","og_locale":"hu_HU","og_type":"article","og_title":"Vegyif\u00fclk\u00e9k - Iskolab\u00fator","og_url":"https:\/\/alexbutor.hu\/iskolabutor\/kategoriak\/szaktantermi-butorok\/termeszettudomanyos-oktatas-butorai\/vegyifulkek\/","og_site_name":"Iskolab\u00fator","article_modified_time":"2017-06-23T13:25:43+00:00","og_image":[{"width":800,"height":560,"url":"https:\/\/alexbutor.hu\/iskolabutor\/wp-content\/uploads\/2017\/05\/Iskolabutor_06_Termeszettudomanyos_oktatas_butorai-03_Vegyifulkek.jpg","type":"image\/jpeg"}],"twitter_card":"summary_large_image","schema":{"@context":"https:\/\/schema.org","@graph":[{"@type":"WebPage","@id":"https:\/\/alexbutor.hu\/iskolabutor\/kategoriak\/szaktantermi-butorok\/termeszettudomanyos-oktatas-butorai\/vegyifulkek\/","url":"https:\/\/alexbutor.hu\/iskolabutor\/kategoriak\/szaktantermi-butorok\/termeszettudomanyos-oktatas-butorai\/vegyifulkek\/","name":"Vegyif\u00fclk\u00e9k - Iskolab\u00fator","isPartOf":{"@id":"https:\/\/alexbutor.hu\/iskolabutor\/#website"},"primaryImageOfPage":{"@id":"https:\/\/alexbutor.hu\/iskolabutor\/kategoriak\/szaktantermi-butorok\/termeszettudomanyos-oktatas-butorai\/vegyifulkek\/#primaryimage"},"image":{"@id":"https:\/\/alexbutor.hu\/iskolabutor\/kategoriak\/szaktantermi-butorok\/termeszettudomanyos-oktatas-butorai\/vegyifulkek\/#primaryimage"},"thumbnailUrl":"https:\/\/alexbutor.hu\/iskolabutor\/wp-content\/uploads\/2017\/05\/Iskolabutor_06_Termeszettudomanyos_oktatas_butorai-03_Vegyifulkek.jpg","datePublished":"2017-05-24T10:04:58+00:00","dateModified":"2017-06-23T13:25:43+00:00","breadcrumb":{"@id":"https:\/\/alexbutor.hu\/iskolabutor\/kategoriak\/szaktantermi-butorok\/termeszettudomanyos-oktatas-butorai\/vegyifulkek\/#breadcrumb"},"inLanguage":"hu","potentialAction":[{"@type":"ReadAction","target":["https:\/\/alexbutor.hu\/iskolabutor\/kategoriak\/szaktantermi-butorok\/termeszettudomanyos-oktatas-butorai\/vegyifulkek\/"]}]},{"@type":"ImageObject","inLanguage":"hu","@id":"https:\/\/alexbutor.hu\/iskolabutor\/kategoriak\/szaktantermi-butorok\/termeszettudomanyos-oktatas-butorai\/vegyifulkek\/#primaryimage","url":"https:\/\/alexbutor.hu\/iskolabutor\/wp-content\/uploads\/2017\/05\/Iskolabutor_06_Termeszettudomanyos_oktatas_butorai-03_Vegyifulkek.jpg","contentUrl":"https:\/\/alexbutor.hu\/iskolabutor\/wp-content\/uploads\/2017\/05\/Iskolabutor_06_Termeszettudomanyos_oktatas_butorai-03_Vegyifulkek.jpg","width":800,"height":560},{"@type":"BreadcrumbList","@id":"https:\/\/alexbutor.hu\/iskolabutor\/kategoriak\/szaktantermi-butorok\/termeszettudomanyos-oktatas-butorai\/vegyifulkek\/#breadcrumb","itemListElement":[{"@type":"ListItem","position":1,"name":"Home","item":"https:\/\/alexbutor.hu\/iskolabutor\/"},{"@type":"ListItem","position":2,"name":"Term\u00e9kek","item":"https:\/\/alexbutor.hu\/iskolabutor\/kategoriak\/"},{"@type":"ListItem","position":3,"name":"Szaktantermi b\u00fatorok","item":"https:\/\/alexbutor.hu\/iskolabutor\/kategoriak\/szaktantermi-butorok\/"},{"@type":"ListItem","position":4,"name":"Term\u00e9szettudom\u00e1nyos oktat\u00e1s b\u00fatorai","item":"https:\/\/alexbutor.hu\/iskolabutor\/kategoriak\/szaktantermi-butorok\/termeszettudomanyos-oktatas-butorai\/"},{"@type":"ListItem","position":5,"name":"Vegyif\u00fclk\u00e9k"}]},{"@type":"WebSite","@id":"https:\/\/alexbutor.hu\/iskolabutor\/#website","url":"https:\/\/alexbutor.hu\/iskolabutor\/","name":"Iskolab\u00fator","description":"Minden t\u00e9rben megold\u00e1s","potentialAction":[{"@type":"SearchAction","target":{"@type":"EntryPoint","urlTemplate":"https:\/\/alexbutor.hu\/iskolabutor\/?s={search_term_string}"},"query-input":{"@type":"PropertyValueSpecification","valueRequired":true,"valueName":"search_term_string"}}],"inLanguage":"hu"}]}},"_links":{"self":[{"href":"https:\/\/alexbutor.hu\/iskolabutor\/wp-json\/wp\/v2\/pages\/48541"}],"collection":[{"href":"https:\/\/alexbutor.hu\/iskolabutor\/wp-json\/wp\/v2\/pages"}],"about":[{"href":"https:\/\/alexbutor.hu\/iskolabutor\/wp-json\/wp\/v2\/types\/page"}],"author":[{"embeddable":true,"href":"https:\/\/alexbutor.hu\/iskolabutor\/wp-json\/wp\/v2\/users\/3"}],"replies":[{"embeddable":true,"href":"https:\/\/alexbutor.hu\/iskolabutor\/wp-json\/wp\/v2\/comments?post=48541"}],"version-history":[{"count":1,"href":"https:\/\/alexbutor.hu\/iskolabutor\/wp-json\/wp\/v2\/pages\/48541\/revisions"}],"predecessor-version":[{"id":48542,"href":"https:\/\/alexbutor.hu\/iskolabutor\/wp-json\/wp\/v2\/pages\/48541\/revisions\/48542"}],"up":[{"embeddable":true,"href":"https:\/\/alexbutor.hu\/iskolabutor\/wp-json\/wp\/v2\/pages\/48535"}],"wp:featuredmedia":[{"embeddable":true,"href":"https:\/\/alexbutor.hu\/iskolabutor\/wp-json\/wp\/v2\/media\/49008"}],"wp:attachment":[{"href":"https:\/\/alexbutor.hu\/iskolabutor\/wp-json\/wp\/v2\/media?parent=48541"}],"curies":[{"name":"wp","href":"https:\/\/api.w.org\/{rel}","templated":true}]}}