{"id":48589,"date":"2017-05-24T10:13:35","date_gmt":"2017-05-24T10:13:35","guid":{"rendered":"http:\/\/alexbutor.hu\/iskolabutor\/?page_id=48589"},"modified":"2018-03-25T11:17:12","modified_gmt":"2018-03-25T11:17:12","slug":"infokommunikacios-eszkozok","status":"publish","type":"page","link":"https:\/\/alexbutor.hu\/iskolabutor\/kategoriak\/infokommunikacios-eszkozok\/","title":{"rendered":"Infokommunik\u00e1ci\u00f3s eszk\u00f6z\u00f6k"},"content":{"rendered":"\r\n\t<li class=\"portfolio_item isotope-item\"><div class=\"portfolio_item_holder\"><figure class=\"thumbnail thumbnail__portfolio\"><a href=\"https:\/\/alexbutor.hu\/informatika\/kategoriak\/oktatasi-megoldasok\/interaktiv-tablak\/\" class=\"image-wrap\" target=\"_blank\"><img decoding=\"async\" src=\"https:\/\/alexbutor.hu\/iskolabutor\/wp-content\/uploads\/2017\/05\/Infokommunikacio_kategoria_INTERAKTIV_TABLA-1.jpg\" alt=\"Interakt\u00edv t\u00e1bl\u00e1k\"><\/a><\/figure><div class=\"caption caption__portfolio\"><h3><a href=\"https:\/\/alexbutor.hu\/informatika\/kategoriak\/oktatasi-megoldasok\/interaktiv-tablak\/\" target=\"_blank\">Interakt\u00edv t\u00e1bl\u00e1k<\/a><\/h3><\/div><\/div><\/li>\n\r\n\t<li class=\"portfolio_item isotope-item\"><div class=\"portfolio_item_holder\"><figure class=\"thumbnail thumbnail__portfolio\"><a href=\"https:\/\/alexbutor.hu\/informatika\/kategoriak\/oktatasi-megoldasok\/interaktiv-tabla-szettek\/\" class=\"image-wrap\" target=\"_blank\"><img decoding=\"async\" src=\"https:\/\/alexbutor.hu\/iskolabutor\/wp-content\/uploads\/2017\/05\/Infokommunikacio_kategoria_INTERAKTIV_TABLA_SZETTEK.jpg\" alt=\"Interakt\u00edv t\u00e1bla szettek\"><\/a><\/figure><div class=\"caption caption__portfolio\"><h3><a href=\"https:\/\/alexbutor.hu\/informatika\/kategoriak\/oktatasi-megoldasok\/interaktiv-tabla-szettek\/\" target=\"_blank\">Interakt\u00edv t\u00e1bla szettek<\/a><\/h3><\/div><\/div><\/li>\n\r\n\t<li class=\"portfolio_item isotope-item\"><div class=\"portfolio_item_holder\"><figure class=\"thumbnail thumbnail__portfolio\"><a href=\"https:\/\/alexbutor.hu\/informatika\/kategoriak\/oktatasi-megoldasok\/interaktiv-kijelzok\/\" class=\"image-wrap\"><img decoding=\"async\" src=\"https:\/\/alexbutor.hu\/iskolabutor\/wp-content\/uploads\/2017\/05\/Infokommunikacio_kategoria_INTERAKTIV_KIJELZOK.jpg\" alt=\"Interakt\u00edv kijelz\u0151k\"><\/a><\/figure><div class=\"caption caption__portfolio\"><h3><a href=\"https:\/\/alexbutor.hu\/informatika\/kategoriak\/oktatasi-megoldasok\/interaktiv-kijelzok\/\">Interakt\u00edv kijelz\u0151k<\/a><\/h3><\/div><\/div><\/li>\n\r\n\t<li class=\"portfolio_item isotope-item\"><div class=\"portfolio_item_holder\"><figure class=\"thumbnail thumbnail__portfolio\"><a href=\"https:\/\/alexbutor.hu\/informatika\/kategoriak\/oktatasi-megoldasok\/interaktiv-kiegeszitok\/\" class=\"image-wrap\"><img decoding=\"async\" src=\"https:\/\/alexbutor.hu\/iskolabutor\/wp-content\/uploads\/2017\/05\/Infokommunikacio_kategoria_INTERAKTIV_ESZKOZOK-KIEGESZITOK.jpg\" alt=\"Interakt\u00edv eszk\u00f6z\u00f6k, kieg\u00e9sz\u00edt\u0151k\"><\/a><\/figure><div class=\"caption caption__portfolio\"><h3><a href=\"https:\/\/alexbutor.hu\/informatika\/kategoriak\/oktatasi-megoldasok\/interaktiv-kiegeszitok\/\">Interakt\u00edv eszk\u00f6z\u00f6k, kieg\u00e9sz\u00edt\u0151k<\/a><\/h3><\/div><\/div><\/li>\n\r\n\t<li class=\"portfolio_item isotope-item\"><div class=\"portfolio_item_holder\"><figure class=\"thumbnail thumbnail__portfolio\"><a href=\"https:\/\/alexbutor.hu\/informatika\/kategoriak\/uzleti-megoldasok\/interaktiv-eszkoz-allvanyok\/\" class=\"image-wrap\"><img decoding=\"async\" src=\"https:\/\/alexbutor.hu\/iskolabutor\/wp-content\/uploads\/2017\/05\/Infokommunikacio_kategoria_INTERAKTIV_TABLA_ALLVANYOK.jpg\" alt=\"Interakt\u00edv t\u00e1bla \u00e1llv\u00e1nyok\"><\/a><\/figure><div class=\"caption caption__portfolio\"><h3><a href=\"https:\/\/alexbutor.hu\/informatika\/kategoriak\/uzleti-megoldasok\/interaktiv-eszkoz-allvanyok\/\">Interakt\u00edv t\u00e1bla \u00e1llv\u00e1nyok<\/a><\/h3><\/div><\/div><\/li>\n\r\n\t<li class=\"portfolio_item isotope-item\"><div class=\"portfolio_item_holder\"><figure class=\"thumbnail thumbnail__portfolio\"><a href=\"https:\/\/alexbutor.hu\/informatika\/kategoriak\/oktatasi-megoldasok\/oktatasi-projektorok\/\" class=\"image-wrap\"><img decoding=\"async\" src=\"https:\/\/alexbutor.hu\/iskolabutor\/wp-content\/uploads\/2017\/05\/Infokommunikacio_kategoria_PROJEKTOROK-1.jpg\" alt=\"Projektorok\"><\/a><\/figure><div class=\"caption caption__portfolio\"><h3><a href=\"https:\/\/alexbutor.hu\/informatika\/kategoriak\/oktatasi-megoldasok\/oktatasi-projektorok\/\">Projektorok<\/a><\/h3><\/div><\/div><\/li>\n\r\n\t<li class=\"portfolio_item isotope-item\"><div class=\"portfolio_item_holder\"><figure class=\"thumbnail thumbnail__portfolio\"><a href=\"https:\/\/alexbutor.hu\/iskolabutor\/kategoriak\/iskolatablak\/classic-falitabla\/\" class=\"image-wrap\"><img decoding=\"async\" src=\"https:\/\/alexbutor.hu\/iskolabutor\/wp-content\/uploads\/2017\/05\/Iskolabutor_05_01_Classic_falitabla.jpg\" alt=\"Classic falit\u00e1bl\u00e1k\"><\/a><\/figure><div class=\"caption caption__portfolio\"><h3><a href=\"https:\/\/alexbutor.hu\/iskolabutor\/kategoriak\/iskolatablak\/classic-falitabla\/\">Classic falit\u00e1bl\u00e1k<\/a><\/h3><\/div><\/div><\/li>\n\r\n\t<li class=\"portfolio_item isotope-item\"><div class=\"portfolio_item_holder\"><figure class=\"thumbnail thumbnail__portfolio\"><a href=\"https:\/\/alexbutor.hu\/iskolabutor\/kategoriak\/iskolatablak\/vario-falitabla\/\" class=\"image-wrap\"><img decoding=\"async\" src=\"https:\/\/alexbutor.hu\/iskolabutor\/wp-content\/uploads\/2017\/05\/Iskolabutor_05_02_Vario_falitabla.jpg\" alt=\"Vari\u00f3 falit\u00e1bla\"><\/a><\/figure><div class=\"caption caption__portfolio\"><h3><a href=\"https:\/\/alexbutor.hu\/iskolabutor\/kategoriak\/iskolatablak\/vario-falitabla\/\">Vari\u00f3 falit\u00e1bla<\/a><\/h3><\/div><\/div><\/li>\n\r\n\t<li class=\"portfolio_item isotope-item\"><div class=\"portfolio_item_holder\"><figure class=\"thumbnail thumbnail__portfolio\"><a href=\"https:\/\/alexbutor.hu\/iskolabutor\/kategoriak\/szaktantermi-butorok\/nyelvi-labor\/\" class=\"image-wrap\"><img decoding=\"async\" src=\"https:\/\/alexbutor.hu\/iskolabutor\/wp-content\/uploads\/2017\/05\/Infokommunikacio_kategoria_NYELVI_LABOR.jpg\" alt=\"Nyelvi labor\"><\/a><\/figure><div class=\"caption caption__portfolio\"><h3><a href=\"https:\/\/alexbutor.hu\/iskolabutor\/kategoriak\/szaktantermi-butorok\/nyelvi-labor\/\">Nyelvi labor<\/a><\/h3><\/div><\/div><\/li>\n","protected":false},"excerpt":{"rendered":"","protected":false},"author":3,"featured_media":49032,"parent":9,"menu_order":0,"comment_status":"closed","ping_status":"closed","template":"page-Portfolio2Cols-alexsub.php","meta":{"footnotes":""},"class_list":["post-48589","page","type-page","status-publish","has-post-thumbnail","hentry"],"yoast_head":"<!-- This site is optimized with the Yoast SEO plugin v23.5 - https:\/\/yoast.com\/wordpress\/plugins\/seo\/ -->\n<title>Infokommunik\u00e1ci\u00f3s eszk\u00f6z\u00f6k - Iskolab\u00fator<\/title>\n<meta name=\"robots\" content=\"index, follow, max-snippet:-1, max-image-preview:large, max-video-preview:-1\" \/>\n<link rel=\"canonical\" href=\"https:\/\/alexbutor.hu\/iskolabutor\/kategoriak\/infokommunikacios-eszkozok\/\" \/>\n<meta property=\"og:locale\" content=\"hu_HU\" \/>\n<meta property=\"og:type\" content=\"article\" \/>\n<meta property=\"og:title\" content=\"Infokommunik\u00e1ci\u00f3s eszk\u00f6z\u00f6k - Iskolab\u00fator\" \/>\n<meta property=\"og:url\" content=\"https:\/\/alexbutor.hu\/iskolabutor\/kategoriak\/infokommunikacios-eszkozok\/\" \/>\n<meta property=\"og:site_name\" content=\"Iskolab\u00fator\" \/>\n<meta property=\"article:modified_time\" content=\"2018-03-25T11:17:12+00:00\" \/>\n<meta property=\"og:image\" content=\"https:\/\/alexbutor.hu\/iskolabutor\/wp-content\/uploads\/2017\/05\/Iskolabutor_12_Informatika-00.jpg\" \/>\n\t<meta property=\"og:image:width\" content=\"800\" \/>\n\t<meta property=\"og:image:height\" content=\"560\" \/>\n\t<meta property=\"og:image:type\" content=\"image\/jpeg\" \/>\n<meta name=\"twitter:card\" content=\"summary_large_image\" \/>\n<meta name=\"twitter:label1\" content=\"Becs\u00fclt olvas\u00e1si id\u0151\" \/>\n\t<meta name=\"twitter:data1\" content=\"1 perc\" \/>\n<script type=\"application\/ld+json\" class=\"yoast-schema-graph\">{\"@context\":\"https:\/\/schema.org\",\"@graph\":[{\"@type\":\"WebPage\",\"@id\":\"https:\/\/alexbutor.hu\/iskolabutor\/kategoriak\/infokommunikacios-eszkozok\/\",\"url\":\"https:\/\/alexbutor.hu\/iskolabutor\/kategoriak\/infokommunikacios-eszkozok\/\",\"name\":\"Infokommunik\u00e1ci\u00f3s eszk\u00f6z\u00f6k - Iskolab\u00fator\",\"isPartOf\":{\"@id\":\"https:\/\/alexbutor.hu\/iskolabutor\/#website\"},\"primaryImageOfPage\":{\"@id\":\"https:\/\/alexbutor.hu\/iskolabutor\/kategoriak\/infokommunikacios-eszkozok\/#primaryimage\"},\"image\":{\"@id\":\"https:\/\/alexbutor.hu\/iskolabutor\/kategoriak\/infokommunikacios-eszkozok\/#primaryimage\"},\"thumbnailUrl\":\"https:\/\/alexbutor.hu\/iskolabutor\/wp-content\/uploads\/2017\/05\/Iskolabutor_12_Informatika-00.jpg\",\"datePublished\":\"2017-05-24T10:13:35+00:00\",\"dateModified\":\"2018-03-25T11:17:12+00:00\",\"breadcrumb\":{\"@id\":\"https:\/\/alexbutor.hu\/iskolabutor\/kategoriak\/infokommunikacios-eszkozok\/#breadcrumb\"},\"inLanguage\":\"hu\",\"potentialAction\":[{\"@type\":\"ReadAction\",\"target\":[\"https:\/\/alexbutor.hu\/iskolabutor\/kategoriak\/infokommunikacios-eszkozok\/\"]}]},{\"@type\":\"ImageObject\",\"inLanguage\":\"hu\",\"@id\":\"https:\/\/alexbutor.hu\/iskolabutor\/kategoriak\/infokommunikacios-eszkozok\/#primaryimage\",\"url\":\"https:\/\/alexbutor.hu\/iskolabutor\/wp-content\/uploads\/2017\/05\/Iskolabutor_12_Informatika-00.jpg\",\"contentUrl\":\"https:\/\/alexbutor.hu\/iskolabutor\/wp-content\/uploads\/2017\/05\/Iskolabutor_12_Informatika-00.jpg\",\"width\":800,\"height\":560},{\"@type\":\"BreadcrumbList\",\"@id\":\"https:\/\/alexbutor.hu\/iskolabutor\/kategoriak\/infokommunikacios-eszkozok\/#breadcrumb\",\"itemListElement\":[{\"@type\":\"ListItem\",\"position\":1,\"name\":\"Home\",\"item\":\"https:\/\/alexbutor.hu\/iskolabutor\/\"},{\"@type\":\"ListItem\",\"position\":2,\"name\":\"Term\u00e9kek\",\"item\":\"https:\/\/alexbutor.hu\/iskolabutor\/kategoriak\/\"},{\"@type\":\"ListItem\",\"position\":3,\"name\":\"Infokommunik\u00e1ci\u00f3s eszk\u00f6z\u00f6k\"}]},{\"@type\":\"WebSite\",\"@id\":\"https:\/\/alexbutor.hu\/iskolabutor\/#website\",\"url\":\"https:\/\/alexbutor.hu\/iskolabutor\/\",\"name\":\"Iskolab\u00fator\",\"description\":\"Minden t\u00e9rben megold\u00e1s\",\"potentialAction\":[{\"@type\":\"SearchAction\",\"target\":{\"@type\":\"EntryPoint\",\"urlTemplate\":\"https:\/\/alexbutor.hu\/iskolabutor\/?s={search_term_string}\"},\"query-input\":{\"@type\":\"PropertyValueSpecification\",\"valueRequired\":true,\"valueName\":\"search_term_string\"}}],\"inLanguage\":\"hu\"}]}<\/script>\n<!-- \/ Yoast SEO plugin. -->","yoast_head_json":{"title":"Infokommunik\u00e1ci\u00f3s eszk\u00f6z\u00f6k - Iskolab\u00fator","robots":{"index":"index","follow":"follow","max-snippet":"max-snippet:-1","max-image-preview":"max-image-preview:large","max-video-preview":"max-video-preview:-1"},"canonical":"https:\/\/alexbutor.hu\/iskolabutor\/kategoriak\/infokommunikacios-eszkozok\/","og_locale":"hu_HU","og_type":"article","og_title":"Infokommunik\u00e1ci\u00f3s eszk\u00f6z\u00f6k - Iskolab\u00fator","og_url":"https:\/\/alexbutor.hu\/iskolabutor\/kategoriak\/infokommunikacios-eszkozok\/","og_site_name":"Iskolab\u00fator","article_modified_time":"2018-03-25T11:17:12+00:00","og_image":[{"width":800,"height":560,"url":"https:\/\/alexbutor.hu\/iskolabutor\/wp-content\/uploads\/2017\/05\/Iskolabutor_12_Informatika-00.jpg","type":"image\/jpeg"}],"twitter_card":"summary_large_image","twitter_misc":{"Becs\u00fclt olvas\u00e1si id\u0151":"1 perc"},"schema":{"@context":"https:\/\/schema.org","@graph":[{"@type":"WebPage","@id":"https:\/\/alexbutor.hu\/iskolabutor\/kategoriak\/infokommunikacios-eszkozok\/","url":"https:\/\/alexbutor.hu\/iskolabutor\/kategoriak\/infokommunikacios-eszkozok\/","name":"Infokommunik\u00e1ci\u00f3s eszk\u00f6z\u00f6k - Iskolab\u00fator","isPartOf":{"@id":"https:\/\/alexbutor.hu\/iskolabutor\/#website"},"primaryImageOfPage":{"@id":"https:\/\/alexbutor.hu\/iskolabutor\/kategoriak\/infokommunikacios-eszkozok\/#primaryimage"},"image":{"@id":"https:\/\/alexbutor.hu\/iskolabutor\/kategoriak\/infokommunikacios-eszkozok\/#primaryimage"},"thumbnailUrl":"https:\/\/alexbutor.hu\/iskolabutor\/wp-content\/uploads\/2017\/05\/Iskolabutor_12_Informatika-00.jpg","datePublished":"2017-05-24T10:13:35+00:00","dateModified":"2018-03-25T11:17:12+00:00","breadcrumb":{"@id":"https:\/\/alexbutor.hu\/iskolabutor\/kategoriak\/infokommunikacios-eszkozok\/#breadcrumb"},"inLanguage":"hu","potentialAction":[{"@type":"ReadAction","target":["https:\/\/alexbutor.hu\/iskolabutor\/kategoriak\/infokommunikacios-eszkozok\/"]}]},{"@type":"ImageObject","inLanguage":"hu","@id":"https:\/\/alexbutor.hu\/iskolabutor\/kategoriak\/infokommunikacios-eszkozok\/#primaryimage","url":"https:\/\/alexbutor.hu\/iskolabutor\/wp-content\/uploads\/2017\/05\/Iskolabutor_12_Informatika-00.jpg","contentUrl":"https:\/\/alexbutor.hu\/iskolabutor\/wp-content\/uploads\/2017\/05\/Iskolabutor_12_Informatika-00.jpg","width":800,"height":560},{"@type":"BreadcrumbList","@id":"https:\/\/alexbutor.hu\/iskolabutor\/kategoriak\/infokommunikacios-eszkozok\/#breadcrumb","itemListElement":[{"@type":"ListItem","position":1,"name":"Home","item":"https:\/\/alexbutor.hu\/iskolabutor\/"},{"@type":"ListItem","position":2,"name":"Term\u00e9kek","item":"https:\/\/alexbutor.hu\/iskolabutor\/kategoriak\/"},{"@type":"ListItem","position":3,"name":"Infokommunik\u00e1ci\u00f3s eszk\u00f6z\u00f6k"}]},{"@type":"WebSite","@id":"https:\/\/alexbutor.hu\/iskolabutor\/#website","url":"https:\/\/alexbutor.hu\/iskolabutor\/","name":"Iskolab\u00fator","description":"Minden t\u00e9rben megold\u00e1s","potentialAction":[{"@type":"SearchAction","target":{"@type":"EntryPoint","urlTemplate":"https:\/\/alexbutor.hu\/iskolabutor\/?s={search_term_string}"},"query-input":{"@type":"PropertyValueSpecification","valueRequired":true,"valueName":"search_term_string"}}],"inLanguage":"hu"}]}},"_links":{"self":[{"href":"https:\/\/alexbutor.hu\/iskolabutor\/wp-json\/wp\/v2\/pages\/48589"}],"collection":[{"href":"https:\/\/alexbutor.hu\/iskolabutor\/wp-json\/wp\/v2\/pages"}],"about":[{"href":"https:\/\/alexbutor.hu\/iskolabutor\/wp-json\/wp\/v2\/types\/page"}],"author":[{"embeddable":true,"href":"https:\/\/alexbutor.hu\/iskolabutor\/wp-json\/wp\/v2\/users\/3"}],"replies":[{"embeddable":true,"href":"https:\/\/alexbutor.hu\/iskolabutor\/wp-json\/wp\/v2\/comments?post=48589"}],"version-history":[{"count":9,"href":"https:\/\/alexbutor.hu\/iskolabutor\/wp-json\/wp\/v2\/pages\/48589\/revisions"}],"predecessor-version":[{"id":86827,"href":"https:\/\/alexbutor.hu\/iskolabutor\/wp-json\/wp\/v2\/pages\/48589\/revisions\/86827"}],"up":[{"embeddable":true,"href":"https:\/\/alexbutor.hu\/iskolabutor\/wp-json\/wp\/v2\/pages\/9"}],"wp:featuredmedia":[{"embeddable":true,"href":"https:\/\/alexbutor.hu\/iskolabutor\/wp-json\/wp\/v2\/media\/49032"}],"wp:attachment":[{"href":"https:\/\/alexbutor.hu\/iskolabutor\/wp-json\/wp\/v2\/media?parent=48589"}],"curies":[{"name":"wp","href":"https:\/\/api.w.org\/{rel}","templated":true}]}}