{"id":48657,"date":"2017-05-24T10:26:52","date_gmt":"2017-05-24T10:26:52","guid":{"rendered":"http:\/\/alexbutor.hu\/iskolabutor\/?page_id=48657"},"modified":"2017-08-08T11:01:37","modified_gmt":"2017-08-08T11:01:37","slug":"borovi-fenyo-kollegiumi-butorok","status":"publish","type":"page","link":"https:\/\/alexbutor.hu\/iskolabutor\/kategoriak\/kollegium-hostel-munkasszallas-butorai\/borovi-fenyo-kollegiumi-butorok\/","title":{"rendered":"Borovi feny\u0151 koll\u00e9giumi b\u00fatorok"},"content":{"rendered":"\r\n\t<li class=\"portfolio_item isotope-item\"><div class=\"portfolio_item_holder\"><figure class=\"thumbnail thumbnail__portfolio\"><a href=\"https:\/\/alexbutor.hu\/iskolabutor\/kategoriak\/kollegium-hostel-munkasszallas-butorai\/borovi-fenyo-kollegiumi-butorok\/emeletes-agy\/\" class=\"image-wrap\"><img decoding=\"async\" src=\"https:\/\/alexbutor.hu\/iskolabutor\/wp-content\/uploads\/2017\/05\/Iskolabutor_18_01_Emeletes_agy.jpg\" alt=\"Emeletes \u00e1gy\"><\/a><\/figure><div class=\"caption caption__portfolio\"><h3><a href=\"https:\/\/alexbutor.hu\/iskolabutor\/kategoriak\/kollegium-hostel-munkasszallas-butorai\/borovi-fenyo-kollegiumi-butorok\/emeletes-agy\/\">Emeletes \u00e1gy<\/a><\/h3><\/div><\/div><\/li>\n\r\n\t<li class=\"portfolio_item isotope-item\"><div class=\"portfolio_item_holder\"><figure class=\"thumbnail thumbnail__portfolio\"><a href=\"https:\/\/alexbutor.hu\/iskolabutor\/kategoriak\/kollegium-hostel-munkasszallas-butorai\/borovi-fenyo-kollegiumi-butorok\/agy\/\" class=\"image-wrap\"><img decoding=\"async\" src=\"https:\/\/alexbutor.hu\/iskolabutor\/wp-content\/uploads\/2017\/05\/Iskolabutor_18_02_Agy.jpg\" alt=\"\u00c1gy\"><\/a><\/figure><div class=\"caption caption__portfolio\"><h3><a href=\"https:\/\/alexbutor.hu\/iskolabutor\/kategoriak\/kollegium-hostel-munkasszallas-butorai\/borovi-fenyo-kollegiumi-butorok\/agy\/\">\u00c1gy<\/a><\/h3><\/div><\/div><\/li>\n\r\n\t<li class=\"portfolio_item isotope-item\"><div class=\"portfolio_item_holder\"><figure class=\"thumbnail thumbnail__portfolio\"><a href=\"https:\/\/alexbutor.hu\/iskolabutor\/kategoriak\/kollegium-hostel-munkasszallas-butorai\/borovi-fenyo-kollegiumi-butorok\/szekreny\/\" class=\"image-wrap\"><img decoding=\"async\" src=\"https:\/\/alexbutor.hu\/iskolabutor\/wp-content\/uploads\/2017\/05\/Iskolabutor_18_03_Szekreny.jpg\" alt=\"Szekr\u00e9ny\"><\/a><\/figure><div class=\"caption caption__portfolio\"><h3><a href=\"https:\/\/alexbutor.hu\/iskolabutor\/kategoriak\/kollegium-hostel-munkasszallas-butorai\/borovi-fenyo-kollegiumi-butorok\/szekreny\/\">Szekr\u00e9ny<\/a><\/h3><\/div><\/div><\/li>\n\r\n\t<li class=\"portfolio_item isotope-item\"><div class=\"portfolio_item_holder\"><figure class=\"thumbnail thumbnail__portfolio\"><a href=\"https:\/\/alexbutor.hu\/iskolabutor\/kategoriak\/kollegium-hostel-munkasszallas-butorai\/borovi-fenyo-kollegiumi-butorok\/asztal\/\" class=\"image-wrap\"><img decoding=\"async\" src=\"https:\/\/alexbutor.hu\/iskolabutor\/wp-content\/uploads\/2017\/05\/Iskolabutor_18_04_Asztal.jpg\" alt=\"Asztal\"><\/a><\/figure><div class=\"caption caption__portfolio\"><h3><a href=\"https:\/\/alexbutor.hu\/iskolabutor\/kategoriak\/kollegium-hostel-munkasszallas-butorai\/borovi-fenyo-kollegiumi-butorok\/asztal\/\">Asztal<\/a><\/h3><\/div><\/div><\/li>\n\r\n\t<li class=\"portfolio_item isotope-item\"><div class=\"portfolio_item_holder\"><figure class=\"thumbnail thumbnail__portfolio\"><a href=\"https:\/\/alexbutor.hu\/iskolabutor\/kategoriak\/kollegium-hostel-munkasszallas-butorai\/borovi-fenyo-kollegiumi-butorok\/matracok\/\" class=\"image-wrap\"><img decoding=\"async\" src=\"https:\/\/alexbutor.hu\/iskolabutor\/wp-content\/uploads\/2017\/05\/Iskolabutor_18_00_Kollegiumi_butorok_Matracok.jpg\" alt=\"Matracok\"><\/a><\/figure><div class=\"caption caption__portfolio\"><h3><a href=\"https:\/\/alexbutor.hu\/iskolabutor\/kategoriak\/kollegium-hostel-munkasszallas-butorai\/borovi-fenyo-kollegiumi-butorok\/matracok\/\">Matracok<\/a><\/h3><\/div><\/div><\/li>\n","protected":false},"excerpt":{"rendered":"","protected":false},"author":3,"featured_media":49063,"parent":48643,"menu_order":0,"comment_status":"closed","ping_status":"closed","template":"page-Portfolio2Cols-alexsub.php","meta":{"footnotes":""},"class_list":["post-48657","page","type-page","status-publish","has-post-thumbnail","hentry"],"yoast_head":"<!-- This site is optimized with the Yoast SEO plugin v23.5 - https:\/\/yoast.com\/wordpress\/plugins\/seo\/ -->\n<title>Borovi feny\u0151 koll\u00e9giumi b\u00fatorok - Iskolab\u00fator<\/title>\n<meta name=\"robots\" content=\"index, follow, max-snippet:-1, max-image-preview:large, max-video-preview:-1\" \/>\n<link rel=\"canonical\" href=\"https:\/\/alexbutor.hu\/iskolabutor\/kategoriak\/kollegium-hostel-munkasszallas-butorai\/borovi-fenyo-kollegiumi-butorok\/\" \/>\n<meta property=\"og:locale\" content=\"hu_HU\" \/>\n<meta property=\"og:type\" content=\"article\" \/>\n<meta property=\"og:title\" content=\"Borovi feny\u0151 koll\u00e9giumi b\u00fatorok - Iskolab\u00fator\" \/>\n<meta property=\"og:url\" content=\"https:\/\/alexbutor.hu\/iskolabutor\/kategoriak\/kollegium-hostel-munkasszallas-butorai\/borovi-fenyo-kollegiumi-butorok\/\" \/>\n<meta property=\"og:site_name\" content=\"Iskolab\u00fator\" \/>\n<meta property=\"article:modified_time\" content=\"2017-08-08T11:01:37+00:00\" \/>\n<meta property=\"og:image\" content=\"https:\/\/alexbutor.hu\/iskolabutor\/wp-content\/uploads\/2017\/05\/Iskolabutor_18_00_Borovi_fenyo_kollegiumi_butorok.jpg\" \/>\n\t<meta property=\"og:image:width\" content=\"800\" \/>\n\t<meta property=\"og:image:height\" content=\"560\" \/>\n\t<meta property=\"og:image:type\" content=\"image\/jpeg\" \/>\n<meta name=\"twitter:card\" content=\"summary_large_image\" \/>\n<meta name=\"twitter:label1\" content=\"Becs\u00fclt olvas\u00e1si id\u0151\" \/>\n\t<meta name=\"twitter:data1\" content=\"1 perc\" \/>\n<script type=\"application\/ld+json\" class=\"yoast-schema-graph\">{\"@context\":\"https:\/\/schema.org\",\"@graph\":[{\"@type\":\"WebPage\",\"@id\":\"https:\/\/alexbutor.hu\/iskolabutor\/kategoriak\/kollegium-hostel-munkasszallas-butorai\/borovi-fenyo-kollegiumi-butorok\/\",\"url\":\"https:\/\/alexbutor.hu\/iskolabutor\/kategoriak\/kollegium-hostel-munkasszallas-butorai\/borovi-fenyo-kollegiumi-butorok\/\",\"name\":\"Borovi feny\u0151 koll\u00e9giumi b\u00fatorok - Iskolab\u00fator\",\"isPartOf\":{\"@id\":\"https:\/\/alexbutor.hu\/iskolabutor\/#website\"},\"primaryImageOfPage\":{\"@id\":\"https:\/\/alexbutor.hu\/iskolabutor\/kategoriak\/kollegium-hostel-munkasszallas-butorai\/borovi-fenyo-kollegiumi-butorok\/#primaryimage\"},\"image\":{\"@id\":\"https:\/\/alexbutor.hu\/iskolabutor\/kategoriak\/kollegium-hostel-munkasszallas-butorai\/borovi-fenyo-kollegiumi-butorok\/#primaryimage\"},\"thumbnailUrl\":\"https:\/\/alexbutor.hu\/iskolabutor\/wp-content\/uploads\/2017\/05\/Iskolabutor_18_00_Borovi_fenyo_kollegiumi_butorok.jpg\",\"datePublished\":\"2017-05-24T10:26:52+00:00\",\"dateModified\":\"2017-08-08T11:01:37+00:00\",\"breadcrumb\":{\"@id\":\"https:\/\/alexbutor.hu\/iskolabutor\/kategoriak\/kollegium-hostel-munkasszallas-butorai\/borovi-fenyo-kollegiumi-butorok\/#breadcrumb\"},\"inLanguage\":\"hu\",\"potentialAction\":[{\"@type\":\"ReadAction\",\"target\":[\"https:\/\/alexbutor.hu\/iskolabutor\/kategoriak\/kollegium-hostel-munkasszallas-butorai\/borovi-fenyo-kollegiumi-butorok\/\"]}]},{\"@type\":\"ImageObject\",\"inLanguage\":\"hu\",\"@id\":\"https:\/\/alexbutor.hu\/iskolabutor\/kategoriak\/kollegium-hostel-munkasszallas-butorai\/borovi-fenyo-kollegiumi-butorok\/#primaryimage\",\"url\":\"https:\/\/alexbutor.hu\/iskolabutor\/wp-content\/uploads\/2017\/05\/Iskolabutor_18_00_Borovi_fenyo_kollegiumi_butorok.jpg\",\"contentUrl\":\"https:\/\/alexbutor.hu\/iskolabutor\/wp-content\/uploads\/2017\/05\/Iskolabutor_18_00_Borovi_fenyo_kollegiumi_butorok.jpg\",\"width\":800,\"height\":560},{\"@type\":\"BreadcrumbList\",\"@id\":\"https:\/\/alexbutor.hu\/iskolabutor\/kategoriak\/kollegium-hostel-munkasszallas-butorai\/borovi-fenyo-kollegiumi-butorok\/#breadcrumb\",\"itemListElement\":[{\"@type\":\"ListItem\",\"position\":1,\"name\":\"Home\",\"item\":\"https:\/\/alexbutor.hu\/iskolabutor\/\"},{\"@type\":\"ListItem\",\"position\":2,\"name\":\"Term\u00e9kek\",\"item\":\"https:\/\/alexbutor.hu\/iskolabutor\/kategoriak\/\"},{\"@type\":\"ListItem\",\"position\":3,\"name\":\"Koll\u00e9gium-hostel-munk\u00e1ssz\u00e1ll\u00e1s b\u00fatorai\",\"item\":\"https:\/\/alexbutor.hu\/iskolabutor\/kategoriak\/kollegium-hostel-munkasszallas-butorai\/\"},{\"@type\":\"ListItem\",\"position\":4,\"name\":\"Borovi feny\u0151 koll\u00e9giumi b\u00fatorok\"}]},{\"@type\":\"WebSite\",\"@id\":\"https:\/\/alexbutor.hu\/iskolabutor\/#website\",\"url\":\"https:\/\/alexbutor.hu\/iskolabutor\/\",\"name\":\"Iskolab\u00fator\",\"description\":\"Minden t\u00e9rben megold\u00e1s\",\"potentialAction\":[{\"@type\":\"SearchAction\",\"target\":{\"@type\":\"EntryPoint\",\"urlTemplate\":\"https:\/\/alexbutor.hu\/iskolabutor\/?s={search_term_string}\"},\"query-input\":{\"@type\":\"PropertyValueSpecification\",\"valueRequired\":true,\"valueName\":\"search_term_string\"}}],\"inLanguage\":\"hu\"}]}<\/script>\n<!-- \/ Yoast SEO plugin. -->","yoast_head_json":{"title":"Borovi feny\u0151 koll\u00e9giumi b\u00fatorok - Iskolab\u00fator","robots":{"index":"index","follow":"follow","max-snippet":"max-snippet:-1","max-image-preview":"max-image-preview:large","max-video-preview":"max-video-preview:-1"},"canonical":"https:\/\/alexbutor.hu\/iskolabutor\/kategoriak\/kollegium-hostel-munkasszallas-butorai\/borovi-fenyo-kollegiumi-butorok\/","og_locale":"hu_HU","og_type":"article","og_title":"Borovi feny\u0151 koll\u00e9giumi b\u00fatorok - Iskolab\u00fator","og_url":"https:\/\/alexbutor.hu\/iskolabutor\/kategoriak\/kollegium-hostel-munkasszallas-butorai\/borovi-fenyo-kollegiumi-butorok\/","og_site_name":"Iskolab\u00fator","article_modified_time":"2017-08-08T11:01:37+00:00","og_image":[{"width":800,"height":560,"url":"https:\/\/alexbutor.hu\/iskolabutor\/wp-content\/uploads\/2017\/05\/Iskolabutor_18_00_Borovi_fenyo_kollegiumi_butorok.jpg","type":"image\/jpeg"}],"twitter_card":"summary_large_image","twitter_misc":{"Becs\u00fclt olvas\u00e1si id\u0151":"1 perc"},"schema":{"@context":"https:\/\/schema.org","@graph":[{"@type":"WebPage","@id":"https:\/\/alexbutor.hu\/iskolabutor\/kategoriak\/kollegium-hostel-munkasszallas-butorai\/borovi-fenyo-kollegiumi-butorok\/","url":"https:\/\/alexbutor.hu\/iskolabutor\/kategoriak\/kollegium-hostel-munkasszallas-butorai\/borovi-fenyo-kollegiumi-butorok\/","name":"Borovi feny\u0151 koll\u00e9giumi b\u00fatorok - Iskolab\u00fator","isPartOf":{"@id":"https:\/\/alexbutor.hu\/iskolabutor\/#website"},"primaryImageOfPage":{"@id":"https:\/\/alexbutor.hu\/iskolabutor\/kategoriak\/kollegium-hostel-munkasszallas-butorai\/borovi-fenyo-kollegiumi-butorok\/#primaryimage"},"image":{"@id":"https:\/\/alexbutor.hu\/iskolabutor\/kategoriak\/kollegium-hostel-munkasszallas-butorai\/borovi-fenyo-kollegiumi-butorok\/#primaryimage"},"thumbnailUrl":"https:\/\/alexbutor.hu\/iskolabutor\/wp-content\/uploads\/2017\/05\/Iskolabutor_18_00_Borovi_fenyo_kollegiumi_butorok.jpg","datePublished":"2017-05-24T10:26:52+00:00","dateModified":"2017-08-08T11:01:37+00:00","breadcrumb":{"@id":"https:\/\/alexbutor.hu\/iskolabutor\/kategoriak\/kollegium-hostel-munkasszallas-butorai\/borovi-fenyo-kollegiumi-butorok\/#breadcrumb"},"inLanguage":"hu","potentialAction":[{"@type":"ReadAction","target":["https:\/\/alexbutor.hu\/iskolabutor\/kategoriak\/kollegium-hostel-munkasszallas-butorai\/borovi-fenyo-kollegiumi-butorok\/"]}]},{"@type":"ImageObject","inLanguage":"hu","@id":"https:\/\/alexbutor.hu\/iskolabutor\/kategoriak\/kollegium-hostel-munkasszallas-butorai\/borovi-fenyo-kollegiumi-butorok\/#primaryimage","url":"https:\/\/alexbutor.hu\/iskolabutor\/wp-content\/uploads\/2017\/05\/Iskolabutor_18_00_Borovi_fenyo_kollegiumi_butorok.jpg","contentUrl":"https:\/\/alexbutor.hu\/iskolabutor\/wp-content\/uploads\/2017\/05\/Iskolabutor_18_00_Borovi_fenyo_kollegiumi_butorok.jpg","width":800,"height":560},{"@type":"BreadcrumbList","@id":"https:\/\/alexbutor.hu\/iskolabutor\/kategoriak\/kollegium-hostel-munkasszallas-butorai\/borovi-fenyo-kollegiumi-butorok\/#breadcrumb","itemListElement":[{"@type":"ListItem","position":1,"name":"Home","item":"https:\/\/alexbutor.hu\/iskolabutor\/"},{"@type":"ListItem","position":2,"name":"Term\u00e9kek","item":"https:\/\/alexbutor.hu\/iskolabutor\/kategoriak\/"},{"@type":"ListItem","position":3,"name":"Koll\u00e9gium-hostel-munk\u00e1ssz\u00e1ll\u00e1s b\u00fatorai","item":"https:\/\/alexbutor.hu\/iskolabutor\/kategoriak\/kollegium-hostel-munkasszallas-butorai\/"},{"@type":"ListItem","position":4,"name":"Borovi feny\u0151 koll\u00e9giumi b\u00fatorok"}]},{"@type":"WebSite","@id":"https:\/\/alexbutor.hu\/iskolabutor\/#website","url":"https:\/\/alexbutor.hu\/iskolabutor\/","name":"Iskolab\u00fator","description":"Minden t\u00e9rben megold\u00e1s","potentialAction":[{"@type":"SearchAction","target":{"@type":"EntryPoint","urlTemplate":"https:\/\/alexbutor.hu\/iskolabutor\/?s={search_term_string}"},"query-input":{"@type":"PropertyValueSpecification","valueRequired":true,"valueName":"search_term_string"}}],"inLanguage":"hu"}]}},"_links":{"self":[{"href":"https:\/\/alexbutor.hu\/iskolabutor\/wp-json\/wp\/v2\/pages\/48657"}],"collection":[{"href":"https:\/\/alexbutor.hu\/iskolabutor\/wp-json\/wp\/v2\/pages"}],"about":[{"href":"https:\/\/alexbutor.hu\/iskolabutor\/wp-json\/wp\/v2\/types\/page"}],"author":[{"embeddable":true,"href":"https:\/\/alexbutor.hu\/iskolabutor\/wp-json\/wp\/v2\/users\/3"}],"replies":[{"embeddable":true,"href":"https:\/\/alexbutor.hu\/iskolabutor\/wp-json\/wp\/v2\/comments?post=48657"}],"version-history":[{"count":4,"href":"https:\/\/alexbutor.hu\/iskolabutor\/wp-json\/wp\/v2\/pages\/48657\/revisions"}],"predecessor-version":[{"id":69361,"href":"https:\/\/alexbutor.hu\/iskolabutor\/wp-json\/wp\/v2\/pages\/48657\/revisions\/69361"}],"up":[{"embeddable":true,"href":"https:\/\/alexbutor.hu\/iskolabutor\/wp-json\/wp\/v2\/pages\/48643"}],"wp:featuredmedia":[{"embeddable":true,"href":"https:\/\/alexbutor.hu\/iskolabutor\/wp-json\/wp\/v2\/media\/49063"}],"wp:attachment":[{"href":"https:\/\/alexbutor.hu\/iskolabutor\/wp-json\/wp\/v2\/media?parent=48657"}],"curies":[{"name":"wp","href":"https:\/\/api.w.org\/{rel}","templated":true}]}}