{"id":51663,"date":"2017-06-13T12:59:03","date_gmt":"2017-06-13T12:59:03","guid":{"rendered":"http:\/\/alexbutor.hu\/iskolabutor\/?page_id=51663"},"modified":"2025-05-28T11:09:21","modified_gmt":"2025-05-28T10:09:21","slug":"iskolabutor-szinvalasztek","status":"publish","type":"page","link":"https:\/\/alexbutor.hu\/iskolabutor\/katalogusok\/iskolabutor-szinvalasztek\/","title":{"rendered":"Korcsoporti t\u00e1bl\u00e1zat \u00e9s sz\u00ednek"},"content":{"rendered":"<div class=\"row \"><div class=\"span12 \"><img loading=\"lazy\" decoding=\"async\" src=\"https:\/\/alexbutor.hu\/iskolabutor\/wp-content\/uploads\/2025\/05\/SzinekKorcsoport-scaled.jpg\" alt=\"\" width=\"1405\" height=\"2560\" class=\"aligncenter size-full wp-image-140905\" srcset=\"https:\/\/alexbutor.hu\/iskolabutor\/wp-content\/uploads\/2025\/05\/SzinekKorcsoport-scaled.jpg 1405w, https:\/\/alexbutor.hu\/iskolabutor\/wp-content\/uploads\/2025\/05\/SzinekKorcsoport-165x300.jpg 165w, https:\/\/alexbutor.hu\/iskolabutor\/wp-content\/uploads\/2025\/05\/SzinekKorcsoport-562x1024.jpg 562w, https:\/\/alexbutor.hu\/iskolabutor\/wp-content\/uploads\/2025\/05\/SzinekKorcsoport-768x1400.jpg 768w, https:\/\/alexbutor.hu\/iskolabutor\/wp-content\/uploads\/2025\/05\/SzinekKorcsoport-843x1536.jpg 843w, https:\/\/alexbutor.hu\/iskolabutor\/wp-content\/uploads\/2025\/05\/SzinekKorcsoport-1124x2048.jpg 1124w, https:\/\/alexbutor.hu\/iskolabutor\/wp-content\/uploads\/2025\/05\/SzinekKorcsoport-137x250.jpg 137w, https:\/\/alexbutor.hu\/iskolabutor\/wp-content\/uploads\/2025\/05\/SzinekKorcsoport-274x500.jpg 274w\" sizes=\"(max-width: 1405px) 100vw, 1405px\" \/><br \/><\/div><\/div><!-- .row (end) -->\n","protected":false},"excerpt":{"rendered":"","protected":false},"author":3,"featured_media":101425,"parent":13,"menu_order":0,"comment_status":"closed","ping_status":"closed","template":"page-fullwidth.php","meta":{"footnotes":""},"class_list":["post-51663","page","type-page","status-publish","has-post-thumbnail","hentry"],"yoast_head":"<!-- This site is optimized with the Yoast SEO plugin v23.5 - https:\/\/yoast.com\/wordpress\/plugins\/seo\/ -->\n<title>Korcsoporti t\u00e1bl\u00e1zat \u00e9s sz\u00ednek - Iskolab\u00fator<\/title>\n<meta name=\"robots\" content=\"index, follow, max-snippet:-1, max-image-preview:large, max-video-preview:-1\" \/>\n<link rel=\"canonical\" href=\"https:\/\/alexbutor.hu\/iskolabutor\/katalogusok\/iskolabutor-szinvalasztek\/\" \/>\n<meta property=\"og:locale\" content=\"hu_HU\" \/>\n<meta property=\"og:type\" content=\"article\" \/>\n<meta property=\"og:title\" content=\"Korcsoporti t\u00e1bl\u00e1zat \u00e9s sz\u00ednek - Iskolab\u00fator\" \/>\n<meta property=\"og:url\" content=\"https:\/\/alexbutor.hu\/iskolabutor\/katalogusok\/iskolabutor-szinvalasztek\/\" \/>\n<meta property=\"og:site_name\" content=\"Iskolab\u00fator\" \/>\n<meta property=\"article:modified_time\" content=\"2025-05-28T10:09:21+00:00\" \/>\n<meta property=\"og:image\" content=\"https:\/\/alexbutor.hu\/iskolabutor\/wp-content\/uploads\/2020\/04\/KorcsopSzinvalaszt_mockup_2020WEB.png\" \/>\n\t<meta property=\"og:image:width\" content=\"1920\" \/>\n\t<meta property=\"og:image:height\" content=\"1206\" \/>\n\t<meta property=\"og:image:type\" content=\"image\/png\" \/>\n<meta name=\"twitter:card\" content=\"summary_large_image\" \/>\n<meta name=\"twitter:label1\" content=\"Becs\u00fclt olvas\u00e1si id\u0151\" \/>\n\t<meta name=\"twitter:data1\" content=\"1 perc\" \/>\n<script type=\"application\/ld+json\" class=\"yoast-schema-graph\">{\"@context\":\"https:\/\/schema.org\",\"@graph\":[{\"@type\":\"WebPage\",\"@id\":\"https:\/\/alexbutor.hu\/iskolabutor\/katalogusok\/iskolabutor-szinvalasztek\/\",\"url\":\"https:\/\/alexbutor.hu\/iskolabutor\/katalogusok\/iskolabutor-szinvalasztek\/\",\"name\":\"Korcsoporti t\u00e1bl\u00e1zat \u00e9s sz\u00ednek - Iskolab\u00fator\",\"isPartOf\":{\"@id\":\"https:\/\/alexbutor.hu\/iskolabutor\/#website\"},\"primaryImageOfPage\":{\"@id\":\"https:\/\/alexbutor.hu\/iskolabutor\/katalogusok\/iskolabutor-szinvalasztek\/#primaryimage\"},\"image\":{\"@id\":\"https:\/\/alexbutor.hu\/iskolabutor\/katalogusok\/iskolabutor-szinvalasztek\/#primaryimage\"},\"thumbnailUrl\":\"https:\/\/alexbutor.hu\/iskolabutor\/wp-content\/uploads\/2020\/04\/KorcsopSzinvalaszt_mockup_2020WEB.png\",\"datePublished\":\"2017-06-13T12:59:03+00:00\",\"dateModified\":\"2025-05-28T10:09:21+00:00\",\"breadcrumb\":{\"@id\":\"https:\/\/alexbutor.hu\/iskolabutor\/katalogusok\/iskolabutor-szinvalasztek\/#breadcrumb\"},\"inLanguage\":\"hu\",\"potentialAction\":[{\"@type\":\"ReadAction\",\"target\":[\"https:\/\/alexbutor.hu\/iskolabutor\/katalogusok\/iskolabutor-szinvalasztek\/\"]}]},{\"@type\":\"ImageObject\",\"inLanguage\":\"hu\",\"@id\":\"https:\/\/alexbutor.hu\/iskolabutor\/katalogusok\/iskolabutor-szinvalasztek\/#primaryimage\",\"url\":\"https:\/\/alexbutor.hu\/iskolabutor\/wp-content\/uploads\/2020\/04\/KorcsopSzinvalaszt_mockup_2020WEB.png\",\"contentUrl\":\"https:\/\/alexbutor.hu\/iskolabutor\/wp-content\/uploads\/2020\/04\/KorcsopSzinvalaszt_mockup_2020WEB.png\",\"width\":1920,\"height\":1206},{\"@type\":\"BreadcrumbList\",\"@id\":\"https:\/\/alexbutor.hu\/iskolabutor\/katalogusok\/iskolabutor-szinvalasztek\/#breadcrumb\",\"itemListElement\":[{\"@type\":\"ListItem\",\"position\":1,\"name\":\"Home\",\"item\":\"https:\/\/alexbutor.hu\/iskolabutor\/\"},{\"@type\":\"ListItem\",\"position\":2,\"name\":\"Katal\u00f3gusok\",\"item\":\"https:\/\/alexbutor.hu\/iskolabutor\/katalogusok\/\"},{\"@type\":\"ListItem\",\"position\":3,\"name\":\"Korcsoporti t\u00e1bl\u00e1zat \u00e9s sz\u00ednek\"}]},{\"@type\":\"WebSite\",\"@id\":\"https:\/\/alexbutor.hu\/iskolabutor\/#website\",\"url\":\"https:\/\/alexbutor.hu\/iskolabutor\/\",\"name\":\"Iskolab\u00fator\",\"description\":\"Minden t\u00e9rben megold\u00e1s\",\"potentialAction\":[{\"@type\":\"SearchAction\",\"target\":{\"@type\":\"EntryPoint\",\"urlTemplate\":\"https:\/\/alexbutor.hu\/iskolabutor\/?s={search_term_string}\"},\"query-input\":{\"@type\":\"PropertyValueSpecification\",\"valueRequired\":true,\"valueName\":\"search_term_string\"}}],\"inLanguage\":\"hu\"}]}<\/script>\n<!-- \/ Yoast SEO plugin. -->","yoast_head_json":{"title":"Korcsoporti t\u00e1bl\u00e1zat \u00e9s sz\u00ednek - Iskolab\u00fator","robots":{"index":"index","follow":"follow","max-snippet":"max-snippet:-1","max-image-preview":"max-image-preview:large","max-video-preview":"max-video-preview:-1"},"canonical":"https:\/\/alexbutor.hu\/iskolabutor\/katalogusok\/iskolabutor-szinvalasztek\/","og_locale":"hu_HU","og_type":"article","og_title":"Korcsoporti t\u00e1bl\u00e1zat \u00e9s sz\u00ednek - Iskolab\u00fator","og_url":"https:\/\/alexbutor.hu\/iskolabutor\/katalogusok\/iskolabutor-szinvalasztek\/","og_site_name":"Iskolab\u00fator","article_modified_time":"2025-05-28T10:09:21+00:00","og_image":[{"width":1920,"height":1206,"url":"https:\/\/alexbutor.hu\/iskolabutor\/wp-content\/uploads\/2020\/04\/KorcsopSzinvalaszt_mockup_2020WEB.png","type":"image\/png"}],"twitter_card":"summary_large_image","twitter_misc":{"Becs\u00fclt olvas\u00e1si id\u0151":"1 perc"},"schema":{"@context":"https:\/\/schema.org","@graph":[{"@type":"WebPage","@id":"https:\/\/alexbutor.hu\/iskolabutor\/katalogusok\/iskolabutor-szinvalasztek\/","url":"https:\/\/alexbutor.hu\/iskolabutor\/katalogusok\/iskolabutor-szinvalasztek\/","name":"Korcsoporti t\u00e1bl\u00e1zat \u00e9s sz\u00ednek - Iskolab\u00fator","isPartOf":{"@id":"https:\/\/alexbutor.hu\/iskolabutor\/#website"},"primaryImageOfPage":{"@id":"https:\/\/alexbutor.hu\/iskolabutor\/katalogusok\/iskolabutor-szinvalasztek\/#primaryimage"},"image":{"@id":"https:\/\/alexbutor.hu\/iskolabutor\/katalogusok\/iskolabutor-szinvalasztek\/#primaryimage"},"thumbnailUrl":"https:\/\/alexbutor.hu\/iskolabutor\/wp-content\/uploads\/2020\/04\/KorcsopSzinvalaszt_mockup_2020WEB.png","datePublished":"2017-06-13T12:59:03+00:00","dateModified":"2025-05-28T10:09:21+00:00","breadcrumb":{"@id":"https:\/\/alexbutor.hu\/iskolabutor\/katalogusok\/iskolabutor-szinvalasztek\/#breadcrumb"},"inLanguage":"hu","potentialAction":[{"@type":"ReadAction","target":["https:\/\/alexbutor.hu\/iskolabutor\/katalogusok\/iskolabutor-szinvalasztek\/"]}]},{"@type":"ImageObject","inLanguage":"hu","@id":"https:\/\/alexbutor.hu\/iskolabutor\/katalogusok\/iskolabutor-szinvalasztek\/#primaryimage","url":"https:\/\/alexbutor.hu\/iskolabutor\/wp-content\/uploads\/2020\/04\/KorcsopSzinvalaszt_mockup_2020WEB.png","contentUrl":"https:\/\/alexbutor.hu\/iskolabutor\/wp-content\/uploads\/2020\/04\/KorcsopSzinvalaszt_mockup_2020WEB.png","width":1920,"height":1206},{"@type":"BreadcrumbList","@id":"https:\/\/alexbutor.hu\/iskolabutor\/katalogusok\/iskolabutor-szinvalasztek\/#breadcrumb","itemListElement":[{"@type":"ListItem","position":1,"name":"Home","item":"https:\/\/alexbutor.hu\/iskolabutor\/"},{"@type":"ListItem","position":2,"name":"Katal\u00f3gusok","item":"https:\/\/alexbutor.hu\/iskolabutor\/katalogusok\/"},{"@type":"ListItem","position":3,"name":"Korcsoporti t\u00e1bl\u00e1zat \u00e9s sz\u00ednek"}]},{"@type":"WebSite","@id":"https:\/\/alexbutor.hu\/iskolabutor\/#website","url":"https:\/\/alexbutor.hu\/iskolabutor\/","name":"Iskolab\u00fator","description":"Minden t\u00e9rben megold\u00e1s","potentialAction":[{"@type":"SearchAction","target":{"@type":"EntryPoint","urlTemplate":"https:\/\/alexbutor.hu\/iskolabutor\/?s={search_term_string}"},"query-input":{"@type":"PropertyValueSpecification","valueRequired":true,"valueName":"search_term_string"}}],"inLanguage":"hu"}]}},"_links":{"self":[{"href":"https:\/\/alexbutor.hu\/iskolabutor\/wp-json\/wp\/v2\/pages\/51663"}],"collection":[{"href":"https:\/\/alexbutor.hu\/iskolabutor\/wp-json\/wp\/v2\/pages"}],"about":[{"href":"https:\/\/alexbutor.hu\/iskolabutor\/wp-json\/wp\/v2\/types\/page"}],"author":[{"embeddable":true,"href":"https:\/\/alexbutor.hu\/iskolabutor\/wp-json\/wp\/v2\/users\/3"}],"replies":[{"embeddable":true,"href":"https:\/\/alexbutor.hu\/iskolabutor\/wp-json\/wp\/v2\/comments?post=51663"}],"version-history":[{"count":5,"href":"https:\/\/alexbutor.hu\/iskolabutor\/wp-json\/wp\/v2\/pages\/51663\/revisions"}],"predecessor-version":[{"id":140906,"href":"https:\/\/alexbutor.hu\/iskolabutor\/wp-json\/wp\/v2\/pages\/51663\/revisions\/140906"}],"up":[{"embeddable":true,"href":"https:\/\/alexbutor.hu\/iskolabutor\/wp-json\/wp\/v2\/pages\/13"}],"wp:featuredmedia":[{"embeddable":true,"href":"https:\/\/alexbutor.hu\/iskolabutor\/wp-json\/wp\/v2\/media\/101425"}],"wp:attachment":[{"href":"https:\/\/alexbutor.hu\/iskolabutor\/wp-json\/wp\/v2\/media?parent=51663"}],"curies":[{"name":"wp","href":"https:\/\/api.w.org\/{rel}","templated":true}]}}