{"id":91903,"date":"2018-12-14T14:44:56","date_gmt":"2018-12-14T13:44:56","guid":{"rendered":"http:\/\/alexbutor.hu\/iskolabutor\/?page_id=91903"},"modified":"2026-04-08T13:32:04","modified_gmt":"2026-04-08T12:32:04","slug":"szechenyi2020","status":"publish","type":"page","link":"https:\/\/alexbutor.hu\/iskolabutor\/szechenyi2020\/","title":{"rendered":"Sz\u00e9chenyi 2020"},"content":{"rendered":"<style>.content-holder {background-color: #fff;}<\/style>\n<p><img loading=\"lazy\" decoding=\"async\" width=\"1684\" height=\"1191\" src=\"https:\/\/alexbutor.hu\/iskolabutor\/wp-content\/uploads\/2022\/05\/image001.png\" alt=\"\" class=\"aligncenter size-full wp-image-118719\" \/><\/p>\n<p><img loading=\"lazy\" decoding=\"async\" src=\"https:\/\/alexbutor.hu\/iskolabutor\/wp-content\/uploads\/2019\/10\/szechenyi2020-2.png\" alt=\"\" width=\"267\" height=\"100\" class=\"aligncenter size-full wp-image-97437\" \/><\/p>\n<p><img loading=\"lazy\" decoding=\"async\" src=\"https:\/\/alexbutor.hu\/iskolabutor\/wp-content\/uploads\/2019\/10\/sz2020uj.jpg\" alt=\"\" width=\"1216\" height=\"867\" class=\"aligncenter size-full wp-image-97432\" srcset=\"https:\/\/alexbutor.hu\/iskolabutor\/wp-content\/uploads\/2019\/10\/sz2020uj.jpg 1216w, https:\/\/alexbutor.hu\/iskolabutor\/wp-content\/uploads\/2019\/10\/sz2020uj-300x214.jpg 300w, https:\/\/alexbutor.hu\/iskolabutor\/wp-content\/uploads\/2019\/10\/sz2020uj-768x548.jpg 768w, https:\/\/alexbutor.hu\/iskolabutor\/wp-content\/uploads\/2019\/10\/sz2020uj-1024x730.jpg 1024w, https:\/\/alexbutor.hu\/iskolabutor\/wp-content\/uploads\/2019\/10\/sz2020uj-351x250.jpg 351w, https:\/\/alexbutor.hu\/iskolabutor\/wp-content\/uploads\/2019\/10\/sz2020uj-701x500.jpg 701w\" sizes=\"(max-width: 1216px) 100vw, 1216px\" \/><\/p>\n<p><img loading=\"lazy\" decoding=\"async\" src=\"https:\/\/alexbutor.hu\/iskolabutor\/wp-content\/uploads\/2019\/10\/szechenyi2020-2.png\" alt=\"\" width=\"267\" height=\"100\" class=\"aligncenter size-full wp-image-97437\" \/><\/p>\n<p><img loading=\"lazy\" decoding=\"async\" src=\"https:\/\/alexbutor.hu\/iskolabutor\/wp-content\/uploads\/2018\/12\/vekop_1_3_1_16_2016_00081_d_fekvo_nyomdai.jpg\" alt=\"\" width=\"4980\" height=\"3515\" class=\"alignnone size-full wp-image-91904\" srcset=\"https:\/\/alexbutor.hu\/iskolabutor\/wp-content\/uploads\/2018\/12\/vekop_1_3_1_16_2016_00081_d_fekvo_nyomdai.jpg 4980w, https:\/\/alexbutor.hu\/iskolabutor\/wp-content\/uploads\/2018\/12\/vekop_1_3_1_16_2016_00081_d_fekvo_nyomdai-300x212.jpg 300w, https:\/\/alexbutor.hu\/iskolabutor\/wp-content\/uploads\/2018\/12\/vekop_1_3_1_16_2016_00081_d_fekvo_nyomdai-768x542.jpg 768w, https:\/\/alexbutor.hu\/iskolabutor\/wp-content\/uploads\/2018\/12\/vekop_1_3_1_16_2016_00081_d_fekvo_nyomdai-1024x723.jpg 1024w, https:\/\/alexbutor.hu\/iskolabutor\/wp-content\/uploads\/2018\/12\/vekop_1_3_1_16_2016_00081_d_fekvo_nyomdai-354x250.jpg 354w, https:\/\/alexbutor.hu\/iskolabutor\/wp-content\/uploads\/2018\/12\/vekop_1_3_1_16_2016_00081_d_fekvo_nyomdai-708x500.jpg 708w\" sizes=\"(max-width: 4980px) 100vw, 4980px\" \/><\/p>\n<p><img loading=\"lazy\" decoding=\"async\" src=\"https:\/\/alexbutor.hu\/iskolabutor\/wp-content\/uploads\/2026\/04\/GINOP_PLUSZ_14324_0326_v2.png\" alt=\"\" width=\"1845\" height=\"2560\" class=\"aligncenter size-full wp-image-161252\" srcset=\"https:\/\/alexbutor.hu\/iskolabutor\/wp-content\/uploads\/2026\/04\/GINOP_PLUSZ_14324_0326_v2.png 1845w, https:\/\/alexbutor.hu\/iskolabutor\/wp-content\/uploads\/2026\/04\/GINOP_PLUSZ_14324_0326_v2-216x300.png 216w, https:\/\/alexbutor.hu\/iskolabutor\/wp-content\/uploads\/2026\/04\/GINOP_PLUSZ_14324_0326_v2-738x1024.png 738w, https:\/\/alexbutor.hu\/iskolabutor\/wp-content\/uploads\/2026\/04\/GINOP_PLUSZ_14324_0326_v2-768x1066.png 768w, https:\/\/alexbutor.hu\/iskolabutor\/wp-content\/uploads\/2026\/04\/GINOP_PLUSZ_14324_0326_v2-1107x1536.png 1107w, https:\/\/alexbutor.hu\/iskolabutor\/wp-content\/uploads\/2026\/04\/GINOP_PLUSZ_14324_0326_v2-1476x2048.png 1476w, https:\/\/alexbutor.hu\/iskolabutor\/wp-content\/uploads\/2026\/04\/GINOP_PLUSZ_14324_0326_v2-180x250.png 180w, https:\/\/alexbutor.hu\/iskolabutor\/wp-content\/uploads\/2026\/04\/GINOP_PLUSZ_14324_0326_v2-360x500.png 360w\" sizes=\"(max-width: 1845px) 100vw, 1845px\" \/><\/p>\n","protected":false},"excerpt":{"rendered":"","protected":false},"author":3,"featured_media":91904,"parent":0,"menu_order":0,"comment_status":"closed","ping_status":"closed","template":"page-fullwidth.php","meta":{"footnotes":""},"class_list":["post-91903","page","type-page","status-publish","has-post-thumbnail","hentry"],"yoast_head":"<!-- This site is optimized with the Yoast SEO plugin v23.5 - https:\/\/yoast.com\/wordpress\/plugins\/seo\/ -->\n<title>Sz\u00e9chenyi 2020 - Iskolab\u00fator<\/title>\n<meta name=\"robots\" content=\"index, follow, max-snippet:-1, max-image-preview:large, max-video-preview:-1\" \/>\n<link rel=\"canonical\" href=\"https:\/\/alexbutor.hu\/iskolabutor\/szechenyi2020\/\" \/>\n<meta property=\"og:locale\" content=\"hu_HU\" \/>\n<meta property=\"og:type\" content=\"article\" \/>\n<meta property=\"og:title\" content=\"Sz\u00e9chenyi 2020 - Iskolab\u00fator\" \/>\n<meta property=\"og:url\" content=\"https:\/\/alexbutor.hu\/iskolabutor\/szechenyi2020\/\" \/>\n<meta property=\"og:site_name\" content=\"Iskolab\u00fator\" \/>\n<meta property=\"article:modified_time\" content=\"2026-04-08T12:32:04+00:00\" \/>\n<meta property=\"og:image\" content=\"https:\/\/alexbutor.hu\/iskolabutor\/wp-content\/uploads\/2018\/12\/vekop_1_3_1_16_2016_00081_d_fekvo_nyomdai.jpg\" \/>\n\t<meta property=\"og:image:width\" content=\"4980\" \/>\n\t<meta property=\"og:image:height\" content=\"3515\" \/>\n\t<meta property=\"og:image:type\" content=\"image\/jpeg\" \/>\n<meta name=\"twitter:card\" content=\"summary_large_image\" \/>\n<meta name=\"twitter:label1\" content=\"Becs\u00fclt olvas\u00e1si id\u0151\" \/>\n\t<meta name=\"twitter:data1\" content=\"2 perc\" \/>\n<script type=\"application\/ld+json\" class=\"yoast-schema-graph\">{\"@context\":\"https:\/\/schema.org\",\"@graph\":[{\"@type\":\"WebPage\",\"@id\":\"https:\/\/alexbutor.hu\/iskolabutor\/szechenyi2020\/\",\"url\":\"https:\/\/alexbutor.hu\/iskolabutor\/szechenyi2020\/\",\"name\":\"Sz\u00e9chenyi 2020 - Iskolab\u00fator\",\"isPartOf\":{\"@id\":\"https:\/\/alexbutor.hu\/iskolabutor\/#website\"},\"primaryImageOfPage\":{\"@id\":\"https:\/\/alexbutor.hu\/iskolabutor\/szechenyi2020\/#primaryimage\"},\"image\":{\"@id\":\"https:\/\/alexbutor.hu\/iskolabutor\/szechenyi2020\/#primaryimage\"},\"thumbnailUrl\":\"https:\/\/alexbutor.hu\/iskolabutor\/wp-content\/uploads\/2018\/12\/vekop_1_3_1_16_2016_00081_d_fekvo_nyomdai.jpg\",\"datePublished\":\"2018-12-14T13:44:56+00:00\",\"dateModified\":\"2026-04-08T12:32:04+00:00\",\"breadcrumb\":{\"@id\":\"https:\/\/alexbutor.hu\/iskolabutor\/szechenyi2020\/#breadcrumb\"},\"inLanguage\":\"hu\",\"potentialAction\":[{\"@type\":\"ReadAction\",\"target\":[\"https:\/\/alexbutor.hu\/iskolabutor\/szechenyi2020\/\"]}]},{\"@type\":\"ImageObject\",\"inLanguage\":\"hu\",\"@id\":\"https:\/\/alexbutor.hu\/iskolabutor\/szechenyi2020\/#primaryimage\",\"url\":\"https:\/\/alexbutor.hu\/iskolabutor\/wp-content\/uploads\/2018\/12\/vekop_1_3_1_16_2016_00081_d_fekvo_nyomdai.jpg\",\"contentUrl\":\"https:\/\/alexbutor.hu\/iskolabutor\/wp-content\/uploads\/2018\/12\/vekop_1_3_1_16_2016_00081_d_fekvo_nyomdai.jpg\",\"width\":4980,\"height\":3515},{\"@type\":\"BreadcrumbList\",\"@id\":\"https:\/\/alexbutor.hu\/iskolabutor\/szechenyi2020\/#breadcrumb\",\"itemListElement\":[{\"@type\":\"ListItem\",\"position\":1,\"name\":\"Home\",\"item\":\"https:\/\/alexbutor.hu\/iskolabutor\/\"},{\"@type\":\"ListItem\",\"position\":2,\"name\":\"Sz\u00e9chenyi 2020\"}]},{\"@type\":\"WebSite\",\"@id\":\"https:\/\/alexbutor.hu\/iskolabutor\/#website\",\"url\":\"https:\/\/alexbutor.hu\/iskolabutor\/\",\"name\":\"Iskolab\u00fator\",\"description\":\"Minden t\u00e9rben megold\u00e1s\",\"potentialAction\":[{\"@type\":\"SearchAction\",\"target\":{\"@type\":\"EntryPoint\",\"urlTemplate\":\"https:\/\/alexbutor.hu\/iskolabutor\/?s={search_term_string}\"},\"query-input\":{\"@type\":\"PropertyValueSpecification\",\"valueRequired\":true,\"valueName\":\"search_term_string\"}}],\"inLanguage\":\"hu\"}]}<\/script>\n<!-- \/ Yoast SEO plugin. -->","yoast_head_json":{"title":"Sz\u00e9chenyi 2020 - Iskolab\u00fator","robots":{"index":"index","follow":"follow","max-snippet":"max-snippet:-1","max-image-preview":"max-image-preview:large","max-video-preview":"max-video-preview:-1"},"canonical":"https:\/\/alexbutor.hu\/iskolabutor\/szechenyi2020\/","og_locale":"hu_HU","og_type":"article","og_title":"Sz\u00e9chenyi 2020 - Iskolab\u00fator","og_url":"https:\/\/alexbutor.hu\/iskolabutor\/szechenyi2020\/","og_site_name":"Iskolab\u00fator","article_modified_time":"2026-04-08T12:32:04+00:00","og_image":[{"width":4980,"height":3515,"url":"https:\/\/alexbutor.hu\/iskolabutor\/wp-content\/uploads\/2018\/12\/vekop_1_3_1_16_2016_00081_d_fekvo_nyomdai.jpg","type":"image\/jpeg"}],"twitter_card":"summary_large_image","twitter_misc":{"Becs\u00fclt olvas\u00e1si id\u0151":"2 perc"},"schema":{"@context":"https:\/\/schema.org","@graph":[{"@type":"WebPage","@id":"https:\/\/alexbutor.hu\/iskolabutor\/szechenyi2020\/","url":"https:\/\/alexbutor.hu\/iskolabutor\/szechenyi2020\/","name":"Sz\u00e9chenyi 2020 - Iskolab\u00fator","isPartOf":{"@id":"https:\/\/alexbutor.hu\/iskolabutor\/#website"},"primaryImageOfPage":{"@id":"https:\/\/alexbutor.hu\/iskolabutor\/szechenyi2020\/#primaryimage"},"image":{"@id":"https:\/\/alexbutor.hu\/iskolabutor\/szechenyi2020\/#primaryimage"},"thumbnailUrl":"https:\/\/alexbutor.hu\/iskolabutor\/wp-content\/uploads\/2018\/12\/vekop_1_3_1_16_2016_00081_d_fekvo_nyomdai.jpg","datePublished":"2018-12-14T13:44:56+00:00","dateModified":"2026-04-08T12:32:04+00:00","breadcrumb":{"@id":"https:\/\/alexbutor.hu\/iskolabutor\/szechenyi2020\/#breadcrumb"},"inLanguage":"hu","potentialAction":[{"@type":"ReadAction","target":["https:\/\/alexbutor.hu\/iskolabutor\/szechenyi2020\/"]}]},{"@type":"ImageObject","inLanguage":"hu","@id":"https:\/\/alexbutor.hu\/iskolabutor\/szechenyi2020\/#primaryimage","url":"https:\/\/alexbutor.hu\/iskolabutor\/wp-content\/uploads\/2018\/12\/vekop_1_3_1_16_2016_00081_d_fekvo_nyomdai.jpg","contentUrl":"https:\/\/alexbutor.hu\/iskolabutor\/wp-content\/uploads\/2018\/12\/vekop_1_3_1_16_2016_00081_d_fekvo_nyomdai.jpg","width":4980,"height":3515},{"@type":"BreadcrumbList","@id":"https:\/\/alexbutor.hu\/iskolabutor\/szechenyi2020\/#breadcrumb","itemListElement":[{"@type":"ListItem","position":1,"name":"Home","item":"https:\/\/alexbutor.hu\/iskolabutor\/"},{"@type":"ListItem","position":2,"name":"Sz\u00e9chenyi 2020"}]},{"@type":"WebSite","@id":"https:\/\/alexbutor.hu\/iskolabutor\/#website","url":"https:\/\/alexbutor.hu\/iskolabutor\/","name":"Iskolab\u00fator","description":"Minden t\u00e9rben megold\u00e1s","potentialAction":[{"@type":"SearchAction","target":{"@type":"EntryPoint","urlTemplate":"https:\/\/alexbutor.hu\/iskolabutor\/?s={search_term_string}"},"query-input":{"@type":"PropertyValueSpecification","valueRequired":true,"valueName":"search_term_string"}}],"inLanguage":"hu"}]}},"_links":{"self":[{"href":"https:\/\/alexbutor.hu\/iskolabutor\/wp-json\/wp\/v2\/pages\/91903"}],"collection":[{"href":"https:\/\/alexbutor.hu\/iskolabutor\/wp-json\/wp\/v2\/pages"}],"about":[{"href":"https:\/\/alexbutor.hu\/iskolabutor\/wp-json\/wp\/v2\/types\/page"}],"author":[{"embeddable":true,"href":"https:\/\/alexbutor.hu\/iskolabutor\/wp-json\/wp\/v2\/users\/3"}],"replies":[{"embeddable":true,"href":"https:\/\/alexbutor.hu\/iskolabutor\/wp-json\/wp\/v2\/comments?post=91903"}],"version-history":[{"count":10,"href":"https:\/\/alexbutor.hu\/iskolabutor\/wp-json\/wp\/v2\/pages\/91903\/revisions"}],"predecessor-version":[{"id":161253,"href":"https:\/\/alexbutor.hu\/iskolabutor\/wp-json\/wp\/v2\/pages\/91903\/revisions\/161253"}],"wp:featuredmedia":[{"embeddable":true,"href":"https:\/\/alexbutor.hu\/iskolabutor\/wp-json\/wp\/v2\/media\/91904"}],"wp:attachment":[{"href":"https:\/\/alexbutor.hu\/iskolabutor\/wp-json\/wp\/v2\/media?parent=91903"}],"curies":[{"name":"wp","href":"https:\/\/api.w.org\/{rel}","templated":true}]}}