{"id":13,"date":"2016-06-08T07:58:17","date_gmt":"2016-06-08T07:58:17","guid":{"rendered":"http:\/\/szallodabutor.hu\/?page_id=13"},"modified":"2025-10-02T15:32:28","modified_gmt":"2025-10-02T14:32:28","slug":"katalogusok","status":"publish","type":"page","link":"https:\/\/alexbutor.hu\/oltozobutor\/katalogusok\/","title":{"rendered":"Katal\u00f3gusok"},"content":{"rendered":"<div class=\"row \"><div class=\"span12 \"><strong>A katal\u00f3gusaink gyors megtekint\u00e9s\u00e9hez k\u00e9rj\u00fck kattintson a k\u00e9pekre.<\/strong><\/div><\/div><!-- .row (end) -->\n<div class=\"row \">\n<div class=\"span6 \"><a href=\"https:\/\/alexbutor.hu\/oltozobutor\/katalogusok\/oltozobutor-katalogus-2\/\" target=\"_blank\" rel=\"noopener\"><img decoding=\"async\" src=\"https:\/\/alexbutor.hu\/oltozobutor\/wp-content\/uploads\/2025\/10\/Oltozo_Mockup_5-scaled.webp\" alt=\"\u00d6LT\u00d6Z\u0150B\u00daTOR KATAL\u00d3GUS\" class=\"alignnone\" \/><\/a><\/p>\n<h3>\u00d6LT\u00d6Z\u0150B\u00daTOR KATAL\u00d3GUS<\/h3>\n<p><a href=\"https:\/\/alexbutor.hu\/oltozobutor\/wp-content\/uploads\/2023\/06\/OltozoKatalogus_2025.pdf\" target=\"_blank\" rel=\"noopener noreferrer\"><\/p>\n<p>PDF let\u00f6lt\u00e9s<\/p>\n<p><\/a><br \/><\/div><div class=\"span6 \"><a href=\"https:\/\/alexbutor.hu\/oltozobutor\/katalogusok\/oltozobutor-katalogus\/\"><img loading=\"lazy\" decoding=\"async\" src=\"https:\/\/alexbutor.hu\/oltozobutor\/wp-content\/uploads\/2022\/05\/2022_oltozo_kat_mockup.png\" alt=\"\" width=\"604\" height=\"379\" class=\"alignnone size-large\" \/><\/a><\/p>\n<h3>\u00d6LT\u00d6Z\u0150B\u00daTOR KATAL\u00d3GUS 2022<\/h3>\n<p><a href=\"https:\/\/alexbutor.hu\/oltozobutor\/wp-content\/uploads\/2024\/11\/oltozo_kat_2024_web.pdf\" target=\"_blank\" rel=\"noopener noreferrer\"><\/p>\n<p>PDF let\u00f6lt\u00e9s<\/p>\n<p><\/a><br \/><\/div>\n<\/div><!-- .row (end) -->\n<div class=\"row \">\n<div class=\"span6 \"><a href=\"https:\/\/alexbutor.hu\/oltozobutor\/wp-content\/uploads\/2023\/03\/mailing_oltozo_februar.pdf\" target=\"_blank\" rel=\"noopener\"><img decoding=\"async\" src=\"https:\/\/alexbutor.hu\/oltozobutor\/wp-content\/uploads\/2023\/03\/latvany_oltozo_mailing_februar-1.png\" alt=\"Minden t\u00e9rben megold\u00e1s\" class=\"alignnone\" \/><\/a><\/p>\n<h3>Minden t\u00e9rben megold\u00e1s<\/h3>\n<p><a href=\"https:\/\/alexbutor.hu\/oltozobutor\/wp-content\/uploads\/2023\/03\/mailing_oltozo_februar.pdf\" target=\"_blank\" rel=\"noopener noreferrer\"><\/p>\n<p>PDF let\u00f6lt\u00e9s<\/p>\n<p><\/a><br \/><\/div>\n<div class=\"span6 \"><a href=\"https:\/\/alexbutor.hu\/oltozobutor\/wp-content\/uploads\/2022\/08\/Mailing_oltozo_2022_JULIUS_web.pdf\" target=\"_blank\" rel=\"noopener\"><img decoding=\"async\" src=\"https:\/\/alexbutor.hu\/oltozobutor\/wp-content\/uploads\/2022\/08\/MailingOltozo_mockup.png\" alt=\"Minden t\u00e9rben megold\u00e1s\" class=\"alignnone\" \/><\/a><\/p>\n<h3>Minden t\u00e9rben megold\u00e1s<\/h3>\n<p><a href=\"https:\/\/alexbutor.hu\/oltozobutor\/wp-content\/uploads\/2022\/08\/Mailing_oltozo_2022_JULIUS_web.pdf\" target=\"_blank\" rel=\"noopener noreferrer\"><\/p>\n<p>PDF let\u00f6lt\u00e9s<\/p>\n<p><\/a><br \/><\/div>\n<\/div><!-- .row (end) -->\n<div class=\"row \">\n<div class=\"span6 \"><a href=\"https:\/\/alexbutor.hu\/oltozobutor\/wp-content\/uploads\/2022\/05\/Mailing_oltozo_2022_FEBRUAR2.pdf\" target=\"_blank\" rel=\"noopener\"><img decoding=\"async\" src=\"https:\/\/alexbutor.hu\/oltozobutor\/wp-content\/uploads\/2022\/05\/Mailing_oltozo_mockup.png\" alt=\"Maxim\u00e1lis \u00f6lt\u00f6z\u0151i komfort\" class=\"alignnone\" \/><\/a><\/p>\n<h3>Maxim\u00e1lis \u00f6lt\u00f6z\u0151i komfort<\/h3>\n<p><a href=\"https:\/\/alexbutor.hu\/oltozobutor\/wp-content\/uploads\/2022\/05\/Mailing_oltozo_2022_FEBRUAR2.pdf\" target=\"_blank\" rel=\"noopener noreferrer\"><\/p>\n<p>PDF let\u00f6lt\u00e9s<\/p>\n<p><\/a><br \/><\/div>\n<\/div><!-- .row (end) -->\n<div class=\"spacer\"><\/div><!-- .spacer (end) -->\n","protected":false},"excerpt":{"rendered":"","protected":false},"author":3,"featured_media":36277,"parent":0,"menu_order":0,"comment_status":"closed","ping_status":"closed","template":"page-fullwidth.php","meta":{"footnotes":""},"class_list":["post-13","page","type-page","status-publish","has-post-thumbnail","hentry"],"yoast_head":"<!-- This site is optimized with the Yoast SEO plugin v23.5 - https:\/\/yoast.com\/wordpress\/plugins\/seo\/ -->\n<title>Katal\u00f3gusok - \u00d6lt\u00f6z\u0151b\u00fator<\/title>\n<meta name=\"description\" content=\"Aktu\u00e1lis IPARI katal\u00f3gus \u00e9s \u00d6LT\u00d6Z\u0150B\u00daTOR katal\u00f3gus lapozhat\u00f3 \u00e9s let\u00f6lthet\u0151 form\u00e1tumban.\" \/>\n<meta name=\"robots\" content=\"index, follow, max-snippet:-1, max-image-preview:large, max-video-preview:-1\" \/>\n<link rel=\"canonical\" href=\"https:\/\/alexbutor.hu\/oltozobutor\/katalogusok\/\" \/>\n<meta property=\"og:locale\" content=\"hu_HU\" \/>\n<meta property=\"og:type\" content=\"article\" \/>\n<meta property=\"og:title\" content=\"Katal\u00f3gusok - \u00d6lt\u00f6z\u0151b\u00fator\" \/>\n<meta property=\"og:description\" content=\"Aktu\u00e1lis IPARI katal\u00f3gus \u00e9s \u00d6LT\u00d6Z\u0150B\u00daTOR katal\u00f3gus lapozhat\u00f3 \u00e9s let\u00f6lthet\u0151 form\u00e1tumban.\" \/>\n<meta property=\"og:url\" content=\"https:\/\/alexbutor.hu\/oltozobutor\/katalogusok\/\" \/>\n<meta property=\"og:site_name\" content=\"\u00d6lt\u00f6z\u0151b\u00fator\" \/>\n<meta property=\"article:modified_time\" content=\"2025-10-02T14:32:28+00:00\" \/>\n<meta property=\"og:image\" content=\"https:\/\/alexbutor.hu\/oltozobutor\/wp-content\/uploads\/2016\/06\/Ipari_katalogus_mockup_1920x1206.png\" \/>\n\t<meta property=\"og:image:width\" content=\"1920\" \/>\n\t<meta property=\"og:image:height\" content=\"1206\" \/>\n\t<meta property=\"og:image:type\" content=\"image\/png\" \/>\n<meta name=\"twitter:card\" content=\"summary_large_image\" \/>\n<meta name=\"twitter:label1\" content=\"Becs\u00fclt olvas\u00e1si id\u0151\" \/>\n\t<meta name=\"twitter:data1\" content=\"2 perc\" \/>\n<script type=\"application\/ld+json\" class=\"yoast-schema-graph\">{\"@context\":\"https:\/\/schema.org\",\"@graph\":[{\"@type\":\"WebPage\",\"@id\":\"https:\/\/alexbutor.hu\/oltozobutor\/katalogusok\/\",\"url\":\"https:\/\/alexbutor.hu\/oltozobutor\/katalogusok\/\",\"name\":\"Katal\u00f3gusok - \u00d6lt\u00f6z\u0151b\u00fator\",\"isPartOf\":{\"@id\":\"https:\/\/alexbutor.hu\/oltozobutor\/#website\"},\"primaryImageOfPage\":{\"@id\":\"https:\/\/alexbutor.hu\/oltozobutor\/katalogusok\/#primaryimage\"},\"image\":{\"@id\":\"https:\/\/alexbutor.hu\/oltozobutor\/katalogusok\/#primaryimage\"},\"thumbnailUrl\":\"https:\/\/alexbutor.hu\/oltozobutor\/wp-content\/uploads\/2016\/06\/Ipari_katalogus_mockup_1920x1206.png\",\"datePublished\":\"2016-06-08T07:58:17+00:00\",\"dateModified\":\"2025-10-02T14:32:28+00:00\",\"description\":\"Aktu\u00e1lis IPARI katal\u00f3gus \u00e9s \u00d6LT\u00d6Z\u0150B\u00daTOR katal\u00f3gus lapozhat\u00f3 \u00e9s let\u00f6lthet\u0151 form\u00e1tumban.\",\"breadcrumb\":{\"@id\":\"https:\/\/alexbutor.hu\/oltozobutor\/katalogusok\/#breadcrumb\"},\"inLanguage\":\"hu\",\"potentialAction\":[{\"@type\":\"ReadAction\",\"target\":[\"https:\/\/alexbutor.hu\/oltozobutor\/katalogusok\/\"]}]},{\"@type\":\"ImageObject\",\"inLanguage\":\"hu\",\"@id\":\"https:\/\/alexbutor.hu\/oltozobutor\/katalogusok\/#primaryimage\",\"url\":\"https:\/\/alexbutor.hu\/oltozobutor\/wp-content\/uploads\/2016\/06\/Ipari_katalogus_mockup_1920x1206.png\",\"contentUrl\":\"https:\/\/alexbutor.hu\/oltozobutor\/wp-content\/uploads\/2016\/06\/Ipari_katalogus_mockup_1920x1206.png\",\"width\":1920,\"height\":1206},{\"@type\":\"BreadcrumbList\",\"@id\":\"https:\/\/alexbutor.hu\/oltozobutor\/katalogusok\/#breadcrumb\",\"itemListElement\":[{\"@type\":\"ListItem\",\"position\":1,\"name\":\"Home\",\"item\":\"https:\/\/alexbutor.hu\/oltozobutor\/\"},{\"@type\":\"ListItem\",\"position\":2,\"name\":\"Katal\u00f3gusok\"}]},{\"@type\":\"WebSite\",\"@id\":\"https:\/\/alexbutor.hu\/oltozobutor\/#website\",\"url\":\"https:\/\/alexbutor.hu\/oltozobutor\/\",\"name\":\"\u00d6lt\u00f6z\u0151b\u00fator\",\"description\":\"Minden t\u00e9rben megold\u00e1s\",\"potentialAction\":[{\"@type\":\"SearchAction\",\"target\":{\"@type\":\"EntryPoint\",\"urlTemplate\":\"https:\/\/alexbutor.hu\/oltozobutor\/?s={search_term_string}\"},\"query-input\":{\"@type\":\"PropertyValueSpecification\",\"valueRequired\":true,\"valueName\":\"search_term_string\"}}],\"inLanguage\":\"hu\"}]}<\/script>\n<!-- \/ Yoast SEO plugin. -->","yoast_head_json":{"title":"Katal\u00f3gusok - \u00d6lt\u00f6z\u0151b\u00fator","description":"Aktu\u00e1lis IPARI katal\u00f3gus \u00e9s \u00d6LT\u00d6Z\u0150B\u00daTOR katal\u00f3gus lapozhat\u00f3 \u00e9s let\u00f6lthet\u0151 form\u00e1tumban.","robots":{"index":"index","follow":"follow","max-snippet":"max-snippet:-1","max-image-preview":"max-image-preview:large","max-video-preview":"max-video-preview:-1"},"canonical":"https:\/\/alexbutor.hu\/oltozobutor\/katalogusok\/","og_locale":"hu_HU","og_type":"article","og_title":"Katal\u00f3gusok - \u00d6lt\u00f6z\u0151b\u00fator","og_description":"Aktu\u00e1lis IPARI katal\u00f3gus \u00e9s \u00d6LT\u00d6Z\u0150B\u00daTOR katal\u00f3gus lapozhat\u00f3 \u00e9s let\u00f6lthet\u0151 form\u00e1tumban.","og_url":"https:\/\/alexbutor.hu\/oltozobutor\/katalogusok\/","og_site_name":"\u00d6lt\u00f6z\u0151b\u00fator","article_modified_time":"2025-10-02T14:32:28+00:00","og_image":[{"width":1920,"height":1206,"url":"https:\/\/alexbutor.hu\/oltozobutor\/wp-content\/uploads\/2016\/06\/Ipari_katalogus_mockup_1920x1206.png","type":"image\/png"}],"twitter_card":"summary_large_image","twitter_misc":{"Becs\u00fclt olvas\u00e1si id\u0151":"2 perc"},"schema":{"@context":"https:\/\/schema.org","@graph":[{"@type":"WebPage","@id":"https:\/\/alexbutor.hu\/oltozobutor\/katalogusok\/","url":"https:\/\/alexbutor.hu\/oltozobutor\/katalogusok\/","name":"Katal\u00f3gusok - \u00d6lt\u00f6z\u0151b\u00fator","isPartOf":{"@id":"https:\/\/alexbutor.hu\/oltozobutor\/#website"},"primaryImageOfPage":{"@id":"https:\/\/alexbutor.hu\/oltozobutor\/katalogusok\/#primaryimage"},"image":{"@id":"https:\/\/alexbutor.hu\/oltozobutor\/katalogusok\/#primaryimage"},"thumbnailUrl":"https:\/\/alexbutor.hu\/oltozobutor\/wp-content\/uploads\/2016\/06\/Ipari_katalogus_mockup_1920x1206.png","datePublished":"2016-06-08T07:58:17+00:00","dateModified":"2025-10-02T14:32:28+00:00","description":"Aktu\u00e1lis IPARI katal\u00f3gus \u00e9s \u00d6LT\u00d6Z\u0150B\u00daTOR katal\u00f3gus lapozhat\u00f3 \u00e9s let\u00f6lthet\u0151 form\u00e1tumban.","breadcrumb":{"@id":"https:\/\/alexbutor.hu\/oltozobutor\/katalogusok\/#breadcrumb"},"inLanguage":"hu","potentialAction":[{"@type":"ReadAction","target":["https:\/\/alexbutor.hu\/oltozobutor\/katalogusok\/"]}]},{"@type":"ImageObject","inLanguage":"hu","@id":"https:\/\/alexbutor.hu\/oltozobutor\/katalogusok\/#primaryimage","url":"https:\/\/alexbutor.hu\/oltozobutor\/wp-content\/uploads\/2016\/06\/Ipari_katalogus_mockup_1920x1206.png","contentUrl":"https:\/\/alexbutor.hu\/oltozobutor\/wp-content\/uploads\/2016\/06\/Ipari_katalogus_mockup_1920x1206.png","width":1920,"height":1206},{"@type":"BreadcrumbList","@id":"https:\/\/alexbutor.hu\/oltozobutor\/katalogusok\/#breadcrumb","itemListElement":[{"@type":"ListItem","position":1,"name":"Home","item":"https:\/\/alexbutor.hu\/oltozobutor\/"},{"@type":"ListItem","position":2,"name":"Katal\u00f3gusok"}]},{"@type":"WebSite","@id":"https:\/\/alexbutor.hu\/oltozobutor\/#website","url":"https:\/\/alexbutor.hu\/oltozobutor\/","name":"\u00d6lt\u00f6z\u0151b\u00fator","description":"Minden t\u00e9rben megold\u00e1s","potentialAction":[{"@type":"SearchAction","target":{"@type":"EntryPoint","urlTemplate":"https:\/\/alexbutor.hu\/oltozobutor\/?s={search_term_string}"},"query-input":{"@type":"PropertyValueSpecification","valueRequired":true,"valueName":"search_term_string"}}],"inLanguage":"hu"}]}},"_links":{"self":[{"href":"https:\/\/alexbutor.hu\/oltozobutor\/wp-json\/wp\/v2\/pages\/13"}],"collection":[{"href":"https:\/\/alexbutor.hu\/oltozobutor\/wp-json\/wp\/v2\/pages"}],"about":[{"href":"https:\/\/alexbutor.hu\/oltozobutor\/wp-json\/wp\/v2\/types\/page"}],"author":[{"embeddable":true,"href":"https:\/\/alexbutor.hu\/oltozobutor\/wp-json\/wp\/v2\/users\/3"}],"replies":[{"embeddable":true,"href":"https:\/\/alexbutor.hu\/oltozobutor\/wp-json\/wp\/v2\/comments?post=13"}],"version-history":[{"count":6,"href":"https:\/\/alexbutor.hu\/oltozobutor\/wp-json\/wp\/v2\/pages\/13\/revisions"}],"predecessor-version":[{"id":76902,"href":"https:\/\/alexbutor.hu\/oltozobutor\/wp-json\/wp\/v2\/pages\/13\/revisions\/76902"}],"wp:featuredmedia":[{"embeddable":true,"href":"https:\/\/alexbutor.hu\/oltozobutor\/wp-json\/wp\/v2\/media\/36277"}],"wp:attachment":[{"href":"https:\/\/alexbutor.hu\/oltozobutor\/wp-json\/wp\/v2\/media?parent=13"}],"curies":[{"name":"wp","href":"https:\/\/api.w.org\/{rel}","templated":true}]}}