{"id":17,"date":"2016-06-08T07:58:40","date_gmt":"2016-06-08T07:58:40","guid":{"rendered":"http:\/\/szallodabutor.hu\/?page_id=17"},"modified":"2018-07-06T16:16:40","modified_gmt":"2018-07-06T16:16:40","slug":"bemutatkozas","status":"publish","type":"page","link":"https:\/\/alexbutor.hu\/oltozobutor\/bemutatkozas\/","title":{"rendered":"Bemutatkoz\u00e1s"},"content":{"rendered":"","protected":false},"excerpt":{"rendered":"","protected":false},"author":3,"featured_media":34627,"parent":0,"menu_order":0,"comment_status":"closed","ping_status":"closed","template":"page-cegunkrol.php","meta":{"footnotes":""},"class_list":["post-17","page","type-page","status-publish","has-post-thumbnail","hentry"],"yoast_head":"<!-- This site is optimized with the Yoast SEO plugin v23.5 - https:\/\/yoast.com\/wordpress\/plugins\/seo\/ -->\n<title>Bemutatkoz\u00e1s - \u00d6lt\u00f6z\u0151b\u00fator<\/title>\n<meta name=\"description\" content=\"\u00d6lt\u00f6z\u0151b\u00fatort gy\u00e1rtunk \u00e9s forgalmazunk t\u00f6bb mint 25 \u00e9ve megb\u00edzhat\u00f3an. Er\u0151ss\u00e9g\u00fcnk a komplett megold\u00e1sok kivitelez\u00e9se sport, ipari \u00e9s oktat\u00e1si int\u00e9zm\u00e9nyek sz\u00e1m\u00e1ra.\" \/>\n<meta name=\"robots\" content=\"index, follow, max-snippet:-1, max-image-preview:large, max-video-preview:-1\" \/>\n<link rel=\"canonical\" href=\"https:\/\/alexbutor.hu\/oltozobutor\/bemutatkozas\/\" \/>\n<meta property=\"og:locale\" content=\"hu_HU\" \/>\n<meta property=\"og:type\" content=\"article\" \/>\n<meta property=\"og:title\" content=\"Bemutatkoz\u00e1s - \u00d6lt\u00f6z\u0151b\u00fator\" \/>\n<meta property=\"og:description\" content=\"\u00d6lt\u00f6z\u0151b\u00fatort gy\u00e1rtunk \u00e9s forgalmazunk t\u00f6bb mint 25 \u00e9ve megb\u00edzhat\u00f3an. Er\u0151ss\u00e9g\u00fcnk a komplett megold\u00e1sok kivitelez\u00e9se sport, ipari \u00e9s oktat\u00e1si int\u00e9zm\u00e9nyek sz\u00e1m\u00e1ra.\" \/>\n<meta property=\"og:url\" content=\"https:\/\/alexbutor.hu\/oltozobutor\/bemutatkozas\/\" \/>\n<meta property=\"og:site_name\" content=\"\u00d6lt\u00f6z\u0151b\u00fator\" \/>\n<meta property=\"article:modified_time\" content=\"2018-07-06T16:16:40+00:00\" \/>\n<meta property=\"og:image\" content=\"https:\/\/alexbutor.hu\/oltozobutor\/wp-content\/uploads\/2016\/11\/butorlapos_oltozoszekreny.jpg\" \/>\n\t<meta property=\"og:image:width\" content=\"800\" \/>\n\t<meta property=\"og:image:height\" content=\"560\" \/>\n\t<meta property=\"og:image:type\" content=\"image\/jpeg\" \/>\n<meta name=\"twitter:card\" content=\"summary_large_image\" \/>\n<script type=\"application\/ld+json\" class=\"yoast-schema-graph\">{\"@context\":\"https:\/\/schema.org\",\"@graph\":[{\"@type\":\"WebPage\",\"@id\":\"https:\/\/alexbutor.hu\/oltozobutor\/bemutatkozas\/\",\"url\":\"https:\/\/alexbutor.hu\/oltozobutor\/bemutatkozas\/\",\"name\":\"Bemutatkoz\u00e1s - \u00d6lt\u00f6z\u0151b\u00fator\",\"isPartOf\":{\"@id\":\"https:\/\/alexbutor.hu\/oltozobutor\/#website\"},\"primaryImageOfPage\":{\"@id\":\"https:\/\/alexbutor.hu\/oltozobutor\/bemutatkozas\/#primaryimage\"},\"image\":{\"@id\":\"https:\/\/alexbutor.hu\/oltozobutor\/bemutatkozas\/#primaryimage\"},\"thumbnailUrl\":\"https:\/\/alexbutor.hu\/oltozobutor\/wp-content\/uploads\/2016\/11\/butorlapos_oltozoszekreny.jpg\",\"datePublished\":\"2016-06-08T07:58:40+00:00\",\"dateModified\":\"2018-07-06T16:16:40+00:00\",\"description\":\"\u00d6lt\u00f6z\u0151b\u00fatort gy\u00e1rtunk \u00e9s forgalmazunk t\u00f6bb mint 25 \u00e9ve megb\u00edzhat\u00f3an. Er\u0151ss\u00e9g\u00fcnk a komplett megold\u00e1sok kivitelez\u00e9se sport, ipari \u00e9s oktat\u00e1si int\u00e9zm\u00e9nyek sz\u00e1m\u00e1ra.\",\"breadcrumb\":{\"@id\":\"https:\/\/alexbutor.hu\/oltozobutor\/bemutatkozas\/#breadcrumb\"},\"inLanguage\":\"hu\",\"potentialAction\":[{\"@type\":\"ReadAction\",\"target\":[\"https:\/\/alexbutor.hu\/oltozobutor\/bemutatkozas\/\"]}]},{\"@type\":\"ImageObject\",\"inLanguage\":\"hu\",\"@id\":\"https:\/\/alexbutor.hu\/oltozobutor\/bemutatkozas\/#primaryimage\",\"url\":\"https:\/\/alexbutor.hu\/oltozobutor\/wp-content\/uploads\/2016\/11\/butorlapos_oltozoszekreny.jpg\",\"contentUrl\":\"https:\/\/alexbutor.hu\/oltozobutor\/wp-content\/uploads\/2016\/11\/butorlapos_oltozoszekreny.jpg\",\"width\":800,\"height\":560},{\"@type\":\"BreadcrumbList\",\"@id\":\"https:\/\/alexbutor.hu\/oltozobutor\/bemutatkozas\/#breadcrumb\",\"itemListElement\":[{\"@type\":\"ListItem\",\"position\":1,\"name\":\"Home\",\"item\":\"https:\/\/alexbutor.hu\/oltozobutor\/\"},{\"@type\":\"ListItem\",\"position\":2,\"name\":\"Bemutatkoz\u00e1s\"}]},{\"@type\":\"WebSite\",\"@id\":\"https:\/\/alexbutor.hu\/oltozobutor\/#website\",\"url\":\"https:\/\/alexbutor.hu\/oltozobutor\/\",\"name\":\"\u00d6lt\u00f6z\u0151b\u00fator\",\"description\":\"Minden t\u00e9rben megold\u00e1s\",\"potentialAction\":[{\"@type\":\"SearchAction\",\"target\":{\"@type\":\"EntryPoint\",\"urlTemplate\":\"https:\/\/alexbutor.hu\/oltozobutor\/?s={search_term_string}\"},\"query-input\":{\"@type\":\"PropertyValueSpecification\",\"valueRequired\":true,\"valueName\":\"search_term_string\"}}],\"inLanguage\":\"hu\"}]}<\/script>\n<!-- \/ Yoast SEO plugin. -->","yoast_head_json":{"title":"Bemutatkoz\u00e1s - \u00d6lt\u00f6z\u0151b\u00fator","description":"\u00d6lt\u00f6z\u0151b\u00fatort gy\u00e1rtunk \u00e9s forgalmazunk t\u00f6bb mint 25 \u00e9ve megb\u00edzhat\u00f3an. Er\u0151ss\u00e9g\u00fcnk a komplett megold\u00e1sok kivitelez\u00e9se sport, ipari \u00e9s oktat\u00e1si int\u00e9zm\u00e9nyek sz\u00e1m\u00e1ra.","robots":{"index":"index","follow":"follow","max-snippet":"max-snippet:-1","max-image-preview":"max-image-preview:large","max-video-preview":"max-video-preview:-1"},"canonical":"https:\/\/alexbutor.hu\/oltozobutor\/bemutatkozas\/","og_locale":"hu_HU","og_type":"article","og_title":"Bemutatkoz\u00e1s - \u00d6lt\u00f6z\u0151b\u00fator","og_description":"\u00d6lt\u00f6z\u0151b\u00fatort gy\u00e1rtunk \u00e9s forgalmazunk t\u00f6bb mint 25 \u00e9ve megb\u00edzhat\u00f3an. Er\u0151ss\u00e9g\u00fcnk a komplett megold\u00e1sok kivitelez\u00e9se sport, ipari \u00e9s oktat\u00e1si int\u00e9zm\u00e9nyek sz\u00e1m\u00e1ra.","og_url":"https:\/\/alexbutor.hu\/oltozobutor\/bemutatkozas\/","og_site_name":"\u00d6lt\u00f6z\u0151b\u00fator","article_modified_time":"2018-07-06T16:16:40+00:00","og_image":[{"width":800,"height":560,"url":"https:\/\/alexbutor.hu\/oltozobutor\/wp-content\/uploads\/2016\/11\/butorlapos_oltozoszekreny.jpg","type":"image\/jpeg"}],"twitter_card":"summary_large_image","schema":{"@context":"https:\/\/schema.org","@graph":[{"@type":"WebPage","@id":"https:\/\/alexbutor.hu\/oltozobutor\/bemutatkozas\/","url":"https:\/\/alexbutor.hu\/oltozobutor\/bemutatkozas\/","name":"Bemutatkoz\u00e1s - \u00d6lt\u00f6z\u0151b\u00fator","isPartOf":{"@id":"https:\/\/alexbutor.hu\/oltozobutor\/#website"},"primaryImageOfPage":{"@id":"https:\/\/alexbutor.hu\/oltozobutor\/bemutatkozas\/#primaryimage"},"image":{"@id":"https:\/\/alexbutor.hu\/oltozobutor\/bemutatkozas\/#primaryimage"},"thumbnailUrl":"https:\/\/alexbutor.hu\/oltozobutor\/wp-content\/uploads\/2016\/11\/butorlapos_oltozoszekreny.jpg","datePublished":"2016-06-08T07:58:40+00:00","dateModified":"2018-07-06T16:16:40+00:00","description":"\u00d6lt\u00f6z\u0151b\u00fatort gy\u00e1rtunk \u00e9s forgalmazunk t\u00f6bb mint 25 \u00e9ve megb\u00edzhat\u00f3an. Er\u0151ss\u00e9g\u00fcnk a komplett megold\u00e1sok kivitelez\u00e9se sport, ipari \u00e9s oktat\u00e1si int\u00e9zm\u00e9nyek sz\u00e1m\u00e1ra.","breadcrumb":{"@id":"https:\/\/alexbutor.hu\/oltozobutor\/bemutatkozas\/#breadcrumb"},"inLanguage":"hu","potentialAction":[{"@type":"ReadAction","target":["https:\/\/alexbutor.hu\/oltozobutor\/bemutatkozas\/"]}]},{"@type":"ImageObject","inLanguage":"hu","@id":"https:\/\/alexbutor.hu\/oltozobutor\/bemutatkozas\/#primaryimage","url":"https:\/\/alexbutor.hu\/oltozobutor\/wp-content\/uploads\/2016\/11\/butorlapos_oltozoszekreny.jpg","contentUrl":"https:\/\/alexbutor.hu\/oltozobutor\/wp-content\/uploads\/2016\/11\/butorlapos_oltozoszekreny.jpg","width":800,"height":560},{"@type":"BreadcrumbList","@id":"https:\/\/alexbutor.hu\/oltozobutor\/bemutatkozas\/#breadcrumb","itemListElement":[{"@type":"ListItem","position":1,"name":"Home","item":"https:\/\/alexbutor.hu\/oltozobutor\/"},{"@type":"ListItem","position":2,"name":"Bemutatkoz\u00e1s"}]},{"@type":"WebSite","@id":"https:\/\/alexbutor.hu\/oltozobutor\/#website","url":"https:\/\/alexbutor.hu\/oltozobutor\/","name":"\u00d6lt\u00f6z\u0151b\u00fator","description":"Minden t\u00e9rben megold\u00e1s","potentialAction":[{"@type":"SearchAction","target":{"@type":"EntryPoint","urlTemplate":"https:\/\/alexbutor.hu\/oltozobutor\/?s={search_term_string}"},"query-input":{"@type":"PropertyValueSpecification","valueRequired":true,"valueName":"search_term_string"}}],"inLanguage":"hu"}]}},"_links":{"self":[{"href":"https:\/\/alexbutor.hu\/oltozobutor\/wp-json\/wp\/v2\/pages\/17"}],"collection":[{"href":"https:\/\/alexbutor.hu\/oltozobutor\/wp-json\/wp\/v2\/pages"}],"about":[{"href":"https:\/\/alexbutor.hu\/oltozobutor\/wp-json\/wp\/v2\/types\/page"}],"author":[{"embeddable":true,"href":"https:\/\/alexbutor.hu\/oltozobutor\/wp-json\/wp\/v2\/users\/3"}],"replies":[{"embeddable":true,"href":"https:\/\/alexbutor.hu\/oltozobutor\/wp-json\/wp\/v2\/comments?post=17"}],"version-history":[{"count":0,"href":"https:\/\/alexbutor.hu\/oltozobutor\/wp-json\/wp\/v2\/pages\/17\/revisions"}],"wp:featuredmedia":[{"embeddable":true,"href":"https:\/\/alexbutor.hu\/oltozobutor\/wp-json\/wp\/v2\/media\/34627"}],"wp:attachment":[{"href":"https:\/\/alexbutor.hu\/oltozobutor\/wp-json\/wp\/v2\/media?parent=17"}],"curies":[{"name":"wp","href":"https:\/\/api.w.org\/{rel}","templated":true}]}}