{"id":1874,"date":"2016-06-30T15:54:15","date_gmt":"2016-06-30T15:54:15","guid":{"rendered":"http:\/\/szallodabutor.hu\/?page_id=1874"},"modified":"2026-02-18T15:34:20","modified_gmt":"2026-02-18T14:34:20","slug":"gyik","status":"publish","type":"page","link":"https:\/\/alexbutor.hu\/oltozobutor\/gyik\/","title":{"rendered":"GYIK"},"content":{"rendered":"<div id=\"id-1431997214\" class=\"accordion\">\n<div class=\"accordion-group\">\n<div class=\"accordion-heading\"><a class=\"accordion-toggle collapsed\" href=\"#663113222\" data-toggle=\"collapse\" data-parent=\"#id-1431997214\">MAG\u00c1NSZEM\u00c9LYK\u00c9NT VAGY C\u00c9GK\u00c9NT V\u00c1S\u00c1ROLHATOK?<\/a><\/div>\n<div id=\"663113222\" class=\"accordion-body collapse\" style=\"height: 0px;\">\n<div class=\"accordion-inner\">A lakoss\u00e1g sz\u00e1m\u00e1ra \u00fczem\u00fcnk, beszerz\u00e9s\u00fcnk nem minden esetben tudja v\u00e1llalni a kis mennyis\u00e9g\u0171 rendel\u00e9s teljes\u00edt\u00e9s\u00e9t.<\/div>\n<\/div>\n<\/div>\n<div class=\"accordion-group\">\n<div class=\"accordion-heading\"><a class=\"accordion-toggle collapsed\" href=\"#663113555\" data-toggle=\"collapse\" data-parent=\"#id-1431997214\">1-1 DARABOS MEGRENDEL\u00c9SSEL KISZOLG\u00c1LNAK?<\/a><\/div>\n<div id=\"663113555\" class=\"accordion-body collapse\" style=\"height: 0px;\">\n<div class=\"accordion-inner\">B\u00e1rmilyen jelleg\u0171 int\u00e9zm\u00e9nyt, v\u00e1llalkoz\u00e1st kiszolg\u00e1lunk term\u00e9keinkkel. Rakt\u00e1ri term\u00e9keink k\u00f6z\u00f6tt 1-1 darabos megrendel\u00e9seket is tudjuk teljes\u00edteni.<\/div>\n<\/div>\n<\/div>\n<div class=\"accordion-group\">\n<div class=\"accordion-heading\"><a class=\"accordion-toggle collapsed\" href=\"#663113990\" data-toggle=\"collapse\" data-parent=\"#id-1431997214\">HOL TAL\u00c1LOM MEG AZ <strong>\u00c1LTAL\u00c1NOS SZERZ\u0150D\u00c9SI FELT\u00c9TELEKET?<\/strong><\/a><\/div>\n<div id=\"663113990\" class=\"accordion-body collapse\" style=\"height: 0px;\">\n<div class=\"accordion-inner\">A k\u00f6vetkez\u0151 linken lehet megtekinteni: <a href=\"https:\/\/alexbutor.hu\/vendeglatoibutor\/wp-content\/uploads\/2026\/02\/AlexButor_aszf2026.pdf\" target=\"_blank\" rel=\"noopener noreferrer\">\u00c1SZF<\/a><\/div>\n<\/div>\n<\/div>\n<div class=\"accordion-group\">\n<div class=\"accordion-heading\"><a class=\"accordion-toggle collapsed\" href=\"#454011181\" data-toggle=\"collapse\" data-parent=\"#id-1431997214\">MILYEN ADATOKAT KELL MEGADNI A <strong>RENDEL\u00c9S<\/strong>HEZ?<\/a><\/div>\n<div id=\"454011181\" class=\"accordion-body collapse\" style=\"height: 0px;\">\n<div class=\"accordion-inner\">Minden esetben a vev\u0151 c\u00edm\u00e9t, el\u00e9rhet\u0151s\u00e9geit, kontaktus szem\u00e9lyt, ad\u00f3sz\u00e1m\u00e1t, valamint a k\u00edv\u00e1nt term\u00e9keket \u00e9s darabsz\u00e1mukat a sz\u00e1ll\u00edt\u00e1si c\u00edmmel.<\/div>\n<\/div>\n<\/div>\n<div class=\"accordion-group\">\n<div class=\"accordion-heading\"><a class=\"accordion-toggle\" href=\"#1106547022\" data-toggle=\"collapse\" data-parent=\"#id-1431997214\">HONNAN \u00c9RHETEM EL A <strong>V\u00c1LASZTHAT\u00d3 SZ\u00cdNEKET<\/strong> \u00c9S A HOZZ\u00c1 TARTOZ\u00d3 \u00c1RAKAT?<\/a><\/div>\n<div id=\"1106547022\" class=\"accordion-body collapse\" style=\"height: 0px;\">\n<div class=\"accordion-inner\">Mind a f\u00e9mv\u00e1zakra, mind a b\u00fatorlapokra l\u00e9teznek alap\u00e1ras illetve extr\u00e1bb fel\u00e1ras sz\u00ednek. A b\u00fatorsz\u00f6veteket I-IV. \u00e1rkateg\u00f3ri\u00e1ba soroltuk, mindezekr\u0151l a Vev\u0151szolg\u00e1latunk ad felvil\u00e1gos\u00edt\u00e1st illetve az ig\u00e9nynek megfelel\u0151en az \u00e1raj\u00e1nlat t\u00e9r ki r\u00e1.<\/div>\n<\/div>\n<\/div>\n<div class=\"accordion-group\">\n<div class=\"accordion-heading\"><a class=\"accordion-toggle\" href=\"#1419186617\" data-toggle=\"collapse\" data-parent=\"#id-1431997214\">HOGYAN \u00c9RDEKL\u0150DHETEK A RENDEL\u00c9SEM UT\u00c1N, HOL TAL\u00c1LOM A <strong>\u201eRENDEL\u00c9SSZ\u00c1M\u201d<\/strong>-OT?<\/a><\/div>\n<div id=\"1419186617\" class=\"accordion-body collapse\" style=\"height: 0px;\">\n<div class=\"accordion-inner\">A \u201eRendel\u00e9s Visszaigazol\u00e1s\u201d-on, a jobb fels\u0151 sarokban tal\u00e1lhat\u00f3 a rendel\u00e9ssz\u00e1m, egy bet\u0171b\u0151l \u00e9s ut\u00e1na sz\u00e1mokb\u00f3l \u00e1ll. A visszaigazol\u00e1s a rendel\u00e9s minden l\u00e9nyeges adat\u00e1t tartalmazza, amit a vev\u0151nek ellen\u0151riznie kell.<\/div>\n<\/div>\n<\/div>\n<div class=\"accordion-group\">\n<div class=\"accordion-heading\"><a class=\"accordion-toggle\" href=\"#333149878\" data-toggle=\"collapse\" data-parent=\"#id-1431997214\">MIKOR KAPOM MEG A MEGRENDELT \u00c1RUMAT, TUDOM-E M\u00d3DOS\u00cdTANI A <strong>SZ\u00c1LL\u00cdT\u00c1SI HAT\u00c1RID\u0150T<\/strong>?<\/a><\/div>\n<div id=\"333149878\" class=\"accordion-body collapse \">\n<div class=\"accordion-inner\">A rendel\u00e9s visszaigazol\u00e1son felt\u00fcntetett sz\u00e1ll\u00edt\u00e1si hat\u00e1rid\u0151 term\u00e9kenk\u00e9nt v\u00e1ltoz\u00f3 \u00e9s k\u00f6r\u00fclbel\u00fcli id\u0151pontot jelent. \u00c1ltal\u00e1ban 4-6 H\u00c9TTEL lehet sz\u00e1molni a visszaigazol\u00e1st k\u00f6vet\u0151en. Term\u00e9szetesen igyeksz\u00fcnk mihamarabb kiszolg\u00e1lni \u00fcgyfeleinket, de a term\u00e9kek sz\u00e1ll\u00edt\u00e1s\u00e1nak hat\u00e1ridej\u00e9t sok t\u00e9nyez\u0151 befoly\u00e1solja, \u00edgy a visszaigazolt hat\u00e1rid\u0151 a m\u00e9rvad\u00f3. Ennek m\u00f3dos\u00edt\u00e1s\u00e1t csak az \u00dcgyf\u00e9lszolg\u00e1lattal egyeztetve, de \u00edr\u00e1sban lehet megtenni.<\/div>\n<\/div>\n<\/div>\n<div class=\"accordion-group\">\n<div class=\"accordion-heading\"><a class=\"accordion-toggle\" href=\"#1545107241\" data-toggle=\"collapse\" data-parent=\"#id-1431997214\">K\u00c9STEM AZ EL\u0150LEG BEFIZET\u00c9S\u00c9VEL, DE AZ <strong>\u00c1RU S\u00dcRG\u0150S LENNE<\/strong>, MIKOR SZ\u00c1LL\u00cdTANAK?<\/a><\/div>\n<div id=\"1545107241\" class=\"accordion-body collapse \">\n<div class=\"accordion-inner\">Ez esetben egyeztetni kell az \u00dcgyf\u00e9lszolg\u00e1lattal az \u00faj sz\u00e1ll\u00edt\u00e1si hat\u00e1rid\u0151t, mert a gy\u00e1rt\u00e1s nem kezd\u0151d\u00f6tt meg, am\u00edg az el\u0151leg be nem \u00e9rkezett.<\/div>\n<\/div>\n<\/div>\n<div class=\"accordion-group\">\n<div class=\"accordion-heading\"><a class=\"accordion-toggle\" href=\"#1871364620\" data-toggle=\"collapse\" data-parent=\"#id-1431997214\">VAN-E <strong>K\u00c1RTY\u00c1S FIZET\u00c9SI<\/strong> LEHET\u0150S\u00c9G, HOGYAN FIZETHETEM BE AZ <strong>EL\u0150LEG<\/strong>ET?<\/a><\/div>\n<div id=\"1871364620\" class=\"accordion-body collapse \">\n<div class=\"accordion-inner\">K\u00e1rty\u00e1val nem tud n\u00e1lunk fizetni, 1,5 M Ft-ig k\u00e9szp\u00e9nzben, egy\u00e9bk\u00e9nt el\u0151re \u00e1tutal\u00e1ssal lehets\u00e9ges.<\/div>\n<\/div>\n<\/div>\n<div class=\"accordion-group\">\n<div class=\"accordion-heading\"><a class=\"accordion-toggle\" href=\"#1353489475\" data-toggle=\"collapse\" data-parent=\"#id-1431997214\"><strong>K\u00dcLF\u00d6LDI VEV\u0150<\/strong> ESET\u00c9N MI KELL AHHOZ, HOGY \u00c1FA N\u00c9LK\u00dcL SZ\u00c1ML\u00c1ZZANAK?<\/a><\/div>\n<div id=\"1353489475\" class=\"accordion-body collapse \">\n<div class=\"accordion-inner\">Az Eur\u00f3pai Uni\u00f3 \u00e1llamaib\u00f3l az EU-s ad\u00f3sz\u00e1mmal rendelkez\u0151 \u00fcgyfeleknek tudunk nett\u00f3 sz\u00e1ml\u00e1zni, k\u00fcl\u00f6nben a Magyarorsz\u00e1gon \u00e9rv\u00e9nyes \u00c1FA-t kell felsz\u00e1m\u00edtanunk, de ekkor m\u00e1r m\u00e9g egy ad\u00f3t nem kell fizetni. Az Uni\u00f3n k\u00edv\u00fcli orsz\u00e1gokba nett\u00f3 sz\u00e1ml\u00e1zunk, de kiviteli v\u00e1mkezel\u00e9st kell v\u00e9gezni.<\/div>\n<\/div>\n<\/div>\n<div class=\"accordion-group\">\n<div class=\"accordion-heading\"><a class=\"accordion-toggle\" href=\"#1954278544\" data-toggle=\"collapse\" data-parent=\"#id-1431997214\">HOGYAN KELL <strong>REKLAM\u00c1CI\u00d3T<\/strong> HIVATALOSAN BEJELENTENI?<\/a><\/div>\n<div id=\"1954278544\" class=\"accordion-body collapse\" style=\"height: 0px;\">\n<div class=\"accordion-inner\">Meg kell adni a v\u00e1s\u00e1rl\u00e1s azonos\u00edt\u00f3 adatait (rendel\u00e9ssz\u00e1mmal, vagy sz\u00e1mlasz\u00e1mmal), illetve a hiba lehet\u0151 legpontosabb megad\u00e1s\u00e1t, lehet\u0151leg f\u00e9nyk\u00e9pes ismertet\u00e9ssel.<\/div>\n<\/div>\n<\/div>\n<div class=\"accordion-group\">\n<div class=\"accordion-heading\"><a class=\"accordion-toggle\" href=\"#1040780041\" data-toggle=\"collapse\" data-parent=\"#id-1431997214\">HOL LEHET <strong>MEGTEKINTENI<\/strong> A K\u00cdV\u00c1NT \u00c1RUT?<\/a><\/div>\n<div id=\"1040780041\" class=\"accordion-body collapse \">\n<div class=\"accordion-inner\">Munkat\u00e1rsaink felvil\u00e1gos\u00edt\u00e1st adnak, hogy a k\u00edv\u00e1nt term\u00e9k megtal\u00e1lhat\u00f3-e a bemutat\u00f3 termeinkben, pozit\u00edv esetben 2072 Zs\u00e1mb\u00e9k, Magyar u.21-23.sz. alatt.<\/div>\n<\/div>\n<\/div>\n<div class=\"accordion-group\">\n<div class=\"accordion-heading\"><a class=\"accordion-toggle\" href=\"#1789114175\" data-toggle=\"collapse\" data-parent=\"#id-1431997214\">HOGYAN <strong>CSOMAGOLJ\u00c1K<\/strong> A TERM\u00c9KEKET?<\/a><\/div>\n<div id=\"1789114175\" class=\"accordion-body collapse \">\n<div class=\"accordion-inner\">A t\u00e1rgyak jelleg\u00e9t\u0151l f\u00fcgg\u0151en k\u00fcl\u00f6nb\u00f6z\u0151 f\u00f3li\u00e1kba csomagolunk. Amennyiben mi v\u00e9gezz\u00fck a sz\u00e1ll\u00edt\u00e1st, a mi felel\u0151ss\u00e9g\u00fcnk a term\u00e9kek s\u00e9r\u00fcl\u00e9smentes eljuttat\u00e1sa a rendeltet\u00e9si helyre.<\/div>\n<\/div>\n<\/div>\n<div class=\"accordion-group\">\n<div class=\"accordion-heading\"><a class=\"accordion-toggle\" href=\"#1993550755\" data-toggle=\"collapse\" data-parent=\"#id-1431997214\">MILYEN <strong>SZ\u00c1LL\u00cdT\u00c1SI K\u00d6LTS\u00c9G<\/strong>GEL SZ\u00c1MOLHATOK? EMELETRE SZ\u00c1LL\u00cdT\u00c1SBAN \u00c9S BEPAKOL\u00c1SBAN TUDNAK SEG\u00cdTENI?<\/a><\/div>\n<div id=\"1993550755\" class=\"accordion-body collapse \">\n<div class=\"accordion-inner\">2025.01.01-t\u0151l \u00e9rv\u00e9nyes sz\u00e1ll\u00edt\u00e1si k\u00f6lts\u00e9gek:<br \/>\nnett\u00f3 650.000 Ft alatti rendel\u00e9s eset\u00e9n nett\u00f3 26.000 Ft<br \/>\nnett\u00f3 650.000 Ft vagy az feletti v\u00e1s\u00e1rl\u00e1s eset\u00e9n a v\u00e9tel\u00e1r 4%-a<br \/>\nA sz\u00e1ll\u00edt\u00e1si k\u00f6lts\u00e9gek kiz\u00e1r\u00f3lag a kisz\u00e1ll\u00edt\u00e1st tartalmazz\u00e1k. Az al\u00e1bbi fel\u00e1ras szolg\u00e1ltat\u00e1sok teljes\u00edt\u00e9s\u00e9ben is seg\u00edts\u00e9g\u00e9re lesz\u00fcnk, k\u00e9r\u00e9s\u00e9t k\u00e9rj\u00fck megrendel\u00e9skor jelezze: bepakol\u00e1s, emeletre t\u00f6rt\u00e9n\u0151 sz\u00e1ll\u00edt\u00e1s, technikai be\u00fczemel\u00e9s. K\u00e9rje aj\u00e1nlatunkat!<\/div>\n<\/div>\n<\/div>\n<div class=\"accordion-group\">\n<div class=\"accordion-heading\"><a class=\"accordion-toggle\" href=\"#208756824\" data-toggle=\"collapse\" data-parent=\"#id-1431997214\">A TERM\u00c9KEKN\u00c9L SZEREPL\u0150 \u00c1RAK <strong>NETT\u00d3 VAGY BRUTT\u00d3 \u00c1RAK<\/strong>?<\/a><\/div>\n<div id=\"208756824\" class=\"accordion-body collapse \">\n<div class=\"accordion-inner\">Az oldalunkon megadott \u00e1rak nett\u00f3 fogyaszt\u00f3i \u00e1rak, teh\u00e1t NEM tartalmazz\u00e1k az \u00e1f\u00e1t, \u00e9s kisz\u00e1ll\u00edt\u00e1si k\u00f6lts\u00e9g n\u00e9lk\u00fcl \u00e9rtend\u0151ek. Az \u00e1rak t\u00e1j\u00e9koztat\u00f3 jelleg\u0171ek \u00e9s egy adott term\u00e9k legolcs\u00f3bb v\u00e1ltozat\u00e1ra vonatkozik. \u00c1rv\u00e1ltoz\u00e1s jog\u00e1t fenntartjuk, esetleges rendszerhiba vagy elg\u00e9pel\u00e9s eset\u00e9n a c\u00e9g fenntartja a jogot, hogy a term\u00e9k \u00e1r\u00e1t m\u00f3dos\u00edtsa \u00e9s a rossz \u00e1ron leadott rendel\u00e9st ne teljes\u00edtse.<\/div>\n<\/div>\n<\/div>\n<\/div>\n","protected":false},"excerpt":{"rendered":"<p>MAG\u00c1NSZEM\u00c9LYK\u00c9NT VAGY C\u00c9GK\u00c9NT V\u00c1S\u00c1ROLHATOK? A lakoss\u00e1g sz\u00e1m\u00e1ra \u00fczem\u00fcnk, beszerz\u00e9s\u00fcnk nem minden esetben tudja v\u00e1llalni a kis mennyis\u00e9g\u0171 rendel\u00e9s teljes\u00edt\u00e9s\u00e9t. 1-1 DARABOS MEGRENDEL\u00c9SSEL KISZOLG\u00c1LNAK? B\u00e1rmilyen jelleg\u0171 int\u00e9zm\u00e9nyt, v\u00e1llalkoz\u00e1st kiszolg\u00e1lunk term\u00e9keinkkel. Rakt\u00e1ri term\u00e9keink k\u00f6z\u00f6tt 1-1 darabos megrendel\u00e9seket is tudjuk teljes\u00edteni. HOL TAL\u00c1LOM MEG AZ \u00c1LTAL\u00c1NOS SZERZ\u0150D\u00c9SI FELT\u00c9TELEKET? A k\u00f6vetkez\u0151 linken lehet megtekinteni: \u00c1SZF MILYEN ADATOKAT KELL MEGADNI A RENDEL\u00c9SHEZ? Minden esetben a&nbsp;<a href=\"https:\/\/alexbutor.hu\/oltozobutor\/gyik\/\" class=\"read-more\">...<\/a><\/p>\n","protected":false},"author":3,"featured_media":34624,"parent":0,"menu_order":0,"comment_status":"closed","ping_status":"closed","template":"page-fullwidth.php","meta":{"footnotes":""},"class_list":["post-1874","page","type-page","status-publish","has-post-thumbnail","hentry"],"yoast_head":"<!-- This site is optimized with the Yoast SEO plugin v23.5 - https:\/\/yoast.com\/wordpress\/plugins\/seo\/ -->\n<title>GYIK - \u00d6lt\u00f6z\u0151b\u00fator<\/title>\n<meta name=\"description\" content=\"Milyen adatokat kell megadni a rendel\u00e9shez? Hogyan t\u00f6rt\u00e9nik az \u00f6lt\u00f6z\u0151b\u00fatorok, ipari berendez\u00e9sek sz\u00e1ll\u00edt\u00e1s? Kattintson ide a gyakran ism\u00e9telt k\u00e9rd\u00e9sek\u00e9rt!\" \/>\n<meta name=\"robots\" content=\"index, follow, max-snippet:-1, max-image-preview:large, max-video-preview:-1\" \/>\n<link rel=\"canonical\" href=\"https:\/\/alexbutor.hu\/oltozobutor\/gyik\/\" \/>\n<meta property=\"og:locale\" content=\"hu_HU\" \/>\n<meta property=\"og:type\" content=\"article\" \/>\n<meta property=\"og:title\" content=\"GYIK - \u00d6lt\u00f6z\u0151b\u00fator\" \/>\n<meta property=\"og:description\" content=\"Milyen adatokat kell megadni a rendel\u00e9shez? Hogyan t\u00f6rt\u00e9nik az \u00f6lt\u00f6z\u0151b\u00fatorok, ipari berendez\u00e9sek sz\u00e1ll\u00edt\u00e1s? Kattintson ide a gyakran ism\u00e9telt k\u00e9rd\u00e9sek\u00e9rt!\" \/>\n<meta property=\"og:url\" content=\"https:\/\/alexbutor.hu\/oltozobutor\/gyik\/\" \/>\n<meta property=\"og:site_name\" content=\"\u00d6lt\u00f6z\u0151b\u00fator\" \/>\n<meta property=\"article:modified_time\" content=\"2026-02-18T14:34:20+00:00\" \/>\n<meta property=\"og:image\" content=\"https:\/\/alexbutor.hu\/oltozobutor\/wp-content\/uploads\/2016\/11\/fem_oltozoszekrenyek.jpg\" \/>\n\t<meta property=\"og:image:width\" content=\"800\" \/>\n\t<meta property=\"og:image:height\" content=\"560\" \/>\n\t<meta property=\"og:image:type\" content=\"image\/jpeg\" \/>\n<meta name=\"twitter:card\" content=\"summary_large_image\" \/>\n<meta name=\"twitter:label1\" content=\"Becs\u00fclt olvas\u00e1si id\u0151\" \/>\n\t<meta name=\"twitter:data1\" content=\"4 perc\" \/>\n<script type=\"application\/ld+json\" class=\"yoast-schema-graph\">{\"@context\":\"https:\/\/schema.org\",\"@graph\":[{\"@type\":\"WebPage\",\"@id\":\"https:\/\/alexbutor.hu\/oltozobutor\/gyik\/\",\"url\":\"https:\/\/alexbutor.hu\/oltozobutor\/gyik\/\",\"name\":\"GYIK - \u00d6lt\u00f6z\u0151b\u00fator\",\"isPartOf\":{\"@id\":\"https:\/\/alexbutor.hu\/oltozobutor\/#website\"},\"primaryImageOfPage\":{\"@id\":\"https:\/\/alexbutor.hu\/oltozobutor\/gyik\/#primaryimage\"},\"image\":{\"@id\":\"https:\/\/alexbutor.hu\/oltozobutor\/gyik\/#primaryimage\"},\"thumbnailUrl\":\"https:\/\/alexbutor.hu\/oltozobutor\/wp-content\/uploads\/2016\/11\/fem_oltozoszekrenyek.jpg\",\"datePublished\":\"2016-06-30T15:54:15+00:00\",\"dateModified\":\"2026-02-18T14:34:20+00:00\",\"description\":\"Milyen adatokat kell megadni a rendel\u00e9shez? Hogyan t\u00f6rt\u00e9nik az \u00f6lt\u00f6z\u0151b\u00fatorok, ipari berendez\u00e9sek sz\u00e1ll\u00edt\u00e1s? Kattintson ide a gyakran ism\u00e9telt k\u00e9rd\u00e9sek\u00e9rt!\",\"breadcrumb\":{\"@id\":\"https:\/\/alexbutor.hu\/oltozobutor\/gyik\/#breadcrumb\"},\"inLanguage\":\"hu\",\"potentialAction\":[{\"@type\":\"ReadAction\",\"target\":[\"https:\/\/alexbutor.hu\/oltozobutor\/gyik\/\"]}]},{\"@type\":\"ImageObject\",\"inLanguage\":\"hu\",\"@id\":\"https:\/\/alexbutor.hu\/oltozobutor\/gyik\/#primaryimage\",\"url\":\"https:\/\/alexbutor.hu\/oltozobutor\/wp-content\/uploads\/2016\/11\/fem_oltozoszekrenyek.jpg\",\"contentUrl\":\"https:\/\/alexbutor.hu\/oltozobutor\/wp-content\/uploads\/2016\/11\/fem_oltozoszekrenyek.jpg\",\"width\":800,\"height\":560},{\"@type\":\"BreadcrumbList\",\"@id\":\"https:\/\/alexbutor.hu\/oltozobutor\/gyik\/#breadcrumb\",\"itemListElement\":[{\"@type\":\"ListItem\",\"position\":1,\"name\":\"Home\",\"item\":\"https:\/\/alexbutor.hu\/oltozobutor\/\"},{\"@type\":\"ListItem\",\"position\":2,\"name\":\"GYIK\"}]},{\"@type\":\"WebSite\",\"@id\":\"https:\/\/alexbutor.hu\/oltozobutor\/#website\",\"url\":\"https:\/\/alexbutor.hu\/oltozobutor\/\",\"name\":\"\u00d6lt\u00f6z\u0151b\u00fator\",\"description\":\"Minden t\u00e9rben megold\u00e1s\",\"potentialAction\":[{\"@type\":\"SearchAction\",\"target\":{\"@type\":\"EntryPoint\",\"urlTemplate\":\"https:\/\/alexbutor.hu\/oltozobutor\/?s={search_term_string}\"},\"query-input\":{\"@type\":\"PropertyValueSpecification\",\"valueRequired\":true,\"valueName\":\"search_term_string\"}}],\"inLanguage\":\"hu\"}]}<\/script>\n<!-- \/ Yoast SEO plugin. -->","yoast_head_json":{"title":"GYIK - \u00d6lt\u00f6z\u0151b\u00fator","description":"Milyen adatokat kell megadni a rendel\u00e9shez? Hogyan t\u00f6rt\u00e9nik az \u00f6lt\u00f6z\u0151b\u00fatorok, ipari berendez\u00e9sek sz\u00e1ll\u00edt\u00e1s? Kattintson ide a gyakran ism\u00e9telt k\u00e9rd\u00e9sek\u00e9rt!","robots":{"index":"index","follow":"follow","max-snippet":"max-snippet:-1","max-image-preview":"max-image-preview:large","max-video-preview":"max-video-preview:-1"},"canonical":"https:\/\/alexbutor.hu\/oltozobutor\/gyik\/","og_locale":"hu_HU","og_type":"article","og_title":"GYIK - \u00d6lt\u00f6z\u0151b\u00fator","og_description":"Milyen adatokat kell megadni a rendel\u00e9shez? Hogyan t\u00f6rt\u00e9nik az \u00f6lt\u00f6z\u0151b\u00fatorok, ipari berendez\u00e9sek sz\u00e1ll\u00edt\u00e1s? Kattintson ide a gyakran ism\u00e9telt k\u00e9rd\u00e9sek\u00e9rt!","og_url":"https:\/\/alexbutor.hu\/oltozobutor\/gyik\/","og_site_name":"\u00d6lt\u00f6z\u0151b\u00fator","article_modified_time":"2026-02-18T14:34:20+00:00","og_image":[{"width":800,"height":560,"url":"https:\/\/alexbutor.hu\/oltozobutor\/wp-content\/uploads\/2016\/11\/fem_oltozoszekrenyek.jpg","type":"image\/jpeg"}],"twitter_card":"summary_large_image","twitter_misc":{"Becs\u00fclt olvas\u00e1si id\u0151":"4 perc"},"schema":{"@context":"https:\/\/schema.org","@graph":[{"@type":"WebPage","@id":"https:\/\/alexbutor.hu\/oltozobutor\/gyik\/","url":"https:\/\/alexbutor.hu\/oltozobutor\/gyik\/","name":"GYIK - \u00d6lt\u00f6z\u0151b\u00fator","isPartOf":{"@id":"https:\/\/alexbutor.hu\/oltozobutor\/#website"},"primaryImageOfPage":{"@id":"https:\/\/alexbutor.hu\/oltozobutor\/gyik\/#primaryimage"},"image":{"@id":"https:\/\/alexbutor.hu\/oltozobutor\/gyik\/#primaryimage"},"thumbnailUrl":"https:\/\/alexbutor.hu\/oltozobutor\/wp-content\/uploads\/2016\/11\/fem_oltozoszekrenyek.jpg","datePublished":"2016-06-30T15:54:15+00:00","dateModified":"2026-02-18T14:34:20+00:00","description":"Milyen adatokat kell megadni a rendel\u00e9shez? Hogyan t\u00f6rt\u00e9nik az \u00f6lt\u00f6z\u0151b\u00fatorok, ipari berendez\u00e9sek sz\u00e1ll\u00edt\u00e1s? Kattintson ide a gyakran ism\u00e9telt k\u00e9rd\u00e9sek\u00e9rt!","breadcrumb":{"@id":"https:\/\/alexbutor.hu\/oltozobutor\/gyik\/#breadcrumb"},"inLanguage":"hu","potentialAction":[{"@type":"ReadAction","target":["https:\/\/alexbutor.hu\/oltozobutor\/gyik\/"]}]},{"@type":"ImageObject","inLanguage":"hu","@id":"https:\/\/alexbutor.hu\/oltozobutor\/gyik\/#primaryimage","url":"https:\/\/alexbutor.hu\/oltozobutor\/wp-content\/uploads\/2016\/11\/fem_oltozoszekrenyek.jpg","contentUrl":"https:\/\/alexbutor.hu\/oltozobutor\/wp-content\/uploads\/2016\/11\/fem_oltozoszekrenyek.jpg","width":800,"height":560},{"@type":"BreadcrumbList","@id":"https:\/\/alexbutor.hu\/oltozobutor\/gyik\/#breadcrumb","itemListElement":[{"@type":"ListItem","position":1,"name":"Home","item":"https:\/\/alexbutor.hu\/oltozobutor\/"},{"@type":"ListItem","position":2,"name":"GYIK"}]},{"@type":"WebSite","@id":"https:\/\/alexbutor.hu\/oltozobutor\/#website","url":"https:\/\/alexbutor.hu\/oltozobutor\/","name":"\u00d6lt\u00f6z\u0151b\u00fator","description":"Minden t\u00e9rben megold\u00e1s","potentialAction":[{"@type":"SearchAction","target":{"@type":"EntryPoint","urlTemplate":"https:\/\/alexbutor.hu\/oltozobutor\/?s={search_term_string}"},"query-input":{"@type":"PropertyValueSpecification","valueRequired":true,"valueName":"search_term_string"}}],"inLanguage":"hu"}]}},"_links":{"self":[{"href":"https:\/\/alexbutor.hu\/oltozobutor\/wp-json\/wp\/v2\/pages\/1874"}],"collection":[{"href":"https:\/\/alexbutor.hu\/oltozobutor\/wp-json\/wp\/v2\/pages"}],"about":[{"href":"https:\/\/alexbutor.hu\/oltozobutor\/wp-json\/wp\/v2\/types\/page"}],"author":[{"embeddable":true,"href":"https:\/\/alexbutor.hu\/oltozobutor\/wp-json\/wp\/v2\/users\/3"}],"replies":[{"embeddable":true,"href":"https:\/\/alexbutor.hu\/oltozobutor\/wp-json\/wp\/v2\/comments?post=1874"}],"version-history":[{"count":5,"href":"https:\/\/alexbutor.hu\/oltozobutor\/wp-json\/wp\/v2\/pages\/1874\/revisions"}],"predecessor-version":[{"id":77008,"href":"https:\/\/alexbutor.hu\/oltozobutor\/wp-json\/wp\/v2\/pages\/1874\/revisions\/77008"}],"wp:featuredmedia":[{"embeddable":true,"href":"https:\/\/alexbutor.hu\/oltozobutor\/wp-json\/wp\/v2\/media\/34624"}],"wp:attachment":[{"href":"https:\/\/alexbutor.hu\/oltozobutor\/wp-json\/wp\/v2\/media?parent=1874"}],"curies":[{"name":"wp","href":"https:\/\/api.w.org\/{rel}","templated":true}]}}