{"id":31338,"date":"2016-11-30T13:56:20","date_gmt":"2016-11-30T13:56:20","guid":{"rendered":"http:\/\/alexbutor.hu\/oltozobutor\/?page_id=31338"},"modified":"2021-05-19T16:16:40","modified_gmt":"2021-05-19T15:16:40","slug":"butorlapos-oltozoszekreny","status":"publish","type":"page","link":"https:\/\/alexbutor.hu\/oltozobutor\/kategoriak\/oltozoszekreny\/butorlapos-oltozoszekreny\/","title":{"rendered":"B\u00fatorlapos \u00f6lt\u00f6z\u0151szekr\u00e9ny"},"content":{"rendered":"<div class=\"butorlaposkat\">\n<div class=\"vonalasc\u00edmh\">\n<h3 class=\"vonalasc\u00edm\"><span>Kateg\u00f3ri\u00e1k<\/span><\/h3>\n<\/div>\n<li class=\"portfolio_item isotope-item\">\n<div class=\"portfolio_item_holder\">\n<figure class=\"thumbnail thumbnail__portfolio\"><a href=\"https:\/\/alexbutor.hu\/oltozobutor\/kategoriak\/oltozoszekreny\/butorlapos-oltozoszekreny\/hosszuajtos-oltozoszekreny\/\" class=\"image-wrap\"><img decoding=\"async\" src=\"https:\/\/alexbutor.hu\/oltozobutor\/wp-content\/uploads\/2021\/03\/hosszuajtos.png\" alt=\"Hossz\u00faajt\u00f3s \u00f6lt\u00f6z\u0151szekr\u00e9ny\"><\/a><\/figure>\n<div class=\"caption caption__portfolio\">\n<h3><a href=\"https:\/\/alexbutor.hu\/oltozobutor\/kategoriak\/oltozoszekreny\/butorlapos-oltozoszekreny\/hosszuajtos-oltozoszekreny\/\">Hossz\u00faajt\u00f3s<br \/>\u00f6lt\u00f6z\u0151szekr\u00e9nyek (6)<\/a><\/h3>\n<\/div>\n<\/div>\n<\/li>\n<li class=\"portfolio_item isotope-item\">\n<div class=\"portfolio_item_holder\">\n<figure class=\"thumbnail thumbnail__portfolio\"><a href=\"https:\/\/alexbutor.hu\/oltozobutor\/kategoriak\/oltozoszekreny\/butorlapos-oltozoszekreny\/rovidajtos-oltozoszekreny\/\" class=\"image-wrap\"><img decoding=\"async\" src=\"https:\/\/alexbutor.hu\/oltozobutor\/wp-content\/uploads\/2021\/03\/rovidajtos.png\" alt=\"R\u00f6vidajt\u00f3s \u00f6lt\u00f6z\u0151szekr\u00e9ny\"><\/a><\/figure>\n<div class=\"caption caption__portfolio\">\n<h3><a href=\"https:\/\/alexbutor.hu\/oltozobutor\/kategoriak\/oltozoszekreny\/butorlapos-oltozoszekreny\/rovidajtos-oltozoszekreny\/\">R\u00f6vidajt\u00f3s<br \/>\u00f6lt\u00f6z\u0151szekr\u00e9nyek (6)<\/a><\/h3>\n<\/div>\n<\/div>\n<\/li>\n<li class=\"portfolio_item isotope-item\">\n<div class=\"portfolio_item_holder\">\n<figure class=\"thumbnail thumbnail__portfolio\"><a href=\"https:\/\/alexbutor.hu\/oltozobutor\/kategoriak\/oltozoszekreny\/butorlapos-oltozoszekreny\/z-ajtos-oltozoszekreny\/\" class=\"image-wrap\"><img decoding=\"async\" src=\"https:\/\/alexbutor.hu\/oltozobutor\/wp-content\/uploads\/2021\/03\/z_ajtos.png\" alt=\"Z-ajt\u00f3s \u00f6lt\u00f6z\u0151szekr\u00e9ny\"><\/a><\/figure>\n<div class=\"caption caption__portfolio\">\n<h3><a href=\"https:\/\/alexbutor.hu\/oltozobutor\/kategoriak\/oltozoszekreny\/butorlapos-oltozoszekreny\/z-ajtos-oltozoszekreny\/\">Z-ajt\u00f3s<br \/>\u00f6lt\u00f6z\u0151szekr\u00e9nyek (3)<\/a><\/h3>\n<\/div>\n<\/div>\n<\/li>\n<li class=\"portfolio_item isotope-item\">\n<div class=\"portfolio_item_holder\">\n<figure class=\"thumbnail thumbnail__portfolio\"><a href=\"https:\/\/alexbutor.hu\/oltozobutor\/kategoriak\/oltozoszekreny\/butorlapos-oltozoszekreny\/sportpados-oltozoszekreny\/\" class=\"image-wrap\"><img decoding=\"async\" src=\"https:\/\/alexbutor.hu\/oltozobutor\/wp-content\/uploads\/2021\/03\/sportpados.png\" alt=\"Sportpados \u00f6lt\u00f6z\u0151szekr\u00e9ny\"><\/a><\/figure>\n<div class=\"caption caption__portfolio\">\n<h3><a href=\"https:\/\/alexbutor.hu\/oltozobutor\/kategoriak\/oltozoszekreny\/butorlapos-oltozoszekreny\/sportpados-oltozoszekreny\/\">Sportpados<br \/>\u00f6lt\u00f6z\u0151szekr\u00e9nyek (6)<\/a><\/h3>\n<\/div>\n<\/div>\n<\/li>\n<li class=\"portfolio_item isotope-item\">\n<div class=\"portfolio_item_holder\">\n<figure class=\"thumbnail thumbnail__portfolio\"><a href=\"https:\/\/alexbutor.hu\/oltozobutor\/kategoriak\/oltozoszekreny\/butorlapos-oltozoszekreny\/valaszfalas-oltozoszekreny\/\" class=\"image-wrap\"><img decoding=\"async\" src=\"https:\/\/alexbutor.hu\/oltozobutor\/wp-content\/uploads\/2021\/03\/valaszfalas.png\" alt=\"V\u00e1laszfalas \u00f6lt\u00f6z\u0151szekr\u00e9ny\"><\/a><\/figure>\n<div class=\"caption caption__portfolio\">\n<h3><a href=\"https:\/\/alexbutor.hu\/oltozobutor\/kategoriak\/oltozoszekreny\/butorlapos-oltozoszekreny\/valaszfalas-oltozoszekreny\/\">V\u00e1laszfalas<br \/>\u00f6lt\u00f6z\u0151szekr\u00e9nyek (3)<\/a><\/h3>\n<\/div>\n<\/div>\n<\/li>\n<li class=\"portfolio_item isotope-item\">\n<div class=\"portfolio_item_holder\">\n<figure class=\"thumbnail thumbnail__portfolio\"><a href=\"https:\/\/alexbutor.hu\/oltozobutor\/kategoriak\/oltozoszekreny\/butorlapos-oltozoszekreny\/sport-oltozoszekreny\/\" class=\"image-wrap\"><img decoding=\"async\" src=\"https:\/\/alexbutor.hu\/oltozobutor\/wp-content\/uploads\/2021\/05\/sportnew.png\" alt=\"Sport\u00a0\u00f6lt\u00f6z\u0151szekr\u00e9ny\"><\/a><\/figure>\n<div class=\"caption caption__portfolio\">\n<h3><a href=\"https:\/\/alexbutor.hu\/oltozobutor\/kategoriak\/oltozoszekreny\/butorlapos-oltozoszekreny\/sport-oltozoszekreny\/\">Sport<br \/>\u00f6lt\u00f6z\u0151szekr\u00e9nyek (9)<\/a><\/h3>\n<\/div>\n<\/div>\n<\/li>\n<li class=\"portfolio_item isotope-item\">\n<div class=\"portfolio_item_holder\">\n<figure class=\"thumbnail thumbnail__portfolio\"><a href=\"https:\/\/alexbutor.hu\/oltozobutor\/kategoriak\/oltozoszekreny\/butorlapos-oltozoszekreny\/cipotarolos-oltozoszekreny\/\" class=\"image-wrap\"><img decoding=\"async\" src=\"https:\/\/alexbutor.hu\/oltozobutor\/wp-content\/uploads\/2021\/03\/cipotarolos.png\" alt=\"Cip\u0151t\u00e1rol\u00f3s \u00f6lt\u00f6z\u0151szekr\u00e9ny\"><\/a><\/figure>\n<div class=\"caption caption__portfolio\">\n<h3><a href=\"https:\/\/alexbutor.hu\/oltozobutor\/kategoriak\/oltozoszekreny\/butorlapos-oltozoszekreny\/cipotarolos-oltozoszekreny\/\">Cip\u0151t\u00e1rol\u00f3s<br \/>\u00f6lt\u00f6z\u0151szekr\u00e9nyek (3)<\/a><\/h3>\n<\/div>\n<\/div>\n<\/li>\n<\/div>\n","protected":false},"excerpt":{"rendered":"<p>Kateg\u00f3ri\u00e1k Hossz\u00faajt\u00f3s\u00f6lt\u00f6z\u0151szekr\u00e9nyek R\u00f6vidajt\u00f3s\u00f6lt\u00f6z\u0151szekr\u00e9nyek Z-ajt\u00f3s\u00f6lt\u00f6z\u0151szekr\u00e9nyek Sportpados\u00f6lt\u00f6z\u0151szekr\u00e9nyek V\u00e1laszfalas\u00f6lt\u00f6z\u0151szekr\u00e9nyek Sport\u00f6lt\u00f6z\u0151szekr\u00e9nyek Cip\u0151t\u00e1rol\u00f3s\u00f6lt\u00f6z\u0151szekr\u00e9nyek<\/p>\n","protected":false},"author":3,"featured_media":34632,"parent":69,"menu_order":0,"comment_status":"closed","ping_status":"closed","template":"page-uj-alexsub.php","meta":{"footnotes":""},"class_list":["post-31338","page","type-page","status-publish","has-post-thumbnail","hentry"],"yoast_head":"<!-- This site is optimized with the Yoast SEO plugin v23.5 - https:\/\/yoast.com\/wordpress\/plugins\/seo\/ -->\n<title>B\u00fatorlapos \u00f6lt\u00f6z\u0151szekr\u00e9ny - \u00d6lt\u00f6z\u0151b\u00fator<\/title>\n<meta name=\"description\" content=\"B\u00fatorlapos \u00f6lt\u00f6z\u0151szekr\u00e9nyek k\u00f6zvetlen\u00fcl a gy\u00e1rt\u00f3t\u00f3l! K\u00e9rje aj\u00e1nlatunkat standard vagy egy\u00e9ni m\u00e9retre! T\u00f6bbf\u00e9le modell, sz\u00edn \u00e9s j\u00f3t\u00e1ll\u00e1si garancia.\" \/>\n<meta name=\"robots\" content=\"index, follow, max-snippet:-1, max-image-preview:large, max-video-preview:-1\" \/>\n<link rel=\"canonical\" href=\"https:\/\/alexbutor.hu\/oltozobutor\/kategoriak\/oltozoszekreny\/butorlapos-oltozoszekreny\/\" \/>\n<meta property=\"og:locale\" content=\"hu_HU\" \/>\n<meta property=\"og:type\" content=\"article\" \/>\n<meta property=\"og:title\" content=\"B\u00fatorlapos \u00f6lt\u00f6z\u0151szekr\u00e9ny - \u00d6lt\u00f6z\u0151b\u00fator\" \/>\n<meta property=\"og:description\" content=\"B\u00fatorlapos \u00f6lt\u00f6z\u0151szekr\u00e9nyek k\u00f6zvetlen\u00fcl a gy\u00e1rt\u00f3t\u00f3l! K\u00e9rje aj\u00e1nlatunkat standard vagy egy\u00e9ni m\u00e9retre! T\u00f6bbf\u00e9le modell, sz\u00edn \u00e9s j\u00f3t\u00e1ll\u00e1si garancia.\" \/>\n<meta property=\"og:url\" content=\"https:\/\/alexbutor.hu\/oltozobutor\/kategoriak\/oltozoszekreny\/butorlapos-oltozoszekreny\/\" \/>\n<meta property=\"og:site_name\" content=\"\u00d6lt\u00f6z\u0151b\u00fator\" \/>\n<meta property=\"article:modified_time\" content=\"2021-05-19T15:16:40+00:00\" \/>\n<meta property=\"og:image\" content=\"https:\/\/alexbutor.hu\/oltozobutor\/wp-content\/uploads\/2016\/06\/butorlapos_oltozoszekreny_v2.jpg\" \/>\n\t<meta property=\"og:image:width\" content=\"800\" \/>\n\t<meta property=\"og:image:height\" content=\"560\" \/>\n\t<meta property=\"og:image:type\" content=\"image\/jpeg\" \/>\n<meta name=\"twitter:card\" content=\"summary_large_image\" \/>\n<script type=\"application\/ld+json\" class=\"yoast-schema-graph\">{\"@context\":\"https:\/\/schema.org\",\"@graph\":[{\"@type\":\"WebPage\",\"@id\":\"https:\/\/alexbutor.hu\/oltozobutor\/kategoriak\/oltozoszekreny\/butorlapos-oltozoszekreny\/\",\"url\":\"https:\/\/alexbutor.hu\/oltozobutor\/kategoriak\/oltozoszekreny\/butorlapos-oltozoszekreny\/\",\"name\":\"B\u00fatorlapos \u00f6lt\u00f6z\u0151szekr\u00e9ny - \u00d6lt\u00f6z\u0151b\u00fator\",\"isPartOf\":{\"@id\":\"https:\/\/alexbutor.hu\/oltozobutor\/#website\"},\"primaryImageOfPage\":{\"@id\":\"https:\/\/alexbutor.hu\/oltozobutor\/kategoriak\/oltozoszekreny\/butorlapos-oltozoszekreny\/#primaryimage\"},\"image\":{\"@id\":\"https:\/\/alexbutor.hu\/oltozobutor\/kategoriak\/oltozoszekreny\/butorlapos-oltozoszekreny\/#primaryimage\"},\"thumbnailUrl\":\"https:\/\/alexbutor.hu\/oltozobutor\/wp-content\/uploads\/2016\/06\/butorlapos_oltozoszekreny_v2.jpg\",\"datePublished\":\"2016-11-30T13:56:20+00:00\",\"dateModified\":\"2021-05-19T15:16:40+00:00\",\"description\":\"B\u00fatorlapos \u00f6lt\u00f6z\u0151szekr\u00e9nyek k\u00f6zvetlen\u00fcl a gy\u00e1rt\u00f3t\u00f3l! K\u00e9rje aj\u00e1nlatunkat standard vagy egy\u00e9ni m\u00e9retre! T\u00f6bbf\u00e9le modell, sz\u00edn \u00e9s j\u00f3t\u00e1ll\u00e1si garancia.\",\"breadcrumb\":{\"@id\":\"https:\/\/alexbutor.hu\/oltozobutor\/kategoriak\/oltozoszekreny\/butorlapos-oltozoszekreny\/#breadcrumb\"},\"inLanguage\":\"hu\",\"potentialAction\":[{\"@type\":\"ReadAction\",\"target\":[\"https:\/\/alexbutor.hu\/oltozobutor\/kategoriak\/oltozoszekreny\/butorlapos-oltozoszekreny\/\"]}]},{\"@type\":\"ImageObject\",\"inLanguage\":\"hu\",\"@id\":\"https:\/\/alexbutor.hu\/oltozobutor\/kategoriak\/oltozoszekreny\/butorlapos-oltozoszekreny\/#primaryimage\",\"url\":\"https:\/\/alexbutor.hu\/oltozobutor\/wp-content\/uploads\/2016\/06\/butorlapos_oltozoszekreny_v2.jpg\",\"contentUrl\":\"https:\/\/alexbutor.hu\/oltozobutor\/wp-content\/uploads\/2016\/06\/butorlapos_oltozoszekreny_v2.jpg\",\"width\":800,\"height\":560},{\"@type\":\"BreadcrumbList\",\"@id\":\"https:\/\/alexbutor.hu\/oltozobutor\/kategoriak\/oltozoszekreny\/butorlapos-oltozoszekreny\/#breadcrumb\",\"itemListElement\":[{\"@type\":\"ListItem\",\"position\":1,\"name\":\"Home\",\"item\":\"https:\/\/alexbutor.hu\/oltozobutor\/\"},{\"@type\":\"ListItem\",\"position\":2,\"name\":\"Term\u00e9kek\",\"item\":\"https:\/\/alexbutor.hu\/oltozobutor\/kategoriak\/\"},{\"@type\":\"ListItem\",\"position\":3,\"name\":\"\u00d6lt\u00f6z\u0151szekr\u00e9ny\",\"item\":\"https:\/\/alexbutor.hu\/oltozobutor\/kategoriak\/oltozoszekreny\/\"},{\"@type\":\"ListItem\",\"position\":4,\"name\":\"B\u00fatorlapos \u00f6lt\u00f6z\u0151szekr\u00e9ny\"}]},{\"@type\":\"WebSite\",\"@id\":\"https:\/\/alexbutor.hu\/oltozobutor\/#website\",\"url\":\"https:\/\/alexbutor.hu\/oltozobutor\/\",\"name\":\"\u00d6lt\u00f6z\u0151b\u00fator\",\"description\":\"Minden t\u00e9rben megold\u00e1s\",\"potentialAction\":[{\"@type\":\"SearchAction\",\"target\":{\"@type\":\"EntryPoint\",\"urlTemplate\":\"https:\/\/alexbutor.hu\/oltozobutor\/?s={search_term_string}\"},\"query-input\":{\"@type\":\"PropertyValueSpecification\",\"valueRequired\":true,\"valueName\":\"search_term_string\"}}],\"inLanguage\":\"hu\"}]}<\/script>\n<!-- \/ Yoast SEO plugin. -->","yoast_head_json":{"title":"B\u00fatorlapos \u00f6lt\u00f6z\u0151szekr\u00e9ny - \u00d6lt\u00f6z\u0151b\u00fator","description":"B\u00fatorlapos \u00f6lt\u00f6z\u0151szekr\u00e9nyek k\u00f6zvetlen\u00fcl a gy\u00e1rt\u00f3t\u00f3l! K\u00e9rje aj\u00e1nlatunkat standard vagy egy\u00e9ni m\u00e9retre! T\u00f6bbf\u00e9le modell, sz\u00edn \u00e9s j\u00f3t\u00e1ll\u00e1si garancia.","robots":{"index":"index","follow":"follow","max-snippet":"max-snippet:-1","max-image-preview":"max-image-preview:large","max-video-preview":"max-video-preview:-1"},"canonical":"https:\/\/alexbutor.hu\/oltozobutor\/kategoriak\/oltozoszekreny\/butorlapos-oltozoszekreny\/","og_locale":"hu_HU","og_type":"article","og_title":"B\u00fatorlapos \u00f6lt\u00f6z\u0151szekr\u00e9ny - \u00d6lt\u00f6z\u0151b\u00fator","og_description":"B\u00fatorlapos \u00f6lt\u00f6z\u0151szekr\u00e9nyek k\u00f6zvetlen\u00fcl a gy\u00e1rt\u00f3t\u00f3l! K\u00e9rje aj\u00e1nlatunkat standard vagy egy\u00e9ni m\u00e9retre! T\u00f6bbf\u00e9le modell, sz\u00edn \u00e9s j\u00f3t\u00e1ll\u00e1si garancia.","og_url":"https:\/\/alexbutor.hu\/oltozobutor\/kategoriak\/oltozoszekreny\/butorlapos-oltozoszekreny\/","og_site_name":"\u00d6lt\u00f6z\u0151b\u00fator","article_modified_time":"2021-05-19T15:16:40+00:00","og_image":[{"width":800,"height":560,"url":"https:\/\/alexbutor.hu\/oltozobutor\/wp-content\/uploads\/2016\/06\/butorlapos_oltozoszekreny_v2.jpg","type":"image\/jpeg"}],"twitter_card":"summary_large_image","schema":{"@context":"https:\/\/schema.org","@graph":[{"@type":"WebPage","@id":"https:\/\/alexbutor.hu\/oltozobutor\/kategoriak\/oltozoszekreny\/butorlapos-oltozoszekreny\/","url":"https:\/\/alexbutor.hu\/oltozobutor\/kategoriak\/oltozoszekreny\/butorlapos-oltozoszekreny\/","name":"B\u00fatorlapos \u00f6lt\u00f6z\u0151szekr\u00e9ny - \u00d6lt\u00f6z\u0151b\u00fator","isPartOf":{"@id":"https:\/\/alexbutor.hu\/oltozobutor\/#website"},"primaryImageOfPage":{"@id":"https:\/\/alexbutor.hu\/oltozobutor\/kategoriak\/oltozoszekreny\/butorlapos-oltozoszekreny\/#primaryimage"},"image":{"@id":"https:\/\/alexbutor.hu\/oltozobutor\/kategoriak\/oltozoszekreny\/butorlapos-oltozoszekreny\/#primaryimage"},"thumbnailUrl":"https:\/\/alexbutor.hu\/oltozobutor\/wp-content\/uploads\/2016\/06\/butorlapos_oltozoszekreny_v2.jpg","datePublished":"2016-11-30T13:56:20+00:00","dateModified":"2021-05-19T15:16:40+00:00","description":"B\u00fatorlapos \u00f6lt\u00f6z\u0151szekr\u00e9nyek k\u00f6zvetlen\u00fcl a gy\u00e1rt\u00f3t\u00f3l! K\u00e9rje aj\u00e1nlatunkat standard vagy egy\u00e9ni m\u00e9retre! T\u00f6bbf\u00e9le modell, sz\u00edn \u00e9s j\u00f3t\u00e1ll\u00e1si garancia.","breadcrumb":{"@id":"https:\/\/alexbutor.hu\/oltozobutor\/kategoriak\/oltozoszekreny\/butorlapos-oltozoszekreny\/#breadcrumb"},"inLanguage":"hu","potentialAction":[{"@type":"ReadAction","target":["https:\/\/alexbutor.hu\/oltozobutor\/kategoriak\/oltozoszekreny\/butorlapos-oltozoszekreny\/"]}]},{"@type":"ImageObject","inLanguage":"hu","@id":"https:\/\/alexbutor.hu\/oltozobutor\/kategoriak\/oltozoszekreny\/butorlapos-oltozoszekreny\/#primaryimage","url":"https:\/\/alexbutor.hu\/oltozobutor\/wp-content\/uploads\/2016\/06\/butorlapos_oltozoszekreny_v2.jpg","contentUrl":"https:\/\/alexbutor.hu\/oltozobutor\/wp-content\/uploads\/2016\/06\/butorlapos_oltozoszekreny_v2.jpg","width":800,"height":560},{"@type":"BreadcrumbList","@id":"https:\/\/alexbutor.hu\/oltozobutor\/kategoriak\/oltozoszekreny\/butorlapos-oltozoszekreny\/#breadcrumb","itemListElement":[{"@type":"ListItem","position":1,"name":"Home","item":"https:\/\/alexbutor.hu\/oltozobutor\/"},{"@type":"ListItem","position":2,"name":"Term\u00e9kek","item":"https:\/\/alexbutor.hu\/oltozobutor\/kategoriak\/"},{"@type":"ListItem","position":3,"name":"\u00d6lt\u00f6z\u0151szekr\u00e9ny","item":"https:\/\/alexbutor.hu\/oltozobutor\/kategoriak\/oltozoszekreny\/"},{"@type":"ListItem","position":4,"name":"B\u00fatorlapos \u00f6lt\u00f6z\u0151szekr\u00e9ny"}]},{"@type":"WebSite","@id":"https:\/\/alexbutor.hu\/oltozobutor\/#website","url":"https:\/\/alexbutor.hu\/oltozobutor\/","name":"\u00d6lt\u00f6z\u0151b\u00fator","description":"Minden t\u00e9rben megold\u00e1s","potentialAction":[{"@type":"SearchAction","target":{"@type":"EntryPoint","urlTemplate":"https:\/\/alexbutor.hu\/oltozobutor\/?s={search_term_string}"},"query-input":{"@type":"PropertyValueSpecification","valueRequired":true,"valueName":"search_term_string"}}],"inLanguage":"hu"}]}},"_links":{"self":[{"href":"https:\/\/alexbutor.hu\/oltozobutor\/wp-json\/wp\/v2\/pages\/31338"}],"collection":[{"href":"https:\/\/alexbutor.hu\/oltozobutor\/wp-json\/wp\/v2\/pages"}],"about":[{"href":"https:\/\/alexbutor.hu\/oltozobutor\/wp-json\/wp\/v2\/types\/page"}],"author":[{"embeddable":true,"href":"https:\/\/alexbutor.hu\/oltozobutor\/wp-json\/wp\/v2\/users\/3"}],"replies":[{"embeddable":true,"href":"https:\/\/alexbutor.hu\/oltozobutor\/wp-json\/wp\/v2\/comments?post=31338"}],"version-history":[{"count":3,"href":"https:\/\/alexbutor.hu\/oltozobutor\/wp-json\/wp\/v2\/pages\/31338\/revisions"}],"predecessor-version":[{"id":46351,"href":"https:\/\/alexbutor.hu\/oltozobutor\/wp-json\/wp\/v2\/pages\/31338\/revisions\/46351"}],"up":[{"embeddable":true,"href":"https:\/\/alexbutor.hu\/oltozobutor\/wp-json\/wp\/v2\/pages\/69"}],"wp:featuredmedia":[{"embeddable":true,"href":"https:\/\/alexbutor.hu\/oltozobutor\/wp-json\/wp\/v2\/media\/34632"}],"wp:attachment":[{"href":"https:\/\/alexbutor.hu\/oltozobutor\/wp-json\/wp\/v2\/media?parent=31338"}],"curies":[{"name":"wp","href":"https:\/\/api.w.org\/{rel}","templated":true}]}}