{"id":31350,"date":"2016-11-30T13:58:56","date_gmt":"2016-11-30T13:58:56","guid":{"rendered":"http:\/\/alexbutor.hu\/oltozobutor\/?page_id=31350"},"modified":"2021-05-19T16:57:49","modified_gmt":"2021-05-19T15:57:49","slug":"fem-oltozoszekreny","status":"publish","type":"page","link":"https:\/\/alexbutor.hu\/oltozobutor\/kategoriak\/oltozoszekreny\/fem-oltozoszekreny\/","title":{"rendered":"F\u00e9m \u00f6lt\u00f6z\u0151szekr\u00e9ny"},"content":{"rendered":"<div class=\"butorlaposkat\">\n<div class=\"vonalasc\u00edmh\">\n<h3 class=\"vonalasc\u00edm\"><span>Kateg\u00f3ri\u00e1k<\/span><\/h3>\n<\/div>\n<li class=\"portfolio_item isotope-item\">\n<div class=\"portfolio_item_holder\">\n<figure class=\"thumbnail thumbnail__portfolio\"><a href=\"https:\/\/alexbutor.hu\/oltozobutor\/kategoriak\/oltozoszekreny\/fem-oltozoszekreny\/hosszuajtos-oltozoszekreny\/\" class=\"image-wrap\"><img decoding=\"async\" src=\"https:\/\/alexbutor.hu\/oltozobutor\/wp-content\/uploads\/2021\/05\/Kategoria_kepek_800x560-1.jpg\" alt=\"Hossz\u00faajt\u00f3s \u00f6lt\u00f6z\u0151szekr\u00e9ny\"><\/a><\/figure>\n<div class=\"caption caption__portfolio\">\n<h3><a href=\"https:\/\/alexbutor.hu\/oltozobutor\/kategoriak\/oltozoszekreny\/fem-oltozoszekreny\/hosszuajtos-oltozoszekreny\/\">Hossz\u00faajt\u00f3s<br \/>\u00f6lt\u00f6z\u0151szekr\u00e9ny (20)<\/a><\/h3>\n<\/div>\n<\/div>\n<\/li>\n<li class=\"portfolio_item isotope-item\">\n<div class=\"portfolio_item_holder\">\n<figure class=\"thumbnail thumbnail__portfolio\"><a href=\"https:\/\/alexbutor.hu\/oltozobutor\/kategoriak\/oltozoszekreny\/fem-oltozoszekreny\/rovidajtos-oltozoszekreny\/\" class=\"image-wrap\"><img decoding=\"async\" src=\"https:\/\/alexbutor.hu\/oltozobutor\/wp-content\/uploads\/2021\/05\/Kategoria_kepek_800x5602-1.jpg\" alt=\"R\u00f6vidajt\u00f3s \u00f6lt\u00f6z\u0151szekr\u00e9ny\"><\/a><\/figure>\n<div class=\"caption caption__portfolio\">\n<h3><a href=\"https:\/\/alexbutor.hu\/oltozobutor\/kategoriak\/oltozoszekreny\/fem-oltozoszekreny\/rovidajtos-oltozoszekreny\/\">R\u00f6vidajt\u00f3s<br \/>\u00f6lt\u00f6z\u0151szekr\u00e9ny (22)<\/a><\/h3>\n<\/div>\n<\/div>\n<\/li>\n<li class=\"portfolio_item isotope-item\">\n<div class=\"portfolio_item_holder\">\n<figure class=\"thumbnail thumbnail__portfolio\"><a href=\"https:\/\/alexbutor.hu\/oltozobutor\/kategoriak\/oltozoszekreny\/fem-oltozoszekreny\/z-ajtos-oltozoszekreny\/\" class=\"image-wrap\"><img decoding=\"async\" src=\"https:\/\/alexbutor.hu\/oltozobutor\/wp-content\/uploads\/2021\/05\/Kategoria_kepek_800x5603-1.jpg\" alt=\"Z-ajt\u00f3s \u00f6lt\u00f6z\u0151szekr\u00e9ny\"><\/a><\/figure>\n<div class=\"caption caption__portfolio\">\n<h3><a href=\"https:\/\/alexbutor.hu\/oltozobutor\/kategoriak\/oltozoszekreny\/fem-oltozoszekreny\/z-ajtos-oltozoszekreny\/\">Z-ajt\u00f3s<br \/>\u00f6lt\u00f6z\u0151szekr\u00e9ny (16)<\/a><\/h3>\n<\/div>\n<\/div>\n<\/li>\n<li class=\"portfolio_item isotope-item\">\n<div class=\"portfolio_item_holder\">\n<figure class=\"thumbnail thumbnail__portfolio\"><a href=\"https:\/\/alexbutor.hu\/oltozobutor\/kategoriak\/oltozoszekreny\/fem-oltozoszekreny\/sportpados-oltozoszekreny\/\" class=\"image-wrap\"><img decoding=\"async\" src=\"https:\/\/alexbutor.hu\/oltozobutor\/wp-content\/uploads\/2021\/05\/Kategoria_kepek_800x5604-1.jpg\" alt=\"Sportpados \u00f6lt\u00f6z\u0151szekr\u00e9ny\"><\/a><\/figure>\n<div class=\"caption caption__portfolio\">\n<h3><a href=\"https:\/\/alexbutor.hu\/oltozobutor\/kategoriak\/oltozoszekreny\/fem-oltozoszekreny\/sportpados-oltozoszekreny\/\">Sportpados<br \/>\u00f6lt\u00f6z\u0151szekr\u00e9ny (21)<\/a><\/h3>\n<\/div>\n<\/div>\n<\/li>\n<p><!-- \n\n<li class=\"portfolio_item isotope-item\">\n\n\n<div class=\"portfolio_item_holder\">\n\n\n<figure class=\"thumbnail thumbnail__portfolio\"><a href=\"https:\/\/alexbutor.hu\/oltozobutor\/kategoriak\/oltozoszekreny\/fem-oltozoszekreny\/valaszfalas-oltozoszekreny\/\" class=\"image-wrap\"><img decoding=\"async\" src=\"https:\/\/alexbutor.hu\/oltozobutor\/wp-content\/uploads\/2016\/11\/1.2-Fem_oltozoszekreny-Valaszfalas_ajtos_800x560px.jpg\" alt=\"V\u00e1laszfalas \u00f6lt\u00f6z\u0151szekr\u00e9ny\"><\/a><\/figure>\n\n\n\n\n<div class=\"caption caption__portfolio\">\n\n\n<h3><a href=\"https:\/\/alexbutor.hu\/oltozobutor\/kategoriak\/oltozoszekreny\/fem-oltozoszekreny\/valaszfalas-oltozoszekreny\/\">V\u00e1laszfalas \u00f6lt\u00f6z\u0151szekr\u00e9ny<\/a><\/h3>\n\n\n<\/div>\n\n\n<\/div>\n\n\n<\/li>\n\n --><\/p>\n<\/div>\n","protected":false},"excerpt":{"rendered":"<p>Kateg\u00f3ri\u00e1k Hossz\u00faajt\u00f3s\u00f6lt\u00f6z\u0151szekr\u00e9ny R\u00f6vidajt\u00f3s\u00f6lt\u00f6z\u0151szekr\u00e9ny Z-ajt\u00f3s\u00f6lt\u00f6z\u0151szekr\u00e9ny Sportpados\u00f6lt\u00f6z\u0151szekr\u00e9ny<\/p>\n","protected":false},"author":3,"featured_media":34624,"parent":69,"menu_order":0,"comment_status":"closed","ping_status":"closed","template":"page-uj-alexsub.php","meta":{"footnotes":""},"class_list":["post-31350","page","type-page","status-publish","has-post-thumbnail","hentry"],"yoast_head":"<!-- This site is optimized with the Yoast SEO plugin v23.5 - https:\/\/yoast.com\/wordpress\/plugins\/seo\/ -->\n<title>F\u00e9m \u00f6lt\u00f6z\u0151szekr\u00e9ny - \u00d6lt\u00f6z\u0151b\u00fator<\/title>\n<meta name=\"description\" content=\"F\u00e9m \u00f6lt\u00f6z\u0151szekr\u00e9nyek c\u00e9geknek, iskol\u00e1knak, sport\u00f6lt\u00f6z\u0151kbe. Higi\u00e9nikus, id\u0151t\u00e1ll\u00f3 szekr\u00e9nyek j\u00f3t\u00e1ll\u00e1si garanci\u00e1val, orsz\u00e1gos kisz\u00e1ll\u00edt\u00e1ssal. K\u00e9rje aj\u00e1nlatunkat!\" \/>\n<meta name=\"robots\" content=\"index, follow, max-snippet:-1, max-image-preview:large, max-video-preview:-1\" \/>\n<link rel=\"canonical\" href=\"https:\/\/alexbutor.hu\/oltozobutor\/kategoriak\/oltozoszekreny\/fem-oltozoszekreny\/\" \/>\n<meta property=\"og:locale\" content=\"hu_HU\" \/>\n<meta property=\"og:type\" content=\"article\" \/>\n<meta property=\"og:title\" content=\"F\u00e9m \u00f6lt\u00f6z\u0151szekr\u00e9ny - \u00d6lt\u00f6z\u0151b\u00fator\" \/>\n<meta property=\"og:description\" content=\"F\u00e9m \u00f6lt\u00f6z\u0151szekr\u00e9nyek c\u00e9geknek, iskol\u00e1knak, sport\u00f6lt\u00f6z\u0151kbe. Higi\u00e9nikus, id\u0151t\u00e1ll\u00f3 szekr\u00e9nyek j\u00f3t\u00e1ll\u00e1si garanci\u00e1val, orsz\u00e1gos kisz\u00e1ll\u00edt\u00e1ssal. K\u00e9rje aj\u00e1nlatunkat!\" \/>\n<meta property=\"og:url\" content=\"https:\/\/alexbutor.hu\/oltozobutor\/kategoriak\/oltozoszekreny\/fem-oltozoszekreny\/\" \/>\n<meta property=\"og:site_name\" content=\"\u00d6lt\u00f6z\u0151b\u00fator\" \/>\n<meta property=\"article:modified_time\" content=\"2021-05-19T15:57:49+00:00\" \/>\n<meta property=\"og:image\" content=\"https:\/\/alexbutor.hu\/oltozobutor\/wp-content\/uploads\/2016\/11\/fem_oltozoszekrenyek.jpg\" \/>\n\t<meta property=\"og:image:width\" content=\"800\" \/>\n\t<meta property=\"og:image:height\" content=\"560\" \/>\n\t<meta property=\"og:image:type\" content=\"image\/jpeg\" \/>\n<meta name=\"twitter:card\" content=\"summary_large_image\" \/>\n<script type=\"application\/ld+json\" class=\"yoast-schema-graph\">{\"@context\":\"https:\/\/schema.org\",\"@graph\":[{\"@type\":\"WebPage\",\"@id\":\"https:\/\/alexbutor.hu\/oltozobutor\/kategoriak\/oltozoszekreny\/fem-oltozoszekreny\/\",\"url\":\"https:\/\/alexbutor.hu\/oltozobutor\/kategoriak\/oltozoszekreny\/fem-oltozoszekreny\/\",\"name\":\"F\u00e9m \u00f6lt\u00f6z\u0151szekr\u00e9ny - \u00d6lt\u00f6z\u0151b\u00fator\",\"isPartOf\":{\"@id\":\"https:\/\/alexbutor.hu\/oltozobutor\/#website\"},\"primaryImageOfPage\":{\"@id\":\"https:\/\/alexbutor.hu\/oltozobutor\/kategoriak\/oltozoszekreny\/fem-oltozoszekreny\/#primaryimage\"},\"image\":{\"@id\":\"https:\/\/alexbutor.hu\/oltozobutor\/kategoriak\/oltozoszekreny\/fem-oltozoszekreny\/#primaryimage\"},\"thumbnailUrl\":\"https:\/\/alexbutor.hu\/oltozobutor\/wp-content\/uploads\/2016\/11\/fem_oltozoszekrenyek.jpg\",\"datePublished\":\"2016-11-30T13:58:56+00:00\",\"dateModified\":\"2021-05-19T15:57:49+00:00\",\"description\":\"F\u00e9m \u00f6lt\u00f6z\u0151szekr\u00e9nyek c\u00e9geknek, iskol\u00e1knak, sport\u00f6lt\u00f6z\u0151kbe. Higi\u00e9nikus, id\u0151t\u00e1ll\u00f3 szekr\u00e9nyek j\u00f3t\u00e1ll\u00e1si garanci\u00e1val, orsz\u00e1gos kisz\u00e1ll\u00edt\u00e1ssal. K\u00e9rje aj\u00e1nlatunkat!\",\"breadcrumb\":{\"@id\":\"https:\/\/alexbutor.hu\/oltozobutor\/kategoriak\/oltozoszekreny\/fem-oltozoszekreny\/#breadcrumb\"},\"inLanguage\":\"hu\",\"potentialAction\":[{\"@type\":\"ReadAction\",\"target\":[\"https:\/\/alexbutor.hu\/oltozobutor\/kategoriak\/oltozoszekreny\/fem-oltozoszekreny\/\"]}]},{\"@type\":\"ImageObject\",\"inLanguage\":\"hu\",\"@id\":\"https:\/\/alexbutor.hu\/oltozobutor\/kategoriak\/oltozoszekreny\/fem-oltozoszekreny\/#primaryimage\",\"url\":\"https:\/\/alexbutor.hu\/oltozobutor\/wp-content\/uploads\/2016\/11\/fem_oltozoszekrenyek.jpg\",\"contentUrl\":\"https:\/\/alexbutor.hu\/oltozobutor\/wp-content\/uploads\/2016\/11\/fem_oltozoszekrenyek.jpg\",\"width\":800,\"height\":560},{\"@type\":\"BreadcrumbList\",\"@id\":\"https:\/\/alexbutor.hu\/oltozobutor\/kategoriak\/oltozoszekreny\/fem-oltozoszekreny\/#breadcrumb\",\"itemListElement\":[{\"@type\":\"ListItem\",\"position\":1,\"name\":\"Home\",\"item\":\"https:\/\/alexbutor.hu\/oltozobutor\/\"},{\"@type\":\"ListItem\",\"position\":2,\"name\":\"Term\u00e9kek\",\"item\":\"https:\/\/alexbutor.hu\/oltozobutor\/kategoriak\/\"},{\"@type\":\"ListItem\",\"position\":3,\"name\":\"\u00d6lt\u00f6z\u0151szekr\u00e9ny\",\"item\":\"https:\/\/alexbutor.hu\/oltozobutor\/kategoriak\/oltozoszekreny\/\"},{\"@type\":\"ListItem\",\"position\":4,\"name\":\"F\u00e9m \u00f6lt\u00f6z\u0151szekr\u00e9ny\"}]},{\"@type\":\"WebSite\",\"@id\":\"https:\/\/alexbutor.hu\/oltozobutor\/#website\",\"url\":\"https:\/\/alexbutor.hu\/oltozobutor\/\",\"name\":\"\u00d6lt\u00f6z\u0151b\u00fator\",\"description\":\"Minden t\u00e9rben megold\u00e1s\",\"potentialAction\":[{\"@type\":\"SearchAction\",\"target\":{\"@type\":\"EntryPoint\",\"urlTemplate\":\"https:\/\/alexbutor.hu\/oltozobutor\/?s={search_term_string}\"},\"query-input\":{\"@type\":\"PropertyValueSpecification\",\"valueRequired\":true,\"valueName\":\"search_term_string\"}}],\"inLanguage\":\"hu\"}]}<\/script>\n<!-- \/ Yoast SEO plugin. -->","yoast_head_json":{"title":"F\u00e9m \u00f6lt\u00f6z\u0151szekr\u00e9ny - \u00d6lt\u00f6z\u0151b\u00fator","description":"F\u00e9m \u00f6lt\u00f6z\u0151szekr\u00e9nyek c\u00e9geknek, iskol\u00e1knak, sport\u00f6lt\u00f6z\u0151kbe. Higi\u00e9nikus, id\u0151t\u00e1ll\u00f3 szekr\u00e9nyek j\u00f3t\u00e1ll\u00e1si garanci\u00e1val, orsz\u00e1gos kisz\u00e1ll\u00edt\u00e1ssal. K\u00e9rje aj\u00e1nlatunkat!","robots":{"index":"index","follow":"follow","max-snippet":"max-snippet:-1","max-image-preview":"max-image-preview:large","max-video-preview":"max-video-preview:-1"},"canonical":"https:\/\/alexbutor.hu\/oltozobutor\/kategoriak\/oltozoszekreny\/fem-oltozoszekreny\/","og_locale":"hu_HU","og_type":"article","og_title":"F\u00e9m \u00f6lt\u00f6z\u0151szekr\u00e9ny - \u00d6lt\u00f6z\u0151b\u00fator","og_description":"F\u00e9m \u00f6lt\u00f6z\u0151szekr\u00e9nyek c\u00e9geknek, iskol\u00e1knak, sport\u00f6lt\u00f6z\u0151kbe. Higi\u00e9nikus, id\u0151t\u00e1ll\u00f3 szekr\u00e9nyek j\u00f3t\u00e1ll\u00e1si garanci\u00e1val, orsz\u00e1gos kisz\u00e1ll\u00edt\u00e1ssal. K\u00e9rje aj\u00e1nlatunkat!","og_url":"https:\/\/alexbutor.hu\/oltozobutor\/kategoriak\/oltozoszekreny\/fem-oltozoszekreny\/","og_site_name":"\u00d6lt\u00f6z\u0151b\u00fator","article_modified_time":"2021-05-19T15:57:49+00:00","og_image":[{"width":800,"height":560,"url":"https:\/\/alexbutor.hu\/oltozobutor\/wp-content\/uploads\/2016\/11\/fem_oltozoszekrenyek.jpg","type":"image\/jpeg"}],"twitter_card":"summary_large_image","schema":{"@context":"https:\/\/schema.org","@graph":[{"@type":"WebPage","@id":"https:\/\/alexbutor.hu\/oltozobutor\/kategoriak\/oltozoszekreny\/fem-oltozoszekreny\/","url":"https:\/\/alexbutor.hu\/oltozobutor\/kategoriak\/oltozoszekreny\/fem-oltozoszekreny\/","name":"F\u00e9m \u00f6lt\u00f6z\u0151szekr\u00e9ny - \u00d6lt\u00f6z\u0151b\u00fator","isPartOf":{"@id":"https:\/\/alexbutor.hu\/oltozobutor\/#website"},"primaryImageOfPage":{"@id":"https:\/\/alexbutor.hu\/oltozobutor\/kategoriak\/oltozoszekreny\/fem-oltozoszekreny\/#primaryimage"},"image":{"@id":"https:\/\/alexbutor.hu\/oltozobutor\/kategoriak\/oltozoszekreny\/fem-oltozoszekreny\/#primaryimage"},"thumbnailUrl":"https:\/\/alexbutor.hu\/oltozobutor\/wp-content\/uploads\/2016\/11\/fem_oltozoszekrenyek.jpg","datePublished":"2016-11-30T13:58:56+00:00","dateModified":"2021-05-19T15:57:49+00:00","description":"F\u00e9m \u00f6lt\u00f6z\u0151szekr\u00e9nyek c\u00e9geknek, iskol\u00e1knak, sport\u00f6lt\u00f6z\u0151kbe. Higi\u00e9nikus, id\u0151t\u00e1ll\u00f3 szekr\u00e9nyek j\u00f3t\u00e1ll\u00e1si garanci\u00e1val, orsz\u00e1gos kisz\u00e1ll\u00edt\u00e1ssal. K\u00e9rje aj\u00e1nlatunkat!","breadcrumb":{"@id":"https:\/\/alexbutor.hu\/oltozobutor\/kategoriak\/oltozoszekreny\/fem-oltozoszekreny\/#breadcrumb"},"inLanguage":"hu","potentialAction":[{"@type":"ReadAction","target":["https:\/\/alexbutor.hu\/oltozobutor\/kategoriak\/oltozoszekreny\/fem-oltozoszekreny\/"]}]},{"@type":"ImageObject","inLanguage":"hu","@id":"https:\/\/alexbutor.hu\/oltozobutor\/kategoriak\/oltozoszekreny\/fem-oltozoszekreny\/#primaryimage","url":"https:\/\/alexbutor.hu\/oltozobutor\/wp-content\/uploads\/2016\/11\/fem_oltozoszekrenyek.jpg","contentUrl":"https:\/\/alexbutor.hu\/oltozobutor\/wp-content\/uploads\/2016\/11\/fem_oltozoszekrenyek.jpg","width":800,"height":560},{"@type":"BreadcrumbList","@id":"https:\/\/alexbutor.hu\/oltozobutor\/kategoriak\/oltozoszekreny\/fem-oltozoszekreny\/#breadcrumb","itemListElement":[{"@type":"ListItem","position":1,"name":"Home","item":"https:\/\/alexbutor.hu\/oltozobutor\/"},{"@type":"ListItem","position":2,"name":"Term\u00e9kek","item":"https:\/\/alexbutor.hu\/oltozobutor\/kategoriak\/"},{"@type":"ListItem","position":3,"name":"\u00d6lt\u00f6z\u0151szekr\u00e9ny","item":"https:\/\/alexbutor.hu\/oltozobutor\/kategoriak\/oltozoszekreny\/"},{"@type":"ListItem","position":4,"name":"F\u00e9m \u00f6lt\u00f6z\u0151szekr\u00e9ny"}]},{"@type":"WebSite","@id":"https:\/\/alexbutor.hu\/oltozobutor\/#website","url":"https:\/\/alexbutor.hu\/oltozobutor\/","name":"\u00d6lt\u00f6z\u0151b\u00fator","description":"Minden t\u00e9rben megold\u00e1s","potentialAction":[{"@type":"SearchAction","target":{"@type":"EntryPoint","urlTemplate":"https:\/\/alexbutor.hu\/oltozobutor\/?s={search_term_string}"},"query-input":{"@type":"PropertyValueSpecification","valueRequired":true,"valueName":"search_term_string"}}],"inLanguage":"hu"}]}},"_links":{"self":[{"href":"https:\/\/alexbutor.hu\/oltozobutor\/wp-json\/wp\/v2\/pages\/31350"}],"collection":[{"href":"https:\/\/alexbutor.hu\/oltozobutor\/wp-json\/wp\/v2\/pages"}],"about":[{"href":"https:\/\/alexbutor.hu\/oltozobutor\/wp-json\/wp\/v2\/types\/page"}],"author":[{"embeddable":true,"href":"https:\/\/alexbutor.hu\/oltozobutor\/wp-json\/wp\/v2\/users\/3"}],"replies":[{"embeddable":true,"href":"https:\/\/alexbutor.hu\/oltozobutor\/wp-json\/wp\/v2\/comments?post=31350"}],"version-history":[{"count":3,"href":"https:\/\/alexbutor.hu\/oltozobutor\/wp-json\/wp\/v2\/pages\/31350\/revisions"}],"predecessor-version":[{"id":46376,"href":"https:\/\/alexbutor.hu\/oltozobutor\/wp-json\/wp\/v2\/pages\/31350\/revisions\/46376"}],"up":[{"embeddable":true,"href":"https:\/\/alexbutor.hu\/oltozobutor\/wp-json\/wp\/v2\/pages\/69"}],"wp:featuredmedia":[{"embeddable":true,"href":"https:\/\/alexbutor.hu\/oltozobutor\/wp-json\/wp\/v2\/media\/34624"}],"wp:attachment":[{"href":"https:\/\/alexbutor.hu\/oltozobutor\/wp-json\/wp\/v2\/media?parent=31350"}],"curies":[{"name":"wp","href":"https:\/\/api.w.org\/{rel}","templated":true}]}}