{"id":31378,"date":"2016-11-30T14:03:54","date_gmt":"2016-11-30T14:03:54","guid":{"rendered":"http:\/\/alexbutor.hu\/oltozobutor\/?page_id=31378"},"modified":"2022-06-08T13:35:12","modified_gmt":"2022-06-08T12:35:12","slug":"ipari-berendezes","status":"publish","type":"page","link":"https:\/\/alexbutor.hu\/oltozobutor\/kategoriak\/ipari-berendezes\/","title":{"rendered":"Ipari berendez\u00e9s"},"content":{"rendered":"<div class=\"butorlaposkat\">\n<div class=\"vonalasc\u00edmh\">\n<h3 class=\"vonalasc\u00edm\"><span>Kateg\u00f3ri\u00e1k<\/span><\/h3>\n<\/div>\n<li class=\"portfolio_item isotope-item\">\n<div class=\"portfolio_item_holder\">\n<figure class=\"thumbnail thumbnail__portfolio\"><a href=\"https:\/\/alexbutor.hu\/oltozobutor\/kategoriak\/ipari-berendezes\/muhely-asztalok-padok\/\" class=\"image-wrap\"><img decoding=\"async\" src=\"https:\/\/alexbutor.hu\/oltozobutor\/wp-content\/uploads\/2021\/06\/muhely_asztal_pad.jpg\" alt=\"M\u0171helyasztal\"><\/a><\/figure>\n<div class=\"caption caption__portfolio\">\n<h3><a href=\"https:\/\/alexbutor.hu\/oltozobutor\/kategoriak\/ipari-berendezes\/muhely-asztalok-padok\/\">M\u0171hely asztalok, padok (20)<\/a><\/h3>\n<\/div>\n<\/div>\n<\/li>\n<li class=\"portfolio_item isotope-item\">\n<div class=\"portfolio_item_holder\">\n<figure class=\"thumbnail thumbnail__portfolio\"><a href=\"https:\/\/alexbutor.hu\/oltozobutor\/kategoriak\/ipari-berendezes\/muhely-es-labor-szek\/\" class=\"image-wrap\"><img decoding=\"async\" src=\"https:\/\/alexbutor.hu\/oltozobutor\/wp-content\/uploads\/2021\/06\/muhely_labor_szek.jpg\" alt=\"M\u0171helysz\u00e9k\"><\/a><\/figure>\n<div class=\"caption caption__portfolio\">\n<h3><a href=\"https:\/\/alexbutor.hu\/oltozobutor\/kategoriak\/ipari-berendezes\/muhely-es-labor-szek\/\">M\u0171hely \u00e9s Labor sz\u00e9k (15)<\/a><\/h3>\n<\/div>\n<\/div>\n<\/li>\n<li class=\"portfolio_item isotope-item\">\n<div class=\"portfolio_item_holder\">\n<figure class=\"thumbnail thumbnail__portfolio\"><a href=\"https:\/\/alexbutor.hu\/oltozobutor\/kategoriak\/ipari-berendezes\/fiokos-kontener\/\" class=\"image-wrap\"><img decoding=\"async\" src=\"https:\/\/alexbutor.hu\/oltozobutor\/wp-content\/uploads\/2021\/06\/fiokos_kontener.jpg\" alt=\"Fi\u00f3kos kont\u00e9ner\"><\/a><\/figure>\n<div class=\"caption caption__portfolio\">\n<h3><a href=\"https:\/\/alexbutor.hu\/oltozobutor\/kategoriak\/ipari-berendezes\/fiokos-kontener\/\">Fi\u00f3kos kont\u00e9ner (2)<\/a><\/h3>\n<\/div>\n<\/div>\n<\/li>\n<li class=\"portfolio_item isotope-item\">\n<div class=\"portfolio_item_holder\">\n<figure class=\"thumbnail thumbnail__portfolio\"><a href=\"https:\/\/alexbutor.hu\/oltozobutor\/kategoriak\/ipari-berendezes\/szerszamtarolo-szekreny\/\" class=\"image-wrap\"><img decoding=\"async\" src=\"https:\/\/alexbutor.hu\/oltozobutor\/wp-content\/uploads\/2021\/06\/szerszamtarolo.jpg\" alt=\"Szersz\u00e1mt\u00e1rol\u00f3 szekr\u00e9ny\"><\/a><\/figure>\n<div class=\"caption caption__portfolio\">\n<h3><a href=\"https:\/\/alexbutor.hu\/oltozobutor\/kategoriak\/ipari-berendezes\/szerszamtarolo-szekreny\/\">Szersz\u00e1mt\u00e1rol\u00f3 szekr\u00e9ny (12)<\/a><\/h3>\n<\/div>\n<\/div>\n<\/li>\n<li class=\"portfolio_item isotope-item\">\n<div class=\"portfolio_item_holder\">\n<figure class=\"thumbnail thumbnail__portfolio\"><a href=\"https:\/\/alexbutor.hu\/iskolabutor\/kategoriak\/szaktantermi-butorok\/termeszettudomanyos-oktatas-butorai\/vegyszerszekrenyek\/\" target=\"_blank\" class=\"image-wrap\" rel=\"noopener\"><img decoding=\"async\" src=\"https:\/\/alexbutor.hu\/oltozobutor\/wp-content\/uploads\/2021\/06\/vegyszertarolo.jpg\" alt=\"Vegyszert\u00e1rol\u00f3 szekr\u00e9ny\"><\/a><\/figure>\n<div class=\"caption caption__portfolio\">\n<h3><a href=\"https:\/\/alexbutor.hu\/iskolabutor\/kategoriak\/szaktantermi-butorok\/termeszettudomanyos-oktatas-butorai\/vegyszerszekrenyek\/\" target=\"_blank\" rel=\"noopener\">Vegyszert\u00e1rol\u00f3 szekr\u00e9ny<\/a><\/h3>\n<\/div>\n<\/div>\n<\/li>\n<li class=\"portfolio_item isotope-item\">\n<div class=\"portfolio_item_holder\">\n<figure class=\"thumbnail thumbnail__portfolio\"><a href=\"https:\/\/alexbutor.hu\/oltozobutor\/kategoriak\/ipari-berendezes\/orvosi-szoba\/\" class=\"image-wrap\" rel=\"noopener\"><img decoding=\"async\" src=\"https:\/\/alexbutor.hu\/oltozobutor\/wp-content\/uploads\/2022\/06\/vizsgalo_agy1600_1120.png\" alt=\"Orvosi szoba\"><\/a><\/figure>\n<div class=\"caption caption__portfolio\">\n<h3><a href=\"https:\/\/alexbutor.hu\/oltozobutor\/kategoriak\/ipari-berendezes\/orvosi-szoba\/\" rel=\"noopener\">Orvosi szoba<\/a><\/h3>\n<\/div>\n<\/div>\n<\/li>\n<\/div>\n","protected":false},"excerpt":{"rendered":"<p>Kateg\u00f3ri\u00e1k M\u0171hely asztalok, padok M\u0171hely \u00e9s Labor sz\u00e9k Fi\u00f3kos kont\u00e9ner Szersz\u00e1mt\u00e1rol\u00f3 szekr\u00e9ny Vegyszert\u00e1rol\u00f3 szekr\u00e9ny Orvosi szoba<\/p>\n","protected":false},"author":3,"featured_media":31496,"parent":10,"menu_order":0,"comment_status":"closed","ping_status":"closed","template":"page-uj-alexsub.php","meta":{"footnotes":""},"class_list":["post-31378","page","type-page","status-publish","has-post-thumbnail","hentry"],"yoast_head":"<!-- This site is optimized with the Yoast SEO plugin v23.5 - https:\/\/yoast.com\/wordpress\/plugins\/seo\/ -->\n<title>Ipari berendez\u00e9s - \u00d6lt\u00f6z\u0151b\u00fator<\/title>\n<meta name=\"description\" content=\"Ipari szekr\u00e9nyek professzion\u00e1lis munka\u00e1llom\u00e1sok kialak\u00edt\u00e1s\u00e1hoz. Gyors aj\u00e1nlatk\u00e9sz\u00edt\u00e9s, ingyenes tan\u00e1csad\u00e1s, sz\u00e9les term\u00e9kk\u00edn\u00e1lat. H\u00edvjon vagy \u00edrjon nek\u00fcnk!\" \/>\n<meta name=\"robots\" content=\"index, follow, max-snippet:-1, max-image-preview:large, max-video-preview:-1\" \/>\n<link rel=\"canonical\" href=\"https:\/\/alexbutor.hu\/oltozobutor\/kategoriak\/ipari-berendezes\/\" \/>\n<meta property=\"og:locale\" content=\"hu_HU\" \/>\n<meta property=\"og:type\" content=\"article\" \/>\n<meta property=\"og:title\" content=\"Ipari berendez\u00e9s - \u00d6lt\u00f6z\u0151b\u00fator\" \/>\n<meta property=\"og:description\" content=\"Ipari szekr\u00e9nyek professzion\u00e1lis munka\u00e1llom\u00e1sok kialak\u00edt\u00e1s\u00e1hoz. Gyors aj\u00e1nlatk\u00e9sz\u00edt\u00e9s, ingyenes tan\u00e1csad\u00e1s, sz\u00e9les term\u00e9kk\u00edn\u00e1lat. H\u00edvjon vagy \u00edrjon nek\u00fcnk!\" \/>\n<meta property=\"og:url\" content=\"https:\/\/alexbutor.hu\/oltozobutor\/kategoriak\/ipari-berendezes\/\" \/>\n<meta property=\"og:site_name\" content=\"\u00d6lt\u00f6z\u0151b\u00fator\" \/>\n<meta property=\"article:modified_time\" content=\"2022-06-08T12:35:12+00:00\" \/>\n<meta property=\"og:image\" content=\"https:\/\/alexbutor.hu\/oltozobutor\/wp-content\/uploads\/2016\/11\/3-Ipari_berendezes-01-Muhelyasztal_800x560px.jpg\" \/>\n\t<meta property=\"og:image:width\" content=\"800\" \/>\n\t<meta property=\"og:image:height\" content=\"560\" \/>\n\t<meta property=\"og:image:type\" content=\"image\/jpeg\" \/>\n<meta name=\"twitter:card\" content=\"summary_large_image\" \/>\n<script type=\"application\/ld+json\" class=\"yoast-schema-graph\">{\"@context\":\"https:\/\/schema.org\",\"@graph\":[{\"@type\":\"WebPage\",\"@id\":\"https:\/\/alexbutor.hu\/oltozobutor\/kategoriak\/ipari-berendezes\/\",\"url\":\"https:\/\/alexbutor.hu\/oltozobutor\/kategoriak\/ipari-berendezes\/\",\"name\":\"Ipari berendez\u00e9s - \u00d6lt\u00f6z\u0151b\u00fator\",\"isPartOf\":{\"@id\":\"https:\/\/alexbutor.hu\/oltozobutor\/#website\"},\"primaryImageOfPage\":{\"@id\":\"https:\/\/alexbutor.hu\/oltozobutor\/kategoriak\/ipari-berendezes\/#primaryimage\"},\"image\":{\"@id\":\"https:\/\/alexbutor.hu\/oltozobutor\/kategoriak\/ipari-berendezes\/#primaryimage\"},\"thumbnailUrl\":\"https:\/\/alexbutor.hu\/oltozobutor\/wp-content\/uploads\/2016\/11\/3-Ipari_berendezes-01-Muhelyasztal_800x560px.jpg\",\"datePublished\":\"2016-11-30T14:03:54+00:00\",\"dateModified\":\"2022-06-08T12:35:12+00:00\",\"description\":\"Ipari szekr\u00e9nyek professzion\u00e1lis munka\u00e1llom\u00e1sok kialak\u00edt\u00e1s\u00e1hoz. Gyors aj\u00e1nlatk\u00e9sz\u00edt\u00e9s, ingyenes tan\u00e1csad\u00e1s, sz\u00e9les term\u00e9kk\u00edn\u00e1lat. H\u00edvjon vagy \u00edrjon nek\u00fcnk!\",\"breadcrumb\":{\"@id\":\"https:\/\/alexbutor.hu\/oltozobutor\/kategoriak\/ipari-berendezes\/#breadcrumb\"},\"inLanguage\":\"hu\",\"potentialAction\":[{\"@type\":\"ReadAction\",\"target\":[\"https:\/\/alexbutor.hu\/oltozobutor\/kategoriak\/ipari-berendezes\/\"]}]},{\"@type\":\"ImageObject\",\"inLanguage\":\"hu\",\"@id\":\"https:\/\/alexbutor.hu\/oltozobutor\/kategoriak\/ipari-berendezes\/#primaryimage\",\"url\":\"https:\/\/alexbutor.hu\/oltozobutor\/wp-content\/uploads\/2016\/11\/3-Ipari_berendezes-01-Muhelyasztal_800x560px.jpg\",\"contentUrl\":\"https:\/\/alexbutor.hu\/oltozobutor\/wp-content\/uploads\/2016\/11\/3-Ipari_berendezes-01-Muhelyasztal_800x560px.jpg\",\"width\":800,\"height\":560},{\"@type\":\"BreadcrumbList\",\"@id\":\"https:\/\/alexbutor.hu\/oltozobutor\/kategoriak\/ipari-berendezes\/#breadcrumb\",\"itemListElement\":[{\"@type\":\"ListItem\",\"position\":1,\"name\":\"Home\",\"item\":\"https:\/\/alexbutor.hu\/oltozobutor\/\"},{\"@type\":\"ListItem\",\"position\":2,\"name\":\"Term\u00e9kek\",\"item\":\"https:\/\/alexbutor.hu\/oltozobutor\/kategoriak\/\"},{\"@type\":\"ListItem\",\"position\":3,\"name\":\"Ipari berendez\u00e9s\"}]},{\"@type\":\"WebSite\",\"@id\":\"https:\/\/alexbutor.hu\/oltozobutor\/#website\",\"url\":\"https:\/\/alexbutor.hu\/oltozobutor\/\",\"name\":\"\u00d6lt\u00f6z\u0151b\u00fator\",\"description\":\"Minden t\u00e9rben megold\u00e1s\",\"potentialAction\":[{\"@type\":\"SearchAction\",\"target\":{\"@type\":\"EntryPoint\",\"urlTemplate\":\"https:\/\/alexbutor.hu\/oltozobutor\/?s={search_term_string}\"},\"query-input\":{\"@type\":\"PropertyValueSpecification\",\"valueRequired\":true,\"valueName\":\"search_term_string\"}}],\"inLanguage\":\"hu\"}]}<\/script>\n<!-- \/ Yoast SEO plugin. -->","yoast_head_json":{"title":"Ipari berendez\u00e9s - \u00d6lt\u00f6z\u0151b\u00fator","description":"Ipari szekr\u00e9nyek professzion\u00e1lis munka\u00e1llom\u00e1sok kialak\u00edt\u00e1s\u00e1hoz. Gyors aj\u00e1nlatk\u00e9sz\u00edt\u00e9s, ingyenes tan\u00e1csad\u00e1s, sz\u00e9les term\u00e9kk\u00edn\u00e1lat. H\u00edvjon vagy \u00edrjon nek\u00fcnk!","robots":{"index":"index","follow":"follow","max-snippet":"max-snippet:-1","max-image-preview":"max-image-preview:large","max-video-preview":"max-video-preview:-1"},"canonical":"https:\/\/alexbutor.hu\/oltozobutor\/kategoriak\/ipari-berendezes\/","og_locale":"hu_HU","og_type":"article","og_title":"Ipari berendez\u00e9s - \u00d6lt\u00f6z\u0151b\u00fator","og_description":"Ipari szekr\u00e9nyek professzion\u00e1lis munka\u00e1llom\u00e1sok kialak\u00edt\u00e1s\u00e1hoz. Gyors aj\u00e1nlatk\u00e9sz\u00edt\u00e9s, ingyenes tan\u00e1csad\u00e1s, sz\u00e9les term\u00e9kk\u00edn\u00e1lat. H\u00edvjon vagy \u00edrjon nek\u00fcnk!","og_url":"https:\/\/alexbutor.hu\/oltozobutor\/kategoriak\/ipari-berendezes\/","og_site_name":"\u00d6lt\u00f6z\u0151b\u00fator","article_modified_time":"2022-06-08T12:35:12+00:00","og_image":[{"width":800,"height":560,"url":"https:\/\/alexbutor.hu\/oltozobutor\/wp-content\/uploads\/2016\/11\/3-Ipari_berendezes-01-Muhelyasztal_800x560px.jpg","type":"image\/jpeg"}],"twitter_card":"summary_large_image","schema":{"@context":"https:\/\/schema.org","@graph":[{"@type":"WebPage","@id":"https:\/\/alexbutor.hu\/oltozobutor\/kategoriak\/ipari-berendezes\/","url":"https:\/\/alexbutor.hu\/oltozobutor\/kategoriak\/ipari-berendezes\/","name":"Ipari berendez\u00e9s - \u00d6lt\u00f6z\u0151b\u00fator","isPartOf":{"@id":"https:\/\/alexbutor.hu\/oltozobutor\/#website"},"primaryImageOfPage":{"@id":"https:\/\/alexbutor.hu\/oltozobutor\/kategoriak\/ipari-berendezes\/#primaryimage"},"image":{"@id":"https:\/\/alexbutor.hu\/oltozobutor\/kategoriak\/ipari-berendezes\/#primaryimage"},"thumbnailUrl":"https:\/\/alexbutor.hu\/oltozobutor\/wp-content\/uploads\/2016\/11\/3-Ipari_berendezes-01-Muhelyasztal_800x560px.jpg","datePublished":"2016-11-30T14:03:54+00:00","dateModified":"2022-06-08T12:35:12+00:00","description":"Ipari szekr\u00e9nyek professzion\u00e1lis munka\u00e1llom\u00e1sok kialak\u00edt\u00e1s\u00e1hoz. Gyors aj\u00e1nlatk\u00e9sz\u00edt\u00e9s, ingyenes tan\u00e1csad\u00e1s, sz\u00e9les term\u00e9kk\u00edn\u00e1lat. H\u00edvjon vagy \u00edrjon nek\u00fcnk!","breadcrumb":{"@id":"https:\/\/alexbutor.hu\/oltozobutor\/kategoriak\/ipari-berendezes\/#breadcrumb"},"inLanguage":"hu","potentialAction":[{"@type":"ReadAction","target":["https:\/\/alexbutor.hu\/oltozobutor\/kategoriak\/ipari-berendezes\/"]}]},{"@type":"ImageObject","inLanguage":"hu","@id":"https:\/\/alexbutor.hu\/oltozobutor\/kategoriak\/ipari-berendezes\/#primaryimage","url":"https:\/\/alexbutor.hu\/oltozobutor\/wp-content\/uploads\/2016\/11\/3-Ipari_berendezes-01-Muhelyasztal_800x560px.jpg","contentUrl":"https:\/\/alexbutor.hu\/oltozobutor\/wp-content\/uploads\/2016\/11\/3-Ipari_berendezes-01-Muhelyasztal_800x560px.jpg","width":800,"height":560},{"@type":"BreadcrumbList","@id":"https:\/\/alexbutor.hu\/oltozobutor\/kategoriak\/ipari-berendezes\/#breadcrumb","itemListElement":[{"@type":"ListItem","position":1,"name":"Home","item":"https:\/\/alexbutor.hu\/oltozobutor\/"},{"@type":"ListItem","position":2,"name":"Term\u00e9kek","item":"https:\/\/alexbutor.hu\/oltozobutor\/kategoriak\/"},{"@type":"ListItem","position":3,"name":"Ipari berendez\u00e9s"}]},{"@type":"WebSite","@id":"https:\/\/alexbutor.hu\/oltozobutor\/#website","url":"https:\/\/alexbutor.hu\/oltozobutor\/","name":"\u00d6lt\u00f6z\u0151b\u00fator","description":"Minden t\u00e9rben megold\u00e1s","potentialAction":[{"@type":"SearchAction","target":{"@type":"EntryPoint","urlTemplate":"https:\/\/alexbutor.hu\/oltozobutor\/?s={search_term_string}"},"query-input":{"@type":"PropertyValueSpecification","valueRequired":true,"valueName":"search_term_string"}}],"inLanguage":"hu"}]}},"_links":{"self":[{"href":"https:\/\/alexbutor.hu\/oltozobutor\/wp-json\/wp\/v2\/pages\/31378"}],"collection":[{"href":"https:\/\/alexbutor.hu\/oltozobutor\/wp-json\/wp\/v2\/pages"}],"about":[{"href":"https:\/\/alexbutor.hu\/oltozobutor\/wp-json\/wp\/v2\/types\/page"}],"author":[{"embeddable":true,"href":"https:\/\/alexbutor.hu\/oltozobutor\/wp-json\/wp\/v2\/users\/3"}],"replies":[{"embeddable":true,"href":"https:\/\/alexbutor.hu\/oltozobutor\/wp-json\/wp\/v2\/comments?post=31378"}],"version-history":[{"count":3,"href":"https:\/\/alexbutor.hu\/oltozobutor\/wp-json\/wp\/v2\/pages\/31378\/revisions"}],"predecessor-version":[{"id":54292,"href":"https:\/\/alexbutor.hu\/oltozobutor\/wp-json\/wp\/v2\/pages\/31378\/revisions\/54292"}],"up":[{"embeddable":true,"href":"https:\/\/alexbutor.hu\/oltozobutor\/wp-json\/wp\/v2\/pages\/10"}],"wp:featuredmedia":[{"embeddable":true,"href":"https:\/\/alexbutor.hu\/oltozobutor\/wp-json\/wp\/v2\/media\/31496"}],"wp:attachment":[{"href":"https:\/\/alexbutor.hu\/oltozobutor\/wp-json\/wp\/v2\/media?parent=31378"}],"curies":[{"name":"wp","href":"https:\/\/api.w.org\/{rel}","templated":true}]}}