{"id":31380,"date":"2016-11-30T14:04:18","date_gmt":"2016-11-30T14:04:18","guid":{"rendered":"http:\/\/alexbutor.hu\/oltozobutor\/?page_id=31380"},"modified":"2018-02-23T08:02:53","modified_gmt":"2018-02-23T08:02:53","slug":"muhely-asztalok-padok","status":"publish","type":"page","link":"https:\/\/alexbutor.hu\/oltozobutor\/kategoriak\/ipari-berendezes\/muhely-asztalok-padok\/","title":{"rendered":"M\u0171hely asztalok, padok"},"content":{"rendered":"","protected":false},"excerpt":{"rendered":"","protected":false},"author":3,"featured_media":31496,"parent":31378,"menu_order":0,"comment_status":"closed","ping_status":"closed","template":"page-Portfolio4Cols-filterable.php","meta":{"footnotes":""},"class_list":["post-31380","page","type-page","status-publish","has-post-thumbnail","hentry"],"yoast_head":"<!-- This site is optimized with the Yoast SEO plugin v23.5 - https:\/\/yoast.com\/wordpress\/plugins\/seo\/ -->\n<title>M\u0171hely asztalok, padok - \u00d6lt\u00f6z\u0151b\u00fator<\/title>\n<meta name=\"description\" content=\"\u00c1ll\u00edthat\u00f3 magass\u00e1g\u00fa, srapab\u00edr\u00f3, magas min\u0151s\u00e9g\u0171 m\u0171helyasztalok. R\u00e9tegelt lemez munkafel\u00fclet, t\u00f6bbf\u00e9le fi\u00f3kkioszt\u00e1s. K\u00e9rje aj\u00e1nlatunkat!\" \/>\n<meta name=\"robots\" content=\"index, follow, max-snippet:-1, max-image-preview:large, max-video-preview:-1\" \/>\n<link rel=\"canonical\" href=\"https:\/\/alexbutor.hu\/oltozobutor\/kategoriak\/ipari-berendezes\/muhely-asztalok-padok\/\" \/>\n<meta property=\"og:locale\" content=\"hu_HU\" \/>\n<meta property=\"og:type\" content=\"article\" \/>\n<meta property=\"og:title\" content=\"M\u0171hely asztalok, padok - \u00d6lt\u00f6z\u0151b\u00fator\" \/>\n<meta property=\"og:description\" content=\"\u00c1ll\u00edthat\u00f3 magass\u00e1g\u00fa, srapab\u00edr\u00f3, magas min\u0151s\u00e9g\u0171 m\u0171helyasztalok. R\u00e9tegelt lemez munkafel\u00fclet, t\u00f6bbf\u00e9le fi\u00f3kkioszt\u00e1s. K\u00e9rje aj\u00e1nlatunkat!\" \/>\n<meta property=\"og:url\" content=\"https:\/\/alexbutor.hu\/oltozobutor\/kategoriak\/ipari-berendezes\/muhely-asztalok-padok\/\" \/>\n<meta property=\"og:site_name\" content=\"\u00d6lt\u00f6z\u0151b\u00fator\" \/>\n<meta property=\"article:modified_time\" content=\"2018-02-23T08:02:53+00:00\" \/>\n<meta property=\"og:image\" content=\"https:\/\/alexbutor.hu\/oltozobutor\/wp-content\/uploads\/2016\/11\/3-Ipari_berendezes-01-Muhelyasztal_800x560px.jpg\" \/>\n\t<meta property=\"og:image:width\" content=\"800\" \/>\n\t<meta property=\"og:image:height\" content=\"560\" \/>\n\t<meta property=\"og:image:type\" content=\"image\/jpeg\" \/>\n<meta name=\"twitter:card\" content=\"summary_large_image\" \/>\n<script type=\"application\/ld+json\" class=\"yoast-schema-graph\">{\"@context\":\"https:\/\/schema.org\",\"@graph\":[{\"@type\":\"WebPage\",\"@id\":\"https:\/\/alexbutor.hu\/oltozobutor\/kategoriak\/ipari-berendezes\/muhely-asztalok-padok\/\",\"url\":\"https:\/\/alexbutor.hu\/oltozobutor\/kategoriak\/ipari-berendezes\/muhely-asztalok-padok\/\",\"name\":\"M\u0171hely asztalok, padok - \u00d6lt\u00f6z\u0151b\u00fator\",\"isPartOf\":{\"@id\":\"https:\/\/alexbutor.hu\/oltozobutor\/#website\"},\"primaryImageOfPage\":{\"@id\":\"https:\/\/alexbutor.hu\/oltozobutor\/kategoriak\/ipari-berendezes\/muhely-asztalok-padok\/#primaryimage\"},\"image\":{\"@id\":\"https:\/\/alexbutor.hu\/oltozobutor\/kategoriak\/ipari-berendezes\/muhely-asztalok-padok\/#primaryimage\"},\"thumbnailUrl\":\"https:\/\/alexbutor.hu\/oltozobutor\/wp-content\/uploads\/2016\/11\/3-Ipari_berendezes-01-Muhelyasztal_800x560px.jpg\",\"datePublished\":\"2016-11-30T14:04:18+00:00\",\"dateModified\":\"2018-02-23T08:02:53+00:00\",\"description\":\"\u00c1ll\u00edthat\u00f3 magass\u00e1g\u00fa, srapab\u00edr\u00f3, magas min\u0151s\u00e9g\u0171 m\u0171helyasztalok. R\u00e9tegelt lemez munkafel\u00fclet, t\u00f6bbf\u00e9le fi\u00f3kkioszt\u00e1s. K\u00e9rje aj\u00e1nlatunkat!\",\"breadcrumb\":{\"@id\":\"https:\/\/alexbutor.hu\/oltozobutor\/kategoriak\/ipari-berendezes\/muhely-asztalok-padok\/#breadcrumb\"},\"inLanguage\":\"hu\",\"potentialAction\":[{\"@type\":\"ReadAction\",\"target\":[\"https:\/\/alexbutor.hu\/oltozobutor\/kategoriak\/ipari-berendezes\/muhely-asztalok-padok\/\"]}]},{\"@type\":\"ImageObject\",\"inLanguage\":\"hu\",\"@id\":\"https:\/\/alexbutor.hu\/oltozobutor\/kategoriak\/ipari-berendezes\/muhely-asztalok-padok\/#primaryimage\",\"url\":\"https:\/\/alexbutor.hu\/oltozobutor\/wp-content\/uploads\/2016\/11\/3-Ipari_berendezes-01-Muhelyasztal_800x560px.jpg\",\"contentUrl\":\"https:\/\/alexbutor.hu\/oltozobutor\/wp-content\/uploads\/2016\/11\/3-Ipari_berendezes-01-Muhelyasztal_800x560px.jpg\",\"width\":800,\"height\":560},{\"@type\":\"BreadcrumbList\",\"@id\":\"https:\/\/alexbutor.hu\/oltozobutor\/kategoriak\/ipari-berendezes\/muhely-asztalok-padok\/#breadcrumb\",\"itemListElement\":[{\"@type\":\"ListItem\",\"position\":1,\"name\":\"Home\",\"item\":\"https:\/\/alexbutor.hu\/oltozobutor\/\"},{\"@type\":\"ListItem\",\"position\":2,\"name\":\"Term\u00e9kek\",\"item\":\"https:\/\/alexbutor.hu\/oltozobutor\/kategoriak\/\"},{\"@type\":\"ListItem\",\"position\":3,\"name\":\"Ipari berendez\u00e9s\",\"item\":\"https:\/\/alexbutor.hu\/oltozobutor\/kategoriak\/ipari-berendezes\/\"},{\"@type\":\"ListItem\",\"position\":4,\"name\":\"M\u0171hely asztalok, padok\"}]},{\"@type\":\"WebSite\",\"@id\":\"https:\/\/alexbutor.hu\/oltozobutor\/#website\",\"url\":\"https:\/\/alexbutor.hu\/oltozobutor\/\",\"name\":\"\u00d6lt\u00f6z\u0151b\u00fator\",\"description\":\"Minden t\u00e9rben megold\u00e1s\",\"potentialAction\":[{\"@type\":\"SearchAction\",\"target\":{\"@type\":\"EntryPoint\",\"urlTemplate\":\"https:\/\/alexbutor.hu\/oltozobutor\/?s={search_term_string}\"},\"query-input\":{\"@type\":\"PropertyValueSpecification\",\"valueRequired\":true,\"valueName\":\"search_term_string\"}}],\"inLanguage\":\"hu\"}]}<\/script>\n<!-- \/ Yoast SEO plugin. -->","yoast_head_json":{"title":"M\u0171hely asztalok, padok - \u00d6lt\u00f6z\u0151b\u00fator","description":"\u00c1ll\u00edthat\u00f3 magass\u00e1g\u00fa, srapab\u00edr\u00f3, magas min\u0151s\u00e9g\u0171 m\u0171helyasztalok. R\u00e9tegelt lemez munkafel\u00fclet, t\u00f6bbf\u00e9le fi\u00f3kkioszt\u00e1s. K\u00e9rje aj\u00e1nlatunkat!","robots":{"index":"index","follow":"follow","max-snippet":"max-snippet:-1","max-image-preview":"max-image-preview:large","max-video-preview":"max-video-preview:-1"},"canonical":"https:\/\/alexbutor.hu\/oltozobutor\/kategoriak\/ipari-berendezes\/muhely-asztalok-padok\/","og_locale":"hu_HU","og_type":"article","og_title":"M\u0171hely asztalok, padok - \u00d6lt\u00f6z\u0151b\u00fator","og_description":"\u00c1ll\u00edthat\u00f3 magass\u00e1g\u00fa, srapab\u00edr\u00f3, magas min\u0151s\u00e9g\u0171 m\u0171helyasztalok. R\u00e9tegelt lemez munkafel\u00fclet, t\u00f6bbf\u00e9le fi\u00f3kkioszt\u00e1s. K\u00e9rje aj\u00e1nlatunkat!","og_url":"https:\/\/alexbutor.hu\/oltozobutor\/kategoriak\/ipari-berendezes\/muhely-asztalok-padok\/","og_site_name":"\u00d6lt\u00f6z\u0151b\u00fator","article_modified_time":"2018-02-23T08:02:53+00:00","og_image":[{"width":800,"height":560,"url":"https:\/\/alexbutor.hu\/oltozobutor\/wp-content\/uploads\/2016\/11\/3-Ipari_berendezes-01-Muhelyasztal_800x560px.jpg","type":"image\/jpeg"}],"twitter_card":"summary_large_image","schema":{"@context":"https:\/\/schema.org","@graph":[{"@type":"WebPage","@id":"https:\/\/alexbutor.hu\/oltozobutor\/kategoriak\/ipari-berendezes\/muhely-asztalok-padok\/","url":"https:\/\/alexbutor.hu\/oltozobutor\/kategoriak\/ipari-berendezes\/muhely-asztalok-padok\/","name":"M\u0171hely asztalok, padok - \u00d6lt\u00f6z\u0151b\u00fator","isPartOf":{"@id":"https:\/\/alexbutor.hu\/oltozobutor\/#website"},"primaryImageOfPage":{"@id":"https:\/\/alexbutor.hu\/oltozobutor\/kategoriak\/ipari-berendezes\/muhely-asztalok-padok\/#primaryimage"},"image":{"@id":"https:\/\/alexbutor.hu\/oltozobutor\/kategoriak\/ipari-berendezes\/muhely-asztalok-padok\/#primaryimage"},"thumbnailUrl":"https:\/\/alexbutor.hu\/oltozobutor\/wp-content\/uploads\/2016\/11\/3-Ipari_berendezes-01-Muhelyasztal_800x560px.jpg","datePublished":"2016-11-30T14:04:18+00:00","dateModified":"2018-02-23T08:02:53+00:00","description":"\u00c1ll\u00edthat\u00f3 magass\u00e1g\u00fa, srapab\u00edr\u00f3, magas min\u0151s\u00e9g\u0171 m\u0171helyasztalok. R\u00e9tegelt lemez munkafel\u00fclet, t\u00f6bbf\u00e9le fi\u00f3kkioszt\u00e1s. K\u00e9rje aj\u00e1nlatunkat!","breadcrumb":{"@id":"https:\/\/alexbutor.hu\/oltozobutor\/kategoriak\/ipari-berendezes\/muhely-asztalok-padok\/#breadcrumb"},"inLanguage":"hu","potentialAction":[{"@type":"ReadAction","target":["https:\/\/alexbutor.hu\/oltozobutor\/kategoriak\/ipari-berendezes\/muhely-asztalok-padok\/"]}]},{"@type":"ImageObject","inLanguage":"hu","@id":"https:\/\/alexbutor.hu\/oltozobutor\/kategoriak\/ipari-berendezes\/muhely-asztalok-padok\/#primaryimage","url":"https:\/\/alexbutor.hu\/oltozobutor\/wp-content\/uploads\/2016\/11\/3-Ipari_berendezes-01-Muhelyasztal_800x560px.jpg","contentUrl":"https:\/\/alexbutor.hu\/oltozobutor\/wp-content\/uploads\/2016\/11\/3-Ipari_berendezes-01-Muhelyasztal_800x560px.jpg","width":800,"height":560},{"@type":"BreadcrumbList","@id":"https:\/\/alexbutor.hu\/oltozobutor\/kategoriak\/ipari-berendezes\/muhely-asztalok-padok\/#breadcrumb","itemListElement":[{"@type":"ListItem","position":1,"name":"Home","item":"https:\/\/alexbutor.hu\/oltozobutor\/"},{"@type":"ListItem","position":2,"name":"Term\u00e9kek","item":"https:\/\/alexbutor.hu\/oltozobutor\/kategoriak\/"},{"@type":"ListItem","position":3,"name":"Ipari berendez\u00e9s","item":"https:\/\/alexbutor.hu\/oltozobutor\/kategoriak\/ipari-berendezes\/"},{"@type":"ListItem","position":4,"name":"M\u0171hely asztalok, padok"}]},{"@type":"WebSite","@id":"https:\/\/alexbutor.hu\/oltozobutor\/#website","url":"https:\/\/alexbutor.hu\/oltozobutor\/","name":"\u00d6lt\u00f6z\u0151b\u00fator","description":"Minden t\u00e9rben megold\u00e1s","potentialAction":[{"@type":"SearchAction","target":{"@type":"EntryPoint","urlTemplate":"https:\/\/alexbutor.hu\/oltozobutor\/?s={search_term_string}"},"query-input":{"@type":"PropertyValueSpecification","valueRequired":true,"valueName":"search_term_string"}}],"inLanguage":"hu"}]}},"_links":{"self":[{"href":"https:\/\/alexbutor.hu\/oltozobutor\/wp-json\/wp\/v2\/pages\/31380"}],"collection":[{"href":"https:\/\/alexbutor.hu\/oltozobutor\/wp-json\/wp\/v2\/pages"}],"about":[{"href":"https:\/\/alexbutor.hu\/oltozobutor\/wp-json\/wp\/v2\/types\/page"}],"author":[{"embeddable":true,"href":"https:\/\/alexbutor.hu\/oltozobutor\/wp-json\/wp\/v2\/users\/3"}],"replies":[{"embeddable":true,"href":"https:\/\/alexbutor.hu\/oltozobutor\/wp-json\/wp\/v2\/comments?post=31380"}],"version-history":[{"count":0,"href":"https:\/\/alexbutor.hu\/oltozobutor\/wp-json\/wp\/v2\/pages\/31380\/revisions"}],"up":[{"embeddable":true,"href":"https:\/\/alexbutor.hu\/oltozobutor\/wp-json\/wp\/v2\/pages\/31378"}],"wp:featuredmedia":[{"embeddable":true,"href":"https:\/\/alexbutor.hu\/oltozobutor\/wp-json\/wp\/v2\/media\/31496"}],"wp:attachment":[{"href":"https:\/\/alexbutor.hu\/oltozobutor\/wp-json\/wp\/v2\/media?parent=31380"}],"curies":[{"name":"wp","href":"https:\/\/api.w.org\/{rel}","templated":true}]}}