{"id":31386,"date":"2016-11-30T14:05:20","date_gmt":"2016-11-30T14:05:20","guid":{"rendered":"http:\/\/alexbutor.hu\/oltozobutor\/?page_id=31386"},"modified":"2017-06-26T09:25:17","modified_gmt":"2017-06-26T09:25:17","slug":"szerszamtarolo-szekreny","status":"publish","type":"page","link":"https:\/\/alexbutor.hu\/oltozobutor\/kategoriak\/ipari-berendezes\/szerszamtarolo-szekreny\/","title":{"rendered":"Szersz\u00e1mt\u00e1rol\u00f3 szekr\u00e9ny"},"content":{"rendered":"","protected":false},"excerpt":{"rendered":"","protected":false},"author":3,"featured_media":31592,"parent":31378,"menu_order":0,"comment_status":"closed","ping_status":"closed","template":"page-Portfolio4Cols-filterable.php","meta":{"footnotes":""},"class_list":["post-31386","page","type-page","status-publish","has-post-thumbnail","hentry"],"yoast_head":"<!-- This site is optimized with the Yoast SEO plugin v23.5 - https:\/\/yoast.com\/wordpress\/plugins\/seo\/ -->\n<title>Szersz\u00e1mt\u00e1rol\u00f3 szekr\u00e9ny - \u00d6lt\u00f6z\u0151b\u00fator<\/title>\n<meta name=\"description\" content=\"Ac\u00e9l szersz\u00e1mt\u00e1rol\u00f3 szekr\u00e9nyek az 5S elv szerinti hat\u00e9kony, biztons\u00e1gos \u00e9s min\u0151s\u00e9gi munkav\u00e9gz\u00e9shez. \u00c1tl\u00e1thahat\u00f3 rendszerez\u00e9s! K\u00e9rje aj\u00e1nlatunkat!\" \/>\n<meta name=\"robots\" content=\"index, follow, max-snippet:-1, max-image-preview:large, max-video-preview:-1\" \/>\n<link rel=\"canonical\" href=\"https:\/\/alexbutor.hu\/oltozobutor\/kategoriak\/ipari-berendezes\/szerszamtarolo-szekreny\/\" \/>\n<meta property=\"og:locale\" content=\"hu_HU\" \/>\n<meta property=\"og:type\" content=\"article\" \/>\n<meta property=\"og:title\" content=\"Szersz\u00e1mt\u00e1rol\u00f3 szekr\u00e9ny - \u00d6lt\u00f6z\u0151b\u00fator\" \/>\n<meta property=\"og:description\" content=\"Ac\u00e9l szersz\u00e1mt\u00e1rol\u00f3 szekr\u00e9nyek az 5S elv szerinti hat\u00e9kony, biztons\u00e1gos \u00e9s min\u0151s\u00e9gi munkav\u00e9gz\u00e9shez. \u00c1tl\u00e1thahat\u00f3 rendszerez\u00e9s! K\u00e9rje aj\u00e1nlatunkat!\" \/>\n<meta property=\"og:url\" content=\"https:\/\/alexbutor.hu\/oltozobutor\/kategoriak\/ipari-berendezes\/szerszamtarolo-szekreny\/\" \/>\n<meta property=\"og:site_name\" content=\"\u00d6lt\u00f6z\u0151b\u00fator\" \/>\n<meta property=\"article:modified_time\" content=\"2017-06-26T09:25:17+00:00\" \/>\n<meta property=\"og:image\" content=\"https:\/\/alexbutor.hu\/oltozobutor\/wp-content\/uploads\/2016\/11\/3-Ipari_berendezes-04-Szerszamtarolo_szekreny_800x560px-1.jpg\" \/>\n\t<meta property=\"og:image:width\" content=\"800\" \/>\n\t<meta property=\"og:image:height\" content=\"560\" \/>\n\t<meta property=\"og:image:type\" content=\"image\/jpeg\" \/>\n<meta name=\"twitter:card\" content=\"summary_large_image\" \/>\n<script type=\"application\/ld+json\" class=\"yoast-schema-graph\">{\"@context\":\"https:\/\/schema.org\",\"@graph\":[{\"@type\":\"WebPage\",\"@id\":\"https:\/\/alexbutor.hu\/oltozobutor\/kategoriak\/ipari-berendezes\/szerszamtarolo-szekreny\/\",\"url\":\"https:\/\/alexbutor.hu\/oltozobutor\/kategoriak\/ipari-berendezes\/szerszamtarolo-szekreny\/\",\"name\":\"Szersz\u00e1mt\u00e1rol\u00f3 szekr\u00e9ny - \u00d6lt\u00f6z\u0151b\u00fator\",\"isPartOf\":{\"@id\":\"https:\/\/alexbutor.hu\/oltozobutor\/#website\"},\"primaryImageOfPage\":{\"@id\":\"https:\/\/alexbutor.hu\/oltozobutor\/kategoriak\/ipari-berendezes\/szerszamtarolo-szekreny\/#primaryimage\"},\"image\":{\"@id\":\"https:\/\/alexbutor.hu\/oltozobutor\/kategoriak\/ipari-berendezes\/szerszamtarolo-szekreny\/#primaryimage\"},\"thumbnailUrl\":\"https:\/\/alexbutor.hu\/oltozobutor\/wp-content\/uploads\/2016\/11\/3-Ipari_berendezes-04-Szerszamtarolo_szekreny_800x560px-1.jpg\",\"datePublished\":\"2016-11-30T14:05:20+00:00\",\"dateModified\":\"2017-06-26T09:25:17+00:00\",\"description\":\"Ac\u00e9l szersz\u00e1mt\u00e1rol\u00f3 szekr\u00e9nyek az 5S elv szerinti hat\u00e9kony, biztons\u00e1gos \u00e9s min\u0151s\u00e9gi munkav\u00e9gz\u00e9shez. \u00c1tl\u00e1thahat\u00f3 rendszerez\u00e9s! K\u00e9rje aj\u00e1nlatunkat!\",\"breadcrumb\":{\"@id\":\"https:\/\/alexbutor.hu\/oltozobutor\/kategoriak\/ipari-berendezes\/szerszamtarolo-szekreny\/#breadcrumb\"},\"inLanguage\":\"hu\",\"potentialAction\":[{\"@type\":\"ReadAction\",\"target\":[\"https:\/\/alexbutor.hu\/oltozobutor\/kategoriak\/ipari-berendezes\/szerszamtarolo-szekreny\/\"]}]},{\"@type\":\"ImageObject\",\"inLanguage\":\"hu\",\"@id\":\"https:\/\/alexbutor.hu\/oltozobutor\/kategoriak\/ipari-berendezes\/szerszamtarolo-szekreny\/#primaryimage\",\"url\":\"https:\/\/alexbutor.hu\/oltozobutor\/wp-content\/uploads\/2016\/11\/3-Ipari_berendezes-04-Szerszamtarolo_szekreny_800x560px-1.jpg\",\"contentUrl\":\"https:\/\/alexbutor.hu\/oltozobutor\/wp-content\/uploads\/2016\/11\/3-Ipari_berendezes-04-Szerszamtarolo_szekreny_800x560px-1.jpg\",\"width\":800,\"height\":560},{\"@type\":\"BreadcrumbList\",\"@id\":\"https:\/\/alexbutor.hu\/oltozobutor\/kategoriak\/ipari-berendezes\/szerszamtarolo-szekreny\/#breadcrumb\",\"itemListElement\":[{\"@type\":\"ListItem\",\"position\":1,\"name\":\"Home\",\"item\":\"https:\/\/alexbutor.hu\/oltozobutor\/\"},{\"@type\":\"ListItem\",\"position\":2,\"name\":\"Term\u00e9kek\",\"item\":\"https:\/\/alexbutor.hu\/oltozobutor\/kategoriak\/\"},{\"@type\":\"ListItem\",\"position\":3,\"name\":\"Ipari berendez\u00e9s\",\"item\":\"https:\/\/alexbutor.hu\/oltozobutor\/kategoriak\/ipari-berendezes\/\"},{\"@type\":\"ListItem\",\"position\":4,\"name\":\"Szersz\u00e1mt\u00e1rol\u00f3 szekr\u00e9ny\"}]},{\"@type\":\"WebSite\",\"@id\":\"https:\/\/alexbutor.hu\/oltozobutor\/#website\",\"url\":\"https:\/\/alexbutor.hu\/oltozobutor\/\",\"name\":\"\u00d6lt\u00f6z\u0151b\u00fator\",\"description\":\"Minden t\u00e9rben megold\u00e1s\",\"potentialAction\":[{\"@type\":\"SearchAction\",\"target\":{\"@type\":\"EntryPoint\",\"urlTemplate\":\"https:\/\/alexbutor.hu\/oltozobutor\/?s={search_term_string}\"},\"query-input\":{\"@type\":\"PropertyValueSpecification\",\"valueRequired\":true,\"valueName\":\"search_term_string\"}}],\"inLanguage\":\"hu\"}]}<\/script>\n<!-- \/ Yoast SEO plugin. -->","yoast_head_json":{"title":"Szersz\u00e1mt\u00e1rol\u00f3 szekr\u00e9ny - \u00d6lt\u00f6z\u0151b\u00fator","description":"Ac\u00e9l szersz\u00e1mt\u00e1rol\u00f3 szekr\u00e9nyek az 5S elv szerinti hat\u00e9kony, biztons\u00e1gos \u00e9s min\u0151s\u00e9gi munkav\u00e9gz\u00e9shez. \u00c1tl\u00e1thahat\u00f3 rendszerez\u00e9s! K\u00e9rje aj\u00e1nlatunkat!","robots":{"index":"index","follow":"follow","max-snippet":"max-snippet:-1","max-image-preview":"max-image-preview:large","max-video-preview":"max-video-preview:-1"},"canonical":"https:\/\/alexbutor.hu\/oltozobutor\/kategoriak\/ipari-berendezes\/szerszamtarolo-szekreny\/","og_locale":"hu_HU","og_type":"article","og_title":"Szersz\u00e1mt\u00e1rol\u00f3 szekr\u00e9ny - \u00d6lt\u00f6z\u0151b\u00fator","og_description":"Ac\u00e9l szersz\u00e1mt\u00e1rol\u00f3 szekr\u00e9nyek az 5S elv szerinti hat\u00e9kony, biztons\u00e1gos \u00e9s min\u0151s\u00e9gi munkav\u00e9gz\u00e9shez. \u00c1tl\u00e1thahat\u00f3 rendszerez\u00e9s! K\u00e9rje aj\u00e1nlatunkat!","og_url":"https:\/\/alexbutor.hu\/oltozobutor\/kategoriak\/ipari-berendezes\/szerszamtarolo-szekreny\/","og_site_name":"\u00d6lt\u00f6z\u0151b\u00fator","article_modified_time":"2017-06-26T09:25:17+00:00","og_image":[{"width":800,"height":560,"url":"https:\/\/alexbutor.hu\/oltozobutor\/wp-content\/uploads\/2016\/11\/3-Ipari_berendezes-04-Szerszamtarolo_szekreny_800x560px-1.jpg","type":"image\/jpeg"}],"twitter_card":"summary_large_image","schema":{"@context":"https:\/\/schema.org","@graph":[{"@type":"WebPage","@id":"https:\/\/alexbutor.hu\/oltozobutor\/kategoriak\/ipari-berendezes\/szerszamtarolo-szekreny\/","url":"https:\/\/alexbutor.hu\/oltozobutor\/kategoriak\/ipari-berendezes\/szerszamtarolo-szekreny\/","name":"Szersz\u00e1mt\u00e1rol\u00f3 szekr\u00e9ny - \u00d6lt\u00f6z\u0151b\u00fator","isPartOf":{"@id":"https:\/\/alexbutor.hu\/oltozobutor\/#website"},"primaryImageOfPage":{"@id":"https:\/\/alexbutor.hu\/oltozobutor\/kategoriak\/ipari-berendezes\/szerszamtarolo-szekreny\/#primaryimage"},"image":{"@id":"https:\/\/alexbutor.hu\/oltozobutor\/kategoriak\/ipari-berendezes\/szerszamtarolo-szekreny\/#primaryimage"},"thumbnailUrl":"https:\/\/alexbutor.hu\/oltozobutor\/wp-content\/uploads\/2016\/11\/3-Ipari_berendezes-04-Szerszamtarolo_szekreny_800x560px-1.jpg","datePublished":"2016-11-30T14:05:20+00:00","dateModified":"2017-06-26T09:25:17+00:00","description":"Ac\u00e9l szersz\u00e1mt\u00e1rol\u00f3 szekr\u00e9nyek az 5S elv szerinti hat\u00e9kony, biztons\u00e1gos \u00e9s min\u0151s\u00e9gi munkav\u00e9gz\u00e9shez. \u00c1tl\u00e1thahat\u00f3 rendszerez\u00e9s! K\u00e9rje aj\u00e1nlatunkat!","breadcrumb":{"@id":"https:\/\/alexbutor.hu\/oltozobutor\/kategoriak\/ipari-berendezes\/szerszamtarolo-szekreny\/#breadcrumb"},"inLanguage":"hu","potentialAction":[{"@type":"ReadAction","target":["https:\/\/alexbutor.hu\/oltozobutor\/kategoriak\/ipari-berendezes\/szerszamtarolo-szekreny\/"]}]},{"@type":"ImageObject","inLanguage":"hu","@id":"https:\/\/alexbutor.hu\/oltozobutor\/kategoriak\/ipari-berendezes\/szerszamtarolo-szekreny\/#primaryimage","url":"https:\/\/alexbutor.hu\/oltozobutor\/wp-content\/uploads\/2016\/11\/3-Ipari_berendezes-04-Szerszamtarolo_szekreny_800x560px-1.jpg","contentUrl":"https:\/\/alexbutor.hu\/oltozobutor\/wp-content\/uploads\/2016\/11\/3-Ipari_berendezes-04-Szerszamtarolo_szekreny_800x560px-1.jpg","width":800,"height":560},{"@type":"BreadcrumbList","@id":"https:\/\/alexbutor.hu\/oltozobutor\/kategoriak\/ipari-berendezes\/szerszamtarolo-szekreny\/#breadcrumb","itemListElement":[{"@type":"ListItem","position":1,"name":"Home","item":"https:\/\/alexbutor.hu\/oltozobutor\/"},{"@type":"ListItem","position":2,"name":"Term\u00e9kek","item":"https:\/\/alexbutor.hu\/oltozobutor\/kategoriak\/"},{"@type":"ListItem","position":3,"name":"Ipari berendez\u00e9s","item":"https:\/\/alexbutor.hu\/oltozobutor\/kategoriak\/ipari-berendezes\/"},{"@type":"ListItem","position":4,"name":"Szersz\u00e1mt\u00e1rol\u00f3 szekr\u00e9ny"}]},{"@type":"WebSite","@id":"https:\/\/alexbutor.hu\/oltozobutor\/#website","url":"https:\/\/alexbutor.hu\/oltozobutor\/","name":"\u00d6lt\u00f6z\u0151b\u00fator","description":"Minden t\u00e9rben megold\u00e1s","potentialAction":[{"@type":"SearchAction","target":{"@type":"EntryPoint","urlTemplate":"https:\/\/alexbutor.hu\/oltozobutor\/?s={search_term_string}"},"query-input":{"@type":"PropertyValueSpecification","valueRequired":true,"valueName":"search_term_string"}}],"inLanguage":"hu"}]}},"_links":{"self":[{"href":"https:\/\/alexbutor.hu\/oltozobutor\/wp-json\/wp\/v2\/pages\/31386"}],"collection":[{"href":"https:\/\/alexbutor.hu\/oltozobutor\/wp-json\/wp\/v2\/pages"}],"about":[{"href":"https:\/\/alexbutor.hu\/oltozobutor\/wp-json\/wp\/v2\/types\/page"}],"author":[{"embeddable":true,"href":"https:\/\/alexbutor.hu\/oltozobutor\/wp-json\/wp\/v2\/users\/3"}],"replies":[{"embeddable":true,"href":"https:\/\/alexbutor.hu\/oltozobutor\/wp-json\/wp\/v2\/comments?post=31386"}],"version-history":[{"count":0,"href":"https:\/\/alexbutor.hu\/oltozobutor\/wp-json\/wp\/v2\/pages\/31386\/revisions"}],"up":[{"embeddable":true,"href":"https:\/\/alexbutor.hu\/oltozobutor\/wp-json\/wp\/v2\/pages\/31378"}],"wp:featuredmedia":[{"embeddable":true,"href":"https:\/\/alexbutor.hu\/oltozobutor\/wp-json\/wp\/v2\/media\/31592"}],"wp:attachment":[{"href":"https:\/\/alexbutor.hu\/oltozobutor\/wp-json\/wp\/v2\/media?parent=31386"}],"curies":[{"name":"wp","href":"https:\/\/api.w.org\/{rel}","templated":true}]}}