{"id":31411,"date":"2016-11-30T15:00:22","date_gmt":"2016-11-30T15:00:22","guid":{"rendered":"http:\/\/alexbutor.hu\/oltozobutor\/?page_id=31411"},"modified":"2024-07-26T09:58:20","modified_gmt":"2024-07-26T08:58:20","slug":"kozossegi-ter","status":"publish","type":"page","link":"https:\/\/alexbutor.hu\/oltozobutor\/kategoriak\/kozossegi-ter\/","title":{"rendered":"K\u00f6z\u00f6ss\u00e9gi t\u00e9r"},"content":{"rendered":"<div class=\"butorlaposkat\">\n<div class=\"vonalasc\u00edmh\">\n<h3 class=\"vonalasc\u00edm\"><span>Kateg\u00f3ri\u00e1k<\/span><\/h3>\n<\/div>\n\r\n\t<li class=\"portfolio_item isotope-item\"><div class=\"portfolio_item_holder\"><figure class=\"thumbnail thumbnail__portfolio\"><a href=\"https:\/\/alexbutor.hu\/oltozobutor\/kategoriak\/kozossegi-ter\/lounge-butor\/\" class=\"image-wrap\"><img decoding=\"async\" src=\"https:\/\/alexbutor.hu\/oltozobutor\/wp-content\/uploads\/2021\/06\/loungebutor.jpg\" alt=\"Lounge b\u00fator\"><\/a><\/figure><div class=\"caption caption__portfolio\"><h3><a href=\"https:\/\/alexbutor.hu\/oltozobutor\/kategoriak\/kozossegi-ter\/lounge-butor\/\">Lounge b\u00fator<\/a><\/h3><\/div><\/div><\/li>\n\r\n\t<li class=\"portfolio_item isotope-item\"><div class=\"portfolio_item_holder\"><figure class=\"thumbnail thumbnail__portfolio\"><a href=\"https:\/\/alexbutor.hu\/oltozobutor\/kategoriak\/kozossegi-ter\/etkezobutor\/\" class=\"image-wrap\"><img decoding=\"async\" src=\"https:\/\/alexbutor.hu\/oltozobutor\/wp-content\/uploads\/2021\/06\/etkezobutor.jpg\" alt=\"\u00c9tkez\u0151b\u00fator\"><\/a><\/figure><div class=\"caption caption__portfolio\"><h3><a href=\"https:\/\/alexbutor.hu\/oltozobutor\/kategoriak\/kozossegi-ter\/etkezobutor\/\">\u00c9tkez\u0151b\u00fator<\/a><\/h3><\/div><\/div><\/li>\n<li class=\"portfolio_item isotope-item\">\n<div class=\"portfolio_item_holder\">\n<figure class=\"thumbnail thumbnail__portfolio\"><a href=\"https:\/\/alexbutor.hu\/oltozobutor\/kategoriak\/kozossegi-ter\/duran\/\" class=\"image-wrap\"><img decoding=\"async\" src=\"https:\/\/alexbutor.hu\/oltozobutor\/wp-content\/uploads\/2021\/08\/duranpng.png\" alt=\"Duran\"><\/a><\/figure>\n<div class=\"caption caption__portfolio\">\n<h3><a href=\"https:\/\/alexbutor.hu\/oltozobutor\/kategoriak\/kozossegi-ter\/duran\/\">Duran (21)<\/a><\/h3>\n<\/div>\n<\/div>\n<\/li>\n<li class=\"portfolio_item isotope-item\">\n<div class=\"portfolio_item_holder\">\n<figure class=\"thumbnail thumbnail__portfolio\"><a href=\"https:\/\/alexbutor.hu\/oltozobutor\/kategoriak\/kozossegi-ter\/lounge-butor\/domino\/\" class=\"image-wrap\"><img decoding=\"async\" src=\"https:\/\/alexbutor.hu\/oltozobutor\/wp-content\/uploads\/2021\/08\/DominoOsszeallitas_800x560.png\" alt=\"Domin\u00f3\"><\/a><\/figure>\n<div class=\"caption caption__portfolio\">\n<h3><a href=\"https:\/\/alexbutor.hu\/oltozobutor\/kategoriak\/kozossegi-ter\/lounge-butor\/domino\/\">Domin\u00f3 (14)<\/a><\/h3>\n<\/div>\n<\/div>\n<\/li>\n<li class=\"portfolio_item isotope-item\">\n<div class=\"portfolio_item_holder\">\n<figure class=\"thumbnail thumbnail__portfolio\"><a href=\"https:\/\/alexbutor.hu\/oltozobutor\/kategoriak\/kozossegi-ter\/paravanok\/\" class=\"image-wrap\"><img decoding=\"async\" src=\"https:\/\/alexbutor.hu\/oltozobutor\/wp-content\/uploads\/2022\/07\/Porto01sarga-3.jpg\" alt=\"Parav\u00e1nok\"><\/a><\/figure>\n<div class=\"caption caption__portfolio\">\n<h3><a href=\"https:\/\/alexbutor.hu\/oltozobutor\/kategoriak\/kozossegi-ter\/paravanok\/\">Parav\u00e1nok<\/a><\/h3>\n<\/div>\n<\/div>\n<\/li>\n<\/div>\n","protected":false},"excerpt":{"rendered":"<p>Kateg\u00f3ri\u00e1k Duran Domin\u00f3 Parav\u00e1nok<\/p>\n","protected":false},"author":3,"featured_media":31522,"parent":10,"menu_order":0,"comment_status":"closed","ping_status":"closed","template":"page-uj-alexsub.php","meta":{"footnotes":""},"class_list":["post-31411","page","type-page","status-publish","has-post-thumbnail","hentry"],"yoast_head":"<!-- This site is optimized with the Yoast SEO plugin v23.5 - https:\/\/yoast.com\/wordpress\/plugins\/seo\/ -->\n<title>K\u00f6z\u00f6ss\u00e9gi t\u00e9r - \u00d6lt\u00f6z\u0151b\u00fator<\/title>\n<meta name=\"description\" content=\"Profilunk a sport, wellness l\u00e9tes\u00edtm\u00e9ny teljesk\u00f6r\u0171 b\u00fatoroz\u00e1sa. A vend\u00e9gfogad\u00f3 t\u00e9r, \u00e9tkez\u0151k, \u00f6t\u00f6z\u0151k mob\u00edli\u00e1it gy\u00e1rtjuk! K\u00e9rje szem\u00e9lyre szabott aj\u00e1nlatunkat!\" \/>\n<meta name=\"robots\" content=\"index, follow, max-snippet:-1, max-image-preview:large, max-video-preview:-1\" \/>\n<link rel=\"canonical\" href=\"https:\/\/alexbutor.hu\/oltozobutor\/kategoriak\/kozossegi-ter\/\" \/>\n<meta property=\"og:locale\" content=\"hu_HU\" \/>\n<meta property=\"og:type\" content=\"article\" \/>\n<meta property=\"og:title\" content=\"K\u00f6z\u00f6ss\u00e9gi t\u00e9r - \u00d6lt\u00f6z\u0151b\u00fator\" \/>\n<meta property=\"og:description\" content=\"Profilunk a sport, wellness l\u00e9tes\u00edtm\u00e9ny teljesk\u00f6r\u0171 b\u00fatoroz\u00e1sa. A vend\u00e9gfogad\u00f3 t\u00e9r, \u00e9tkez\u0151k, \u00f6t\u00f6z\u0151k mob\u00edli\u00e1it gy\u00e1rtjuk! K\u00e9rje szem\u00e9lyre szabott aj\u00e1nlatunkat!\" \/>\n<meta property=\"og:url\" content=\"https:\/\/alexbutor.hu\/oltozobutor\/kategoriak\/kozossegi-ter\/\" \/>\n<meta property=\"og:site_name\" content=\"\u00d6lt\u00f6z\u0151b\u00fator\" \/>\n<meta property=\"article:modified_time\" content=\"2024-07-26T08:58:20+00:00\" \/>\n<meta property=\"og:image\" content=\"https:\/\/alexbutor.hu\/oltozobutor\/wp-content\/uploads\/2016\/06\/4-Sport-Wellness-Lounge_butor_800x560px.jpg\" \/>\n\t<meta property=\"og:image:width\" content=\"800\" \/>\n\t<meta property=\"og:image:height\" content=\"560\" \/>\n\t<meta property=\"og:image:type\" content=\"image\/jpeg\" \/>\n<meta name=\"twitter:card\" content=\"summary_large_image\" \/>\n<script type=\"application\/ld+json\" class=\"yoast-schema-graph\">{\"@context\":\"https:\/\/schema.org\",\"@graph\":[{\"@type\":\"WebPage\",\"@id\":\"https:\/\/alexbutor.hu\/oltozobutor\/kategoriak\/kozossegi-ter\/\",\"url\":\"https:\/\/alexbutor.hu\/oltozobutor\/kategoriak\/kozossegi-ter\/\",\"name\":\"K\u00f6z\u00f6ss\u00e9gi t\u00e9r - \u00d6lt\u00f6z\u0151b\u00fator\",\"isPartOf\":{\"@id\":\"https:\/\/alexbutor.hu\/oltozobutor\/#website\"},\"primaryImageOfPage\":{\"@id\":\"https:\/\/alexbutor.hu\/oltozobutor\/kategoriak\/kozossegi-ter\/#primaryimage\"},\"image\":{\"@id\":\"https:\/\/alexbutor.hu\/oltozobutor\/kategoriak\/kozossegi-ter\/#primaryimage\"},\"thumbnailUrl\":\"https:\/\/alexbutor.hu\/oltozobutor\/wp-content\/uploads\/2016\/06\/4-Sport-Wellness-Lounge_butor_800x560px.jpg\",\"datePublished\":\"2016-11-30T15:00:22+00:00\",\"dateModified\":\"2024-07-26T08:58:20+00:00\",\"description\":\"Profilunk a sport, wellness l\u00e9tes\u00edtm\u00e9ny teljesk\u00f6r\u0171 b\u00fatoroz\u00e1sa. A vend\u00e9gfogad\u00f3 t\u00e9r, \u00e9tkez\u0151k, \u00f6t\u00f6z\u0151k mob\u00edli\u00e1it gy\u00e1rtjuk! K\u00e9rje szem\u00e9lyre szabott aj\u00e1nlatunkat!\",\"breadcrumb\":{\"@id\":\"https:\/\/alexbutor.hu\/oltozobutor\/kategoriak\/kozossegi-ter\/#breadcrumb\"},\"inLanguage\":\"hu\",\"potentialAction\":[{\"@type\":\"ReadAction\",\"target\":[\"https:\/\/alexbutor.hu\/oltozobutor\/kategoriak\/kozossegi-ter\/\"]}]},{\"@type\":\"ImageObject\",\"inLanguage\":\"hu\",\"@id\":\"https:\/\/alexbutor.hu\/oltozobutor\/kategoriak\/kozossegi-ter\/#primaryimage\",\"url\":\"https:\/\/alexbutor.hu\/oltozobutor\/wp-content\/uploads\/2016\/06\/4-Sport-Wellness-Lounge_butor_800x560px.jpg\",\"contentUrl\":\"https:\/\/alexbutor.hu\/oltozobutor\/wp-content\/uploads\/2016\/06\/4-Sport-Wellness-Lounge_butor_800x560px.jpg\",\"width\":800,\"height\":560},{\"@type\":\"BreadcrumbList\",\"@id\":\"https:\/\/alexbutor.hu\/oltozobutor\/kategoriak\/kozossegi-ter\/#breadcrumb\",\"itemListElement\":[{\"@type\":\"ListItem\",\"position\":1,\"name\":\"Home\",\"item\":\"https:\/\/alexbutor.hu\/oltozobutor\/\"},{\"@type\":\"ListItem\",\"position\":2,\"name\":\"Term\u00e9kek\",\"item\":\"https:\/\/alexbutor.hu\/oltozobutor\/kategoriak\/\"},{\"@type\":\"ListItem\",\"position\":3,\"name\":\"K\u00f6z\u00f6ss\u00e9gi t\u00e9r\"}]},{\"@type\":\"WebSite\",\"@id\":\"https:\/\/alexbutor.hu\/oltozobutor\/#website\",\"url\":\"https:\/\/alexbutor.hu\/oltozobutor\/\",\"name\":\"\u00d6lt\u00f6z\u0151b\u00fator\",\"description\":\"Minden t\u00e9rben megold\u00e1s\",\"potentialAction\":[{\"@type\":\"SearchAction\",\"target\":{\"@type\":\"EntryPoint\",\"urlTemplate\":\"https:\/\/alexbutor.hu\/oltozobutor\/?s={search_term_string}\"},\"query-input\":{\"@type\":\"PropertyValueSpecification\",\"valueRequired\":true,\"valueName\":\"search_term_string\"}}],\"inLanguage\":\"hu\"}]}<\/script>\n<!-- \/ Yoast SEO plugin. -->","yoast_head_json":{"title":"K\u00f6z\u00f6ss\u00e9gi t\u00e9r - \u00d6lt\u00f6z\u0151b\u00fator","description":"Profilunk a sport, wellness l\u00e9tes\u00edtm\u00e9ny teljesk\u00f6r\u0171 b\u00fatoroz\u00e1sa. A vend\u00e9gfogad\u00f3 t\u00e9r, \u00e9tkez\u0151k, \u00f6t\u00f6z\u0151k mob\u00edli\u00e1it gy\u00e1rtjuk! K\u00e9rje szem\u00e9lyre szabott aj\u00e1nlatunkat!","robots":{"index":"index","follow":"follow","max-snippet":"max-snippet:-1","max-image-preview":"max-image-preview:large","max-video-preview":"max-video-preview:-1"},"canonical":"https:\/\/alexbutor.hu\/oltozobutor\/kategoriak\/kozossegi-ter\/","og_locale":"hu_HU","og_type":"article","og_title":"K\u00f6z\u00f6ss\u00e9gi t\u00e9r - \u00d6lt\u00f6z\u0151b\u00fator","og_description":"Profilunk a sport, wellness l\u00e9tes\u00edtm\u00e9ny teljesk\u00f6r\u0171 b\u00fatoroz\u00e1sa. A vend\u00e9gfogad\u00f3 t\u00e9r, \u00e9tkez\u0151k, \u00f6t\u00f6z\u0151k mob\u00edli\u00e1it gy\u00e1rtjuk! K\u00e9rje szem\u00e9lyre szabott aj\u00e1nlatunkat!","og_url":"https:\/\/alexbutor.hu\/oltozobutor\/kategoriak\/kozossegi-ter\/","og_site_name":"\u00d6lt\u00f6z\u0151b\u00fator","article_modified_time":"2024-07-26T08:58:20+00:00","og_image":[{"width":800,"height":560,"url":"https:\/\/alexbutor.hu\/oltozobutor\/wp-content\/uploads\/2016\/06\/4-Sport-Wellness-Lounge_butor_800x560px.jpg","type":"image\/jpeg"}],"twitter_card":"summary_large_image","schema":{"@context":"https:\/\/schema.org","@graph":[{"@type":"WebPage","@id":"https:\/\/alexbutor.hu\/oltozobutor\/kategoriak\/kozossegi-ter\/","url":"https:\/\/alexbutor.hu\/oltozobutor\/kategoriak\/kozossegi-ter\/","name":"K\u00f6z\u00f6ss\u00e9gi t\u00e9r - \u00d6lt\u00f6z\u0151b\u00fator","isPartOf":{"@id":"https:\/\/alexbutor.hu\/oltozobutor\/#website"},"primaryImageOfPage":{"@id":"https:\/\/alexbutor.hu\/oltozobutor\/kategoriak\/kozossegi-ter\/#primaryimage"},"image":{"@id":"https:\/\/alexbutor.hu\/oltozobutor\/kategoriak\/kozossegi-ter\/#primaryimage"},"thumbnailUrl":"https:\/\/alexbutor.hu\/oltozobutor\/wp-content\/uploads\/2016\/06\/4-Sport-Wellness-Lounge_butor_800x560px.jpg","datePublished":"2016-11-30T15:00:22+00:00","dateModified":"2024-07-26T08:58:20+00:00","description":"Profilunk a sport, wellness l\u00e9tes\u00edtm\u00e9ny teljesk\u00f6r\u0171 b\u00fatoroz\u00e1sa. A vend\u00e9gfogad\u00f3 t\u00e9r, \u00e9tkez\u0151k, \u00f6t\u00f6z\u0151k mob\u00edli\u00e1it gy\u00e1rtjuk! K\u00e9rje szem\u00e9lyre szabott aj\u00e1nlatunkat!","breadcrumb":{"@id":"https:\/\/alexbutor.hu\/oltozobutor\/kategoriak\/kozossegi-ter\/#breadcrumb"},"inLanguage":"hu","potentialAction":[{"@type":"ReadAction","target":["https:\/\/alexbutor.hu\/oltozobutor\/kategoriak\/kozossegi-ter\/"]}]},{"@type":"ImageObject","inLanguage":"hu","@id":"https:\/\/alexbutor.hu\/oltozobutor\/kategoriak\/kozossegi-ter\/#primaryimage","url":"https:\/\/alexbutor.hu\/oltozobutor\/wp-content\/uploads\/2016\/06\/4-Sport-Wellness-Lounge_butor_800x560px.jpg","contentUrl":"https:\/\/alexbutor.hu\/oltozobutor\/wp-content\/uploads\/2016\/06\/4-Sport-Wellness-Lounge_butor_800x560px.jpg","width":800,"height":560},{"@type":"BreadcrumbList","@id":"https:\/\/alexbutor.hu\/oltozobutor\/kategoriak\/kozossegi-ter\/#breadcrumb","itemListElement":[{"@type":"ListItem","position":1,"name":"Home","item":"https:\/\/alexbutor.hu\/oltozobutor\/"},{"@type":"ListItem","position":2,"name":"Term\u00e9kek","item":"https:\/\/alexbutor.hu\/oltozobutor\/kategoriak\/"},{"@type":"ListItem","position":3,"name":"K\u00f6z\u00f6ss\u00e9gi t\u00e9r"}]},{"@type":"WebSite","@id":"https:\/\/alexbutor.hu\/oltozobutor\/#website","url":"https:\/\/alexbutor.hu\/oltozobutor\/","name":"\u00d6lt\u00f6z\u0151b\u00fator","description":"Minden t\u00e9rben megold\u00e1s","potentialAction":[{"@type":"SearchAction","target":{"@type":"EntryPoint","urlTemplate":"https:\/\/alexbutor.hu\/oltozobutor\/?s={search_term_string}"},"query-input":{"@type":"PropertyValueSpecification","valueRequired":true,"valueName":"search_term_string"}}],"inLanguage":"hu"}]}},"_links":{"self":[{"href":"https:\/\/alexbutor.hu\/oltozobutor\/wp-json\/wp\/v2\/pages\/31411"}],"collection":[{"href":"https:\/\/alexbutor.hu\/oltozobutor\/wp-json\/wp\/v2\/pages"}],"about":[{"href":"https:\/\/alexbutor.hu\/oltozobutor\/wp-json\/wp\/v2\/types\/page"}],"author":[{"embeddable":true,"href":"https:\/\/alexbutor.hu\/oltozobutor\/wp-json\/wp\/v2\/users\/3"}],"replies":[{"embeddable":true,"href":"https:\/\/alexbutor.hu\/oltozobutor\/wp-json\/wp\/v2\/comments?post=31411"}],"version-history":[{"count":4,"href":"https:\/\/alexbutor.hu\/oltozobutor\/wp-json\/wp\/v2\/pages\/31411\/revisions"}],"predecessor-version":[{"id":69059,"href":"https:\/\/alexbutor.hu\/oltozobutor\/wp-json\/wp\/v2\/pages\/31411\/revisions\/69059"}],"up":[{"embeddable":true,"href":"https:\/\/alexbutor.hu\/oltozobutor\/wp-json\/wp\/v2\/pages\/10"}],"wp:featuredmedia":[{"embeddable":true,"href":"https:\/\/alexbutor.hu\/oltozobutor\/wp-json\/wp\/v2\/media\/31522"}],"wp:attachment":[{"href":"https:\/\/alexbutor.hu\/oltozobutor\/wp-json\/wp\/v2\/media?parent=31411"}],"curies":[{"name":"wp","href":"https:\/\/api.w.org\/{rel}","templated":true}]}}