{"id":31433,"date":"2016-11-30T15:05:27","date_gmt":"2016-11-30T15:05:27","guid":{"rendered":"http:\/\/alexbutor.hu\/oltozobutor\/?page_id=31433"},"modified":"2024-07-26T09:29:17","modified_gmt":"2024-07-26T08:29:17","slug":"ertekmegorzo","status":"publish","type":"page","link":"https:\/\/alexbutor.hu\/oltozobutor\/kategoriak\/ertekmegorzo\/","title":{"rendered":"\u00c9rt\u00e9kmeg\u0151rz\u0151"},"content":{"rendered":"<div class=\"butorlaposkat\">\n<li class=\"portfolio_item isotope-item\">\n<div class=\"portfolio_item_holder\">\n<figure class=\"thumbnail thumbnail__portfolio\"><a href=\"https:\/\/alexbutor.hu\/oltozobutor\/kategoriak\/ertekmegorzo\/cube-locker\/\" class=\"image-wrap\"><img decoding=\"async\" src=\"https:\/\/alexbutor.hu\/oltozobutor\/wp-content\/uploads\/2023\/03\/katkep_cube-locker.png\" alt=\"Cube Locker\"><\/a><\/figure>\n<div class=\"caption caption__portfolio\">\n<h3><a href=\"https:\/\/alexbutor.hu\/oltozobutor\/kategoriak\/ertekmegorzo\/cube-locker\/\">Cube Locker (43)<\/a><\/h3>\n<\/div>\n<\/div>\n<\/li>\n<li class=\"portfolio_item isotope-item\">\n<div class=\"portfolio_item_holder\">\n<figure class=\"thumbnail thumbnail__portfolio\"><a href=\"https:\/\/alexbutor.hu\/oltozobutor\/kategoriak\/ertekmegorzo\/butorlapos-ertekmegorzo\/\" class=\"image-wrap\"><img decoding=\"async\" src=\"https:\/\/alexbutor.hu\/oltozobutor\/wp-content\/uploads\/2021\/06\/butorlapertekmegorzo.jpg\" alt=\"B\u00fatorlapos \u00e9rt\u00e9kmeg\u0151rz\u0151\"><\/a><\/figure>\n<div class=\"caption caption__portfolio\">\n<h3><a href=\"https:\/\/alexbutor.hu\/oltozobutor\/kategoriak\/ertekmegorzo\/butorlapos-ertekmegorzo\/\">B\u00fatorlapos \u00e9rt\u00e9kmeg\u0151rz\u0151 (10)<\/a><\/h3>\n<\/div>\n<\/div>\n<\/li>\n<li class=\"portfolio_item isotope-item\">\n<div class=\"portfolio_item_holder\">\n<figure class=\"thumbnail thumbnail__portfolio\"><a href=\"https:\/\/alexbutor.hu\/oltozobutor\/kategoriak\/ertekmegorzo\/fem-ertekmegorzo\/\" class=\"image-wrap\"><img decoding=\"async\" src=\"https:\/\/alexbutor.hu\/oltozobutor\/wp-content\/uploads\/2021\/06\/femertekmegorzo.jpg\" alt=\"F\u00e9m \u00e9rt\u00e9kmeg\u0151rz\u0151\"><\/a><\/figure>\n<div class=\"caption caption__portfolio\">\n<h3><a href=\"https:\/\/alexbutor.hu\/oltozobutor\/kategoriak\/ertekmegorzo\/fem-ertekmegorzo\/\">F\u00e9m \u00e9rt\u00e9kmeg\u0151rz\u0151<\/a><\/h3>\n<\/div>\n<\/div>\n<\/li>\n\r\n\t<li class=\"portfolio_item isotope-item\"><div class=\"portfolio_item_holder\"><figure class=\"thumbnail thumbnail__portfolio\"><a href=\"https:\/\/alexbutor.hu\/oltozobutor\/kategoriak\/ertekmegorzo\/kulcstarolo\/\" class=\"image-wrap\"><img decoding=\"async\" src=\"https:\/\/alexbutor.hu\/oltozobutor\/wp-content\/uploads\/2024\/07\/KAT-kulcstarolo.jpg\" alt=\"Kulcst\u00e1rol\u00f3\"><\/a><\/figure><div class=\"caption caption__portfolio\"><h3><a href=\"https:\/\/alexbutor.hu\/oltozobutor\/kategoriak\/ertekmegorzo\/kulcstarolo\/\">Kulcst\u00e1rol\u00f3 (2)<\/a><\/h3><\/div><\/div><\/li>\n\r\n\t<li class=\"portfolio_item isotope-item\"><div class=\"portfolio_item_holder\"><figure class=\"thumbnail thumbnail__portfolio\"><a href=\"https:\/\/alexbutor.hu\/oltozobutor\/kategoriak\/ertekmegorzo\/irattarolo\/\" class=\"image-wrap\"><img decoding=\"async\" src=\"https:\/\/alexbutor.hu\/oltozobutor\/wp-content\/uploads\/2024\/07\/KAT-irattarolo.jpg\" alt=\"Iratt\u00e1rol\u00f3\"><\/a><\/figure><div class=\"caption caption__portfolio\"><h3><a href=\"https:\/\/alexbutor.hu\/oltozobutor\/kategoriak\/ertekmegorzo\/irattarolo\/\">Iratt\u00e1rol\u00f3 (2)<\/a><\/h3><\/div><\/div><\/li>\n<\/div>\n","protected":false},"excerpt":{"rendered":"<p>Cube Locker B\u00fatorlapos \u00e9rt\u00e9kmeg\u0151rz\u0151 F\u00e9m \u00e9rt\u00e9kmeg\u0151rz\u0151<\/p>\n","protected":false},"author":3,"featured_media":34623,"parent":10,"menu_order":0,"comment_status":"closed","ping_status":"closed","template":"page-uj-alexsub.php","meta":{"footnotes":""},"class_list":["post-31433","page","type-page","status-publish","has-post-thumbnail","hentry"],"yoast_head":"<!-- This site is optimized with the Yoast SEO plugin v23.5 - https:\/\/yoast.com\/wordpress\/plugins\/seo\/ -->\n<title>\u00c9rt\u00e9kmeg\u0151rz\u0151 - \u00d6lt\u00f6z\u0151b\u00fator<\/title>\n<meta name=\"description\" content=\"B\u00fatorlapos \u00e9s f\u00e9m \u00e9rt\u00e9kmeg\u00f6rz\u0151k, ipari szekr\u00e9nyek \u00e9s sport \u00f6lt\u00f6z\u0151szekr\u00e9nyek. Gyors \u00fcgyint\u00e9z\u00e9s, orsz\u00e1gos kisz\u00e1ll\u00edt\u00e1s, j\u00f3t\u00e1ll\u00e1si garancia.\" \/>\n<meta name=\"robots\" content=\"index, follow, max-snippet:-1, max-image-preview:large, max-video-preview:-1\" \/>\n<link rel=\"canonical\" href=\"https:\/\/alexbutor.hu\/oltozobutor\/kategoriak\/ertekmegorzo\/\" \/>\n<meta property=\"og:locale\" content=\"hu_HU\" \/>\n<meta property=\"og:type\" content=\"article\" \/>\n<meta property=\"og:title\" content=\"\u00c9rt\u00e9kmeg\u0151rz\u0151 - \u00d6lt\u00f6z\u0151b\u00fator\" \/>\n<meta property=\"og:description\" content=\"B\u00fatorlapos \u00e9s f\u00e9m \u00e9rt\u00e9kmeg\u00f6rz\u0151k, ipari szekr\u00e9nyek \u00e9s sport \u00f6lt\u00f6z\u0151szekr\u00e9nyek. Gyors \u00fcgyint\u00e9z\u00e9s, orsz\u00e1gos kisz\u00e1ll\u00edt\u00e1s, j\u00f3t\u00e1ll\u00e1si garancia.\" \/>\n<meta property=\"og:url\" content=\"https:\/\/alexbutor.hu\/oltozobutor\/kategoriak\/ertekmegorzo\/\" \/>\n<meta property=\"og:site_name\" content=\"\u00d6lt\u00f6z\u0151b\u00fator\" \/>\n<meta property=\"article:modified_time\" content=\"2024-07-26T08:29:17+00:00\" \/>\n<meta property=\"og:image\" content=\"https:\/\/alexbutor.hu\/oltozobutor\/wp-content\/uploads\/2016\/11\/fem_ertekmegorzok.jpg\" \/>\n\t<meta property=\"og:image:width\" content=\"800\" \/>\n\t<meta property=\"og:image:height\" content=\"560\" \/>\n\t<meta property=\"og:image:type\" content=\"image\/jpeg\" \/>\n<meta name=\"twitter:card\" content=\"summary_large_image\" \/>\n<script type=\"application\/ld+json\" class=\"yoast-schema-graph\">{\"@context\":\"https:\/\/schema.org\",\"@graph\":[{\"@type\":\"WebPage\",\"@id\":\"https:\/\/alexbutor.hu\/oltozobutor\/kategoriak\/ertekmegorzo\/\",\"url\":\"https:\/\/alexbutor.hu\/oltozobutor\/kategoriak\/ertekmegorzo\/\",\"name\":\"\u00c9rt\u00e9kmeg\u0151rz\u0151 - \u00d6lt\u00f6z\u0151b\u00fator\",\"isPartOf\":{\"@id\":\"https:\/\/alexbutor.hu\/oltozobutor\/#website\"},\"primaryImageOfPage\":{\"@id\":\"https:\/\/alexbutor.hu\/oltozobutor\/kategoriak\/ertekmegorzo\/#primaryimage\"},\"image\":{\"@id\":\"https:\/\/alexbutor.hu\/oltozobutor\/kategoriak\/ertekmegorzo\/#primaryimage\"},\"thumbnailUrl\":\"https:\/\/alexbutor.hu\/oltozobutor\/wp-content\/uploads\/2016\/11\/fem_ertekmegorzok.jpg\",\"datePublished\":\"2016-11-30T15:05:27+00:00\",\"dateModified\":\"2024-07-26T08:29:17+00:00\",\"description\":\"B\u00fatorlapos \u00e9s f\u00e9m \u00e9rt\u00e9kmeg\u00f6rz\u0151k, ipari szekr\u00e9nyek \u00e9s sport \u00f6lt\u00f6z\u0151szekr\u00e9nyek. Gyors \u00fcgyint\u00e9z\u00e9s, orsz\u00e1gos kisz\u00e1ll\u00edt\u00e1s, j\u00f3t\u00e1ll\u00e1si garancia.\",\"breadcrumb\":{\"@id\":\"https:\/\/alexbutor.hu\/oltozobutor\/kategoriak\/ertekmegorzo\/#breadcrumb\"},\"inLanguage\":\"hu\",\"potentialAction\":[{\"@type\":\"ReadAction\",\"target\":[\"https:\/\/alexbutor.hu\/oltozobutor\/kategoriak\/ertekmegorzo\/\"]}]},{\"@type\":\"ImageObject\",\"inLanguage\":\"hu\",\"@id\":\"https:\/\/alexbutor.hu\/oltozobutor\/kategoriak\/ertekmegorzo\/#primaryimage\",\"url\":\"https:\/\/alexbutor.hu\/oltozobutor\/wp-content\/uploads\/2016\/11\/fem_ertekmegorzok.jpg\",\"contentUrl\":\"https:\/\/alexbutor.hu\/oltozobutor\/wp-content\/uploads\/2016\/11\/fem_ertekmegorzok.jpg\",\"width\":800,\"height\":560},{\"@type\":\"BreadcrumbList\",\"@id\":\"https:\/\/alexbutor.hu\/oltozobutor\/kategoriak\/ertekmegorzo\/#breadcrumb\",\"itemListElement\":[{\"@type\":\"ListItem\",\"position\":1,\"name\":\"Home\",\"item\":\"https:\/\/alexbutor.hu\/oltozobutor\/\"},{\"@type\":\"ListItem\",\"position\":2,\"name\":\"Term\u00e9kek\",\"item\":\"https:\/\/alexbutor.hu\/oltozobutor\/kategoriak\/\"},{\"@type\":\"ListItem\",\"position\":3,\"name\":\"\u00c9rt\u00e9kmeg\u0151rz\u0151\"}]},{\"@type\":\"WebSite\",\"@id\":\"https:\/\/alexbutor.hu\/oltozobutor\/#website\",\"url\":\"https:\/\/alexbutor.hu\/oltozobutor\/\",\"name\":\"\u00d6lt\u00f6z\u0151b\u00fator\",\"description\":\"Minden t\u00e9rben megold\u00e1s\",\"potentialAction\":[{\"@type\":\"SearchAction\",\"target\":{\"@type\":\"EntryPoint\",\"urlTemplate\":\"https:\/\/alexbutor.hu\/oltozobutor\/?s={search_term_string}\"},\"query-input\":{\"@type\":\"PropertyValueSpecification\",\"valueRequired\":true,\"valueName\":\"search_term_string\"}}],\"inLanguage\":\"hu\"}]}<\/script>\n<!-- \/ Yoast SEO plugin. -->","yoast_head_json":{"title":"\u00c9rt\u00e9kmeg\u0151rz\u0151 - \u00d6lt\u00f6z\u0151b\u00fator","description":"B\u00fatorlapos \u00e9s f\u00e9m \u00e9rt\u00e9kmeg\u00f6rz\u0151k, ipari szekr\u00e9nyek \u00e9s sport \u00f6lt\u00f6z\u0151szekr\u00e9nyek. Gyors \u00fcgyint\u00e9z\u00e9s, orsz\u00e1gos kisz\u00e1ll\u00edt\u00e1s, j\u00f3t\u00e1ll\u00e1si garancia.","robots":{"index":"index","follow":"follow","max-snippet":"max-snippet:-1","max-image-preview":"max-image-preview:large","max-video-preview":"max-video-preview:-1"},"canonical":"https:\/\/alexbutor.hu\/oltozobutor\/kategoriak\/ertekmegorzo\/","og_locale":"hu_HU","og_type":"article","og_title":"\u00c9rt\u00e9kmeg\u0151rz\u0151 - \u00d6lt\u00f6z\u0151b\u00fator","og_description":"B\u00fatorlapos \u00e9s f\u00e9m \u00e9rt\u00e9kmeg\u00f6rz\u0151k, ipari szekr\u00e9nyek \u00e9s sport \u00f6lt\u00f6z\u0151szekr\u00e9nyek. Gyors \u00fcgyint\u00e9z\u00e9s, orsz\u00e1gos kisz\u00e1ll\u00edt\u00e1s, j\u00f3t\u00e1ll\u00e1si garancia.","og_url":"https:\/\/alexbutor.hu\/oltozobutor\/kategoriak\/ertekmegorzo\/","og_site_name":"\u00d6lt\u00f6z\u0151b\u00fator","article_modified_time":"2024-07-26T08:29:17+00:00","og_image":[{"width":800,"height":560,"url":"https:\/\/alexbutor.hu\/oltozobutor\/wp-content\/uploads\/2016\/11\/fem_ertekmegorzok.jpg","type":"image\/jpeg"}],"twitter_card":"summary_large_image","schema":{"@context":"https:\/\/schema.org","@graph":[{"@type":"WebPage","@id":"https:\/\/alexbutor.hu\/oltozobutor\/kategoriak\/ertekmegorzo\/","url":"https:\/\/alexbutor.hu\/oltozobutor\/kategoriak\/ertekmegorzo\/","name":"\u00c9rt\u00e9kmeg\u0151rz\u0151 - \u00d6lt\u00f6z\u0151b\u00fator","isPartOf":{"@id":"https:\/\/alexbutor.hu\/oltozobutor\/#website"},"primaryImageOfPage":{"@id":"https:\/\/alexbutor.hu\/oltozobutor\/kategoriak\/ertekmegorzo\/#primaryimage"},"image":{"@id":"https:\/\/alexbutor.hu\/oltozobutor\/kategoriak\/ertekmegorzo\/#primaryimage"},"thumbnailUrl":"https:\/\/alexbutor.hu\/oltozobutor\/wp-content\/uploads\/2016\/11\/fem_ertekmegorzok.jpg","datePublished":"2016-11-30T15:05:27+00:00","dateModified":"2024-07-26T08:29:17+00:00","description":"B\u00fatorlapos \u00e9s f\u00e9m \u00e9rt\u00e9kmeg\u00f6rz\u0151k, ipari szekr\u00e9nyek \u00e9s sport \u00f6lt\u00f6z\u0151szekr\u00e9nyek. Gyors \u00fcgyint\u00e9z\u00e9s, orsz\u00e1gos kisz\u00e1ll\u00edt\u00e1s, j\u00f3t\u00e1ll\u00e1si garancia.","breadcrumb":{"@id":"https:\/\/alexbutor.hu\/oltozobutor\/kategoriak\/ertekmegorzo\/#breadcrumb"},"inLanguage":"hu","potentialAction":[{"@type":"ReadAction","target":["https:\/\/alexbutor.hu\/oltozobutor\/kategoriak\/ertekmegorzo\/"]}]},{"@type":"ImageObject","inLanguage":"hu","@id":"https:\/\/alexbutor.hu\/oltozobutor\/kategoriak\/ertekmegorzo\/#primaryimage","url":"https:\/\/alexbutor.hu\/oltozobutor\/wp-content\/uploads\/2016\/11\/fem_ertekmegorzok.jpg","contentUrl":"https:\/\/alexbutor.hu\/oltozobutor\/wp-content\/uploads\/2016\/11\/fem_ertekmegorzok.jpg","width":800,"height":560},{"@type":"BreadcrumbList","@id":"https:\/\/alexbutor.hu\/oltozobutor\/kategoriak\/ertekmegorzo\/#breadcrumb","itemListElement":[{"@type":"ListItem","position":1,"name":"Home","item":"https:\/\/alexbutor.hu\/oltozobutor\/"},{"@type":"ListItem","position":2,"name":"Term\u00e9kek","item":"https:\/\/alexbutor.hu\/oltozobutor\/kategoriak\/"},{"@type":"ListItem","position":3,"name":"\u00c9rt\u00e9kmeg\u0151rz\u0151"}]},{"@type":"WebSite","@id":"https:\/\/alexbutor.hu\/oltozobutor\/#website","url":"https:\/\/alexbutor.hu\/oltozobutor\/","name":"\u00d6lt\u00f6z\u0151b\u00fator","description":"Minden t\u00e9rben megold\u00e1s","potentialAction":[{"@type":"SearchAction","target":{"@type":"EntryPoint","urlTemplate":"https:\/\/alexbutor.hu\/oltozobutor\/?s={search_term_string}"},"query-input":{"@type":"PropertyValueSpecification","valueRequired":true,"valueName":"search_term_string"}}],"inLanguage":"hu"}]}},"_links":{"self":[{"href":"https:\/\/alexbutor.hu\/oltozobutor\/wp-json\/wp\/v2\/pages\/31433"}],"collection":[{"href":"https:\/\/alexbutor.hu\/oltozobutor\/wp-json\/wp\/v2\/pages"}],"about":[{"href":"https:\/\/alexbutor.hu\/oltozobutor\/wp-json\/wp\/v2\/types\/page"}],"author":[{"embeddable":true,"href":"https:\/\/alexbutor.hu\/oltozobutor\/wp-json\/wp\/v2\/users\/3"}],"replies":[{"embeddable":true,"href":"https:\/\/alexbutor.hu\/oltozobutor\/wp-json\/wp\/v2\/comments?post=31433"}],"version-history":[{"count":3,"href":"https:\/\/alexbutor.hu\/oltozobutor\/wp-json\/wp\/v2\/pages\/31433\/revisions"}],"predecessor-version":[{"id":68545,"href":"https:\/\/alexbutor.hu\/oltozobutor\/wp-json\/wp\/v2\/pages\/31433\/revisions\/68545"}],"up":[{"embeddable":true,"href":"https:\/\/alexbutor.hu\/oltozobutor\/wp-json\/wp\/v2\/pages\/10"}],"wp:featuredmedia":[{"embeddable":true,"href":"https:\/\/alexbutor.hu\/oltozobutor\/wp-json\/wp\/v2\/media\/34623"}],"wp:attachment":[{"href":"https:\/\/alexbutor.hu\/oltozobutor\/wp-json\/wp\/v2\/media?parent=31433"}],"curies":[{"name":"wp","href":"https:\/\/api.w.org\/{rel}","templated":true}]}}