{"id":31435,"date":"2016-11-30T15:06:18","date_gmt":"2016-11-30T15:06:18","guid":{"rendered":"http:\/\/alexbutor.hu\/oltozobutor\/?page_id=31435"},"modified":"2017-06-26T09:17:07","modified_gmt":"2017-06-26T09:17:07","slug":"butorlapos-ertekmegorzo","status":"publish","type":"page","link":"https:\/\/alexbutor.hu\/oltozobutor\/kategoriak\/ertekmegorzo\/butorlapos-ertekmegorzo\/","title":{"rendered":"B\u00fatorlapos \u00e9rt\u00e9kmeg\u0151rz\u0151"},"content":{"rendered":"","protected":false},"excerpt":{"rendered":"","protected":false},"author":3,"featured_media":34621,"parent":31433,"menu_order":0,"comment_status":"closed","ping_status":"closed","template":"page-Portfolio4Cols-filterable.php","meta":{"footnotes":""},"class_list":["post-31435","page","type-page","status-publish","has-post-thumbnail","hentry"],"yoast_head":"<!-- This site is optimized with the Yoast SEO plugin v23.5 - https:\/\/yoast.com\/wordpress\/plugins\/seo\/ -->\n<title>B\u00fatorlapos \u00e9rt\u00e9kmeg\u0151rz\u0151 - \u00d6lt\u00f6z\u0151b\u00fator<\/title>\n<meta name=\"description\" content=\"FITT 30 \u00e9rt\u00e9kmeg\u00f6rz\u0151 szekr\u00e9nyek a 3 rekeszest\u0151l a 20 rekeszes kivitelig, v\u00e1laszthat\u00f3 z\u00e1rt\u00edpusokkal, sz\u00ednekkel a praktikus \u00e9s biztons\u00e1gos t\u00e1rol\u00e1s\u00e9rt.\" \/>\n<meta name=\"robots\" content=\"index, follow, max-snippet:-1, max-image-preview:large, max-video-preview:-1\" \/>\n<link rel=\"canonical\" href=\"https:\/\/alexbutor.hu\/oltozobutor\/kategoriak\/ertekmegorzo\/butorlapos-ertekmegorzo\/\" \/>\n<meta property=\"og:locale\" content=\"hu_HU\" \/>\n<meta property=\"og:type\" content=\"article\" \/>\n<meta property=\"og:title\" content=\"B\u00fatorlapos \u00e9rt\u00e9kmeg\u0151rz\u0151 - \u00d6lt\u00f6z\u0151b\u00fator\" \/>\n<meta property=\"og:description\" content=\"FITT 30 \u00e9rt\u00e9kmeg\u00f6rz\u0151 szekr\u00e9nyek a 3 rekeszest\u0151l a 20 rekeszes kivitelig, v\u00e1laszthat\u00f3 z\u00e1rt\u00edpusokkal, sz\u00ednekkel a praktikus \u00e9s biztons\u00e1gos t\u00e1rol\u00e1s\u00e9rt.\" \/>\n<meta property=\"og:url\" content=\"https:\/\/alexbutor.hu\/oltozobutor\/kategoriak\/ertekmegorzo\/butorlapos-ertekmegorzo\/\" \/>\n<meta property=\"og:site_name\" content=\"\u00d6lt\u00f6z\u0151b\u00fator\" \/>\n<meta property=\"article:modified_time\" content=\"2017-06-26T09:17:07+00:00\" \/>\n<meta property=\"og:image\" content=\"https:\/\/alexbutor.hu\/oltozobutor\/wp-content\/uploads\/2016\/11\/butorlapos_ertekmerozok.jpg\" \/>\n\t<meta property=\"og:image:width\" content=\"800\" \/>\n\t<meta property=\"og:image:height\" content=\"560\" \/>\n\t<meta property=\"og:image:type\" content=\"image\/jpeg\" \/>\n<meta name=\"twitter:card\" content=\"summary_large_image\" \/>\n<script type=\"application\/ld+json\" class=\"yoast-schema-graph\">{\"@context\":\"https:\/\/schema.org\",\"@graph\":[{\"@type\":\"WebPage\",\"@id\":\"https:\/\/alexbutor.hu\/oltozobutor\/kategoriak\/ertekmegorzo\/butorlapos-ertekmegorzo\/\",\"url\":\"https:\/\/alexbutor.hu\/oltozobutor\/kategoriak\/ertekmegorzo\/butorlapos-ertekmegorzo\/\",\"name\":\"B\u00fatorlapos \u00e9rt\u00e9kmeg\u0151rz\u0151 - \u00d6lt\u00f6z\u0151b\u00fator\",\"isPartOf\":{\"@id\":\"https:\/\/alexbutor.hu\/oltozobutor\/#website\"},\"primaryImageOfPage\":{\"@id\":\"https:\/\/alexbutor.hu\/oltozobutor\/kategoriak\/ertekmegorzo\/butorlapos-ertekmegorzo\/#primaryimage\"},\"image\":{\"@id\":\"https:\/\/alexbutor.hu\/oltozobutor\/kategoriak\/ertekmegorzo\/butorlapos-ertekmegorzo\/#primaryimage\"},\"thumbnailUrl\":\"https:\/\/alexbutor.hu\/oltozobutor\/wp-content\/uploads\/2016\/11\/butorlapos_ertekmerozok.jpg\",\"datePublished\":\"2016-11-30T15:06:18+00:00\",\"dateModified\":\"2017-06-26T09:17:07+00:00\",\"description\":\"FITT 30 \u00e9rt\u00e9kmeg\u00f6rz\u0151 szekr\u00e9nyek a 3 rekeszest\u0151l a 20 rekeszes kivitelig, v\u00e1laszthat\u00f3 z\u00e1rt\u00edpusokkal, sz\u00ednekkel a praktikus \u00e9s biztons\u00e1gos t\u00e1rol\u00e1s\u00e9rt.\",\"breadcrumb\":{\"@id\":\"https:\/\/alexbutor.hu\/oltozobutor\/kategoriak\/ertekmegorzo\/butorlapos-ertekmegorzo\/#breadcrumb\"},\"inLanguage\":\"hu\",\"potentialAction\":[{\"@type\":\"ReadAction\",\"target\":[\"https:\/\/alexbutor.hu\/oltozobutor\/kategoriak\/ertekmegorzo\/butorlapos-ertekmegorzo\/\"]}]},{\"@type\":\"ImageObject\",\"inLanguage\":\"hu\",\"@id\":\"https:\/\/alexbutor.hu\/oltozobutor\/kategoriak\/ertekmegorzo\/butorlapos-ertekmegorzo\/#primaryimage\",\"url\":\"https:\/\/alexbutor.hu\/oltozobutor\/wp-content\/uploads\/2016\/11\/butorlapos_ertekmerozok.jpg\",\"contentUrl\":\"https:\/\/alexbutor.hu\/oltozobutor\/wp-content\/uploads\/2016\/11\/butorlapos_ertekmerozok.jpg\",\"width\":800,\"height\":560},{\"@type\":\"BreadcrumbList\",\"@id\":\"https:\/\/alexbutor.hu\/oltozobutor\/kategoriak\/ertekmegorzo\/butorlapos-ertekmegorzo\/#breadcrumb\",\"itemListElement\":[{\"@type\":\"ListItem\",\"position\":1,\"name\":\"Home\",\"item\":\"https:\/\/alexbutor.hu\/oltozobutor\/\"},{\"@type\":\"ListItem\",\"position\":2,\"name\":\"Term\u00e9kek\",\"item\":\"https:\/\/alexbutor.hu\/oltozobutor\/kategoriak\/\"},{\"@type\":\"ListItem\",\"position\":3,\"name\":\"\u00c9rt\u00e9kmeg\u0151rz\u0151\",\"item\":\"https:\/\/alexbutor.hu\/oltozobutor\/kategoriak\/ertekmegorzo\/\"},{\"@type\":\"ListItem\",\"position\":4,\"name\":\"B\u00fatorlapos \u00e9rt\u00e9kmeg\u0151rz\u0151\"}]},{\"@type\":\"WebSite\",\"@id\":\"https:\/\/alexbutor.hu\/oltozobutor\/#website\",\"url\":\"https:\/\/alexbutor.hu\/oltozobutor\/\",\"name\":\"\u00d6lt\u00f6z\u0151b\u00fator\",\"description\":\"Minden t\u00e9rben megold\u00e1s\",\"potentialAction\":[{\"@type\":\"SearchAction\",\"target\":{\"@type\":\"EntryPoint\",\"urlTemplate\":\"https:\/\/alexbutor.hu\/oltozobutor\/?s={search_term_string}\"},\"query-input\":{\"@type\":\"PropertyValueSpecification\",\"valueRequired\":true,\"valueName\":\"search_term_string\"}}],\"inLanguage\":\"hu\"}]}<\/script>\n<!-- \/ Yoast SEO plugin. -->","yoast_head_json":{"title":"B\u00fatorlapos \u00e9rt\u00e9kmeg\u0151rz\u0151 - \u00d6lt\u00f6z\u0151b\u00fator","description":"FITT 30 \u00e9rt\u00e9kmeg\u00f6rz\u0151 szekr\u00e9nyek a 3 rekeszest\u0151l a 20 rekeszes kivitelig, v\u00e1laszthat\u00f3 z\u00e1rt\u00edpusokkal, sz\u00ednekkel a praktikus \u00e9s biztons\u00e1gos t\u00e1rol\u00e1s\u00e9rt.","robots":{"index":"index","follow":"follow","max-snippet":"max-snippet:-1","max-image-preview":"max-image-preview:large","max-video-preview":"max-video-preview:-1"},"canonical":"https:\/\/alexbutor.hu\/oltozobutor\/kategoriak\/ertekmegorzo\/butorlapos-ertekmegorzo\/","og_locale":"hu_HU","og_type":"article","og_title":"B\u00fatorlapos \u00e9rt\u00e9kmeg\u0151rz\u0151 - \u00d6lt\u00f6z\u0151b\u00fator","og_description":"FITT 30 \u00e9rt\u00e9kmeg\u00f6rz\u0151 szekr\u00e9nyek a 3 rekeszest\u0151l a 20 rekeszes kivitelig, v\u00e1laszthat\u00f3 z\u00e1rt\u00edpusokkal, sz\u00ednekkel a praktikus \u00e9s biztons\u00e1gos t\u00e1rol\u00e1s\u00e9rt.","og_url":"https:\/\/alexbutor.hu\/oltozobutor\/kategoriak\/ertekmegorzo\/butorlapos-ertekmegorzo\/","og_site_name":"\u00d6lt\u00f6z\u0151b\u00fator","article_modified_time":"2017-06-26T09:17:07+00:00","og_image":[{"width":800,"height":560,"url":"https:\/\/alexbutor.hu\/oltozobutor\/wp-content\/uploads\/2016\/11\/butorlapos_ertekmerozok.jpg","type":"image\/jpeg"}],"twitter_card":"summary_large_image","schema":{"@context":"https:\/\/schema.org","@graph":[{"@type":"WebPage","@id":"https:\/\/alexbutor.hu\/oltozobutor\/kategoriak\/ertekmegorzo\/butorlapos-ertekmegorzo\/","url":"https:\/\/alexbutor.hu\/oltozobutor\/kategoriak\/ertekmegorzo\/butorlapos-ertekmegorzo\/","name":"B\u00fatorlapos \u00e9rt\u00e9kmeg\u0151rz\u0151 - \u00d6lt\u00f6z\u0151b\u00fator","isPartOf":{"@id":"https:\/\/alexbutor.hu\/oltozobutor\/#website"},"primaryImageOfPage":{"@id":"https:\/\/alexbutor.hu\/oltozobutor\/kategoriak\/ertekmegorzo\/butorlapos-ertekmegorzo\/#primaryimage"},"image":{"@id":"https:\/\/alexbutor.hu\/oltozobutor\/kategoriak\/ertekmegorzo\/butorlapos-ertekmegorzo\/#primaryimage"},"thumbnailUrl":"https:\/\/alexbutor.hu\/oltozobutor\/wp-content\/uploads\/2016\/11\/butorlapos_ertekmerozok.jpg","datePublished":"2016-11-30T15:06:18+00:00","dateModified":"2017-06-26T09:17:07+00:00","description":"FITT 30 \u00e9rt\u00e9kmeg\u00f6rz\u0151 szekr\u00e9nyek a 3 rekeszest\u0151l a 20 rekeszes kivitelig, v\u00e1laszthat\u00f3 z\u00e1rt\u00edpusokkal, sz\u00ednekkel a praktikus \u00e9s biztons\u00e1gos t\u00e1rol\u00e1s\u00e9rt.","breadcrumb":{"@id":"https:\/\/alexbutor.hu\/oltozobutor\/kategoriak\/ertekmegorzo\/butorlapos-ertekmegorzo\/#breadcrumb"},"inLanguage":"hu","potentialAction":[{"@type":"ReadAction","target":["https:\/\/alexbutor.hu\/oltozobutor\/kategoriak\/ertekmegorzo\/butorlapos-ertekmegorzo\/"]}]},{"@type":"ImageObject","inLanguage":"hu","@id":"https:\/\/alexbutor.hu\/oltozobutor\/kategoriak\/ertekmegorzo\/butorlapos-ertekmegorzo\/#primaryimage","url":"https:\/\/alexbutor.hu\/oltozobutor\/wp-content\/uploads\/2016\/11\/butorlapos_ertekmerozok.jpg","contentUrl":"https:\/\/alexbutor.hu\/oltozobutor\/wp-content\/uploads\/2016\/11\/butorlapos_ertekmerozok.jpg","width":800,"height":560},{"@type":"BreadcrumbList","@id":"https:\/\/alexbutor.hu\/oltozobutor\/kategoriak\/ertekmegorzo\/butorlapos-ertekmegorzo\/#breadcrumb","itemListElement":[{"@type":"ListItem","position":1,"name":"Home","item":"https:\/\/alexbutor.hu\/oltozobutor\/"},{"@type":"ListItem","position":2,"name":"Term\u00e9kek","item":"https:\/\/alexbutor.hu\/oltozobutor\/kategoriak\/"},{"@type":"ListItem","position":3,"name":"\u00c9rt\u00e9kmeg\u0151rz\u0151","item":"https:\/\/alexbutor.hu\/oltozobutor\/kategoriak\/ertekmegorzo\/"},{"@type":"ListItem","position":4,"name":"B\u00fatorlapos \u00e9rt\u00e9kmeg\u0151rz\u0151"}]},{"@type":"WebSite","@id":"https:\/\/alexbutor.hu\/oltozobutor\/#website","url":"https:\/\/alexbutor.hu\/oltozobutor\/","name":"\u00d6lt\u00f6z\u0151b\u00fator","description":"Minden t\u00e9rben megold\u00e1s","potentialAction":[{"@type":"SearchAction","target":{"@type":"EntryPoint","urlTemplate":"https:\/\/alexbutor.hu\/oltozobutor\/?s={search_term_string}"},"query-input":{"@type":"PropertyValueSpecification","valueRequired":true,"valueName":"search_term_string"}}],"inLanguage":"hu"}]}},"_links":{"self":[{"href":"https:\/\/alexbutor.hu\/oltozobutor\/wp-json\/wp\/v2\/pages\/31435"}],"collection":[{"href":"https:\/\/alexbutor.hu\/oltozobutor\/wp-json\/wp\/v2\/pages"}],"about":[{"href":"https:\/\/alexbutor.hu\/oltozobutor\/wp-json\/wp\/v2\/types\/page"}],"author":[{"embeddable":true,"href":"https:\/\/alexbutor.hu\/oltozobutor\/wp-json\/wp\/v2\/users\/3"}],"replies":[{"embeddable":true,"href":"https:\/\/alexbutor.hu\/oltozobutor\/wp-json\/wp\/v2\/comments?post=31435"}],"version-history":[{"count":0,"href":"https:\/\/alexbutor.hu\/oltozobutor\/wp-json\/wp\/v2\/pages\/31435\/revisions"}],"up":[{"embeddable":true,"href":"https:\/\/alexbutor.hu\/oltozobutor\/wp-json\/wp\/v2\/pages\/31433"}],"wp:featuredmedia":[{"embeddable":true,"href":"https:\/\/alexbutor.hu\/oltozobutor\/wp-json\/wp\/v2\/media\/34621"}],"wp:attachment":[{"href":"https:\/\/alexbutor.hu\/oltozobutor\/wp-json\/wp\/v2\/media?parent=31435"}],"curies":[{"name":"wp","href":"https:\/\/api.w.org\/{rel}","templated":true}]}}