{"id":31437,"date":"2016-11-30T15:06:48","date_gmt":"2016-11-30T15:06:48","guid":{"rendered":"http:\/\/alexbutor.hu\/oltozobutor\/?page_id=31437"},"modified":"2023-03-01T15:28:13","modified_gmt":"2023-03-01T14:28:13","slug":"fem-ertekmegorzo","status":"publish","type":"page","link":"https:\/\/alexbutor.hu\/oltozobutor\/kategoriak\/ertekmegorzo\/fem-ertekmegorzo\/","title":{"rendered":"F\u00e9m \u00e9rt\u00e9kmeg\u0151rz\u0151"},"content":{"rendered":"<div class=\"butorlaposkat\">\n<li class=\"portfolio_item isotope-item\">\n<div class=\"portfolio_item_holder\">\n<figure class=\"thumbnail thumbnail__portfolio\"><a href=\"https:\/\/alexbutor.hu\/oltozobutor\/kategoriak\/ertekmegorzo\/fem-ertekmegorzo\/fittmet-ertekmegorzo\/\" class=\"image-wrap\"><img decoding=\"async\" src=\"https:\/\/alexbutor.hu\/oltozobutor\/wp-content\/uploads\/2021\/06\/Kategoria_kepek_FITTMET.jpg\" alt=\"FITTMET \u00e9rt\u00e9kmeg\u0151rz\u0151\"><\/a><\/figure>\n<div class=\"caption caption__portfolio\">\n<h3><a href=\"https:\/\/alexbutor.hu\/oltozobutor\/kategoriak\/ertekmegorzo\/fem-ertekmegorzo\/fittmet-ertekmegorzo\/\">FITTMET \u00e9rt\u00e9kmeg\u0151rz\u0151 (25)<\/a><\/h3>\n<\/div>\n<\/div>\n<\/li>\n<li class=\"portfolio_item isotope-item\">\n<div class=\"portfolio_item_holder\">\n<figure class=\"thumbnail thumbnail__portfolio\"><a href=\"https:\/\/alexbutor.hu\/oltozobutor\/kategoriak\/ertekmegorzo\/fem-ertekmegorzo\/metilla-ertekmegorzo\/\" class=\"image-wrap\"><img decoding=\"async\" src=\"https:\/\/alexbutor.hu\/oltozobutor\/wp-content\/uploads\/2023\/03\/image001.png\" alt=\"Metilla \u00e9rt\u00e9kmeg\u0151rz\u0151\"><\/a><\/figure>\n<div class=\"caption caption__portfolio\">\n<h3><a href=\"https:\/\/alexbutor.hu\/oltozobutor\/kategoriak\/ertekmegorzo\/fem-ertekmegorzo\/metilla-ertekmegorzo\/\">Metilla \u00e9rt\u00e9kmeg\u0151rz\u0151 (6)<\/a><\/h3>\n<\/div>\n<\/div>\n<\/li>\n<li class=\"portfolio_item isotope-item\">\n<div class=\"portfolio_item_holder\">\n<figure class=\"thumbnail thumbnail__portfolio\"><a href=\"https:\/\/alexbutor.hu\/oltozobutor\/kategoriak\/ertekmegorzo\/fem-ertekmegorzo\/lockmet-ertekmegorzo\/\" class=\"image-wrap\"><img decoding=\"async\" src=\"https:\/\/alexbutor.hu\/oltozobutor\/wp-content\/uploads\/2021\/06\/Kategoria_kepek_LOCKMET.jpg\" alt=\"LOCKMET \u00e9rt\u00e9kmeg\u00f6rz\u0151\"><\/a><\/figure>\n<div class=\"caption caption__portfolio\">\n<h3><a href=\"https:\/\/alexbutor.hu\/oltozobutor\/kategoriak\/ertekmegorzo\/fem-ertekmegorzo\/lockmet-ertekmegorzo\/\">LOCKMET \u00e9rt\u00e9kmeg\u00f6rz\u0151 (23)<\/a><\/h3>\n<\/div>\n<\/div>\n<\/li>\n<\/div>\n","protected":false},"excerpt":{"rendered":"<p>FITTMET \u00e9rt\u00e9kmeg\u0151rz\u0151 Metilla \u00e9rt\u00e9kmeg\u0151rz\u0151 LOCKMET \u00e9rt\u00e9kmeg\u00f6rz\u0151<\/p>\n","protected":false},"author":3,"featured_media":34623,"parent":31433,"menu_order":0,"comment_status":"closed","ping_status":"closed","template":"page-uj-alexsub.php","meta":{"footnotes":""},"class_list":["post-31437","page","type-page","status-publish","has-post-thumbnail","hentry"],"yoast_head":"<!-- This site is optimized with the Yoast SEO plugin v23.5 - https:\/\/yoast.com\/wordpress\/plugins\/seo\/ -->\n<title>F\u00e9m \u00e9rt\u00e9kmeg\u0151rz\u0151 - \u00d6lt\u00f6z\u0151b\u00fator<\/title>\n<meta name=\"description\" content=\"Az Alex F\u00e9mb\u00fator Kft. magas min\u0151s\u00e9g\u0171 f\u00e9m \u00f6lt\u00f6z\u0151szekr\u00e9nyek, \u00e9rt\u00e9kmeg\u00f6rz\u0151k \u00e9s ipari t\u00e1rol\u00f3szekr\u00e9nyek sz\u00e9les k\u00edn\u00e1lat\u00e1t aj\u00e1nlja. K\u00e9rje aj\u00e1nlatunkat!\" \/>\n<meta name=\"robots\" content=\"index, follow, max-snippet:-1, max-image-preview:large, max-video-preview:-1\" \/>\n<link rel=\"canonical\" href=\"https:\/\/alexbutor.hu\/oltozobutor\/kategoriak\/ertekmegorzo\/fem-ertekmegorzo\/\" \/>\n<meta property=\"og:locale\" content=\"hu_HU\" \/>\n<meta property=\"og:type\" content=\"article\" \/>\n<meta property=\"og:title\" content=\"F\u00e9m \u00e9rt\u00e9kmeg\u0151rz\u0151 - \u00d6lt\u00f6z\u0151b\u00fator\" \/>\n<meta property=\"og:description\" content=\"Az Alex F\u00e9mb\u00fator Kft. magas min\u0151s\u00e9g\u0171 f\u00e9m \u00f6lt\u00f6z\u0151szekr\u00e9nyek, \u00e9rt\u00e9kmeg\u00f6rz\u0151k \u00e9s ipari t\u00e1rol\u00f3szekr\u00e9nyek sz\u00e9les k\u00edn\u00e1lat\u00e1t aj\u00e1nlja. K\u00e9rje aj\u00e1nlatunkat!\" \/>\n<meta property=\"og:url\" content=\"https:\/\/alexbutor.hu\/oltozobutor\/kategoriak\/ertekmegorzo\/fem-ertekmegorzo\/\" \/>\n<meta property=\"og:site_name\" content=\"\u00d6lt\u00f6z\u0151b\u00fator\" \/>\n<meta property=\"article:modified_time\" content=\"2023-03-01T14:28:13+00:00\" \/>\n<meta property=\"og:image\" content=\"https:\/\/alexbutor.hu\/oltozobutor\/wp-content\/uploads\/2016\/11\/fem_ertekmegorzok.jpg\" \/>\n\t<meta property=\"og:image:width\" content=\"800\" \/>\n\t<meta property=\"og:image:height\" content=\"560\" \/>\n\t<meta property=\"og:image:type\" content=\"image\/jpeg\" \/>\n<meta name=\"twitter:card\" content=\"summary_large_image\" \/>\n<script type=\"application\/ld+json\" class=\"yoast-schema-graph\">{\"@context\":\"https:\/\/schema.org\",\"@graph\":[{\"@type\":\"WebPage\",\"@id\":\"https:\/\/alexbutor.hu\/oltozobutor\/kategoriak\/ertekmegorzo\/fem-ertekmegorzo\/\",\"url\":\"https:\/\/alexbutor.hu\/oltozobutor\/kategoriak\/ertekmegorzo\/fem-ertekmegorzo\/\",\"name\":\"F\u00e9m \u00e9rt\u00e9kmeg\u0151rz\u0151 - \u00d6lt\u00f6z\u0151b\u00fator\",\"isPartOf\":{\"@id\":\"https:\/\/alexbutor.hu\/oltozobutor\/#website\"},\"primaryImageOfPage\":{\"@id\":\"https:\/\/alexbutor.hu\/oltozobutor\/kategoriak\/ertekmegorzo\/fem-ertekmegorzo\/#primaryimage\"},\"image\":{\"@id\":\"https:\/\/alexbutor.hu\/oltozobutor\/kategoriak\/ertekmegorzo\/fem-ertekmegorzo\/#primaryimage\"},\"thumbnailUrl\":\"https:\/\/alexbutor.hu\/oltozobutor\/wp-content\/uploads\/2016\/11\/fem_ertekmegorzok.jpg\",\"datePublished\":\"2016-11-30T15:06:48+00:00\",\"dateModified\":\"2023-03-01T14:28:13+00:00\",\"description\":\"Az Alex F\u00e9mb\u00fator Kft. magas min\u0151s\u00e9g\u0171 f\u00e9m \u00f6lt\u00f6z\u0151szekr\u00e9nyek, \u00e9rt\u00e9kmeg\u00f6rz\u0151k \u00e9s ipari t\u00e1rol\u00f3szekr\u00e9nyek sz\u00e9les k\u00edn\u00e1lat\u00e1t aj\u00e1nlja. K\u00e9rje aj\u00e1nlatunkat!\",\"breadcrumb\":{\"@id\":\"https:\/\/alexbutor.hu\/oltozobutor\/kategoriak\/ertekmegorzo\/fem-ertekmegorzo\/#breadcrumb\"},\"inLanguage\":\"hu\",\"potentialAction\":[{\"@type\":\"ReadAction\",\"target\":[\"https:\/\/alexbutor.hu\/oltozobutor\/kategoriak\/ertekmegorzo\/fem-ertekmegorzo\/\"]}]},{\"@type\":\"ImageObject\",\"inLanguage\":\"hu\",\"@id\":\"https:\/\/alexbutor.hu\/oltozobutor\/kategoriak\/ertekmegorzo\/fem-ertekmegorzo\/#primaryimage\",\"url\":\"https:\/\/alexbutor.hu\/oltozobutor\/wp-content\/uploads\/2016\/11\/fem_ertekmegorzok.jpg\",\"contentUrl\":\"https:\/\/alexbutor.hu\/oltozobutor\/wp-content\/uploads\/2016\/11\/fem_ertekmegorzok.jpg\",\"width\":800,\"height\":560},{\"@type\":\"BreadcrumbList\",\"@id\":\"https:\/\/alexbutor.hu\/oltozobutor\/kategoriak\/ertekmegorzo\/fem-ertekmegorzo\/#breadcrumb\",\"itemListElement\":[{\"@type\":\"ListItem\",\"position\":1,\"name\":\"Home\",\"item\":\"https:\/\/alexbutor.hu\/oltozobutor\/\"},{\"@type\":\"ListItem\",\"position\":2,\"name\":\"Term\u00e9kek\",\"item\":\"https:\/\/alexbutor.hu\/oltozobutor\/kategoriak\/\"},{\"@type\":\"ListItem\",\"position\":3,\"name\":\"\u00c9rt\u00e9kmeg\u0151rz\u0151\",\"item\":\"https:\/\/alexbutor.hu\/oltozobutor\/kategoriak\/ertekmegorzo\/\"},{\"@type\":\"ListItem\",\"position\":4,\"name\":\"F\u00e9m \u00e9rt\u00e9kmeg\u0151rz\u0151\"}]},{\"@type\":\"WebSite\",\"@id\":\"https:\/\/alexbutor.hu\/oltozobutor\/#website\",\"url\":\"https:\/\/alexbutor.hu\/oltozobutor\/\",\"name\":\"\u00d6lt\u00f6z\u0151b\u00fator\",\"description\":\"Minden t\u00e9rben megold\u00e1s\",\"potentialAction\":[{\"@type\":\"SearchAction\",\"target\":{\"@type\":\"EntryPoint\",\"urlTemplate\":\"https:\/\/alexbutor.hu\/oltozobutor\/?s={search_term_string}\"},\"query-input\":{\"@type\":\"PropertyValueSpecification\",\"valueRequired\":true,\"valueName\":\"search_term_string\"}}],\"inLanguage\":\"hu\"}]}<\/script>\n<!-- \/ Yoast SEO plugin. -->","yoast_head_json":{"title":"F\u00e9m \u00e9rt\u00e9kmeg\u0151rz\u0151 - \u00d6lt\u00f6z\u0151b\u00fator","description":"Az Alex F\u00e9mb\u00fator Kft. magas min\u0151s\u00e9g\u0171 f\u00e9m \u00f6lt\u00f6z\u0151szekr\u00e9nyek, \u00e9rt\u00e9kmeg\u00f6rz\u0151k \u00e9s ipari t\u00e1rol\u00f3szekr\u00e9nyek sz\u00e9les k\u00edn\u00e1lat\u00e1t aj\u00e1nlja. K\u00e9rje aj\u00e1nlatunkat!","robots":{"index":"index","follow":"follow","max-snippet":"max-snippet:-1","max-image-preview":"max-image-preview:large","max-video-preview":"max-video-preview:-1"},"canonical":"https:\/\/alexbutor.hu\/oltozobutor\/kategoriak\/ertekmegorzo\/fem-ertekmegorzo\/","og_locale":"hu_HU","og_type":"article","og_title":"F\u00e9m \u00e9rt\u00e9kmeg\u0151rz\u0151 - \u00d6lt\u00f6z\u0151b\u00fator","og_description":"Az Alex F\u00e9mb\u00fator Kft. magas min\u0151s\u00e9g\u0171 f\u00e9m \u00f6lt\u00f6z\u0151szekr\u00e9nyek, \u00e9rt\u00e9kmeg\u00f6rz\u0151k \u00e9s ipari t\u00e1rol\u00f3szekr\u00e9nyek sz\u00e9les k\u00edn\u00e1lat\u00e1t aj\u00e1nlja. K\u00e9rje aj\u00e1nlatunkat!","og_url":"https:\/\/alexbutor.hu\/oltozobutor\/kategoriak\/ertekmegorzo\/fem-ertekmegorzo\/","og_site_name":"\u00d6lt\u00f6z\u0151b\u00fator","article_modified_time":"2023-03-01T14:28:13+00:00","og_image":[{"width":800,"height":560,"url":"https:\/\/alexbutor.hu\/oltozobutor\/wp-content\/uploads\/2016\/11\/fem_ertekmegorzok.jpg","type":"image\/jpeg"}],"twitter_card":"summary_large_image","schema":{"@context":"https:\/\/schema.org","@graph":[{"@type":"WebPage","@id":"https:\/\/alexbutor.hu\/oltozobutor\/kategoriak\/ertekmegorzo\/fem-ertekmegorzo\/","url":"https:\/\/alexbutor.hu\/oltozobutor\/kategoriak\/ertekmegorzo\/fem-ertekmegorzo\/","name":"F\u00e9m \u00e9rt\u00e9kmeg\u0151rz\u0151 - \u00d6lt\u00f6z\u0151b\u00fator","isPartOf":{"@id":"https:\/\/alexbutor.hu\/oltozobutor\/#website"},"primaryImageOfPage":{"@id":"https:\/\/alexbutor.hu\/oltozobutor\/kategoriak\/ertekmegorzo\/fem-ertekmegorzo\/#primaryimage"},"image":{"@id":"https:\/\/alexbutor.hu\/oltozobutor\/kategoriak\/ertekmegorzo\/fem-ertekmegorzo\/#primaryimage"},"thumbnailUrl":"https:\/\/alexbutor.hu\/oltozobutor\/wp-content\/uploads\/2016\/11\/fem_ertekmegorzok.jpg","datePublished":"2016-11-30T15:06:48+00:00","dateModified":"2023-03-01T14:28:13+00:00","description":"Az Alex F\u00e9mb\u00fator Kft. magas min\u0151s\u00e9g\u0171 f\u00e9m \u00f6lt\u00f6z\u0151szekr\u00e9nyek, \u00e9rt\u00e9kmeg\u00f6rz\u0151k \u00e9s ipari t\u00e1rol\u00f3szekr\u00e9nyek sz\u00e9les k\u00edn\u00e1lat\u00e1t aj\u00e1nlja. K\u00e9rje aj\u00e1nlatunkat!","breadcrumb":{"@id":"https:\/\/alexbutor.hu\/oltozobutor\/kategoriak\/ertekmegorzo\/fem-ertekmegorzo\/#breadcrumb"},"inLanguage":"hu","potentialAction":[{"@type":"ReadAction","target":["https:\/\/alexbutor.hu\/oltozobutor\/kategoriak\/ertekmegorzo\/fem-ertekmegorzo\/"]}]},{"@type":"ImageObject","inLanguage":"hu","@id":"https:\/\/alexbutor.hu\/oltozobutor\/kategoriak\/ertekmegorzo\/fem-ertekmegorzo\/#primaryimage","url":"https:\/\/alexbutor.hu\/oltozobutor\/wp-content\/uploads\/2016\/11\/fem_ertekmegorzok.jpg","contentUrl":"https:\/\/alexbutor.hu\/oltozobutor\/wp-content\/uploads\/2016\/11\/fem_ertekmegorzok.jpg","width":800,"height":560},{"@type":"BreadcrumbList","@id":"https:\/\/alexbutor.hu\/oltozobutor\/kategoriak\/ertekmegorzo\/fem-ertekmegorzo\/#breadcrumb","itemListElement":[{"@type":"ListItem","position":1,"name":"Home","item":"https:\/\/alexbutor.hu\/oltozobutor\/"},{"@type":"ListItem","position":2,"name":"Term\u00e9kek","item":"https:\/\/alexbutor.hu\/oltozobutor\/kategoriak\/"},{"@type":"ListItem","position":3,"name":"\u00c9rt\u00e9kmeg\u0151rz\u0151","item":"https:\/\/alexbutor.hu\/oltozobutor\/kategoriak\/ertekmegorzo\/"},{"@type":"ListItem","position":4,"name":"F\u00e9m \u00e9rt\u00e9kmeg\u0151rz\u0151"}]},{"@type":"WebSite","@id":"https:\/\/alexbutor.hu\/oltozobutor\/#website","url":"https:\/\/alexbutor.hu\/oltozobutor\/","name":"\u00d6lt\u00f6z\u0151b\u00fator","description":"Minden t\u00e9rben megold\u00e1s","potentialAction":[{"@type":"SearchAction","target":{"@type":"EntryPoint","urlTemplate":"https:\/\/alexbutor.hu\/oltozobutor\/?s={search_term_string}"},"query-input":{"@type":"PropertyValueSpecification","valueRequired":true,"valueName":"search_term_string"}}],"inLanguage":"hu"}]}},"_links":{"self":[{"href":"https:\/\/alexbutor.hu\/oltozobutor\/wp-json\/wp\/v2\/pages\/31437"}],"collection":[{"href":"https:\/\/alexbutor.hu\/oltozobutor\/wp-json\/wp\/v2\/pages"}],"about":[{"href":"https:\/\/alexbutor.hu\/oltozobutor\/wp-json\/wp\/v2\/types\/page"}],"author":[{"embeddable":true,"href":"https:\/\/alexbutor.hu\/oltozobutor\/wp-json\/wp\/v2\/users\/3"}],"replies":[{"embeddable":true,"href":"https:\/\/alexbutor.hu\/oltozobutor\/wp-json\/wp\/v2\/comments?post=31437"}],"version-history":[{"count":3,"href":"https:\/\/alexbutor.hu\/oltozobutor\/wp-json\/wp\/v2\/pages\/31437\/revisions"}],"predecessor-version":[{"id":60748,"href":"https:\/\/alexbutor.hu\/oltozobutor\/wp-json\/wp\/v2\/pages\/31437\/revisions\/60748"}],"up":[{"embeddable":true,"href":"https:\/\/alexbutor.hu\/oltozobutor\/wp-json\/wp\/v2\/pages\/31433"}],"wp:featuredmedia":[{"embeddable":true,"href":"https:\/\/alexbutor.hu\/oltozobutor\/wp-json\/wp\/v2\/media\/34623"}],"wp:attachment":[{"href":"https:\/\/alexbutor.hu\/oltozobutor\/wp-json\/wp\/v2\/media?parent=31437"}],"curies":[{"name":"wp","href":"https:\/\/api.w.org\/{rel}","templated":true}]}}