{"id":38444,"date":"2018-11-17T08:58:14","date_gmt":"2018-11-17T07:58:14","guid":{"rendered":"http:\/\/alexbutor.hu\/oltozobutor\/?page_id=38444"},"modified":"2018-11-17T08:58:14","modified_gmt":"2018-11-17T07:58:14","slug":"cipotarolos-oltozoszekreny","status":"publish","type":"page","link":"https:\/\/alexbutor.hu\/oltozobutor\/kategoriak\/oltozoszekreny\/butorlapos-oltozoszekreny\/cipotarolos-oltozoszekreny\/","title":{"rendered":"Cip\u0151t\u00e1rol\u00f3s \u00f6lt\u00f6z\u0151szekr\u00e9ny"},"content":{"rendered":"","protected":false},"excerpt":{"rendered":"","protected":false},"author":3,"featured_media":38441,"parent":31338,"menu_order":0,"comment_status":"closed","ping_status":"closed","template":"page-Portfolio4Cols-filterable.php","meta":{"footnotes":""},"class_list":["post-38444","page","type-page","status-publish","has-post-thumbnail","hentry"],"yoast_head":"<!-- This site is optimized with the Yoast SEO plugin v23.5 - https:\/\/yoast.com\/wordpress\/plugins\/seo\/ -->\n<title>Cip\u0151t\u00e1rol\u00f3s \u00f6lt\u00f6z\u0151szekr\u00e9ny - \u00d6lt\u00f6z\u0151b\u00fator<\/title>\n<meta name=\"robots\" content=\"index, follow, max-snippet:-1, max-image-preview:large, max-video-preview:-1\" \/>\n<link rel=\"canonical\" href=\"https:\/\/alexbutor.hu\/oltozobutor\/kategoriak\/oltozoszekreny\/butorlapos-oltozoszekreny\/cipotarolos-oltozoszekreny\/\" \/>\n<meta property=\"og:locale\" content=\"hu_HU\" \/>\n<meta property=\"og:type\" content=\"article\" \/>\n<meta property=\"og:title\" content=\"Cip\u0151t\u00e1rol\u00f3s \u00f6lt\u00f6z\u0151szekr\u00e9ny - \u00d6lt\u00f6z\u0151b\u00fator\" \/>\n<meta property=\"og:url\" content=\"https:\/\/alexbutor.hu\/oltozobutor\/kategoriak\/oltozoszekreny\/butorlapos-oltozoszekreny\/cipotarolos-oltozoszekreny\/\" \/>\n<meta property=\"og:site_name\" content=\"\u00d6lt\u00f6z\u0151b\u00fator\" \/>\n<meta property=\"og:image\" content=\"https:\/\/alexbutor.hu\/oltozobutor\/wp-content\/uploads\/2018\/11\/1.1-Butorlapos_oltozoszekreny-Cipotarolos_oltozoszekreny_800x560px.jpg\" \/>\n\t<meta property=\"og:image:width\" content=\"800\" \/>\n\t<meta property=\"og:image:height\" content=\"560\" \/>\n\t<meta property=\"og:image:type\" content=\"image\/jpeg\" \/>\n<meta name=\"twitter:card\" content=\"summary_large_image\" \/>\n<script type=\"application\/ld+json\" class=\"yoast-schema-graph\">{\"@context\":\"https:\/\/schema.org\",\"@graph\":[{\"@type\":\"WebPage\",\"@id\":\"https:\/\/alexbutor.hu\/oltozobutor\/kategoriak\/oltozoszekreny\/butorlapos-oltozoszekreny\/cipotarolos-oltozoszekreny\/\",\"url\":\"https:\/\/alexbutor.hu\/oltozobutor\/kategoriak\/oltozoszekreny\/butorlapos-oltozoszekreny\/cipotarolos-oltozoszekreny\/\",\"name\":\"Cip\u0151t\u00e1rol\u00f3s \u00f6lt\u00f6z\u0151szekr\u00e9ny - \u00d6lt\u00f6z\u0151b\u00fator\",\"isPartOf\":{\"@id\":\"https:\/\/alexbutor.hu\/oltozobutor\/#website\"},\"primaryImageOfPage\":{\"@id\":\"https:\/\/alexbutor.hu\/oltozobutor\/kategoriak\/oltozoszekreny\/butorlapos-oltozoszekreny\/cipotarolos-oltozoszekreny\/#primaryimage\"},\"image\":{\"@id\":\"https:\/\/alexbutor.hu\/oltozobutor\/kategoriak\/oltozoszekreny\/butorlapos-oltozoszekreny\/cipotarolos-oltozoszekreny\/#primaryimage\"},\"thumbnailUrl\":\"https:\/\/alexbutor.hu\/oltozobutor\/wp-content\/uploads\/2018\/11\/1.1-Butorlapos_oltozoszekreny-Cipotarolos_oltozoszekreny_800x560px.jpg\",\"datePublished\":\"2018-11-17T07:58:14+00:00\",\"dateModified\":\"2018-11-17T07:58:14+00:00\",\"breadcrumb\":{\"@id\":\"https:\/\/alexbutor.hu\/oltozobutor\/kategoriak\/oltozoszekreny\/butorlapos-oltozoszekreny\/cipotarolos-oltozoszekreny\/#breadcrumb\"},\"inLanguage\":\"hu\",\"potentialAction\":[{\"@type\":\"ReadAction\",\"target\":[\"https:\/\/alexbutor.hu\/oltozobutor\/kategoriak\/oltozoszekreny\/butorlapos-oltozoszekreny\/cipotarolos-oltozoszekreny\/\"]}]},{\"@type\":\"ImageObject\",\"inLanguage\":\"hu\",\"@id\":\"https:\/\/alexbutor.hu\/oltozobutor\/kategoriak\/oltozoszekreny\/butorlapos-oltozoszekreny\/cipotarolos-oltozoszekreny\/#primaryimage\",\"url\":\"https:\/\/alexbutor.hu\/oltozobutor\/wp-content\/uploads\/2018\/11\/1.1-Butorlapos_oltozoszekreny-Cipotarolos_oltozoszekreny_800x560px.jpg\",\"contentUrl\":\"https:\/\/alexbutor.hu\/oltozobutor\/wp-content\/uploads\/2018\/11\/1.1-Butorlapos_oltozoszekreny-Cipotarolos_oltozoszekreny_800x560px.jpg\",\"width\":800,\"height\":560},{\"@type\":\"BreadcrumbList\",\"@id\":\"https:\/\/alexbutor.hu\/oltozobutor\/kategoriak\/oltozoszekreny\/butorlapos-oltozoszekreny\/cipotarolos-oltozoszekreny\/#breadcrumb\",\"itemListElement\":[{\"@type\":\"ListItem\",\"position\":1,\"name\":\"Home\",\"item\":\"https:\/\/alexbutor.hu\/oltozobutor\/\"},{\"@type\":\"ListItem\",\"position\":2,\"name\":\"Term\u00e9kek\",\"item\":\"https:\/\/alexbutor.hu\/oltozobutor\/kategoriak\/\"},{\"@type\":\"ListItem\",\"position\":3,\"name\":\"\u00d6lt\u00f6z\u0151szekr\u00e9ny\",\"item\":\"https:\/\/alexbutor.hu\/oltozobutor\/kategoriak\/oltozoszekreny\/\"},{\"@type\":\"ListItem\",\"position\":4,\"name\":\"B\u00fatorlapos \u00f6lt\u00f6z\u0151szekr\u00e9ny\",\"item\":\"https:\/\/alexbutor.hu\/oltozobutor\/kategoriak\/oltozoszekreny\/butorlapos-oltozoszekreny\/\"},{\"@type\":\"ListItem\",\"position\":5,\"name\":\"Cip\u0151t\u00e1rol\u00f3s \u00f6lt\u00f6z\u0151szekr\u00e9ny\"}]},{\"@type\":\"WebSite\",\"@id\":\"https:\/\/alexbutor.hu\/oltozobutor\/#website\",\"url\":\"https:\/\/alexbutor.hu\/oltozobutor\/\",\"name\":\"\u00d6lt\u00f6z\u0151b\u00fator\",\"description\":\"Minden t\u00e9rben megold\u00e1s\",\"potentialAction\":[{\"@type\":\"SearchAction\",\"target\":{\"@type\":\"EntryPoint\",\"urlTemplate\":\"https:\/\/alexbutor.hu\/oltozobutor\/?s={search_term_string}\"},\"query-input\":{\"@type\":\"PropertyValueSpecification\",\"valueRequired\":true,\"valueName\":\"search_term_string\"}}],\"inLanguage\":\"hu\"}]}<\/script>\n<!-- \/ Yoast SEO plugin. -->","yoast_head_json":{"title":"Cip\u0151t\u00e1rol\u00f3s \u00f6lt\u00f6z\u0151szekr\u00e9ny - \u00d6lt\u00f6z\u0151b\u00fator","robots":{"index":"index","follow":"follow","max-snippet":"max-snippet:-1","max-image-preview":"max-image-preview:large","max-video-preview":"max-video-preview:-1"},"canonical":"https:\/\/alexbutor.hu\/oltozobutor\/kategoriak\/oltozoszekreny\/butorlapos-oltozoszekreny\/cipotarolos-oltozoszekreny\/","og_locale":"hu_HU","og_type":"article","og_title":"Cip\u0151t\u00e1rol\u00f3s \u00f6lt\u00f6z\u0151szekr\u00e9ny - \u00d6lt\u00f6z\u0151b\u00fator","og_url":"https:\/\/alexbutor.hu\/oltozobutor\/kategoriak\/oltozoszekreny\/butorlapos-oltozoszekreny\/cipotarolos-oltozoszekreny\/","og_site_name":"\u00d6lt\u00f6z\u0151b\u00fator","og_image":[{"width":800,"height":560,"url":"https:\/\/alexbutor.hu\/oltozobutor\/wp-content\/uploads\/2018\/11\/1.1-Butorlapos_oltozoszekreny-Cipotarolos_oltozoszekreny_800x560px.jpg","type":"image\/jpeg"}],"twitter_card":"summary_large_image","schema":{"@context":"https:\/\/schema.org","@graph":[{"@type":"WebPage","@id":"https:\/\/alexbutor.hu\/oltozobutor\/kategoriak\/oltozoszekreny\/butorlapos-oltozoszekreny\/cipotarolos-oltozoszekreny\/","url":"https:\/\/alexbutor.hu\/oltozobutor\/kategoriak\/oltozoszekreny\/butorlapos-oltozoszekreny\/cipotarolos-oltozoszekreny\/","name":"Cip\u0151t\u00e1rol\u00f3s \u00f6lt\u00f6z\u0151szekr\u00e9ny - \u00d6lt\u00f6z\u0151b\u00fator","isPartOf":{"@id":"https:\/\/alexbutor.hu\/oltozobutor\/#website"},"primaryImageOfPage":{"@id":"https:\/\/alexbutor.hu\/oltozobutor\/kategoriak\/oltozoszekreny\/butorlapos-oltozoszekreny\/cipotarolos-oltozoszekreny\/#primaryimage"},"image":{"@id":"https:\/\/alexbutor.hu\/oltozobutor\/kategoriak\/oltozoszekreny\/butorlapos-oltozoszekreny\/cipotarolos-oltozoszekreny\/#primaryimage"},"thumbnailUrl":"https:\/\/alexbutor.hu\/oltozobutor\/wp-content\/uploads\/2018\/11\/1.1-Butorlapos_oltozoszekreny-Cipotarolos_oltozoszekreny_800x560px.jpg","datePublished":"2018-11-17T07:58:14+00:00","dateModified":"2018-11-17T07:58:14+00:00","breadcrumb":{"@id":"https:\/\/alexbutor.hu\/oltozobutor\/kategoriak\/oltozoszekreny\/butorlapos-oltozoszekreny\/cipotarolos-oltozoszekreny\/#breadcrumb"},"inLanguage":"hu","potentialAction":[{"@type":"ReadAction","target":["https:\/\/alexbutor.hu\/oltozobutor\/kategoriak\/oltozoszekreny\/butorlapos-oltozoszekreny\/cipotarolos-oltozoszekreny\/"]}]},{"@type":"ImageObject","inLanguage":"hu","@id":"https:\/\/alexbutor.hu\/oltozobutor\/kategoriak\/oltozoszekreny\/butorlapos-oltozoszekreny\/cipotarolos-oltozoszekreny\/#primaryimage","url":"https:\/\/alexbutor.hu\/oltozobutor\/wp-content\/uploads\/2018\/11\/1.1-Butorlapos_oltozoszekreny-Cipotarolos_oltozoszekreny_800x560px.jpg","contentUrl":"https:\/\/alexbutor.hu\/oltozobutor\/wp-content\/uploads\/2018\/11\/1.1-Butorlapos_oltozoszekreny-Cipotarolos_oltozoszekreny_800x560px.jpg","width":800,"height":560},{"@type":"BreadcrumbList","@id":"https:\/\/alexbutor.hu\/oltozobutor\/kategoriak\/oltozoszekreny\/butorlapos-oltozoszekreny\/cipotarolos-oltozoszekreny\/#breadcrumb","itemListElement":[{"@type":"ListItem","position":1,"name":"Home","item":"https:\/\/alexbutor.hu\/oltozobutor\/"},{"@type":"ListItem","position":2,"name":"Term\u00e9kek","item":"https:\/\/alexbutor.hu\/oltozobutor\/kategoriak\/"},{"@type":"ListItem","position":3,"name":"\u00d6lt\u00f6z\u0151szekr\u00e9ny","item":"https:\/\/alexbutor.hu\/oltozobutor\/kategoriak\/oltozoszekreny\/"},{"@type":"ListItem","position":4,"name":"B\u00fatorlapos \u00f6lt\u00f6z\u0151szekr\u00e9ny","item":"https:\/\/alexbutor.hu\/oltozobutor\/kategoriak\/oltozoszekreny\/butorlapos-oltozoszekreny\/"},{"@type":"ListItem","position":5,"name":"Cip\u0151t\u00e1rol\u00f3s \u00f6lt\u00f6z\u0151szekr\u00e9ny"}]},{"@type":"WebSite","@id":"https:\/\/alexbutor.hu\/oltozobutor\/#website","url":"https:\/\/alexbutor.hu\/oltozobutor\/","name":"\u00d6lt\u00f6z\u0151b\u00fator","description":"Minden t\u00e9rben megold\u00e1s","potentialAction":[{"@type":"SearchAction","target":{"@type":"EntryPoint","urlTemplate":"https:\/\/alexbutor.hu\/oltozobutor\/?s={search_term_string}"},"query-input":{"@type":"PropertyValueSpecification","valueRequired":true,"valueName":"search_term_string"}}],"inLanguage":"hu"}]}},"_links":{"self":[{"href":"https:\/\/alexbutor.hu\/oltozobutor\/wp-json\/wp\/v2\/pages\/38444"}],"collection":[{"href":"https:\/\/alexbutor.hu\/oltozobutor\/wp-json\/wp\/v2\/pages"}],"about":[{"href":"https:\/\/alexbutor.hu\/oltozobutor\/wp-json\/wp\/v2\/types\/page"}],"author":[{"embeddable":true,"href":"https:\/\/alexbutor.hu\/oltozobutor\/wp-json\/wp\/v2\/users\/3"}],"replies":[{"embeddable":true,"href":"https:\/\/alexbutor.hu\/oltozobutor\/wp-json\/wp\/v2\/comments?post=38444"}],"version-history":[{"count":0,"href":"https:\/\/alexbutor.hu\/oltozobutor\/wp-json\/wp\/v2\/pages\/38444\/revisions"}],"up":[{"embeddable":true,"href":"https:\/\/alexbutor.hu\/oltozobutor\/wp-json\/wp\/v2\/pages\/31338"}],"wp:featuredmedia":[{"embeddable":true,"href":"https:\/\/alexbutor.hu\/oltozobutor\/wp-json\/wp\/v2\/media\/38441"}],"wp:attachment":[{"href":"https:\/\/alexbutor.hu\/oltozobutor\/wp-json\/wp\/v2\/media?parent=38444"}],"curies":[{"name":"wp","href":"https:\/\/api.w.org\/{rel}","templated":true}]}}