{"id":41036,"date":"2020-06-11T11:07:43","date_gmt":"2020-06-11T10:07:43","guid":{"rendered":"http:\/\/alexbutor.hu\/oltozobutor\/?page_id=41036"},"modified":"2020-06-11T12:22:32","modified_gmt":"2020-06-11T11:22:32","slug":"valaszthato-lec-es-vazszinek","status":"publish","type":"page","link":"https:\/\/alexbutor.hu\/oltozobutor\/valaszthato-lec-es-vazszinek\/","title":{"rendered":"V\u00e1laszthat\u00f3 l\u00e9c \u00e9s v\u00e1zsz\u00ednek"},"content":{"rendered":"<p><img loading=\"lazy\" decoding=\"async\" class=\"aligncenter size-full wp-image-41039\" src=\"https:\/\/alexbutor.hu\/oltozobutor\/wp-content\/uploads\/2020\/06\/wpcfejlec.jpg\" alt=\"\" width=\"1821\" height=\"685\" srcset=\"https:\/\/alexbutor.hu\/oltozobutor\/wp-content\/uploads\/2020\/06\/wpcfejlec.jpg 1821w, https:\/\/alexbutor.hu\/oltozobutor\/wp-content\/uploads\/2020\/06\/wpcfejlec-300x113.jpg 300w, https:\/\/alexbutor.hu\/oltozobutor\/wp-content\/uploads\/2020\/06\/wpcfejlec-1024x385.jpg 1024w, https:\/\/alexbutor.hu\/oltozobutor\/wp-content\/uploads\/2020\/06\/wpcfejlec-768x289.jpg 768w, https:\/\/alexbutor.hu\/oltozobutor\/wp-content\/uploads\/2020\/06\/wpcfejlec-1536x578.jpg 1536w, https:\/\/alexbutor.hu\/oltozobutor\/wp-content\/uploads\/2020\/06\/wpcfejlec-665x250.jpg 665w, https:\/\/alexbutor.hu\/oltozobutor\/wp-content\/uploads\/2020\/06\/wpcfejlec-1329x500.jpg 1329w\" sizes=\"(max-width: 1821px) 100vw, 1821px\" \/><\/p>\n<p style=\"font-size: 20px; line-height: 1.5;\">V\u00e1s\u00e1rl\u00f3ink visszajelz\u00e9seit figyelembe v\u00e9ve Fitt \u00f6lt\u00f6z\u0151padjaink el\u00e9rhet\u0151ek 3 t\u00edpusban: t\u00e1mla n\u00e9lk\u00fcli, egyoldalas t\u00e1ml\u00e1s \u00e9s k\u00e9toldalas t\u00e1ml\u00e1s kivitelben, 3 m\u00e9retben: 120, 150 \u00e9s 190 cm sz\u00e9less\u00e9gben. 5 k\u00fcl\u00f6nb\u00f6z\u0151 sz\u00edn\u0171 WPC l\u00e9ccel szerelve, 14 alap\u00e1ras v\u00e1z sz\u00ednben.<\/p>\n<p style=\"font-size: 20px; line-height: 1.5;\">A WPC l\u00e9cek (Wood Plastic Composite) fa-m\u0171anyag kompozitb\u00f3l k\u00e9sz\u00fclnek, amely faforg\u00e1csb\u00f3l \u00e9s k\u00fcl\u00f6nb\u00f6z\u0151 h\u0151re l\u00e1gyul\u00f3 m\u0171anyagokb\u00f3l \u00e1llnak. A kompozit fatartalma 60%. Ellen\u00e1llnak a korr\u00f3zi\u00f3nak \u00e9s a rothad\u00e1snak is. Rendk\u00edv\u00fcl tart\u00f3sak \u00e9s ellen\u00e1llnak a v\u00edzben tal\u00e1lhat\u00f3, a f\u00e1t megt\u00e1mad\u00f3 organizmusoknak is. El\u0151\u00e1ll\u00edt\u00e1sa sor\u00e1n a fa \u00e9s a plasztik el\u0151ny\u00f6s tulajdons\u00e1gait \u00f6tv\u00f6zik, a negat\u00edvakat pedig kik\u00fcsz\u00f6b\u00f6lik, \u00edgy az anyag a term\u00e9szetes f\u00e1val szemben reped\u00e9s\u00e1ll\u00f3 is. K\u00fcl\u00f6n karbantart\u00e1st nem ig\u00e9nyel a szennyez\u0151d\u00e9sek elt\u00e1vol\u00edt\u00e1s\u00e1n k\u00edv\u00fcl.<\/p>\n<h3>WPC sz\u00ednek<\/h3>\n<div id=\"alex-fa-tab-0\" class=\"tab-pane fade active in fittpadszinek\">\n<div class=\"alex-fa-szin-tartalom thumbnail\">\n\t\t\t\t\t\t<a href=\"https:\/\/alexbutor.hu\/oltozobutor\/wp-content\/uploads\/wpallimport\/files\/FASZIN\/large\/MapleLeafRed_large.jpg\" rel=\"prettyPhoto[alexfa0]\" title=\"Maple-Leaf Red\"><img loading=\"lazy\" decoding=\"async\" src=\"https:\/\/alexbutor.hu\/oltozobutor\/wp-content\/uploads\/wpallimport\/files\/FASZIN\/small\/MapleLeafRed_small.jpg\" width=\"64\" height=\"64\" alt=\"Maple-Leaf Red\"><\/a><\/p>\n<p>Maple-Leaf Red<\/p>\n<\/p><\/div>\n<div class=\"alex-fa-szin-tartalom thumbnail\">\n\t\t\t\t\t\t<a href=\"https:\/\/alexbutor.hu\/oltozobutor\/wp-content\/uploads\/wpallimport\/files\/FASZIN\/large\/OakBrown_large.jpg\" rel=\"prettyPhoto[alexfa0]\" title=\"Oak Brown\"><img loading=\"lazy\" decoding=\"async\" src=\"https:\/\/alexbutor.hu\/oltozobutor\/wp-content\/uploads\/wpallimport\/files\/FASZIN\/small\/OakBrown_small.jpg\" width=\"64\" height=\"64\" alt=\"Oak Brown\"><\/a><\/p>\n<p>Oak Brown<\/p>\n<\/p><\/div>\n<div class=\"alex-fa-szin-tartalom thumbnail\">\n\t\t\t\t\t\t<a href=\"https:\/\/alexbutor.hu\/oltozobutor\/wp-content\/uploads\/wpallimport\/files\/FASZIN\/large\/VibrantYellow_large.jpg\" rel=\"prettyPhoto[alexfa0]\" title=\"Vibrant Yellow\"><img loading=\"lazy\" decoding=\"async\" src=\"https:\/\/alexbutor.hu\/oltozobutor\/wp-content\/uploads\/wpallimport\/files\/FASZIN\/small\/VibrantYellow_small.jpg\" width=\"64\" height=\"64\" alt=\"Vibrant Yellow\"><\/a><\/p>\n<p>Vibrant Yellow<\/p>\n<\/p><\/div>\n<div class=\"alex-fa-szin-tartalom thumbnail\">\n\t\t\t\t\t\t<a href=\"https:\/\/alexbutor.hu\/oltozobutor\/wp-content\/uploads\/wpallimport\/files\/FASZIN\/large\/LightGrey_large.jpg\" rel=\"prettyPhoto[alexfa0]\" title=\"Light Gey\"><img loading=\"lazy\" decoding=\"async\" src=\"https:\/\/alexbutor.hu\/oltozobutor\/wp-content\/uploads\/wpallimport\/files\/FASZIN\/small\/LightGrey_small.jpg\" width=\"64\" height=\"64\" alt=\"Light Gey\"><\/a><\/p>\n<p>Light Gey<\/p>\n<\/p><\/div>\n<div class=\"alex-fa-szin-tartalom thumbnail\">\n\t\t\t\t\t\t<a href=\"https:\/\/alexbutor.hu\/oltozobutor\/wp-content\/uploads\/wpallimport\/files\/FASZIN\/large\/MysteriousBlack_large.jpg\" rel=\"prettyPhoto[alexfa0]\" title=\"Misterious Black\"><img loading=\"lazy\" decoding=\"async\" src=\"https:\/\/alexbutor.hu\/oltozobutor\/wp-content\/uploads\/wpallimport\/files\/FASZIN\/small\/MysteriousBlack_small.jpg\" width=\"64\" height=\"64\" alt=\"Misterious Black\"><\/a><\/p>\n<p>Misterious Black<\/p>\n<\/p><\/div>\n<div class=\"clearfix\"><\/div>\n<\/p><\/div>\n<h3>V\u00e1z sz\u00ednek<\/h3>\n<div id=\"alex-fem-tab-500\" class=\"tab-pane fade active in fittpadszinek\">\n<div class=\"alex-fem-szin-tartalom thumbnail\">\n                    <a href=\"https:\/\/alexbutor.hu\/oltozobutor\/wp-content\/uploads\/wpallimport\/files\/FEMSZIN\/large\/RAL-9010_feher_large.jpg\" rel=\"prettyPhoto[alexfem-500]\" title=\"Feh\u00e9r RAL9010\"><img loading=\"lazy\" decoding=\"async\" src=\"https:\/\/alexbutor.hu\/oltozobutor\/wp-content\/uploads\/wpallimport\/files\/FEMSZIN\/small\/RAL-9010_feher_small.jpg\" width=\"64\" height=\"64\" alt=\"Feh\u00e9r RAL9010\"><\/a><\/p>\n<p>Feh\u00e9r RAL9010<\/p>\n<\/p><\/div>\n<div class=\"alex-fem-szin-tartalom thumbnail\">\n                    <a href=\"https:\/\/alexbutor.hu\/oltozobutor\/wp-content\/uploads\/wpallimport\/files\/FEMSZIN\/large\/VAZ_RAL1015_Beige_large.jpg\" rel=\"prettyPhoto[alexfem-500]\" title=\"Beige RAL 1015\"><img loading=\"lazy\" decoding=\"async\" src=\"https:\/\/alexbutor.hu\/oltozobutor\/wp-content\/uploads\/wpallimport\/files\/FEMSZIN\/small\/VAZ_RAL1015_Beige_small.jpg\" width=\"64\" height=\"64\" alt=\"Beige RAL 1015\"><\/a><\/p>\n<p>Beige RAL 1015<\/p>\n<\/p><\/div>\n<div class=\"alex-fem-szin-tartalom thumbnail\">\n                    <a href=\"https:\/\/alexbutor.hu\/oltozobutor\/wp-content\/uploads\/wpallimport\/files\/FEMSZIN\/large\/VAZ_RAL1021_citromsarga_large.jpg\" rel=\"prettyPhoto[alexfem-500]\" title=\"citroms\u00e1rga RAL 1021\"><img loading=\"lazy\" decoding=\"async\" src=\"https:\/\/alexbutor.hu\/oltozobutor\/wp-content\/uploads\/wpallimport\/files\/FEMSZIN\/small\/VAZ_RAL1021_citromsarga_small.jpg\" width=\"64\" height=\"64\" alt=\"citroms\u00e1rga RAL 1021\"><\/a><\/p>\n<p>citroms\u00e1rga RAL 1021<\/p>\n<\/p><\/div>\n<div class=\"alex-fem-szin-tartalom thumbnail\">\n                    <a href=\"https:\/\/alexbutor.hu\/oltozobutor\/wp-content\/uploads\/wpallimport\/files\/FEMSZIN\/large\/VAZ_RAL2004_narancssarga_large.jpg\" rel=\"prettyPhoto[alexfem-500]\" title=\"narancss\u00e1rga RAL 2004\"><img loading=\"lazy\" decoding=\"async\" src=\"https:\/\/alexbutor.hu\/oltozobutor\/wp-content\/uploads\/wpallimport\/files\/FEMSZIN\/small\/VAZ_RAL2004_narancssarga_small.jpg\" width=\"64\" height=\"64\" alt=\"narancss\u00e1rga RAL 2004\"><\/a><\/p>\n<p>narancss\u00e1rga RAL 2004<\/p>\n<\/p><\/div>\n<div class=\"alex-fem-szin-tartalom thumbnail\">\n                    <a href=\"https:\/\/alexbutor.hu\/oltozobutor\/wp-content\/uploads\/wpallimport\/files\/FEMSZIN\/large\/VAZ_RAL3020_piros_large.jpg\" rel=\"prettyPhoto[alexfem-500]\" title=\"Piros RAL3020\"><img loading=\"lazy\" decoding=\"async\" src=\"https:\/\/alexbutor.hu\/oltozobutor\/wp-content\/uploads\/wpallimport\/files\/FEMSZIN\/small\/VAZ_RAL3020_piros_small.jpg\" width=\"64\" height=\"64\" alt=\"Piros RAL3020\"><\/a><\/p>\n<p>Piros RAL3020<\/p>\n<\/p><\/div>\n<div class=\"alex-fem-szin-tartalom thumbnail\">\n                    <a href=\"https:\/\/alexbutor.hu\/oltozobutor\/wp-content\/uploads\/wpallimport\/files\/FEMSZIN\/large\/RAL4006_viola_large.jpg\" rel=\"prettyPhoto[alexfem-500]\" title=\"viola RAL 4006\"><img loading=\"lazy\" decoding=\"async\" src=\"https:\/\/alexbutor.hu\/oltozobutor\/wp-content\/uploads\/wpallimport\/files\/FEMSZIN\/small\/RAL4006_viola_small.jpg\" width=\"64\" height=\"64\" alt=\"viola RAL 4006\"><\/a><\/p>\n<p>viola RAL 4006<\/p>\n<\/p><\/div>\n<div class=\"alex-fem-szin-tartalom thumbnail\">\n                    <a href=\"https:\/\/alexbutor.hu\/oltozobutor\/wp-content\/uploads\/wpallimport\/files\/FEMSZIN\/large\/RAL-6018_Fuzold_large.jpg\" rel=\"prettyPhoto[alexfem-500]\" title=\"F\u0171z\u00f6ld RAL 6018\"><img loading=\"lazy\" decoding=\"async\" src=\"https:\/\/alexbutor.hu\/oltozobutor\/wp-content\/uploads\/wpallimport\/files\/FEMSZIN\/small\/RAL-6018_Fuzold_small.jpg\" width=\"64\" height=\"64\" alt=\"F\u0171z\u00f6ld RAL 6018\"><\/a><\/p>\n<p>F\u0171z\u00f6ld RAL 6018<\/p>\n<\/p><\/div>\n<div class=\"alex-fem-szin-tartalom thumbnail\">\n                    <a href=\"https:\/\/alexbutor.hu\/oltozobutor\/wp-content\/uploads\/wpallimport\/files\/FEMSZIN\/large\/RAL-5021_Turkiz_large.jpg\" rel=\"prettyPhoto[alexfem-500]\" title=\"T\u00fcrk\u00edz RAL 5021\"><img loading=\"lazy\" decoding=\"async\" src=\"https:\/\/alexbutor.hu\/oltozobutor\/wp-content\/uploads\/wpallimport\/files\/FEMSZIN\/small\/RAL-5021_Turkiz_small.jpg\" width=\"64\" height=\"64\" alt=\"T\u00fcrk\u00edz RAL 5021\"><\/a><\/p>\n<p>T\u00fcrk\u00edz RAL 5021<\/p>\n<\/p><\/div>\n<div class=\"alex-fem-szin-tartalom thumbnail\">\n                    <a href=\"https:\/\/alexbutor.hu\/oltozobutor\/wp-content\/uploads\/wpallimport\/files\/FEMSZIN\/large\/RAL-5019_Kek_large.jpg\" rel=\"prettyPhoto[alexfem-500]\" title=\"k\u00e9k RAL 5019\"><img loading=\"lazy\" decoding=\"async\" src=\"https:\/\/alexbutor.hu\/oltozobutor\/wp-content\/uploads\/wpallimport\/files\/FEMSZIN\/small\/RAL-5019_Kek_small.jpg\" width=\"64\" height=\"64\" alt=\"k\u00e9k RAL 5019\"><\/a><\/p>\n<p>k\u00e9k RAL 5019<\/p>\n<\/p><\/div>\n<div class=\"alex-fem-szin-tartalom thumbnail\">\n                    <a href=\"https:\/\/alexbutor.hu\/oltozobutor\/wp-content\/uploads\/wpallimport\/files\/FEMSZIN\/large\/VAZ_RAL7035_vilagosszurke_large.jpg\" rel=\"prettyPhoto[alexfem-500]\" title=\"vil\u00e1gossz\u00fcrke RAL 7035\"><img loading=\"lazy\" decoding=\"async\" src=\"https:\/\/alexbutor.hu\/oltozobutor\/wp-content\/uploads\/wpallimport\/files\/FEMSZIN\/small\/VAZ_RAL7035_vilagosszurke_small.jpg\" width=\"64\" height=\"64\" alt=\"vil\u00e1gossz\u00fcrke RAL 7035\"><\/a><\/p>\n<p>vil\u00e1gossz\u00fcrke RAL 7035<\/p>\n<\/p><\/div>\n<div class=\"alex-fem-szin-tartalom thumbnail\">\n                    <a href=\"https:\/\/alexbutor.hu\/oltozobutor\/wp-content\/uploads\/wpallimport\/files\/FEMSZIN\/large\/VAZ_RAL7046_szurke_large.jpg\" rel=\"prettyPhoto[alexfem-500]\" title=\"sz\u00fcrke RAL 7046\"><img loading=\"lazy\" decoding=\"async\" src=\"https:\/\/alexbutor.hu\/oltozobutor\/wp-content\/uploads\/wpallimport\/files\/FEMSZIN\/small\/VAZ_RAL7046_szurke_small.jpg\" width=\"64\" height=\"64\" alt=\"sz\u00fcrke RAL 7046\"><\/a><\/p>\n<p>sz\u00fcrke RAL 7046<\/p>\n<\/p><\/div>\n<div class=\"alex-fem-szin-tartalom thumbnail\">\n                    <a href=\"https:\/\/alexbutor.hu\/oltozobutor\/wp-content\/uploads\/wpallimport\/files\/FEMSZIN\/large\/VAZ_RAL9004_fenyesfekete_large.jpg\" rel=\"prettyPhoto[alexfem-500]\" title=\"f\u00e9nyes fekete RAL 9004\"><img loading=\"lazy\" decoding=\"async\" src=\"https:\/\/alexbutor.hu\/oltozobutor\/wp-content\/uploads\/wpallimport\/files\/FEMSZIN\/small\/VAZ_RAL9004_fenyesfekete_small.jpg\" width=\"64\" height=\"64\" alt=\"f\u00e9nyes fekete RAL 9004\"><\/a><\/p>\n<p>f\u00e9nyes fekete RAL 9004<\/p>\n<\/p><\/div>\n<div class=\"alex-fem-szin-tartalom thumbnail\">\n                    <a href=\"https:\/\/alexbutor.hu\/oltozobutor\/wp-content\/uploads\/wpallimport\/files\/FEMSZIN\/large\/VAZ_RAL9004_matt_fekete_large.jpg\" rel=\"prettyPhoto[alexfem-500]\" title=\"Matt fekete RAL9004\"><img loading=\"lazy\" decoding=\"async\" src=\"https:\/\/alexbutor.hu\/oltozobutor\/wp-content\/uploads\/wpallimport\/files\/FEMSZIN\/small\/VAZ_RAL9004_matt_fekete_small.jpg\" width=\"64\" height=\"64\" alt=\"Matt fekete RAL9004\"><\/a><\/p>\n<p>Matt fekete RAL9004<\/p>\n<\/p><\/div>\n<div class=\"alex-fem-szin-tartalom thumbnail\">\n                    <a href=\"https:\/\/alexbutor.hu\/oltozobutor\/wp-content\/uploads\/wpallimport\/files\/FEMSZIN\/large\/VAZ_metal_ezust_large.jpg\" rel=\"prettyPhoto[alexfem-500]\" title=\"Met\u00e1l ez\u00fcst RAL9006\"><img loading=\"lazy\" decoding=\"async\" src=\"https:\/\/alexbutor.hu\/oltozobutor\/wp-content\/uploads\/wpallimport\/files\/FEMSZIN\/small\/VAZ_metal_ezust_small.jpg\" width=\"64\" height=\"64\" alt=\"Met\u00e1l ez\u00fcst RAL9006\"><\/a><\/p>\n<p>Met\u00e1l ez\u00fcst RAL9006<\/p>\n<\/p><\/div>\n<div class=\"clearfix\"><\/div>\n<\/p><\/div>\n<p><a class=\"btn btn-primary btn-normal btn-inline \" href=\"https:\/\/alexbutor.hu\/oltozobutor\/kategoriak\/oltozopad\/fitt-oltozopad\/\">FITT \u00d6LT\u00d6Z\u0150PAD K\u00cdN\u00c1LATUNK<\/a><\/p>\n","protected":false},"excerpt":{"rendered":"<p>V\u00e1s\u00e1rl\u00f3ink visszajelz\u00e9seit figyelembe v\u00e9ve Fitt \u00f6lt\u00f6z\u0151padjaink el\u00e9rhet\u0151ek 3 t\u00edpusban: t\u00e1mla n\u00e9lk\u00fcli, egyoldalas t\u00e1ml\u00e1s \u00e9s k\u00e9toldalas t\u00e1ml\u00e1s kivitelben, 3 m\u00e9retben: 120, 150 \u00e9s 190 cm sz\u00e9less\u00e9gben. 5 k\u00fcl\u00f6nb\u00f6z\u0151 sz\u00edn\u0171 WPC l\u00e9ccel szerelve, 14 alap\u00e1ras v\u00e1z sz\u00ednben. A WPC l\u00e9cek (Wood Plastic Composite) fa-m\u0171anyag kompozitb\u00f3l k\u00e9sz\u00fclnek, amely faforg\u00e1csb\u00f3l \u00e9s k\u00fcl\u00f6nb\u00f6z\u0151 h\u0151re l\u00e1gyul\u00f3 m\u0171anyagokb\u00f3l \u00e1llnak. A kompozit fatartalma 60%. Ellen\u00e1llnak a korr\u00f3zi\u00f3nak \u00e9s&nbsp;<a href=\"https:\/\/alexbutor.hu\/oltozobutor\/valaszthato-lec-es-vazszinek\/\" class=\"read-more\">...<\/a><\/p>\n","protected":false},"author":3,"featured_media":41039,"parent":0,"menu_order":0,"comment_status":"closed","ping_status":"closed","template":"page-fullwidth.php","meta":{"footnotes":""},"class_list":["post-41036","page","type-page","status-publish","has-post-thumbnail","hentry"],"yoast_head":"<!-- This site is optimized with the Yoast SEO plugin v23.5 - https:\/\/yoast.com\/wordpress\/plugins\/seo\/ -->\n<title>V\u00e1laszthat\u00f3 l\u00e9c \u00e9s v\u00e1zsz\u00ednek - \u00d6lt\u00f6z\u0151b\u00fator<\/title>\n<meta name=\"robots\" content=\"index, follow, max-snippet:-1, max-image-preview:large, max-video-preview:-1\" \/>\n<link rel=\"canonical\" href=\"https:\/\/alexbutor.hu\/oltozobutor\/valaszthato-lec-es-vazszinek\/\" \/>\n<meta property=\"og:locale\" content=\"hu_HU\" \/>\n<meta property=\"og:type\" content=\"article\" \/>\n<meta property=\"og:title\" content=\"V\u00e1laszthat\u00f3 l\u00e9c \u00e9s v\u00e1zsz\u00ednek - \u00d6lt\u00f6z\u0151b\u00fator\" \/>\n<meta property=\"og:description\" content=\"V\u00e1s\u00e1rl\u00f3ink visszajelz\u00e9seit figyelembe v\u00e9ve Fitt \u00f6lt\u00f6z\u0151padjaink el\u00e9rhet\u0151ek 3 t\u00edpusban: t\u00e1mla n\u00e9lk\u00fcli, egyoldalas t\u00e1ml\u00e1s \u00e9s k\u00e9toldalas t\u00e1ml\u00e1s kivitelben, 3 m\u00e9retben: 120, 150 \u00e9s 190 cm sz\u00e9less\u00e9gben. 5 k\u00fcl\u00f6nb\u00f6z\u0151 sz\u00edn\u0171 WPC l\u00e9ccel szerelve, 14 alap\u00e1ras v\u00e1z sz\u00ednben. A WPC l\u00e9cek (Wood Plastic Composite) fa-m\u0171anyag kompozitb\u00f3l k\u00e9sz\u00fclnek, amely faforg\u00e1csb\u00f3l \u00e9s k\u00fcl\u00f6nb\u00f6z\u0151 h\u0151re l\u00e1gyul\u00f3 m\u0171anyagokb\u00f3l \u00e1llnak. A kompozit fatartalma 60%. Ellen\u00e1llnak a korr\u00f3zi\u00f3nak \u00e9s&nbsp;...\" \/>\n<meta property=\"og:url\" content=\"https:\/\/alexbutor.hu\/oltozobutor\/valaszthato-lec-es-vazszinek\/\" \/>\n<meta property=\"og:site_name\" content=\"\u00d6lt\u00f6z\u0151b\u00fator\" \/>\n<meta property=\"article:modified_time\" content=\"2020-06-11T11:22:32+00:00\" \/>\n<meta property=\"og:image\" content=\"https:\/\/alexbutor.hu\/oltozobutor\/wp-content\/uploads\/2020\/06\/wpcfejlec.jpg\" \/>\n\t<meta property=\"og:image:width\" content=\"1821\" \/>\n\t<meta property=\"og:image:height\" content=\"685\" \/>\n\t<meta property=\"og:image:type\" content=\"image\/jpeg\" \/>\n<meta name=\"twitter:card\" content=\"summary_large_image\" \/>\n<meta name=\"twitter:label1\" content=\"Becs\u00fclt olvas\u00e1si id\u0151\" \/>\n\t<meta name=\"twitter:data1\" content=\"1 perc\" \/>\n<script type=\"application\/ld+json\" class=\"yoast-schema-graph\">{\"@context\":\"https:\/\/schema.org\",\"@graph\":[{\"@type\":\"WebPage\",\"@id\":\"https:\/\/alexbutor.hu\/oltozobutor\/valaszthato-lec-es-vazszinek\/\",\"url\":\"https:\/\/alexbutor.hu\/oltozobutor\/valaszthato-lec-es-vazszinek\/\",\"name\":\"V\u00e1laszthat\u00f3 l\u00e9c \u00e9s v\u00e1zsz\u00ednek - \u00d6lt\u00f6z\u0151b\u00fator\",\"isPartOf\":{\"@id\":\"https:\/\/alexbutor.hu\/oltozobutor\/#website\"},\"primaryImageOfPage\":{\"@id\":\"https:\/\/alexbutor.hu\/oltozobutor\/valaszthato-lec-es-vazszinek\/#primaryimage\"},\"image\":{\"@id\":\"https:\/\/alexbutor.hu\/oltozobutor\/valaszthato-lec-es-vazszinek\/#primaryimage\"},\"thumbnailUrl\":\"https:\/\/alexbutor.hu\/oltozobutor\/wp-content\/uploads\/2020\/06\/wpcfejlec.jpg\",\"datePublished\":\"2020-06-11T10:07:43+00:00\",\"dateModified\":\"2020-06-11T11:22:32+00:00\",\"breadcrumb\":{\"@id\":\"https:\/\/alexbutor.hu\/oltozobutor\/valaszthato-lec-es-vazszinek\/#breadcrumb\"},\"inLanguage\":\"hu\",\"potentialAction\":[{\"@type\":\"ReadAction\",\"target\":[\"https:\/\/alexbutor.hu\/oltozobutor\/valaszthato-lec-es-vazszinek\/\"]}]},{\"@type\":\"ImageObject\",\"inLanguage\":\"hu\",\"@id\":\"https:\/\/alexbutor.hu\/oltozobutor\/valaszthato-lec-es-vazszinek\/#primaryimage\",\"url\":\"https:\/\/alexbutor.hu\/oltozobutor\/wp-content\/uploads\/2020\/06\/wpcfejlec.jpg\",\"contentUrl\":\"https:\/\/alexbutor.hu\/oltozobutor\/wp-content\/uploads\/2020\/06\/wpcfejlec.jpg\",\"width\":1821,\"height\":685},{\"@type\":\"BreadcrumbList\",\"@id\":\"https:\/\/alexbutor.hu\/oltozobutor\/valaszthato-lec-es-vazszinek\/#breadcrumb\",\"itemListElement\":[{\"@type\":\"ListItem\",\"position\":1,\"name\":\"Home\",\"item\":\"https:\/\/alexbutor.hu\/oltozobutor\/\"},{\"@type\":\"ListItem\",\"position\":2,\"name\":\"V\u00e1laszthat\u00f3 l\u00e9c \u00e9s v\u00e1zsz\u00ednek\"}]},{\"@type\":\"WebSite\",\"@id\":\"https:\/\/alexbutor.hu\/oltozobutor\/#website\",\"url\":\"https:\/\/alexbutor.hu\/oltozobutor\/\",\"name\":\"\u00d6lt\u00f6z\u0151b\u00fator\",\"description\":\"Minden t\u00e9rben megold\u00e1s\",\"potentialAction\":[{\"@type\":\"SearchAction\",\"target\":{\"@type\":\"EntryPoint\",\"urlTemplate\":\"https:\/\/alexbutor.hu\/oltozobutor\/?s={search_term_string}\"},\"query-input\":{\"@type\":\"PropertyValueSpecification\",\"valueRequired\":true,\"valueName\":\"search_term_string\"}}],\"inLanguage\":\"hu\"}]}<\/script>\n<!-- \/ Yoast SEO plugin. -->","yoast_head_json":{"title":"V\u00e1laszthat\u00f3 l\u00e9c \u00e9s v\u00e1zsz\u00ednek - \u00d6lt\u00f6z\u0151b\u00fator","robots":{"index":"index","follow":"follow","max-snippet":"max-snippet:-1","max-image-preview":"max-image-preview:large","max-video-preview":"max-video-preview:-1"},"canonical":"https:\/\/alexbutor.hu\/oltozobutor\/valaszthato-lec-es-vazszinek\/","og_locale":"hu_HU","og_type":"article","og_title":"V\u00e1laszthat\u00f3 l\u00e9c \u00e9s v\u00e1zsz\u00ednek - \u00d6lt\u00f6z\u0151b\u00fator","og_description":"V\u00e1s\u00e1rl\u00f3ink visszajelz\u00e9seit figyelembe v\u00e9ve Fitt \u00f6lt\u00f6z\u0151padjaink el\u00e9rhet\u0151ek 3 t\u00edpusban: t\u00e1mla n\u00e9lk\u00fcli, egyoldalas t\u00e1ml\u00e1s \u00e9s k\u00e9toldalas t\u00e1ml\u00e1s kivitelben, 3 m\u00e9retben: 120, 150 \u00e9s 190 cm sz\u00e9less\u00e9gben. 5 k\u00fcl\u00f6nb\u00f6z\u0151 sz\u00edn\u0171 WPC l\u00e9ccel szerelve, 14 alap\u00e1ras v\u00e1z sz\u00ednben. A WPC l\u00e9cek (Wood Plastic Composite) fa-m\u0171anyag kompozitb\u00f3l k\u00e9sz\u00fclnek, amely faforg\u00e1csb\u00f3l \u00e9s k\u00fcl\u00f6nb\u00f6z\u0151 h\u0151re l\u00e1gyul\u00f3 m\u0171anyagokb\u00f3l \u00e1llnak. A kompozit fatartalma 60%. Ellen\u00e1llnak a korr\u00f3zi\u00f3nak \u00e9s&nbsp;...","og_url":"https:\/\/alexbutor.hu\/oltozobutor\/valaszthato-lec-es-vazszinek\/","og_site_name":"\u00d6lt\u00f6z\u0151b\u00fator","article_modified_time":"2020-06-11T11:22:32+00:00","og_image":[{"width":1821,"height":685,"url":"https:\/\/alexbutor.hu\/oltozobutor\/wp-content\/uploads\/2020\/06\/wpcfejlec.jpg","type":"image\/jpeg"}],"twitter_card":"summary_large_image","twitter_misc":{"Becs\u00fclt olvas\u00e1si id\u0151":"1 perc"},"schema":{"@context":"https:\/\/schema.org","@graph":[{"@type":"WebPage","@id":"https:\/\/alexbutor.hu\/oltozobutor\/valaszthato-lec-es-vazszinek\/","url":"https:\/\/alexbutor.hu\/oltozobutor\/valaszthato-lec-es-vazszinek\/","name":"V\u00e1laszthat\u00f3 l\u00e9c \u00e9s v\u00e1zsz\u00ednek - \u00d6lt\u00f6z\u0151b\u00fator","isPartOf":{"@id":"https:\/\/alexbutor.hu\/oltozobutor\/#website"},"primaryImageOfPage":{"@id":"https:\/\/alexbutor.hu\/oltozobutor\/valaszthato-lec-es-vazszinek\/#primaryimage"},"image":{"@id":"https:\/\/alexbutor.hu\/oltozobutor\/valaszthato-lec-es-vazszinek\/#primaryimage"},"thumbnailUrl":"https:\/\/alexbutor.hu\/oltozobutor\/wp-content\/uploads\/2020\/06\/wpcfejlec.jpg","datePublished":"2020-06-11T10:07:43+00:00","dateModified":"2020-06-11T11:22:32+00:00","breadcrumb":{"@id":"https:\/\/alexbutor.hu\/oltozobutor\/valaszthato-lec-es-vazszinek\/#breadcrumb"},"inLanguage":"hu","potentialAction":[{"@type":"ReadAction","target":["https:\/\/alexbutor.hu\/oltozobutor\/valaszthato-lec-es-vazszinek\/"]}]},{"@type":"ImageObject","inLanguage":"hu","@id":"https:\/\/alexbutor.hu\/oltozobutor\/valaszthato-lec-es-vazszinek\/#primaryimage","url":"https:\/\/alexbutor.hu\/oltozobutor\/wp-content\/uploads\/2020\/06\/wpcfejlec.jpg","contentUrl":"https:\/\/alexbutor.hu\/oltozobutor\/wp-content\/uploads\/2020\/06\/wpcfejlec.jpg","width":1821,"height":685},{"@type":"BreadcrumbList","@id":"https:\/\/alexbutor.hu\/oltozobutor\/valaszthato-lec-es-vazszinek\/#breadcrumb","itemListElement":[{"@type":"ListItem","position":1,"name":"Home","item":"https:\/\/alexbutor.hu\/oltozobutor\/"},{"@type":"ListItem","position":2,"name":"V\u00e1laszthat\u00f3 l\u00e9c \u00e9s v\u00e1zsz\u00ednek"}]},{"@type":"WebSite","@id":"https:\/\/alexbutor.hu\/oltozobutor\/#website","url":"https:\/\/alexbutor.hu\/oltozobutor\/","name":"\u00d6lt\u00f6z\u0151b\u00fator","description":"Minden t\u00e9rben megold\u00e1s","potentialAction":[{"@type":"SearchAction","target":{"@type":"EntryPoint","urlTemplate":"https:\/\/alexbutor.hu\/oltozobutor\/?s={search_term_string}"},"query-input":{"@type":"PropertyValueSpecification","valueRequired":true,"valueName":"search_term_string"}}],"inLanguage":"hu"}]}},"_links":{"self":[{"href":"https:\/\/alexbutor.hu\/oltozobutor\/wp-json\/wp\/v2\/pages\/41036"}],"collection":[{"href":"https:\/\/alexbutor.hu\/oltozobutor\/wp-json\/wp\/v2\/pages"}],"about":[{"href":"https:\/\/alexbutor.hu\/oltozobutor\/wp-json\/wp\/v2\/types\/page"}],"author":[{"embeddable":true,"href":"https:\/\/alexbutor.hu\/oltozobutor\/wp-json\/wp\/v2\/users\/3"}],"replies":[{"embeddable":true,"href":"https:\/\/alexbutor.hu\/oltozobutor\/wp-json\/wp\/v2\/comments?post=41036"}],"version-history":[{"count":3,"href":"https:\/\/alexbutor.hu\/oltozobutor\/wp-json\/wp\/v2\/pages\/41036\/revisions"}],"predecessor-version":[{"id":41055,"href":"https:\/\/alexbutor.hu\/oltozobutor\/wp-json\/wp\/v2\/pages\/41036\/revisions\/41055"}],"wp:featuredmedia":[{"embeddable":true,"href":"https:\/\/alexbutor.hu\/oltozobutor\/wp-json\/wp\/v2\/media\/41039"}],"wp:attachment":[{"href":"https:\/\/alexbutor.hu\/oltozobutor\/wp-json\/wp\/v2\/media?parent=41036"}],"curies":[{"name":"wp","href":"https:\/\/api.w.org\/{rel}","templated":true}]}}