{"id":42072,"date":"2021-05-03T09:41:43","date_gmt":"2021-05-03T08:41:43","guid":{"rendered":"http:\/\/alexbutor.hu\/oltozobutor\/?page_id=42072"},"modified":"2021-07-15T09:48:37","modified_gmt":"2021-07-15T08:48:37","slug":"domino","status":"publish","type":"page","link":"https:\/\/alexbutor.hu\/oltozobutor\/kategoriak\/kozossegi-ter\/lounge-butor\/domino\/","title":{"rendered":"Domin\u00f3"},"content":{"rendered":"<div class=\"yt-row\">\n<div class=\"yt-subrow yt-subrow1\">\n<iframe loading=\"lazy\" width=\"448\" height=\"252\" src=\"https:\/\/www.youtube.com\/embed\/x7YUWLPFmow\" frameborder=\"0\" allow=\"accelerometer; autoplay; clipboard-write; encrypted-media; gyroscope; picture-in-picture\" allowfullscreen><\/iframe>\n<\/div>\n<div class=\"yt-subrow yt-subrow2\">\n<p>A Domino padok kecses \u00e9s l\u00e9gies alakj\u00e1t az ar\u00e1nyok finom j\u00e1t\u00e9k\u00e1nak \u00e9s a sz\u0171k\u00edtett l\u00e1baknak k\u00f6sz\u00f6nhetik. A domin\u00f3ra eml\u00e9keztet\u0151 \u00fcl\u0151p\u00e1rn\u00e1k \u00e9s a szerkezet kialak\u00edt\u00e1s\u00e1nak k\u00f6sz\u00f6nhet\u0151en a m\u00e9retvari\u00e1ci\u00f3k j\u00e1t\u00e9kra h\u00edvnak minket. A k\u00fcl\u00f6nf\u00e9le m\u00e9reteknek k\u00f6sz\u00f6nhet\u0151en sz\u00e1mos vari\u00e1ci\u00f3ban rendezhet\u00fcnk be egy adott teret, legyen sz\u00f3 ak\u00e1r egy iroda k\u00f6z\u00f6ss\u00e9gi ter\u00e9r\u0151l vagy v\u00e1r\u00f3r\u00f3l vagy ak\u00e1r egy edz\u0151terem pihen\u0151j\u00e9r\u0151l. A b\u00fatoron elhelyezett indukci\u00f3s telefont\u00f6lt\u0151vel \u00e9s USB A \u00e9s USB C bemenetekkel nem lesz unalmas \u00e9s haszontalan a v\u00e1rakoz\u00e1s. A magas p\u00e1rn\u00e1k, a r\u00e9tegelt lemezen haszn\u00e1lt kellemes tapint\u00e1s\u00fa b\u00fatorlin\u00f3leum, a kr\u00f3mozott \u00f6nbe\u00e1ll\u00f3 talpak mind egy magasabb kateg\u00f3ri\u00e1j\u00fa min\u0151s\u00e9get k\u00e9pviselnek.<\/p>\n<\/div>\n<\/div>\n","protected":false},"excerpt":{"rendered":"<p>A Domino padok kecses \u00e9s l\u00e9gies alakj\u00e1t az ar\u00e1nyok finom j\u00e1t\u00e9k\u00e1nak \u00e9s a sz\u0171k\u00edtett l\u00e1baknak k\u00f6sz\u00f6nhetik. A domin\u00f3ra eml\u00e9keztet\u0151 \u00fcl\u0151p\u00e1rn\u00e1k \u00e9s a szerkezet kialak\u00edt\u00e1s\u00e1nak k\u00f6sz\u00f6nhet\u0151en a m\u00e9retvari\u00e1ci\u00f3k j\u00e1t\u00e9kra h\u00edvnak minket. A k\u00fcl\u00f6nf\u00e9le m\u00e9reteknek k\u00f6sz\u00f6nhet\u0151en sz\u00e1mos vari\u00e1ci\u00f3ban rendezhet\u00fcnk be egy adott teret, legyen sz\u00f3 ak\u00e1r egy iroda k\u00f6z\u00f6ss\u00e9gi ter\u00e9r\u0151l vagy v\u00e1r\u00f3r\u00f3l vagy ak\u00e1r egy edz\u0151terem pihen\u0151j\u00e9r\u0151l. A b\u00fatoron elhelyezett indukci\u00f3s telefont\u00f6lt\u0151vel&nbsp;<a href=\"https:\/\/alexbutor.hu\/oltozobutor\/kategoriak\/kozossegi-ter\/lounge-butor\/domino\/\" class=\"read-more\">...<\/a><\/p>\n","protected":false},"author":3,"featured_media":42049,"parent":31413,"menu_order":0,"comment_status":"closed","ping_status":"closed","template":"page-Portfolio4Cols-filterable.php","meta":{"footnotes":""},"class_list":["post-42072","page","type-page","status-publish","has-post-thumbnail","hentry"],"yoast_head":"<!-- This site is optimized with the Yoast SEO plugin v23.5 - https:\/\/yoast.com\/wordpress\/plugins\/seo\/ -->\n<title>Domin\u00f3 - \u00d6lt\u00f6z\u0151b\u00fator<\/title>\n<meta name=\"robots\" content=\"index, follow, max-snippet:-1, max-image-preview:large, max-video-preview:-1\" \/>\n<link rel=\"canonical\" href=\"https:\/\/alexbutor.hu\/oltozobutor\/kategoriak\/kozossegi-ter\/lounge-butor\/domino\/\" \/>\n<meta property=\"og:locale\" content=\"hu_HU\" \/>\n<meta property=\"og:type\" content=\"article\" \/>\n<meta property=\"og:title\" content=\"Domin\u00f3 - \u00d6lt\u00f6z\u0151b\u00fator\" \/>\n<meta property=\"og:description\" content=\"A Domino padok kecses \u00e9s l\u00e9gies alakj\u00e1t az ar\u00e1nyok finom j\u00e1t\u00e9k\u00e1nak \u00e9s a sz\u0171k\u00edtett l\u00e1baknak k\u00f6sz\u00f6nhetik. A domin\u00f3ra eml\u00e9keztet\u0151 \u00fcl\u0151p\u00e1rn\u00e1k \u00e9s a szerkezet kialak\u00edt\u00e1s\u00e1nak k\u00f6sz\u00f6nhet\u0151en a m\u00e9retvari\u00e1ci\u00f3k j\u00e1t\u00e9kra h\u00edvnak minket. A k\u00fcl\u00f6nf\u00e9le m\u00e9reteknek k\u00f6sz\u00f6nhet\u0151en sz\u00e1mos vari\u00e1ci\u00f3ban rendezhet\u00fcnk be egy adott teret, legyen sz\u00f3 ak\u00e1r egy iroda k\u00f6z\u00f6ss\u00e9gi ter\u00e9r\u0151l vagy v\u00e1r\u00f3r\u00f3l vagy ak\u00e1r egy edz\u0151terem pihen\u0151j\u00e9r\u0151l. A b\u00fatoron elhelyezett indukci\u00f3s telefont\u00f6lt\u0151vel&nbsp;...\" \/>\n<meta property=\"og:url\" content=\"https:\/\/alexbutor.hu\/oltozobutor\/kategoriak\/kozossegi-ter\/lounge-butor\/domino\/\" \/>\n<meta property=\"og:site_name\" content=\"\u00d6lt\u00f6z\u0151b\u00fator\" \/>\n<meta property=\"article:modified_time\" content=\"2021-07-15T08:48:37+00:00\" \/>\n<meta property=\"og:image\" content=\"https:\/\/alexbutor.hu\/oltozobutor\/wp-content\/uploads\/2021\/05\/Kategoria_kepek_800x5604.jpg\" \/>\n\t<meta property=\"og:image:width\" content=\"800\" \/>\n\t<meta property=\"og:image:height\" content=\"560\" \/>\n\t<meta property=\"og:image:type\" content=\"image\/jpeg\" \/>\n<meta name=\"twitter:card\" content=\"summary_large_image\" \/>\n<meta name=\"twitter:label1\" content=\"Becs\u00fclt olvas\u00e1si id\u0151\" \/>\n\t<meta name=\"twitter:data1\" content=\"1 perc\" \/>\n<script type=\"application\/ld+json\" class=\"yoast-schema-graph\">{\"@context\":\"https:\/\/schema.org\",\"@graph\":[{\"@type\":\"WebPage\",\"@id\":\"https:\/\/alexbutor.hu\/oltozobutor\/kategoriak\/kozossegi-ter\/lounge-butor\/domino\/\",\"url\":\"https:\/\/alexbutor.hu\/oltozobutor\/kategoriak\/kozossegi-ter\/lounge-butor\/domino\/\",\"name\":\"Domin\u00f3 - \u00d6lt\u00f6z\u0151b\u00fator\",\"isPartOf\":{\"@id\":\"https:\/\/alexbutor.hu\/oltozobutor\/#website\"},\"primaryImageOfPage\":{\"@id\":\"https:\/\/alexbutor.hu\/oltozobutor\/kategoriak\/kozossegi-ter\/lounge-butor\/domino\/#primaryimage\"},\"image\":{\"@id\":\"https:\/\/alexbutor.hu\/oltozobutor\/kategoriak\/kozossegi-ter\/lounge-butor\/domino\/#primaryimage\"},\"thumbnailUrl\":\"https:\/\/alexbutor.hu\/oltozobutor\/wp-content\/uploads\/2021\/05\/Kategoria_kepek_800x5604.jpg\",\"datePublished\":\"2021-05-03T08:41:43+00:00\",\"dateModified\":\"2021-07-15T08:48:37+00:00\",\"breadcrumb\":{\"@id\":\"https:\/\/alexbutor.hu\/oltozobutor\/kategoriak\/kozossegi-ter\/lounge-butor\/domino\/#breadcrumb\"},\"inLanguage\":\"hu\",\"potentialAction\":[{\"@type\":\"ReadAction\",\"target\":[\"https:\/\/alexbutor.hu\/oltozobutor\/kategoriak\/kozossegi-ter\/lounge-butor\/domino\/\"]}]},{\"@type\":\"ImageObject\",\"inLanguage\":\"hu\",\"@id\":\"https:\/\/alexbutor.hu\/oltozobutor\/kategoriak\/kozossegi-ter\/lounge-butor\/domino\/#primaryimage\",\"url\":\"https:\/\/alexbutor.hu\/oltozobutor\/wp-content\/uploads\/2021\/05\/Kategoria_kepek_800x5604.jpg\",\"contentUrl\":\"https:\/\/alexbutor.hu\/oltozobutor\/wp-content\/uploads\/2021\/05\/Kategoria_kepek_800x5604.jpg\",\"width\":800,\"height\":560},{\"@type\":\"BreadcrumbList\",\"@id\":\"https:\/\/alexbutor.hu\/oltozobutor\/kategoriak\/kozossegi-ter\/lounge-butor\/domino\/#breadcrumb\",\"itemListElement\":[{\"@type\":\"ListItem\",\"position\":1,\"name\":\"Home\",\"item\":\"https:\/\/alexbutor.hu\/oltozobutor\/\"},{\"@type\":\"ListItem\",\"position\":2,\"name\":\"Term\u00e9kek\",\"item\":\"https:\/\/alexbutor.hu\/oltozobutor\/kategoriak\/\"},{\"@type\":\"ListItem\",\"position\":3,\"name\":\"K\u00f6z\u00f6ss\u00e9gi t\u00e9r\",\"item\":\"https:\/\/alexbutor.hu\/oltozobutor\/kategoriak\/kozossegi-ter\/\"},{\"@type\":\"ListItem\",\"position\":4,\"name\":\"Lounge b\u00fator\",\"item\":\"https:\/\/alexbutor.hu\/oltozobutor\/kategoriak\/kozossegi-ter\/lounge-butor\/\"},{\"@type\":\"ListItem\",\"position\":5,\"name\":\"Domin\u00f3\"}]},{\"@type\":\"WebSite\",\"@id\":\"https:\/\/alexbutor.hu\/oltozobutor\/#website\",\"url\":\"https:\/\/alexbutor.hu\/oltozobutor\/\",\"name\":\"\u00d6lt\u00f6z\u0151b\u00fator\",\"description\":\"Minden t\u00e9rben megold\u00e1s\",\"potentialAction\":[{\"@type\":\"SearchAction\",\"target\":{\"@type\":\"EntryPoint\",\"urlTemplate\":\"https:\/\/alexbutor.hu\/oltozobutor\/?s={search_term_string}\"},\"query-input\":{\"@type\":\"PropertyValueSpecification\",\"valueRequired\":true,\"valueName\":\"search_term_string\"}}],\"inLanguage\":\"hu\"}]}<\/script>\n<!-- \/ Yoast SEO plugin. -->","yoast_head_json":{"title":"Domin\u00f3 - \u00d6lt\u00f6z\u0151b\u00fator","robots":{"index":"index","follow":"follow","max-snippet":"max-snippet:-1","max-image-preview":"max-image-preview:large","max-video-preview":"max-video-preview:-1"},"canonical":"https:\/\/alexbutor.hu\/oltozobutor\/kategoriak\/kozossegi-ter\/lounge-butor\/domino\/","og_locale":"hu_HU","og_type":"article","og_title":"Domin\u00f3 - \u00d6lt\u00f6z\u0151b\u00fator","og_description":"A Domino padok kecses \u00e9s l\u00e9gies alakj\u00e1t az ar\u00e1nyok finom j\u00e1t\u00e9k\u00e1nak \u00e9s a sz\u0171k\u00edtett l\u00e1baknak k\u00f6sz\u00f6nhetik. A domin\u00f3ra eml\u00e9keztet\u0151 \u00fcl\u0151p\u00e1rn\u00e1k \u00e9s a szerkezet kialak\u00edt\u00e1s\u00e1nak k\u00f6sz\u00f6nhet\u0151en a m\u00e9retvari\u00e1ci\u00f3k j\u00e1t\u00e9kra h\u00edvnak minket. A k\u00fcl\u00f6nf\u00e9le m\u00e9reteknek k\u00f6sz\u00f6nhet\u0151en sz\u00e1mos vari\u00e1ci\u00f3ban rendezhet\u00fcnk be egy adott teret, legyen sz\u00f3 ak\u00e1r egy iroda k\u00f6z\u00f6ss\u00e9gi ter\u00e9r\u0151l vagy v\u00e1r\u00f3r\u00f3l vagy ak\u00e1r egy edz\u0151terem pihen\u0151j\u00e9r\u0151l. A b\u00fatoron elhelyezett indukci\u00f3s telefont\u00f6lt\u0151vel&nbsp;...","og_url":"https:\/\/alexbutor.hu\/oltozobutor\/kategoriak\/kozossegi-ter\/lounge-butor\/domino\/","og_site_name":"\u00d6lt\u00f6z\u0151b\u00fator","article_modified_time":"2021-07-15T08:48:37+00:00","og_image":[{"width":800,"height":560,"url":"https:\/\/alexbutor.hu\/oltozobutor\/wp-content\/uploads\/2021\/05\/Kategoria_kepek_800x5604.jpg","type":"image\/jpeg"}],"twitter_card":"summary_large_image","twitter_misc":{"Becs\u00fclt olvas\u00e1si id\u0151":"1 perc"},"schema":{"@context":"https:\/\/schema.org","@graph":[{"@type":"WebPage","@id":"https:\/\/alexbutor.hu\/oltozobutor\/kategoriak\/kozossegi-ter\/lounge-butor\/domino\/","url":"https:\/\/alexbutor.hu\/oltozobutor\/kategoriak\/kozossegi-ter\/lounge-butor\/domino\/","name":"Domin\u00f3 - \u00d6lt\u00f6z\u0151b\u00fator","isPartOf":{"@id":"https:\/\/alexbutor.hu\/oltozobutor\/#website"},"primaryImageOfPage":{"@id":"https:\/\/alexbutor.hu\/oltozobutor\/kategoriak\/kozossegi-ter\/lounge-butor\/domino\/#primaryimage"},"image":{"@id":"https:\/\/alexbutor.hu\/oltozobutor\/kategoriak\/kozossegi-ter\/lounge-butor\/domino\/#primaryimage"},"thumbnailUrl":"https:\/\/alexbutor.hu\/oltozobutor\/wp-content\/uploads\/2021\/05\/Kategoria_kepek_800x5604.jpg","datePublished":"2021-05-03T08:41:43+00:00","dateModified":"2021-07-15T08:48:37+00:00","breadcrumb":{"@id":"https:\/\/alexbutor.hu\/oltozobutor\/kategoriak\/kozossegi-ter\/lounge-butor\/domino\/#breadcrumb"},"inLanguage":"hu","potentialAction":[{"@type":"ReadAction","target":["https:\/\/alexbutor.hu\/oltozobutor\/kategoriak\/kozossegi-ter\/lounge-butor\/domino\/"]}]},{"@type":"ImageObject","inLanguage":"hu","@id":"https:\/\/alexbutor.hu\/oltozobutor\/kategoriak\/kozossegi-ter\/lounge-butor\/domino\/#primaryimage","url":"https:\/\/alexbutor.hu\/oltozobutor\/wp-content\/uploads\/2021\/05\/Kategoria_kepek_800x5604.jpg","contentUrl":"https:\/\/alexbutor.hu\/oltozobutor\/wp-content\/uploads\/2021\/05\/Kategoria_kepek_800x5604.jpg","width":800,"height":560},{"@type":"BreadcrumbList","@id":"https:\/\/alexbutor.hu\/oltozobutor\/kategoriak\/kozossegi-ter\/lounge-butor\/domino\/#breadcrumb","itemListElement":[{"@type":"ListItem","position":1,"name":"Home","item":"https:\/\/alexbutor.hu\/oltozobutor\/"},{"@type":"ListItem","position":2,"name":"Term\u00e9kek","item":"https:\/\/alexbutor.hu\/oltozobutor\/kategoriak\/"},{"@type":"ListItem","position":3,"name":"K\u00f6z\u00f6ss\u00e9gi t\u00e9r","item":"https:\/\/alexbutor.hu\/oltozobutor\/kategoriak\/kozossegi-ter\/"},{"@type":"ListItem","position":4,"name":"Lounge b\u00fator","item":"https:\/\/alexbutor.hu\/oltozobutor\/kategoriak\/kozossegi-ter\/lounge-butor\/"},{"@type":"ListItem","position":5,"name":"Domin\u00f3"}]},{"@type":"WebSite","@id":"https:\/\/alexbutor.hu\/oltozobutor\/#website","url":"https:\/\/alexbutor.hu\/oltozobutor\/","name":"\u00d6lt\u00f6z\u0151b\u00fator","description":"Minden t\u00e9rben megold\u00e1s","potentialAction":[{"@type":"SearchAction","target":{"@type":"EntryPoint","urlTemplate":"https:\/\/alexbutor.hu\/oltozobutor\/?s={search_term_string}"},"query-input":{"@type":"PropertyValueSpecification","valueRequired":true,"valueName":"search_term_string"}}],"inLanguage":"hu"}]}},"_links":{"self":[{"href":"https:\/\/alexbutor.hu\/oltozobutor\/wp-json\/wp\/v2\/pages\/42072"}],"collection":[{"href":"https:\/\/alexbutor.hu\/oltozobutor\/wp-json\/wp\/v2\/pages"}],"about":[{"href":"https:\/\/alexbutor.hu\/oltozobutor\/wp-json\/wp\/v2\/types\/page"}],"author":[{"embeddable":true,"href":"https:\/\/alexbutor.hu\/oltozobutor\/wp-json\/wp\/v2\/users\/3"}],"replies":[{"embeddable":true,"href":"https:\/\/alexbutor.hu\/oltozobutor\/wp-json\/wp\/v2\/comments?post=42072"}],"version-history":[{"count":3,"href":"https:\/\/alexbutor.hu\/oltozobutor\/wp-json\/wp\/v2\/pages\/42072\/revisions"}],"predecessor-version":[{"id":47928,"href":"https:\/\/alexbutor.hu\/oltozobutor\/wp-json\/wp\/v2\/pages\/42072\/revisions\/47928"}],"up":[{"embeddable":true,"href":"https:\/\/alexbutor.hu\/oltozobutor\/wp-json\/wp\/v2\/pages\/31413"}],"wp:featuredmedia":[{"embeddable":true,"href":"https:\/\/alexbutor.hu\/oltozobutor\/wp-json\/wp\/v2\/media\/42049"}],"wp:attachment":[{"href":"https:\/\/alexbutor.hu\/oltozobutor\/wp-json\/wp\/v2\/media?parent=42072"}],"curies":[{"name":"wp","href":"https:\/\/api.w.org\/{rel}","templated":true}]}}