{"id":42078,"date":"2021-05-03T09:44:08","date_gmt":"2021-05-03T08:44:08","guid":{"rendered":"http:\/\/alexbutor.hu\/oltozobutor\/?page_id=42078"},"modified":"2021-05-03T09:44:08","modified_gmt":"2021-05-03T08:44:08","slug":"ps-boksz","status":"publish","type":"page","link":"https:\/\/alexbutor.hu\/oltozobutor\/kategoriak\/kozossegi-ter\/lounge-butor\/ps-boksz\/","title":{"rendered":"PS -BOKSZ"},"content":{"rendered":"","protected":false},"excerpt":{"rendered":"","protected":false},"author":3,"featured_media":42052,"parent":31413,"menu_order":0,"comment_status":"closed","ping_status":"closed","template":"page-Portfolio4Cols-filterable.php","meta":{"footnotes":""},"class_list":["post-42078","page","type-page","status-publish","has-post-thumbnail","hentry"],"yoast_head":"<!-- This site is optimized with the Yoast SEO plugin v23.5 - https:\/\/yoast.com\/wordpress\/plugins\/seo\/ -->\n<title>PS -BOKSZ - \u00d6lt\u00f6z\u0151b\u00fator<\/title>\n<meta name=\"robots\" content=\"index, follow, max-snippet:-1, max-image-preview:large, max-video-preview:-1\" \/>\n<link rel=\"canonical\" href=\"https:\/\/alexbutor.hu\/oltozobutor\/kategoriak\/kozossegi-ter\/lounge-butor\/ps-boksz\/\" \/>\n<meta property=\"og:locale\" content=\"hu_HU\" \/>\n<meta property=\"og:type\" content=\"article\" \/>\n<meta property=\"og:title\" content=\"PS -BOKSZ - \u00d6lt\u00f6z\u0151b\u00fator\" \/>\n<meta property=\"og:url\" content=\"https:\/\/alexbutor.hu\/oltozobutor\/kategoriak\/kozossegi-ter\/lounge-butor\/ps-boksz\/\" \/>\n<meta property=\"og:site_name\" content=\"\u00d6lt\u00f6z\u0151b\u00fator\" \/>\n<meta property=\"og:image\" content=\"https:\/\/alexbutor.hu\/oltozobutor\/wp-content\/uploads\/2021\/05\/Kategoria_kepek_800x5607.jpg\" \/>\n\t<meta property=\"og:image:width\" content=\"800\" \/>\n\t<meta property=\"og:image:height\" content=\"560\" \/>\n\t<meta property=\"og:image:type\" content=\"image\/jpeg\" \/>\n<meta name=\"twitter:card\" content=\"summary_large_image\" \/>\n<script type=\"application\/ld+json\" class=\"yoast-schema-graph\">{\"@context\":\"https:\/\/schema.org\",\"@graph\":[{\"@type\":\"WebPage\",\"@id\":\"https:\/\/alexbutor.hu\/oltozobutor\/kategoriak\/kozossegi-ter\/lounge-butor\/ps-boksz\/\",\"url\":\"https:\/\/alexbutor.hu\/oltozobutor\/kategoriak\/kozossegi-ter\/lounge-butor\/ps-boksz\/\",\"name\":\"PS -BOKSZ - \u00d6lt\u00f6z\u0151b\u00fator\",\"isPartOf\":{\"@id\":\"https:\/\/alexbutor.hu\/oltozobutor\/#website\"},\"primaryImageOfPage\":{\"@id\":\"https:\/\/alexbutor.hu\/oltozobutor\/kategoriak\/kozossegi-ter\/lounge-butor\/ps-boksz\/#primaryimage\"},\"image\":{\"@id\":\"https:\/\/alexbutor.hu\/oltozobutor\/kategoriak\/kozossegi-ter\/lounge-butor\/ps-boksz\/#primaryimage\"},\"thumbnailUrl\":\"https:\/\/alexbutor.hu\/oltozobutor\/wp-content\/uploads\/2021\/05\/Kategoria_kepek_800x5607.jpg\",\"datePublished\":\"2021-05-03T08:44:08+00:00\",\"dateModified\":\"2021-05-03T08:44:08+00:00\",\"breadcrumb\":{\"@id\":\"https:\/\/alexbutor.hu\/oltozobutor\/kategoriak\/kozossegi-ter\/lounge-butor\/ps-boksz\/#breadcrumb\"},\"inLanguage\":\"hu\",\"potentialAction\":[{\"@type\":\"ReadAction\",\"target\":[\"https:\/\/alexbutor.hu\/oltozobutor\/kategoriak\/kozossegi-ter\/lounge-butor\/ps-boksz\/\"]}]},{\"@type\":\"ImageObject\",\"inLanguage\":\"hu\",\"@id\":\"https:\/\/alexbutor.hu\/oltozobutor\/kategoriak\/kozossegi-ter\/lounge-butor\/ps-boksz\/#primaryimage\",\"url\":\"https:\/\/alexbutor.hu\/oltozobutor\/wp-content\/uploads\/2021\/05\/Kategoria_kepek_800x5607.jpg\",\"contentUrl\":\"https:\/\/alexbutor.hu\/oltozobutor\/wp-content\/uploads\/2021\/05\/Kategoria_kepek_800x5607.jpg\",\"width\":800,\"height\":560},{\"@type\":\"BreadcrumbList\",\"@id\":\"https:\/\/alexbutor.hu\/oltozobutor\/kategoriak\/kozossegi-ter\/lounge-butor\/ps-boksz\/#breadcrumb\",\"itemListElement\":[{\"@type\":\"ListItem\",\"position\":1,\"name\":\"Home\",\"item\":\"https:\/\/alexbutor.hu\/oltozobutor\/\"},{\"@type\":\"ListItem\",\"position\":2,\"name\":\"Term\u00e9kek\",\"item\":\"https:\/\/alexbutor.hu\/oltozobutor\/kategoriak\/\"},{\"@type\":\"ListItem\",\"position\":3,\"name\":\"K\u00f6z\u00f6ss\u00e9gi t\u00e9r\",\"item\":\"https:\/\/alexbutor.hu\/oltozobutor\/kategoriak\/kozossegi-ter\/\"},{\"@type\":\"ListItem\",\"position\":4,\"name\":\"Lounge b\u00fator\",\"item\":\"https:\/\/alexbutor.hu\/oltozobutor\/kategoriak\/kozossegi-ter\/lounge-butor\/\"},{\"@type\":\"ListItem\",\"position\":5,\"name\":\"PS -BOKSZ\"}]},{\"@type\":\"WebSite\",\"@id\":\"https:\/\/alexbutor.hu\/oltozobutor\/#website\",\"url\":\"https:\/\/alexbutor.hu\/oltozobutor\/\",\"name\":\"\u00d6lt\u00f6z\u0151b\u00fator\",\"description\":\"Minden t\u00e9rben megold\u00e1s\",\"potentialAction\":[{\"@type\":\"SearchAction\",\"target\":{\"@type\":\"EntryPoint\",\"urlTemplate\":\"https:\/\/alexbutor.hu\/oltozobutor\/?s={search_term_string}\"},\"query-input\":{\"@type\":\"PropertyValueSpecification\",\"valueRequired\":true,\"valueName\":\"search_term_string\"}}],\"inLanguage\":\"hu\"}]}<\/script>\n<!-- \/ Yoast SEO plugin. -->","yoast_head_json":{"title":"PS -BOKSZ - \u00d6lt\u00f6z\u0151b\u00fator","robots":{"index":"index","follow":"follow","max-snippet":"max-snippet:-1","max-image-preview":"max-image-preview:large","max-video-preview":"max-video-preview:-1"},"canonical":"https:\/\/alexbutor.hu\/oltozobutor\/kategoriak\/kozossegi-ter\/lounge-butor\/ps-boksz\/","og_locale":"hu_HU","og_type":"article","og_title":"PS -BOKSZ - \u00d6lt\u00f6z\u0151b\u00fator","og_url":"https:\/\/alexbutor.hu\/oltozobutor\/kategoriak\/kozossegi-ter\/lounge-butor\/ps-boksz\/","og_site_name":"\u00d6lt\u00f6z\u0151b\u00fator","og_image":[{"width":800,"height":560,"url":"https:\/\/alexbutor.hu\/oltozobutor\/wp-content\/uploads\/2021\/05\/Kategoria_kepek_800x5607.jpg","type":"image\/jpeg"}],"twitter_card":"summary_large_image","schema":{"@context":"https:\/\/schema.org","@graph":[{"@type":"WebPage","@id":"https:\/\/alexbutor.hu\/oltozobutor\/kategoriak\/kozossegi-ter\/lounge-butor\/ps-boksz\/","url":"https:\/\/alexbutor.hu\/oltozobutor\/kategoriak\/kozossegi-ter\/lounge-butor\/ps-boksz\/","name":"PS -BOKSZ - \u00d6lt\u00f6z\u0151b\u00fator","isPartOf":{"@id":"https:\/\/alexbutor.hu\/oltozobutor\/#website"},"primaryImageOfPage":{"@id":"https:\/\/alexbutor.hu\/oltozobutor\/kategoriak\/kozossegi-ter\/lounge-butor\/ps-boksz\/#primaryimage"},"image":{"@id":"https:\/\/alexbutor.hu\/oltozobutor\/kategoriak\/kozossegi-ter\/lounge-butor\/ps-boksz\/#primaryimage"},"thumbnailUrl":"https:\/\/alexbutor.hu\/oltozobutor\/wp-content\/uploads\/2021\/05\/Kategoria_kepek_800x5607.jpg","datePublished":"2021-05-03T08:44:08+00:00","dateModified":"2021-05-03T08:44:08+00:00","breadcrumb":{"@id":"https:\/\/alexbutor.hu\/oltozobutor\/kategoriak\/kozossegi-ter\/lounge-butor\/ps-boksz\/#breadcrumb"},"inLanguage":"hu","potentialAction":[{"@type":"ReadAction","target":["https:\/\/alexbutor.hu\/oltozobutor\/kategoriak\/kozossegi-ter\/lounge-butor\/ps-boksz\/"]}]},{"@type":"ImageObject","inLanguage":"hu","@id":"https:\/\/alexbutor.hu\/oltozobutor\/kategoriak\/kozossegi-ter\/lounge-butor\/ps-boksz\/#primaryimage","url":"https:\/\/alexbutor.hu\/oltozobutor\/wp-content\/uploads\/2021\/05\/Kategoria_kepek_800x5607.jpg","contentUrl":"https:\/\/alexbutor.hu\/oltozobutor\/wp-content\/uploads\/2021\/05\/Kategoria_kepek_800x5607.jpg","width":800,"height":560},{"@type":"BreadcrumbList","@id":"https:\/\/alexbutor.hu\/oltozobutor\/kategoriak\/kozossegi-ter\/lounge-butor\/ps-boksz\/#breadcrumb","itemListElement":[{"@type":"ListItem","position":1,"name":"Home","item":"https:\/\/alexbutor.hu\/oltozobutor\/"},{"@type":"ListItem","position":2,"name":"Term\u00e9kek","item":"https:\/\/alexbutor.hu\/oltozobutor\/kategoriak\/"},{"@type":"ListItem","position":3,"name":"K\u00f6z\u00f6ss\u00e9gi t\u00e9r","item":"https:\/\/alexbutor.hu\/oltozobutor\/kategoriak\/kozossegi-ter\/"},{"@type":"ListItem","position":4,"name":"Lounge b\u00fator","item":"https:\/\/alexbutor.hu\/oltozobutor\/kategoriak\/kozossegi-ter\/lounge-butor\/"},{"@type":"ListItem","position":5,"name":"PS -BOKSZ"}]},{"@type":"WebSite","@id":"https:\/\/alexbutor.hu\/oltozobutor\/#website","url":"https:\/\/alexbutor.hu\/oltozobutor\/","name":"\u00d6lt\u00f6z\u0151b\u00fator","description":"Minden t\u00e9rben megold\u00e1s","potentialAction":[{"@type":"SearchAction","target":{"@type":"EntryPoint","urlTemplate":"https:\/\/alexbutor.hu\/oltozobutor\/?s={search_term_string}"},"query-input":{"@type":"PropertyValueSpecification","valueRequired":true,"valueName":"search_term_string"}}],"inLanguage":"hu"}]}},"_links":{"self":[{"href":"https:\/\/alexbutor.hu\/oltozobutor\/wp-json\/wp\/v2\/pages\/42078"}],"collection":[{"href":"https:\/\/alexbutor.hu\/oltozobutor\/wp-json\/wp\/v2\/pages"}],"about":[{"href":"https:\/\/alexbutor.hu\/oltozobutor\/wp-json\/wp\/v2\/types\/page"}],"author":[{"embeddable":true,"href":"https:\/\/alexbutor.hu\/oltozobutor\/wp-json\/wp\/v2\/users\/3"}],"replies":[{"embeddable":true,"href":"https:\/\/alexbutor.hu\/oltozobutor\/wp-json\/wp\/v2\/comments?post=42078"}],"version-history":[{"count":1,"href":"https:\/\/alexbutor.hu\/oltozobutor\/wp-json\/wp\/v2\/pages\/42078\/revisions"}],"predecessor-version":[{"id":42079,"href":"https:\/\/alexbutor.hu\/oltozobutor\/wp-json\/wp\/v2\/pages\/42078\/revisions\/42079"}],"up":[{"embeddable":true,"href":"https:\/\/alexbutor.hu\/oltozobutor\/wp-json\/wp\/v2\/pages\/31413"}],"wp:featuredmedia":[{"embeddable":true,"href":"https:\/\/alexbutor.hu\/oltozobutor\/wp-json\/wp\/v2\/media\/42052"}],"wp:attachment":[{"href":"https:\/\/alexbutor.hu\/oltozobutor\/wp-json\/wp\/v2\/media?parent=42078"}],"curies":[{"name":"wp","href":"https:\/\/api.w.org\/{rel}","templated":true}]}}